{"id":5910,"date":"2023-04-19T13:36:08","date_gmt":"2023-04-19T11:36:08","guid":{"rendered":"https:\/\/www.kliinikum.ee\/lastekliinik\/?page_id=5910"},"modified":"2026-01-07T12:14:08","modified_gmt":"2026-01-07T10:14:08","slug":"parkimine","status":"publish","type":"page","link":"https:\/\/www.kliinikum.ee\/lastekliinik\/patsiendile\/parkimine\/","title":{"rendered":"Parkimine"},"content":{"rendered":"\n<p class=\"has-medium-font-size\">Parkimiskorralduse leiate <a href=\"https:\/\/www.kliinikum.ee\/patsiendile\/parkimine\/\">SIIT<\/a>.<\/p>\n\n\n\n<p class=\"has-medium-font-size\">Vaata lisainfo&nbsp;<a href=\"https:\/\/europark.ee\/\">europark.ee<\/a><\/p>\n\n\n\n<p class=\"has-medium-font-size\"><a href=\"https:\/\/www.parkimine.ee\/parkimisinfo\/viivistasuotsus-ja-leppetrahv\/leppetrahv\/\">Leppetrahvide vaidlustamine<\/a><\/p>\n\n\n\n<figure class=\"wp-block-image size-full\"><img loading=\"lazy\" decoding=\"async\" width=\"815\" height=\"708\" src=\"https:\/\/www.kliinikum.ee\/lastekliinik\/wp-content\/uploads\/2026\/01\/Hoiva.png\" alt=\"\" class=\"wp-image-6741\" srcset=\"https:\/\/www.kliinikum.ee\/lastekliinik\/wp-content\/uploads\/2026\/01\/Hoiva.png 815w, https:\/\/www.kliinikum.ee\/lastekliinik\/wp-content\/uploads\/2026\/01\/Hoiva-300x261.png 300w, https:\/\/www.kliinikum.ee\/lastekliinik\/wp-content\/uploads\/2026\/01\/Hoiva-768x667.png 768w\" sizes=\"auto, (max-width: 815px) 100vw, 815px\" \/><\/figure>\n","protected":false},"excerpt":{"rendered":"<p>Parkimiskorralduse leiate SIIT. Vaata lisainfo&nbsp;europark.ee Leppetrahvide vaidlustamine<\/p>\n","protected":false},"author":35,"featured_media":0,"parent":15,"menu_order":5,"comment_status":"closed","ping_status":"closed","template":"","meta":{"_acf_changed":false,"_uag_custom_page_level_css":"","footnotes":""},"class_list":["post-5910","page","type-page","status-publish","hentry"],"acf":[],"yoast_head":"<!-- This site is optimized with the Yoast SEO plugin v27.5 - https:\/\/yoast.com\/product\/yoast-seo-wordpress\/ -->\n<title>Parkimine - Lastekliinik<\/title>\n<meta name=\"robots\" content=\"index, follow, max-snippet:-1, max-image-preview:large, max-video-preview:-1\" \/>\n<link rel=\"canonical\" href=\"https:\/\/www.kliinikum.ee\/lastekliinik\/patsiendile\/parkimine\/\" \/>\n<meta property=\"og:locale\" content=\"et_EE\" \/>\n<meta property=\"og:type\" content=\"article\" \/>\n<meta property=\"og:title\" content=\"Parkimine - Lastekliinik\" \/>\n<meta property=\"og:description\" content=\"Parkimiskorralduse leiate SIIT. Vaata lisainfo&nbsp;europark.ee Leppetrahvide vaidlustamine\" \/>\n<meta property=\"og:url\" content=\"https:\/\/www.kliinikum.ee\/lastekliinik\/patsiendile\/parkimine\/\" \/>\n<meta property=\"og:site_name\" content=\"Lastekliinik\" \/>\n<meta property=\"article:modified_time\" content=\"2026-01-07T10:14:08+00:00\" \/>\n<meta property=\"og:image\" content=\"https:\/\/www.kliinikum.ee\/lastekliinik\/wp-content\/uploads\/2026\/01\/Hoiva.png\" \/>\n\t<meta property=\"og:image:width\" content=\"815\" \/>\n\t<meta property=\"og:image:height\" content=\"708\" \/>\n\t<meta property=\"og:image:type\" content=\"image\/png\" \/>\n<meta name=\"twitter:card\" content=\"summary_large_image\" \/>\n<meta name=\"twitter:label1\" content=\"Est. reading time\" \/>\n\t<meta name=\"twitter:data1\" content=\"1 minut\" \/>\n<script type=\"application\/ld+json\" class=\"yoast-schema-graph\">{\"@context\":\"https:\\\/\\\/schema.org\",\"@graph\":[{\"@type\":\"WebPage\",\"@id\":\"https:\\\/\\\/www.kliinikum.ee\\\/lastekliinik\\\/patsiendile\\\/parkimine\\\/\",\"url\":\"https:\\\/\\\/www.kliinikum.ee\\\/lastekliinik\\\/patsiendile\\\/parkimine\\\/\",\"name\":\"Parkimine - Lastekliinik\",\"isPartOf\":{\"@id\":\"https:\\\/\\\/www.kliinikum.ee\\\/lastekliinik\\\/#website\"},\"primaryImageOfPage\":{\"@id\":\"https:\\\/\\\/www.kliinikum.ee\\\/lastekliinik\\\/patsiendile\\\/parkimine\\\/#primaryimage\"},\"image\":{\"@id\":\"https:\\\/\\\/www.kliinikum.ee\\\/lastekliinik\\\/patsiendile\\\/parkimine\\\/#primaryimage\"},\"thumbnailUrl\":\"https:\\\/\\\/www.kliinikum.ee\\\/lastekliinik\\\/wp-content\\\/uploads\\\/2026\\\/01\\\/Hoiva.png\",\"datePublished\":\"2023-04-19T11:36:08+00:00\",\"dateModified\":\"2026-01-07T10:14:08+00:00\",\"breadcrumb\":{\"@id\":\"https:\\\/\\\/www.kliinikum.ee\\\/lastekliinik\\\/patsiendile\\\/parkimine\\\/#breadcrumb\"},\"inLanguage\":\"et\",\"potentialAction\":[{\"@type\":\"ReadAction\",\"target\":[\"https:\\\/\\\/www.kliinikum.ee\\\/lastekliinik\\\/patsiendile\\\/parkimine\\\/\"]}]},{\"@type\":\"ImageObject\",\"inLanguage\":\"et\",\"@id\":\"https:\\\/\\\/www.kliinikum.ee\\\/lastekliinik\\\/patsiendile\\\/parkimine\\\/#primaryimage\",\"url\":\"https:\\\/\\\/www.kliinikum.ee\\\/lastekliinik\\\/wp-content\\\/uploads\\\/2026\\\/01\\\/Hoiva.png\",\"contentUrl\":\"https:\\\/\\\/www.kliinikum.ee\\\/lastekliinik\\\/wp-content\\\/uploads\\\/2026\\\/01\\\/Hoiva.png\",\"width\":815,\"height\":708},{\"@type\":\"BreadcrumbList\",\"@id\":\"https:\\\/\\\/www.kliinikum.ee\\\/lastekliinik\\\/patsiendile\\\/parkimine\\\/#breadcrumb\",\"itemListElement\":[{\"@type\":\"ListItem\",\"position\":1,\"name\":\"Patsiendile\",\"item\":\"https:\\\/\\\/www.kliinikum.ee\\\/lastekliinik\\\/patsiendile\\\/\"},{\"@type\":\"ListItem\",\"position\":2,\"name\":\"Parkimine\"}]},{\"@type\":\"WebSite\",\"@id\":\"https:\\\/\\\/www.kliinikum.ee\\\/lastekliinik\\\/#website\",\"url\":\"https:\\\/\\\/www.kliinikum.ee\\\/lastekliinik\\\/\",\"name\":\"Lastekliinik\",\"description\":\"Hoolivus, Uuendusmeelsus, P\u00e4devus ja Usaldusv\u00e4\u00e4rsus\",\"potentialAction\":[{\"@type\":\"SearchAction\",\"target\":{\"@type\":\"EntryPoint\",\"urlTemplate\":\"https:\\\/\\\/www.kliinikum.ee\\\/lastekliinik\\\/?s={search_term_string}\"},\"query-input\":{\"@type\":\"PropertyValueSpecification\",\"valueRequired\":true,\"valueName\":\"search_term_string\"}}],\"inLanguage\":\"et\"}]}<\/script>\n<!-- \/ Yoast SEO plugin. -->","yoast_head_json":{"title":"Parkimine - Lastekliinik","robots":{"index":"index","follow":"follow","max-snippet":"max-snippet:-1","max-image-preview":"max-image-preview:large","max-video-preview":"max-video-preview:-1"},"canonical":"https:\/\/www.kliinikum.ee\/lastekliinik\/patsiendile\/parkimine\/","og_locale":"et_EE","og_type":"article","og_title":"Parkimine - Lastekliinik","og_description":"Parkimiskorralduse leiate SIIT. Vaata lisainfo&nbsp;europark.ee Leppetrahvide vaidlustamine","og_url":"https:\/\/www.kliinikum.ee\/lastekliinik\/patsiendile\/parkimine\/","og_site_name":"Lastekliinik","article_modified_time":"2026-01-07T10:14:08+00:00","og_image":[{"width":815,"height":708,"url":"https:\/\/www.kliinikum.ee\/lastekliinik\/wp-content\/uploads\/2026\/01\/Hoiva.png","type":"image\/png"}],"twitter_card":"summary_large_image","twitter_misc":{"Est. reading time":"1 minut"},"schema":{"@context":"https:\/\/schema.org","@graph":[{"@type":"WebPage","@id":"https:\/\/www.kliinikum.ee\/lastekliinik\/patsiendile\/parkimine\/","url":"https:\/\/www.kliinikum.ee\/lastekliinik\/patsiendile\/parkimine\/","name":"Parkimine - Lastekliinik","isPartOf":{"@id":"https:\/\/www.kliinikum.ee\/lastekliinik\/#website"},"primaryImageOfPage":{"@id":"https:\/\/www.kliinikum.ee\/lastekliinik\/patsiendile\/parkimine\/#primaryimage"},"image":{"@id":"https:\/\/www.kliinikum.ee\/lastekliinik\/patsiendile\/parkimine\/#primaryimage"},"thumbnailUrl":"https:\/\/www.kliinikum.ee\/lastekliinik\/wp-content\/uploads\/2026\/01\/Hoiva.png","datePublished":"2023-04-19T11:36:08+00:00","dateModified":"2026-01-07T10:14:08+00:00","breadcrumb":{"@id":"https:\/\/www.kliinikum.ee\/lastekliinik\/patsiendile\/parkimine\/#breadcrumb"},"inLanguage":"et","potentialAction":[{"@type":"ReadAction","target":["https:\/\/www.kliinikum.ee\/lastekliinik\/patsiendile\/parkimine\/"]}]},{"@type":"ImageObject","inLanguage":"et","@id":"https:\/\/www.kliinikum.ee\/lastekliinik\/patsiendile\/parkimine\/#primaryimage","url":"https:\/\/www.kliinikum.ee\/lastekliinik\/wp-content\/uploads\/2026\/01\/Hoiva.png","contentUrl":"https:\/\/www.kliinikum.ee\/lastekliinik\/wp-content\/uploads\/2026\/01\/Hoiva.png","width":815,"height":708},{"@type":"BreadcrumbList","@id":"https:\/\/www.kliinikum.ee\/lastekliinik\/patsiendile\/parkimine\/#breadcrumb","itemListElement":[{"@type":"ListItem","position":1,"name":"Patsiendile","item":"https:\/\/www.kliinikum.ee\/lastekliinik\/patsiendile\/"},{"@type":"ListItem","position":2,"name":"Parkimine"}]},{"@type":"WebSite","@id":"https:\/\/www.kliinikum.ee\/lastekliinik\/#website","url":"https:\/\/www.kliinikum.ee\/lastekliinik\/","name":"Lastekliinik","description":"Hoolivus, Uuendusmeelsus, P\u00e4devus ja Usaldusv\u00e4\u00e4rsus","potentialAction":[{"@type":"SearchAction","target":{"@type":"EntryPoint","urlTemplate":"https:\/\/www.kliinikum.ee\/lastekliinik\/?s={search_term_string}"},"query-input":{"@type":"PropertyValueSpecification","valueRequired":true,"valueName":"search_term_string"}}],"inLanguage":"et"}]}},"uagb_featured_image_src":{"full":false,"thumbnail":false,"medium":false,"medium_large":false,"large":false,"1536x1536":false,"2048x2048":false},"uagb_author_info":{"display_name":"Jane Freimann","author_link":"https:\/\/www.kliinikum.ee\/lastekliinik\/author\/janef\/"},"uagb_comment_info":0,"uagb_excerpt":"Parkimiskorralduse leiate SIIT. Vaata lisainfo&nbsp;europark.ee Leppetrahvide vaidlustamine","_links":{"self":[{"href":"https:\/\/www.kliinikum.ee\/lastekliinik\/wp-json\/wp\/v2\/pages\/5910","targetHints":{"allow":["GET"]}}],"collection":[{"href":"https:\/\/www.kliinikum.ee\/lastekliinik\/wp-json\/wp\/v2\/pages"}],"about":[{"href":"https:\/\/www.kliinikum.ee\/lastekliinik\/wp-json\/wp\/v2\/types\/page"}],"author":[{"embeddable":true,"href":"https:\/\/www.kliinikum.ee\/lastekliinik\/wp-json\/wp\/v2\/users\/35"}],"replies":[{"embeddable":true,"href":"https:\/\/www.kliinikum.ee\/lastekliinik\/wp-json\/wp\/v2\/comments?post=5910"}],"version-history":[{"count":0,"href":"https:\/\/www.kliinikum.ee\/lastekliinik\/wp-json\/wp\/v2\/pages\/5910\/revisions"}],"up":[{"embeddable":true,"href":"https:\/\/www.kliinikum.ee\/lastekliinik\/wp-json\/wp\/v2\/pages\/15"}],"wp:attachment":[{"href":"https:\/\/www.kliinikum.ee\/lastekliinik\/wp-json\/wp\/v2\/media?parent=5910"}],"curies":[{"name":"wp","href":"https:\/\/api.w.org\/{rel}","templated":true}]}}