{"id":6033,"date":"2023-05-19T10:23:10","date_gmt":"2023-05-19T08:23:10","guid":{"rendered":"https:\/\/www.kliinikum.ee\/lastekliinik\/?page_id=6033"},"modified":"2026-03-04T15:22:07","modified_gmt":"2026-03-04T13:22:07","slug":"vastuvott-haiglaravile","status":"publish","type":"page","link":"https:\/\/www.kliinikum.ee\/lastekliinik\/patsiendile\/vastuvott-haiglaravile\/","title":{"rendered":"Vastuv\u00f5tt haiglaravile"},"content":{"rendered":"\n<p class=\"has-medium-font-size\"><strong>Telefon: 731 9512 24 h<\/strong><\/p>\n\n\n\n<p class=\"has-medium-font-size\"><strong>Lastekliiniku  haiglaravile p\u00f6\u00f6rdujatel palume registreerida oma saabumine M-korpuse registratuuris.<\/strong><br>Registratuuris toimub vastuv\u00f5tukabinetti suunamine ning plaaniliste patsientide haiguslugude vormistamine.<\/p>\n\n\n\n<p class=\"has-medium-font-size\"><strong>M-korpuse registratuur on avatud:&nbsp;<\/strong>E-R 7.30-17.00.<\/p>\n\n\n\n<p class=\"has-medium-font-size\"><strong>M-korpuse riidehoid on avatud: E-R 7.30-18.<\/strong><br><strong>Haiglaravil viibides palun v\u00f5tke oma \u00fcleriided endaga kaasa.<\/strong><\/p>\n\n\n\n<p class=\"has-medium-font-size\"><strong>Voodip\u00e4evatasu<\/strong><br>1. aprillist 2025 kehtib statsionaarse ravi korral voodip\u00e4evatasu 5 eurot. Voodip\u00e4evatasu v\u00f5etakse iga haiglas oleku ajal alanud kalendrip\u00e4eva eest, kuid mitte rohkem kui 10 kalendrip\u00e4eva eest \u00fche haigusjuhtumi korral.<\/p>\n\n\n\n<p class=\"has-medium-font-size\">Voodip\u00e4evatasu ei tule tasuda alla 19-aastasel isikul.<\/p>\n\n\n\n<p class=\"has-medium-font-size\"><strong>Lapsega kaasas oleva lapsevanema v\u00f5i hooldaja voodip\u00e4eva maksumus<\/strong><\/p>\n\n\n\n<p class=\"has-medium-font-size\">Kui lapsevanema v\u00f5i muu tegeliku hooldaja viibimine haiglas on lapse terviseseisundi t\u00f5ttu vajalik, tasub tema majutuse voodip\u00e4eva teenuse (sh toitlustamise) eest Tervisekassa j\u00e4rgmistel juhtudel:<\/p>\n\n\n\n<ul class=\"wp-block-list\">\n<li class=\"has-medium-font-size\">alla 3-aastase lapse puhul kogu haiglas viibimise aja;<\/li>\n\n\n\n<li class=\"has-medium-font-size\">alla 16-aastase lapse puhul kuni 14 p\u00e4eva;<\/li>\n\n\n\n<li class=\"has-medium-font-size\">alla 19-aastase s\u00fcgava v\u00f5i raske puudega lapse puhul kuni 14 p\u00e4eva.<\/li>\n<\/ul>\n\n\n\n<p class=\"has-medium-font-size\"><strong>Voodip\u00e4eva teenusele lisandub<\/strong>&nbsp;<strong>lapsevanema\/hooldaja omaosalus 5 eurot p\u00e4evas<\/strong>, mis kehtib 3\u201315-aastase (k.a) lapsega koos haiglas viibivale isikule. Omaosalust ei rakendata, kui laps viibib intensiivraviosakonnas.<\/p>\n\n\n\n<p class=\"has-medium-font-size\">Kui lapse vanus v\u00f5i raviperiood ei kuulu Tervisekassa poolt rahastatava teenuse alla, on&nbsp;<strong>lapsevanema\/hooldaja voodip\u00e4eva maksumus 35 eurot p\u00e4evas ilma s\u00f6\u00f6gita, 55 eurot p\u00e4evas koos s\u00f6\u00f6giga.<\/strong><\/p>\n\n\n\n<p class=\"has-medium-font-size\">Lisainfo voodip\u00e4eva arvestuse ja erisuste kohta leiate\u00a0<a href=\"https:\/\/tervisekassa.ee\/partnerile\/raviasutusele\/tervishoiuteenuste-loetelu\" type=\"link\" id=\"https:\/\/tervisekassa.ee\/partnerile\/raviasutusele\/tervishoiuteenuste-loetelu\">Tervisekassa tervishoiuteenuste loetelust<\/a>.<\/p>\n\n\n\n<p class=\"has-medium-font-size\"><strong>Mida kliinikusse ravile tulles kaasa v\u00f5tta<\/strong><\/p>\n\n\n\n<ul class=\"wp-block-list\">\n<li class=\"has-medium-font-size\">pass\/ID kaart,<\/li>\n\n\n\n<li class=\"has-medium-font-size\">eelnevate uuringute andmed<\/li>\n\n\n\n<li class=\"has-medium-font-size\">Vahetusjalan\u00f5ud<\/li>\n\n\n\n<li class=\"has-medium-font-size\">H\u00fcgieenitarbed<\/li>\n\n\n\n<li class=\"has-medium-font-size\">Lapse lemmiklelu(d), -raamatud<\/li>\n<\/ul>\n\n\n\n<figure class=\"wp-block-image size-large\"><img loading=\"lazy\" decoding=\"async\" width=\"724\" height=\"1024\" src=\"https:\/\/www.kliinikum.ee\/lastekliinik\/wp-content\/uploads\/2025\/03\/Hoiva-724x1024.png\" alt=\"\" class=\"wp-image-6684\" srcset=\"https:\/\/www.kliinikum.ee\/lastekliinik\/wp-content\/uploads\/2025\/03\/Hoiva-724x1024.png 724w, https:\/\/www.kliinikum.ee\/lastekliinik\/wp-content\/uploads\/2025\/03\/Hoiva-212x300.png 212w, https:\/\/www.kliinikum.ee\/lastekliinik\/wp-content\/uploads\/2025\/03\/Hoiva.png 755w\" sizes=\"auto, (max-width: 724px) 100vw, 724px\" \/><\/figure>\n","protected":false},"excerpt":{"rendered":"<p>Telefon: 731 9512 24 h Lastekliiniku haiglaravile p\u00f6\u00f6rdujatel palume registreerida oma saabumine M-korpuse registratuuris.Registratuuris toimub vastuv\u00f5tukabinetti suunamine ning plaaniliste patsientide haiguslugude vormistamine. M-korpuse registratuur on avatud:&nbsp;E-R 7.30-17.00. M-korpuse riidehoid on avatud: E-R 7.30-18.Haiglaravil viibides palun v\u00f5tke oma \u00fcleriided endaga kaasa. Voodip\u00e4evatasu1. aprillist 2025 kehtib statsionaarse ravi korral voodip\u00e4evatasu 5 eurot. Voodip\u00e4evatasu v\u00f5etakse iga haiglas oleku [&hellip;]<\/p>\n","protected":false},"author":30,"featured_media":0,"parent":15,"menu_order":1,"comment_status":"closed","ping_status":"closed","template":"","meta":{"_acf_changed":false,"_uag_custom_page_level_css":"","footnotes":""},"class_list":["post-6033","page","type-page","status-publish","hentry"],"acf":[],"yoast_head":"<!-- This site is optimized with the Yoast SEO plugin v27.5 - https:\/\/yoast.com\/product\/yoast-seo-wordpress\/ -->\n<title>Vastuv\u00f5tt haiglaravile - Lastekliinik<\/title>\n<meta name=\"robots\" content=\"index, follow, max-snippet:-1, max-image-preview:large, max-video-preview:-1\" \/>\n<link rel=\"canonical\" href=\"https:\/\/www.kliinikum.ee\/lastekliinik\/patsiendile\/vastuvott-haiglaravile\/\" \/>\n<meta property=\"og:locale\" content=\"et_EE\" \/>\n<meta property=\"og:type\" content=\"article\" \/>\n<meta property=\"og:title\" content=\"Vastuv\u00f5tt haiglaravile - Lastekliinik\" \/>\n<meta property=\"og:description\" content=\"Telefon: 731 9512 24 h Lastekliiniku haiglaravile p\u00f6\u00f6rdujatel palume registreerida oma saabumine M-korpuse registratuuris.Registratuuris toimub vastuv\u00f5tukabinetti suunamine ning plaaniliste patsientide haiguslugude vormistamine. M-korpuse registratuur on avatud:&nbsp;E-R 7.30-17.00. M-korpuse riidehoid on avatud: E-R 7.30-18.Haiglaravil viibides palun v\u00f5tke oma \u00fcleriided endaga kaasa. Voodip\u00e4evatasu1. aprillist 2025 kehtib statsionaarse ravi korral voodip\u00e4evatasu 5 eurot. Voodip\u00e4evatasu v\u00f5etakse iga haiglas oleku [&hellip;]\" \/>\n<meta property=\"og:url\" content=\"https:\/\/www.kliinikum.ee\/lastekliinik\/patsiendile\/vastuvott-haiglaravile\/\" \/>\n<meta property=\"og:site_name\" content=\"Lastekliinik\" \/>\n<meta property=\"article:modified_time\" content=\"2026-03-04T13:22:07+00:00\" \/>\n<meta property=\"og:image\" content=\"https:\/\/www.kliinikum.ee\/lastekliinik\/wp-content\/uploads\/2025\/03\/Hoiva.png\" \/>\n\t<meta property=\"og:image:width\" content=\"755\" \/>\n\t<meta property=\"og:image:height\" content=\"1068\" \/>\n\t<meta property=\"og:image:type\" content=\"image\/png\" \/>\n<meta name=\"twitter:card\" content=\"summary_large_image\" \/>\n<meta name=\"twitter:label1\" content=\"Est. reading time\" \/>\n\t<meta name=\"twitter:data1\" content=\"2 minutit\" \/>\n<script type=\"application\/ld+json\" class=\"yoast-schema-graph\">{\"@context\":\"https:\\\/\\\/schema.org\",\"@graph\":[{\"@type\":\"WebPage\",\"@id\":\"https:\\\/\\\/www.kliinikum.ee\\\/lastekliinik\\\/patsiendile\\\/vastuvott-haiglaravile\\\/\",\"url\":\"https:\\\/\\\/www.kliinikum.ee\\\/lastekliinik\\\/patsiendile\\\/vastuvott-haiglaravile\\\/\",\"name\":\"Vastuv\u00f5tt haiglaravile - Lastekliinik\",\"isPartOf\":{\"@id\":\"https:\\\/\\\/www.kliinikum.ee\\\/lastekliinik\\\/#website\"},\"primaryImageOfPage\":{\"@id\":\"https:\\\/\\\/www.kliinikum.ee\\\/lastekliinik\\\/patsiendile\\\/vastuvott-haiglaravile\\\/#primaryimage\"},\"image\":{\"@id\":\"https:\\\/\\\/www.kliinikum.ee\\\/lastekliinik\\\/patsiendile\\\/vastuvott-haiglaravile\\\/#primaryimage\"},\"thumbnailUrl\":\"https:\\\/\\\/www.kliinikum.ee\\\/lastekliinik\\\/wp-content\\\/uploads\\\/2025\\\/03\\\/Hoiva-724x1024.png\",\"datePublished\":\"2023-05-19T08:23:10+00:00\",\"dateModified\":\"2026-03-04T13:22:07+00:00\",\"breadcrumb\":{\"@id\":\"https:\\\/\\\/www.kliinikum.ee\\\/lastekliinik\\\/patsiendile\\\/vastuvott-haiglaravile\\\/#breadcrumb\"},\"inLanguage\":\"et\",\"potentialAction\":[{\"@type\":\"ReadAction\",\"target\":[\"https:\\\/\\\/www.kliinikum.ee\\\/lastekliinik\\\/patsiendile\\\/vastuvott-haiglaravile\\\/\"]}]},{\"@type\":\"ImageObject\",\"inLanguage\":\"et\",\"@id\":\"https:\\\/\\\/www.kliinikum.ee\\\/lastekliinik\\\/patsiendile\\\/vastuvott-haiglaravile\\\/#primaryimage\",\"url\":\"https:\\\/\\\/www.kliinikum.ee\\\/lastekliinik\\\/wp-content\\\/uploads\\\/2025\\\/03\\\/Hoiva.png\",\"contentUrl\":\"https:\\\/\\\/www.kliinikum.ee\\\/lastekliinik\\\/wp-content\\\/uploads\\\/2025\\\/03\\\/Hoiva.png\",\"width\":755,\"height\":1068},{\"@type\":\"BreadcrumbList\",\"@id\":\"https:\\\/\\\/www.kliinikum.ee\\\/lastekliinik\\\/patsiendile\\\/vastuvott-haiglaravile\\\/#breadcrumb\",\"itemListElement\":[{\"@type\":\"ListItem\",\"position\":1,\"name\":\"Patsiendile\",\"item\":\"https:\\\/\\\/www.kliinikum.ee\\\/lastekliinik\\\/patsiendile\\\/\"},{\"@type\":\"ListItem\",\"position\":2,\"name\":\"Vastuv\u00f5tt haiglaravile\"}]},{\"@type\":\"WebSite\",\"@id\":\"https:\\\/\\\/www.kliinikum.ee\\\/lastekliinik\\\/#website\",\"url\":\"https:\\\/\\\/www.kliinikum.ee\\\/lastekliinik\\\/\",\"name\":\"Lastekliinik\",\"description\":\"Hoolivus, Uuendusmeelsus, P\u00e4devus ja Usaldusv\u00e4\u00e4rsus\",\"potentialAction\":[{\"@type\":\"SearchAction\",\"target\":{\"@type\":\"EntryPoint\",\"urlTemplate\":\"https:\\\/\\\/www.kliinikum.ee\\\/lastekliinik\\\/?s={search_term_string}\"},\"query-input\":{\"@type\":\"PropertyValueSpecification\",\"valueRequired\":true,\"valueName\":\"search_term_string\"}}],\"inLanguage\":\"et\"}]}<\/script>\n<!-- \/ Yoast SEO plugin. -->","yoast_head_json":{"title":"Vastuv\u00f5tt haiglaravile - Lastekliinik","robots":{"index":"index","follow":"follow","max-snippet":"max-snippet:-1","max-image-preview":"max-image-preview:large","max-video-preview":"max-video-preview:-1"},"canonical":"https:\/\/www.kliinikum.ee\/lastekliinik\/patsiendile\/vastuvott-haiglaravile\/","og_locale":"et_EE","og_type":"article","og_title":"Vastuv\u00f5tt haiglaravile - Lastekliinik","og_description":"Telefon: 731 9512 24 h Lastekliiniku haiglaravile p\u00f6\u00f6rdujatel palume registreerida oma saabumine M-korpuse registratuuris.Registratuuris toimub vastuv\u00f5tukabinetti suunamine ning plaaniliste patsientide haiguslugude vormistamine. M-korpuse registratuur on avatud:&nbsp;E-R 7.30-17.00. M-korpuse riidehoid on avatud: E-R 7.30-18.Haiglaravil viibides palun v\u00f5tke oma \u00fcleriided endaga kaasa. Voodip\u00e4evatasu1. aprillist 2025 kehtib statsionaarse ravi korral voodip\u00e4evatasu 5 eurot. Voodip\u00e4evatasu v\u00f5etakse iga haiglas oleku [&hellip;]","og_url":"https:\/\/www.kliinikum.ee\/lastekliinik\/patsiendile\/vastuvott-haiglaravile\/","og_site_name":"Lastekliinik","article_modified_time":"2026-03-04T13:22:07+00:00","og_image":[{"width":755,"height":1068,"url":"https:\/\/www.kliinikum.ee\/lastekliinik\/wp-content\/uploads\/2025\/03\/Hoiva.png","type":"image\/png"}],"twitter_card":"summary_large_image","twitter_misc":{"Est. reading time":"2 minutit"},"schema":{"@context":"https:\/\/schema.org","@graph":[{"@type":"WebPage","@id":"https:\/\/www.kliinikum.ee\/lastekliinik\/patsiendile\/vastuvott-haiglaravile\/","url":"https:\/\/www.kliinikum.ee\/lastekliinik\/patsiendile\/vastuvott-haiglaravile\/","name":"Vastuv\u00f5tt haiglaravile - Lastekliinik","isPartOf":{"@id":"https:\/\/www.kliinikum.ee\/lastekliinik\/#website"},"primaryImageOfPage":{"@id":"https:\/\/www.kliinikum.ee\/lastekliinik\/patsiendile\/vastuvott-haiglaravile\/#primaryimage"},"image":{"@id":"https:\/\/www.kliinikum.ee\/lastekliinik\/patsiendile\/vastuvott-haiglaravile\/#primaryimage"},"thumbnailUrl":"https:\/\/www.kliinikum.ee\/lastekliinik\/wp-content\/uploads\/2025\/03\/Hoiva-724x1024.png","datePublished":"2023-05-19T08:23:10+00:00","dateModified":"2026-03-04T13:22:07+00:00","breadcrumb":{"@id":"https:\/\/www.kliinikum.ee\/lastekliinik\/patsiendile\/vastuvott-haiglaravile\/#breadcrumb"},"inLanguage":"et","potentialAction":[{"@type":"ReadAction","target":["https:\/\/www.kliinikum.ee\/lastekliinik\/patsiendile\/vastuvott-haiglaravile\/"]}]},{"@type":"ImageObject","inLanguage":"et","@id":"https:\/\/www.kliinikum.ee\/lastekliinik\/patsiendile\/vastuvott-haiglaravile\/#primaryimage","url":"https:\/\/www.kliinikum.ee\/lastekliinik\/wp-content\/uploads\/2025\/03\/Hoiva.png","contentUrl":"https:\/\/www.kliinikum.ee\/lastekliinik\/wp-content\/uploads\/2025\/03\/Hoiva.png","width":755,"height":1068},{"@type":"BreadcrumbList","@id":"https:\/\/www.kliinikum.ee\/lastekliinik\/patsiendile\/vastuvott-haiglaravile\/#breadcrumb","itemListElement":[{"@type":"ListItem","position":1,"name":"Patsiendile","item":"https:\/\/www.kliinikum.ee\/lastekliinik\/patsiendile\/"},{"@type":"ListItem","position":2,"name":"Vastuv\u00f5tt haiglaravile"}]},{"@type":"WebSite","@id":"https:\/\/www.kliinikum.ee\/lastekliinik\/#website","url":"https:\/\/www.kliinikum.ee\/lastekliinik\/","name":"Lastekliinik","description":"Hoolivus, Uuendusmeelsus, P\u00e4devus ja Usaldusv\u00e4\u00e4rsus","potentialAction":[{"@type":"SearchAction","target":{"@type":"EntryPoint","urlTemplate":"https:\/\/www.kliinikum.ee\/lastekliinik\/?s={search_term_string}"},"query-input":{"@type":"PropertyValueSpecification","valueRequired":true,"valueName":"search_term_string"}}],"inLanguage":"et"}]}},"uagb_featured_image_src":{"full":false,"thumbnail":false,"medium":false,"medium_large":false,"large":false,"1536x1536":false,"2048x2048":false},"uagb_author_info":{"display_name":"H\u00e4ili Evert","author_link":"https:\/\/www.kliinikum.ee\/lastekliinik\/author\/hailie\/"},"uagb_comment_info":0,"uagb_excerpt":"Telefon: 731 9512 24 h Lastekliiniku haiglaravile p\u00f6\u00f6rdujatel palume registreerida oma saabumine M-korpuse registratuuris.Registratuuris toimub vastuv\u00f5tukabinetti suunamine ning plaaniliste patsientide haiguslugude vormistamine. M-korpuse registratuur on avatud:&nbsp;E-R 7.30-17.00. M-korpuse riidehoid on avatud: E-R 7.30-18.Haiglaravil viibides palun v\u00f5tke oma \u00fcleriided endaga kaasa. Voodip\u00e4evatasu1. aprillist 2025 kehtib statsionaarse ravi korral voodip\u00e4evatasu 5 eurot. Voodip\u00e4evatasu v\u00f5etakse iga haiglas oleku&hellip;","_links":{"self":[{"href":"https:\/\/www.kliinikum.ee\/lastekliinik\/wp-json\/wp\/v2\/pages\/6033","targetHints":{"allow":["GET"]}}],"collection":[{"href":"https:\/\/www.kliinikum.ee\/lastekliinik\/wp-json\/wp\/v2\/pages"}],"about":[{"href":"https:\/\/www.kliinikum.ee\/lastekliinik\/wp-json\/wp\/v2\/types\/page"}],"author":[{"embeddable":true,"href":"https:\/\/www.kliinikum.ee\/lastekliinik\/wp-json\/wp\/v2\/users\/30"}],"replies":[{"embeddable":true,"href":"https:\/\/www.kliinikum.ee\/lastekliinik\/wp-json\/wp\/v2\/comments?post=6033"}],"version-history":[{"count":0,"href":"https:\/\/www.kliinikum.ee\/lastekliinik\/wp-json\/wp\/v2\/pages\/6033\/revisions"}],"up":[{"embeddable":true,"href":"https:\/\/www.kliinikum.ee\/lastekliinik\/wp-json\/wp\/v2\/pages\/15"}],"wp:attachment":[{"href":"https:\/\/www.kliinikum.ee\/lastekliinik\/wp-json\/wp\/v2\/media?parent=6033"}],"curies":[{"name":"wp","href":"https:\/\/api.w.org\/{rel}","templated":true}]}}