{"id":6051,"date":"2023-05-19T11:02:45","date_gmt":"2023-05-19T09:02:45","guid":{"rendered":"https:\/\/www.kliinikum.ee\/lastekliinik\/?page_id=6051"},"modified":"2023-05-30T08:34:19","modified_gmt":"2023-05-30T06:34:19","slug":"tagasiside-ja-tanu","status":"publish","type":"page","link":"https:\/\/www.kliinikum.ee\/lastekliinik\/patsiendile\/tagasiside-ja-tanu\/","title":{"rendered":"Tagasiside ja t\u00e4nu"},"content":{"rendered":"\n<p class=\"has-medium-font-size\">Teie tagasiside on v\u00e4ga oodatud! Parim t\u00e4nu meie t\u00f6\u00f6tajatele on hea s\u00f5na. Ootame k\u00f5iki teie ettepanekuid ning hindame kaebusi kui v\u00f5imalust meie t\u00f6\u00f6korraldust parandada.<\/p>\n\n\n\n<p class=\"has-medium-font-size\">Oma tagasiside saate j\u00e4tta <a href=\"https:\/\/www.kliinikum.ee\/patsiendile\/tagasiside\/\" target=\"_blank\" rel=\"noreferrer noopener\">SIIN<\/a>. <\/p>\n","protected":false},"excerpt":{"rendered":"<p>Teie tagasiside on v\u00e4ga oodatud! Parim t\u00e4nu meie t\u00f6\u00f6tajatele on hea s\u00f5na. Ootame k\u00f5iki teie ettepanekuid ning hindame kaebusi kui v\u00f5imalust meie t\u00f6\u00f6korraldust parandada. Oma tagasiside saate j\u00e4tta SIIN.<\/p>\n","protected":false},"author":30,"featured_media":0,"parent":15,"menu_order":11,"comment_status":"closed","ping_status":"closed","template":"","meta":{"_acf_changed":false,"_uag_custom_page_level_css":"","footnotes":""},"class_list":["post-6051","page","type-page","status-publish","hentry"],"acf":[],"yoast_head":"<!-- This site is optimized with the Yoast SEO plugin v27.5 - https:\/\/yoast.com\/product\/yoast-seo-wordpress\/ -->\n<title>Tagasiside ja t\u00e4nu - Lastekliinik<\/title>\n<meta name=\"robots\" content=\"index, follow, max-snippet:-1, max-image-preview:large, max-video-preview:-1\" \/>\n<link rel=\"canonical\" href=\"https:\/\/www.kliinikum.ee\/lastekliinik\/patsiendile\/tagasiside-ja-tanu\/\" \/>\n<meta property=\"og:locale\" content=\"et_EE\" \/>\n<meta property=\"og:type\" content=\"article\" \/>\n<meta property=\"og:title\" content=\"Tagasiside ja t\u00e4nu - Lastekliinik\" \/>\n<meta property=\"og:description\" content=\"Teie tagasiside on v\u00e4ga oodatud! Parim t\u00e4nu meie t\u00f6\u00f6tajatele on hea s\u00f5na. Ootame k\u00f5iki teie ettepanekuid ning hindame kaebusi kui v\u00f5imalust meie t\u00f6\u00f6korraldust parandada. Oma tagasiside saate j\u00e4tta SIIN.\" \/>\n<meta property=\"og:url\" content=\"https:\/\/www.kliinikum.ee\/lastekliinik\/patsiendile\/tagasiside-ja-tanu\/\" \/>\n<meta property=\"og:site_name\" content=\"Lastekliinik\" \/>\n<meta property=\"article:modified_time\" content=\"2023-05-30T06:34:19+00:00\" \/>\n<meta name=\"twitter:card\" content=\"summary_large_image\" \/>\n<meta name=\"twitter:label1\" content=\"Est. reading time\" \/>\n\t<meta name=\"twitter:data1\" content=\"1 minut\" \/>\n<script type=\"application\/ld+json\" class=\"yoast-schema-graph\">{\"@context\":\"https:\\\/\\\/schema.org\",\"@graph\":[{\"@type\":\"WebPage\",\"@id\":\"https:\\\/\\\/www.kliinikum.ee\\\/lastekliinik\\\/patsiendile\\\/tagasiside-ja-tanu\\\/\",\"url\":\"https:\\\/\\\/www.kliinikum.ee\\\/lastekliinik\\\/patsiendile\\\/tagasiside-ja-tanu\\\/\",\"name\":\"Tagasiside ja t\u00e4nu - Lastekliinik\",\"isPartOf\":{\"@id\":\"https:\\\/\\\/www.kliinikum.ee\\\/lastekliinik\\\/#website\"},\"datePublished\":\"2023-05-19T09:02:45+00:00\",\"dateModified\":\"2023-05-30T06:34:19+00:00\",\"breadcrumb\":{\"@id\":\"https:\\\/\\\/www.kliinikum.ee\\\/lastekliinik\\\/patsiendile\\\/tagasiside-ja-tanu\\\/#breadcrumb\"},\"inLanguage\":\"et\",\"potentialAction\":[{\"@type\":\"ReadAction\",\"target\":[\"https:\\\/\\\/www.kliinikum.ee\\\/lastekliinik\\\/patsiendile\\\/tagasiside-ja-tanu\\\/\"]}]},{\"@type\":\"BreadcrumbList\",\"@id\":\"https:\\\/\\\/www.kliinikum.ee\\\/lastekliinik\\\/patsiendile\\\/tagasiside-ja-tanu\\\/#breadcrumb\",\"itemListElement\":[{\"@type\":\"ListItem\",\"position\":1,\"name\":\"Patsiendile\",\"item\":\"https:\\\/\\\/www.kliinikum.ee\\\/lastekliinik\\\/patsiendile\\\/\"},{\"@type\":\"ListItem\",\"position\":2,\"name\":\"Tagasiside ja t\u00e4nu\"}]},{\"@type\":\"WebSite\",\"@id\":\"https:\\\/\\\/www.kliinikum.ee\\\/lastekliinik\\\/#website\",\"url\":\"https:\\\/\\\/www.kliinikum.ee\\\/lastekliinik\\\/\",\"name\":\"Lastekliinik\",\"description\":\"Hoolivus, Uuendusmeelsus, P\u00e4devus ja Usaldusv\u00e4\u00e4rsus\",\"potentialAction\":[{\"@type\":\"SearchAction\",\"target\":{\"@type\":\"EntryPoint\",\"urlTemplate\":\"https:\\\/\\\/www.kliinikum.ee\\\/lastekliinik\\\/?s={search_term_string}\"},\"query-input\":{\"@type\":\"PropertyValueSpecification\",\"valueRequired\":true,\"valueName\":\"search_term_string\"}}],\"inLanguage\":\"et\"}]}<\/script>\n<!-- \/ Yoast SEO plugin. -->","yoast_head_json":{"title":"Tagasiside ja t\u00e4nu - Lastekliinik","robots":{"index":"index","follow":"follow","max-snippet":"max-snippet:-1","max-image-preview":"max-image-preview:large","max-video-preview":"max-video-preview:-1"},"canonical":"https:\/\/www.kliinikum.ee\/lastekliinik\/patsiendile\/tagasiside-ja-tanu\/","og_locale":"et_EE","og_type":"article","og_title":"Tagasiside ja t\u00e4nu - Lastekliinik","og_description":"Teie tagasiside on v\u00e4ga oodatud! Parim t\u00e4nu meie t\u00f6\u00f6tajatele on hea s\u00f5na. Ootame k\u00f5iki teie ettepanekuid ning hindame kaebusi kui v\u00f5imalust meie t\u00f6\u00f6korraldust parandada. Oma tagasiside saate j\u00e4tta SIIN.","og_url":"https:\/\/www.kliinikum.ee\/lastekliinik\/patsiendile\/tagasiside-ja-tanu\/","og_site_name":"Lastekliinik","article_modified_time":"2023-05-30T06:34:19+00:00","twitter_card":"summary_large_image","twitter_misc":{"Est. reading time":"1 minut"},"schema":{"@context":"https:\/\/schema.org","@graph":[{"@type":"WebPage","@id":"https:\/\/www.kliinikum.ee\/lastekliinik\/patsiendile\/tagasiside-ja-tanu\/","url":"https:\/\/www.kliinikum.ee\/lastekliinik\/patsiendile\/tagasiside-ja-tanu\/","name":"Tagasiside ja t\u00e4nu - Lastekliinik","isPartOf":{"@id":"https:\/\/www.kliinikum.ee\/lastekliinik\/#website"},"datePublished":"2023-05-19T09:02:45+00:00","dateModified":"2023-05-30T06:34:19+00:00","breadcrumb":{"@id":"https:\/\/www.kliinikum.ee\/lastekliinik\/patsiendile\/tagasiside-ja-tanu\/#breadcrumb"},"inLanguage":"et","potentialAction":[{"@type":"ReadAction","target":["https:\/\/www.kliinikum.ee\/lastekliinik\/patsiendile\/tagasiside-ja-tanu\/"]}]},{"@type":"BreadcrumbList","@id":"https:\/\/www.kliinikum.ee\/lastekliinik\/patsiendile\/tagasiside-ja-tanu\/#breadcrumb","itemListElement":[{"@type":"ListItem","position":1,"name":"Patsiendile","item":"https:\/\/www.kliinikum.ee\/lastekliinik\/patsiendile\/"},{"@type":"ListItem","position":2,"name":"Tagasiside ja t\u00e4nu"}]},{"@type":"WebSite","@id":"https:\/\/www.kliinikum.ee\/lastekliinik\/#website","url":"https:\/\/www.kliinikum.ee\/lastekliinik\/","name":"Lastekliinik","description":"Hoolivus, Uuendusmeelsus, P\u00e4devus ja Usaldusv\u00e4\u00e4rsus","potentialAction":[{"@type":"SearchAction","target":{"@type":"EntryPoint","urlTemplate":"https:\/\/www.kliinikum.ee\/lastekliinik\/?s={search_term_string}"},"query-input":{"@type":"PropertyValueSpecification","valueRequired":true,"valueName":"search_term_string"}}],"inLanguage":"et"}]}},"uagb_featured_image_src":{"full":false,"thumbnail":false,"medium":false,"medium_large":false,"large":false,"1536x1536":false,"2048x2048":false},"uagb_author_info":{"display_name":"H\u00e4ili Evert","author_link":"https:\/\/www.kliinikum.ee\/lastekliinik\/author\/hailie\/"},"uagb_comment_info":0,"uagb_excerpt":"Teie tagasiside on v\u00e4ga oodatud! Parim t\u00e4nu meie t\u00f6\u00f6tajatele on hea s\u00f5na. Ootame k\u00f5iki teie ettepanekuid ning hindame kaebusi kui v\u00f5imalust meie t\u00f6\u00f6korraldust parandada. Oma tagasiside saate j\u00e4tta SIIN.","_links":{"self":[{"href":"https:\/\/www.kliinikum.ee\/lastekliinik\/wp-json\/wp\/v2\/pages\/6051","targetHints":{"allow":["GET"]}}],"collection":[{"href":"https:\/\/www.kliinikum.ee\/lastekliinik\/wp-json\/wp\/v2\/pages"}],"about":[{"href":"https:\/\/www.kliinikum.ee\/lastekliinik\/wp-json\/wp\/v2\/types\/page"}],"author":[{"embeddable":true,"href":"https:\/\/www.kliinikum.ee\/lastekliinik\/wp-json\/wp\/v2\/users\/30"}],"replies":[{"embeddable":true,"href":"https:\/\/www.kliinikum.ee\/lastekliinik\/wp-json\/wp\/v2\/comments?post=6051"}],"version-history":[{"count":0,"href":"https:\/\/www.kliinikum.ee\/lastekliinik\/wp-json\/wp\/v2\/pages\/6051\/revisions"}],"up":[{"embeddable":true,"href":"https:\/\/www.kliinikum.ee\/lastekliinik\/wp-json\/wp\/v2\/pages\/15"}],"wp:attachment":[{"href":"https:\/\/www.kliinikum.ee\/lastekliinik\/wp-json\/wp\/v2\/media?parent=6051"}],"curies":[{"name":"wp","href":"https:\/\/api.w.org\/{rel}","templated":true}]}}