{"id":6342,"date":"2023-08-17T10:23:06","date_gmt":"2023-08-17T08:23:06","guid":{"rendered":"https:\/\/www.kliinikum.ee\/lastekliinik\/?page_id=6342"},"modified":"2025-04-01T13:40:09","modified_gmt":"2025-04-01T11:40:09","slug":"uldinfo","status":"publish","type":"page","link":"https:\/\/www.kliinikum.ee\/lastekliinik\/patsiendile\/uldinfo\/","title":{"rendered":"Patsientide k\u00fclastamine"},"content":{"rendered":"<div class=\"wp-block-image\">\n<figure class=\"alignright size-large is-resized\"><img loading=\"lazy\" decoding=\"async\" width=\"1024\" height=\"683\" src=\"https:\/\/www.kliinikum.ee\/lastekliinik\/wp-content\/uploads\/2024\/02\/IMG_7240-1024x683.jpg\" alt=\"\" class=\"wp-image-6569\" style=\"width:497px;height:auto\" srcset=\"https:\/\/www.kliinikum.ee\/lastekliinik\/wp-content\/uploads\/2024\/02\/IMG_7240-1024x683.jpg 1024w, https:\/\/www.kliinikum.ee\/lastekliinik\/wp-content\/uploads\/2024\/02\/IMG_7240-300x200.jpg 300w, https:\/\/www.kliinikum.ee\/lastekliinik\/wp-content\/uploads\/2024\/02\/IMG_7240-768x512.jpg 768w, https:\/\/www.kliinikum.ee\/lastekliinik\/wp-content\/uploads\/2024\/02\/IMG_7240-1536x1024.jpg 1536w, https:\/\/www.kliinikum.ee\/lastekliinik\/wp-content\/uploads\/2024\/02\/IMG_7240-2048x1365.jpg 2048w, https:\/\/www.kliinikum.ee\/lastekliinik\/wp-content\/uploads\/2024\/02\/IMG_7240-scaled.jpg 2560w\" sizes=\"auto, (max-width: 1024px) 100vw, 1024px\" \/><\/figure>\n<\/div>\n\n\n<p class=\"has-medium-font-size\"><strong>Soovitused k\u00fclastamise tingimuste osas v\u00f5ivad erinevates osakondades siinsest \u00fcldinfost erineda, seet\u00f5ttu palume l\u00e4htuda infost, mis teile osakonnas antakse.<\/strong><\/p>\n\n\n\n<ul class=\"wp-block-list\">\n<li class=\"has-medium-font-size\">Palume, et patsienti ei k\u00fclastaks korraga rohkem kui 1\u20132 l\u00e4hedast.<\/li>\n\n\n\n<li class=\"has-medium-font-size\">Enne palatisse sisenemist ja sealt lahkumist tehke palun k\u00e4te antiseptikat.<\/li>\n\n\n\n<li class=\"has-medium-font-size\">Soovitatav k\u00fclastusaeg on E\u2013R 14.00\u201319.00, L\u2013P 10.00\u201317.00.<\/li>\n\n\n\n<li class=\"has-medium-font-size\">K\u00fclastajatel palume \u00fcleriided j\u00e4tta riidehoidu. Riidehoid on avatud E\u2013R 07.00\u201319.00, L\u2013P 09.00\u201318.00. Lastekliiniku garderoob on avatud E\u2013R 7.30\u201318.00, L\u2013P suletud. Lahtiolekuajad v\u00f5ivad erineda p\u00fchade ajal.<\/li>\n\n\n\n<li class=\"has-medium-font-size\">Arsti visiidi ja protseduuride ajal palume k\u00fclastajatel palatist v\u00e4ljuda.<\/li>\n\n\n\n<li class=\"has-medium-font-size\">Palume patsiente mitte k\u00fclastada, kui Teil on viirushaiguste tunnused.<\/li>\n<\/ul>\n\n\n\n<p class=\"has-medium-font-size\">Lisainfo: <a href=\"mailto:patsiendiinfo@kliinikum.ee\">patsiendiinfo@kliinikum.ee<\/a><\/p>\n","protected":false},"excerpt":{"rendered":"<p>Soovitused k\u00fclastamise tingimuste osas v\u00f5ivad erinevates osakondades siinsest \u00fcldinfost erineda, seet\u00f5ttu palume l\u00e4htuda infost, mis teile osakonnas antakse. Lisainfo: patsiendiinfo@kliinikum.ee<\/p>\n","protected":false},"author":35,"featured_media":0,"parent":15,"menu_order":1,"comment_status":"closed","ping_status":"closed","template":"","meta":{"_acf_changed":false,"_uag_custom_page_level_css":"","footnotes":""},"class_list":["post-6342","page","type-page","status-publish","hentry"],"acf":[],"yoast_head":"<!-- This site is optimized with the Yoast SEO plugin v27.5 - https:\/\/yoast.com\/product\/yoast-seo-wordpress\/ -->\n<title>Patsientide k\u00fclastamine - Lastekliinik<\/title>\n<meta name=\"robots\" content=\"index, follow, max-snippet:-1, max-image-preview:large, max-video-preview:-1\" \/>\n<link rel=\"canonical\" href=\"https:\/\/www.kliinikum.ee\/lastekliinik\/patsiendile\/uldinfo\/\" \/>\n<meta property=\"og:locale\" content=\"et_EE\" \/>\n<meta property=\"og:type\" content=\"article\" \/>\n<meta property=\"og:title\" content=\"Patsientide k\u00fclastamine - Lastekliinik\" \/>\n<meta property=\"og:description\" content=\"Soovitused k\u00fclastamise tingimuste osas v\u00f5ivad erinevates osakondades siinsest \u00fcldinfost erineda, seet\u00f5ttu palume l\u00e4htuda infost, mis teile osakonnas antakse. Lisainfo: patsiendiinfo@kliinikum.ee\" \/>\n<meta property=\"og:url\" content=\"https:\/\/www.kliinikum.ee\/lastekliinik\/patsiendile\/uldinfo\/\" \/>\n<meta property=\"og:site_name\" content=\"Lastekliinik\" \/>\n<meta property=\"article:modified_time\" content=\"2025-04-01T11:40:09+00:00\" \/>\n<meta property=\"og:image\" content=\"https:\/\/www.kliinikum.ee\/lastekliinik\/wp-content\/uploads\/2024\/02\/IMG_7240-scaled.jpg\" \/>\n\t<meta property=\"og:image:width\" content=\"2560\" \/>\n\t<meta property=\"og:image:height\" content=\"1706\" \/>\n\t<meta property=\"og:image:type\" content=\"image\/jpeg\" \/>\n<meta name=\"twitter:card\" content=\"summary_large_image\" \/>\n<meta name=\"twitter:label1\" content=\"Est. reading time\" \/>\n\t<meta name=\"twitter:data1\" content=\"1 minut\" \/>\n<script type=\"application\/ld+json\" class=\"yoast-schema-graph\">{\"@context\":\"https:\\\/\\\/schema.org\",\"@graph\":[{\"@type\":\"WebPage\",\"@id\":\"https:\\\/\\\/www.kliinikum.ee\\\/lastekliinik\\\/patsiendile\\\/uldinfo\\\/\",\"url\":\"https:\\\/\\\/www.kliinikum.ee\\\/lastekliinik\\\/patsiendile\\\/uldinfo\\\/\",\"name\":\"Patsientide k\u00fclastamine - Lastekliinik\",\"isPartOf\":{\"@id\":\"https:\\\/\\\/www.kliinikum.ee\\\/lastekliinik\\\/#website\"},\"primaryImageOfPage\":{\"@id\":\"https:\\\/\\\/www.kliinikum.ee\\\/lastekliinik\\\/patsiendile\\\/uldinfo\\\/#primaryimage\"},\"image\":{\"@id\":\"https:\\\/\\\/www.kliinikum.ee\\\/lastekliinik\\\/patsiendile\\\/uldinfo\\\/#primaryimage\"},\"thumbnailUrl\":\"https:\\\/\\\/www.kliinikum.ee\\\/lastekliinik\\\/wp-content\\\/uploads\\\/2024\\\/02\\\/IMG_7240-1024x683.jpg\",\"datePublished\":\"2023-08-17T08:23:06+00:00\",\"dateModified\":\"2025-04-01T11:40:09+00:00\",\"breadcrumb\":{\"@id\":\"https:\\\/\\\/www.kliinikum.ee\\\/lastekliinik\\\/patsiendile\\\/uldinfo\\\/#breadcrumb\"},\"inLanguage\":\"et\",\"potentialAction\":[{\"@type\":\"ReadAction\",\"target\":[\"https:\\\/\\\/www.kliinikum.ee\\\/lastekliinik\\\/patsiendile\\\/uldinfo\\\/\"]}]},{\"@type\":\"ImageObject\",\"inLanguage\":\"et\",\"@id\":\"https:\\\/\\\/www.kliinikum.ee\\\/lastekliinik\\\/patsiendile\\\/uldinfo\\\/#primaryimage\",\"url\":\"https:\\\/\\\/www.kliinikum.ee\\\/lastekliinik\\\/wp-content\\\/uploads\\\/2024\\\/02\\\/IMG_7240-scaled.jpg\",\"contentUrl\":\"https:\\\/\\\/www.kliinikum.ee\\\/lastekliinik\\\/wp-content\\\/uploads\\\/2024\\\/02\\\/IMG_7240-scaled.jpg\",\"width\":2560,\"height\":1706},{\"@type\":\"BreadcrumbList\",\"@id\":\"https:\\\/\\\/www.kliinikum.ee\\\/lastekliinik\\\/patsiendile\\\/uldinfo\\\/#breadcrumb\",\"itemListElement\":[{\"@type\":\"ListItem\",\"position\":1,\"name\":\"Patsiendile\",\"item\":\"https:\\\/\\\/www.kliinikum.ee\\\/lastekliinik\\\/patsiendile\\\/\"},{\"@type\":\"ListItem\",\"position\":2,\"name\":\"Patsientide k\u00fclastamine\"}]},{\"@type\":\"WebSite\",\"@id\":\"https:\\\/\\\/www.kliinikum.ee\\\/lastekliinik\\\/#website\",\"url\":\"https:\\\/\\\/www.kliinikum.ee\\\/lastekliinik\\\/\",\"name\":\"Lastekliinik\",\"description\":\"Hoolivus, Uuendusmeelsus, P\u00e4devus ja Usaldusv\u00e4\u00e4rsus\",\"potentialAction\":[{\"@type\":\"SearchAction\",\"target\":{\"@type\":\"EntryPoint\",\"urlTemplate\":\"https:\\\/\\\/www.kliinikum.ee\\\/lastekliinik\\\/?s={search_term_string}\"},\"query-input\":{\"@type\":\"PropertyValueSpecification\",\"valueRequired\":true,\"valueName\":\"search_term_string\"}}],\"inLanguage\":\"et\"}]}<\/script>\n<!-- \/ Yoast SEO plugin. -->","yoast_head_json":{"title":"Patsientide k\u00fclastamine - Lastekliinik","robots":{"index":"index","follow":"follow","max-snippet":"max-snippet:-1","max-image-preview":"max-image-preview:large","max-video-preview":"max-video-preview:-1"},"canonical":"https:\/\/www.kliinikum.ee\/lastekliinik\/patsiendile\/uldinfo\/","og_locale":"et_EE","og_type":"article","og_title":"Patsientide k\u00fclastamine - Lastekliinik","og_description":"Soovitused k\u00fclastamise tingimuste osas v\u00f5ivad erinevates osakondades siinsest \u00fcldinfost erineda, seet\u00f5ttu palume l\u00e4htuda infost, mis teile osakonnas antakse. Lisainfo: patsiendiinfo@kliinikum.ee","og_url":"https:\/\/www.kliinikum.ee\/lastekliinik\/patsiendile\/uldinfo\/","og_site_name":"Lastekliinik","article_modified_time":"2025-04-01T11:40:09+00:00","og_image":[{"width":2560,"height":1706,"url":"https:\/\/www.kliinikum.ee\/lastekliinik\/wp-content\/uploads\/2024\/02\/IMG_7240-scaled.jpg","type":"image\/jpeg"}],"twitter_card":"summary_large_image","twitter_misc":{"Est. reading time":"1 minut"},"schema":{"@context":"https:\/\/schema.org","@graph":[{"@type":"WebPage","@id":"https:\/\/www.kliinikum.ee\/lastekliinik\/patsiendile\/uldinfo\/","url":"https:\/\/www.kliinikum.ee\/lastekliinik\/patsiendile\/uldinfo\/","name":"Patsientide k\u00fclastamine - Lastekliinik","isPartOf":{"@id":"https:\/\/www.kliinikum.ee\/lastekliinik\/#website"},"primaryImageOfPage":{"@id":"https:\/\/www.kliinikum.ee\/lastekliinik\/patsiendile\/uldinfo\/#primaryimage"},"image":{"@id":"https:\/\/www.kliinikum.ee\/lastekliinik\/patsiendile\/uldinfo\/#primaryimage"},"thumbnailUrl":"https:\/\/www.kliinikum.ee\/lastekliinik\/wp-content\/uploads\/2024\/02\/IMG_7240-1024x683.jpg","datePublished":"2023-08-17T08:23:06+00:00","dateModified":"2025-04-01T11:40:09+00:00","breadcrumb":{"@id":"https:\/\/www.kliinikum.ee\/lastekliinik\/patsiendile\/uldinfo\/#breadcrumb"},"inLanguage":"et","potentialAction":[{"@type":"ReadAction","target":["https:\/\/www.kliinikum.ee\/lastekliinik\/patsiendile\/uldinfo\/"]}]},{"@type":"ImageObject","inLanguage":"et","@id":"https:\/\/www.kliinikum.ee\/lastekliinik\/patsiendile\/uldinfo\/#primaryimage","url":"https:\/\/www.kliinikum.ee\/lastekliinik\/wp-content\/uploads\/2024\/02\/IMG_7240-scaled.jpg","contentUrl":"https:\/\/www.kliinikum.ee\/lastekliinik\/wp-content\/uploads\/2024\/02\/IMG_7240-scaled.jpg","width":2560,"height":1706},{"@type":"BreadcrumbList","@id":"https:\/\/www.kliinikum.ee\/lastekliinik\/patsiendile\/uldinfo\/#breadcrumb","itemListElement":[{"@type":"ListItem","position":1,"name":"Patsiendile","item":"https:\/\/www.kliinikum.ee\/lastekliinik\/patsiendile\/"},{"@type":"ListItem","position":2,"name":"Patsientide k\u00fclastamine"}]},{"@type":"WebSite","@id":"https:\/\/www.kliinikum.ee\/lastekliinik\/#website","url":"https:\/\/www.kliinikum.ee\/lastekliinik\/","name":"Lastekliinik","description":"Hoolivus, Uuendusmeelsus, P\u00e4devus ja Usaldusv\u00e4\u00e4rsus","potentialAction":[{"@type":"SearchAction","target":{"@type":"EntryPoint","urlTemplate":"https:\/\/www.kliinikum.ee\/lastekliinik\/?s={search_term_string}"},"query-input":{"@type":"PropertyValueSpecification","valueRequired":true,"valueName":"search_term_string"}}],"inLanguage":"et"}]}},"uagb_featured_image_src":{"full":false,"thumbnail":false,"medium":false,"medium_large":false,"large":false,"1536x1536":false,"2048x2048":false},"uagb_author_info":{"display_name":"Jane Freimann","author_link":"https:\/\/www.kliinikum.ee\/lastekliinik\/author\/janef\/"},"uagb_comment_info":0,"uagb_excerpt":"Soovitused k\u00fclastamise tingimuste osas v\u00f5ivad erinevates osakondades siinsest \u00fcldinfost erineda, seet\u00f5ttu palume l\u00e4htuda infost, mis teile osakonnas antakse. Lisainfo: patsiendiinfo@kliinikum.ee","_links":{"self":[{"href":"https:\/\/www.kliinikum.ee\/lastekliinik\/wp-json\/wp\/v2\/pages\/6342","targetHints":{"allow":["GET"]}}],"collection":[{"href":"https:\/\/www.kliinikum.ee\/lastekliinik\/wp-json\/wp\/v2\/pages"}],"about":[{"href":"https:\/\/www.kliinikum.ee\/lastekliinik\/wp-json\/wp\/v2\/types\/page"}],"author":[{"embeddable":true,"href":"https:\/\/www.kliinikum.ee\/lastekliinik\/wp-json\/wp\/v2\/users\/35"}],"replies":[{"embeddable":true,"href":"https:\/\/www.kliinikum.ee\/lastekliinik\/wp-json\/wp\/v2\/comments?post=6342"}],"version-history":[{"count":0,"href":"https:\/\/www.kliinikum.ee\/lastekliinik\/wp-json\/wp\/v2\/pages\/6342\/revisions"}],"up":[{"embeddable":true,"href":"https:\/\/www.kliinikum.ee\/lastekliinik\/wp-json\/wp\/v2\/pages\/15"}],"wp:attachment":[{"href":"https:\/\/www.kliinikum.ee\/lastekliinik\/wp-json\/wp\/v2\/media?parent=6342"}],"curies":[{"name":"wp","href":"https:\/\/api.w.org\/{rel}","templated":true}]}}