{"id":6475,"date":"2024-01-22T09:43:45","date_gmt":"2024-01-22T07:43:45","guid":{"rendered":"https:\/\/www.kliinikum.ee\/lastekliinik\/?page_id=6475"},"modified":"2024-01-29T14:01:08","modified_gmt":"2024-01-29T12:01:08","slug":"liikumispuudega-inimesele","status":"publish","type":"page","link":"https:\/\/www.kliinikum.ee\/lastekliinik\/patsiendile\/liikumispuudega-inimesele\/","title":{"rendered":"Liikumispuudega inimesele"},"content":{"rendered":"\n<p class=\"has-medium-font-size\">M-korpuses on kokku 3 invatualetti.<\/p>\n\n\n\n<ul class=\"wp-block-list\">\n<li>I korrusel ambulatoorsel vastuv\u00f5tu alal<\/li>\n\n\n\n<li>II korrusel taastusravi osakonnas<\/li>\n\n\n\n<li class=\"has-medium-font-size\">IV korrusel \u00fcldpediaatria ja neuroloogia osakonnas<\/li>\n<\/ul>\n\n\n\n<figure class=\"wp-block-image size-full\"><img loading=\"lazy\" decoding=\"async\" width=\"616\" height=\"133\" src=\"https:\/\/www.kliinikum.ee\/lastekliinik\/wp-content\/uploads\/2024\/01\/Hoiva.png\" alt=\"\" class=\"wp-image-6522\" srcset=\"https:\/\/www.kliinikum.ee\/lastekliinik\/wp-content\/uploads\/2024\/01\/Hoiva.png 616w, https:\/\/www.kliinikum.ee\/lastekliinik\/wp-content\/uploads\/2024\/01\/Hoiva-300x65.png 300w\" sizes=\"auto, (max-width: 616px) 100vw, 616px\" \/><\/figure>\n","protected":false},"excerpt":{"rendered":"<p>M-korpuses on kokku 3 invatualetti.<\/p>\n","protected":false},"author":35,"featured_media":0,"parent":15,"menu_order":12,"comment_status":"closed","ping_status":"closed","template":"","meta":{"_acf_changed":false,"_uag_custom_page_level_css":"","footnotes":""},"class_list":["post-6475","page","type-page","status-publish","hentry"],"acf":[],"yoast_head":"<!-- This site is optimized with the Yoast SEO plugin v27.5 - https:\/\/yoast.com\/product\/yoast-seo-wordpress\/ -->\n<title>Liikumispuudega inimesele - Lastekliinik<\/title>\n<meta name=\"robots\" content=\"index, follow, max-snippet:-1, max-image-preview:large, max-video-preview:-1\" \/>\n<link rel=\"canonical\" href=\"https:\/\/www.kliinikum.ee\/lastekliinik\/patsiendile\/liikumispuudega-inimesele\/\" \/>\n<meta property=\"og:locale\" content=\"et_EE\" \/>\n<meta property=\"og:type\" content=\"article\" \/>\n<meta property=\"og:title\" content=\"Liikumispuudega inimesele - Lastekliinik\" \/>\n<meta property=\"og:description\" content=\"M-korpuses on kokku 3 invatualetti.\" \/>\n<meta property=\"og:url\" content=\"https:\/\/www.kliinikum.ee\/lastekliinik\/patsiendile\/liikumispuudega-inimesele\/\" \/>\n<meta property=\"og:site_name\" content=\"Lastekliinik\" \/>\n<meta property=\"article:modified_time\" content=\"2024-01-29T12:01:08+00:00\" \/>\n<meta property=\"og:image\" content=\"https:\/\/www.kliinikum.ee\/lastekliinik\/wp-content\/uploads\/2024\/01\/Hoiva.png\" \/>\n<meta name=\"twitter:card\" content=\"summary_large_image\" \/>\n<meta name=\"twitter:label1\" content=\"Est. reading time\" \/>\n\t<meta name=\"twitter:data1\" content=\"1 minut\" \/>\n<script type=\"application\/ld+json\" class=\"yoast-schema-graph\">{\"@context\":\"https:\\\/\\\/schema.org\",\"@graph\":[{\"@type\":\"WebPage\",\"@id\":\"https:\\\/\\\/www.kliinikum.ee\\\/lastekliinik\\\/patsiendile\\\/liikumispuudega-inimesele\\\/\",\"url\":\"https:\\\/\\\/www.kliinikum.ee\\\/lastekliinik\\\/patsiendile\\\/liikumispuudega-inimesele\\\/\",\"name\":\"Liikumispuudega inimesele - Lastekliinik\",\"isPartOf\":{\"@id\":\"https:\\\/\\\/www.kliinikum.ee\\\/lastekliinik\\\/#website\"},\"primaryImageOfPage\":{\"@id\":\"https:\\\/\\\/www.kliinikum.ee\\\/lastekliinik\\\/patsiendile\\\/liikumispuudega-inimesele\\\/#primaryimage\"},\"image\":{\"@id\":\"https:\\\/\\\/www.kliinikum.ee\\\/lastekliinik\\\/patsiendile\\\/liikumispuudega-inimesele\\\/#primaryimage\"},\"thumbnailUrl\":\"https:\\\/\\\/www.kliinikum.ee\\\/lastekliinik\\\/wp-content\\\/uploads\\\/2024\\\/01\\\/Hoiva.png\",\"datePublished\":\"2024-01-22T07:43:45+00:00\",\"dateModified\":\"2024-01-29T12:01:08+00:00\",\"breadcrumb\":{\"@id\":\"https:\\\/\\\/www.kliinikum.ee\\\/lastekliinik\\\/patsiendile\\\/liikumispuudega-inimesele\\\/#breadcrumb\"},\"inLanguage\":\"et\",\"potentialAction\":[{\"@type\":\"ReadAction\",\"target\":[\"https:\\\/\\\/www.kliinikum.ee\\\/lastekliinik\\\/patsiendile\\\/liikumispuudega-inimesele\\\/\"]}]},{\"@type\":\"ImageObject\",\"inLanguage\":\"et\",\"@id\":\"https:\\\/\\\/www.kliinikum.ee\\\/lastekliinik\\\/patsiendile\\\/liikumispuudega-inimesele\\\/#primaryimage\",\"url\":\"https:\\\/\\\/www.kliinikum.ee\\\/lastekliinik\\\/wp-content\\\/uploads\\\/2024\\\/01\\\/Hoiva.png\",\"contentUrl\":\"https:\\\/\\\/www.kliinikum.ee\\\/lastekliinik\\\/wp-content\\\/uploads\\\/2024\\\/01\\\/Hoiva.png\",\"width\":616,\"height\":133},{\"@type\":\"BreadcrumbList\",\"@id\":\"https:\\\/\\\/www.kliinikum.ee\\\/lastekliinik\\\/patsiendile\\\/liikumispuudega-inimesele\\\/#breadcrumb\",\"itemListElement\":[{\"@type\":\"ListItem\",\"position\":1,\"name\":\"Patsiendile\",\"item\":\"https:\\\/\\\/www.kliinikum.ee\\\/lastekliinik\\\/patsiendile\\\/\"},{\"@type\":\"ListItem\",\"position\":2,\"name\":\"Liikumispuudega inimesele\"}]},{\"@type\":\"WebSite\",\"@id\":\"https:\\\/\\\/www.kliinikum.ee\\\/lastekliinik\\\/#website\",\"url\":\"https:\\\/\\\/www.kliinikum.ee\\\/lastekliinik\\\/\",\"name\":\"Lastekliinik\",\"description\":\"Hoolivus, Uuendusmeelsus, P\u00e4devus ja Usaldusv\u00e4\u00e4rsus\",\"potentialAction\":[{\"@type\":\"SearchAction\",\"target\":{\"@type\":\"EntryPoint\",\"urlTemplate\":\"https:\\\/\\\/www.kliinikum.ee\\\/lastekliinik\\\/?s={search_term_string}\"},\"query-input\":{\"@type\":\"PropertyValueSpecification\",\"valueRequired\":true,\"valueName\":\"search_term_string\"}}],\"inLanguage\":\"et\"}]}<\/script>\n<!-- \/ Yoast SEO plugin. -->","yoast_head_json":{"title":"Liikumispuudega inimesele - Lastekliinik","robots":{"index":"index","follow":"follow","max-snippet":"max-snippet:-1","max-image-preview":"max-image-preview:large","max-video-preview":"max-video-preview:-1"},"canonical":"https:\/\/www.kliinikum.ee\/lastekliinik\/patsiendile\/liikumispuudega-inimesele\/","og_locale":"et_EE","og_type":"article","og_title":"Liikumispuudega inimesele - Lastekliinik","og_description":"M-korpuses on kokku 3 invatualetti.","og_url":"https:\/\/www.kliinikum.ee\/lastekliinik\/patsiendile\/liikumispuudega-inimesele\/","og_site_name":"Lastekliinik","article_modified_time":"2024-01-29T12:01:08+00:00","og_image":[{"url":"https:\/\/www.kliinikum.ee\/lastekliinik\/wp-content\/uploads\/2024\/01\/Hoiva.png","type":"","width":"","height":""}],"twitter_card":"summary_large_image","twitter_misc":{"Est. reading time":"1 minut"},"schema":{"@context":"https:\/\/schema.org","@graph":[{"@type":"WebPage","@id":"https:\/\/www.kliinikum.ee\/lastekliinik\/patsiendile\/liikumispuudega-inimesele\/","url":"https:\/\/www.kliinikum.ee\/lastekliinik\/patsiendile\/liikumispuudega-inimesele\/","name":"Liikumispuudega inimesele - Lastekliinik","isPartOf":{"@id":"https:\/\/www.kliinikum.ee\/lastekliinik\/#website"},"primaryImageOfPage":{"@id":"https:\/\/www.kliinikum.ee\/lastekliinik\/patsiendile\/liikumispuudega-inimesele\/#primaryimage"},"image":{"@id":"https:\/\/www.kliinikum.ee\/lastekliinik\/patsiendile\/liikumispuudega-inimesele\/#primaryimage"},"thumbnailUrl":"https:\/\/www.kliinikum.ee\/lastekliinik\/wp-content\/uploads\/2024\/01\/Hoiva.png","datePublished":"2024-01-22T07:43:45+00:00","dateModified":"2024-01-29T12:01:08+00:00","breadcrumb":{"@id":"https:\/\/www.kliinikum.ee\/lastekliinik\/patsiendile\/liikumispuudega-inimesele\/#breadcrumb"},"inLanguage":"et","potentialAction":[{"@type":"ReadAction","target":["https:\/\/www.kliinikum.ee\/lastekliinik\/patsiendile\/liikumispuudega-inimesele\/"]}]},{"@type":"ImageObject","inLanguage":"et","@id":"https:\/\/www.kliinikum.ee\/lastekliinik\/patsiendile\/liikumispuudega-inimesele\/#primaryimage","url":"https:\/\/www.kliinikum.ee\/lastekliinik\/wp-content\/uploads\/2024\/01\/Hoiva.png","contentUrl":"https:\/\/www.kliinikum.ee\/lastekliinik\/wp-content\/uploads\/2024\/01\/Hoiva.png","width":616,"height":133},{"@type":"BreadcrumbList","@id":"https:\/\/www.kliinikum.ee\/lastekliinik\/patsiendile\/liikumispuudega-inimesele\/#breadcrumb","itemListElement":[{"@type":"ListItem","position":1,"name":"Patsiendile","item":"https:\/\/www.kliinikum.ee\/lastekliinik\/patsiendile\/"},{"@type":"ListItem","position":2,"name":"Liikumispuudega inimesele"}]},{"@type":"WebSite","@id":"https:\/\/www.kliinikum.ee\/lastekliinik\/#website","url":"https:\/\/www.kliinikum.ee\/lastekliinik\/","name":"Lastekliinik","description":"Hoolivus, Uuendusmeelsus, P\u00e4devus ja Usaldusv\u00e4\u00e4rsus","potentialAction":[{"@type":"SearchAction","target":{"@type":"EntryPoint","urlTemplate":"https:\/\/www.kliinikum.ee\/lastekliinik\/?s={search_term_string}"},"query-input":{"@type":"PropertyValueSpecification","valueRequired":true,"valueName":"search_term_string"}}],"inLanguage":"et"}]}},"uagb_featured_image_src":{"full":false,"thumbnail":false,"medium":false,"medium_large":false,"large":false,"1536x1536":false,"2048x2048":false},"uagb_author_info":{"display_name":"Jane Freimann","author_link":"https:\/\/www.kliinikum.ee\/lastekliinik\/author\/janef\/"},"uagb_comment_info":0,"uagb_excerpt":"M-korpuses on kokku 3 invatualetti.","_links":{"self":[{"href":"https:\/\/www.kliinikum.ee\/lastekliinik\/wp-json\/wp\/v2\/pages\/6475","targetHints":{"allow":["GET"]}}],"collection":[{"href":"https:\/\/www.kliinikum.ee\/lastekliinik\/wp-json\/wp\/v2\/pages"}],"about":[{"href":"https:\/\/www.kliinikum.ee\/lastekliinik\/wp-json\/wp\/v2\/types\/page"}],"author":[{"embeddable":true,"href":"https:\/\/www.kliinikum.ee\/lastekliinik\/wp-json\/wp\/v2\/users\/35"}],"replies":[{"embeddable":true,"href":"https:\/\/www.kliinikum.ee\/lastekliinik\/wp-json\/wp\/v2\/comments?post=6475"}],"version-history":[{"count":0,"href":"https:\/\/www.kliinikum.ee\/lastekliinik\/wp-json\/wp\/v2\/pages\/6475\/revisions"}],"up":[{"embeddable":true,"href":"https:\/\/www.kliinikum.ee\/lastekliinik\/wp-json\/wp\/v2\/pages\/15"}],"wp:attachment":[{"href":"https:\/\/www.kliinikum.ee\/lastekliinik\/wp-json\/wp\/v2\/media?parent=6475"}],"curies":[{"name":"wp","href":"https:\/\/api.w.org\/{rel}","templated":true}]}}