{"id":6477,"date":"2024-01-22T09:44:45","date_gmt":"2024-01-22T07:44:45","guid":{"rendered":"https:\/\/www.kliinikum.ee\/lastekliinik\/?page_id=6477"},"modified":"2026-01-07T12:17:49","modified_gmt":"2026-01-07T10:17:49","slug":"administratsioon","status":"publish","type":"page","link":"https:\/\/www.kliinikum.ee\/lastekliinik\/kliinikust\/administratsioon\/","title":{"rendered":"Administratsioon"},"content":{"rendered":"\n<p class=\"has-medium-font-size\">Kliinikujuht: prof\u00a0<strong>Tuuli Metsvaht <\/strong><a href=\"mailto:tuuli.metsvaht@kliinikum.ee\">tuuli.metsvaht@kliinikum.ee<\/a><br>Kliiniku \u00f5endusjuht:\u00a0<strong>Evelyn Evert <\/strong><a href=\"mailto:evelyn.evert@kliinikum.ee\">evelyn.evert@kliinikum.ee<\/a><br>Kliiniku administratsiooni assistent:\u00a0<strong>Yvette Benno-Leinola <\/strong><a href=\"mailto:yvette.benno-leinola@kliinikum.ee\">yvette.benno-leinola@kliinikum.ee<\/a><\/p>\n","protected":false},"excerpt":{"rendered":"<p>Kliinikujuht: prof\u00a0Tuuli Metsvaht tuuli.metsvaht@kliinikum.eeKliiniku \u00f5endusjuht:\u00a0Evelyn Evert evelyn.evert@kliinikum.eeKliiniku administratsiooni assistent:\u00a0Yvette Benno-Leinola yvette.benno-leinola@kliinikum.ee<\/p>\n","protected":false},"author":35,"featured_media":0,"parent":17,"menu_order":1,"comment_status":"closed","ping_status":"closed","template":"","meta":{"_acf_changed":false,"_uag_custom_page_level_css":"","footnotes":""},"class_list":["post-6477","page","type-page","status-publish","hentry"],"acf":[],"yoast_head":"<!-- This site is optimized with the Yoast SEO plugin v27.3 - https:\/\/yoast.com\/product\/yoast-seo-wordpress\/ -->\n<title>Administratsioon - Lastekliinik<\/title>\n<meta name=\"robots\" content=\"index, follow, max-snippet:-1, max-image-preview:large, max-video-preview:-1\" \/>\n<link rel=\"canonical\" href=\"https:\/\/www.kliinikum.ee\/lastekliinik\/kliinikust\/administratsioon\/\" \/>\n<meta property=\"og:locale\" content=\"et_EE\" \/>\n<meta property=\"og:type\" content=\"article\" \/>\n<meta property=\"og:title\" content=\"Administratsioon - Lastekliinik\" \/>\n<meta property=\"og:description\" content=\"Kliinikujuht: prof\u00a0Tuuli Metsvaht tuuli.metsvaht@kliinikum.eeKliiniku \u00f5endusjuht:\u00a0Evelyn Evert evelyn.evert@kliinikum.eeKliiniku administratsiooni assistent:\u00a0Yvette Benno-Leinola yvette.benno-leinola@kliinikum.ee\" \/>\n<meta property=\"og:url\" content=\"https:\/\/www.kliinikum.ee\/lastekliinik\/kliinikust\/administratsioon\/\" \/>\n<meta property=\"og:site_name\" content=\"Lastekliinik\" \/>\n<meta property=\"article:modified_time\" content=\"2026-01-07T10:17:49+00:00\" \/>\n<meta name=\"twitter:card\" content=\"summary_large_image\" \/>\n<meta name=\"twitter:label1\" content=\"Est. reading time\" \/>\n\t<meta name=\"twitter:data1\" content=\"1 minut\" \/>\n<script type=\"application\/ld+json\" class=\"yoast-schema-graph\">{\"@context\":\"https:\\\/\\\/schema.org\",\"@graph\":[{\"@type\":\"WebPage\",\"@id\":\"https:\\\/\\\/www.kliinikum.ee\\\/lastekliinik\\\/kliinikust\\\/administratsioon\\\/\",\"url\":\"https:\\\/\\\/www.kliinikum.ee\\\/lastekliinik\\\/kliinikust\\\/administratsioon\\\/\",\"name\":\"Administratsioon - Lastekliinik\",\"isPartOf\":{\"@id\":\"https:\\\/\\\/www.kliinikum.ee\\\/lastekliinik\\\/#website\"},\"datePublished\":\"2024-01-22T07:44:45+00:00\",\"dateModified\":\"2026-01-07T10:17:49+00:00\",\"breadcrumb\":{\"@id\":\"https:\\\/\\\/www.kliinikum.ee\\\/lastekliinik\\\/kliinikust\\\/administratsioon\\\/#breadcrumb\"},\"inLanguage\":\"et\",\"potentialAction\":[{\"@type\":\"ReadAction\",\"target\":[\"https:\\\/\\\/www.kliinikum.ee\\\/lastekliinik\\\/kliinikust\\\/administratsioon\\\/\"]}]},{\"@type\":\"BreadcrumbList\",\"@id\":\"https:\\\/\\\/www.kliinikum.ee\\\/lastekliinik\\\/kliinikust\\\/administratsioon\\\/#breadcrumb\",\"itemListElement\":[{\"@type\":\"ListItem\",\"position\":1,\"name\":\"Kliinikust\",\"item\":\"https:\\\/\\\/www.kliinikum.ee\\\/lastekliinik\\\/kliinikust\\\/\"},{\"@type\":\"ListItem\",\"position\":2,\"name\":\"Administratsioon\"}]},{\"@type\":\"WebSite\",\"@id\":\"https:\\\/\\\/www.kliinikum.ee\\\/lastekliinik\\\/#website\",\"url\":\"https:\\\/\\\/www.kliinikum.ee\\\/lastekliinik\\\/\",\"name\":\"Lastekliinik\",\"description\":\"Hoolivus, Uuendusmeelsus, P\u00e4devus ja Usaldusv\u00e4\u00e4rsus\",\"potentialAction\":[{\"@type\":\"SearchAction\",\"target\":{\"@type\":\"EntryPoint\",\"urlTemplate\":\"https:\\\/\\\/www.kliinikum.ee\\\/lastekliinik\\\/?s={search_term_string}\"},\"query-input\":{\"@type\":\"PropertyValueSpecification\",\"valueRequired\":true,\"valueName\":\"search_term_string\"}}],\"inLanguage\":\"et\"}]}<\/script>\n<!-- \/ Yoast SEO plugin. -->","yoast_head_json":{"title":"Administratsioon - Lastekliinik","robots":{"index":"index","follow":"follow","max-snippet":"max-snippet:-1","max-image-preview":"max-image-preview:large","max-video-preview":"max-video-preview:-1"},"canonical":"https:\/\/www.kliinikum.ee\/lastekliinik\/kliinikust\/administratsioon\/","og_locale":"et_EE","og_type":"article","og_title":"Administratsioon - Lastekliinik","og_description":"Kliinikujuht: prof\u00a0Tuuli Metsvaht tuuli.metsvaht@kliinikum.eeKliiniku \u00f5endusjuht:\u00a0Evelyn Evert evelyn.evert@kliinikum.eeKliiniku administratsiooni assistent:\u00a0Yvette Benno-Leinola yvette.benno-leinola@kliinikum.ee","og_url":"https:\/\/www.kliinikum.ee\/lastekliinik\/kliinikust\/administratsioon\/","og_site_name":"Lastekliinik","article_modified_time":"2026-01-07T10:17:49+00:00","twitter_card":"summary_large_image","twitter_misc":{"Est. reading time":"1 minut"},"schema":{"@context":"https:\/\/schema.org","@graph":[{"@type":"WebPage","@id":"https:\/\/www.kliinikum.ee\/lastekliinik\/kliinikust\/administratsioon\/","url":"https:\/\/www.kliinikum.ee\/lastekliinik\/kliinikust\/administratsioon\/","name":"Administratsioon - Lastekliinik","isPartOf":{"@id":"https:\/\/www.kliinikum.ee\/lastekliinik\/#website"},"datePublished":"2024-01-22T07:44:45+00:00","dateModified":"2026-01-07T10:17:49+00:00","breadcrumb":{"@id":"https:\/\/www.kliinikum.ee\/lastekliinik\/kliinikust\/administratsioon\/#breadcrumb"},"inLanguage":"et","potentialAction":[{"@type":"ReadAction","target":["https:\/\/www.kliinikum.ee\/lastekliinik\/kliinikust\/administratsioon\/"]}]},{"@type":"BreadcrumbList","@id":"https:\/\/www.kliinikum.ee\/lastekliinik\/kliinikust\/administratsioon\/#breadcrumb","itemListElement":[{"@type":"ListItem","position":1,"name":"Kliinikust","item":"https:\/\/www.kliinikum.ee\/lastekliinik\/kliinikust\/"},{"@type":"ListItem","position":2,"name":"Administratsioon"}]},{"@type":"WebSite","@id":"https:\/\/www.kliinikum.ee\/lastekliinik\/#website","url":"https:\/\/www.kliinikum.ee\/lastekliinik\/","name":"Lastekliinik","description":"Hoolivus, Uuendusmeelsus, P\u00e4devus ja Usaldusv\u00e4\u00e4rsus","potentialAction":[{"@type":"SearchAction","target":{"@type":"EntryPoint","urlTemplate":"https:\/\/www.kliinikum.ee\/lastekliinik\/?s={search_term_string}"},"query-input":{"@type":"PropertyValueSpecification","valueRequired":true,"valueName":"search_term_string"}}],"inLanguage":"et"}]}},"uagb_featured_image_src":{"full":false,"thumbnail":false,"medium":false,"medium_large":false,"large":false,"1536x1536":false,"2048x2048":false},"uagb_author_info":{"display_name":"Jane Freimann","author_link":"https:\/\/www.kliinikum.ee\/lastekliinik\/author\/janef\/"},"uagb_comment_info":0,"uagb_excerpt":"Kliinikujuht: prof\u00a0Tuuli Metsvaht tuuli.metsvaht@kliinikum.eeKliiniku \u00f5endusjuht:\u00a0Evelyn Evert evelyn.evert@kliinikum.eeKliiniku administratsiooni assistent:\u00a0Yvette Benno-Leinola yvette.benno-leinola@kliinikum.ee","_links":{"self":[{"href":"https:\/\/www.kliinikum.ee\/lastekliinik\/wp-json\/wp\/v2\/pages\/6477","targetHints":{"allow":["GET"]}}],"collection":[{"href":"https:\/\/www.kliinikum.ee\/lastekliinik\/wp-json\/wp\/v2\/pages"}],"about":[{"href":"https:\/\/www.kliinikum.ee\/lastekliinik\/wp-json\/wp\/v2\/types\/page"}],"author":[{"embeddable":true,"href":"https:\/\/www.kliinikum.ee\/lastekliinik\/wp-json\/wp\/v2\/users\/35"}],"replies":[{"embeddable":true,"href":"https:\/\/www.kliinikum.ee\/lastekliinik\/wp-json\/wp\/v2\/comments?post=6477"}],"version-history":[{"count":0,"href":"https:\/\/www.kliinikum.ee\/lastekliinik\/wp-json\/wp\/v2\/pages\/6477\/revisions"}],"up":[{"embeddable":true,"href":"https:\/\/www.kliinikum.ee\/lastekliinik\/wp-json\/wp\/v2\/pages\/17"}],"wp:attachment":[{"href":"https:\/\/www.kliinikum.ee\/lastekliinik\/wp-json\/wp\/v2\/media?parent=6477"}],"curies":[{"name":"wp","href":"https:\/\/api.w.org\/{rel}","templated":true}]}}