{"id":6532,"date":"2024-02-08T09:39:11","date_gmt":"2024-02-08T07:39:11","guid":{"rendered":"https:\/\/www.kliinikum.ee\/lastekliinik\/?page_id=6532"},"modified":"2025-11-28T08:09:54","modified_gmt":"2025-11-28T06:09:54","slug":"erakorraline-vastuvott","status":"publish","type":"page","link":"https:\/\/www.kliinikum.ee\/lastekliinik\/patsiendile\/erakorraline-vastuvott\/","title":{"rendered":"Erakorraline vastuv\u00f5tt"},"content":{"rendered":"\n<p class=\"has-medium-font-size\"><strong>L. Puusepa 8, M-korpus<br>Valvearsti telefon: 731 9512<\/strong><\/p>\n\n\n<div class=\"wp-block-image\">\n<figure class=\"alignright size-large is-resized\"><img loading=\"lazy\" decoding=\"async\" width=\"1024\" height=\"767\" src=\"https:\/\/www.kliinikum.ee\/lastekliinik\/wp-content\/uploads\/2024\/02\/image-1024x767.png\" alt=\"\" class=\"wp-image-6533\" style=\"aspect-ratio:1.3350717079530638;width:558px;height:auto\" srcset=\"https:\/\/www.kliinikum.ee\/lastekliinik\/wp-content\/uploads\/2024\/02\/image-1024x767.png 1024w, https:\/\/www.kliinikum.ee\/lastekliinik\/wp-content\/uploads\/2024\/02\/image-300x225.png 300w, https:\/\/www.kliinikum.ee\/lastekliinik\/wp-content\/uploads\/2024\/02\/image-768x575.png 768w, https:\/\/www.kliinikum.ee\/lastekliinik\/wp-content\/uploads\/2024\/02\/image.png 1500w\" sizes=\"auto, (max-width: 1024px) 100vw, 1024px\" \/><\/figure>\n<\/div>\n\n\n<p class=\"has-medium-font-size\">Sisenemine erakorralise meditsiini osakonna uksest L. Puusepa t\u00e4navalt.<\/p>\n\n\n\n<div data-wp-interactive=\"core\/file\" class=\"wp-block-file\"><object data-wp-bind--hidden=\"!state.hasPdfPreview\" hidden class=\"wp-block-file__embed\" data=\"https:\/\/www.kliinikum.ee\/lastekliinik\/wp-content\/uploads\/2025\/11\/Lapse-teekond-EMO-s-oige.pdf\" type=\"application\/pdf\" style=\"width:100%;height:600px\" aria-label=\"Lisa Lapse teekond EMO-s.\"><\/object><a id=\"wp-block-file--media-68e7e805-aa3c-4825-89f1-5bf6bd1ea06e\" href=\"https:\/\/www.kliinikum.ee\/lastekliinik\/wp-content\/uploads\/2025\/11\/Lapse-teekond-EMO-s-oige.pdf\">Lapse teekond EMO-s<\/a><a href=\"https:\/\/www.kliinikum.ee\/lastekliinik\/wp-content\/uploads\/2025\/11\/Lapse-teekond-EMO-s-oige.pdf\" class=\"wp-block-file__button wp-element-button\" download aria-describedby=\"wp-block-file--media-68e7e805-aa3c-4825-89f1-5bf6bd1ea06e\">Laadi alla<\/a><\/div>\n\n\n\n<p class=\"has-medium-font-size\">Erakorralist arstiabi antakse lastehaiglas \u00f6\u00f6p\u00e4evaringselt kuni 18-aastastele patisentidele. Vajadusel suunatakse vanemad patsiendid t\u00e4iskasvanute EMOsse.<\/p>\n\n\n\n<p class=\"has-medium-font-size\"><strong>Erakorralise abi osutamine<\/strong><\/p>\n\n\n\n<p class=\"has-medium-font-size\">Valvepersonal tegeleb lastega vastavalt p\u00f6\u00f6rdumise ajale elavas j\u00e4rjekorras. Eelisj\u00e4rjekorras antakse abi raskemas seisundis haigetele.<\/p>\n\n\n\n<p class=\"has-medium-font-size\">Abivajaduse kiiruse m\u00e4\u00e4rab \u00f5de, kes teeb haigele triaa\u017ei:<\/p>\n\n\n\n<ul class=\"wp-block-list\">\n<li class=\"has-medium-font-size\">k\u00fcsitleb patisenti\/vanemat kaebuste suhtes<\/li>\n\n\n\n<li class=\"has-medium-font-size\">m\u00f5\u00f5dab patsiendi olulised tervisen\u00e4itajad<\/li>\n\n\n\n<li class=\"has-medium-font-size\">dokumenteerib andmed<\/li>\n\n\n\n<li class=\"has-medium-font-size\">otsustab arstivisiidi kiiruse, eriarstiabi vajaduse ja haige paigutamise (intensiivravi saal, j\u00e4lgimispalat, l\u00e4bivaatuse ruum) vastavalt triaa\u017ei: kategooriale (vt. allolev tabel)<\/li>\n\n\n\n<li class=\"has-medium-font-size\">seisundite puhul, mis ei eelda arsti l\u00e4bivaatust, n\u00f5ustab kogenud \u00f5de patsienti ja\/v\u00f5i lapsevanemaid esimesel v\u00f5imalusel<\/li>\n<\/ul>\n\n\n\n<h3 class=\"wp-block-heading has-medium-font-size\">Lastekliiniku erakorralisse vastuv\u00f5ttu p\u00f6\u00f6rdumisel<\/h3>\n\n\n\n<ul class=\"wp-block-list\">\n<li class=\"has-medium-font-size\">v\u00f5tke v\u00f5imalusel kaasa eelnevate uuringute andmed, haigusloo v\u00e4ljav\u00f5tted ning nimekiri ravimitest, mida laps tarvitab<\/li>\n\n\n\n<li class=\"has-medium-font-size\">esitage vastuv\u00f5tu kabinetis lapse isikut t\u00f5endav dokument<\/li>\n\n\n\n<li class=\"has-medium-font-size\">vastake k\u00f5ikidele k\u00fcsimustele lapse terviseprobleemi kohta, et t\u00e4pselt m\u00e4\u00e4ratleda lapse seisundi erakorralisus ja abivajamise meetod<\/li>\n\n\n\n<li class=\"has-medium-font-size\">teavitage \u00f5de v\u00f5i arsti, kui lapsel on esinenud allergiaid<\/li>\n<\/ul>\n\n\n\n<h3 class=\"wp-block-heading has-medium-font-size\">Visiiditasu<\/h3>\n\n\n\n<p class=\"has-medium-font-size\"><strong>1. aprillist 2025 on ambulatoorse eriarsti visiiditasu ravikindlustatud isikutele 20 eurot<\/strong>. Visiiditasu kehtib ka erakorralise meditsiini osakonnas<br>Visiiditasu ei v\u00f5eta juhtudel, mis on kirjeldatud&nbsp;<a href=\"https:\/\/www.kliinikum.ee\/patsiendile\/eriarsti-vastuvott\/\">SIIN<\/a>.<\/p>\n","protected":false},"excerpt":{"rendered":"<p>L. Puusepa 8, M-korpusValvearsti telefon: 731 9512 Sisenemine erakorralise meditsiini osakonna uksest L. Puusepa t\u00e4navalt. Erakorralist arstiabi antakse lastehaiglas \u00f6\u00f6p\u00e4evaringselt kuni 18-aastastele patisentidele. Vajadusel suunatakse vanemad patsiendid t\u00e4iskasvanute EMOsse. Erakorralise abi osutamine Valvepersonal tegeleb lastega vastavalt p\u00f6\u00f6rdumise ajale elavas j\u00e4rjekorras. Eelisj\u00e4rjekorras antakse abi raskemas seisundis haigetele. Abivajaduse kiiruse m\u00e4\u00e4rab \u00f5de, kes teeb haigele triaa\u017ei: Lastekliiniku [&hellip;]<\/p>\n","protected":false},"author":34,"featured_media":0,"parent":15,"menu_order":1,"comment_status":"closed","ping_status":"closed","template":"","meta":{"_acf_changed":false,"_uag_custom_page_level_css":"","footnotes":""},"class_list":["post-6532","page","type-page","status-publish","hentry"],"acf":[],"yoast_head":"<!-- This site is optimized with the Yoast SEO plugin v27.5 - https:\/\/yoast.com\/product\/yoast-seo-wordpress\/ -->\n<title>Erakorraline vastuv\u00f5tt - Lastekliinik<\/title>\n<meta name=\"robots\" content=\"index, follow, max-snippet:-1, max-image-preview:large, max-video-preview:-1\" \/>\n<link rel=\"canonical\" href=\"https:\/\/www.kliinikum.ee\/lastekliinik\/patsiendile\/erakorraline-vastuvott\/\" \/>\n<meta property=\"og:locale\" content=\"et_EE\" \/>\n<meta property=\"og:type\" content=\"article\" \/>\n<meta property=\"og:title\" content=\"Erakorraline vastuv\u00f5tt - Lastekliinik\" \/>\n<meta property=\"og:description\" content=\"L. Puusepa 8, M-korpusValvearsti telefon: 731 9512 Sisenemine erakorralise meditsiini osakonna uksest L. Puusepa t\u00e4navalt. Erakorralist arstiabi antakse lastehaiglas \u00f6\u00f6p\u00e4evaringselt kuni 18-aastastele patisentidele. Vajadusel suunatakse vanemad patsiendid t\u00e4iskasvanute EMOsse. Erakorralise abi osutamine Valvepersonal tegeleb lastega vastavalt p\u00f6\u00f6rdumise ajale elavas j\u00e4rjekorras. Eelisj\u00e4rjekorras antakse abi raskemas seisundis haigetele. Abivajaduse kiiruse m\u00e4\u00e4rab \u00f5de, kes teeb haigele triaa\u017ei: Lastekliiniku [&hellip;]\" \/>\n<meta property=\"og:url\" content=\"https:\/\/www.kliinikum.ee\/lastekliinik\/patsiendile\/erakorraline-vastuvott\/\" \/>\n<meta property=\"og:site_name\" content=\"Lastekliinik\" \/>\n<meta property=\"article:modified_time\" content=\"2025-11-28T06:09:54+00:00\" \/>\n<meta property=\"og:image\" content=\"https:\/\/www.kliinikum.ee\/lastekliinik\/wp-content\/uploads\/2024\/02\/image-1024x767.png\" \/>\n\t<meta property=\"og:image:width\" content=\"1024\" \/>\n\t<meta property=\"og:image:height\" content=\"767\" \/>\n\t<meta property=\"og:image:type\" content=\"image\/png\" \/>\n<meta name=\"twitter:card\" content=\"summary_large_image\" \/>\n<meta name=\"twitter:label1\" content=\"Est. reading time\" \/>\n\t<meta name=\"twitter:data1\" content=\"2 minutit\" \/>\n<script type=\"application\/ld+json\" class=\"yoast-schema-graph\">{\"@context\":\"https:\\\/\\\/schema.org\",\"@graph\":[{\"@type\":\"WebPage\",\"@id\":\"https:\\\/\\\/www.kliinikum.ee\\\/lastekliinik\\\/patsiendile\\\/erakorraline-vastuvott\\\/\",\"url\":\"https:\\\/\\\/www.kliinikum.ee\\\/lastekliinik\\\/patsiendile\\\/erakorraline-vastuvott\\\/\",\"name\":\"Erakorraline vastuv\u00f5tt - Lastekliinik\",\"isPartOf\":{\"@id\":\"https:\\\/\\\/www.kliinikum.ee\\\/lastekliinik\\\/#website\"},\"primaryImageOfPage\":{\"@id\":\"https:\\\/\\\/www.kliinikum.ee\\\/lastekliinik\\\/patsiendile\\\/erakorraline-vastuvott\\\/#primaryimage\"},\"image\":{\"@id\":\"https:\\\/\\\/www.kliinikum.ee\\\/lastekliinik\\\/patsiendile\\\/erakorraline-vastuvott\\\/#primaryimage\"},\"thumbnailUrl\":\"https:\\\/\\\/www.kliinikum.ee\\\/lastekliinik\\\/wp-content\\\/uploads\\\/2024\\\/02\\\/image-1024x767.png\",\"datePublished\":\"2024-02-08T07:39:11+00:00\",\"dateModified\":\"2025-11-28T06:09:54+00:00\",\"breadcrumb\":{\"@id\":\"https:\\\/\\\/www.kliinikum.ee\\\/lastekliinik\\\/patsiendile\\\/erakorraline-vastuvott\\\/#breadcrumb\"},\"inLanguage\":\"et\",\"potentialAction\":[{\"@type\":\"ReadAction\",\"target\":[\"https:\\\/\\\/www.kliinikum.ee\\\/lastekliinik\\\/patsiendile\\\/erakorraline-vastuvott\\\/\"]}]},{\"@type\":\"ImageObject\",\"inLanguage\":\"et\",\"@id\":\"https:\\\/\\\/www.kliinikum.ee\\\/lastekliinik\\\/patsiendile\\\/erakorraline-vastuvott\\\/#primaryimage\",\"url\":\"https:\\\/\\\/www.kliinikum.ee\\\/lastekliinik\\\/wp-content\\\/uploads\\\/2024\\\/02\\\/image.png\",\"contentUrl\":\"https:\\\/\\\/www.kliinikum.ee\\\/lastekliinik\\\/wp-content\\\/uploads\\\/2024\\\/02\\\/image.png\",\"width\":1500,\"height\":1123},{\"@type\":\"BreadcrumbList\",\"@id\":\"https:\\\/\\\/www.kliinikum.ee\\\/lastekliinik\\\/patsiendile\\\/erakorraline-vastuvott\\\/#breadcrumb\",\"itemListElement\":[{\"@type\":\"ListItem\",\"position\":1,\"name\":\"Patsiendile\",\"item\":\"https:\\\/\\\/www.kliinikum.ee\\\/lastekliinik\\\/patsiendile\\\/\"},{\"@type\":\"ListItem\",\"position\":2,\"name\":\"Erakorraline vastuv\u00f5tt\"}]},{\"@type\":\"WebSite\",\"@id\":\"https:\\\/\\\/www.kliinikum.ee\\\/lastekliinik\\\/#website\",\"url\":\"https:\\\/\\\/www.kliinikum.ee\\\/lastekliinik\\\/\",\"name\":\"Lastekliinik\",\"description\":\"Hoolivus, Uuendusmeelsus, P\u00e4devus ja Usaldusv\u00e4\u00e4rsus\",\"potentialAction\":[{\"@type\":\"SearchAction\",\"target\":{\"@type\":\"EntryPoint\",\"urlTemplate\":\"https:\\\/\\\/www.kliinikum.ee\\\/lastekliinik\\\/?s={search_term_string}\"},\"query-input\":{\"@type\":\"PropertyValueSpecification\",\"valueRequired\":true,\"valueName\":\"search_term_string\"}}],\"inLanguage\":\"et\"}]}<\/script>\n<!-- \/ Yoast SEO plugin. -->","yoast_head_json":{"title":"Erakorraline vastuv\u00f5tt - Lastekliinik","robots":{"index":"index","follow":"follow","max-snippet":"max-snippet:-1","max-image-preview":"max-image-preview:large","max-video-preview":"max-video-preview:-1"},"canonical":"https:\/\/www.kliinikum.ee\/lastekliinik\/patsiendile\/erakorraline-vastuvott\/","og_locale":"et_EE","og_type":"article","og_title":"Erakorraline vastuv\u00f5tt - Lastekliinik","og_description":"L. Puusepa 8, M-korpusValvearsti telefon: 731 9512 Sisenemine erakorralise meditsiini osakonna uksest L. Puusepa t\u00e4navalt. Erakorralist arstiabi antakse lastehaiglas \u00f6\u00f6p\u00e4evaringselt kuni 18-aastastele patisentidele. Vajadusel suunatakse vanemad patsiendid t\u00e4iskasvanute EMOsse. Erakorralise abi osutamine Valvepersonal tegeleb lastega vastavalt p\u00f6\u00f6rdumise ajale elavas j\u00e4rjekorras. Eelisj\u00e4rjekorras antakse abi raskemas seisundis haigetele. Abivajaduse kiiruse m\u00e4\u00e4rab \u00f5de, kes teeb haigele triaa\u017ei: Lastekliiniku [&hellip;]","og_url":"https:\/\/www.kliinikum.ee\/lastekliinik\/patsiendile\/erakorraline-vastuvott\/","og_site_name":"Lastekliinik","article_modified_time":"2025-11-28T06:09:54+00:00","og_image":[{"width":1024,"height":767,"url":"https:\/\/www.kliinikum.ee\/lastekliinik\/wp-content\/uploads\/2024\/02\/image-1024x767.png","type":"image\/png"}],"twitter_card":"summary_large_image","twitter_misc":{"Est. reading time":"2 minutit"},"schema":{"@context":"https:\/\/schema.org","@graph":[{"@type":"WebPage","@id":"https:\/\/www.kliinikum.ee\/lastekliinik\/patsiendile\/erakorraline-vastuvott\/","url":"https:\/\/www.kliinikum.ee\/lastekliinik\/patsiendile\/erakorraline-vastuvott\/","name":"Erakorraline vastuv\u00f5tt - Lastekliinik","isPartOf":{"@id":"https:\/\/www.kliinikum.ee\/lastekliinik\/#website"},"primaryImageOfPage":{"@id":"https:\/\/www.kliinikum.ee\/lastekliinik\/patsiendile\/erakorraline-vastuvott\/#primaryimage"},"image":{"@id":"https:\/\/www.kliinikum.ee\/lastekliinik\/patsiendile\/erakorraline-vastuvott\/#primaryimage"},"thumbnailUrl":"https:\/\/www.kliinikum.ee\/lastekliinik\/wp-content\/uploads\/2024\/02\/image-1024x767.png","datePublished":"2024-02-08T07:39:11+00:00","dateModified":"2025-11-28T06:09:54+00:00","breadcrumb":{"@id":"https:\/\/www.kliinikum.ee\/lastekliinik\/patsiendile\/erakorraline-vastuvott\/#breadcrumb"},"inLanguage":"et","potentialAction":[{"@type":"ReadAction","target":["https:\/\/www.kliinikum.ee\/lastekliinik\/patsiendile\/erakorraline-vastuvott\/"]}]},{"@type":"ImageObject","inLanguage":"et","@id":"https:\/\/www.kliinikum.ee\/lastekliinik\/patsiendile\/erakorraline-vastuvott\/#primaryimage","url":"https:\/\/www.kliinikum.ee\/lastekliinik\/wp-content\/uploads\/2024\/02\/image.png","contentUrl":"https:\/\/www.kliinikum.ee\/lastekliinik\/wp-content\/uploads\/2024\/02\/image.png","width":1500,"height":1123},{"@type":"BreadcrumbList","@id":"https:\/\/www.kliinikum.ee\/lastekliinik\/patsiendile\/erakorraline-vastuvott\/#breadcrumb","itemListElement":[{"@type":"ListItem","position":1,"name":"Patsiendile","item":"https:\/\/www.kliinikum.ee\/lastekliinik\/patsiendile\/"},{"@type":"ListItem","position":2,"name":"Erakorraline vastuv\u00f5tt"}]},{"@type":"WebSite","@id":"https:\/\/www.kliinikum.ee\/lastekliinik\/#website","url":"https:\/\/www.kliinikum.ee\/lastekliinik\/","name":"Lastekliinik","description":"Hoolivus, Uuendusmeelsus, P\u00e4devus ja Usaldusv\u00e4\u00e4rsus","potentialAction":[{"@type":"SearchAction","target":{"@type":"EntryPoint","urlTemplate":"https:\/\/www.kliinikum.ee\/lastekliinik\/?s={search_term_string}"},"query-input":{"@type":"PropertyValueSpecification","valueRequired":true,"valueName":"search_term_string"}}],"inLanguage":"et"}]}},"uagb_featured_image_src":{"full":false,"thumbnail":false,"medium":false,"medium_large":false,"large":false,"1536x1536":false,"2048x2048":false},"uagb_author_info":{"display_name":"Yvette Benno-Leinola","author_link":"https:\/\/www.kliinikum.ee\/lastekliinik\/author\/yvetteb\/"},"uagb_comment_info":0,"uagb_excerpt":"L. Puusepa 8, M-korpusValvearsti telefon: 731 9512 Sisenemine erakorralise meditsiini osakonna uksest L. Puusepa t\u00e4navalt. Erakorralist arstiabi antakse lastehaiglas \u00f6\u00f6p\u00e4evaringselt kuni 18-aastastele patisentidele. Vajadusel suunatakse vanemad patsiendid t\u00e4iskasvanute EMOsse. Erakorralise abi osutamine Valvepersonal tegeleb lastega vastavalt p\u00f6\u00f6rdumise ajale elavas j\u00e4rjekorras. Eelisj\u00e4rjekorras antakse abi raskemas seisundis haigetele. Abivajaduse kiiruse m\u00e4\u00e4rab \u00f5de, kes teeb haigele triaa\u017ei: Lastekliiniku&hellip;","_links":{"self":[{"href":"https:\/\/www.kliinikum.ee\/lastekliinik\/wp-json\/wp\/v2\/pages\/6532","targetHints":{"allow":["GET"]}}],"collection":[{"href":"https:\/\/www.kliinikum.ee\/lastekliinik\/wp-json\/wp\/v2\/pages"}],"about":[{"href":"https:\/\/www.kliinikum.ee\/lastekliinik\/wp-json\/wp\/v2\/types\/page"}],"author":[{"embeddable":true,"href":"https:\/\/www.kliinikum.ee\/lastekliinik\/wp-json\/wp\/v2\/users\/34"}],"replies":[{"embeddable":true,"href":"https:\/\/www.kliinikum.ee\/lastekliinik\/wp-json\/wp\/v2\/comments?post=6532"}],"version-history":[{"count":0,"href":"https:\/\/www.kliinikum.ee\/lastekliinik\/wp-json\/wp\/v2\/pages\/6532\/revisions"}],"up":[{"embeddable":true,"href":"https:\/\/www.kliinikum.ee\/lastekliinik\/wp-json\/wp\/v2\/pages\/15"}],"wp:attachment":[{"href":"https:\/\/www.kliinikum.ee\/lastekliinik\/wp-json\/wp\/v2\/media?parent=6532"}],"curies":[{"name":"wp","href":"https:\/\/api.w.org\/{rel}","templated":true}]}}