{"id":6539,"date":"2024-02-08T09:53:39","date_gmt":"2024-02-08T07:53:39","guid":{"rendered":"https:\/\/www.kliinikum.ee\/lastekliinik\/?page_id=6539"},"modified":"2026-01-07T12:10:58","modified_gmt":"2026-01-07T10:10:58","slug":"ambulatoorne-vastuvott","status":"publish","type":"page","link":"https:\/\/www.kliinikum.ee\/lastekliinik\/patsiendile\/ambulatoorne-vastuvott\/","title":{"rendered":"Ambulatoorne vastuv\u00f5tt"},"content":{"rendered":"\n<p class=\"has-medium-font-size\"><strong>Lastekliiniku ambulatoorsetele vastuv\u00f5ttudele ja haiglaravile p\u00f6\u00f6rdujatel palume registreerida oma saabumine M-korpuse registratuuris.<\/strong> <strong>Peauksest tulles liikuda m\u00f6\u00f6da pallirada M-korpuseni.<\/strong><br>Registratuuris toimub vastuv\u00f5tukabinetti suunamine ning plaaniliste patsientide haiguslugude vormistamine.<\/p>\n\n\n<div class=\"wp-block-image\">\n<figure class=\"alignright size-large is-resized\"><img loading=\"lazy\" decoding=\"async\" width=\"1024\" height=\"768\" src=\"https:\/\/www.kliinikum.ee\/lastekliinik\/wp-content\/uploads\/2024\/02\/5-1024x768.jpg\" alt=\"\" class=\"wp-image-6578\" style=\"width:476px;height:auto\" srcset=\"https:\/\/www.kliinikum.ee\/lastekliinik\/wp-content\/uploads\/2024\/02\/5-1024x768.jpg 1024w, https:\/\/www.kliinikum.ee\/lastekliinik\/wp-content\/uploads\/2024\/02\/5-300x225.jpg 300w, https:\/\/www.kliinikum.ee\/lastekliinik\/wp-content\/uploads\/2024\/02\/5-768x576.jpg 768w, https:\/\/www.kliinikum.ee\/lastekliinik\/wp-content\/uploads\/2024\/02\/5-1536x1152.jpg 1536w, https:\/\/www.kliinikum.ee\/lastekliinik\/wp-content\/uploads\/2024\/02\/5-2048x1536.jpg 2048w, https:\/\/www.kliinikum.ee\/lastekliinik\/wp-content\/uploads\/2024\/02\/5-scaled.jpg 2560w\" sizes=\"auto, (max-width: 1024px) 100vw, 1024px\" \/><\/figure>\n<\/div>\n\n\n<p class=\"has-medium-font-size\"><strong>M-korpuse registratuur on avatud:\u00a0<\/strong>E-R\u00a07.30-17.30<\/p>\n\n\n\n<p class=\"has-medium-font-size\">N\u00e4dalavahetustel on M-korpuse registratuur suletud, sel juhul palume p\u00f6\u00f6rduda registratuuridesse, mis asuvad peasissep\u00e4\u00e4sude juures.<\/p>\n\n\n\n<p class=\"has-medium-font-size\"><br><strong>D-korpuse registratuur <\/strong>\u00a0E\u2013R 07.30\u201317.00, L\u00a008.30\u201313.30, (P 08.30\u201315.00 haiglasse vormistamine)<br><strong>J-korpuse registratuur<\/strong>\u00a0 E\u2013R 07.00\u201318.00, L 08.30\u201313.30, (P 08.30\u201313.30 haiglasse vormistamine)<\/p>\n\n\n\n<p class=\"has-medium-font-size\"><strong>M-korpuse riidehoid on avatud<\/strong><strong>: E-R 7.30-18.<\/strong><br><strong>N\u00e4dalavahetusel saab \u00fcleriided j\u00e4tta peauste juures asuvatesse riidehoidudesse.<\/strong><\/p>\n\n\n\n<p class=\"has-medium-font-size\"><strong>Lastekirurgide vastuv\u00f5tt ja vastuv\u00f5tule registreerimine toimub samuti n\u00fc\u00fcd M-korpuses<\/strong>, v\u00e4lja arvatud juhul, kui p\u00f6\u00f6rdute trauma j\u00e4rgselt korduvale vastuv\u00f5tule. Sel juhul registreerige oma saabumine peasissep\u00e4\u00e4su registratuuris ning suunduge A-korpusesse.<\/p>\n\n\n\n<h1 class=\"wp-block-heading\" id=\"headline-13-104\">Eriarsti vastuv\u00f5tt<\/h1>\n\n\n\n<p class=\"has-medium-font-size\"><strong>Vastuv\u00f5tule registreerimine<\/strong><\/p>\n\n\n\n<p class=\"has-medium-font-size\">Eriarsti vastuv\u00f5tule saab registreerida&nbsp;<a href=\"https:\/\/www.digilugu.ee\/login\" target=\"_blank\" rel=\"noreferrer noopener\">digiregistratuuri<\/a>, portaali&nbsp;<a href=\"https:\/\/epatsient.kliinikum.ee\/\" target=\"_blank\" rel=\"noreferrer noopener\">ePatsient<\/a>&nbsp;ja kodulehe&nbsp;<a href=\"https:\/\/www.kliinikum.ee\/patsiendile\/eriarsti-vastuvott\/aja-broneerimine\/\">vormi<\/a>&nbsp;kaudu ning telefoni teel 731 9100 (E-R 07.30-18.00) v\u00f5i registraatori juures kohapeal.<\/p>\n\n\n\n<p class=\"has-medium-font-size\">Vastuv\u00f5tule registreerimiseks on vajalik perearsti saatekiri. Kui Teil puudub saatekiri v\u00f5i soovite tervishoiuteenust v\u00e4ljaspool ravij\u00e4rjekorda, v\u00f5ite p\u00f6\u00f6rduda eriarsti tasulisele vastuv\u00f5tule.<\/p>\n\n\n\n<p class=\"has-medium-font-size\">Tartu \u00dclikooli Kliinikumi eriarstide uued vastuv\u00f5tuajad avatakse iga kolme kuu j\u00e4rel. Kui hetkel ei ole Teile n\u00e4htavad vabad vastuv\u00f5tuajad, siis on olemasolevad broneeritud. Vabade aegade tekkimist saate j\u00e4lgida&nbsp;<a href=\"https:\/\/epatsient.kliinikum.ee\/login\">ePatsiendi<\/a>&nbsp;ja&nbsp;<a href=\"https:\/\/www.digilugu.ee\/login?redirectTo=DR_PORTAL\">digiregistratuuri<\/a>&nbsp;portaalides, kuhu ilmuvad ka patsientide t\u00fchistatud ajad. Digiregistratuuris on v\u00f5imalik end mitmel erialal lisada ka ootej\u00e4rjekorda. Selleks, et kiiremini p\u00e4\u00e4seda eriarstile, soovitame aja broneerimisel l\u00e4htuda soovitud erialast (nt neuroloog), mitte kindlast arstist.<\/p>\n\n\n\n<p class=\"has-medium-font-size\"><strong>Vastuv\u00f5tule palun kaasa v\u00f5tta<\/strong><\/p>\n\n\n\n<ul class=\"wp-block-list\">\n<li class=\"has-medium-font-size\">Teid suunanud arsti saatekiri (juhul kui saatekiri ei ole digitaalne);<\/li>\n\n\n\n<li class=\"has-medium-font-size\">isikut t\u00f5endav fotoga dokument (pass\/juhiluba\/pensionitunnistus\/ID kaart\/\u00f5pilaspilet);<\/li>\n\n\n\n<li class=\"has-medium-font-size\">eelnevate uuringute andmed;<\/li>\n\n\n\n<li class=\"has-medium-font-size\">visiiditasu 5 eurot (<a href=\"https:\/\/www.kliinikum.ee\/patsiendile\/dokumendid-patsiendile\/tervishoiuteenuse-osutamise-uldtingimused\/\">Tervishoiuteenuse osutamise \u00fcldtingimused<\/a>)<\/li>\n<\/ul>\n\n\n\n<p class=\"has-medium-font-size\"><strong>Vastuv\u00f5tuaja t\u00fchistamiseks<\/strong><\/p>\n\n\n\n<ul class=\"wp-block-list has-medium-font-size\">\n<li>helistage telefonil 731 9100 (E-R 07.30-18.00) v\u00f5i<\/li>\n\n\n\n<li>edastage oma soov kliinikumi kodulehe \u201cPatsiendile\u201d rubriigis (Eriarsti vastuv\u00f5tt \u2013 Vastuv\u00f5tuaja t\u00fchistamine).<\/li>\n<\/ul>\n","protected":false},"excerpt":{"rendered":"<p>Lastekliiniku ambulatoorsetele vastuv\u00f5ttudele ja haiglaravile p\u00f6\u00f6rdujatel palume registreerida oma saabumine M-korpuse registratuuris. Peauksest tulles liikuda m\u00f6\u00f6da pallirada M-korpuseni.Registratuuris toimub vastuv\u00f5tukabinetti suunamine ning plaaniliste patsientide haiguslugude vormistamine. M-korpuse registratuur on avatud:\u00a0E-R\u00a07.30-17.30 N\u00e4dalavahetustel on M-korpuse registratuur suletud, sel juhul palume p\u00f6\u00f6rduda registratuuridesse, mis asuvad peasissep\u00e4\u00e4sude juures. D-korpuse registratuur \u00a0E\u2013R 07.30\u201317.00, L\u00a008.30\u201313.30, (P 08.30\u201315.00 haiglasse vormistamine)J-korpuse registratuur\u00a0 E\u2013R [&hellip;]<\/p>\n","protected":false},"author":34,"featured_media":0,"parent":15,"menu_order":3,"comment_status":"closed","ping_status":"closed","template":"","meta":{"_acf_changed":false,"_uag_custom_page_level_css":"","footnotes":""},"class_list":["post-6539","page","type-page","status-publish","hentry"],"acf":[],"yoast_head":"<!-- This site is optimized with the Yoast SEO plugin v27.5 - https:\/\/yoast.com\/product\/yoast-seo-wordpress\/ -->\n<title>Ambulatoorne vastuv\u00f5tt - Lastekliinik<\/title>\n<meta name=\"robots\" content=\"index, follow, max-snippet:-1, max-image-preview:large, max-video-preview:-1\" \/>\n<link rel=\"canonical\" href=\"https:\/\/www.kliinikum.ee\/lastekliinik\/patsiendile\/ambulatoorne-vastuvott\/\" \/>\n<meta property=\"og:locale\" content=\"et_EE\" \/>\n<meta property=\"og:type\" content=\"article\" \/>\n<meta property=\"og:title\" content=\"Ambulatoorne vastuv\u00f5tt - Lastekliinik\" \/>\n<meta property=\"og:description\" content=\"Lastekliiniku ambulatoorsetele vastuv\u00f5ttudele ja haiglaravile p\u00f6\u00f6rdujatel palume registreerida oma saabumine M-korpuse registratuuris. Peauksest tulles liikuda m\u00f6\u00f6da pallirada M-korpuseni.Registratuuris toimub vastuv\u00f5tukabinetti suunamine ning plaaniliste patsientide haiguslugude vormistamine. M-korpuse registratuur on avatud:\u00a0E-R\u00a07.30-17.30 N\u00e4dalavahetustel on M-korpuse registratuur suletud, sel juhul palume p\u00f6\u00f6rduda registratuuridesse, mis asuvad peasissep\u00e4\u00e4sude juures. D-korpuse registratuur \u00a0E\u2013R 07.30\u201317.00, L\u00a008.30\u201313.30, (P 08.30\u201315.00 haiglasse vormistamine)J-korpuse registratuur\u00a0 E\u2013R [&hellip;]\" \/>\n<meta property=\"og:url\" content=\"https:\/\/www.kliinikum.ee\/lastekliinik\/patsiendile\/ambulatoorne-vastuvott\/\" \/>\n<meta property=\"og:site_name\" content=\"Lastekliinik\" \/>\n<meta property=\"article:modified_time\" content=\"2026-01-07T10:10:58+00:00\" \/>\n<meta property=\"og:image\" content=\"https:\/\/www.kliinikum.ee\/lastekliinik\/wp-content\/uploads\/2024\/02\/5-scaled.jpg\" \/>\n\t<meta property=\"og:image:width\" content=\"2560\" \/>\n\t<meta property=\"og:image:height\" content=\"1920\" \/>\n\t<meta property=\"og:image:type\" content=\"image\/jpeg\" \/>\n<meta name=\"twitter:card\" content=\"summary_large_image\" \/>\n<meta name=\"twitter:label1\" content=\"Est. reading time\" \/>\n\t<meta name=\"twitter:data1\" content=\"2 minutit\" \/>\n<script type=\"application\/ld+json\" class=\"yoast-schema-graph\">{\"@context\":\"https:\\\/\\\/schema.org\",\"@graph\":[{\"@type\":\"WebPage\",\"@id\":\"https:\\\/\\\/www.kliinikum.ee\\\/lastekliinik\\\/patsiendile\\\/ambulatoorne-vastuvott\\\/\",\"url\":\"https:\\\/\\\/www.kliinikum.ee\\\/lastekliinik\\\/patsiendile\\\/ambulatoorne-vastuvott\\\/\",\"name\":\"Ambulatoorne vastuv\u00f5tt - Lastekliinik\",\"isPartOf\":{\"@id\":\"https:\\\/\\\/www.kliinikum.ee\\\/lastekliinik\\\/#website\"},\"primaryImageOfPage\":{\"@id\":\"https:\\\/\\\/www.kliinikum.ee\\\/lastekliinik\\\/patsiendile\\\/ambulatoorne-vastuvott\\\/#primaryimage\"},\"image\":{\"@id\":\"https:\\\/\\\/www.kliinikum.ee\\\/lastekliinik\\\/patsiendile\\\/ambulatoorne-vastuvott\\\/#primaryimage\"},\"thumbnailUrl\":\"https:\\\/\\\/www.kliinikum.ee\\\/lastekliinik\\\/wp-content\\\/uploads\\\/2024\\\/02\\\/5-1024x768.jpg\",\"datePublished\":\"2024-02-08T07:53:39+00:00\",\"dateModified\":\"2026-01-07T10:10:58+00:00\",\"breadcrumb\":{\"@id\":\"https:\\\/\\\/www.kliinikum.ee\\\/lastekliinik\\\/patsiendile\\\/ambulatoorne-vastuvott\\\/#breadcrumb\"},\"inLanguage\":\"et\",\"potentialAction\":[{\"@type\":\"ReadAction\",\"target\":[\"https:\\\/\\\/www.kliinikum.ee\\\/lastekliinik\\\/patsiendile\\\/ambulatoorne-vastuvott\\\/\"]}]},{\"@type\":\"ImageObject\",\"inLanguage\":\"et\",\"@id\":\"https:\\\/\\\/www.kliinikum.ee\\\/lastekliinik\\\/patsiendile\\\/ambulatoorne-vastuvott\\\/#primaryimage\",\"url\":\"https:\\\/\\\/www.kliinikum.ee\\\/lastekliinik\\\/wp-content\\\/uploads\\\/2024\\\/02\\\/5-scaled.jpg\",\"contentUrl\":\"https:\\\/\\\/www.kliinikum.ee\\\/lastekliinik\\\/wp-content\\\/uploads\\\/2024\\\/02\\\/5-scaled.jpg\",\"width\":2560,\"height\":1920},{\"@type\":\"BreadcrumbList\",\"@id\":\"https:\\\/\\\/www.kliinikum.ee\\\/lastekliinik\\\/patsiendile\\\/ambulatoorne-vastuvott\\\/#breadcrumb\",\"itemListElement\":[{\"@type\":\"ListItem\",\"position\":1,\"name\":\"Patsiendile\",\"item\":\"https:\\\/\\\/www.kliinikum.ee\\\/lastekliinik\\\/patsiendile\\\/\"},{\"@type\":\"ListItem\",\"position\":2,\"name\":\"Ambulatoorne vastuv\u00f5tt\"}]},{\"@type\":\"WebSite\",\"@id\":\"https:\\\/\\\/www.kliinikum.ee\\\/lastekliinik\\\/#website\",\"url\":\"https:\\\/\\\/www.kliinikum.ee\\\/lastekliinik\\\/\",\"name\":\"Lastekliinik\",\"description\":\"Hoolivus, Uuendusmeelsus, P\u00e4devus ja Usaldusv\u00e4\u00e4rsus\",\"potentialAction\":[{\"@type\":\"SearchAction\",\"target\":{\"@type\":\"EntryPoint\",\"urlTemplate\":\"https:\\\/\\\/www.kliinikum.ee\\\/lastekliinik\\\/?s={search_term_string}\"},\"query-input\":{\"@type\":\"PropertyValueSpecification\",\"valueRequired\":true,\"valueName\":\"search_term_string\"}}],\"inLanguage\":\"et\"}]}<\/script>\n<!-- \/ Yoast SEO plugin. -->","yoast_head_json":{"title":"Ambulatoorne vastuv\u00f5tt - Lastekliinik","robots":{"index":"index","follow":"follow","max-snippet":"max-snippet:-1","max-image-preview":"max-image-preview:large","max-video-preview":"max-video-preview:-1"},"canonical":"https:\/\/www.kliinikum.ee\/lastekliinik\/patsiendile\/ambulatoorne-vastuvott\/","og_locale":"et_EE","og_type":"article","og_title":"Ambulatoorne vastuv\u00f5tt - Lastekliinik","og_description":"Lastekliiniku ambulatoorsetele vastuv\u00f5ttudele ja haiglaravile p\u00f6\u00f6rdujatel palume registreerida oma saabumine M-korpuse registratuuris. Peauksest tulles liikuda m\u00f6\u00f6da pallirada M-korpuseni.Registratuuris toimub vastuv\u00f5tukabinetti suunamine ning plaaniliste patsientide haiguslugude vormistamine. M-korpuse registratuur on avatud:\u00a0E-R\u00a07.30-17.30 N\u00e4dalavahetustel on M-korpuse registratuur suletud, sel juhul palume p\u00f6\u00f6rduda registratuuridesse, mis asuvad peasissep\u00e4\u00e4sude juures. D-korpuse registratuur \u00a0E\u2013R 07.30\u201317.00, L\u00a008.30\u201313.30, (P 08.30\u201315.00 haiglasse vormistamine)J-korpuse registratuur\u00a0 E\u2013R [&hellip;]","og_url":"https:\/\/www.kliinikum.ee\/lastekliinik\/patsiendile\/ambulatoorne-vastuvott\/","og_site_name":"Lastekliinik","article_modified_time":"2026-01-07T10:10:58+00:00","og_image":[{"width":2560,"height":1920,"url":"https:\/\/www.kliinikum.ee\/lastekliinik\/wp-content\/uploads\/2024\/02\/5-scaled.jpg","type":"image\/jpeg"}],"twitter_card":"summary_large_image","twitter_misc":{"Est. reading time":"2 minutit"},"schema":{"@context":"https:\/\/schema.org","@graph":[{"@type":"WebPage","@id":"https:\/\/www.kliinikum.ee\/lastekliinik\/patsiendile\/ambulatoorne-vastuvott\/","url":"https:\/\/www.kliinikum.ee\/lastekliinik\/patsiendile\/ambulatoorne-vastuvott\/","name":"Ambulatoorne vastuv\u00f5tt - Lastekliinik","isPartOf":{"@id":"https:\/\/www.kliinikum.ee\/lastekliinik\/#website"},"primaryImageOfPage":{"@id":"https:\/\/www.kliinikum.ee\/lastekliinik\/patsiendile\/ambulatoorne-vastuvott\/#primaryimage"},"image":{"@id":"https:\/\/www.kliinikum.ee\/lastekliinik\/patsiendile\/ambulatoorne-vastuvott\/#primaryimage"},"thumbnailUrl":"https:\/\/www.kliinikum.ee\/lastekliinik\/wp-content\/uploads\/2024\/02\/5-1024x768.jpg","datePublished":"2024-02-08T07:53:39+00:00","dateModified":"2026-01-07T10:10:58+00:00","breadcrumb":{"@id":"https:\/\/www.kliinikum.ee\/lastekliinik\/patsiendile\/ambulatoorne-vastuvott\/#breadcrumb"},"inLanguage":"et","potentialAction":[{"@type":"ReadAction","target":["https:\/\/www.kliinikum.ee\/lastekliinik\/patsiendile\/ambulatoorne-vastuvott\/"]}]},{"@type":"ImageObject","inLanguage":"et","@id":"https:\/\/www.kliinikum.ee\/lastekliinik\/patsiendile\/ambulatoorne-vastuvott\/#primaryimage","url":"https:\/\/www.kliinikum.ee\/lastekliinik\/wp-content\/uploads\/2024\/02\/5-scaled.jpg","contentUrl":"https:\/\/www.kliinikum.ee\/lastekliinik\/wp-content\/uploads\/2024\/02\/5-scaled.jpg","width":2560,"height":1920},{"@type":"BreadcrumbList","@id":"https:\/\/www.kliinikum.ee\/lastekliinik\/patsiendile\/ambulatoorne-vastuvott\/#breadcrumb","itemListElement":[{"@type":"ListItem","position":1,"name":"Patsiendile","item":"https:\/\/www.kliinikum.ee\/lastekliinik\/patsiendile\/"},{"@type":"ListItem","position":2,"name":"Ambulatoorne vastuv\u00f5tt"}]},{"@type":"WebSite","@id":"https:\/\/www.kliinikum.ee\/lastekliinik\/#website","url":"https:\/\/www.kliinikum.ee\/lastekliinik\/","name":"Lastekliinik","description":"Hoolivus, Uuendusmeelsus, P\u00e4devus ja Usaldusv\u00e4\u00e4rsus","potentialAction":[{"@type":"SearchAction","target":{"@type":"EntryPoint","urlTemplate":"https:\/\/www.kliinikum.ee\/lastekliinik\/?s={search_term_string}"},"query-input":{"@type":"PropertyValueSpecification","valueRequired":true,"valueName":"search_term_string"}}],"inLanguage":"et"}]}},"uagb_featured_image_src":{"full":false,"thumbnail":false,"medium":false,"medium_large":false,"large":false,"1536x1536":false,"2048x2048":false},"uagb_author_info":{"display_name":"Yvette Benno-Leinola","author_link":"https:\/\/www.kliinikum.ee\/lastekliinik\/author\/yvetteb\/"},"uagb_comment_info":0,"uagb_excerpt":"Lastekliiniku ambulatoorsetele vastuv\u00f5ttudele ja haiglaravile p\u00f6\u00f6rdujatel palume registreerida oma saabumine M-korpuse registratuuris. Peauksest tulles liikuda m\u00f6\u00f6da pallirada M-korpuseni.Registratuuris toimub vastuv\u00f5tukabinetti suunamine ning plaaniliste patsientide haiguslugude vormistamine. M-korpuse registratuur on avatud:\u00a0E-R\u00a07.30-17.30 N\u00e4dalavahetustel on M-korpuse registratuur suletud, sel juhul palume p\u00f6\u00f6rduda registratuuridesse, mis asuvad peasissep\u00e4\u00e4sude juures. D-korpuse registratuur \u00a0E\u2013R 07.30\u201317.00, L\u00a008.30\u201313.30, (P 08.30\u201315.00 haiglasse vormistamine)J-korpuse registratuur\u00a0 E\u2013R&hellip;","_links":{"self":[{"href":"https:\/\/www.kliinikum.ee\/lastekliinik\/wp-json\/wp\/v2\/pages\/6539","targetHints":{"allow":["GET"]}}],"collection":[{"href":"https:\/\/www.kliinikum.ee\/lastekliinik\/wp-json\/wp\/v2\/pages"}],"about":[{"href":"https:\/\/www.kliinikum.ee\/lastekliinik\/wp-json\/wp\/v2\/types\/page"}],"author":[{"embeddable":true,"href":"https:\/\/www.kliinikum.ee\/lastekliinik\/wp-json\/wp\/v2\/users\/34"}],"replies":[{"embeddable":true,"href":"https:\/\/www.kliinikum.ee\/lastekliinik\/wp-json\/wp\/v2\/comments?post=6539"}],"version-history":[{"count":0,"href":"https:\/\/www.kliinikum.ee\/lastekliinik\/wp-json\/wp\/v2\/pages\/6539\/revisions"}],"up":[{"embeddable":true,"href":"https:\/\/www.kliinikum.ee\/lastekliinik\/wp-json\/wp\/v2\/pages\/15"}],"wp:attachment":[{"href":"https:\/\/www.kliinikum.ee\/lastekliinik\/wp-json\/wp\/v2\/media?parent=6539"}],"curies":[{"name":"wp","href":"https:\/\/api.w.org\/{rel}","templated":true}]}}