{"id":1346,"date":"2020-12-15T10:07:21","date_gmt":"2020-12-15T08:07:21","guid":{"rendered":"https:\/\/www.kliinikum.ee\/medlinnak\/?page_id=1346"},"modified":"2021-01-21T10:32:29","modified_gmt":"2021-01-21T08:32:29","slug":"projekt","status":"publish","type":"page","link":"https:\/\/www.kliinikum.ee\/meditsiinilinnak\/i-ehitusjark\/projekt\/","title":{"rendered":"Projekt"},"content":{"rendered":"\n<div class=\"wp-block-columns is-layout-flex wp-container-core-columns-is-layout-9d6595d7 wp-block-columns-is-layout-flex\">\n<div class=\"wp-block-column is-layout-flow wp-block-column-is-layout-flow\">\n<p class=\"wp-el\">Projekti <strong>&#8220;Tartu \u00dclikooli Kliinikumi Maarjam\u00f5isa meditsiinilinnaku I ehitusj\u00e4rk&#8221;<\/strong> eesm\u00e4rgiks oli 2008. aastaks ehitada ja v\u00f5tta kasutusele Tartu \u00dclikooli Kliinikumi uus aktiivravikompleks.<\/p>\n\n\n\n<p class=\"wp-el\">K\u00e4esolev projekt moodustab osa kliinikumi strateegilisest eesm\u00e4rgist, milleks oli 2015. aastaks v\u00e4lja arendada Tartu \u00dclikooli Kliinikumi Maarjam\u00f5isa meditsiinilinnak, rajada 3 uut korpust ja korraldada \u00fcmber olemasolevate korpuste osakondade paigutus, et nii tagada k\u00f5igi hoonete vastavus kaasaegsatele \/-\/n\u00f5uetele.<\/p>\n\n\n\n<p class=\"wp-el\">Projekti kogumaksumus oli 900 miljonit krooni, millest 379 miljonit kaeti Euroopa Liidu struktuurifondide meetmest 4.4. &#8220;Haiglav\u00f5rgu reorganiseerimine\u201c.<\/p>\n<\/div>\n\n\n\n<div class=\"wp-block-column is-layout-flow wp-block-column-is-layout-flow\" style=\"flex-basis:33%\">\n<figure class=\"wp-block-image size-large\"><img loading=\"lazy\" decoding=\"async\" width=\"290\" height=\"190\" src=\"https:\/\/www.kliinikum.ee\/meditsiinilinnak\/wp-content\/uploads\/2020\/12\/I-ehitusjark.png\" alt=\"\" class=\"wp-image-1330\" \/><\/figure>\n<\/div>\n<\/div>\n","protected":false},"excerpt":{"rendered":"<p>Projekti &#8220;Tartu \u00dclikooli Kliinikumi Maarjam\u00f5isa meditsiinilinnaku I ehitusj\u00e4rk&#8221; eesm\u00e4rgiks oli 2008. aastaks ehitada ja v\u00f5tta kasutusele Tartu \u00dclikooli Kliinikumi uus&#8230;<\/p>\n","protected":false},"author":10,"featured_media":0,"parent":1344,"menu_order":10,"comment_status":"closed","ping_status":"closed","template":"","meta":{"_acf_changed":false,"inline_featured_image":false,"footnotes":"","_links_to":"","_links_to_target":""},"class_list":["post-1346","page","type-page","status-publish","hentry"],"acf":[],"yoast_head":"<!-- This site is optimized with the Yoast SEO plugin v27.3 - https:\/\/yoast.com\/product\/yoast-seo-wordpress\/ -->\n<title>Projekt - Meditsiinilinnak<\/title>\n<meta name=\"robots\" content=\"index, follow, max-snippet:-1, max-image-preview:large, max-video-preview:-1\" \/>\n<link rel=\"canonical\" href=\"https:\/\/www.kliinikum.ee\/meditsiinilinnak\/i-ehitusjark\/projekt\/\" \/>\n<meta property=\"og:locale\" content=\"et_EE\" \/>\n<meta property=\"og:type\" content=\"article\" \/>\n<meta property=\"og:title\" content=\"Projekt - Meditsiinilinnak\" \/>\n<meta property=\"og:description\" content=\"Projekti &#8220;Tartu \u00dclikooli Kliinikumi Maarjam\u00f5isa meditsiinilinnaku I ehitusj\u00e4rk&#8221; eesm\u00e4rgiks oli 2008. aastaks ehitada ja v\u00f5tta kasutusele Tartu \u00dclikooli Kliinikumi uus...\" \/>\n<meta property=\"og:url\" content=\"https:\/\/www.kliinikum.ee\/meditsiinilinnak\/i-ehitusjark\/projekt\/\" \/>\n<meta property=\"og:site_name\" content=\"Meditsiinilinnak\" \/>\n<meta property=\"article:modified_time\" content=\"2021-01-21T08:32:29+00:00\" \/>\n<meta property=\"og:image\" content=\"https:\/\/www.kliinikum.ee\/meditsiinilinnak\/wp-content\/uploads\/2020\/12\/I-ehitusjark.png\" \/>\n<meta name=\"twitter:card\" content=\"summary_large_image\" \/>\n<script type=\"application\/ld+json\" class=\"yoast-schema-graph\">{\"@context\":\"https:\\\/\\\/schema.org\",\"@graph\":[{\"@type\":\"WebPage\",\"@id\":\"https:\\\/\\\/www.kliinikum.ee\\\/meditsiinilinnak\\\/i-ehitusjark\\\/projekt\\\/\",\"url\":\"https:\\\/\\\/www.kliinikum.ee\\\/meditsiinilinnak\\\/i-ehitusjark\\\/projekt\\\/\",\"name\":\"Projekt - Meditsiinilinnak\",\"isPartOf\":{\"@id\":\"https:\\\/\\\/www.kliinikum.ee\\\/meditsiinilinnak\\\/#website\"},\"primaryImageOfPage\":{\"@id\":\"https:\\\/\\\/www.kliinikum.ee\\\/meditsiinilinnak\\\/i-ehitusjark\\\/projekt\\\/#primaryimage\"},\"image\":{\"@id\":\"https:\\\/\\\/www.kliinikum.ee\\\/meditsiinilinnak\\\/i-ehitusjark\\\/projekt\\\/#primaryimage\"},\"thumbnailUrl\":\"https:\\\/\\\/www.kliinikum.ee\\\/meditsiinilinnak\\\/wp-content\\\/uploads\\\/2020\\\/12\\\/I-ehitusjark.png\",\"datePublished\":\"2020-12-15T08:07:21+00:00\",\"dateModified\":\"2021-01-21T08:32:29+00:00\",\"breadcrumb\":{\"@id\":\"https:\\\/\\\/www.kliinikum.ee\\\/meditsiinilinnak\\\/i-ehitusjark\\\/projekt\\\/#breadcrumb\"},\"inLanguage\":\"et\",\"potentialAction\":[{\"@type\":\"ReadAction\",\"target\":[\"https:\\\/\\\/www.kliinikum.ee\\\/meditsiinilinnak\\\/i-ehitusjark\\\/projekt\\\/\"]}]},{\"@type\":\"ImageObject\",\"inLanguage\":\"et\",\"@id\":\"https:\\\/\\\/www.kliinikum.ee\\\/meditsiinilinnak\\\/i-ehitusjark\\\/projekt\\\/#primaryimage\",\"url\":\"https:\\\/\\\/www.kliinikum.ee\\\/meditsiinilinnak\\\/wp-content\\\/uploads\\\/2020\\\/12\\\/I-ehitusjark.png\",\"contentUrl\":\"https:\\\/\\\/www.kliinikum.ee\\\/meditsiinilinnak\\\/wp-content\\\/uploads\\\/2020\\\/12\\\/I-ehitusjark.png\",\"width\":290,\"height\":190},{\"@type\":\"BreadcrumbList\",\"@id\":\"https:\\\/\\\/www.kliinikum.ee\\\/meditsiinilinnak\\\/i-ehitusjark\\\/projekt\\\/#breadcrumb\",\"itemListElement\":[{\"@type\":\"ListItem\",\"position\":1,\"name\":\"Home\",\"item\":\"https:\\\/\\\/www.kliinikum.ee\\\/meditsiinilinnak\\\/\"},{\"@type\":\"ListItem\",\"position\":2,\"name\":\"I ehitusj\u00e4rk\",\"item\":\"https:\\\/\\\/www.kliinikum.ee\\\/meditsiinilinnak\\\/i-ehitusjark\\\/\"},{\"@type\":\"ListItem\",\"position\":3,\"name\":\"Projekt\"}]},{\"@type\":\"WebSite\",\"@id\":\"https:\\\/\\\/www.kliinikum.ee\\\/meditsiinilinnak\\\/#website\",\"url\":\"https:\\\/\\\/www.kliinikum.ee\\\/meditsiinilinnak\\\/\",\"name\":\"Meditsiinilinnak\",\"description\":\"\",\"potentialAction\":[{\"@type\":\"SearchAction\",\"target\":{\"@type\":\"EntryPoint\",\"urlTemplate\":\"https:\\\/\\\/www.kliinikum.ee\\\/meditsiinilinnak\\\/?s={search_term_string}\"},\"query-input\":{\"@type\":\"PropertyValueSpecification\",\"valueRequired\":true,\"valueName\":\"search_term_string\"}}],\"inLanguage\":\"et\"}]}<\/script>\n<!-- \/ Yoast SEO plugin. -->","yoast_head_json":{"title":"Projekt - Meditsiinilinnak","robots":{"index":"index","follow":"follow","max-snippet":"max-snippet:-1","max-image-preview":"max-image-preview:large","max-video-preview":"max-video-preview:-1"},"canonical":"https:\/\/www.kliinikum.ee\/meditsiinilinnak\/i-ehitusjark\/projekt\/","og_locale":"et_EE","og_type":"article","og_title":"Projekt - Meditsiinilinnak","og_description":"Projekti &#8220;Tartu \u00dclikooli Kliinikumi Maarjam\u00f5isa meditsiinilinnaku I ehitusj\u00e4rk&#8221; eesm\u00e4rgiks oli 2008. aastaks ehitada ja v\u00f5tta kasutusele Tartu \u00dclikooli Kliinikumi uus...","og_url":"https:\/\/www.kliinikum.ee\/meditsiinilinnak\/i-ehitusjark\/projekt\/","og_site_name":"Meditsiinilinnak","article_modified_time":"2021-01-21T08:32:29+00:00","og_image":[{"url":"https:\/\/www.kliinikum.ee\/meditsiinilinnak\/wp-content\/uploads\/2020\/12\/I-ehitusjark.png","type":"","width":"","height":""}],"twitter_card":"summary_large_image","schema":{"@context":"https:\/\/schema.org","@graph":[{"@type":"WebPage","@id":"https:\/\/www.kliinikum.ee\/meditsiinilinnak\/i-ehitusjark\/projekt\/","url":"https:\/\/www.kliinikum.ee\/meditsiinilinnak\/i-ehitusjark\/projekt\/","name":"Projekt - Meditsiinilinnak","isPartOf":{"@id":"https:\/\/www.kliinikum.ee\/meditsiinilinnak\/#website"},"primaryImageOfPage":{"@id":"https:\/\/www.kliinikum.ee\/meditsiinilinnak\/i-ehitusjark\/projekt\/#primaryimage"},"image":{"@id":"https:\/\/www.kliinikum.ee\/meditsiinilinnak\/i-ehitusjark\/projekt\/#primaryimage"},"thumbnailUrl":"https:\/\/www.kliinikum.ee\/meditsiinilinnak\/wp-content\/uploads\/2020\/12\/I-ehitusjark.png","datePublished":"2020-12-15T08:07:21+00:00","dateModified":"2021-01-21T08:32:29+00:00","breadcrumb":{"@id":"https:\/\/www.kliinikum.ee\/meditsiinilinnak\/i-ehitusjark\/projekt\/#breadcrumb"},"inLanguage":"et","potentialAction":[{"@type":"ReadAction","target":["https:\/\/www.kliinikum.ee\/meditsiinilinnak\/i-ehitusjark\/projekt\/"]}]},{"@type":"ImageObject","inLanguage":"et","@id":"https:\/\/www.kliinikum.ee\/meditsiinilinnak\/i-ehitusjark\/projekt\/#primaryimage","url":"https:\/\/www.kliinikum.ee\/meditsiinilinnak\/wp-content\/uploads\/2020\/12\/I-ehitusjark.png","contentUrl":"https:\/\/www.kliinikum.ee\/meditsiinilinnak\/wp-content\/uploads\/2020\/12\/I-ehitusjark.png","width":290,"height":190},{"@type":"BreadcrumbList","@id":"https:\/\/www.kliinikum.ee\/meditsiinilinnak\/i-ehitusjark\/projekt\/#breadcrumb","itemListElement":[{"@type":"ListItem","position":1,"name":"Home","item":"https:\/\/www.kliinikum.ee\/meditsiinilinnak\/"},{"@type":"ListItem","position":2,"name":"I ehitusj\u00e4rk","item":"https:\/\/www.kliinikum.ee\/meditsiinilinnak\/i-ehitusjark\/"},{"@type":"ListItem","position":3,"name":"Projekt"}]},{"@type":"WebSite","@id":"https:\/\/www.kliinikum.ee\/meditsiinilinnak\/#website","url":"https:\/\/www.kliinikum.ee\/meditsiinilinnak\/","name":"Meditsiinilinnak","description":"","potentialAction":[{"@type":"SearchAction","target":{"@type":"EntryPoint","urlTemplate":"https:\/\/www.kliinikum.ee\/meditsiinilinnak\/?s={search_term_string}"},"query-input":{"@type":"PropertyValueSpecification","valueRequired":true,"valueName":"search_term_string"}}],"inLanguage":"et"}]}},"_links":{"self":[{"href":"https:\/\/www.kliinikum.ee\/meditsiinilinnak\/wp-json\/wp\/v2\/pages\/1346","targetHints":{"allow":["GET"]}}],"collection":[{"href":"https:\/\/www.kliinikum.ee\/meditsiinilinnak\/wp-json\/wp\/v2\/pages"}],"about":[{"href":"https:\/\/www.kliinikum.ee\/meditsiinilinnak\/wp-json\/wp\/v2\/types\/page"}],"author":[{"embeddable":true,"href":"https:\/\/www.kliinikum.ee\/meditsiinilinnak\/wp-json\/wp\/v2\/users\/10"}],"replies":[{"embeddable":true,"href":"https:\/\/www.kliinikum.ee\/meditsiinilinnak\/wp-json\/wp\/v2\/comments?post=1346"}],"version-history":[{"count":0,"href":"https:\/\/www.kliinikum.ee\/meditsiinilinnak\/wp-json\/wp\/v2\/pages\/1346\/revisions"}],"up":[{"embeddable":true,"href":"https:\/\/www.kliinikum.ee\/meditsiinilinnak\/wp-json\/wp\/v2\/pages\/1344"}],"wp:attachment":[{"href":"https:\/\/www.kliinikum.ee\/meditsiinilinnak\/wp-json\/wp\/v2\/media?parent=1346"}],"curies":[{"name":"wp","href":"https:\/\/api.w.org\/{rel}","templated":true}]}}