{"id":1351,"date":"2020-12-15T10:08:51","date_gmt":"2020-12-15T08:08:51","guid":{"rendered":"https:\/\/www.kliinikum.ee\/medlinnak\/?page_id=1351"},"modified":"2020-12-15T10:08:52","modified_gmt":"2020-12-15T08:08:52","slug":"tegevused","status":"publish","type":"page","link":"https:\/\/www.kliinikum.ee\/meditsiinilinnak\/i-ehitusjark\/projekt\/tegevused\/","title":{"rendered":"Tegevused"},"content":{"rendered":"\n<p class=\"wp-el\">12. mail 2005 allkirjastas Tartu \u00dclikooli Kliinikum hoonete projekteerimise lepingu riigihanke k\u00e4igus parima pakkumise teinud konsortsiumiga, kuhu kuuluvad Arhitektuurib\u00fcroo Kalle R\u00f5\u00f5mus ja insenerib\u00fcroo EstKONSULT. Projekteerimist\u00f6\u00f6de riigihanke maksumuseks kujunes 29,8 miljonit krooni. Projekteerimist\u00f6\u00f6de pikkuseks oli ette n\u00e4htud kuni 13 kuud. Ehituseni planeeriti&nbsp; j\u00f5uda 2006. aasta s\u00fcgisel. Sellele eelnes rahvusvaheline riigihange ehitaja leidmiseks. Maarjam\u00f5isa meditsiinilinnaku I ehitusj\u00e4rk valmis 2008. aasta l\u00f5puks.<\/p>\n\n\n\n<p class=\"wp-el\">Esimene ehitusj\u00e4rjekord koosseisu kuulus uus 3-korruseline L-t\u00e4he kujuline G-korpus, millele liitus 6-korruseline palatikorpus (H korpus). Juurdeehituse G-korpuse esimesele korrusele on \/-\/erakorralise meditsiini osakond, radioloogiateenistus ning naistekliiniku ambulatoorne vastuv\u00f5tt koos reproduktiivmeditsiini laboratooriumiga. Korpuse teisel korrusel on intensiivravi osakonnad ning naistekliiniku s\u00fcnnitustoad ja s\u00fcnnituseelne palatiosakond. Kolmandal korrusel on operatsiooniplokk ja naistekliiniku s\u00fcnnitusj\u00e4rgne palatiosakond, millel on hea vertikaal\u00fchendus s\u00fcnnitusosakonnaga. Soklikorrusel, kus ehitatakse v\u00e4lja uus kesksterilisatsiooni osakond, leiavad koha ka uutes korpustes t\u00f6\u00f6tava personali garderoobid ning muud h\u00e4datarvilikud abiruumid.<\/p>\n\n\n\n<p class=\"wp-el\">Esimeses ehitusj\u00e4rjekorras ehitatava palatikorpuse (H-korpus) kuuele korrusele paigutatakse, n\u00e4rvikliiniku, ortopeedia ning hematoloogia-onkoloogiakliiniku hematoloogia ja onkokirurgia osakonna palatid.<\/p>\n\n\n\n<p class=\"wp-el\">Kliinikum rakendab eesm\u00e4rkide parema elluviimise huvides kahetasandilist projektijuhtimist. Esmatasandi moodustavad Kliinikumi t\u00f6\u00f6tajad. Kuna projekt on oma olemuselt v\u00e4ga spetsiifiline, siis on vajadus kaasata juhtimisel kvalifitseeritud konsultatsioonifirmade kompetentsi. Projektijuhtimise meeskonna teise tasandi moodustavad omanikuj\u00e4relvalvet ja ehituslikku projektijuhtimist teostavad spetsialistid, riigihangete ettevalmistamise eest vastutavad hankespetsialistid, aruandluse ja administratiivtoimingute eest vastutab EL projektijuht.<\/p>\n","protected":false},"excerpt":{"rendered":"<p>12. mail 2005 allkirjastas Tartu \u00dclikooli Kliinikum hoonete projekteerimise lepingu riigihanke k\u00e4igus parima pakkumise teinud konsortsiumiga, kuhu kuuluvad Arhitektuurib\u00fcroo Kalle&#8230;<\/p>\n","protected":false},"author":10,"featured_media":0,"parent":1346,"menu_order":20,"comment_status":"closed","ping_status":"closed","template":"","meta":{"_acf_changed":false,"inline_featured_image":false,"footnotes":"","_links_to":"","_links_to_target":""},"class_list":["post-1351","page","type-page","status-publish","hentry"],"acf":[],"yoast_head":"<!-- This site is optimized with the Yoast SEO plugin v27.3 - https:\/\/yoast.com\/product\/yoast-seo-wordpress\/ -->\n<title>Tegevused - Meditsiinilinnak<\/title>\n<meta name=\"robots\" content=\"index, follow, max-snippet:-1, max-image-preview:large, max-video-preview:-1\" \/>\n<link rel=\"canonical\" href=\"https:\/\/www.kliinikum.ee\/meditsiinilinnak\/i-ehitusjark\/projekt\/tegevused\/\" \/>\n<meta property=\"og:locale\" content=\"et_EE\" \/>\n<meta property=\"og:type\" content=\"article\" \/>\n<meta property=\"og:title\" content=\"Tegevused - Meditsiinilinnak\" \/>\n<meta property=\"og:description\" content=\"12. mail 2005 allkirjastas Tartu \u00dclikooli Kliinikum hoonete projekteerimise lepingu riigihanke k\u00e4igus parima pakkumise teinud konsortsiumiga, kuhu kuuluvad Arhitektuurib\u00fcroo Kalle...\" \/>\n<meta property=\"og:url\" content=\"https:\/\/www.kliinikum.ee\/meditsiinilinnak\/i-ehitusjark\/projekt\/tegevused\/\" \/>\n<meta property=\"og:site_name\" content=\"Meditsiinilinnak\" \/>\n<meta property=\"article:modified_time\" content=\"2020-12-15T08:08:52+00:00\" \/>\n<meta name=\"twitter:card\" content=\"summary_large_image\" \/>\n<meta name=\"twitter:label1\" content=\"Est. reading time\" \/>\n\t<meta name=\"twitter:data1\" content=\"1 minut\" \/>\n<script type=\"application\/ld+json\" class=\"yoast-schema-graph\">{\"@context\":\"https:\\\/\\\/schema.org\",\"@graph\":[{\"@type\":\"WebPage\",\"@id\":\"https:\\\/\\\/www.kliinikum.ee\\\/meditsiinilinnak\\\/i-ehitusjark\\\/projekt\\\/tegevused\\\/\",\"url\":\"https:\\\/\\\/www.kliinikum.ee\\\/meditsiinilinnak\\\/i-ehitusjark\\\/projekt\\\/tegevused\\\/\",\"name\":\"Tegevused - Meditsiinilinnak\",\"isPartOf\":{\"@id\":\"https:\\\/\\\/www.kliinikum.ee\\\/meditsiinilinnak\\\/#website\"},\"datePublished\":\"2020-12-15T08:08:51+00:00\",\"dateModified\":\"2020-12-15T08:08:52+00:00\",\"breadcrumb\":{\"@id\":\"https:\\\/\\\/www.kliinikum.ee\\\/meditsiinilinnak\\\/i-ehitusjark\\\/projekt\\\/tegevused\\\/#breadcrumb\"},\"inLanguage\":\"et\",\"potentialAction\":[{\"@type\":\"ReadAction\",\"target\":[\"https:\\\/\\\/www.kliinikum.ee\\\/meditsiinilinnak\\\/i-ehitusjark\\\/projekt\\\/tegevused\\\/\"]}]},{\"@type\":\"BreadcrumbList\",\"@id\":\"https:\\\/\\\/www.kliinikum.ee\\\/meditsiinilinnak\\\/i-ehitusjark\\\/projekt\\\/tegevused\\\/#breadcrumb\",\"itemListElement\":[{\"@type\":\"ListItem\",\"position\":1,\"name\":\"Home\",\"item\":\"https:\\\/\\\/www.kliinikum.ee\\\/meditsiinilinnak\\\/\"},{\"@type\":\"ListItem\",\"position\":2,\"name\":\"I ehitusj\u00e4rk\",\"item\":\"https:\\\/\\\/www.kliinikum.ee\\\/meditsiinilinnak\\\/i-ehitusjark\\\/\"},{\"@type\":\"ListItem\",\"position\":3,\"name\":\"Projekt\",\"item\":\"https:\\\/\\\/www.kliinikum.ee\\\/meditsiinilinnak\\\/i-ehitusjark\\\/projekt\\\/\"},{\"@type\":\"ListItem\",\"position\":4,\"name\":\"Tegevused\"}]},{\"@type\":\"WebSite\",\"@id\":\"https:\\\/\\\/www.kliinikum.ee\\\/meditsiinilinnak\\\/#website\",\"url\":\"https:\\\/\\\/www.kliinikum.ee\\\/meditsiinilinnak\\\/\",\"name\":\"Meditsiinilinnak\",\"description\":\"\",\"potentialAction\":[{\"@type\":\"SearchAction\",\"target\":{\"@type\":\"EntryPoint\",\"urlTemplate\":\"https:\\\/\\\/www.kliinikum.ee\\\/meditsiinilinnak\\\/?s={search_term_string}\"},\"query-input\":{\"@type\":\"PropertyValueSpecification\",\"valueRequired\":true,\"valueName\":\"search_term_string\"}}],\"inLanguage\":\"et\"}]}<\/script>\n<!-- \/ Yoast SEO plugin. -->","yoast_head_json":{"title":"Tegevused - Meditsiinilinnak","robots":{"index":"index","follow":"follow","max-snippet":"max-snippet:-1","max-image-preview":"max-image-preview:large","max-video-preview":"max-video-preview:-1"},"canonical":"https:\/\/www.kliinikum.ee\/meditsiinilinnak\/i-ehitusjark\/projekt\/tegevused\/","og_locale":"et_EE","og_type":"article","og_title":"Tegevused - Meditsiinilinnak","og_description":"12. mail 2005 allkirjastas Tartu \u00dclikooli Kliinikum hoonete projekteerimise lepingu riigihanke k\u00e4igus parima pakkumise teinud konsortsiumiga, kuhu kuuluvad Arhitektuurib\u00fcroo Kalle...","og_url":"https:\/\/www.kliinikum.ee\/meditsiinilinnak\/i-ehitusjark\/projekt\/tegevused\/","og_site_name":"Meditsiinilinnak","article_modified_time":"2020-12-15T08:08:52+00:00","twitter_card":"summary_large_image","twitter_misc":{"Est. reading time":"1 minut"},"schema":{"@context":"https:\/\/schema.org","@graph":[{"@type":"WebPage","@id":"https:\/\/www.kliinikum.ee\/meditsiinilinnak\/i-ehitusjark\/projekt\/tegevused\/","url":"https:\/\/www.kliinikum.ee\/meditsiinilinnak\/i-ehitusjark\/projekt\/tegevused\/","name":"Tegevused - Meditsiinilinnak","isPartOf":{"@id":"https:\/\/www.kliinikum.ee\/meditsiinilinnak\/#website"},"datePublished":"2020-12-15T08:08:51+00:00","dateModified":"2020-12-15T08:08:52+00:00","breadcrumb":{"@id":"https:\/\/www.kliinikum.ee\/meditsiinilinnak\/i-ehitusjark\/projekt\/tegevused\/#breadcrumb"},"inLanguage":"et","potentialAction":[{"@type":"ReadAction","target":["https:\/\/www.kliinikum.ee\/meditsiinilinnak\/i-ehitusjark\/projekt\/tegevused\/"]}]},{"@type":"BreadcrumbList","@id":"https:\/\/www.kliinikum.ee\/meditsiinilinnak\/i-ehitusjark\/projekt\/tegevused\/#breadcrumb","itemListElement":[{"@type":"ListItem","position":1,"name":"Home","item":"https:\/\/www.kliinikum.ee\/meditsiinilinnak\/"},{"@type":"ListItem","position":2,"name":"I ehitusj\u00e4rk","item":"https:\/\/www.kliinikum.ee\/meditsiinilinnak\/i-ehitusjark\/"},{"@type":"ListItem","position":3,"name":"Projekt","item":"https:\/\/www.kliinikum.ee\/meditsiinilinnak\/i-ehitusjark\/projekt\/"},{"@type":"ListItem","position":4,"name":"Tegevused"}]},{"@type":"WebSite","@id":"https:\/\/www.kliinikum.ee\/meditsiinilinnak\/#website","url":"https:\/\/www.kliinikum.ee\/meditsiinilinnak\/","name":"Meditsiinilinnak","description":"","potentialAction":[{"@type":"SearchAction","target":{"@type":"EntryPoint","urlTemplate":"https:\/\/www.kliinikum.ee\/meditsiinilinnak\/?s={search_term_string}"},"query-input":{"@type":"PropertyValueSpecification","valueRequired":true,"valueName":"search_term_string"}}],"inLanguage":"et"}]}},"_links":{"self":[{"href":"https:\/\/www.kliinikum.ee\/meditsiinilinnak\/wp-json\/wp\/v2\/pages\/1351","targetHints":{"allow":["GET"]}}],"collection":[{"href":"https:\/\/www.kliinikum.ee\/meditsiinilinnak\/wp-json\/wp\/v2\/pages"}],"about":[{"href":"https:\/\/www.kliinikum.ee\/meditsiinilinnak\/wp-json\/wp\/v2\/types\/page"}],"author":[{"embeddable":true,"href":"https:\/\/www.kliinikum.ee\/meditsiinilinnak\/wp-json\/wp\/v2\/users\/10"}],"replies":[{"embeddable":true,"href":"https:\/\/www.kliinikum.ee\/meditsiinilinnak\/wp-json\/wp\/v2\/comments?post=1351"}],"version-history":[{"count":0,"href":"https:\/\/www.kliinikum.ee\/meditsiinilinnak\/wp-json\/wp\/v2\/pages\/1351\/revisions"}],"up":[{"embeddable":true,"href":"https:\/\/www.kliinikum.ee\/meditsiinilinnak\/wp-json\/wp\/v2\/pages\/1346"}],"wp:attachment":[{"href":"https:\/\/www.kliinikum.ee\/meditsiinilinnak\/wp-json\/wp\/v2\/media?parent=1351"}],"curies":[{"name":"wp","href":"https:\/\/api.w.org\/{rel}","templated":true}]}}