{"id":1359,"date":"2020-12-15T10:10:50","date_gmt":"2020-12-15T08:10:50","guid":{"rendered":"https:\/\/www.kliinikum.ee\/medlinnak\/?page_id=1359"},"modified":"2020-12-15T10:10:50","modified_gmt":"2020-12-15T08:10:50","slug":"arhitekt-pekka-koivula","status":"publish","type":"page","link":"https:\/\/www.kliinikum.ee\/meditsiinilinnak\/i-ehitusjark\/partnerid\/arhitekt-pekka-koivula\/","title":{"rendered":"Arhitekt Pekka Koivula"},"content":{"rendered":"\n<p class=\"wp-el\">Soome tipparhitekt Pekka Koivula t\u00f6\u00f6tab tunnustatud arhitektib\u00fcroos Arkkitektiryhm\u00e4 Reino Koivula OY. Tal on suured kogemused tervishoiuasutuste projekteerimisel. N\u00f5ustab T\u00dc Kliinikumi eksperdina projekteerimistegevuste juures.<\/p>\n\n\n\n<p class=\"wp-el\"><a href=\"http:\/\/www.pekkakoivula.com\/\" target=\"_blank\" rel=\"noreferrer noopener\">www.pekkakoivula.com<\/a><\/p>\n","protected":false},"excerpt":{"rendered":"<p>Soome tipparhitekt Pekka Koivula t\u00f6\u00f6tab tunnustatud arhitektib\u00fcroos Arkkitektiryhm\u00e4 Reino Koivula OY. Tal on suured kogemused tervishoiuasutuste projekteerimisel. N\u00f5ustab T\u00dc Kliinikumi&#8230;<\/p>\n","protected":false},"author":10,"featured_media":0,"parent":1353,"menu_order":30,"comment_status":"closed","ping_status":"closed","template":"","meta":{"_acf_changed":false,"inline_featured_image":false,"footnotes":"","_links_to":"","_links_to_target":""},"class_list":["post-1359","page","type-page","status-publish","hentry"],"acf":[],"yoast_head":"<!-- This site is optimized with the Yoast SEO plugin v27.1.1 - https:\/\/yoast.com\/product\/yoast-seo-wordpress\/ -->\n<title>Arhitekt Pekka Koivula - Meditsiinilinnak<\/title>\n<meta name=\"robots\" content=\"index, follow, max-snippet:-1, max-image-preview:large, max-video-preview:-1\" \/>\n<link rel=\"canonical\" href=\"https:\/\/www.kliinikum.ee\/meditsiinilinnak\/i-ehitusjark\/partnerid\/arhitekt-pekka-koivula\/\" \/>\n<meta property=\"og:locale\" content=\"et_EE\" \/>\n<meta property=\"og:type\" content=\"article\" \/>\n<meta property=\"og:title\" content=\"Arhitekt Pekka Koivula - Meditsiinilinnak\" \/>\n<meta property=\"og:description\" content=\"Soome tipparhitekt Pekka Koivula t\u00f6\u00f6tab tunnustatud arhitektib\u00fcroos Arkkitektiryhm\u00e4 Reino Koivula OY. Tal on suured kogemused tervishoiuasutuste projekteerimisel. N\u00f5ustab T\u00dc Kliinikumi...\" \/>\n<meta property=\"og:url\" content=\"https:\/\/www.kliinikum.ee\/meditsiinilinnak\/i-ehitusjark\/partnerid\/arhitekt-pekka-koivula\/\" \/>\n<meta property=\"og:site_name\" content=\"Meditsiinilinnak\" \/>\n<meta name=\"twitter:card\" content=\"summary_large_image\" \/>\n<script type=\"application\/ld+json\" class=\"yoast-schema-graph\">{\"@context\":\"https:\/\/schema.org\",\"@graph\":[{\"@type\":\"WebPage\",\"@id\":\"https:\/\/www.kliinikum.ee\/meditsiinilinnak\/i-ehitusjark\/partnerid\/arhitekt-pekka-koivula\/\",\"url\":\"https:\/\/www.kliinikum.ee\/meditsiinilinnak\/i-ehitusjark\/partnerid\/arhitekt-pekka-koivula\/\",\"name\":\"Arhitekt Pekka Koivula - Meditsiinilinnak\",\"isPartOf\":{\"@id\":\"https:\/\/www.kliinikum.ee\/meditsiinilinnak\/#website\"},\"datePublished\":\"2020-12-15T08:10:50+00:00\",\"breadcrumb\":{\"@id\":\"https:\/\/www.kliinikum.ee\/meditsiinilinnak\/i-ehitusjark\/partnerid\/arhitekt-pekka-koivula\/#breadcrumb\"},\"inLanguage\":\"et\",\"potentialAction\":[{\"@type\":\"ReadAction\",\"target\":[\"https:\/\/www.kliinikum.ee\/meditsiinilinnak\/i-ehitusjark\/partnerid\/arhitekt-pekka-koivula\/\"]}]},{\"@type\":\"BreadcrumbList\",\"@id\":\"https:\/\/www.kliinikum.ee\/meditsiinilinnak\/i-ehitusjark\/partnerid\/arhitekt-pekka-koivula\/#breadcrumb\",\"itemListElement\":[{\"@type\":\"ListItem\",\"position\":1,\"name\":\"Home\",\"item\":\"https:\/\/www.kliinikum.ee\/meditsiinilinnak\/\"},{\"@type\":\"ListItem\",\"position\":2,\"name\":\"I ehitusj\u00e4rk\",\"item\":\"https:\/\/www.kliinikum.ee\/meditsiinilinnak\/i-ehitusjark\/\"},{\"@type\":\"ListItem\",\"position\":3,\"name\":\"Partnerid\",\"item\":\"https:\/\/www.kliinikum.ee\/meditsiinilinnak\/i-ehitusjark\/partnerid\/\"},{\"@type\":\"ListItem\",\"position\":4,\"name\":\"Arhitekt Pekka Koivula\"}]},{\"@type\":\"WebSite\",\"@id\":\"https:\/\/www.kliinikum.ee\/meditsiinilinnak\/#website\",\"url\":\"https:\/\/www.kliinikum.ee\/meditsiinilinnak\/\",\"name\":\"Meditsiinilinnak\",\"description\":\"\",\"potentialAction\":[{\"@type\":\"SearchAction\",\"target\":{\"@type\":\"EntryPoint\",\"urlTemplate\":\"https:\/\/www.kliinikum.ee\/meditsiinilinnak\/?s={search_term_string}\"},\"query-input\":{\"@type\":\"PropertyValueSpecification\",\"valueRequired\":true,\"valueName\":\"search_term_string\"}}],\"inLanguage\":\"et\"}]}<\/script>\n<!-- \/ Yoast SEO plugin. -->","yoast_head_json":{"title":"Arhitekt Pekka Koivula - Meditsiinilinnak","robots":{"index":"index","follow":"follow","max-snippet":"max-snippet:-1","max-image-preview":"max-image-preview:large","max-video-preview":"max-video-preview:-1"},"canonical":"https:\/\/www.kliinikum.ee\/meditsiinilinnak\/i-ehitusjark\/partnerid\/arhitekt-pekka-koivula\/","og_locale":"et_EE","og_type":"article","og_title":"Arhitekt Pekka Koivula - Meditsiinilinnak","og_description":"Soome tipparhitekt Pekka Koivula t\u00f6\u00f6tab tunnustatud arhitektib\u00fcroos Arkkitektiryhm\u00e4 Reino Koivula OY. Tal on suured kogemused tervishoiuasutuste projekteerimisel. N\u00f5ustab T\u00dc Kliinikumi...","og_url":"https:\/\/www.kliinikum.ee\/meditsiinilinnak\/i-ehitusjark\/partnerid\/arhitekt-pekka-koivula\/","og_site_name":"Meditsiinilinnak","twitter_card":"summary_large_image","schema":{"@context":"https:\/\/schema.org","@graph":[{"@type":"WebPage","@id":"https:\/\/www.kliinikum.ee\/meditsiinilinnak\/i-ehitusjark\/partnerid\/arhitekt-pekka-koivula\/","url":"https:\/\/www.kliinikum.ee\/meditsiinilinnak\/i-ehitusjark\/partnerid\/arhitekt-pekka-koivula\/","name":"Arhitekt Pekka Koivula - Meditsiinilinnak","isPartOf":{"@id":"https:\/\/www.kliinikum.ee\/meditsiinilinnak\/#website"},"datePublished":"2020-12-15T08:10:50+00:00","breadcrumb":{"@id":"https:\/\/www.kliinikum.ee\/meditsiinilinnak\/i-ehitusjark\/partnerid\/arhitekt-pekka-koivula\/#breadcrumb"},"inLanguage":"et","potentialAction":[{"@type":"ReadAction","target":["https:\/\/www.kliinikum.ee\/meditsiinilinnak\/i-ehitusjark\/partnerid\/arhitekt-pekka-koivula\/"]}]},{"@type":"BreadcrumbList","@id":"https:\/\/www.kliinikum.ee\/meditsiinilinnak\/i-ehitusjark\/partnerid\/arhitekt-pekka-koivula\/#breadcrumb","itemListElement":[{"@type":"ListItem","position":1,"name":"Home","item":"https:\/\/www.kliinikum.ee\/meditsiinilinnak\/"},{"@type":"ListItem","position":2,"name":"I ehitusj\u00e4rk","item":"https:\/\/www.kliinikum.ee\/meditsiinilinnak\/i-ehitusjark\/"},{"@type":"ListItem","position":3,"name":"Partnerid","item":"https:\/\/www.kliinikum.ee\/meditsiinilinnak\/i-ehitusjark\/partnerid\/"},{"@type":"ListItem","position":4,"name":"Arhitekt Pekka Koivula"}]},{"@type":"WebSite","@id":"https:\/\/www.kliinikum.ee\/meditsiinilinnak\/#website","url":"https:\/\/www.kliinikum.ee\/meditsiinilinnak\/","name":"Meditsiinilinnak","description":"","potentialAction":[{"@type":"SearchAction","target":{"@type":"EntryPoint","urlTemplate":"https:\/\/www.kliinikum.ee\/meditsiinilinnak\/?s={search_term_string}"},"query-input":{"@type":"PropertyValueSpecification","valueRequired":true,"valueName":"search_term_string"}}],"inLanguage":"et"}]}},"_links":{"self":[{"href":"https:\/\/www.kliinikum.ee\/meditsiinilinnak\/wp-json\/wp\/v2\/pages\/1359","targetHints":{"allow":["GET"]}}],"collection":[{"href":"https:\/\/www.kliinikum.ee\/meditsiinilinnak\/wp-json\/wp\/v2\/pages"}],"about":[{"href":"https:\/\/www.kliinikum.ee\/meditsiinilinnak\/wp-json\/wp\/v2\/types\/page"}],"author":[{"embeddable":true,"href":"https:\/\/www.kliinikum.ee\/meditsiinilinnak\/wp-json\/wp\/v2\/users\/10"}],"replies":[{"embeddable":true,"href":"https:\/\/www.kliinikum.ee\/meditsiinilinnak\/wp-json\/wp\/v2\/comments?post=1359"}],"version-history":[{"count":1,"href":"https:\/\/www.kliinikum.ee\/meditsiinilinnak\/wp-json\/wp\/v2\/pages\/1359\/revisions"}],"predecessor-version":[{"id":1360,"href":"https:\/\/www.kliinikum.ee\/meditsiinilinnak\/wp-json\/wp\/v2\/pages\/1359\/revisions\/1360"}],"up":[{"embeddable":true,"href":"https:\/\/www.kliinikum.ee\/meditsiinilinnak\/wp-json\/wp\/v2\/pages\/1353"}],"wp:attachment":[{"href":"https:\/\/www.kliinikum.ee\/meditsiinilinnak\/wp-json\/wp\/v2\/media?parent=1359"}],"curies":[{"name":"wp","href":"https:\/\/api.w.org\/{rel}","templated":true}]}}