{"id":1363,"date":"2020-12-15T10:12:18","date_gmt":"2020-12-15T08:12:18","guid":{"rendered":"https:\/\/www.kliinikum.ee\/medlinnak\/?page_id=1363"},"modified":"2020-12-15T10:12:18","modified_gmt":"2020-12-15T08:12:18","slug":"sotsiaalministeerium","status":"publish","type":"page","link":"https:\/\/www.kliinikum.ee\/meditsiinilinnak\/i-ehitusjark\/partnerid\/sotsiaalministeerium\/","title":{"rendered":"Sotsiaalministeerium"},"content":{"rendered":"\n<p class=\"wp-el\">Sotsiaalministeerium vastutab riigi t\u00f6\u00f6turu ja t\u00f6\u00f6keskkonna, rahva tervise kaitse ja arstiabi, sotsiaalse turvalisuse, sotsiaalkindlustuse ja sotsiaalhoolekande korraldamise ning soolise v\u00f5rd\u00f5iguslikkuse edendamise eest.<\/p>\n\n\n\n<p class=\"wp-el\">Sotsiaalministeerium on Euroopa liidu struktuurifondide meetme 4.4. Haiglav\u00f5rgu reorganiseerimine rakendus\u00fcksus.<\/p>\n\n\n\n<p class=\"wp-el\"><a href=\"http:\/\/www.sm.ee\/\" target=\"_blank\" rel=\"noreferrer noopener\">www.sm.ee<\/a><\/p>\n","protected":false},"excerpt":{"rendered":"<p>Sotsiaalministeerium vastutab riigi t\u00f6\u00f6turu ja t\u00f6\u00f6keskkonna, rahva tervise kaitse ja arstiabi, sotsiaalse turvalisuse, sotsiaalkindlustuse ja sotsiaalhoolekande korraldamise ning soolise v\u00f5rd\u00f5iguslikkuse&#8230;<\/p>\n","protected":false},"author":10,"featured_media":0,"parent":1353,"menu_order":50,"comment_status":"closed","ping_status":"closed","template":"","meta":{"_acf_changed":false,"inline_featured_image":false,"footnotes":"","_links_to":"","_links_to_target":""},"class_list":["post-1363","page","type-page","status-publish","hentry"],"acf":[],"yoast_head":"<!-- This site is optimized with the Yoast SEO plugin v27.3 - https:\/\/yoast.com\/product\/yoast-seo-wordpress\/ -->\n<title>Sotsiaalministeerium - Meditsiinilinnak<\/title>\n<meta name=\"robots\" content=\"index, follow, max-snippet:-1, max-image-preview:large, max-video-preview:-1\" \/>\n<link rel=\"canonical\" href=\"https:\/\/www.kliinikum.ee\/meditsiinilinnak\/i-ehitusjark\/partnerid\/sotsiaalministeerium\/\" \/>\n<meta property=\"og:locale\" content=\"et_EE\" \/>\n<meta property=\"og:type\" content=\"article\" \/>\n<meta property=\"og:title\" content=\"Sotsiaalministeerium - Meditsiinilinnak\" \/>\n<meta property=\"og:description\" content=\"Sotsiaalministeerium vastutab riigi t\u00f6\u00f6turu ja t\u00f6\u00f6keskkonna, rahva tervise kaitse ja arstiabi, sotsiaalse turvalisuse, sotsiaalkindlustuse ja sotsiaalhoolekande korraldamise ning soolise v\u00f5rd\u00f5iguslikkuse...\" \/>\n<meta property=\"og:url\" content=\"https:\/\/www.kliinikum.ee\/meditsiinilinnak\/i-ehitusjark\/partnerid\/sotsiaalministeerium\/\" \/>\n<meta property=\"og:site_name\" content=\"Meditsiinilinnak\" \/>\n<meta name=\"twitter:card\" content=\"summary_large_image\" \/>\n<script type=\"application\/ld+json\" class=\"yoast-schema-graph\">{\"@context\":\"https:\\\/\\\/schema.org\",\"@graph\":[{\"@type\":\"WebPage\",\"@id\":\"https:\\\/\\\/www.kliinikum.ee\\\/meditsiinilinnak\\\/i-ehitusjark\\\/partnerid\\\/sotsiaalministeerium\\\/\",\"url\":\"https:\\\/\\\/www.kliinikum.ee\\\/meditsiinilinnak\\\/i-ehitusjark\\\/partnerid\\\/sotsiaalministeerium\\\/\",\"name\":\"Sotsiaalministeerium - Meditsiinilinnak\",\"isPartOf\":{\"@id\":\"https:\\\/\\\/www.kliinikum.ee\\\/meditsiinilinnak\\\/#website\"},\"datePublished\":\"2020-12-15T08:12:18+00:00\",\"breadcrumb\":{\"@id\":\"https:\\\/\\\/www.kliinikum.ee\\\/meditsiinilinnak\\\/i-ehitusjark\\\/partnerid\\\/sotsiaalministeerium\\\/#breadcrumb\"},\"inLanguage\":\"et\",\"potentialAction\":[{\"@type\":\"ReadAction\",\"target\":[\"https:\\\/\\\/www.kliinikum.ee\\\/meditsiinilinnak\\\/i-ehitusjark\\\/partnerid\\\/sotsiaalministeerium\\\/\"]}]},{\"@type\":\"BreadcrumbList\",\"@id\":\"https:\\\/\\\/www.kliinikum.ee\\\/meditsiinilinnak\\\/i-ehitusjark\\\/partnerid\\\/sotsiaalministeerium\\\/#breadcrumb\",\"itemListElement\":[{\"@type\":\"ListItem\",\"position\":1,\"name\":\"Home\",\"item\":\"https:\\\/\\\/www.kliinikum.ee\\\/meditsiinilinnak\\\/\"},{\"@type\":\"ListItem\",\"position\":2,\"name\":\"I ehitusj\u00e4rk\",\"item\":\"https:\\\/\\\/www.kliinikum.ee\\\/meditsiinilinnak\\\/i-ehitusjark\\\/\"},{\"@type\":\"ListItem\",\"position\":3,\"name\":\"Partnerid\",\"item\":\"https:\\\/\\\/www.kliinikum.ee\\\/meditsiinilinnak\\\/i-ehitusjark\\\/partnerid\\\/\"},{\"@type\":\"ListItem\",\"position\":4,\"name\":\"Sotsiaalministeerium\"}]},{\"@type\":\"WebSite\",\"@id\":\"https:\\\/\\\/www.kliinikum.ee\\\/meditsiinilinnak\\\/#website\",\"url\":\"https:\\\/\\\/www.kliinikum.ee\\\/meditsiinilinnak\\\/\",\"name\":\"Meditsiinilinnak\",\"description\":\"\",\"potentialAction\":[{\"@type\":\"SearchAction\",\"target\":{\"@type\":\"EntryPoint\",\"urlTemplate\":\"https:\\\/\\\/www.kliinikum.ee\\\/meditsiinilinnak\\\/?s={search_term_string}\"},\"query-input\":{\"@type\":\"PropertyValueSpecification\",\"valueRequired\":true,\"valueName\":\"search_term_string\"}}],\"inLanguage\":\"et\"}]}<\/script>\n<!-- \/ Yoast SEO plugin. -->","yoast_head_json":{"title":"Sotsiaalministeerium - Meditsiinilinnak","robots":{"index":"index","follow":"follow","max-snippet":"max-snippet:-1","max-image-preview":"max-image-preview:large","max-video-preview":"max-video-preview:-1"},"canonical":"https:\/\/www.kliinikum.ee\/meditsiinilinnak\/i-ehitusjark\/partnerid\/sotsiaalministeerium\/","og_locale":"et_EE","og_type":"article","og_title":"Sotsiaalministeerium - Meditsiinilinnak","og_description":"Sotsiaalministeerium vastutab riigi t\u00f6\u00f6turu ja t\u00f6\u00f6keskkonna, rahva tervise kaitse ja arstiabi, sotsiaalse turvalisuse, sotsiaalkindlustuse ja sotsiaalhoolekande korraldamise ning soolise v\u00f5rd\u00f5iguslikkuse...","og_url":"https:\/\/www.kliinikum.ee\/meditsiinilinnak\/i-ehitusjark\/partnerid\/sotsiaalministeerium\/","og_site_name":"Meditsiinilinnak","twitter_card":"summary_large_image","schema":{"@context":"https:\/\/schema.org","@graph":[{"@type":"WebPage","@id":"https:\/\/www.kliinikum.ee\/meditsiinilinnak\/i-ehitusjark\/partnerid\/sotsiaalministeerium\/","url":"https:\/\/www.kliinikum.ee\/meditsiinilinnak\/i-ehitusjark\/partnerid\/sotsiaalministeerium\/","name":"Sotsiaalministeerium - Meditsiinilinnak","isPartOf":{"@id":"https:\/\/www.kliinikum.ee\/meditsiinilinnak\/#website"},"datePublished":"2020-12-15T08:12:18+00:00","breadcrumb":{"@id":"https:\/\/www.kliinikum.ee\/meditsiinilinnak\/i-ehitusjark\/partnerid\/sotsiaalministeerium\/#breadcrumb"},"inLanguage":"et","potentialAction":[{"@type":"ReadAction","target":["https:\/\/www.kliinikum.ee\/meditsiinilinnak\/i-ehitusjark\/partnerid\/sotsiaalministeerium\/"]}]},{"@type":"BreadcrumbList","@id":"https:\/\/www.kliinikum.ee\/meditsiinilinnak\/i-ehitusjark\/partnerid\/sotsiaalministeerium\/#breadcrumb","itemListElement":[{"@type":"ListItem","position":1,"name":"Home","item":"https:\/\/www.kliinikum.ee\/meditsiinilinnak\/"},{"@type":"ListItem","position":2,"name":"I ehitusj\u00e4rk","item":"https:\/\/www.kliinikum.ee\/meditsiinilinnak\/i-ehitusjark\/"},{"@type":"ListItem","position":3,"name":"Partnerid","item":"https:\/\/www.kliinikum.ee\/meditsiinilinnak\/i-ehitusjark\/partnerid\/"},{"@type":"ListItem","position":4,"name":"Sotsiaalministeerium"}]},{"@type":"WebSite","@id":"https:\/\/www.kliinikum.ee\/meditsiinilinnak\/#website","url":"https:\/\/www.kliinikum.ee\/meditsiinilinnak\/","name":"Meditsiinilinnak","description":"","potentialAction":[{"@type":"SearchAction","target":{"@type":"EntryPoint","urlTemplate":"https:\/\/www.kliinikum.ee\/meditsiinilinnak\/?s={search_term_string}"},"query-input":{"@type":"PropertyValueSpecification","valueRequired":true,"valueName":"search_term_string"}}],"inLanguage":"et"}]}},"_links":{"self":[{"href":"https:\/\/www.kliinikum.ee\/meditsiinilinnak\/wp-json\/wp\/v2\/pages\/1363","targetHints":{"allow":["GET"]}}],"collection":[{"href":"https:\/\/www.kliinikum.ee\/meditsiinilinnak\/wp-json\/wp\/v2\/pages"}],"about":[{"href":"https:\/\/www.kliinikum.ee\/meditsiinilinnak\/wp-json\/wp\/v2\/types\/page"}],"author":[{"embeddable":true,"href":"https:\/\/www.kliinikum.ee\/meditsiinilinnak\/wp-json\/wp\/v2\/users\/10"}],"replies":[{"embeddable":true,"href":"https:\/\/www.kliinikum.ee\/meditsiinilinnak\/wp-json\/wp\/v2\/comments?post=1363"}],"version-history":[{"count":0,"href":"https:\/\/www.kliinikum.ee\/meditsiinilinnak\/wp-json\/wp\/v2\/pages\/1363\/revisions"}],"up":[{"embeddable":true,"href":"https:\/\/www.kliinikum.ee\/meditsiinilinnak\/wp-json\/wp\/v2\/pages\/1353"}],"wp:attachment":[{"href":"https:\/\/www.kliinikum.ee\/meditsiinilinnak\/wp-json\/wp\/v2\/media?parent=1363"}],"curies":[{"name":"wp","href":"https:\/\/api.w.org\/{rel}","templated":true}]}}