{"id":1365,"date":"2020-12-15T10:12:43","date_gmt":"2020-12-15T08:12:43","guid":{"rendered":"https:\/\/www.kliinikum.ee\/medlinnak\/?page_id=1365"},"modified":"2020-12-15T10:12:43","modified_gmt":"2020-12-15T08:12:43","slug":"skanska-emv","status":"publish","type":"page","link":"https:\/\/www.kliinikum.ee\/meditsiinilinnak\/i-ehitusjark\/partnerid\/skanska-emv\/","title":{"rendered":"Skanska EMV"},"content":{"rendered":"\n<p class=\"wp-el\">Skanska on \u00fclemaailmne, kaasaegseid ehitusteenuseid osutav ettev\u00f5te. Aastal 2005 oli Skanska k\u00e4ive 13,4 miljardit EURi. Skanska t\u00fctarfirma Skanska EMV AS v\u00f5itis Tartu \u00dclikooli Kliinikumi meditsiinilinnaku I ehitusj\u00e4rgu rahvusvahelise riigihanke. Hoonestu ehitusmaksumuseks kujunes 863,2 miljonit krooni.<\/p>\n\n\n\n<p class=\"wp-el\"><a href=\"http:\/\/www.skanska.ee\/\" target=\"_blank\" rel=\"noreferrer noopener\">www.skanska.ee<\/a><\/p>\n","protected":false},"excerpt":{"rendered":"<p>Skanska on \u00fclemaailmne, kaasaegseid ehitusteenuseid osutav ettev\u00f5te. Aastal 2005 oli Skanska k\u00e4ive 13,4 miljardit EURi. Skanska t\u00fctarfirma Skanska EMV AS&#8230;<\/p>\n","protected":false},"author":10,"featured_media":0,"parent":1353,"menu_order":60,"comment_status":"closed","ping_status":"closed","template":"","meta":{"_acf_changed":false,"inline_featured_image":false,"footnotes":"","_links_to":"","_links_to_target":""},"class_list":["post-1365","page","type-page","status-publish","hentry"],"acf":[],"yoast_head":"<!-- This site is optimized with the Yoast SEO plugin v27.3 - https:\/\/yoast.com\/product\/yoast-seo-wordpress\/ -->\n<title>Skanska EMV - Meditsiinilinnak<\/title>\n<meta name=\"robots\" content=\"index, follow, max-snippet:-1, max-image-preview:large, max-video-preview:-1\" \/>\n<link rel=\"canonical\" href=\"https:\/\/www.kliinikum.ee\/meditsiinilinnak\/i-ehitusjark\/partnerid\/skanska-emv\/\" \/>\n<meta property=\"og:locale\" content=\"et_EE\" \/>\n<meta property=\"og:type\" content=\"article\" \/>\n<meta property=\"og:title\" content=\"Skanska EMV - Meditsiinilinnak\" \/>\n<meta property=\"og:description\" content=\"Skanska on \u00fclemaailmne, kaasaegseid ehitusteenuseid osutav ettev\u00f5te. Aastal 2005 oli Skanska k\u00e4ive 13,4 miljardit EURi. Skanska t\u00fctarfirma Skanska EMV AS...\" \/>\n<meta property=\"og:url\" content=\"https:\/\/www.kliinikum.ee\/meditsiinilinnak\/i-ehitusjark\/partnerid\/skanska-emv\/\" \/>\n<meta property=\"og:site_name\" content=\"Meditsiinilinnak\" \/>\n<meta name=\"twitter:card\" content=\"summary_large_image\" \/>\n<script type=\"application\/ld+json\" class=\"yoast-schema-graph\">{\"@context\":\"https:\\\/\\\/schema.org\",\"@graph\":[{\"@type\":\"WebPage\",\"@id\":\"https:\\\/\\\/www.kliinikum.ee\\\/meditsiinilinnak\\\/i-ehitusjark\\\/partnerid\\\/skanska-emv\\\/\",\"url\":\"https:\\\/\\\/www.kliinikum.ee\\\/meditsiinilinnak\\\/i-ehitusjark\\\/partnerid\\\/skanska-emv\\\/\",\"name\":\"Skanska EMV - Meditsiinilinnak\",\"isPartOf\":{\"@id\":\"https:\\\/\\\/www.kliinikum.ee\\\/meditsiinilinnak\\\/#website\"},\"datePublished\":\"2020-12-15T08:12:43+00:00\",\"breadcrumb\":{\"@id\":\"https:\\\/\\\/www.kliinikum.ee\\\/meditsiinilinnak\\\/i-ehitusjark\\\/partnerid\\\/skanska-emv\\\/#breadcrumb\"},\"inLanguage\":\"et\",\"potentialAction\":[{\"@type\":\"ReadAction\",\"target\":[\"https:\\\/\\\/www.kliinikum.ee\\\/meditsiinilinnak\\\/i-ehitusjark\\\/partnerid\\\/skanska-emv\\\/\"]}]},{\"@type\":\"BreadcrumbList\",\"@id\":\"https:\\\/\\\/www.kliinikum.ee\\\/meditsiinilinnak\\\/i-ehitusjark\\\/partnerid\\\/skanska-emv\\\/#breadcrumb\",\"itemListElement\":[{\"@type\":\"ListItem\",\"position\":1,\"name\":\"Home\",\"item\":\"https:\\\/\\\/www.kliinikum.ee\\\/meditsiinilinnak\\\/\"},{\"@type\":\"ListItem\",\"position\":2,\"name\":\"I ehitusj\u00e4rk\",\"item\":\"https:\\\/\\\/www.kliinikum.ee\\\/meditsiinilinnak\\\/i-ehitusjark\\\/\"},{\"@type\":\"ListItem\",\"position\":3,\"name\":\"Partnerid\",\"item\":\"https:\\\/\\\/www.kliinikum.ee\\\/meditsiinilinnak\\\/i-ehitusjark\\\/partnerid\\\/\"},{\"@type\":\"ListItem\",\"position\":4,\"name\":\"Skanska EMV\"}]},{\"@type\":\"WebSite\",\"@id\":\"https:\\\/\\\/www.kliinikum.ee\\\/meditsiinilinnak\\\/#website\",\"url\":\"https:\\\/\\\/www.kliinikum.ee\\\/meditsiinilinnak\\\/\",\"name\":\"Meditsiinilinnak\",\"description\":\"\",\"potentialAction\":[{\"@type\":\"SearchAction\",\"target\":{\"@type\":\"EntryPoint\",\"urlTemplate\":\"https:\\\/\\\/www.kliinikum.ee\\\/meditsiinilinnak\\\/?s={search_term_string}\"},\"query-input\":{\"@type\":\"PropertyValueSpecification\",\"valueRequired\":true,\"valueName\":\"search_term_string\"}}],\"inLanguage\":\"et\"}]}<\/script>\n<!-- \/ Yoast SEO plugin. -->","yoast_head_json":{"title":"Skanska EMV - Meditsiinilinnak","robots":{"index":"index","follow":"follow","max-snippet":"max-snippet:-1","max-image-preview":"max-image-preview:large","max-video-preview":"max-video-preview:-1"},"canonical":"https:\/\/www.kliinikum.ee\/meditsiinilinnak\/i-ehitusjark\/partnerid\/skanska-emv\/","og_locale":"et_EE","og_type":"article","og_title":"Skanska EMV - Meditsiinilinnak","og_description":"Skanska on \u00fclemaailmne, kaasaegseid ehitusteenuseid osutav ettev\u00f5te. Aastal 2005 oli Skanska k\u00e4ive 13,4 miljardit EURi. Skanska t\u00fctarfirma Skanska EMV AS...","og_url":"https:\/\/www.kliinikum.ee\/meditsiinilinnak\/i-ehitusjark\/partnerid\/skanska-emv\/","og_site_name":"Meditsiinilinnak","twitter_card":"summary_large_image","schema":{"@context":"https:\/\/schema.org","@graph":[{"@type":"WebPage","@id":"https:\/\/www.kliinikum.ee\/meditsiinilinnak\/i-ehitusjark\/partnerid\/skanska-emv\/","url":"https:\/\/www.kliinikum.ee\/meditsiinilinnak\/i-ehitusjark\/partnerid\/skanska-emv\/","name":"Skanska EMV - Meditsiinilinnak","isPartOf":{"@id":"https:\/\/www.kliinikum.ee\/meditsiinilinnak\/#website"},"datePublished":"2020-12-15T08:12:43+00:00","breadcrumb":{"@id":"https:\/\/www.kliinikum.ee\/meditsiinilinnak\/i-ehitusjark\/partnerid\/skanska-emv\/#breadcrumb"},"inLanguage":"et","potentialAction":[{"@type":"ReadAction","target":["https:\/\/www.kliinikum.ee\/meditsiinilinnak\/i-ehitusjark\/partnerid\/skanska-emv\/"]}]},{"@type":"BreadcrumbList","@id":"https:\/\/www.kliinikum.ee\/meditsiinilinnak\/i-ehitusjark\/partnerid\/skanska-emv\/#breadcrumb","itemListElement":[{"@type":"ListItem","position":1,"name":"Home","item":"https:\/\/www.kliinikum.ee\/meditsiinilinnak\/"},{"@type":"ListItem","position":2,"name":"I ehitusj\u00e4rk","item":"https:\/\/www.kliinikum.ee\/meditsiinilinnak\/i-ehitusjark\/"},{"@type":"ListItem","position":3,"name":"Partnerid","item":"https:\/\/www.kliinikum.ee\/meditsiinilinnak\/i-ehitusjark\/partnerid\/"},{"@type":"ListItem","position":4,"name":"Skanska EMV"}]},{"@type":"WebSite","@id":"https:\/\/www.kliinikum.ee\/meditsiinilinnak\/#website","url":"https:\/\/www.kliinikum.ee\/meditsiinilinnak\/","name":"Meditsiinilinnak","description":"","potentialAction":[{"@type":"SearchAction","target":{"@type":"EntryPoint","urlTemplate":"https:\/\/www.kliinikum.ee\/meditsiinilinnak\/?s={search_term_string}"},"query-input":{"@type":"PropertyValueSpecification","valueRequired":true,"valueName":"search_term_string"}}],"inLanguage":"et"}]}},"_links":{"self":[{"href":"https:\/\/www.kliinikum.ee\/meditsiinilinnak\/wp-json\/wp\/v2\/pages\/1365","targetHints":{"allow":["GET"]}}],"collection":[{"href":"https:\/\/www.kliinikum.ee\/meditsiinilinnak\/wp-json\/wp\/v2\/pages"}],"about":[{"href":"https:\/\/www.kliinikum.ee\/meditsiinilinnak\/wp-json\/wp\/v2\/types\/page"}],"author":[{"embeddable":true,"href":"https:\/\/www.kliinikum.ee\/meditsiinilinnak\/wp-json\/wp\/v2\/users\/10"}],"replies":[{"embeddable":true,"href":"https:\/\/www.kliinikum.ee\/meditsiinilinnak\/wp-json\/wp\/v2\/comments?post=1365"}],"version-history":[{"count":0,"href":"https:\/\/www.kliinikum.ee\/meditsiinilinnak\/wp-json\/wp\/v2\/pages\/1365\/revisions"}],"up":[{"embeddable":true,"href":"https:\/\/www.kliinikum.ee\/meditsiinilinnak\/wp-json\/wp\/v2\/pages\/1353"}],"wp:attachment":[{"href":"https:\/\/www.kliinikum.ee\/meditsiinilinnak\/wp-json\/wp\/v2\/media?parent=1365"}],"curies":[{"name":"wp","href":"https:\/\/api.w.org\/{rel}","templated":true}]}}