{"id":1377,"date":"2020-12-15T10:16:50","date_gmt":"2020-12-15T08:16:50","guid":{"rendered":"https:\/\/www.kliinikum.ee\/medlinnak\/?page_id=1377"},"modified":"2021-01-21T10:33:34","modified_gmt":"2021-01-21T08:33:34","slug":"projekt","status":"publish","type":"page","link":"https:\/\/www.kliinikum.ee\/meditsiinilinnak\/ii-ehitusjark\/projekt\/","title":{"rendered":"Maarjam\u00f5isa meditsiinilinnaku II ehitusj\u00e4rk"},"content":{"rendered":"\n<div class=\"wp-block-columns is-layout-flex wp-container-core-columns-is-layout-9d6595d7 wp-block-columns-is-layout-flex\">\n<div class=\"wp-block-column is-layout-flow wp-block-column-is-layout-flow\" style=\"flex-basis:66.66%\">\n<p class=\"wp-el\">K\u00e4esolev projekt moodustab osa&nbsp;<strong>Tartu \u00dclikooli Kliinikumi<\/strong>&nbsp;strateegilisest eesm\u00e4rgist koondada aktiivravi \u00fchte kompaktsesse s\u00fcsteemi ning v\u00e4lja arendada&nbsp;<strong>Tartu \u00dclikooli Kliinikumi&nbsp;<\/strong><strong>Maarjam\u00f5isa meditsiinilinnak<\/strong>.<\/p>\n\n\n\n<p class=\"wp-el\">Maarjam\u00f5isa meditsiinilinnaku arendamine on jagatud nelja etappi. K\u00f5igi nelja etapi realiseerimise tulemusena arendatakse 2020.a v\u00e4lja terviklik Tartu \u00dclikooli Kliinikumi Maarjam\u00f5isa meditsiinilinnak, millega korraldatakse \u00fcmber hetkel hajali paiknevad kliinikud, avaldatakse positiivset m\u00f5ju erialadevahelisele koost\u00f6\u00f6le teaduse ning hariduse valdkonnas ning tagatakse k\u00f5igi hoonete vastavus kaasaja haiglatele esitatavatele n\u00f5uetele.<\/p>\n\n\n\n<p class=\"wp-el\"><strong>II ehitusj\u00e4rk<\/strong>&nbsp;on loogiliseks j\u00e4tkuks 2008. aastal Euroopa Liidu Regionaalarengu Fondi&nbsp;(ERDF)&nbsp;toel valminud I ehitusj\u00e4rgule, samuti eelduseks III ja IV ehitusj\u00e4rgu ettevalmistamisele.<\/p>\n\n\n\n<p class=\"wp-el\"><strong>Projekti otseseks eesm\u00e4rgiks on 2015. aasta l\u00f5puks valmis ehitada ja v\u00f5tta kasutusele Tartu \u00dclikooli Kliinikumi aktiivravikompleksi II ehitusj\u00e4rk &#8211; korpused J, K ja L, mis rajatakse Puusepa 8 meditsiinilinnaku juurde.<\/strong><\/p>\n\n\n\n<p class=\"wp-el\">Sotsiaalministeerium on esitanud Euroopa Komisjonile taotluse suurprojekti rahastamiseks Euroopa Liidu Regionaalarengu Fondi (ERDF) \u00abElukeskkonna arendamise rakenduskava\u00bb prioriteetse suuna 6 &#8220;Tervishoiu-ja hoolekande infrastruktuuri arendamine&#8221; raames.<\/p>\n<\/div>\n\n\n\n<div class=\"wp-block-column is-layout-flow wp-block-column-is-layout-flow\" style=\"flex-basis:33.33%\">\n<figure class=\"wp-block-image size-large\"><img loading=\"lazy\" decoding=\"async\" width=\"290\" height=\"190\" src=\"https:\/\/www.kliinikum.ee\/meditsiinilinnak\/wp-content\/uploads\/2020\/12\/II-ehitusjark.png\" alt=\"\" class=\"wp-image-1327\" \/><\/figure>\n<\/div>\n<\/div>\n","protected":false},"excerpt":{"rendered":"<p>K\u00e4esolev projekt moodustab osa&nbsp;Tartu \u00dclikooli Kliinikumi&nbsp;strateegilisest eesm\u00e4rgist koondada aktiivravi \u00fchte kompaktsesse s\u00fcsteemi ning v\u00e4lja arendada&nbsp;Tartu \u00dclikooli Kliinikumi&nbsp;Maarjam\u00f5isa meditsiinilinnak. Maarjam\u00f5isa meditsiinilinnaku&#8230;<\/p>\n","protected":false},"author":10,"featured_media":0,"parent":1375,"menu_order":10,"comment_status":"closed","ping_status":"closed","template":"","meta":{"_acf_changed":false,"inline_featured_image":false,"footnotes":"","_links_to":"","_links_to_target":""},"class_list":["post-1377","page","type-page","status-publish","hentry"],"acf":[],"yoast_head":"<!-- This site is optimized with the Yoast SEO plugin v27.5 - https:\/\/yoast.com\/product\/yoast-seo-wordpress\/ -->\n<title>Maarjam\u00f5isa meditsiinilinnaku II ehitusj\u00e4rk - Meditsiinilinnak<\/title>\n<meta name=\"robots\" content=\"index, follow, max-snippet:-1, max-image-preview:large, max-video-preview:-1\" \/>\n<link rel=\"canonical\" href=\"https:\/\/www.kliinikum.ee\/meditsiinilinnak\/ii-ehitusjark\/projekt\/\" \/>\n<meta property=\"og:locale\" content=\"et_EE\" \/>\n<meta property=\"og:type\" content=\"article\" \/>\n<meta property=\"og:title\" content=\"Maarjam\u00f5isa meditsiinilinnaku II ehitusj\u00e4rk - Meditsiinilinnak\" \/>\n<meta property=\"og:description\" content=\"K\u00e4esolev projekt moodustab osa&nbsp;Tartu \u00dclikooli Kliinikumi&nbsp;strateegilisest eesm\u00e4rgist koondada aktiivravi \u00fchte kompaktsesse s\u00fcsteemi ning v\u00e4lja arendada&nbsp;Tartu \u00dclikooli Kliinikumi&nbsp;Maarjam\u00f5isa meditsiinilinnak. Maarjam\u00f5isa meditsiinilinnaku...\" \/>\n<meta property=\"og:url\" content=\"https:\/\/www.kliinikum.ee\/meditsiinilinnak\/ii-ehitusjark\/projekt\/\" \/>\n<meta property=\"og:site_name\" content=\"Meditsiinilinnak\" \/>\n<meta property=\"article:modified_time\" content=\"2021-01-21T08:33:34+00:00\" \/>\n<meta property=\"og:image\" content=\"https:\/\/www.kliinikum.ee\/meditsiinilinnak\/wp-content\/uploads\/2020\/12\/II-ehitusjark.png\" \/>\n<meta name=\"twitter:card\" content=\"summary_large_image\" \/>\n<meta name=\"twitter:label1\" content=\"Est. reading time\" \/>\n\t<meta name=\"twitter:data1\" content=\"1 minut\" \/>\n<script type=\"application\/ld+json\" class=\"yoast-schema-graph\">{\"@context\":\"https:\\\/\\\/schema.org\",\"@graph\":[{\"@type\":\"WebPage\",\"@id\":\"https:\\\/\\\/www.kliinikum.ee\\\/meditsiinilinnak\\\/ii-ehitusjark\\\/projekt\\\/\",\"url\":\"https:\\\/\\\/www.kliinikum.ee\\\/meditsiinilinnak\\\/ii-ehitusjark\\\/projekt\\\/\",\"name\":\"Maarjam\u00f5isa meditsiinilinnaku II ehitusj\u00e4rk - Meditsiinilinnak\",\"isPartOf\":{\"@id\":\"https:\\\/\\\/www.kliinikum.ee\\\/meditsiinilinnak\\\/#website\"},\"primaryImageOfPage\":{\"@id\":\"https:\\\/\\\/www.kliinikum.ee\\\/meditsiinilinnak\\\/ii-ehitusjark\\\/projekt\\\/#primaryimage\"},\"image\":{\"@id\":\"https:\\\/\\\/www.kliinikum.ee\\\/meditsiinilinnak\\\/ii-ehitusjark\\\/projekt\\\/#primaryimage\"},\"thumbnailUrl\":\"https:\\\/\\\/www.kliinikum.ee\\\/meditsiinilinnak\\\/wp-content\\\/uploads\\\/2020\\\/12\\\/II-ehitusjark.png\",\"datePublished\":\"2020-12-15T08:16:50+00:00\",\"dateModified\":\"2021-01-21T08:33:34+00:00\",\"breadcrumb\":{\"@id\":\"https:\\\/\\\/www.kliinikum.ee\\\/meditsiinilinnak\\\/ii-ehitusjark\\\/projekt\\\/#breadcrumb\"},\"inLanguage\":\"et\",\"potentialAction\":[{\"@type\":\"ReadAction\",\"target\":[\"https:\\\/\\\/www.kliinikum.ee\\\/meditsiinilinnak\\\/ii-ehitusjark\\\/projekt\\\/\"]}]},{\"@type\":\"ImageObject\",\"inLanguage\":\"et\",\"@id\":\"https:\\\/\\\/www.kliinikum.ee\\\/meditsiinilinnak\\\/ii-ehitusjark\\\/projekt\\\/#primaryimage\",\"url\":\"https:\\\/\\\/www.kliinikum.ee\\\/meditsiinilinnak\\\/wp-content\\\/uploads\\\/2020\\\/12\\\/II-ehitusjark.png\",\"contentUrl\":\"https:\\\/\\\/www.kliinikum.ee\\\/meditsiinilinnak\\\/wp-content\\\/uploads\\\/2020\\\/12\\\/II-ehitusjark.png\",\"width\":290,\"height\":190},{\"@type\":\"BreadcrumbList\",\"@id\":\"https:\\\/\\\/www.kliinikum.ee\\\/meditsiinilinnak\\\/ii-ehitusjark\\\/projekt\\\/#breadcrumb\",\"itemListElement\":[{\"@type\":\"ListItem\",\"position\":1,\"name\":\"Home\",\"item\":\"https:\\\/\\\/www.kliinikum.ee\\\/meditsiinilinnak\\\/\"},{\"@type\":\"ListItem\",\"position\":2,\"name\":\"II ehitusj\u00e4rk\",\"item\":\"https:\\\/\\\/www.kliinikum.ee\\\/meditsiinilinnak\\\/ii-ehitusjark\\\/\"},{\"@type\":\"ListItem\",\"position\":3,\"name\":\"Maarjam\u00f5isa meditsiinilinnaku II ehitusj\u00e4rk\"}]},{\"@type\":\"WebSite\",\"@id\":\"https:\\\/\\\/www.kliinikum.ee\\\/meditsiinilinnak\\\/#website\",\"url\":\"https:\\\/\\\/www.kliinikum.ee\\\/meditsiinilinnak\\\/\",\"name\":\"Meditsiinilinnak\",\"description\":\"\",\"potentialAction\":[{\"@type\":\"SearchAction\",\"target\":{\"@type\":\"EntryPoint\",\"urlTemplate\":\"https:\\\/\\\/www.kliinikum.ee\\\/meditsiinilinnak\\\/?s={search_term_string}\"},\"query-input\":{\"@type\":\"PropertyValueSpecification\",\"valueRequired\":true,\"valueName\":\"search_term_string\"}}],\"inLanguage\":\"et\"}]}<\/script>\n<!-- \/ Yoast SEO plugin. -->","yoast_head_json":{"title":"Maarjam\u00f5isa meditsiinilinnaku II ehitusj\u00e4rk - Meditsiinilinnak","robots":{"index":"index","follow":"follow","max-snippet":"max-snippet:-1","max-image-preview":"max-image-preview:large","max-video-preview":"max-video-preview:-1"},"canonical":"https:\/\/www.kliinikum.ee\/meditsiinilinnak\/ii-ehitusjark\/projekt\/","og_locale":"et_EE","og_type":"article","og_title":"Maarjam\u00f5isa meditsiinilinnaku II ehitusj\u00e4rk - Meditsiinilinnak","og_description":"K\u00e4esolev projekt moodustab osa&nbsp;Tartu \u00dclikooli Kliinikumi&nbsp;strateegilisest eesm\u00e4rgist koondada aktiivravi \u00fchte kompaktsesse s\u00fcsteemi ning v\u00e4lja arendada&nbsp;Tartu \u00dclikooli Kliinikumi&nbsp;Maarjam\u00f5isa meditsiinilinnak. Maarjam\u00f5isa meditsiinilinnaku...","og_url":"https:\/\/www.kliinikum.ee\/meditsiinilinnak\/ii-ehitusjark\/projekt\/","og_site_name":"Meditsiinilinnak","article_modified_time":"2021-01-21T08:33:34+00:00","og_image":[{"url":"https:\/\/www.kliinikum.ee\/meditsiinilinnak\/wp-content\/uploads\/2020\/12\/II-ehitusjark.png","type":"","width":"","height":""}],"twitter_card":"summary_large_image","twitter_misc":{"Est. reading time":"1 minut"},"schema":{"@context":"https:\/\/schema.org","@graph":[{"@type":"WebPage","@id":"https:\/\/www.kliinikum.ee\/meditsiinilinnak\/ii-ehitusjark\/projekt\/","url":"https:\/\/www.kliinikum.ee\/meditsiinilinnak\/ii-ehitusjark\/projekt\/","name":"Maarjam\u00f5isa meditsiinilinnaku II ehitusj\u00e4rk - Meditsiinilinnak","isPartOf":{"@id":"https:\/\/www.kliinikum.ee\/meditsiinilinnak\/#website"},"primaryImageOfPage":{"@id":"https:\/\/www.kliinikum.ee\/meditsiinilinnak\/ii-ehitusjark\/projekt\/#primaryimage"},"image":{"@id":"https:\/\/www.kliinikum.ee\/meditsiinilinnak\/ii-ehitusjark\/projekt\/#primaryimage"},"thumbnailUrl":"https:\/\/www.kliinikum.ee\/meditsiinilinnak\/wp-content\/uploads\/2020\/12\/II-ehitusjark.png","datePublished":"2020-12-15T08:16:50+00:00","dateModified":"2021-01-21T08:33:34+00:00","breadcrumb":{"@id":"https:\/\/www.kliinikum.ee\/meditsiinilinnak\/ii-ehitusjark\/projekt\/#breadcrumb"},"inLanguage":"et","potentialAction":[{"@type":"ReadAction","target":["https:\/\/www.kliinikum.ee\/meditsiinilinnak\/ii-ehitusjark\/projekt\/"]}]},{"@type":"ImageObject","inLanguage":"et","@id":"https:\/\/www.kliinikum.ee\/meditsiinilinnak\/ii-ehitusjark\/projekt\/#primaryimage","url":"https:\/\/www.kliinikum.ee\/meditsiinilinnak\/wp-content\/uploads\/2020\/12\/II-ehitusjark.png","contentUrl":"https:\/\/www.kliinikum.ee\/meditsiinilinnak\/wp-content\/uploads\/2020\/12\/II-ehitusjark.png","width":290,"height":190},{"@type":"BreadcrumbList","@id":"https:\/\/www.kliinikum.ee\/meditsiinilinnak\/ii-ehitusjark\/projekt\/#breadcrumb","itemListElement":[{"@type":"ListItem","position":1,"name":"Home","item":"https:\/\/www.kliinikum.ee\/meditsiinilinnak\/"},{"@type":"ListItem","position":2,"name":"II ehitusj\u00e4rk","item":"https:\/\/www.kliinikum.ee\/meditsiinilinnak\/ii-ehitusjark\/"},{"@type":"ListItem","position":3,"name":"Maarjam\u00f5isa meditsiinilinnaku II ehitusj\u00e4rk"}]},{"@type":"WebSite","@id":"https:\/\/www.kliinikum.ee\/meditsiinilinnak\/#website","url":"https:\/\/www.kliinikum.ee\/meditsiinilinnak\/","name":"Meditsiinilinnak","description":"","potentialAction":[{"@type":"SearchAction","target":{"@type":"EntryPoint","urlTemplate":"https:\/\/www.kliinikum.ee\/meditsiinilinnak\/?s={search_term_string}"},"query-input":{"@type":"PropertyValueSpecification","valueRequired":true,"valueName":"search_term_string"}}],"inLanguage":"et"}]}},"_links":{"self":[{"href":"https:\/\/www.kliinikum.ee\/meditsiinilinnak\/wp-json\/wp\/v2\/pages\/1377","targetHints":{"allow":["GET"]}}],"collection":[{"href":"https:\/\/www.kliinikum.ee\/meditsiinilinnak\/wp-json\/wp\/v2\/pages"}],"about":[{"href":"https:\/\/www.kliinikum.ee\/meditsiinilinnak\/wp-json\/wp\/v2\/types\/page"}],"author":[{"embeddable":true,"href":"https:\/\/www.kliinikum.ee\/meditsiinilinnak\/wp-json\/wp\/v2\/users\/10"}],"replies":[{"embeddable":true,"href":"https:\/\/www.kliinikum.ee\/meditsiinilinnak\/wp-json\/wp\/v2\/comments?post=1377"}],"version-history":[{"count":0,"href":"https:\/\/www.kliinikum.ee\/meditsiinilinnak\/wp-json\/wp\/v2\/pages\/1377\/revisions"}],"up":[{"embeddable":true,"href":"https:\/\/www.kliinikum.ee\/meditsiinilinnak\/wp-json\/wp\/v2\/pages\/1375"}],"wp:attachment":[{"href":"https:\/\/www.kliinikum.ee\/meditsiinilinnak\/wp-json\/wp\/v2\/media?parent=1377"}],"curies":[{"name":"wp","href":"https:\/\/api.w.org\/{rel}","templated":true}]}}