{"id":1379,"date":"2020-12-15T10:17:08","date_gmt":"2020-12-15T08:17:08","guid":{"rendered":"https:\/\/www.kliinikum.ee\/medlinnak\/?page_id=1379"},"modified":"2020-12-15T10:57:34","modified_gmt":"2020-12-15T08:57:34","slug":"partnerid","status":"publish","type":"page","link":"https:\/\/www.kliinikum.ee\/meditsiinilinnak\/ii-ehitusjark\/partnerid\/","title":{"rendered":"Partnerid"},"content":{"rendered":"<div id=\"acf-block-block_5fd87a2a8d89e\" class=\"acf-block-element block-logos\"><div class=\"row row-grid-narrow justify-content-center\"><div class=\"col-auto\"><div class=\"d-flex flex-wrap flex-column position-relative h-100\"><div class=\"gb-logo text-center d-flex flex-wrap align-items-center justify-content-center flex-grow-1\"><img loading=\"lazy\" decoding=\"async\" width=\"290\" height=\"73\" src=\"https:\/\/www.kliinikum.ee\/meditsiinilinnak\/wp-content\/uploads\/2020\/12\/innopolis-290x73.png\" class=\"attachment-290x190-soft size-290x190-soft\" alt=\"\" srcset=\"https:\/\/www.kliinikum.ee\/meditsiinilinnak\/wp-content\/uploads\/2020\/12\/innopolis-290x73.png 290w, https:\/\/www.kliinikum.ee\/meditsiinilinnak\/wp-content\/uploads\/2020\/12\/innopolis.png 340w\" sizes=\"auto, (max-width: 290px) 100vw, 290px\" \/><\/div><div class=\"gb-info text-center\"><p><strong>Innopolis Konsultatsioonid AS<\/strong><\/p><p class=\"logo-link\"><a href=\"https:\/\/insenerid.ee\/\" target=\"_blank\">www.innopolis.ee<\/a><\/p><\/div><\/div><\/div><div class=\"col-12 col-desc text-center\">Projekti juhtimine ja administratiivse tehnilise abi teenus<\/div><\/div><\/div>\n\n<div id=\"acf-block-block_5fd878ef8d891\" class=\"acf-block-element block-logos\"><div class=\"row row-grid-narrow justify-content-center\"><div class=\"col-auto\"><div class=\"d-flex flex-wrap flex-column position-relative h-100\"><div class=\"gb-logo text-center d-flex flex-wrap align-items-center justify-content-center flex-grow-1\"><img loading=\"lazy\" decoding=\"async\" width=\"150\" height=\"80\" src=\"https:\/\/www.kliinikum.ee\/meditsiinilinnak\/wp-content\/uploads\/2020\/12\/aw.gif\" class=\"attachment-290x190-soft size-290x190-soft\" alt=\"\" \/><\/div><div class=\"gb-info text-center\"><p><strong>AW2 &#8211; arkkitehdit Oy<\/strong><\/p><p class=\"logo-link\"><a href=\"https:\/\/aw2.fi\/\" target=\"_blank\">www.aw2.fi<\/a><\/p><\/div><\/div><\/div><div class=\"col-auto\"><div class=\"d-flex flex-wrap flex-column position-relative h-100\"><div class=\"gb-logo text-center d-flex flex-wrap align-items-center justify-content-center flex-grow-1\"><img loading=\"lazy\" decoding=\"async\" width=\"158\" height=\"65\" src=\"https:\/\/www.kliinikum.ee\/meditsiinilinnak\/wp-content\/uploads\/2020\/12\/civen.jpg\" class=\"attachment-290x190-soft size-290x190-soft\" alt=\"\" \/><\/div><div class=\"gb-info text-center\"><p><strong>Civen O\u00dc<\/strong><\/p><p class=\"logo-link\"><a href=\"http:\/\/www.civen.ee\/\" target=\"_blank\">www.civen.ee<\/a><\/p><\/div><\/div><\/div><div class=\"col-12 col-desc text-center\">Maarjam\u00f5isa meditsiinilinnaku II ehitusj\u00e4rjekorra projekteerimist\u00f6\u00f6d<\/div><\/div><\/div>\n\n<div id=\"acf-block-block_5fd87a0c8d89d\" class=\"acf-block-element block-logos\"><div class=\"row row-grid-narrow justify-content-center\"><div class=\"col-auto\"><div class=\"d-flex flex-wrap flex-column position-relative h-100\"><div class=\"gb-logo text-center d-flex flex-wrap align-items-center justify-content-center flex-grow-1\"><img loading=\"lazy\" decoding=\"async\" width=\"161\" height=\"84\" src=\"https:\/\/www.kliinikum.ee\/meditsiinilinnak\/wp-content\/uploads\/2020\/12\/telora.jpg\" class=\"attachment-290x190-soft size-290x190-soft\" alt=\"\" \/><\/div><div class=\"gb-info text-center\"><p><strong>Telora-E AS<\/strong><\/p><p class=\"logo-link\"><a href=\"https:\/\/www.telora.ee\/\" target=\"_blank\">www.telora.ee<\/a><\/p><\/div><\/div><\/div><div class=\"col-12 col-desc text-center\">Maarjam\u00f5isa meditsiinilinnaku II ehitusj\u00e4rgu ehitust\u00f6\u00f6de  omanikuj\u00e4relevalve- ja inseneriteenus<\/div><\/div><\/div>\n\n<div id=\"acf-block-block_5fd879ac8d899\" class=\"acf-block-element block-logos\"><div class=\"row row-grid-narrow justify-content-center\"><div class=\"col-auto\"><div class=\"d-flex flex-wrap flex-column position-relative h-100\"><div class=\"gb-logo text-center d-flex flex-wrap align-items-center justify-content-center flex-grow-1\"><img loading=\"lazy\" decoding=\"async\" width=\"290\" height=\"95\" src=\"https:\/\/www.kliinikum.ee\/meditsiinilinnak\/wp-content\/uploads\/2020\/12\/rand_and_tuulberg-290x95.jpeg\" class=\"attachment-290x190-soft size-290x190-soft\" alt=\"\" srcset=\"https:\/\/www.kliinikum.ee\/meditsiinilinnak\/wp-content\/uploads\/2020\/12\/rand_and_tuulberg-290x95.jpeg 290w, https:\/\/www.kliinikum.ee\/meditsiinilinnak\/wp-content\/uploads\/2020\/12\/rand_and_tuulberg.jpeg 411w\" sizes=\"auto, (max-width: 290px) 100vw, 290px\" \/><\/div><div class=\"gb-info text-center\"><p><strong>Ehitusfirma Rand ja Tuulber AS<\/strong><\/p><p class=\"logo-link\"><a href=\"https:\/\/randtuulberg.ee\/\" target=\"_blank\">randtuulberg.ee<\/a><\/p><\/div><\/div><\/div><div class=\"col-auto\"><div class=\"d-flex flex-wrap flex-column position-relative h-100\"><div class=\"gb-logo text-center d-flex flex-wrap align-items-center justify-content-center flex-grow-1\"><img loading=\"lazy\" decoding=\"async\" width=\"290\" height=\"78\" src=\"https:\/\/www.kliinikum.ee\/meditsiinilinnak\/wp-content\/uploads\/2020\/12\/astlanda-290x78.jpg\" class=\"attachment-290x190-soft size-290x190-soft\" alt=\"\" srcset=\"https:\/\/www.kliinikum.ee\/meditsiinilinnak\/wp-content\/uploads\/2020\/12\/astlanda-290x78.jpg 290w, https:\/\/www.kliinikum.ee\/meditsiinilinnak\/wp-content\/uploads\/2020\/12\/astlanda.jpg 458w\" sizes=\"auto, (max-width: 290px) 100vw, 290px\" \/><\/div><div class=\"gb-info text-center\"><p><strong>Astlanda Ehitus O\u00dc<\/strong><\/p><p class=\"logo-link\"><a href=\"http:\/\/www.astlanda.ee\/\" target=\"_blank\">www.astlanda.ee<\/a><\/p><\/div><\/div><\/div><div class=\"col-12 col-desc text-center\">Maarjam\u00f5isa meditsiinilinnaku II ehitusj\u00e4rjekorra ehitust\u00f6\u00f6d<\/div><\/div><\/div>\n\n<div id=\"acf-block-block_5fd879b08d89a\" class=\"acf-block-element block-logos\"><div class=\"row row-grid-narrow justify-content-center\"><div class=\"col-auto\"><div class=\"d-flex flex-wrap flex-column position-relative h-100\"><div class=\"gb-logo text-center d-flex flex-wrap align-items-center justify-content-center flex-grow-1\"><img loading=\"lazy\" decoding=\"async\" width=\"263\" height=\"65\" src=\"https:\/\/www.kliinikum.ee\/meditsiinilinnak\/wp-content\/uploads\/2020\/12\/sm.gif\" class=\"attachment-290x190-soft size-290x190-soft\" alt=\"\" \/><\/div><div class=\"gb-info text-center\"><p><strong>Sotsiaalministeerium<\/strong><\/p><p class=\"logo-link\"><a href=\"https:\/\/www.sm.ee\/et\" target=\"_blank\">www.sm.ee<\/a><\/p><\/div><\/div><\/div><div class=\"col-12 col-desc text-center\">Euroopa Liidu struktuurifondide rakendus\u00fcksus<\/div><\/div><\/div>","protected":false},"excerpt":{"rendered":"","protected":false},"author":10,"featured_media":0,"parent":1375,"menu_order":20,"comment_status":"closed","ping_status":"closed","template":"","meta":{"_acf_changed":false,"inline_featured_image":false,"footnotes":"","_links_to":"","_links_to_target":""},"class_list":["post-1379","page","type-page","status-publish","hentry"],"acf":[],"yoast_head":"<!-- This site is optimized with the Yoast SEO plugin v27.5 - https:\/\/yoast.com\/product\/yoast-seo-wordpress\/ -->\n<title>Partnerid - Meditsiinilinnak<\/title>\n<meta name=\"robots\" content=\"index, follow, max-snippet:-1, max-image-preview:large, max-video-preview:-1\" \/>\n<link rel=\"canonical\" href=\"https:\/\/www.kliinikum.ee\/meditsiinilinnak\/ii-ehitusjark\/partnerid\/\" \/>\n<meta property=\"og:locale\" content=\"et_EE\" \/>\n<meta property=\"og:type\" content=\"article\" \/>\n<meta property=\"og:title\" content=\"Partnerid - Meditsiinilinnak\" \/>\n<meta property=\"og:url\" content=\"https:\/\/www.kliinikum.ee\/meditsiinilinnak\/ii-ehitusjark\/partnerid\/\" \/>\n<meta property=\"og:site_name\" content=\"Meditsiinilinnak\" \/>\n<meta property=\"article:modified_time\" content=\"2020-12-15T08:57:34+00:00\" \/>\n<meta name=\"twitter:card\" content=\"summary_large_image\" \/>\n<script type=\"application\/ld+json\" class=\"yoast-schema-graph\">{\"@context\":\"https:\\\/\\\/schema.org\",\"@graph\":[{\"@type\":\"WebPage\",\"@id\":\"https:\\\/\\\/www.kliinikum.ee\\\/meditsiinilinnak\\\/ii-ehitusjark\\\/partnerid\\\/\",\"url\":\"https:\\\/\\\/www.kliinikum.ee\\\/meditsiinilinnak\\\/ii-ehitusjark\\\/partnerid\\\/\",\"name\":\"Partnerid - Meditsiinilinnak\",\"isPartOf\":{\"@id\":\"https:\\\/\\\/www.kliinikum.ee\\\/meditsiinilinnak\\\/#website\"},\"datePublished\":\"2020-12-15T08:17:08+00:00\",\"dateModified\":\"2020-12-15T08:57:34+00:00\",\"breadcrumb\":{\"@id\":\"https:\\\/\\\/www.kliinikum.ee\\\/meditsiinilinnak\\\/ii-ehitusjark\\\/partnerid\\\/#breadcrumb\"},\"inLanguage\":\"et\",\"potentialAction\":[{\"@type\":\"ReadAction\",\"target\":[\"https:\\\/\\\/www.kliinikum.ee\\\/meditsiinilinnak\\\/ii-ehitusjark\\\/partnerid\\\/\"]}]},{\"@type\":\"BreadcrumbList\",\"@id\":\"https:\\\/\\\/www.kliinikum.ee\\\/meditsiinilinnak\\\/ii-ehitusjark\\\/partnerid\\\/#breadcrumb\",\"itemListElement\":[{\"@type\":\"ListItem\",\"position\":1,\"name\":\"Home\",\"item\":\"https:\\\/\\\/www.kliinikum.ee\\\/meditsiinilinnak\\\/\"},{\"@type\":\"ListItem\",\"position\":2,\"name\":\"II ehitusj\u00e4rk\",\"item\":\"https:\\\/\\\/www.kliinikum.ee\\\/meditsiinilinnak\\\/ii-ehitusjark\\\/\"},{\"@type\":\"ListItem\",\"position\":3,\"name\":\"Partnerid\"}]},{\"@type\":\"WebSite\",\"@id\":\"https:\\\/\\\/www.kliinikum.ee\\\/meditsiinilinnak\\\/#website\",\"url\":\"https:\\\/\\\/www.kliinikum.ee\\\/meditsiinilinnak\\\/\",\"name\":\"Meditsiinilinnak\",\"description\":\"\",\"potentialAction\":[{\"@type\":\"SearchAction\",\"target\":{\"@type\":\"EntryPoint\",\"urlTemplate\":\"https:\\\/\\\/www.kliinikum.ee\\\/meditsiinilinnak\\\/?s={search_term_string}\"},\"query-input\":{\"@type\":\"PropertyValueSpecification\",\"valueRequired\":true,\"valueName\":\"search_term_string\"}}],\"inLanguage\":\"et\"}]}<\/script>\n<!-- \/ Yoast SEO plugin. -->","yoast_head_json":{"title":"Partnerid - Meditsiinilinnak","robots":{"index":"index","follow":"follow","max-snippet":"max-snippet:-1","max-image-preview":"max-image-preview:large","max-video-preview":"max-video-preview:-1"},"canonical":"https:\/\/www.kliinikum.ee\/meditsiinilinnak\/ii-ehitusjark\/partnerid\/","og_locale":"et_EE","og_type":"article","og_title":"Partnerid - Meditsiinilinnak","og_url":"https:\/\/www.kliinikum.ee\/meditsiinilinnak\/ii-ehitusjark\/partnerid\/","og_site_name":"Meditsiinilinnak","article_modified_time":"2020-12-15T08:57:34+00:00","twitter_card":"summary_large_image","schema":{"@context":"https:\/\/schema.org","@graph":[{"@type":"WebPage","@id":"https:\/\/www.kliinikum.ee\/meditsiinilinnak\/ii-ehitusjark\/partnerid\/","url":"https:\/\/www.kliinikum.ee\/meditsiinilinnak\/ii-ehitusjark\/partnerid\/","name":"Partnerid - Meditsiinilinnak","isPartOf":{"@id":"https:\/\/www.kliinikum.ee\/meditsiinilinnak\/#website"},"datePublished":"2020-12-15T08:17:08+00:00","dateModified":"2020-12-15T08:57:34+00:00","breadcrumb":{"@id":"https:\/\/www.kliinikum.ee\/meditsiinilinnak\/ii-ehitusjark\/partnerid\/#breadcrumb"},"inLanguage":"et","potentialAction":[{"@type":"ReadAction","target":["https:\/\/www.kliinikum.ee\/meditsiinilinnak\/ii-ehitusjark\/partnerid\/"]}]},{"@type":"BreadcrumbList","@id":"https:\/\/www.kliinikum.ee\/meditsiinilinnak\/ii-ehitusjark\/partnerid\/#breadcrumb","itemListElement":[{"@type":"ListItem","position":1,"name":"Home","item":"https:\/\/www.kliinikum.ee\/meditsiinilinnak\/"},{"@type":"ListItem","position":2,"name":"II ehitusj\u00e4rk","item":"https:\/\/www.kliinikum.ee\/meditsiinilinnak\/ii-ehitusjark\/"},{"@type":"ListItem","position":3,"name":"Partnerid"}]},{"@type":"WebSite","@id":"https:\/\/www.kliinikum.ee\/meditsiinilinnak\/#website","url":"https:\/\/www.kliinikum.ee\/meditsiinilinnak\/","name":"Meditsiinilinnak","description":"","potentialAction":[{"@type":"SearchAction","target":{"@type":"EntryPoint","urlTemplate":"https:\/\/www.kliinikum.ee\/meditsiinilinnak\/?s={search_term_string}"},"query-input":{"@type":"PropertyValueSpecification","valueRequired":true,"valueName":"search_term_string"}}],"inLanguage":"et"}]}},"_links":{"self":[{"href":"https:\/\/www.kliinikum.ee\/meditsiinilinnak\/wp-json\/wp\/v2\/pages\/1379","targetHints":{"allow":["GET"]}}],"collection":[{"href":"https:\/\/www.kliinikum.ee\/meditsiinilinnak\/wp-json\/wp\/v2\/pages"}],"about":[{"href":"https:\/\/www.kliinikum.ee\/meditsiinilinnak\/wp-json\/wp\/v2\/types\/page"}],"author":[{"embeddable":true,"href":"https:\/\/www.kliinikum.ee\/meditsiinilinnak\/wp-json\/wp\/v2\/users\/10"}],"replies":[{"embeddable":true,"href":"https:\/\/www.kliinikum.ee\/meditsiinilinnak\/wp-json\/wp\/v2\/comments?post=1379"}],"version-history":[{"count":0,"href":"https:\/\/www.kliinikum.ee\/meditsiinilinnak\/wp-json\/wp\/v2\/pages\/1379\/revisions"}],"up":[{"embeddable":true,"href":"https:\/\/www.kliinikum.ee\/meditsiinilinnak\/wp-json\/wp\/v2\/pages\/1375"}],"wp:attachment":[{"href":"https:\/\/www.kliinikum.ee\/meditsiinilinnak\/wp-json\/wp\/v2\/media?parent=1379"}],"curies":[{"name":"wp","href":"https:\/\/api.w.org\/{rel}","templated":true}]}}