{"id":1388,"date":"2020-12-15T10:20:58","date_gmt":"2020-12-15T08:20:58","guid":{"rendered":"https:\/\/www.kliinikum.ee\/medlinnak\/?page_id=1388"},"modified":"2020-12-15T10:20:58","modified_gmt":"2020-12-15T08:20:58","slug":"tulemus","status":"publish","type":"page","link":"https:\/\/www.kliinikum.ee\/meditsiinilinnak\/ii-ehitusjark\/projekt\/tulemus\/","title":{"rendered":"Tulemus"},"content":{"rendered":"\n<p class=\"wp-el\">Projekti peamiseks tulemuseks on :<\/p>\n\n\n\n<ul class=\"wp-el wp-block-list\"><li>Paraneb oluliselt arstiabi osutamise kvaliteet ja kiirus;<\/li><li>Paraneb meditsiiniteenuste k\u00e4ttesaadavus: suurenenud kaasaegne infrastruktuur (netopind 30 400 m\u00b2) v\u00f5imaldab t\u00f5sta aktiivravi teenuste mahtu ja kvaliteeti;<\/li><li>Aktiivravi kontsentreeritakse \u00fchte kompaktsesse s\u00fcsteemi: amortiseerunud hoone Vallikraavi 10 j\u00e4\u00e4b edaspidi meditsiinilisest kasutusest v\u00e4lja;<\/li><li>Parem arstiabi k\u00e4ttesaadavus ja meditsiinialase oskusteabe kontsentreerumine aitavad v\u00e4hendada raskeid t\u00fcsistusi, mis v\u00f5ivad tekkida v\u00e4\u00e4ra v\u00f5i hilinenud ravi tulemusena;<\/li><li>Kliinikumi koondamise tulemusena \u00fchte meditsiinilinnakusse v\u00e4heneb personali ja patsientide r\u00e4nne ja meditsiiniline transport;<\/li><li>Paranevad personali t\u00f6\u00f6tingimused;<\/li><li>Kvaliteetse ja k\u00f5rgtehnoloogial baseeruva tuumikhaigla olemasolu piirkonnas suurendab piirkonna sotsiaalset turvalisust ja sidusust.<\/li><\/ul>\n","protected":false},"excerpt":{"rendered":"<p>Projekti peamiseks tulemuseks on : Paraneb oluliselt arstiabi osutamise kvaliteet ja kiirus; Paraneb meditsiiniteenuste k\u00e4ttesaadavus: suurenenud kaasaegne infrastruktuur (netopind 30&#8230;<\/p>\n","protected":false},"author":10,"featured_media":0,"parent":1377,"menu_order":30,"comment_status":"closed","ping_status":"closed","template":"","meta":{"_acf_changed":false,"inline_featured_image":false,"footnotes":"","_links_to":"","_links_to_target":""},"class_list":["post-1388","page","type-page","status-publish","hentry"],"acf":[],"yoast_head":"<!-- This site is optimized with the Yoast SEO plugin v27.3 - https:\/\/yoast.com\/product\/yoast-seo-wordpress\/ -->\n<title>Tulemus - Meditsiinilinnak<\/title>\n<meta name=\"robots\" content=\"index, follow, max-snippet:-1, max-image-preview:large, max-video-preview:-1\" \/>\n<link rel=\"canonical\" href=\"https:\/\/www.kliinikum.ee\/meditsiinilinnak\/ii-ehitusjark\/projekt\/tulemus\/\" \/>\n<meta property=\"og:locale\" content=\"et_EE\" \/>\n<meta property=\"og:type\" content=\"article\" \/>\n<meta property=\"og:title\" content=\"Tulemus - Meditsiinilinnak\" \/>\n<meta property=\"og:description\" content=\"Projekti peamiseks tulemuseks on : Paraneb oluliselt arstiabi osutamise kvaliteet ja kiirus; Paraneb meditsiiniteenuste k\u00e4ttesaadavus: suurenenud kaasaegne infrastruktuur (netopind 30...\" \/>\n<meta property=\"og:url\" content=\"https:\/\/www.kliinikum.ee\/meditsiinilinnak\/ii-ehitusjark\/projekt\/tulemus\/\" \/>\n<meta property=\"og:site_name\" content=\"Meditsiinilinnak\" \/>\n<meta name=\"twitter:card\" content=\"summary_large_image\" \/>\n<meta name=\"twitter:label1\" content=\"Est. reading time\" \/>\n\t<meta name=\"twitter:data1\" content=\"1 minut\" \/>\n<script type=\"application\/ld+json\" class=\"yoast-schema-graph\">{\"@context\":\"https:\\\/\\\/schema.org\",\"@graph\":[{\"@type\":\"WebPage\",\"@id\":\"https:\\\/\\\/www.kliinikum.ee\\\/meditsiinilinnak\\\/ii-ehitusjark\\\/projekt\\\/tulemus\\\/\",\"url\":\"https:\\\/\\\/www.kliinikum.ee\\\/meditsiinilinnak\\\/ii-ehitusjark\\\/projekt\\\/tulemus\\\/\",\"name\":\"Tulemus - Meditsiinilinnak\",\"isPartOf\":{\"@id\":\"https:\\\/\\\/www.kliinikum.ee\\\/meditsiinilinnak\\\/#website\"},\"datePublished\":\"2020-12-15T08:20:58+00:00\",\"breadcrumb\":{\"@id\":\"https:\\\/\\\/www.kliinikum.ee\\\/meditsiinilinnak\\\/ii-ehitusjark\\\/projekt\\\/tulemus\\\/#breadcrumb\"},\"inLanguage\":\"et\",\"potentialAction\":[{\"@type\":\"ReadAction\",\"target\":[\"https:\\\/\\\/www.kliinikum.ee\\\/meditsiinilinnak\\\/ii-ehitusjark\\\/projekt\\\/tulemus\\\/\"]}]},{\"@type\":\"BreadcrumbList\",\"@id\":\"https:\\\/\\\/www.kliinikum.ee\\\/meditsiinilinnak\\\/ii-ehitusjark\\\/projekt\\\/tulemus\\\/#breadcrumb\",\"itemListElement\":[{\"@type\":\"ListItem\",\"position\":1,\"name\":\"Home\",\"item\":\"https:\\\/\\\/www.kliinikum.ee\\\/meditsiinilinnak\\\/\"},{\"@type\":\"ListItem\",\"position\":2,\"name\":\"II ehitusj\u00e4rk\",\"item\":\"https:\\\/\\\/www.kliinikum.ee\\\/meditsiinilinnak\\\/ii-ehitusjark\\\/\"},{\"@type\":\"ListItem\",\"position\":3,\"name\":\"Maarjam\u00f5isa meditsiinilinnaku II ehitusj\u00e4rk\",\"item\":\"https:\\\/\\\/www.kliinikum.ee\\\/meditsiinilinnak\\\/ii-ehitusjark\\\/projekt\\\/\"},{\"@type\":\"ListItem\",\"position\":4,\"name\":\"Tulemus\"}]},{\"@type\":\"WebSite\",\"@id\":\"https:\\\/\\\/www.kliinikum.ee\\\/meditsiinilinnak\\\/#website\",\"url\":\"https:\\\/\\\/www.kliinikum.ee\\\/meditsiinilinnak\\\/\",\"name\":\"Meditsiinilinnak\",\"description\":\"\",\"potentialAction\":[{\"@type\":\"SearchAction\",\"target\":{\"@type\":\"EntryPoint\",\"urlTemplate\":\"https:\\\/\\\/www.kliinikum.ee\\\/meditsiinilinnak\\\/?s={search_term_string}\"},\"query-input\":{\"@type\":\"PropertyValueSpecification\",\"valueRequired\":true,\"valueName\":\"search_term_string\"}}],\"inLanguage\":\"et\"}]}<\/script>\n<!-- \/ Yoast SEO plugin. -->","yoast_head_json":{"title":"Tulemus - Meditsiinilinnak","robots":{"index":"index","follow":"follow","max-snippet":"max-snippet:-1","max-image-preview":"max-image-preview:large","max-video-preview":"max-video-preview:-1"},"canonical":"https:\/\/www.kliinikum.ee\/meditsiinilinnak\/ii-ehitusjark\/projekt\/tulemus\/","og_locale":"et_EE","og_type":"article","og_title":"Tulemus - Meditsiinilinnak","og_description":"Projekti peamiseks tulemuseks on : Paraneb oluliselt arstiabi osutamise kvaliteet ja kiirus; Paraneb meditsiiniteenuste k\u00e4ttesaadavus: suurenenud kaasaegne infrastruktuur (netopind 30...","og_url":"https:\/\/www.kliinikum.ee\/meditsiinilinnak\/ii-ehitusjark\/projekt\/tulemus\/","og_site_name":"Meditsiinilinnak","twitter_card":"summary_large_image","twitter_misc":{"Est. reading time":"1 minut"},"schema":{"@context":"https:\/\/schema.org","@graph":[{"@type":"WebPage","@id":"https:\/\/www.kliinikum.ee\/meditsiinilinnak\/ii-ehitusjark\/projekt\/tulemus\/","url":"https:\/\/www.kliinikum.ee\/meditsiinilinnak\/ii-ehitusjark\/projekt\/tulemus\/","name":"Tulemus - Meditsiinilinnak","isPartOf":{"@id":"https:\/\/www.kliinikum.ee\/meditsiinilinnak\/#website"},"datePublished":"2020-12-15T08:20:58+00:00","breadcrumb":{"@id":"https:\/\/www.kliinikum.ee\/meditsiinilinnak\/ii-ehitusjark\/projekt\/tulemus\/#breadcrumb"},"inLanguage":"et","potentialAction":[{"@type":"ReadAction","target":["https:\/\/www.kliinikum.ee\/meditsiinilinnak\/ii-ehitusjark\/projekt\/tulemus\/"]}]},{"@type":"BreadcrumbList","@id":"https:\/\/www.kliinikum.ee\/meditsiinilinnak\/ii-ehitusjark\/projekt\/tulemus\/#breadcrumb","itemListElement":[{"@type":"ListItem","position":1,"name":"Home","item":"https:\/\/www.kliinikum.ee\/meditsiinilinnak\/"},{"@type":"ListItem","position":2,"name":"II ehitusj\u00e4rk","item":"https:\/\/www.kliinikum.ee\/meditsiinilinnak\/ii-ehitusjark\/"},{"@type":"ListItem","position":3,"name":"Maarjam\u00f5isa meditsiinilinnaku II ehitusj\u00e4rk","item":"https:\/\/www.kliinikum.ee\/meditsiinilinnak\/ii-ehitusjark\/projekt\/"},{"@type":"ListItem","position":4,"name":"Tulemus"}]},{"@type":"WebSite","@id":"https:\/\/www.kliinikum.ee\/meditsiinilinnak\/#website","url":"https:\/\/www.kliinikum.ee\/meditsiinilinnak\/","name":"Meditsiinilinnak","description":"","potentialAction":[{"@type":"SearchAction","target":{"@type":"EntryPoint","urlTemplate":"https:\/\/www.kliinikum.ee\/meditsiinilinnak\/?s={search_term_string}"},"query-input":{"@type":"PropertyValueSpecification","valueRequired":true,"valueName":"search_term_string"}}],"inLanguage":"et"}]}},"_links":{"self":[{"href":"https:\/\/www.kliinikum.ee\/meditsiinilinnak\/wp-json\/wp\/v2\/pages\/1388","targetHints":{"allow":["GET"]}}],"collection":[{"href":"https:\/\/www.kliinikum.ee\/meditsiinilinnak\/wp-json\/wp\/v2\/pages"}],"about":[{"href":"https:\/\/www.kliinikum.ee\/meditsiinilinnak\/wp-json\/wp\/v2\/types\/page"}],"author":[{"embeddable":true,"href":"https:\/\/www.kliinikum.ee\/meditsiinilinnak\/wp-json\/wp\/v2\/users\/10"}],"replies":[{"embeddable":true,"href":"https:\/\/www.kliinikum.ee\/meditsiinilinnak\/wp-json\/wp\/v2\/comments?post=1388"}],"version-history":[{"count":0,"href":"https:\/\/www.kliinikum.ee\/meditsiinilinnak\/wp-json\/wp\/v2\/pages\/1388\/revisions"}],"up":[{"embeddable":true,"href":"https:\/\/www.kliinikum.ee\/meditsiinilinnak\/wp-json\/wp\/v2\/pages\/1377"}],"wp:attachment":[{"href":"https:\/\/www.kliinikum.ee\/meditsiinilinnak\/wp-json\/wp\/v2\/media?parent=1388"}],"curies":[{"name":"wp","href":"https:\/\/api.w.org\/{rel}","templated":true}]}}