{"id":1392,"date":"2020-12-15T10:22:14","date_gmt":"2020-12-15T08:22:14","guid":{"rendered":"https:\/\/www.kliinikum.ee\/medlinnak\/?page_id=1392"},"modified":"2021-01-21T10:31:37","modified_gmt":"2021-01-21T08:31:37","slug":"projekt","status":"publish","type":"page","link":"https:\/\/www.kliinikum.ee\/meditsiinilinnak\/iii-ehitusjark\/projekt\/","title":{"rendered":"Projekt"},"content":{"rendered":"\n<div class=\"wp-block-columns is-layout-flex wp-container-core-columns-is-layout-9d6595d7 wp-block-columns-is-layout-flex\">\n<div class=\"wp-block-column is-layout-flow wp-block-column-is-layout-flow\" style=\"flex-basis:66.66%\">\n<p class=\"wp-el\">K\u00e4esolev projekt moodustab osa Tartu \u00dclikooli Kliinikumi strateegilisest eesm\u00e4rgist koondada aktiivravi \u00fchte kompaktsesse s\u00fcsteemi ning v\u00e4lja arendada Tartu \u00dclikooli Kliinikumi Maarjam\u00f5isa meditsiinilinnak.<\/p>\n\n\n\n<p class=\"wp-el\">Projekti eesm\u00e4rgiks on 2022. aasta l\u00f5puks valmis ehitada ja kasutusele v\u00f5tta Maarjam\u00f5isa meditsiinilinnaku III ehitusj\u00e4rk, kus meditsiinilinnakuga liidetakse funktsionaalselt ja f\u00fc\u00fcsiliselt praegu eemalasetsevad lastekliinik ja k\u00f5rvakliinik ning rajatakse kaasaegne p\u00e4evakirurgiakeskus.<\/p>\n\n\n\n<p class=\"wp-el\">III ehitusj\u00e4rk on loogiliseks j\u00e4tkuks 2015. aastal Euroopa Liidu regionaalarengu fondi toel valminud II ehitusj\u00e4rgule ning selle teostamine on osa Kliinikumi strateegilisest eesm\u00e4rgist luua terviklik Tartu \u00dclikooli Kliinikumi Maarjam\u00f5isa meditsiinilinnak, millega korraldatakse \u00fcmber hajali paiknevad kliinikud, avaldatakse positiivset m\u00f5ju erialadevahelisele koost\u00f6\u00f6le teaduse ning hariduse valdkonnas ning tagatakse k\u00f5igi hoonete vastavus kaasaja haiglatele esitatavatele n\u00f5uetele.<\/p>\n\n\n\n<p class=\"wp-el\">Projekti kogumaksumus on 74,4 mln eurot ning projektile on eraldatud \u201e\u00dchtekuuluvuspoliitika fondide rakenduskava 2014\u20132020\u201d prioriteetse suuna&nbsp;2 \u201eSotsiaalse kaasatuse suurendamine\u201d meetme&nbsp;2.4 \u201eK\u00e4ttesaadavate ja kvaliteetsete tervishoiuteenuste tagamine t\u00f6\u00f6h\u00f5ives p\u00fcsimise ja h\u00f5ivesse naasmise suurendamiseks\u201d tegevuse&nbsp;2.4.1 \u201eHaiglav\u00f5rgu p\u00e4devuskeskuste kaasajastamine\u201d raames toetus 18,1 mln eurot. (struktuuritoetuse riikliku registri tunnusnumber 2014-2020.2.04.17-0071)<\/p>\n<\/div>\n\n\n\n<div class=\"wp-block-column is-layout-flow wp-block-column-is-layout-flow\" style=\"flex-basis:33.33%\">\n<figure class=\"wp-block-image size-large\"><img loading=\"lazy\" decoding=\"async\" width=\"1400\" height=\"751\" src=\"https:\/\/www.kliinikum.ee\/meditsiinilinnak\/wp-content\/uploads\/2021\/01\/3-ehitusjark-1400x751.jpg\" alt=\"\" class=\"wp-image-2571\" srcset=\"https:\/\/www.kliinikum.ee\/meditsiinilinnak\/wp-content\/uploads\/2021\/01\/3-ehitusjark-1400x751.jpg 1400w, https:\/\/www.kliinikum.ee\/meditsiinilinnak\/wp-content\/uploads\/2021\/01\/3-ehitusjark-290x156.jpg 290w, https:\/\/www.kliinikum.ee\/meditsiinilinnak\/wp-content\/uploads\/2021\/01\/3-ehitusjark-210x113.jpg 210w\" sizes=\"auto, (max-width: 1400px) 100vw, 1400px\" \/><\/figure>\n<\/div>\n<\/div>\n","protected":false},"excerpt":{"rendered":"<p>K\u00e4esolev projekt moodustab osa Tartu \u00dclikooli Kliinikumi strateegilisest eesm\u00e4rgist koondada aktiivravi \u00fchte kompaktsesse s\u00fcsteemi ning v\u00e4lja arendada Tartu \u00dclikooli Kliinikumi&#8230;<\/p>\n","protected":false},"author":10,"featured_media":0,"parent":1390,"menu_order":10,"comment_status":"closed","ping_status":"closed","template":"","meta":{"_acf_changed":false,"inline_featured_image":false,"footnotes":"","_links_to":"","_links_to_target":""},"class_list":["post-1392","page","type-page","status-publish","hentry"],"acf":[],"yoast_head":"<!-- This site is optimized with the Yoast SEO plugin v27.3 - https:\/\/yoast.com\/product\/yoast-seo-wordpress\/ -->\n<title>Projekt - Meditsiinilinnak<\/title>\n<meta name=\"robots\" content=\"index, follow, max-snippet:-1, max-image-preview:large, max-video-preview:-1\" \/>\n<link rel=\"canonical\" href=\"https:\/\/www.kliinikum.ee\/meditsiinilinnak\/iii-ehitusjark\/projekt\/\" \/>\n<meta property=\"og:locale\" content=\"et_EE\" \/>\n<meta property=\"og:type\" content=\"article\" \/>\n<meta property=\"og:title\" content=\"Projekt - Meditsiinilinnak\" \/>\n<meta property=\"og:description\" content=\"K\u00e4esolev projekt moodustab osa Tartu \u00dclikooli Kliinikumi strateegilisest eesm\u00e4rgist koondada aktiivravi \u00fchte kompaktsesse s\u00fcsteemi ning v\u00e4lja arendada Tartu \u00dclikooli Kliinikumi...\" \/>\n<meta property=\"og:url\" content=\"https:\/\/www.kliinikum.ee\/meditsiinilinnak\/iii-ehitusjark\/projekt\/\" \/>\n<meta property=\"og:site_name\" content=\"Meditsiinilinnak\" \/>\n<meta property=\"article:modified_time\" content=\"2021-01-21T08:31:37+00:00\" \/>\n<meta property=\"og:image\" content=\"https:\/\/www.kliinikum.ee\/meditsiinilinnak\/wp-content\/uploads\/2021\/01\/3-ehitusjark-1400x751.jpg\" \/>\n<meta name=\"twitter:card\" content=\"summary_large_image\" \/>\n<meta name=\"twitter:label1\" content=\"Est. reading time\" \/>\n\t<meta name=\"twitter:data1\" content=\"1 minut\" \/>\n<script type=\"application\/ld+json\" class=\"yoast-schema-graph\">{\"@context\":\"https:\\\/\\\/schema.org\",\"@graph\":[{\"@type\":\"WebPage\",\"@id\":\"https:\\\/\\\/www.kliinikum.ee\\\/meditsiinilinnak\\\/iii-ehitusjark\\\/projekt\\\/\",\"url\":\"https:\\\/\\\/www.kliinikum.ee\\\/meditsiinilinnak\\\/iii-ehitusjark\\\/projekt\\\/\",\"name\":\"Projekt - Meditsiinilinnak\",\"isPartOf\":{\"@id\":\"https:\\\/\\\/www.kliinikum.ee\\\/meditsiinilinnak\\\/#website\"},\"primaryImageOfPage\":{\"@id\":\"https:\\\/\\\/www.kliinikum.ee\\\/meditsiinilinnak\\\/iii-ehitusjark\\\/projekt\\\/#primaryimage\"},\"image\":{\"@id\":\"https:\\\/\\\/www.kliinikum.ee\\\/meditsiinilinnak\\\/iii-ehitusjark\\\/projekt\\\/#primaryimage\"},\"thumbnailUrl\":\"https:\\\/\\\/www.kliinikum.ee\\\/meditsiinilinnak\\\/wp-content\\\/uploads\\\/2021\\\/01\\\/3-ehitusjark-1400x751.jpg\",\"datePublished\":\"2020-12-15T08:22:14+00:00\",\"dateModified\":\"2021-01-21T08:31:37+00:00\",\"breadcrumb\":{\"@id\":\"https:\\\/\\\/www.kliinikum.ee\\\/meditsiinilinnak\\\/iii-ehitusjark\\\/projekt\\\/#breadcrumb\"},\"inLanguage\":\"et\",\"potentialAction\":[{\"@type\":\"ReadAction\",\"target\":[\"https:\\\/\\\/www.kliinikum.ee\\\/meditsiinilinnak\\\/iii-ehitusjark\\\/projekt\\\/\"]}]},{\"@type\":\"ImageObject\",\"inLanguage\":\"et\",\"@id\":\"https:\\\/\\\/www.kliinikum.ee\\\/meditsiinilinnak\\\/iii-ehitusjark\\\/projekt\\\/#primaryimage\",\"url\":\"https:\\\/\\\/www.kliinikum.ee\\\/meditsiinilinnak\\\/wp-content\\\/uploads\\\/2021\\\/01\\\/3-ehitusjark.jpg\",\"contentUrl\":\"https:\\\/\\\/www.kliinikum.ee\\\/meditsiinilinnak\\\/wp-content\\\/uploads\\\/2021\\\/01\\\/3-ehitusjark.jpg\",\"width\":2500,\"height\":1341},{\"@type\":\"BreadcrumbList\",\"@id\":\"https:\\\/\\\/www.kliinikum.ee\\\/meditsiinilinnak\\\/iii-ehitusjark\\\/projekt\\\/#breadcrumb\",\"itemListElement\":[{\"@type\":\"ListItem\",\"position\":1,\"name\":\"Home\",\"item\":\"https:\\\/\\\/www.kliinikum.ee\\\/meditsiinilinnak\\\/\"},{\"@type\":\"ListItem\",\"position\":2,\"name\":\"III ehitusj\u00e4rk\",\"item\":\"https:\\\/\\\/www.kliinikum.ee\\\/meditsiinilinnak\\\/iii-ehitusjark\\\/\"},{\"@type\":\"ListItem\",\"position\":3,\"name\":\"Projekt\"}]},{\"@type\":\"WebSite\",\"@id\":\"https:\\\/\\\/www.kliinikum.ee\\\/meditsiinilinnak\\\/#website\",\"url\":\"https:\\\/\\\/www.kliinikum.ee\\\/meditsiinilinnak\\\/\",\"name\":\"Meditsiinilinnak\",\"description\":\"\",\"potentialAction\":[{\"@type\":\"SearchAction\",\"target\":{\"@type\":\"EntryPoint\",\"urlTemplate\":\"https:\\\/\\\/www.kliinikum.ee\\\/meditsiinilinnak\\\/?s={search_term_string}\"},\"query-input\":{\"@type\":\"PropertyValueSpecification\",\"valueRequired\":true,\"valueName\":\"search_term_string\"}}],\"inLanguage\":\"et\"}]}<\/script>\n<!-- \/ Yoast SEO plugin. -->","yoast_head_json":{"title":"Projekt - Meditsiinilinnak","robots":{"index":"index","follow":"follow","max-snippet":"max-snippet:-1","max-image-preview":"max-image-preview:large","max-video-preview":"max-video-preview:-1"},"canonical":"https:\/\/www.kliinikum.ee\/meditsiinilinnak\/iii-ehitusjark\/projekt\/","og_locale":"et_EE","og_type":"article","og_title":"Projekt - Meditsiinilinnak","og_description":"K\u00e4esolev projekt moodustab osa Tartu \u00dclikooli Kliinikumi strateegilisest eesm\u00e4rgist koondada aktiivravi \u00fchte kompaktsesse s\u00fcsteemi ning v\u00e4lja arendada Tartu \u00dclikooli Kliinikumi...","og_url":"https:\/\/www.kliinikum.ee\/meditsiinilinnak\/iii-ehitusjark\/projekt\/","og_site_name":"Meditsiinilinnak","article_modified_time":"2021-01-21T08:31:37+00:00","og_image":[{"url":"https:\/\/www.kliinikum.ee\/meditsiinilinnak\/wp-content\/uploads\/2021\/01\/3-ehitusjark-1400x751.jpg","type":"","width":"","height":""}],"twitter_card":"summary_large_image","twitter_misc":{"Est. reading time":"1 minut"},"schema":{"@context":"https:\/\/schema.org","@graph":[{"@type":"WebPage","@id":"https:\/\/www.kliinikum.ee\/meditsiinilinnak\/iii-ehitusjark\/projekt\/","url":"https:\/\/www.kliinikum.ee\/meditsiinilinnak\/iii-ehitusjark\/projekt\/","name":"Projekt - Meditsiinilinnak","isPartOf":{"@id":"https:\/\/www.kliinikum.ee\/meditsiinilinnak\/#website"},"primaryImageOfPage":{"@id":"https:\/\/www.kliinikum.ee\/meditsiinilinnak\/iii-ehitusjark\/projekt\/#primaryimage"},"image":{"@id":"https:\/\/www.kliinikum.ee\/meditsiinilinnak\/iii-ehitusjark\/projekt\/#primaryimage"},"thumbnailUrl":"https:\/\/www.kliinikum.ee\/meditsiinilinnak\/wp-content\/uploads\/2021\/01\/3-ehitusjark-1400x751.jpg","datePublished":"2020-12-15T08:22:14+00:00","dateModified":"2021-01-21T08:31:37+00:00","breadcrumb":{"@id":"https:\/\/www.kliinikum.ee\/meditsiinilinnak\/iii-ehitusjark\/projekt\/#breadcrumb"},"inLanguage":"et","potentialAction":[{"@type":"ReadAction","target":["https:\/\/www.kliinikum.ee\/meditsiinilinnak\/iii-ehitusjark\/projekt\/"]}]},{"@type":"ImageObject","inLanguage":"et","@id":"https:\/\/www.kliinikum.ee\/meditsiinilinnak\/iii-ehitusjark\/projekt\/#primaryimage","url":"https:\/\/www.kliinikum.ee\/meditsiinilinnak\/wp-content\/uploads\/2021\/01\/3-ehitusjark.jpg","contentUrl":"https:\/\/www.kliinikum.ee\/meditsiinilinnak\/wp-content\/uploads\/2021\/01\/3-ehitusjark.jpg","width":2500,"height":1341},{"@type":"BreadcrumbList","@id":"https:\/\/www.kliinikum.ee\/meditsiinilinnak\/iii-ehitusjark\/projekt\/#breadcrumb","itemListElement":[{"@type":"ListItem","position":1,"name":"Home","item":"https:\/\/www.kliinikum.ee\/meditsiinilinnak\/"},{"@type":"ListItem","position":2,"name":"III ehitusj\u00e4rk","item":"https:\/\/www.kliinikum.ee\/meditsiinilinnak\/iii-ehitusjark\/"},{"@type":"ListItem","position":3,"name":"Projekt"}]},{"@type":"WebSite","@id":"https:\/\/www.kliinikum.ee\/meditsiinilinnak\/#website","url":"https:\/\/www.kliinikum.ee\/meditsiinilinnak\/","name":"Meditsiinilinnak","description":"","potentialAction":[{"@type":"SearchAction","target":{"@type":"EntryPoint","urlTemplate":"https:\/\/www.kliinikum.ee\/meditsiinilinnak\/?s={search_term_string}"},"query-input":{"@type":"PropertyValueSpecification","valueRequired":true,"valueName":"search_term_string"}}],"inLanguage":"et"}]}},"_links":{"self":[{"href":"https:\/\/www.kliinikum.ee\/meditsiinilinnak\/wp-json\/wp\/v2\/pages\/1392","targetHints":{"allow":["GET"]}}],"collection":[{"href":"https:\/\/www.kliinikum.ee\/meditsiinilinnak\/wp-json\/wp\/v2\/pages"}],"about":[{"href":"https:\/\/www.kliinikum.ee\/meditsiinilinnak\/wp-json\/wp\/v2\/types\/page"}],"author":[{"embeddable":true,"href":"https:\/\/www.kliinikum.ee\/meditsiinilinnak\/wp-json\/wp\/v2\/users\/10"}],"replies":[{"embeddable":true,"href":"https:\/\/www.kliinikum.ee\/meditsiinilinnak\/wp-json\/wp\/v2\/comments?post=1392"}],"version-history":[{"count":0,"href":"https:\/\/www.kliinikum.ee\/meditsiinilinnak\/wp-json\/wp\/v2\/pages\/1392\/revisions"}],"up":[{"embeddable":true,"href":"https:\/\/www.kliinikum.ee\/meditsiinilinnak\/wp-json\/wp\/v2\/pages\/1390"}],"wp:attachment":[{"href":"https:\/\/www.kliinikum.ee\/meditsiinilinnak\/wp-json\/wp\/v2\/media?parent=1392"}],"curies":[{"name":"wp","href":"https:\/\/api.w.org\/{rel}","templated":true}]}}