{"id":1394,"date":"2020-12-15T10:22:26","date_gmt":"2020-12-15T08:22:26","guid":{"rendered":"https:\/\/www.kliinikum.ee\/medlinnak\/?page_id=1394"},"modified":"2020-12-15T11:13:10","modified_gmt":"2020-12-15T09:13:10","slug":"uudised","status":"publish","type":"page","link":"https:\/\/www.kliinikum.ee\/meditsiinilinnak\/iii-ehitusjark\/uudised\/","title":{"rendered":"Uudised"},"content":{"rendered":"<ul id=\"acf-block-block_5fd87e2485adc\" class=\"wp-el block-posts\"><li><a href=\"https:\/\/tartu.postimees.ee\/7433135\/uus-lastekliinik-avab-kiirtee-koige-nooremate-elude-paastmiseks\">Uus lastekliinik avab kiirtee k\u00f5ige nooremate elude p\u00e4\u00e4stmiseks<\/a> <span class=\"post-date font18\">(Tartu Postimees 19.01.2022)<\/span><\/li><li><a href=\"https:\/\/www.kliinikum.ee\/meditsiinilinnak\/maarjamoisa-meditsiinilinnaku-iii-ehitusjargu-uued-ravikorpused-saavutasid-tipukorguse\/\">Maarjam\u00f5isa meditsiinilinnaku III ehitusj\u00e4rgu uued ravikorpused saavutasid tipuk\u00f5rguse<\/a> <span class=\"post-date font18\">(01.10.2021)<\/span><\/li><li><a href=\"https:\/\/www.kliinikum.ee\/meditsiinilinnak\/pressiteade-kliinikumi-uutele-korpustele-pannakse-nurgakivi\/\">Pressiteade: Kliinikumi uutele korpustele pannakse nurgakivi<\/a> <span class=\"post-date font18\">(28.05.2021)<\/span><\/li><li><a href=\"https:\/\/tartu.postimees.ee\/7259270\/lapsed-soovivad-et-uues-lastehaiglas-ei-alustaks-koristajatadi-hommikul-kell-6\">Lapsed soovivad, et uues lastehaiglas ei alustaks koristajat\u00e4di hommikul kell 6<\/a> <span class=\"post-date font18\">(Tartu Postimees 28.05.2021)<\/span><\/li><li><a href=\"https:\/\/tartu.ee\/et\/uudised\/kliinikumi-maarjamoisa-meditsiinilinnaku-jargmise-etapi-ehitab-nordecon-koos-embach\">Kliinikumi Maarjam\u00f5isa meditsiinilinnaku j\u00e4rgmise etapi ehitab Nordecon koos Embach Ehitusega<\/a> <span class=\"post-date font18\">(tartu.ee 06.07.2020)<\/span><\/li><li><a href=\"https:\/\/tartu.postimees.ee\/6876997\/tartu-ulikooli-kliinikum-kuulutas-valja-maarjamoisa-meditsiinilinnaku-kolmanda-ehitusjargu-riigihanke?_ga=2.134737393.1844800962.1580213044-191019471.1546951490\">Tartu \u00fclikooli kliinikum kuulutas v\u00e4lja Maarjam\u00f5isa meditsiinilinnaku kolmanda ehitusj\u00e4rgu riigihanke<\/a> <span class=\"post-date font18\">(Tartu Postimees 20.01.2020)<\/span><\/li><li><a href=\"https:\/\/www.kliinikum.ee\/kliinikum-kuulutas-valja-maarjamoisa-meditsiinilinnaku-iii-ehitusjargu-riigihanke\/\">Pressiteade: Kliinikum kuulutas v\u00e4lja Maarjam\u00f5isa meditsiinilinnaku III ehitusj\u00e4rgu riigihanke<\/a> <span class=\"post-date font18\">(Kliinikum.ee 20.01.2020)<\/span><\/li><li><a href=\"https:\/\/tartu.postimees.ee\/4270271\/tartu-ulikooli-kliinikum-plaanib-70-miljonilist-uuenduskuuri\">Tartu \u00fclikooli kliinikum plaanib 70 miljonilist uuenduskuuri<\/a> <span class=\"post-date font18\">(Postimees 09.10.2017)<\/span><\/li><\/ul>","protected":false},"excerpt":{"rendered":"","protected":false},"author":10,"featured_media":0,"parent":1390,"menu_order":20,"comment_status":"closed","ping_status":"closed","template":"","meta":{"_acf_changed":false,"inline_featured_image":false,"footnotes":"","_links_to":"","_links_to_target":""},"class_list":["post-1394","page","type-page","status-publish","hentry"],"acf":[],"yoast_head":"<!-- This site is optimized with the Yoast SEO plugin v27.3 - https:\/\/yoast.com\/product\/yoast-seo-wordpress\/ -->\n<title>Uudised - Meditsiinilinnak<\/title>\n<meta name=\"robots\" content=\"index, follow, max-snippet:-1, max-image-preview:large, max-video-preview:-1\" \/>\n<link rel=\"canonical\" href=\"https:\/\/www.kliinikum.ee\/meditsiinilinnak\/iii-ehitusjark\/uudised\/\" \/>\n<meta property=\"og:locale\" content=\"et_EE\" \/>\n<meta property=\"og:type\" content=\"article\" \/>\n<meta property=\"og:title\" content=\"Uudised - Meditsiinilinnak\" \/>\n<meta property=\"og:url\" content=\"https:\/\/www.kliinikum.ee\/meditsiinilinnak\/iii-ehitusjark\/uudised\/\" \/>\n<meta property=\"og:site_name\" content=\"Meditsiinilinnak\" \/>\n<meta property=\"article:modified_time\" content=\"2020-12-15T09:13:10+00:00\" \/>\n<meta name=\"twitter:card\" content=\"summary_large_image\" \/>\n<script type=\"application\/ld+json\" class=\"yoast-schema-graph\">{\"@context\":\"https:\\\/\\\/schema.org\",\"@graph\":[{\"@type\":\"WebPage\",\"@id\":\"https:\\\/\\\/www.kliinikum.ee\\\/meditsiinilinnak\\\/iii-ehitusjark\\\/uudised\\\/\",\"url\":\"https:\\\/\\\/www.kliinikum.ee\\\/meditsiinilinnak\\\/iii-ehitusjark\\\/uudised\\\/\",\"name\":\"Uudised - Meditsiinilinnak\",\"isPartOf\":{\"@id\":\"https:\\\/\\\/www.kliinikum.ee\\\/meditsiinilinnak\\\/#website\"},\"datePublished\":\"2020-12-15T08:22:26+00:00\",\"dateModified\":\"2020-12-15T09:13:10+00:00\",\"breadcrumb\":{\"@id\":\"https:\\\/\\\/www.kliinikum.ee\\\/meditsiinilinnak\\\/iii-ehitusjark\\\/uudised\\\/#breadcrumb\"},\"inLanguage\":\"et\",\"potentialAction\":[{\"@type\":\"ReadAction\",\"target\":[\"https:\\\/\\\/www.kliinikum.ee\\\/meditsiinilinnak\\\/iii-ehitusjark\\\/uudised\\\/\"]}]},{\"@type\":\"BreadcrumbList\",\"@id\":\"https:\\\/\\\/www.kliinikum.ee\\\/meditsiinilinnak\\\/iii-ehitusjark\\\/uudised\\\/#breadcrumb\",\"itemListElement\":[{\"@type\":\"ListItem\",\"position\":1,\"name\":\"Home\",\"item\":\"https:\\\/\\\/www.kliinikum.ee\\\/meditsiinilinnak\\\/\"},{\"@type\":\"ListItem\",\"position\":2,\"name\":\"III ehitusj\u00e4rk\",\"item\":\"https:\\\/\\\/www.kliinikum.ee\\\/meditsiinilinnak\\\/iii-ehitusjark\\\/\"},{\"@type\":\"ListItem\",\"position\":3,\"name\":\"Uudised\"}]},{\"@type\":\"WebSite\",\"@id\":\"https:\\\/\\\/www.kliinikum.ee\\\/meditsiinilinnak\\\/#website\",\"url\":\"https:\\\/\\\/www.kliinikum.ee\\\/meditsiinilinnak\\\/\",\"name\":\"Meditsiinilinnak\",\"description\":\"\",\"potentialAction\":[{\"@type\":\"SearchAction\",\"target\":{\"@type\":\"EntryPoint\",\"urlTemplate\":\"https:\\\/\\\/www.kliinikum.ee\\\/meditsiinilinnak\\\/?s={search_term_string}\"},\"query-input\":{\"@type\":\"PropertyValueSpecification\",\"valueRequired\":true,\"valueName\":\"search_term_string\"}}],\"inLanguage\":\"et\"}]}<\/script>\n<!-- \/ Yoast SEO plugin. -->","yoast_head_json":{"title":"Uudised - Meditsiinilinnak","robots":{"index":"index","follow":"follow","max-snippet":"max-snippet:-1","max-image-preview":"max-image-preview:large","max-video-preview":"max-video-preview:-1"},"canonical":"https:\/\/www.kliinikum.ee\/meditsiinilinnak\/iii-ehitusjark\/uudised\/","og_locale":"et_EE","og_type":"article","og_title":"Uudised - Meditsiinilinnak","og_url":"https:\/\/www.kliinikum.ee\/meditsiinilinnak\/iii-ehitusjark\/uudised\/","og_site_name":"Meditsiinilinnak","article_modified_time":"2020-12-15T09:13:10+00:00","twitter_card":"summary_large_image","schema":{"@context":"https:\/\/schema.org","@graph":[{"@type":"WebPage","@id":"https:\/\/www.kliinikum.ee\/meditsiinilinnak\/iii-ehitusjark\/uudised\/","url":"https:\/\/www.kliinikum.ee\/meditsiinilinnak\/iii-ehitusjark\/uudised\/","name":"Uudised - Meditsiinilinnak","isPartOf":{"@id":"https:\/\/www.kliinikum.ee\/meditsiinilinnak\/#website"},"datePublished":"2020-12-15T08:22:26+00:00","dateModified":"2020-12-15T09:13:10+00:00","breadcrumb":{"@id":"https:\/\/www.kliinikum.ee\/meditsiinilinnak\/iii-ehitusjark\/uudised\/#breadcrumb"},"inLanguage":"et","potentialAction":[{"@type":"ReadAction","target":["https:\/\/www.kliinikum.ee\/meditsiinilinnak\/iii-ehitusjark\/uudised\/"]}]},{"@type":"BreadcrumbList","@id":"https:\/\/www.kliinikum.ee\/meditsiinilinnak\/iii-ehitusjark\/uudised\/#breadcrumb","itemListElement":[{"@type":"ListItem","position":1,"name":"Home","item":"https:\/\/www.kliinikum.ee\/meditsiinilinnak\/"},{"@type":"ListItem","position":2,"name":"III ehitusj\u00e4rk","item":"https:\/\/www.kliinikum.ee\/meditsiinilinnak\/iii-ehitusjark\/"},{"@type":"ListItem","position":3,"name":"Uudised"}]},{"@type":"WebSite","@id":"https:\/\/www.kliinikum.ee\/meditsiinilinnak\/#website","url":"https:\/\/www.kliinikum.ee\/meditsiinilinnak\/","name":"Meditsiinilinnak","description":"","potentialAction":[{"@type":"SearchAction","target":{"@type":"EntryPoint","urlTemplate":"https:\/\/www.kliinikum.ee\/meditsiinilinnak\/?s={search_term_string}"},"query-input":{"@type":"PropertyValueSpecification","valueRequired":true,"valueName":"search_term_string"}}],"inLanguage":"et"}]}},"_links":{"self":[{"href":"https:\/\/www.kliinikum.ee\/meditsiinilinnak\/wp-json\/wp\/v2\/pages\/1394","targetHints":{"allow":["GET"]}}],"collection":[{"href":"https:\/\/www.kliinikum.ee\/meditsiinilinnak\/wp-json\/wp\/v2\/pages"}],"about":[{"href":"https:\/\/www.kliinikum.ee\/meditsiinilinnak\/wp-json\/wp\/v2\/types\/page"}],"author":[{"embeddable":true,"href":"https:\/\/www.kliinikum.ee\/meditsiinilinnak\/wp-json\/wp\/v2\/users\/10"}],"replies":[{"embeddable":true,"href":"https:\/\/www.kliinikum.ee\/meditsiinilinnak\/wp-json\/wp\/v2\/comments?post=1394"}],"version-history":[{"count":0,"href":"https:\/\/www.kliinikum.ee\/meditsiinilinnak\/wp-json\/wp\/v2\/pages\/1394\/revisions"}],"up":[{"embeddable":true,"href":"https:\/\/www.kliinikum.ee\/meditsiinilinnak\/wp-json\/wp\/v2\/pages\/1390"}],"wp:attachment":[{"href":"https:\/\/www.kliinikum.ee\/meditsiinilinnak\/wp-json\/wp\/v2\/media?parent=1394"}],"curies":[{"name":"wp","href":"https:\/\/api.w.org\/{rel}","templated":true}]}}