{"id":1398,"date":"2020-12-15T10:22:52","date_gmt":"2020-12-15T08:22:52","guid":{"rendered":"https:\/\/www.kliinikum.ee\/medlinnak\/?page_id=1398"},"modified":"2020-12-15T10:23:23","modified_gmt":"2020-12-15T08:23:23","slug":"tegevused","status":"publish","type":"page","link":"https:\/\/www.kliinikum.ee\/meditsiinilinnak\/iii-ehitusjark\/projekt\/tegevused\/","title":{"rendered":"Tegevused"},"content":{"rendered":"\n<p class=\"wp-el\">Projekti otseseks eesm\u00e4rgiks on 2022. aasta l\u00f5puks valmis ehitada ja v\u00f5tta kasutusele Tartu \u00dclikooli Kliinikumi Maarjam\u00f5isa meditsiinilinnaku III ehitusj\u00e4rk &#8211; korpused M ja C.<\/p>\n\n\n\n<p class=\"wp-el\">III ehitusj\u00e4rgu tulemusena liidetakse Maarjam\u00f5isa meditsiinilinnakuga lastekliinik ja k\u00f5rvakliinik \u2013 m\u00f5lemad nimetatud kliinikud tegutsevad praegu tuumikhailast eemal (vastavalt N. Lunini 6 ja J. Kuperjanovi 1\/3) ning hoonetes, mis aktiivravi silmas pidades ei ole j\u00e4tkusuutlikud. Kolmanda ehitusj\u00e4rgu koosseisu on kavandatud ka kaasaegne p\u00e4evakirurgiakeskus.<\/p>\n\n\n\n<p class=\"wp-el\">Projekti tulemusena rajatav uus lasetekliinik (M korpus) on planeeritud esimeses ehitusj\u00e4rgus rajatud H-korpuse laiendusena. P\u00e4evakirurgiakeskus ja uus K\u00f5rvakliinik (C korpus) on paneeritud olemasoleva C-korpuse asemele kuid oluliselt suuremas mahus.<\/p>\n","protected":false},"excerpt":{"rendered":"<p>Projekti otseseks eesm\u00e4rgiks on 2022. aasta l\u00f5puks valmis ehitada ja v\u00f5tta kasutusele Tartu \u00dclikooli Kliinikumi Maarjam\u00f5isa meditsiinilinnaku III ehitusj\u00e4rk &#8211;&#8230;<\/p>\n","protected":false},"author":10,"featured_media":0,"parent":1392,"menu_order":20,"comment_status":"closed","ping_status":"closed","template":"","meta":{"_acf_changed":false,"inline_featured_image":false,"footnotes":"","_links_to":"","_links_to_target":""},"class_list":["post-1398","page","type-page","status-publish","hentry"],"acf":[],"yoast_head":"<!-- This site is optimized with the Yoast SEO plugin v27.5 - https:\/\/yoast.com\/product\/yoast-seo-wordpress\/ -->\n<title>Tegevused - Meditsiinilinnak<\/title>\n<meta name=\"robots\" content=\"index, follow, max-snippet:-1, max-image-preview:large, max-video-preview:-1\" \/>\n<link rel=\"canonical\" href=\"https:\/\/www.kliinikum.ee\/meditsiinilinnak\/iii-ehitusjark\/projekt\/tegevused\/\" \/>\n<meta property=\"og:locale\" content=\"et_EE\" \/>\n<meta property=\"og:type\" content=\"article\" \/>\n<meta property=\"og:title\" content=\"Tegevused - Meditsiinilinnak\" \/>\n<meta property=\"og:description\" content=\"Projekti otseseks eesm\u00e4rgiks on 2022. aasta l\u00f5puks valmis ehitada ja v\u00f5tta kasutusele Tartu \u00dclikooli Kliinikumi Maarjam\u00f5isa meditsiinilinnaku III ehitusj\u00e4rk &#8211;...\" \/>\n<meta property=\"og:url\" content=\"https:\/\/www.kliinikum.ee\/meditsiinilinnak\/iii-ehitusjark\/projekt\/tegevused\/\" \/>\n<meta property=\"og:site_name\" content=\"Meditsiinilinnak\" \/>\n<meta property=\"article:modified_time\" content=\"2020-12-15T08:23:23+00:00\" \/>\n<meta name=\"twitter:card\" content=\"summary_large_image\" \/>\n<meta name=\"twitter:label1\" content=\"Est. reading time\" \/>\n\t<meta name=\"twitter:data1\" content=\"1 minut\" \/>\n<script type=\"application\/ld+json\" class=\"yoast-schema-graph\">{\"@context\":\"https:\\\/\\\/schema.org\",\"@graph\":[{\"@type\":\"WebPage\",\"@id\":\"https:\\\/\\\/www.kliinikum.ee\\\/meditsiinilinnak\\\/iii-ehitusjark\\\/projekt\\\/tegevused\\\/\",\"url\":\"https:\\\/\\\/www.kliinikum.ee\\\/meditsiinilinnak\\\/iii-ehitusjark\\\/projekt\\\/tegevused\\\/\",\"name\":\"Tegevused - Meditsiinilinnak\",\"isPartOf\":{\"@id\":\"https:\\\/\\\/www.kliinikum.ee\\\/meditsiinilinnak\\\/#website\"},\"datePublished\":\"2020-12-15T08:22:52+00:00\",\"dateModified\":\"2020-12-15T08:23:23+00:00\",\"breadcrumb\":{\"@id\":\"https:\\\/\\\/www.kliinikum.ee\\\/meditsiinilinnak\\\/iii-ehitusjark\\\/projekt\\\/tegevused\\\/#breadcrumb\"},\"inLanguage\":\"et\",\"potentialAction\":[{\"@type\":\"ReadAction\",\"target\":[\"https:\\\/\\\/www.kliinikum.ee\\\/meditsiinilinnak\\\/iii-ehitusjark\\\/projekt\\\/tegevused\\\/\"]}]},{\"@type\":\"BreadcrumbList\",\"@id\":\"https:\\\/\\\/www.kliinikum.ee\\\/meditsiinilinnak\\\/iii-ehitusjark\\\/projekt\\\/tegevused\\\/#breadcrumb\",\"itemListElement\":[{\"@type\":\"ListItem\",\"position\":1,\"name\":\"Home\",\"item\":\"https:\\\/\\\/www.kliinikum.ee\\\/meditsiinilinnak\\\/\"},{\"@type\":\"ListItem\",\"position\":2,\"name\":\"III ehitusj\u00e4rk\",\"item\":\"https:\\\/\\\/www.kliinikum.ee\\\/meditsiinilinnak\\\/iii-ehitusjark\\\/\"},{\"@type\":\"ListItem\",\"position\":3,\"name\":\"Projekt\",\"item\":\"https:\\\/\\\/www.kliinikum.ee\\\/meditsiinilinnak\\\/iii-ehitusjark\\\/projekt\\\/\"},{\"@type\":\"ListItem\",\"position\":4,\"name\":\"Tegevused\"}]},{\"@type\":\"WebSite\",\"@id\":\"https:\\\/\\\/www.kliinikum.ee\\\/meditsiinilinnak\\\/#website\",\"url\":\"https:\\\/\\\/www.kliinikum.ee\\\/meditsiinilinnak\\\/\",\"name\":\"Meditsiinilinnak\",\"description\":\"\",\"potentialAction\":[{\"@type\":\"SearchAction\",\"target\":{\"@type\":\"EntryPoint\",\"urlTemplate\":\"https:\\\/\\\/www.kliinikum.ee\\\/meditsiinilinnak\\\/?s={search_term_string}\"},\"query-input\":{\"@type\":\"PropertyValueSpecification\",\"valueRequired\":true,\"valueName\":\"search_term_string\"}}],\"inLanguage\":\"et\"}]}<\/script>\n<!-- \/ Yoast SEO plugin. -->","yoast_head_json":{"title":"Tegevused - Meditsiinilinnak","robots":{"index":"index","follow":"follow","max-snippet":"max-snippet:-1","max-image-preview":"max-image-preview:large","max-video-preview":"max-video-preview:-1"},"canonical":"https:\/\/www.kliinikum.ee\/meditsiinilinnak\/iii-ehitusjark\/projekt\/tegevused\/","og_locale":"et_EE","og_type":"article","og_title":"Tegevused - Meditsiinilinnak","og_description":"Projekti otseseks eesm\u00e4rgiks on 2022. aasta l\u00f5puks valmis ehitada ja v\u00f5tta kasutusele Tartu \u00dclikooli Kliinikumi Maarjam\u00f5isa meditsiinilinnaku III ehitusj\u00e4rk &#8211;...","og_url":"https:\/\/www.kliinikum.ee\/meditsiinilinnak\/iii-ehitusjark\/projekt\/tegevused\/","og_site_name":"Meditsiinilinnak","article_modified_time":"2020-12-15T08:23:23+00:00","twitter_card":"summary_large_image","twitter_misc":{"Est. reading time":"1 minut"},"schema":{"@context":"https:\/\/schema.org","@graph":[{"@type":"WebPage","@id":"https:\/\/www.kliinikum.ee\/meditsiinilinnak\/iii-ehitusjark\/projekt\/tegevused\/","url":"https:\/\/www.kliinikum.ee\/meditsiinilinnak\/iii-ehitusjark\/projekt\/tegevused\/","name":"Tegevused - Meditsiinilinnak","isPartOf":{"@id":"https:\/\/www.kliinikum.ee\/meditsiinilinnak\/#website"},"datePublished":"2020-12-15T08:22:52+00:00","dateModified":"2020-12-15T08:23:23+00:00","breadcrumb":{"@id":"https:\/\/www.kliinikum.ee\/meditsiinilinnak\/iii-ehitusjark\/projekt\/tegevused\/#breadcrumb"},"inLanguage":"et","potentialAction":[{"@type":"ReadAction","target":["https:\/\/www.kliinikum.ee\/meditsiinilinnak\/iii-ehitusjark\/projekt\/tegevused\/"]}]},{"@type":"BreadcrumbList","@id":"https:\/\/www.kliinikum.ee\/meditsiinilinnak\/iii-ehitusjark\/projekt\/tegevused\/#breadcrumb","itemListElement":[{"@type":"ListItem","position":1,"name":"Home","item":"https:\/\/www.kliinikum.ee\/meditsiinilinnak\/"},{"@type":"ListItem","position":2,"name":"III ehitusj\u00e4rk","item":"https:\/\/www.kliinikum.ee\/meditsiinilinnak\/iii-ehitusjark\/"},{"@type":"ListItem","position":3,"name":"Projekt","item":"https:\/\/www.kliinikum.ee\/meditsiinilinnak\/iii-ehitusjark\/projekt\/"},{"@type":"ListItem","position":4,"name":"Tegevused"}]},{"@type":"WebSite","@id":"https:\/\/www.kliinikum.ee\/meditsiinilinnak\/#website","url":"https:\/\/www.kliinikum.ee\/meditsiinilinnak\/","name":"Meditsiinilinnak","description":"","potentialAction":[{"@type":"SearchAction","target":{"@type":"EntryPoint","urlTemplate":"https:\/\/www.kliinikum.ee\/meditsiinilinnak\/?s={search_term_string}"},"query-input":{"@type":"PropertyValueSpecification","valueRequired":true,"valueName":"search_term_string"}}],"inLanguage":"et"}]}},"_links":{"self":[{"href":"https:\/\/www.kliinikum.ee\/meditsiinilinnak\/wp-json\/wp\/v2\/pages\/1398","targetHints":{"allow":["GET"]}}],"collection":[{"href":"https:\/\/www.kliinikum.ee\/meditsiinilinnak\/wp-json\/wp\/v2\/pages"}],"about":[{"href":"https:\/\/www.kliinikum.ee\/meditsiinilinnak\/wp-json\/wp\/v2\/types\/page"}],"author":[{"embeddable":true,"href":"https:\/\/www.kliinikum.ee\/meditsiinilinnak\/wp-json\/wp\/v2\/users\/10"}],"replies":[{"embeddable":true,"href":"https:\/\/www.kliinikum.ee\/meditsiinilinnak\/wp-json\/wp\/v2\/comments?post=1398"}],"version-history":[{"count":0,"href":"https:\/\/www.kliinikum.ee\/meditsiinilinnak\/wp-json\/wp\/v2\/pages\/1398\/revisions"}],"up":[{"embeddable":true,"href":"https:\/\/www.kliinikum.ee\/meditsiinilinnak\/wp-json\/wp\/v2\/pages\/1392"}],"wp:attachment":[{"href":"https:\/\/www.kliinikum.ee\/meditsiinilinnak\/wp-json\/wp\/v2\/media?parent=1398"}],"curies":[{"name":"wp","href":"https:\/\/api.w.org\/{rel}","templated":true}]}}