{"id":1407,"date":"2020-12-15T10:24:51","date_gmt":"2020-12-15T08:24:51","guid":{"rendered":"https:\/\/www.kliinikum.ee\/medlinnak\/?page_id=1407"},"modified":"2020-12-15T11:59:57","modified_gmt":"2020-12-15T09:59:57","slug":"projekt","status":"publish","type":"page","link":"https:\/\/www.kliinikum.ee\/meditsiinilinnak\/oendushoolduse-osakond\/projekt\/","title":{"rendered":"Projekt"},"content":{"rendered":"\n<p class=\"wp-el\">Projekti eesm\u00e4rgiks on parandada Tartu \u00dclikooli Kliinikumi \u00f5endus- ja hooldusteenuste k\u00e4ttesaadavust ning kvaliteeti. <\/p>\n\n\n\n<p class=\"wp-el\">Selle saavutamiseks on vajalik suurendada Kliinikum hooldusravi voodikohtade arvu ning arendada edasi pakutavaid \u00f5endus- ja hooldusteenuseid.\u00a0 <\/p>\n\n\n\n<p class=\"wp-el\">K\u00e4esoleva projekti raames l\u00e4biviidavaks tegevuseks on Tartus aadressil L. Puusepa 6 asuva hoone renoveerimine ning sisustamine \u00f5endus- ja hooldusteenuste pakkumise tarbeks.<\/p>\n","protected":false},"excerpt":{"rendered":"<p>Projekti eesm\u00e4rgiks on parandada Tartu \u00dclikooli Kliinikumi \u00f5endus- ja hooldusteenuste k\u00e4ttesaadavust ning kvaliteeti. Selle saavutamiseks on vajalik suurendada Kliinikum hooldusravi&#8230;<\/p>\n","protected":false},"author":10,"featured_media":0,"parent":1404,"menu_order":10,"comment_status":"closed","ping_status":"closed","template":"","meta":{"_acf_changed":false,"inline_featured_image":false,"footnotes":"","_links_to":"","_links_to_target":""},"class_list":["post-1407","page","type-page","status-publish","hentry"],"acf":[],"yoast_head":"<!-- This site is optimized with the Yoast SEO plugin v27.3 - https:\/\/yoast.com\/product\/yoast-seo-wordpress\/ -->\n<title>Projekt - Meditsiinilinnak<\/title>\n<meta name=\"robots\" content=\"index, follow, max-snippet:-1, max-image-preview:large, max-video-preview:-1\" \/>\n<link rel=\"canonical\" href=\"https:\/\/www.kliinikum.ee\/meditsiinilinnak\/oendushoolduse-osakond\/projekt\/\" \/>\n<meta property=\"og:locale\" content=\"et_EE\" \/>\n<meta property=\"og:type\" content=\"article\" \/>\n<meta property=\"og:title\" content=\"Projekt - Meditsiinilinnak\" \/>\n<meta property=\"og:description\" content=\"Projekti eesm\u00e4rgiks on parandada Tartu \u00dclikooli Kliinikumi \u00f5endus- ja hooldusteenuste k\u00e4ttesaadavust ning kvaliteeti. Selle saavutamiseks on vajalik suurendada Kliinikum hooldusravi...\" \/>\n<meta property=\"og:url\" content=\"https:\/\/www.kliinikum.ee\/meditsiinilinnak\/oendushoolduse-osakond\/projekt\/\" \/>\n<meta property=\"og:site_name\" content=\"Meditsiinilinnak\" \/>\n<meta property=\"article:modified_time\" content=\"2020-12-15T09:59:57+00:00\" \/>\n<meta name=\"twitter:card\" content=\"summary_large_image\" \/>\n<script type=\"application\/ld+json\" class=\"yoast-schema-graph\">{\"@context\":\"https:\\\/\\\/schema.org\",\"@graph\":[{\"@type\":\"WebPage\",\"@id\":\"https:\\\/\\\/www.kliinikum.ee\\\/meditsiinilinnak\\\/oendushoolduse-osakond\\\/projekt\\\/\",\"url\":\"https:\\\/\\\/www.kliinikum.ee\\\/meditsiinilinnak\\\/oendushoolduse-osakond\\\/projekt\\\/\",\"name\":\"Projekt - Meditsiinilinnak\",\"isPartOf\":{\"@id\":\"https:\\\/\\\/www.kliinikum.ee\\\/meditsiinilinnak\\\/#website\"},\"datePublished\":\"2020-12-15T08:24:51+00:00\",\"dateModified\":\"2020-12-15T09:59:57+00:00\",\"breadcrumb\":{\"@id\":\"https:\\\/\\\/www.kliinikum.ee\\\/meditsiinilinnak\\\/oendushoolduse-osakond\\\/projekt\\\/#breadcrumb\"},\"inLanguage\":\"et\",\"potentialAction\":[{\"@type\":\"ReadAction\",\"target\":[\"https:\\\/\\\/www.kliinikum.ee\\\/meditsiinilinnak\\\/oendushoolduse-osakond\\\/projekt\\\/\"]}]},{\"@type\":\"BreadcrumbList\",\"@id\":\"https:\\\/\\\/www.kliinikum.ee\\\/meditsiinilinnak\\\/oendushoolduse-osakond\\\/projekt\\\/#breadcrumb\",\"itemListElement\":[{\"@type\":\"ListItem\",\"position\":1,\"name\":\"Home\",\"item\":\"https:\\\/\\\/www.kliinikum.ee\\\/meditsiinilinnak\\\/\"},{\"@type\":\"ListItem\",\"position\":2,\"name\":\"\u00d5endushoolduse osakond\",\"item\":\"https:\\\/\\\/www.kliinikum.ee\\\/meditsiinilinnak\\\/oendushoolduse-osakond\\\/\"},{\"@type\":\"ListItem\",\"position\":3,\"name\":\"Projekt\"}]},{\"@type\":\"WebSite\",\"@id\":\"https:\\\/\\\/www.kliinikum.ee\\\/meditsiinilinnak\\\/#website\",\"url\":\"https:\\\/\\\/www.kliinikum.ee\\\/meditsiinilinnak\\\/\",\"name\":\"Meditsiinilinnak\",\"description\":\"\",\"potentialAction\":[{\"@type\":\"SearchAction\",\"target\":{\"@type\":\"EntryPoint\",\"urlTemplate\":\"https:\\\/\\\/www.kliinikum.ee\\\/meditsiinilinnak\\\/?s={search_term_string}\"},\"query-input\":{\"@type\":\"PropertyValueSpecification\",\"valueRequired\":true,\"valueName\":\"search_term_string\"}}],\"inLanguage\":\"et\"}]}<\/script>\n<!-- \/ Yoast SEO plugin. -->","yoast_head_json":{"title":"Projekt - Meditsiinilinnak","robots":{"index":"index","follow":"follow","max-snippet":"max-snippet:-1","max-image-preview":"max-image-preview:large","max-video-preview":"max-video-preview:-1"},"canonical":"https:\/\/www.kliinikum.ee\/meditsiinilinnak\/oendushoolduse-osakond\/projekt\/","og_locale":"et_EE","og_type":"article","og_title":"Projekt - Meditsiinilinnak","og_description":"Projekti eesm\u00e4rgiks on parandada Tartu \u00dclikooli Kliinikumi \u00f5endus- ja hooldusteenuste k\u00e4ttesaadavust ning kvaliteeti. Selle saavutamiseks on vajalik suurendada Kliinikum hooldusravi...","og_url":"https:\/\/www.kliinikum.ee\/meditsiinilinnak\/oendushoolduse-osakond\/projekt\/","og_site_name":"Meditsiinilinnak","article_modified_time":"2020-12-15T09:59:57+00:00","twitter_card":"summary_large_image","schema":{"@context":"https:\/\/schema.org","@graph":[{"@type":"WebPage","@id":"https:\/\/www.kliinikum.ee\/meditsiinilinnak\/oendushoolduse-osakond\/projekt\/","url":"https:\/\/www.kliinikum.ee\/meditsiinilinnak\/oendushoolduse-osakond\/projekt\/","name":"Projekt - Meditsiinilinnak","isPartOf":{"@id":"https:\/\/www.kliinikum.ee\/meditsiinilinnak\/#website"},"datePublished":"2020-12-15T08:24:51+00:00","dateModified":"2020-12-15T09:59:57+00:00","breadcrumb":{"@id":"https:\/\/www.kliinikum.ee\/meditsiinilinnak\/oendushoolduse-osakond\/projekt\/#breadcrumb"},"inLanguage":"et","potentialAction":[{"@type":"ReadAction","target":["https:\/\/www.kliinikum.ee\/meditsiinilinnak\/oendushoolduse-osakond\/projekt\/"]}]},{"@type":"BreadcrumbList","@id":"https:\/\/www.kliinikum.ee\/meditsiinilinnak\/oendushoolduse-osakond\/projekt\/#breadcrumb","itemListElement":[{"@type":"ListItem","position":1,"name":"Home","item":"https:\/\/www.kliinikum.ee\/meditsiinilinnak\/"},{"@type":"ListItem","position":2,"name":"\u00d5endushoolduse osakond","item":"https:\/\/www.kliinikum.ee\/meditsiinilinnak\/oendushoolduse-osakond\/"},{"@type":"ListItem","position":3,"name":"Projekt"}]},{"@type":"WebSite","@id":"https:\/\/www.kliinikum.ee\/meditsiinilinnak\/#website","url":"https:\/\/www.kliinikum.ee\/meditsiinilinnak\/","name":"Meditsiinilinnak","description":"","potentialAction":[{"@type":"SearchAction","target":{"@type":"EntryPoint","urlTemplate":"https:\/\/www.kliinikum.ee\/meditsiinilinnak\/?s={search_term_string}"},"query-input":{"@type":"PropertyValueSpecification","valueRequired":true,"valueName":"search_term_string"}}],"inLanguage":"et"}]}},"_links":{"self":[{"href":"https:\/\/www.kliinikum.ee\/meditsiinilinnak\/wp-json\/wp\/v2\/pages\/1407","targetHints":{"allow":["GET"]}}],"collection":[{"href":"https:\/\/www.kliinikum.ee\/meditsiinilinnak\/wp-json\/wp\/v2\/pages"}],"about":[{"href":"https:\/\/www.kliinikum.ee\/meditsiinilinnak\/wp-json\/wp\/v2\/types\/page"}],"author":[{"embeddable":true,"href":"https:\/\/www.kliinikum.ee\/meditsiinilinnak\/wp-json\/wp\/v2\/users\/10"}],"replies":[{"embeddable":true,"href":"https:\/\/www.kliinikum.ee\/meditsiinilinnak\/wp-json\/wp\/v2\/comments?post=1407"}],"version-history":[{"count":0,"href":"https:\/\/www.kliinikum.ee\/meditsiinilinnak\/wp-json\/wp\/v2\/pages\/1407\/revisions"}],"up":[{"embeddable":true,"href":"https:\/\/www.kliinikum.ee\/meditsiinilinnak\/wp-json\/wp\/v2\/pages\/1404"}],"wp:attachment":[{"href":"https:\/\/www.kliinikum.ee\/meditsiinilinnak\/wp-json\/wp\/v2\/media?parent=1407"}],"curies":[{"name":"wp","href":"https:\/\/api.w.org\/{rel}","templated":true}]}}