{"id":1415,"date":"2020-12-15T10:27:42","date_gmt":"2020-12-15T08:27:42","guid":{"rendered":"https:\/\/www.kliinikum.ee\/medlinnak\/?page_id=1415"},"modified":"2020-12-15T12:00:36","modified_gmt":"2020-12-15T10:00:36","slug":"tulemused","status":"publish","type":"page","link":"https:\/\/www.kliinikum.ee\/meditsiinilinnak\/oendushoolduse-osakond\/projekt\/tulemused\/","title":{"rendered":"Tulemused"},"content":{"rendered":"\n<p class=\"wp-el\">K\u00e4esoleva projekti elluviimine m\u00f5jutab muuhulgas positiivselt\u00a0 ka haigla ressursikasutust.<\/p>\n\n\n\n<p class=\"wp-el\">Personali seisukohast toob kodu\u00f5endus- ja p\u00e4eva\u00f5endusteenuse pakkumise korraldamine suuremates keskustes kaasa majandusliku efektiivsuse kasvu ning v\u00e4iksema personali arvu.\u00a0<br>Meditsiiniline abi ja konsultatsioonid &#8211; hetkel paikneb Kliinikumi \u00f5endushoolduse osakonna hoone aadressil Riia 167, mis asub Kliinikumi aktiivravikompleksist eemal. \u00d5endushoolduse osakonna uus hoone L. Puusepa t\u00e4naval asub aga otse aktiivravilinnaku k\u00f5rval, mis t\u00e4hendab, et patsiente on senisest oluliselt mugavam haigla aktiivravikompleksi uuringutele v\u00f5i eriarsti vastuv\u00f5tule suunata.<\/p>\n\n\n\n<p class=\"wp-el\">Ruumid &#8211; p\u00e4rast projekti l\u00f5ppu pakutakse Puusepa 6 hoones t\u00e4ispaketti hooldusravi teenuseid: statsionaarset hooldusravi, kodu\u00f5endust\u00a0 ning p\u00e4eva\u00f5endust. Seega on olemas k\u00f5ik eeldused integreeritud \u00f5endushoolduse s\u00fcsteemi v\u00e4ljakujundamiseks ning teenuste s\u00fcnergilise arengu tagamiseks. Kuna k\u00f5rvalmajas asub ka \u00fcks Eesti moodsamaid aktiivravikorpusi, on ka eriarstiabi \u00f5endushoolduse osakonna patsientidele vajadusel kiiresti tagatud.<\/p>\n\n\n\n<p class=\"wp-el\">P\u00e4eva\u00f5endusteenuse pakkumisel v\u00e4ljendub efektiivne ressursikasutus selles, et p\u00e4eva\u00f5enduskeskus rajatakse suurema osakonna juurde, kus on olemas sedav\u00f5rd palju kompetentset personali, et p\u00e4eva\u00f5enduskeskusesse tuleb lisaks t\u00f6\u00f6le v\u00f5tta vaid 1,5 \u00f5de ja 1,5 hooldajat. K\u00f5ik muud vajalikud spetsialistid on olemas samas hoones.<\/p>\n\n\n\n<p class=\"wp-el\">Allj\u00e4rgnev tabel selgitab kokkuv\u00f5tlikult Kliinikumi osakondade paiknemist enne ja p\u00e4rast projekti:<\/p>\n\n\n\n<figure class=\"wp-block-table is-style-stripes\"><table><thead><tr><th class=\"has-text-align-left\" data-align=\"left\"><strong>Osakond\/kliinik<\/strong><\/th><th class=\"has-text-align-left\" data-align=\"left\"><strong>Asukoht enne projekti<\/strong><\/th><th class=\"has-text-align-left\" data-align=\"left\"><strong>Asukoht p\u00e4rast projekti<\/strong><\/th><\/tr><\/thead><tbody><tr><td class=\"has-text-align-left\" data-align=\"left\">\u00d5endushoolduse osakond<\/td><td class=\"has-text-align-left\" data-align=\"left\">Riia 167<\/td><td class=\"has-text-align-left\" data-align=\"left\">L. Puusepa 6<\/td><\/tr><tr><td class=\"has-text-align-left\" data-align=\"left\">Statsionaarse taastusravi osakond<\/td><td class=\"has-text-align-left\" data-align=\"left\">Riia 167<\/td><td class=\"has-text-align-left\" data-align=\"left\">Riia 167<\/td><\/tr><tr><td class=\"has-text-align-left\" data-align=\"left\">Sisekliinik<\/td><td class=\"has-text-align-left\" data-align=\"left\">L. Puusepa 6<\/td><td class=\"has-text-align-left\" data-align=\"left\">Kliinikumi uus hetkel ehitatav hoone<\/td><\/tr><\/tbody><\/table><\/figure>\n","protected":false},"excerpt":{"rendered":"<p>K\u00e4esoleva projekti elluviimine m\u00f5jutab muuhulgas positiivselt\u00a0 ka haigla ressursikasutust. Personali seisukohast toob kodu\u00f5endus- ja p\u00e4eva\u00f5endusteenuse pakkumise korraldamine suuremates keskustes kaasa&#8230;<\/p>\n","protected":false},"author":10,"featured_media":0,"parent":1407,"menu_order":30,"comment_status":"closed","ping_status":"closed","template":"","meta":{"_acf_changed":false,"inline_featured_image":false,"footnotes":"","_links_to":"","_links_to_target":""},"class_list":["post-1415","page","type-page","status-publish","hentry"],"acf":[],"yoast_head":"<!-- This site is optimized with the Yoast SEO plugin v27.3 - https:\/\/yoast.com\/product\/yoast-seo-wordpress\/ -->\n<title>Tulemused - Meditsiinilinnak<\/title>\n<meta name=\"robots\" content=\"index, follow, max-snippet:-1, max-image-preview:large, max-video-preview:-1\" \/>\n<link rel=\"canonical\" href=\"https:\/\/www.kliinikum.ee\/meditsiinilinnak\/oendushoolduse-osakond\/projekt\/tulemused\/\" \/>\n<meta property=\"og:locale\" content=\"et_EE\" \/>\n<meta property=\"og:type\" content=\"article\" \/>\n<meta property=\"og:title\" content=\"Tulemused - Meditsiinilinnak\" \/>\n<meta property=\"og:description\" content=\"K\u00e4esoleva projekti elluviimine m\u00f5jutab muuhulgas positiivselt\u00a0 ka haigla ressursikasutust. Personali seisukohast toob kodu\u00f5endus- ja p\u00e4eva\u00f5endusteenuse pakkumise korraldamine suuremates keskustes kaasa...\" \/>\n<meta property=\"og:url\" content=\"https:\/\/www.kliinikum.ee\/meditsiinilinnak\/oendushoolduse-osakond\/projekt\/tulemused\/\" \/>\n<meta property=\"og:site_name\" content=\"Meditsiinilinnak\" \/>\n<meta property=\"article:modified_time\" content=\"2020-12-15T10:00:36+00:00\" \/>\n<meta name=\"twitter:card\" content=\"summary_large_image\" \/>\n<meta name=\"twitter:label1\" content=\"Est. reading time\" \/>\n\t<meta name=\"twitter:data1\" content=\"1 minut\" \/>\n<script type=\"application\/ld+json\" class=\"yoast-schema-graph\">{\"@context\":\"https:\\\/\\\/schema.org\",\"@graph\":[{\"@type\":\"WebPage\",\"@id\":\"https:\\\/\\\/www.kliinikum.ee\\\/meditsiinilinnak\\\/oendushoolduse-osakond\\\/projekt\\\/tulemused\\\/\",\"url\":\"https:\\\/\\\/www.kliinikum.ee\\\/meditsiinilinnak\\\/oendushoolduse-osakond\\\/projekt\\\/tulemused\\\/\",\"name\":\"Tulemused - Meditsiinilinnak\",\"isPartOf\":{\"@id\":\"https:\\\/\\\/www.kliinikum.ee\\\/meditsiinilinnak\\\/#website\"},\"datePublished\":\"2020-12-15T08:27:42+00:00\",\"dateModified\":\"2020-12-15T10:00:36+00:00\",\"breadcrumb\":{\"@id\":\"https:\\\/\\\/www.kliinikum.ee\\\/meditsiinilinnak\\\/oendushoolduse-osakond\\\/projekt\\\/tulemused\\\/#breadcrumb\"},\"inLanguage\":\"et\",\"potentialAction\":[{\"@type\":\"ReadAction\",\"target\":[\"https:\\\/\\\/www.kliinikum.ee\\\/meditsiinilinnak\\\/oendushoolduse-osakond\\\/projekt\\\/tulemused\\\/\"]}]},{\"@type\":\"BreadcrumbList\",\"@id\":\"https:\\\/\\\/www.kliinikum.ee\\\/meditsiinilinnak\\\/oendushoolduse-osakond\\\/projekt\\\/tulemused\\\/#breadcrumb\",\"itemListElement\":[{\"@type\":\"ListItem\",\"position\":1,\"name\":\"Home\",\"item\":\"https:\\\/\\\/www.kliinikum.ee\\\/meditsiinilinnak\\\/\"},{\"@type\":\"ListItem\",\"position\":2,\"name\":\"\u00d5endushoolduse osakond\",\"item\":\"https:\\\/\\\/www.kliinikum.ee\\\/meditsiinilinnak\\\/oendushoolduse-osakond\\\/\"},{\"@type\":\"ListItem\",\"position\":3,\"name\":\"Projekt\",\"item\":\"https:\\\/\\\/www.kliinikum.ee\\\/meditsiinilinnak\\\/oendushoolduse-osakond\\\/projekt\\\/\"},{\"@type\":\"ListItem\",\"position\":4,\"name\":\"Tulemused\"}]},{\"@type\":\"WebSite\",\"@id\":\"https:\\\/\\\/www.kliinikum.ee\\\/meditsiinilinnak\\\/#website\",\"url\":\"https:\\\/\\\/www.kliinikum.ee\\\/meditsiinilinnak\\\/\",\"name\":\"Meditsiinilinnak\",\"description\":\"\",\"potentialAction\":[{\"@type\":\"SearchAction\",\"target\":{\"@type\":\"EntryPoint\",\"urlTemplate\":\"https:\\\/\\\/www.kliinikum.ee\\\/meditsiinilinnak\\\/?s={search_term_string}\"},\"query-input\":{\"@type\":\"PropertyValueSpecification\",\"valueRequired\":true,\"valueName\":\"search_term_string\"}}],\"inLanguage\":\"et\"}]}<\/script>\n<!-- \/ Yoast SEO plugin. -->","yoast_head_json":{"title":"Tulemused - Meditsiinilinnak","robots":{"index":"index","follow":"follow","max-snippet":"max-snippet:-1","max-image-preview":"max-image-preview:large","max-video-preview":"max-video-preview:-1"},"canonical":"https:\/\/www.kliinikum.ee\/meditsiinilinnak\/oendushoolduse-osakond\/projekt\/tulemused\/","og_locale":"et_EE","og_type":"article","og_title":"Tulemused - Meditsiinilinnak","og_description":"K\u00e4esoleva projekti elluviimine m\u00f5jutab muuhulgas positiivselt\u00a0 ka haigla ressursikasutust. Personali seisukohast toob kodu\u00f5endus- ja p\u00e4eva\u00f5endusteenuse pakkumise korraldamine suuremates keskustes kaasa...","og_url":"https:\/\/www.kliinikum.ee\/meditsiinilinnak\/oendushoolduse-osakond\/projekt\/tulemused\/","og_site_name":"Meditsiinilinnak","article_modified_time":"2020-12-15T10:00:36+00:00","twitter_card":"summary_large_image","twitter_misc":{"Est. reading time":"1 minut"},"schema":{"@context":"https:\/\/schema.org","@graph":[{"@type":"WebPage","@id":"https:\/\/www.kliinikum.ee\/meditsiinilinnak\/oendushoolduse-osakond\/projekt\/tulemused\/","url":"https:\/\/www.kliinikum.ee\/meditsiinilinnak\/oendushoolduse-osakond\/projekt\/tulemused\/","name":"Tulemused - Meditsiinilinnak","isPartOf":{"@id":"https:\/\/www.kliinikum.ee\/meditsiinilinnak\/#website"},"datePublished":"2020-12-15T08:27:42+00:00","dateModified":"2020-12-15T10:00:36+00:00","breadcrumb":{"@id":"https:\/\/www.kliinikum.ee\/meditsiinilinnak\/oendushoolduse-osakond\/projekt\/tulemused\/#breadcrumb"},"inLanguage":"et","potentialAction":[{"@type":"ReadAction","target":["https:\/\/www.kliinikum.ee\/meditsiinilinnak\/oendushoolduse-osakond\/projekt\/tulemused\/"]}]},{"@type":"BreadcrumbList","@id":"https:\/\/www.kliinikum.ee\/meditsiinilinnak\/oendushoolduse-osakond\/projekt\/tulemused\/#breadcrumb","itemListElement":[{"@type":"ListItem","position":1,"name":"Home","item":"https:\/\/www.kliinikum.ee\/meditsiinilinnak\/"},{"@type":"ListItem","position":2,"name":"\u00d5endushoolduse osakond","item":"https:\/\/www.kliinikum.ee\/meditsiinilinnak\/oendushoolduse-osakond\/"},{"@type":"ListItem","position":3,"name":"Projekt","item":"https:\/\/www.kliinikum.ee\/meditsiinilinnak\/oendushoolduse-osakond\/projekt\/"},{"@type":"ListItem","position":4,"name":"Tulemused"}]},{"@type":"WebSite","@id":"https:\/\/www.kliinikum.ee\/meditsiinilinnak\/#website","url":"https:\/\/www.kliinikum.ee\/meditsiinilinnak\/","name":"Meditsiinilinnak","description":"","potentialAction":[{"@type":"SearchAction","target":{"@type":"EntryPoint","urlTemplate":"https:\/\/www.kliinikum.ee\/meditsiinilinnak\/?s={search_term_string}"},"query-input":{"@type":"PropertyValueSpecification","valueRequired":true,"valueName":"search_term_string"}}],"inLanguage":"et"}]}},"_links":{"self":[{"href":"https:\/\/www.kliinikum.ee\/meditsiinilinnak\/wp-json\/wp\/v2\/pages\/1415","targetHints":{"allow":["GET"]}}],"collection":[{"href":"https:\/\/www.kliinikum.ee\/meditsiinilinnak\/wp-json\/wp\/v2\/pages"}],"about":[{"href":"https:\/\/www.kliinikum.ee\/meditsiinilinnak\/wp-json\/wp\/v2\/types\/page"}],"author":[{"embeddable":true,"href":"https:\/\/www.kliinikum.ee\/meditsiinilinnak\/wp-json\/wp\/v2\/users\/10"}],"replies":[{"embeddable":true,"href":"https:\/\/www.kliinikum.ee\/meditsiinilinnak\/wp-json\/wp\/v2\/comments?post=1415"}],"version-history":[{"count":0,"href":"https:\/\/www.kliinikum.ee\/meditsiinilinnak\/wp-json\/wp\/v2\/pages\/1415\/revisions"}],"up":[{"embeddable":true,"href":"https:\/\/www.kliinikum.ee\/meditsiinilinnak\/wp-json\/wp\/v2\/pages\/1407"}],"wp:attachment":[{"href":"https:\/\/www.kliinikum.ee\/meditsiinilinnak\/wp-json\/wp\/v2\/media?parent=1415"}],"curies":[{"name":"wp","href":"https:\/\/api.w.org\/{rel}","templated":true}]}}