{"id":6857,"date":"2023-10-12T22:42:18","date_gmt":"2023-10-12T20:42:18","guid":{"rendered":"https:\/\/www.kliinikum.ee\/meestekliinik\/?page_id=6857"},"modified":"2023-11-20T11:00:03","modified_gmt":"2023-11-20T09:00:03","slug":"loe-enne-visiiti","status":"publish","type":"page","link":"https:\/\/www.kliinikum.ee\/meestekliinik\/patsiendile\/loe-enne-visiiti\/","title":{"rendered":"Loe enne visiiti"},"content":{"rendered":"\n<p class=\"has-medium-font-size\">Vastuv\u00f5tule tulles v\u00f5tke alati kaasa isikut t\u00f5endav dokument.<\/p>\n\n\n\n<p class=\"has-medium-font-size\">Tervisekassa poolt kaetud teenuse broneerimisel peab olemas olema (digi)saatekiri suunavalt arstilt. Kui patsient p\u00f6\u00f6rdub arsti vastuv\u00f5tule ilma saatekirjata, siis on vastuv\u00f5tt ja k\u00f5ik kaasnevad teenused talle tasulised.<br>Tasulise teenuse korral pole saatekiri vajalik, kuid v\u00f5imalusel v\u00f5tke kaasa varasemate uuringute tulemused. Tulge kohale 5 minutit enne kokkulepitud visiidi aega.<\/p>\n\n\n\n<p class=\"has-medium-font-size\"><strong>Lastetus<\/strong><\/p>\n\n\n\n<p class=\"has-medium-font-size\">Vajalikud uuringud: l\u00e4bivaatus, vestlus, viljatuse\/munandi d\u00fcsgeneesi s\u00fcndroomi k\u00fcsimustik, sperma anal\u00fc\u00fcs (2 korda), eesn\u00e4\u00e4rme sekreedi uuring, hormoonuuringud, esmaskuse anal\u00fc\u00fcs, vajadusel suguhaiguste testid, ultraheliuuringud ja geneetilised testid.<\/p>\n\n\n\n<p class=\"has-medium-font-size\">Optimaalne uuringuskeem. Uuringud algavad enamasti \u00f5e visiidil terviseseisundi anal\u00fc\u00fcsi ja l\u00e4bivaatusega. J\u00e4rgnevalt lepitakse kokku edasine uuringuskeem.<\/p>\n\n\n\n<p class=\"has-medium-font-size\">Eriteenusena (tasuline) on Tartus ja harvadel juhtudel ka Tallinnas v\u00f5imalik k\u00f5ik uuringud teostada \u00fche p\u00e4eva jooksul. Selle teenuse taotlemiseks on parim aega k\u00fcsida e-maili teel (<strong>meestekliinik@kliinikum.ee<\/strong>). Sama p\u00e4eva teenuse puhul toimub esmalt arsti v\u00f5i \u00f5e visiit ja seej\u00e4rel anal\u00fc\u00fcsid. Anal\u00fc\u00fcsitulemused saavad valmis 3-4 tunni jooksul ja siis toimub kokkuv\u00f5ttev arsti visiit. Kui esmaskusest teostatakse ka suguhaiguste uuringud, siis nende vastused saab teada m\u00f5ni p\u00e4ev peale testi v\u00f5tmist telefoni teel.<\/p>\n\n\n\n<p class=\"has-medium-font-size\">Sperma anal\u00fc\u00fcs antakse labori juures asuvas privaatruumis. Enne anal\u00fc\u00fcsi peaks mees pidama oma seksuaalelus 2-7 p\u00e4evase pausi, soovituslikult 3-4 p\u00e4eva. Probleemsete v\u00f5i piiripealsete anal\u00fc\u00fcsitulemuste korral on hinnangu andmiseks vajalik v\u00e4hemalt kaks testi, mis teostatud m\u00f5nen\u00e4dalase vahega. Teostatavad uuringud v\u00f5imaldavad hinnata mehe sugutrakti funktsionaalset seisundit ja seel\u00e4bi kaudselt ka mehe viljakuse taset. Peale uuringukompleksi l\u00e4bimist antakse mehele hinnang tema reproduktiivse funktsiooni hetkeseisundi ja prognoosi kohta. Vajadusel m\u00e4\u00e4ratakse viljakust toetav ravi. Lepitakse kokku kontrollanal\u00fc\u00fcsi aeg. Haigusjuhu l\u00f5petamisel edastatakse vastav informatsioon terviseinfos\u00fcsteemi.<\/p>\n\n\n\n<p class=\"has-medium-font-size\"><strong>Erektsioonih\u00e4ire<\/strong><\/p>\n\n\n\n<p class=\"has-medium-font-size\">Vajalikud uuringud: vestlus, meestekliiniku \u00fcldk\u00fcsimustik, prooviravi, vajadusel l\u00e4bivaatus, hormoonuuringud, laboritestid \u00fcldtervisliku seisundi hindamiseks ja peenise veresoonte Doppler ultraheli uuring.<\/p>\n\n\n\n<p class=\"has-medium-font-size\">Pragmaatilise k\u00e4sitluse skeem. Sellisel juhul piirdub esimene visiit k\u00fcsitlusel p\u00f5hineva patsiendi seisundi ja raviriskide anal\u00fc\u00fcsiga ja seej\u00e4rel v\u00e4ljakirjutatava erektsioonih\u00e4ire tablettravimiga. Kergematel juhtudel v\u00f5ib sellise skeemiga saavutada p\u00fcsiva ravitulemuse.<\/p>\n\n\n\n<p class=\"has-medium-font-size\">Uuringulise k\u00e4sitluse skeem. H\u00e4irete p\u00f5hjuste v\u00e4ljaselgitamiseks teostatakse lisaks mehe l\u00e4bivaatus, vere anal\u00fc\u00fcsid suguhormoonidele (enne visiiti 2-3 tundi mitte s\u00fc\u00fca), vanematel kui 45-aastastel meestel ka test eesn\u00e4\u00e4rme kasvaja suhtes. M\u00e4\u00e4ratakse prooviravi. Vajadusel teostatakse lisatestidena peenise veresoonte Doppler ultraheli uuringud ja veretestid \u00fcldtervisliku seisundi hindamiseks.<\/p>\n\n\n\n<p class=\"has-medium-font-size\"><strong>Varane seemnepurse<\/strong><\/p>\n\n\n\n<p class=\"has-medium-font-size\">Vajalikud uuringud: vestlus, meestekliiniku \u00fcldk\u00fcsimustik, hormoon- ja biokeemilised testid, vajadusel ka l\u00e4bivaatus ning uuringud eesn\u00e4\u00e4rmep\u00f5letiku suhtes<\/p>\n\n\n\n<p class=\"has-medium-font-size\">Pragmaatilise k\u00e4sitluse skeem. Sellisel juhul piirdub esimene visiit k\u00fcsitlusel p\u00f5hineva patsiendi seisundi ja raviriskide anal\u00fc\u00fcsiga ja seej\u00e4rel v\u00e4ljakirjutatava varast seemnepurset m\u00f5jutava tablettraviga.<\/p>\n\n\n\n<p class=\"has-medium-font-size\">Uuringulise k\u00e4sitluse skeem. H\u00e4irete p\u00f5hjuste v\u00e4ljaselgitamiseks teostatakse lisaks mehe l\u00e4bivaatus, meestekliiniku \u00fcldk\u00fcsimustik, anal\u00fc\u00fcsid verest, uuringud eesn\u00e4\u00e4rmehaiguste v\u00e4listamiseks.<\/p>\n\n\n\n<p class=\"has-medium-font-size\"><strong>Eesn\u00e4\u00e4rmehaigused, kusemish\u00e4ired, alakehavalud, prostatiit<\/strong><\/p>\n\n\n\n<p class=\"has-medium-font-size\">Vajalikud uuringud: Vestlus, meestekliiniku \u00fcldk\u00fcsimustik v\u00f5i kusemish\u00e4irete k\u00fcsimustik (IPSS), uuringud eesn\u00e4\u00e4rmep\u00f5letiku suhtes (eesn\u00e4\u00e4rme sekreet v\u00f5i sperma), kusevoolu hindamine aparaatanal\u00fc\u00fcsil, PSA test eesn\u00e4\u00e4rmev\u00e4hi ja eesn\u00e4\u00e4rmekahjustuse hindamiseks. Lisauuringutena vajadusel ultraheliuuringud, hormoonuuringud, suguhaiguste testid, kusemisp\u00e4evik jt.<\/p>\n\n\n\n<p class=\"has-medium-font-size\">Optimaalne uuringuskeem. Uuringud algavad enamasti \u00f5e visiidil terviseseisundi anal\u00fc\u00fcsi ja l\u00e4bivaatusega. J\u00e4rgnevalt lepitakse kokku edasine uuringuskeem. Eriteenusena (tasuline) on Tartus ja harvadel juhtudel ka Tallinnas v\u00f5imalik k\u00f5ik uuringud teostada \u00fche p\u00e4eva jooksul. Selle teenuse taotlemiseks on parim aega k\u00fcsida e-maili teel (meestekliinik@kliinikum.ee). Sama p\u00e4eva teenuse puhul toimub esmalt arsti v\u00f5i \u00f5e visiit ja seej\u00e4rel anal\u00fc\u00fcsid. Anal\u00fc\u00fcsitulemused saavad valmis 3-4 tunni jooksul ja siis toimub kokkuv\u00f5ttev arsti visiit.<\/p>\n\n\n\n<p class=\"has-medium-font-size\"><strong>Suguhaiguste kahtlus v\u00f5i kusiti p\u00f5letik<\/strong><\/p>\n\n\n\n<p class=\"has-medium-font-size\">Vajalikud uuringud: suguhaiguste riski hindamise k\u00fcsimustik, vestlus, kuse aparaatanal\u00fc\u00fcs, suguhaiguste testid, vajadusel l\u00e4bivaatus.<\/p>\n\n\n\n<p class=\"has-medium-font-size\">Optimaalne uuringuskeem. Uuringuid saab teostada v\u00e4ljaspool arsti\/\u00f5e j\u00e4rjekorda edastades oma uuringusoovi otse konkreetsele keskusele. Eelnevalt soovitame tutvuda mehe sugutrakti p\u00f5letike infofailiga. Anal\u00fc\u00fcsid teostatakse esmasest hommikusest kusest. Erandina ka p\u00e4eval, kui mees ei ole v\u00e4hemalt 3-4 tundi kusel k\u00e4inud. Keerulisematel juhtudel v\u00f5ib arst teile pakkuda anal\u00fc\u00fcside v\u00f5tmist kusitist, spermast v\u00f5i eesn\u00e4\u00e4rme sekreedist. Kasutame ainult PCR meetodil teostatavaid uuringuid. Kui esmane visiit toimub arsti juurde, siis saab vajadusel koheselt alustada antibiootikumraviga. Uuringute tulemused saab teada tavaliselt kolm p\u00e4eva peale anal\u00fc\u00fcside v\u00f5tmist. Suguhaiguste leiu korral on v\u00f5imalik kiire soodushinnaga (50 EUR) p\u00e4\u00e4s arsti vastuv\u00f5tule. Partneri ravi toimub vastavalt uuringutulemustele. NB! Suguhaiguste uuringud on meie kliinikus tasulised! <\/p>\n\n\n\n<p class=\"has-medium-font-size\">Suguhaiguste uuringud ja ravi \u00fche p\u00e4eva jooksul. V\u00f5imalik vaid Tartu keskuses. \u00dchep\u00e4evane teenus eeldab uuritava materjali (hommikuse esmasuriini) j\u00f5udmist meestekliiniku Tartu keskusesse (L. Puusepa 1a, &nbsp;II korrus, meestekliinik) hommikul ajavahemikus 7:45 kuni 8:00. Arsti vastuv\u00f5tt toimub samal p\u00e4eval alates 15:00. Vajalik eelnev registreerimine&nbsp; telefoni (7 319 323) v\u00f5i e-maili (meestekliinik@kliinikum.ee) teel.&nbsp; Anal\u00fc\u00fcsi kogumiseks vajaliku uriinianal\u00fc\u00fcsi purgi v\u00f5ite osta apteegist v\u00f5i saate eelmise p\u00e4eva pealel\u00f5unal kell (13:00-16:00) meie kliiniku Tartu, Tallinna, P\u00e4rnu v\u00f5i Narva keskustest. Vajalike uuringute maht otsustatakse suguhaiguste riski hindamise k\u00fcsimustiku tulemuse ja kuse p\u00f5letikurakkude sisalduse (p\u00f5letikureaktsiooni tugevuse) alusel. J\u00e4rgneb uuringumaterjali laboratoorne anal\u00fc\u00fcs. P\u00e4rastl\u00f5unal arsti visiit \u2013 l\u00e4bivaatus, tulemuste arutelu, vajadusel kohene ravi ja\/v\u00f5i t\u00e4iendavate uuringute vajaduse \u00fcle otsustamine. Juhend uriini kogumiseks. Anal\u00fc\u00fcsimaterjali kogumise protseduuri soovitame l\u00e4bi viia tualetis v\u00f5i vannitoas. Uuringuks tuleks koguda kindlasti hommikune (esmasjoa!) uriin. Enne urineerimist on soovitav suguelundit kergelt masseerida suunas \u00fclevalt allapoole - see aitab kaasa varjatud p\u00f5letikukollete t\u00fchjenemisele uuritavasse uuringumaterjali. Anal\u00fc\u00fcsimiseks on vajalik v\u00e4hemalt pool topsi uriini ja uriini kogumise juures peab olema kindel, et tuubi kogutakse ka esimesed tilgad uriini. Peale proovimaterjali kogumist tuleb kindlasti veenduda, et uriinitops on kindlalt kaanega suletud. Uriinitopsile palume kirjutada oma nimi. Palun pakendage uriinitops kilekotti.<\/p>\n\n\n\n<p class=\"has-medium-font-size\"><strong>Eesnaha ja peenisepea p\u00f5letik<\/strong><\/p>\n\n\n\n<p class=\"has-medium-font-size\">Vajalikud uuringud: l\u00e4bivaatus, vestlus, vajadusel suguhaiguste testid, kandidoosi uuring, sekreedi k\u00fclv tavamikroobidele v\u00f5i sperma anal\u00fc\u00fcs p\u00f5letikule.<\/p>\n\n\n\n<p class=\"has-medium-font-size\">Optimaalne uuringuskeem. Eelnevalt soovitame tutvuda mehe sugutrakti p\u00f5letike infofailiga. Enne visiiti 24 tunni jooksul eesnahka mitte pesta. Kaks-kolm tundi enne vastuv\u00f5tule tulekut mitte k\u00e4ia kusel. T\u00fc\u00fcpilise leiu puhul t\u00e4iendavaid uuringuid vaja ei ole ja ravi alustatakse koheselt. Vajadusel v\u00f5etakse uuringud eesnaha alusest sekreedist v\u00f5i haavandist. Vahel on soovitav teha ka suguhaiguste testid, sperma anal\u00fc\u00fcs v\u00f5i eesn\u00e4\u00e4rme sekreedi uuring eesn\u00e4\u00e4rme p\u00f5letiku v\u00e4listamiseks. Ka juhul kui v\u00f5etakse anal\u00fc\u00fcsid p\u00f5letikutekitajate tuvastamiseks alustame arsti visiidiga algava k\u00e4sitluse korral enamasti ravi siiski koheselt esimesel visiidil. Uuringute tulemused saab teada n\u00e4dal peale anal\u00fc\u00fcside v\u00f5tmist. Partneri ravi toimub vastavalt uuringutulemustele.<\/p>\n\n\n\n<p><\/p>\n\n\n\n<p><\/p>\n","protected":false},"excerpt":{"rendered":"<p>Vastuv\u00f5tule tulles v\u00f5tke alati kaasa isikut t\u00f5endav dokument. Tervisekassa poolt kaetud teenuse broneerimisel peab olemas olema (digi)saatekiri suunavalt arstilt. Kui patsient p\u00f6\u00f6rdub arsti vastuv\u00f5tule ilma saatekirjata, siis on vastuv\u00f5tt ja k\u00f5ik kaasnevad teenused talle tasulised.Tasulise teenuse korral pole saatekiri vajalik, kuid v\u00f5imalusel v\u00f5tke kaasa varasemate uuringute tulemused. Tulge kohale 5 minutit enne kokkulepitud visiidi aega. [&hellip;]<\/p>\n","protected":false},"author":30,"featured_media":0,"parent":15,"menu_order":3,"comment_status":"closed","ping_status":"closed","template":"","meta":{"_acf_changed":false,"_uag_custom_page_level_css":"","footnotes":""},"class_list":["post-6857","page","type-page","status-publish","hentry"],"acf":[],"yoast_head":"<!-- This site is optimized with the Yoast SEO plugin v27.3 - https:\/\/yoast.com\/product\/yoast-seo-wordpress\/ -->\n<title>Loe enne visiiti - Meestekliinik<\/title>\n<meta name=\"robots\" content=\"index, follow, max-snippet:-1, max-image-preview:large, max-video-preview:-1\" \/>\n<link rel=\"canonical\" href=\"https:\/\/www.kliinikum.ee\/meestekliinik\/patsiendile\/loe-enne-visiiti\/\" \/>\n<meta property=\"og:locale\" content=\"et_EE\" \/>\n<meta property=\"og:type\" content=\"article\" \/>\n<meta property=\"og:title\" content=\"Loe enne visiiti - Meestekliinik\" \/>\n<meta property=\"og:description\" content=\"Vastuv\u00f5tule tulles v\u00f5tke alati kaasa isikut t\u00f5endav dokument. Tervisekassa poolt kaetud teenuse broneerimisel peab olemas olema (digi)saatekiri suunavalt arstilt. Kui patsient p\u00f6\u00f6rdub arsti vastuv\u00f5tule ilma saatekirjata, siis on vastuv\u00f5tt ja k\u00f5ik kaasnevad teenused talle tasulised.Tasulise teenuse korral pole saatekiri vajalik, kuid v\u00f5imalusel v\u00f5tke kaasa varasemate uuringute tulemused. Tulge kohale 5 minutit enne kokkulepitud visiidi aega. [&hellip;]\" \/>\n<meta property=\"og:url\" content=\"https:\/\/www.kliinikum.ee\/meestekliinik\/patsiendile\/loe-enne-visiiti\/\" \/>\n<meta property=\"og:site_name\" content=\"Meestekliinik\" \/>\n<meta property=\"article:modified_time\" content=\"2023-11-20T09:00:03+00:00\" \/>\n<meta name=\"twitter:card\" content=\"summary_large_image\" \/>\n<meta name=\"twitter:label1\" content=\"Est. reading time\" \/>\n\t<meta name=\"twitter:data1\" content=\"6 minutit\" \/>\n<script type=\"application\/ld+json\" class=\"yoast-schema-graph\">{\"@context\":\"https:\\\/\\\/schema.org\",\"@graph\":[{\"@type\":\"WebPage\",\"@id\":\"https:\\\/\\\/www.kliinikum.ee\\\/meestekliinik\\\/patsiendile\\\/loe-enne-visiiti\\\/\",\"url\":\"https:\\\/\\\/www.kliinikum.ee\\\/meestekliinik\\\/patsiendile\\\/loe-enne-visiiti\\\/\",\"name\":\"Loe enne visiiti - Meestekliinik\",\"isPartOf\":{\"@id\":\"https:\\\/\\\/www.kliinikum.ee\\\/meestekliinik\\\/#website\"},\"datePublished\":\"2023-10-12T20:42:18+00:00\",\"dateModified\":\"2023-11-20T09:00:03+00:00\",\"breadcrumb\":{\"@id\":\"https:\\\/\\\/www.kliinikum.ee\\\/meestekliinik\\\/patsiendile\\\/loe-enne-visiiti\\\/#breadcrumb\"},\"inLanguage\":\"et\",\"potentialAction\":[{\"@type\":\"ReadAction\",\"target\":[\"https:\\\/\\\/www.kliinikum.ee\\\/meestekliinik\\\/patsiendile\\\/loe-enne-visiiti\\\/\"]}]},{\"@type\":\"BreadcrumbList\",\"@id\":\"https:\\\/\\\/www.kliinikum.ee\\\/meestekliinik\\\/patsiendile\\\/loe-enne-visiiti\\\/#breadcrumb\",\"itemListElement\":[{\"@type\":\"ListItem\",\"position\":1,\"name\":\"Home\",\"item\":\"https:\\\/\\\/www.kliinikum.ee\\\/meestekliinik\\\/\"},{\"@type\":\"ListItem\",\"position\":2,\"name\":\"Patsiendile\",\"item\":\"https:\\\/\\\/www.kliinikum.ee\\\/meestekliinik\\\/patsiendile\\\/\"},{\"@type\":\"ListItem\",\"position\":3,\"name\":\"Loe enne visiiti\"}]},{\"@type\":\"WebSite\",\"@id\":\"https:\\\/\\\/www.kliinikum.ee\\\/meestekliinik\\\/#website\",\"url\":\"https:\\\/\\\/www.kliinikum.ee\\\/meestekliinik\\\/\",\"name\":\"Meestekliinik\",\"description\":\"Hoolivus, Uuendusmeelsus, P\u00e4devus ja Usaldusv\u00e4\u00e4rsus\",\"potentialAction\":[{\"@type\":\"SearchAction\",\"target\":{\"@type\":\"EntryPoint\",\"urlTemplate\":\"https:\\\/\\\/www.kliinikum.ee\\\/meestekliinik\\\/?s={search_term_string}\"},\"query-input\":{\"@type\":\"PropertyValueSpecification\",\"valueRequired\":true,\"valueName\":\"search_term_string\"}}],\"inLanguage\":\"et\"}]}<\/script>\n<!-- \/ Yoast SEO plugin. -->","yoast_head_json":{"title":"Loe enne visiiti - Meestekliinik","robots":{"index":"index","follow":"follow","max-snippet":"max-snippet:-1","max-image-preview":"max-image-preview:large","max-video-preview":"max-video-preview:-1"},"canonical":"https:\/\/www.kliinikum.ee\/meestekliinik\/patsiendile\/loe-enne-visiiti\/","og_locale":"et_EE","og_type":"article","og_title":"Loe enne visiiti - Meestekliinik","og_description":"Vastuv\u00f5tule tulles v\u00f5tke alati kaasa isikut t\u00f5endav dokument. Tervisekassa poolt kaetud teenuse broneerimisel peab olemas olema (digi)saatekiri suunavalt arstilt. Kui patsient p\u00f6\u00f6rdub arsti vastuv\u00f5tule ilma saatekirjata, siis on vastuv\u00f5tt ja k\u00f5ik kaasnevad teenused talle tasulised.Tasulise teenuse korral pole saatekiri vajalik, kuid v\u00f5imalusel v\u00f5tke kaasa varasemate uuringute tulemused. Tulge kohale 5 minutit enne kokkulepitud visiidi aega. [&hellip;]","og_url":"https:\/\/www.kliinikum.ee\/meestekliinik\/patsiendile\/loe-enne-visiiti\/","og_site_name":"Meestekliinik","article_modified_time":"2023-11-20T09:00:03+00:00","twitter_card":"summary_large_image","twitter_misc":{"Est. reading time":"6 minutit"},"schema":{"@context":"https:\/\/schema.org","@graph":[{"@type":"WebPage","@id":"https:\/\/www.kliinikum.ee\/meestekliinik\/patsiendile\/loe-enne-visiiti\/","url":"https:\/\/www.kliinikum.ee\/meestekliinik\/patsiendile\/loe-enne-visiiti\/","name":"Loe enne visiiti - Meestekliinik","isPartOf":{"@id":"https:\/\/www.kliinikum.ee\/meestekliinik\/#website"},"datePublished":"2023-10-12T20:42:18+00:00","dateModified":"2023-11-20T09:00:03+00:00","breadcrumb":{"@id":"https:\/\/www.kliinikum.ee\/meestekliinik\/patsiendile\/loe-enne-visiiti\/#breadcrumb"},"inLanguage":"et","potentialAction":[{"@type":"ReadAction","target":["https:\/\/www.kliinikum.ee\/meestekliinik\/patsiendile\/loe-enne-visiiti\/"]}]},{"@type":"BreadcrumbList","@id":"https:\/\/www.kliinikum.ee\/meestekliinik\/patsiendile\/loe-enne-visiiti\/#breadcrumb","itemListElement":[{"@type":"ListItem","position":1,"name":"Home","item":"https:\/\/www.kliinikum.ee\/meestekliinik\/"},{"@type":"ListItem","position":2,"name":"Patsiendile","item":"https:\/\/www.kliinikum.ee\/meestekliinik\/patsiendile\/"},{"@type":"ListItem","position":3,"name":"Loe enne visiiti"}]},{"@type":"WebSite","@id":"https:\/\/www.kliinikum.ee\/meestekliinik\/#website","url":"https:\/\/www.kliinikum.ee\/meestekliinik\/","name":"Meestekliinik","description":"Hoolivus, Uuendusmeelsus, P\u00e4devus ja Usaldusv\u00e4\u00e4rsus","potentialAction":[{"@type":"SearchAction","target":{"@type":"EntryPoint","urlTemplate":"https:\/\/www.kliinikum.ee\/meestekliinik\/?s={search_term_string}"},"query-input":{"@type":"PropertyValueSpecification","valueRequired":true,"valueName":"search_term_string"}}],"inLanguage":"et"}]}},"uagb_featured_image_src":{"full":false,"thumbnail":false,"medium":false,"medium_large":false,"large":false,"1536x1536":false,"2048x2048":false},"uagb_author_info":{"display_name":"Kristiina Noortoots","author_link":"https:\/\/www.kliinikum.ee\/meestekliinik\/author\/kristiinn\/"},"uagb_comment_info":0,"uagb_excerpt":"Vastuv\u00f5tule tulles v\u00f5tke alati kaasa isikut t\u00f5endav dokument. Tervisekassa poolt kaetud teenuse broneerimisel peab olemas olema (digi)saatekiri suunavalt arstilt. Kui patsient p\u00f6\u00f6rdub arsti vastuv\u00f5tule ilma saatekirjata, siis on vastuv\u00f5tt ja k\u00f5ik kaasnevad teenused talle tasulised.Tasulise teenuse korral pole saatekiri vajalik, kuid v\u00f5imalusel v\u00f5tke kaasa varasemate uuringute tulemused. Tulge kohale 5 minutit enne kokkulepitud visiidi aega.&hellip;","_links":{"self":[{"href":"https:\/\/www.kliinikum.ee\/meestekliinik\/wp-json\/wp\/v2\/pages\/6857","targetHints":{"allow":["GET"]}}],"collection":[{"href":"https:\/\/www.kliinikum.ee\/meestekliinik\/wp-json\/wp\/v2\/pages"}],"about":[{"href":"https:\/\/www.kliinikum.ee\/meestekliinik\/wp-json\/wp\/v2\/types\/page"}],"author":[{"embeddable":true,"href":"https:\/\/www.kliinikum.ee\/meestekliinik\/wp-json\/wp\/v2\/users\/30"}],"replies":[{"embeddable":true,"href":"https:\/\/www.kliinikum.ee\/meestekliinik\/wp-json\/wp\/v2\/comments?post=6857"}],"version-history":[{"count":0,"href":"https:\/\/www.kliinikum.ee\/meestekliinik\/wp-json\/wp\/v2\/pages\/6857\/revisions"}],"up":[{"embeddable":true,"href":"https:\/\/www.kliinikum.ee\/meestekliinik\/wp-json\/wp\/v2\/pages\/15"}],"wp:attachment":[{"href":"https:\/\/www.kliinikum.ee\/meestekliinik\/wp-json\/wp\/v2\/media?parent=6857"}],"curies":[{"name":"wp","href":"https:\/\/api.w.org\/{rel}","templated":true}]}}