{"id":6866,"date":"2023-10-13T00:00:50","date_gmt":"2023-10-12T22:00:50","guid":{"rendered":"https:\/\/www.kliinikum.ee\/meestekliinik\/?page_id=6866"},"modified":"2024-07-30T13:25:03","modified_gmt":"2024-07-30T11:25:03","slug":"kuidas-valmistuda-meestekliinikus-teostatavateks-analuusideks","status":"publish","type":"page","link":"https:\/\/www.kliinikum.ee\/meestekliinik\/patsiendile\/kuidas-valmistuda-meestekliinikus-teostatavateks-analuusideks\/","title":{"rendered":"Kuidas valmistuda Meestekliinikus teostatavateks anal\u00fc\u00fcsideks"},"content":{"rendered":"\n<p class=\"has-large-font-size\">Anal\u00fc\u00fcsidele \/ vastuv\u00f5tule tulles <strong>PALUN P\u00d6\u00d6RDUGE ALATI <\/strong>esmalt <strong>sekretariaati<\/strong><\/p>\n\n\n\n<figure class=\"wp-block-image size-large\"><img loading=\"lazy\" decoding=\"async\" width=\"1024\" height=\"359\" src=\"https:\/\/www.kliinikum.ee\/meestekliinik\/wp-content\/uploads\/2023\/10\/meestekliinik_sisu2-1024x359.png\" alt=\"\" class=\"wp-image-7337\" srcset=\"https:\/\/www.kliinikum.ee\/meestekliinik\/wp-content\/uploads\/2023\/10\/meestekliinik_sisu2-1024x359.png 1024w, https:\/\/www.kliinikum.ee\/meestekliinik\/wp-content\/uploads\/2023\/10\/meestekliinik_sisu2-300x105.png 300w, https:\/\/www.kliinikum.ee\/meestekliinik\/wp-content\/uploads\/2023\/10\/meestekliinik_sisu2-768x269.png 768w, https:\/\/www.kliinikum.ee\/meestekliinik\/wp-content\/uploads\/2023\/10\/meestekliinik_sisu2-1536x538.png 1536w, https:\/\/www.kliinikum.ee\/meestekliinik\/wp-content\/uploads\/2023\/10\/meestekliinik_sisu2-2048x718.png 2048w, https:\/\/www.kliinikum.ee\/meestekliinik\/wp-content\/uploads\/2023\/10\/meestekliinik_sisu2.png 4156w\" sizes=\"auto, (max-width: 1024px) 100vw, 1024px\" \/><\/figure>\n\n\n\n<p class=\"has-medium-font-size\"><strong>Spermaanal\u00fc\u00fcs<\/strong><br>Viimasest seemnepurskest peab olema m\u00f6\u00f6das 2 - 7 p\u00e4eva, <strong>soovituslikult 3 - 4 p\u00e4eva<\/strong>. Sperma anal\u00fc\u00fcs antakse privaatruumis eneserahuldamise teel. <br>Enne anal\u00fc\u00fcsi andmist p\u00f5is t\u00fchjendatakse, pestakse k\u00e4ed ning suguti sooja vee ja seebiga. <br><strong>Kodust <\/strong>tuues peab anal\u00fc\u00fcs kohale j\u00f5udma <strong>30 min jooksul <\/strong>peale proovi andmist ja oluline on hoida tops <strong>kehatemperatuuril <\/strong>(nt. kaenla all \/ p\u00fcksiv\u00e4rvli vahel). <\/p>\n\n\n\n<p class=\"has-medium-font-size\"><strong>Vereanal\u00fc\u00fcs<\/strong><br>1. <strong>Hommikune veeniveri, s\u00f6\u00f6mata<\/strong> (soovitame eelnevalt juua vett). <br>2. Veeniveri. V\u00f5ib s\u00fc\u00fca ja juua. <br>3. Veeniveri, <strong>viimasest seemnepurskest m\u00f6\u00f6das v\u00e4hemalt 24H (PSA).<\/strong><\/p>\n\n\n\n<p class=\"has-medium-font-size\"><strong>Eesn\u00e4\u00e4rmesekreedi anal\u00fc\u00fcs e. kahe klaasi test<\/strong><br>Viimasest seemnepurskest peab olema m\u00f6\u00f6das <strong>v\u00e4hemalt 3 - 4 p\u00e4eva<\/strong>. Test sisaldab p\u00e4rakukaudset eesn\u00e4\u00e4rme massaa\u017ei, uriinianal\u00fc\u00fcse, eesn\u00e4\u00e4rmesekreedi uuringut. Enne anal\u00fc\u00fcsile tulekut peab p\u00f5is olema m\u00f5\u00f5dukalt t\u00e4itunud - <strong>minimaalselt 2 tundi urineerimata!<\/strong> Eelnevalt tuleb kodus suguti (ka eesnaha alt) pesta sooja vee ja seebiga ning kuivatada. <\/p>\n\n\n\n<p class=\"has-medium-font-size\"><strong>Esmasjoauriin<\/strong><br>Urineerimata <strong>v\u00e4hemalt 4h<\/strong>, soovitavalt hommikune esmane urineerimiskord. Pesta eesnahk ja peenisepea ning t\u00f5mmata eesnahk tagasi. <br>Anal\u00fc\u00fcsiks on vajalik <strong>esimene osa<\/strong> mis v\u00e4ljub urineerimisel, s.h. kindlasti ka esimesed tilgad. Koguda <strong>kuni pool topsi. <\/strong><\/p>\n\n\n\n<p class=\"has-medium-font-size\"><strong>Keskjoauriin<\/strong><br>Keskmine osa, mis v\u00e4ljub urineerimisel. Enne pesta eesnahk ja peenisepea ning t\u00f5mmata eesnahk tagasi. <\/p>\n\n\n\n<p class=\"has-medium-font-size\"><strong>Kusevoolu kiirus + j\u00e4\u00e4kuriin<\/strong><br>Kusevoolu kiiruse uuringule palume tulla m\u00f5\u00f5dukalt<strong> t\u00e4is p\u00f5iega - minimaalselt 2 tundi urineerimata!<\/strong><\/p>\n\n\n\n<p class=\"has-medium-font-size\"><strong>Eesn\u00e4\u00e4rme p\u00e4rakakaudne ultraheli<\/strong><br>Soovitavalt eelnevalt sool t\u00fchjendada!<\/p>\n","protected":false},"excerpt":{"rendered":"<p>Anal\u00fc\u00fcsidele \/ vastuv\u00f5tule tulles PALUN P\u00d6\u00d6RDUGE ALATI esmalt sekretariaati Spermaanal\u00fc\u00fcsViimasest seemnepurskest peab olema m\u00f6\u00f6das 2 - 7 p\u00e4eva, soovituslikult 3 - 4 p\u00e4eva. Sperma anal\u00fc\u00fcs antakse privaatruumis eneserahuldamise teel. Enne anal\u00fc\u00fcsi andmist p\u00f5is t\u00fchjendatakse, pestakse k\u00e4ed ning suguti sooja vee ja seebiga. Kodust tuues peab anal\u00fc\u00fcs kohale j\u00f5udma 30 min jooksul peale proovi andmist ja [&hellip;]<\/p>\n","protected":false},"author":30,"featured_media":0,"parent":15,"menu_order":4,"comment_status":"closed","ping_status":"closed","template":"","meta":{"_acf_changed":false,"_uag_custom_page_level_css":"","footnotes":""},"class_list":["post-6866","page","type-page","status-publish","hentry"],"acf":[],"yoast_head":"<!-- This site is optimized with the Yoast SEO plugin v27.3 - https:\/\/yoast.com\/product\/yoast-seo-wordpress\/ -->\n<title>Kuidas valmistuda Meestekliinikus teostatavateks anal\u00fc\u00fcsideks - Meestekliinik<\/title>\n<meta name=\"robots\" content=\"index, follow, max-snippet:-1, max-image-preview:large, max-video-preview:-1\" \/>\n<link rel=\"canonical\" href=\"https:\/\/www.kliinikum.ee\/meestekliinik\/patsiendile\/kuidas-valmistuda-meestekliinikus-teostatavateks-analuusideks\/\" \/>\n<meta property=\"og:locale\" content=\"et_EE\" \/>\n<meta property=\"og:type\" content=\"article\" \/>\n<meta property=\"og:title\" content=\"Kuidas valmistuda Meestekliinikus teostatavateks anal\u00fc\u00fcsideks - Meestekliinik\" \/>\n<meta property=\"og:description\" content=\"Anal\u00fc\u00fcsidele \/ vastuv\u00f5tule tulles PALUN P\u00d6\u00d6RDUGE ALATI esmalt sekretariaati Spermaanal\u00fc\u00fcsViimasest seemnepurskest peab olema m\u00f6\u00f6das 2 - 7 p\u00e4eva, soovituslikult 3 - 4 p\u00e4eva. Sperma anal\u00fc\u00fcs antakse privaatruumis eneserahuldamise teel. Enne anal\u00fc\u00fcsi andmist p\u00f5is t\u00fchjendatakse, pestakse k\u00e4ed ning suguti sooja vee ja seebiga. Kodust tuues peab anal\u00fc\u00fcs kohale j\u00f5udma 30 min jooksul peale proovi andmist ja [&hellip;]\" \/>\n<meta property=\"og:url\" content=\"https:\/\/www.kliinikum.ee\/meestekliinik\/patsiendile\/kuidas-valmistuda-meestekliinikus-teostatavateks-analuusideks\/\" \/>\n<meta property=\"og:site_name\" content=\"Meestekliinik\" \/>\n<meta property=\"article:modified_time\" content=\"2024-07-30T11:25:03+00:00\" \/>\n<meta property=\"og:image\" content=\"https:\/\/www.kliinikum.ee\/meestekliinik\/wp-content\/uploads\/2023\/10\/meestekliinik_sisu2-1024x359.png\" \/>\n<meta name=\"twitter:card\" content=\"summary_large_image\" \/>\n<meta name=\"twitter:label1\" content=\"Est. reading time\" \/>\n\t<meta name=\"twitter:data1\" content=\"2 minutit\" \/>\n<script type=\"application\/ld+json\" class=\"yoast-schema-graph\">{\"@context\":\"https:\\\/\\\/schema.org\",\"@graph\":[{\"@type\":\"WebPage\",\"@id\":\"https:\\\/\\\/www.kliinikum.ee\\\/meestekliinik\\\/patsiendile\\\/kuidas-valmistuda-meestekliinikus-teostatavateks-analuusideks\\\/\",\"url\":\"https:\\\/\\\/www.kliinikum.ee\\\/meestekliinik\\\/patsiendile\\\/kuidas-valmistuda-meestekliinikus-teostatavateks-analuusideks\\\/\",\"name\":\"Kuidas valmistuda Meestekliinikus teostatavateks anal\u00fc\u00fcsideks - Meestekliinik\",\"isPartOf\":{\"@id\":\"https:\\\/\\\/www.kliinikum.ee\\\/meestekliinik\\\/#website\"},\"primaryImageOfPage\":{\"@id\":\"https:\\\/\\\/www.kliinikum.ee\\\/meestekliinik\\\/patsiendile\\\/kuidas-valmistuda-meestekliinikus-teostatavateks-analuusideks\\\/#primaryimage\"},\"image\":{\"@id\":\"https:\\\/\\\/www.kliinikum.ee\\\/meestekliinik\\\/patsiendile\\\/kuidas-valmistuda-meestekliinikus-teostatavateks-analuusideks\\\/#primaryimage\"},\"thumbnailUrl\":\"https:\\\/\\\/www.kliinikum.ee\\\/meestekliinik\\\/wp-content\\\/uploads\\\/2023\\\/10\\\/meestekliinik_sisu2-1024x359.png\",\"datePublished\":\"2023-10-12T22:00:50+00:00\",\"dateModified\":\"2024-07-30T11:25:03+00:00\",\"breadcrumb\":{\"@id\":\"https:\\\/\\\/www.kliinikum.ee\\\/meestekliinik\\\/patsiendile\\\/kuidas-valmistuda-meestekliinikus-teostatavateks-analuusideks\\\/#breadcrumb\"},\"inLanguage\":\"et\",\"potentialAction\":[{\"@type\":\"ReadAction\",\"target\":[\"https:\\\/\\\/www.kliinikum.ee\\\/meestekliinik\\\/patsiendile\\\/kuidas-valmistuda-meestekliinikus-teostatavateks-analuusideks\\\/\"]}]},{\"@type\":\"ImageObject\",\"inLanguage\":\"et\",\"@id\":\"https:\\\/\\\/www.kliinikum.ee\\\/meestekliinik\\\/patsiendile\\\/kuidas-valmistuda-meestekliinikus-teostatavateks-analuusideks\\\/#primaryimage\",\"url\":\"https:\\\/\\\/www.kliinikum.ee\\\/meestekliinik\\\/wp-content\\\/uploads\\\/2023\\\/10\\\/meestekliinik_sisu2.png\",\"contentUrl\":\"https:\\\/\\\/www.kliinikum.ee\\\/meestekliinik\\\/wp-content\\\/uploads\\\/2023\\\/10\\\/meestekliinik_sisu2.png\",\"width\":4156,\"height\":1457},{\"@type\":\"BreadcrumbList\",\"@id\":\"https:\\\/\\\/www.kliinikum.ee\\\/meestekliinik\\\/patsiendile\\\/kuidas-valmistuda-meestekliinikus-teostatavateks-analuusideks\\\/#breadcrumb\",\"itemListElement\":[{\"@type\":\"ListItem\",\"position\":1,\"name\":\"Home\",\"item\":\"https:\\\/\\\/www.kliinikum.ee\\\/meestekliinik\\\/\"},{\"@type\":\"ListItem\",\"position\":2,\"name\":\"Patsiendile\",\"item\":\"https:\\\/\\\/www.kliinikum.ee\\\/meestekliinik\\\/patsiendile\\\/\"},{\"@type\":\"ListItem\",\"position\":3,\"name\":\"Kuidas valmistuda Meestekliinikus teostatavateks anal\u00fc\u00fcsideks\"}]},{\"@type\":\"WebSite\",\"@id\":\"https:\\\/\\\/www.kliinikum.ee\\\/meestekliinik\\\/#website\",\"url\":\"https:\\\/\\\/www.kliinikum.ee\\\/meestekliinik\\\/\",\"name\":\"Meestekliinik\",\"description\":\"Hoolivus, Uuendusmeelsus, P\u00e4devus ja Usaldusv\u00e4\u00e4rsus\",\"potentialAction\":[{\"@type\":\"SearchAction\",\"target\":{\"@type\":\"EntryPoint\",\"urlTemplate\":\"https:\\\/\\\/www.kliinikum.ee\\\/meestekliinik\\\/?s={search_term_string}\"},\"query-input\":{\"@type\":\"PropertyValueSpecification\",\"valueRequired\":true,\"valueName\":\"search_term_string\"}}],\"inLanguage\":\"et\"}]}<\/script>\n<!-- \/ Yoast SEO plugin. -->","yoast_head_json":{"title":"Kuidas valmistuda Meestekliinikus teostatavateks anal\u00fc\u00fcsideks - Meestekliinik","robots":{"index":"index","follow":"follow","max-snippet":"max-snippet:-1","max-image-preview":"max-image-preview:large","max-video-preview":"max-video-preview:-1"},"canonical":"https:\/\/www.kliinikum.ee\/meestekliinik\/patsiendile\/kuidas-valmistuda-meestekliinikus-teostatavateks-analuusideks\/","og_locale":"et_EE","og_type":"article","og_title":"Kuidas valmistuda Meestekliinikus teostatavateks anal\u00fc\u00fcsideks - Meestekliinik","og_description":"Anal\u00fc\u00fcsidele \/ vastuv\u00f5tule tulles PALUN P\u00d6\u00d6RDUGE ALATI esmalt sekretariaati Spermaanal\u00fc\u00fcsViimasest seemnepurskest peab olema m\u00f6\u00f6das 2 - 7 p\u00e4eva, soovituslikult 3 - 4 p\u00e4eva. Sperma anal\u00fc\u00fcs antakse privaatruumis eneserahuldamise teel. Enne anal\u00fc\u00fcsi andmist p\u00f5is t\u00fchjendatakse, pestakse k\u00e4ed ning suguti sooja vee ja seebiga. Kodust tuues peab anal\u00fc\u00fcs kohale j\u00f5udma 30 min jooksul peale proovi andmist ja [&hellip;]","og_url":"https:\/\/www.kliinikum.ee\/meestekliinik\/patsiendile\/kuidas-valmistuda-meestekliinikus-teostatavateks-analuusideks\/","og_site_name":"Meestekliinik","article_modified_time":"2024-07-30T11:25:03+00:00","og_image":[{"url":"https:\/\/www.kliinikum.ee\/meestekliinik\/wp-content\/uploads\/2023\/10\/meestekliinik_sisu2-1024x359.png","type":"","width":"","height":""}],"twitter_card":"summary_large_image","twitter_misc":{"Est. reading time":"2 minutit"},"schema":{"@context":"https:\/\/schema.org","@graph":[{"@type":"WebPage","@id":"https:\/\/www.kliinikum.ee\/meestekliinik\/patsiendile\/kuidas-valmistuda-meestekliinikus-teostatavateks-analuusideks\/","url":"https:\/\/www.kliinikum.ee\/meestekliinik\/patsiendile\/kuidas-valmistuda-meestekliinikus-teostatavateks-analuusideks\/","name":"Kuidas valmistuda Meestekliinikus teostatavateks anal\u00fc\u00fcsideks - Meestekliinik","isPartOf":{"@id":"https:\/\/www.kliinikum.ee\/meestekliinik\/#website"},"primaryImageOfPage":{"@id":"https:\/\/www.kliinikum.ee\/meestekliinik\/patsiendile\/kuidas-valmistuda-meestekliinikus-teostatavateks-analuusideks\/#primaryimage"},"image":{"@id":"https:\/\/www.kliinikum.ee\/meestekliinik\/patsiendile\/kuidas-valmistuda-meestekliinikus-teostatavateks-analuusideks\/#primaryimage"},"thumbnailUrl":"https:\/\/www.kliinikum.ee\/meestekliinik\/wp-content\/uploads\/2023\/10\/meestekliinik_sisu2-1024x359.png","datePublished":"2023-10-12T22:00:50+00:00","dateModified":"2024-07-30T11:25:03+00:00","breadcrumb":{"@id":"https:\/\/www.kliinikum.ee\/meestekliinik\/patsiendile\/kuidas-valmistuda-meestekliinikus-teostatavateks-analuusideks\/#breadcrumb"},"inLanguage":"et","potentialAction":[{"@type":"ReadAction","target":["https:\/\/www.kliinikum.ee\/meestekliinik\/patsiendile\/kuidas-valmistuda-meestekliinikus-teostatavateks-analuusideks\/"]}]},{"@type":"ImageObject","inLanguage":"et","@id":"https:\/\/www.kliinikum.ee\/meestekliinik\/patsiendile\/kuidas-valmistuda-meestekliinikus-teostatavateks-analuusideks\/#primaryimage","url":"https:\/\/www.kliinikum.ee\/meestekliinik\/wp-content\/uploads\/2023\/10\/meestekliinik_sisu2.png","contentUrl":"https:\/\/www.kliinikum.ee\/meestekliinik\/wp-content\/uploads\/2023\/10\/meestekliinik_sisu2.png","width":4156,"height":1457},{"@type":"BreadcrumbList","@id":"https:\/\/www.kliinikum.ee\/meestekliinik\/patsiendile\/kuidas-valmistuda-meestekliinikus-teostatavateks-analuusideks\/#breadcrumb","itemListElement":[{"@type":"ListItem","position":1,"name":"Home","item":"https:\/\/www.kliinikum.ee\/meestekliinik\/"},{"@type":"ListItem","position":2,"name":"Patsiendile","item":"https:\/\/www.kliinikum.ee\/meestekliinik\/patsiendile\/"},{"@type":"ListItem","position":3,"name":"Kuidas valmistuda Meestekliinikus teostatavateks anal\u00fc\u00fcsideks"}]},{"@type":"WebSite","@id":"https:\/\/www.kliinikum.ee\/meestekliinik\/#website","url":"https:\/\/www.kliinikum.ee\/meestekliinik\/","name":"Meestekliinik","description":"Hoolivus, Uuendusmeelsus, P\u00e4devus ja Usaldusv\u00e4\u00e4rsus","potentialAction":[{"@type":"SearchAction","target":{"@type":"EntryPoint","urlTemplate":"https:\/\/www.kliinikum.ee\/meestekliinik\/?s={search_term_string}"},"query-input":{"@type":"PropertyValueSpecification","valueRequired":true,"valueName":"search_term_string"}}],"inLanguage":"et"}]}},"uagb_featured_image_src":{"full":false,"thumbnail":false,"medium":false,"medium_large":false,"large":false,"1536x1536":false,"2048x2048":false},"uagb_author_info":{"display_name":"Kristiina Noortoots","author_link":"https:\/\/www.kliinikum.ee\/meestekliinik\/author\/kristiinn\/"},"uagb_comment_info":0,"uagb_excerpt":"Anal\u00fc\u00fcsidele \/ vastuv\u00f5tule tulles PALUN P\u00d6\u00d6RDUGE ALATI esmalt sekretariaati Spermaanal\u00fc\u00fcsViimasest seemnepurskest peab olema m\u00f6\u00f6das 2 - 7 p\u00e4eva, soovituslikult 3 - 4 p\u00e4eva. Sperma anal\u00fc\u00fcs antakse privaatruumis eneserahuldamise teel. Enne anal\u00fc\u00fcsi andmist p\u00f5is t\u00fchjendatakse, pestakse k\u00e4ed ning suguti sooja vee ja seebiga. Kodust tuues peab anal\u00fc\u00fcs kohale j\u00f5udma 30 min jooksul peale proovi andmist ja&hellip;","_links":{"self":[{"href":"https:\/\/www.kliinikum.ee\/meestekliinik\/wp-json\/wp\/v2\/pages\/6866","targetHints":{"allow":["GET"]}}],"collection":[{"href":"https:\/\/www.kliinikum.ee\/meestekliinik\/wp-json\/wp\/v2\/pages"}],"about":[{"href":"https:\/\/www.kliinikum.ee\/meestekliinik\/wp-json\/wp\/v2\/types\/page"}],"author":[{"embeddable":true,"href":"https:\/\/www.kliinikum.ee\/meestekliinik\/wp-json\/wp\/v2\/users\/30"}],"replies":[{"embeddable":true,"href":"https:\/\/www.kliinikum.ee\/meestekliinik\/wp-json\/wp\/v2\/comments?post=6866"}],"version-history":[{"count":0,"href":"https:\/\/www.kliinikum.ee\/meestekliinik\/wp-json\/wp\/v2\/pages\/6866\/revisions"}],"up":[{"embeddable":true,"href":"https:\/\/www.kliinikum.ee\/meestekliinik\/wp-json\/wp\/v2\/pages\/15"}],"wp:attachment":[{"href":"https:\/\/www.kliinikum.ee\/meestekliinik\/wp-json\/wp\/v2\/media?parent=6866"}],"curies":[{"name":"wp","href":"https:\/\/api.w.org\/{rel}","templated":true}]}}