{"id":6887,"date":"2023-10-13T00:25:51","date_gmt":"2023-10-12T22:25:51","guid":{"rendered":"https:\/\/www.kliinikum.ee\/meestekliinik\/?page_id=6887"},"modified":"2023-11-08T16:02:38","modified_gmt":"2023-11-08T14:02:38","slug":"milleks-on-tasuline-teenus","status":"publish","type":"page","link":"https:\/\/www.kliinikum.ee\/meestekliinik\/hinnakirjad-no-menu\/milleks-on-tasuline-teenus\/","title":{"rendered":"Milleks on tasuline teenus"},"content":{"rendered":"\n<p class=\"has-medium-font-size\">Valides tasulise teenuse, ostate endale j\u00e4rjekorrav\u00e4lise kiirema juurdep\u00e4\u00e4su meditsiiniteenusele.<br>Kui soovite saatekirjata p\u00f6\u00f6rduda eriarsti vastuv\u00f5tule, kus kehtib saatekirja n\u00f5ue.<br>Kui soovitud tervishoiuteenus ei ole kantud Eesti Tervisekassa tervishoiuteenuste loetellu.<br>Tervishoiuteenust soovitakse mittemeditsiinilistel n\u00e4idustustel.<\/p>\n\n\n\n<p class=\"has-medium-font-size\">Lisaks kasutatakse tasulist teenust j\u00e4rgmisel juhtudel:<br>- puudub Eesti tervisekindlustus<br>- soovite minna kindlasti \u00fche konkreetse arsti juurde<br>- ei soovi oma haigusjuhu kokkuv\u00f5tte edastamist riiklikku terviseinfos\u00fcsteemi<\/p>\n\n\n\n<p class=\"has-medium-font-size\">Tasub teada:<br>- esmaselt tasulisena alustatud haigusjuhu raames on k\u00f5ik uuringud ja visiidid tasulised.<br>- kui patsient on algselt valinud tasulise teenuse, aga soovib edaspidi teenust saada Tervisekassa rahastusel, tuleb v\u00f5tta saatekiri ja ennast uuesti \u00fcldj\u00e4rjekorra alusel vastuv\u00f5tule kirja panna.<\/p>\n","protected":false},"excerpt":{"rendered":"<p>Valides tasulise teenuse, ostate endale j\u00e4rjekorrav\u00e4lise kiirema juurdep\u00e4\u00e4su meditsiiniteenusele.Kui soovite saatekirjata p\u00f6\u00f6rduda eriarsti vastuv\u00f5tule, kus kehtib saatekirja n\u00f5ue.Kui soovitud tervishoiuteenus ei ole kantud Eesti Tervisekassa tervishoiuteenuste loetellu.Tervishoiuteenust soovitakse mittemeditsiinilistel n\u00e4idustustel. Lisaks kasutatakse tasulist teenust j\u00e4rgmisel juhtudel:- puudub Eesti tervisekindlustus- soovite minna kindlasti \u00fche konkreetse arsti juurde- ei soovi oma haigusjuhu kokkuv\u00f5tte edastamist riiklikku terviseinfos\u00fcsteemi Tasub [&hellip;]<\/p>\n","protected":false},"author":30,"featured_media":0,"parent":5461,"menu_order":2,"comment_status":"closed","ping_status":"closed","template":"","meta":{"_acf_changed":false,"_uag_custom_page_level_css":"","footnotes":""},"class_list":["post-6887","page","type-page","status-publish","hentry"],"acf":[],"yoast_head":"<!-- This site is optimized with the Yoast SEO plugin v27.3 - https:\/\/yoast.com\/product\/yoast-seo-wordpress\/ -->\n<title>Milleks on tasuline teenus - Meestekliinik<\/title>\n<meta name=\"robots\" content=\"index, follow, max-snippet:-1, max-image-preview:large, max-video-preview:-1\" \/>\n<link rel=\"canonical\" href=\"https:\/\/www.kliinikum.ee\/meestekliinik\/hinnakirjad-no-menu\/milleks-on-tasuline-teenus\/\" \/>\n<meta property=\"og:locale\" content=\"et_EE\" \/>\n<meta property=\"og:type\" content=\"article\" \/>\n<meta property=\"og:title\" content=\"Milleks on tasuline teenus - Meestekliinik\" \/>\n<meta property=\"og:description\" content=\"Valides tasulise teenuse, ostate endale j\u00e4rjekorrav\u00e4lise kiirema juurdep\u00e4\u00e4su meditsiiniteenusele.Kui soovite saatekirjata p\u00f6\u00f6rduda eriarsti vastuv\u00f5tule, kus kehtib saatekirja n\u00f5ue.Kui soovitud tervishoiuteenus ei ole kantud Eesti Tervisekassa tervishoiuteenuste loetellu.Tervishoiuteenust soovitakse mittemeditsiinilistel n\u00e4idustustel. Lisaks kasutatakse tasulist teenust j\u00e4rgmisel juhtudel:- puudub Eesti tervisekindlustus- soovite minna kindlasti \u00fche konkreetse arsti juurde- ei soovi oma haigusjuhu kokkuv\u00f5tte edastamist riiklikku terviseinfos\u00fcsteemi Tasub [&hellip;]\" \/>\n<meta property=\"og:url\" content=\"https:\/\/www.kliinikum.ee\/meestekliinik\/hinnakirjad-no-menu\/milleks-on-tasuline-teenus\/\" \/>\n<meta property=\"og:site_name\" content=\"Meestekliinik\" \/>\n<meta property=\"article:modified_time\" content=\"2023-11-08T14:02:38+00:00\" \/>\n<meta name=\"twitter:card\" content=\"summary_large_image\" \/>\n<meta name=\"twitter:label1\" content=\"Est. reading time\" \/>\n\t<meta name=\"twitter:data1\" content=\"1 minut\" \/>\n<script type=\"application\/ld+json\" class=\"yoast-schema-graph\">{\"@context\":\"https:\\\/\\\/schema.org\",\"@graph\":[{\"@type\":\"WebPage\",\"@id\":\"https:\\\/\\\/www.kliinikum.ee\\\/meestekliinik\\\/hinnakirjad-no-menu\\\/milleks-on-tasuline-teenus\\\/\",\"url\":\"https:\\\/\\\/www.kliinikum.ee\\\/meestekliinik\\\/hinnakirjad-no-menu\\\/milleks-on-tasuline-teenus\\\/\",\"name\":\"Milleks on tasuline teenus - Meestekliinik\",\"isPartOf\":{\"@id\":\"https:\\\/\\\/www.kliinikum.ee\\\/meestekliinik\\\/#website\"},\"datePublished\":\"2023-10-12T22:25:51+00:00\",\"dateModified\":\"2023-11-08T14:02:38+00:00\",\"breadcrumb\":{\"@id\":\"https:\\\/\\\/www.kliinikum.ee\\\/meestekliinik\\\/hinnakirjad-no-menu\\\/milleks-on-tasuline-teenus\\\/#breadcrumb\"},\"inLanguage\":\"et\",\"potentialAction\":[{\"@type\":\"ReadAction\",\"target\":[\"https:\\\/\\\/www.kliinikum.ee\\\/meestekliinik\\\/hinnakirjad-no-menu\\\/milleks-on-tasuline-teenus\\\/\"]}]},{\"@type\":\"BreadcrumbList\",\"@id\":\"https:\\\/\\\/www.kliinikum.ee\\\/meestekliinik\\\/hinnakirjad-no-menu\\\/milleks-on-tasuline-teenus\\\/#breadcrumb\",\"itemListElement\":[{\"@type\":\"ListItem\",\"position\":1,\"name\":\"Home\",\"item\":\"https:\\\/\\\/www.kliinikum.ee\\\/meestekliinik\\\/\"},{\"@type\":\"ListItem\",\"position\":2,\"name\":\"Hinnakirjad - men\u00fc\u00fcga\",\"item\":\"https:\\\/\\\/www.kliinikum.ee\\\/meestekliinik\\\/hinnakirjad-no-menu\\\/\"},{\"@type\":\"ListItem\",\"position\":3,\"name\":\"Milleks on tasuline teenus\"}]},{\"@type\":\"WebSite\",\"@id\":\"https:\\\/\\\/www.kliinikum.ee\\\/meestekliinik\\\/#website\",\"url\":\"https:\\\/\\\/www.kliinikum.ee\\\/meestekliinik\\\/\",\"name\":\"Meestekliinik\",\"description\":\"Hoolivus, Uuendusmeelsus, P\u00e4devus ja Usaldusv\u00e4\u00e4rsus\",\"potentialAction\":[{\"@type\":\"SearchAction\",\"target\":{\"@type\":\"EntryPoint\",\"urlTemplate\":\"https:\\\/\\\/www.kliinikum.ee\\\/meestekliinik\\\/?s={search_term_string}\"},\"query-input\":{\"@type\":\"PropertyValueSpecification\",\"valueRequired\":true,\"valueName\":\"search_term_string\"}}],\"inLanguage\":\"et\"}]}<\/script>\n<!-- \/ Yoast SEO plugin. -->","yoast_head_json":{"title":"Milleks on tasuline teenus - Meestekliinik","robots":{"index":"index","follow":"follow","max-snippet":"max-snippet:-1","max-image-preview":"max-image-preview:large","max-video-preview":"max-video-preview:-1"},"canonical":"https:\/\/www.kliinikum.ee\/meestekliinik\/hinnakirjad-no-menu\/milleks-on-tasuline-teenus\/","og_locale":"et_EE","og_type":"article","og_title":"Milleks on tasuline teenus - Meestekliinik","og_description":"Valides tasulise teenuse, ostate endale j\u00e4rjekorrav\u00e4lise kiirema juurdep\u00e4\u00e4su meditsiiniteenusele.Kui soovite saatekirjata p\u00f6\u00f6rduda eriarsti vastuv\u00f5tule, kus kehtib saatekirja n\u00f5ue.Kui soovitud tervishoiuteenus ei ole kantud Eesti Tervisekassa tervishoiuteenuste loetellu.Tervishoiuteenust soovitakse mittemeditsiinilistel n\u00e4idustustel. Lisaks kasutatakse tasulist teenust j\u00e4rgmisel juhtudel:- puudub Eesti tervisekindlustus- soovite minna kindlasti \u00fche konkreetse arsti juurde- ei soovi oma haigusjuhu kokkuv\u00f5tte edastamist riiklikku terviseinfos\u00fcsteemi Tasub [&hellip;]","og_url":"https:\/\/www.kliinikum.ee\/meestekliinik\/hinnakirjad-no-menu\/milleks-on-tasuline-teenus\/","og_site_name":"Meestekliinik","article_modified_time":"2023-11-08T14:02:38+00:00","twitter_card":"summary_large_image","twitter_misc":{"Est. reading time":"1 minut"},"schema":{"@context":"https:\/\/schema.org","@graph":[{"@type":"WebPage","@id":"https:\/\/www.kliinikum.ee\/meestekliinik\/hinnakirjad-no-menu\/milleks-on-tasuline-teenus\/","url":"https:\/\/www.kliinikum.ee\/meestekliinik\/hinnakirjad-no-menu\/milleks-on-tasuline-teenus\/","name":"Milleks on tasuline teenus - Meestekliinik","isPartOf":{"@id":"https:\/\/www.kliinikum.ee\/meestekliinik\/#website"},"datePublished":"2023-10-12T22:25:51+00:00","dateModified":"2023-11-08T14:02:38+00:00","breadcrumb":{"@id":"https:\/\/www.kliinikum.ee\/meestekliinik\/hinnakirjad-no-menu\/milleks-on-tasuline-teenus\/#breadcrumb"},"inLanguage":"et","potentialAction":[{"@type":"ReadAction","target":["https:\/\/www.kliinikum.ee\/meestekliinik\/hinnakirjad-no-menu\/milleks-on-tasuline-teenus\/"]}]},{"@type":"BreadcrumbList","@id":"https:\/\/www.kliinikum.ee\/meestekliinik\/hinnakirjad-no-menu\/milleks-on-tasuline-teenus\/#breadcrumb","itemListElement":[{"@type":"ListItem","position":1,"name":"Home","item":"https:\/\/www.kliinikum.ee\/meestekliinik\/"},{"@type":"ListItem","position":2,"name":"Hinnakirjad - men\u00fc\u00fcga","item":"https:\/\/www.kliinikum.ee\/meestekliinik\/hinnakirjad-no-menu\/"},{"@type":"ListItem","position":3,"name":"Milleks on tasuline teenus"}]},{"@type":"WebSite","@id":"https:\/\/www.kliinikum.ee\/meestekliinik\/#website","url":"https:\/\/www.kliinikum.ee\/meestekliinik\/","name":"Meestekliinik","description":"Hoolivus, Uuendusmeelsus, P\u00e4devus ja Usaldusv\u00e4\u00e4rsus","potentialAction":[{"@type":"SearchAction","target":{"@type":"EntryPoint","urlTemplate":"https:\/\/www.kliinikum.ee\/meestekliinik\/?s={search_term_string}"},"query-input":{"@type":"PropertyValueSpecification","valueRequired":true,"valueName":"search_term_string"}}],"inLanguage":"et"}]}},"uagb_featured_image_src":{"full":false,"thumbnail":false,"medium":false,"medium_large":false,"large":false,"1536x1536":false,"2048x2048":false},"uagb_author_info":{"display_name":"Kristiina Noortoots","author_link":"https:\/\/www.kliinikum.ee\/meestekliinik\/author\/kristiinn\/"},"uagb_comment_info":0,"uagb_excerpt":"Valides tasulise teenuse, ostate endale j\u00e4rjekorrav\u00e4lise kiirema juurdep\u00e4\u00e4su meditsiiniteenusele.Kui soovite saatekirjata p\u00f6\u00f6rduda eriarsti vastuv\u00f5tule, kus kehtib saatekirja n\u00f5ue.Kui soovitud tervishoiuteenus ei ole kantud Eesti Tervisekassa tervishoiuteenuste loetellu.Tervishoiuteenust soovitakse mittemeditsiinilistel n\u00e4idustustel. Lisaks kasutatakse tasulist teenust j\u00e4rgmisel juhtudel:- puudub Eesti tervisekindlustus- soovite minna kindlasti \u00fche konkreetse arsti juurde- ei soovi oma haigusjuhu kokkuv\u00f5tte edastamist riiklikku terviseinfos\u00fcsteemi Tasub&hellip;","_links":{"self":[{"href":"https:\/\/www.kliinikum.ee\/meestekliinik\/wp-json\/wp\/v2\/pages\/6887","targetHints":{"allow":["GET"]}}],"collection":[{"href":"https:\/\/www.kliinikum.ee\/meestekliinik\/wp-json\/wp\/v2\/pages"}],"about":[{"href":"https:\/\/www.kliinikum.ee\/meestekliinik\/wp-json\/wp\/v2\/types\/page"}],"author":[{"embeddable":true,"href":"https:\/\/www.kliinikum.ee\/meestekliinik\/wp-json\/wp\/v2\/users\/30"}],"replies":[{"embeddable":true,"href":"https:\/\/www.kliinikum.ee\/meestekliinik\/wp-json\/wp\/v2\/comments?post=6887"}],"version-history":[{"count":0,"href":"https:\/\/www.kliinikum.ee\/meestekliinik\/wp-json\/wp\/v2\/pages\/6887\/revisions"}],"up":[{"embeddable":true,"href":"https:\/\/www.kliinikum.ee\/meestekliinik\/wp-json\/wp\/v2\/pages\/5461"}],"wp:attachment":[{"href":"https:\/\/www.kliinikum.ee\/meestekliinik\/wp-json\/wp\/v2\/media?parent=6887"}],"curies":[{"name":"wp","href":"https:\/\/api.w.org\/{rel}","templated":true}]}}