{"id":6898,"date":"2023-10-13T00:38:44","date_gmt":"2023-10-12T22:38:44","guid":{"rendered":"https:\/\/www.kliinikum.ee\/meestekliinik\/?page_id=6898"},"modified":"2024-05-28T16:34:00","modified_gmt":"2024-05-28T14:34:00","slug":"meist","status":"publish","type":"page","link":"https:\/\/www.kliinikum.ee\/meestekliinik\/kliinikust\/meist\/","title":{"rendered":"Meist"},"content":{"rendered":"\n<p class=\"has-medium-font-size\">Tartu \u00dclikooli Kliinikumi meestekliinik on suurim meestele suunatud spetsialiseeritud tervishoiuteenuse pakkuja Balti- ja P\u00f5hjamaades.<br>Pakume k\u00f5rgeimal tasemel kompleksset abi k\u00f5igi meestehaiguste korral. Enamike meestehaiguste suunal toimub meie kliinikus j\u00e4rjepidev teadus ning arendustegevus<br>Meestekliiniku moodustavad keskused <strong>Tartus<\/strong>,<strong> Tallinnas<\/strong>,<strong> P\u00e4rnus<\/strong> ja <strong>Narvas<\/strong>.<br>Meestekliinik on alates 2007. aastast tunnustatud kui \u00fcks 30st Euroopa Androloogia Akadeemia tippkeskusest (http:\/\/www.andrologyacademy.net).<\/p>\n\n\n\n<p class=\"has-medium-font-size\">Meestekliiniku juht on <strong>dr Kristjan Pomm<\/strong>, vanemarst-\u00f5ppej\u00f5ud androloogia-uroloogia erialal.<\/p>\n\n\n\n<p class=\"has-medium-font-size\">Meestekliiniku eelmine juht ja praegune \u00fclemarst-\u00f5ppej\u00f5ud on <strong>prof Margus Punab<\/strong>.<br><\/p>\n\n\n\n<figure class=\"wp-block-image size-large\"><img loading=\"lazy\" decoding=\"async\" width=\"1024\" height=\"662\" src=\"https:\/\/www.kliinikum.ee\/meestekliinik\/wp-content\/uploads\/2023\/10\/IMG_3962-1-1024x662.jpg\" alt=\"\" class=\"wp-image-6905\" srcset=\"https:\/\/www.kliinikum.ee\/meestekliinik\/wp-content\/uploads\/2023\/10\/IMG_3962-1-1024x662.jpg 1024w, https:\/\/www.kliinikum.ee\/meestekliinik\/wp-content\/uploads\/2023\/10\/IMG_3962-1-300x194.jpg 300w, https:\/\/www.kliinikum.ee\/meestekliinik\/wp-content\/uploads\/2023\/10\/IMG_3962-1-768x497.jpg 768w, https:\/\/www.kliinikum.ee\/meestekliinik\/wp-content\/uploads\/2023\/10\/IMG_3962-1-1536x993.jpg 1536w, https:\/\/www.kliinikum.ee\/meestekliinik\/wp-content\/uploads\/2023\/10\/IMG_3962-1-2048x1324.jpg 2048w, https:\/\/www.kliinikum.ee\/meestekliinik\/wp-content\/uploads\/2023\/10\/IMG_3962-1-scaled.jpg 2560w\" sizes=\"auto, (max-width: 1024px) 100vw, 1024px\" \/><\/figure>\n\n\n\n<p><\/p>\n\n\n\n<figure class=\"wp-block-image size-large\"><img loading=\"lazy\" decoding=\"async\" width=\"1024\" height=\"606\" src=\"https:\/\/www.kliinikum.ee\/meestekliinik\/wp-content\/uploads\/2023\/10\/grupi_pilt-1024x606.jpg\" alt=\"\" class=\"wp-image-6966\" srcset=\"https:\/\/www.kliinikum.ee\/meestekliinik\/wp-content\/uploads\/2023\/10\/grupi_pilt-1024x606.jpg 1024w, https:\/\/www.kliinikum.ee\/meestekliinik\/wp-content\/uploads\/2023\/10\/grupi_pilt-300x178.jpg 300w, https:\/\/www.kliinikum.ee\/meestekliinik\/wp-content\/uploads\/2023\/10\/grupi_pilt-768x455.jpg 768w, https:\/\/www.kliinikum.ee\/meestekliinik\/wp-content\/uploads\/2023\/10\/grupi_pilt-1536x909.jpg 1536w, https:\/\/www.kliinikum.ee\/meestekliinik\/wp-content\/uploads\/2023\/10\/grupi_pilt.jpg 2048w\" sizes=\"auto, (max-width: 1024px) 100vw, 1024px\" \/><\/figure>\n","protected":false},"excerpt":{"rendered":"<p>Tartu \u00dclikooli Kliinikumi meestekliinik on suurim meestele suunatud spetsialiseeritud tervishoiuteenuse pakkuja Balti- ja P\u00f5hjamaades.Pakume k\u00f5rgeimal tasemel kompleksset abi k\u00f5igi meestehaiguste korral. Enamike meestehaiguste suunal toimub meie kliinikus j\u00e4rjepidev teadus ning arendustegevusMeestekliiniku moodustavad keskused Tartus, Tallinnas, P\u00e4rnus ja Narvas.Meestekliinik on alates 2007. aastast tunnustatud kui \u00fcks 30st Euroopa Androloogia Akadeemia tippkeskusest (http:\/\/www.andrologyacademy.net). Meestekliiniku juht on dr [&hellip;]<\/p>\n","protected":false},"author":30,"featured_media":0,"parent":17,"menu_order":1,"comment_status":"closed","ping_status":"closed","template":"","meta":{"_acf_changed":false,"_uag_custom_page_level_css":"","footnotes":""},"class_list":["post-6898","page","type-page","status-publish","hentry"],"acf":[],"yoast_head":"<!-- This site is optimized with the Yoast SEO plugin v27.3 - https:\/\/yoast.com\/product\/yoast-seo-wordpress\/ -->\n<title>Meist - Meestekliinik<\/title>\n<meta name=\"robots\" content=\"index, follow, max-snippet:-1, max-image-preview:large, max-video-preview:-1\" \/>\n<link rel=\"canonical\" href=\"https:\/\/www.kliinikum.ee\/meestekliinik\/kliinikust\/meist\/\" \/>\n<meta property=\"og:locale\" content=\"et_EE\" \/>\n<meta property=\"og:type\" content=\"article\" \/>\n<meta property=\"og:title\" content=\"Meist - Meestekliinik\" \/>\n<meta property=\"og:description\" content=\"Tartu \u00dclikooli Kliinikumi meestekliinik on suurim meestele suunatud spetsialiseeritud tervishoiuteenuse pakkuja Balti- ja P\u00f5hjamaades.Pakume k\u00f5rgeimal tasemel kompleksset abi k\u00f5igi meestehaiguste korral. Enamike meestehaiguste suunal toimub meie kliinikus j\u00e4rjepidev teadus ning arendustegevusMeestekliiniku moodustavad keskused Tartus, Tallinnas, P\u00e4rnus ja Narvas.Meestekliinik on alates 2007. aastast tunnustatud kui \u00fcks 30st Euroopa Androloogia Akadeemia tippkeskusest (http:\/\/www.andrologyacademy.net). Meestekliiniku juht on dr [&hellip;]\" \/>\n<meta property=\"og:url\" content=\"https:\/\/www.kliinikum.ee\/meestekliinik\/kliinikust\/meist\/\" \/>\n<meta property=\"og:site_name\" content=\"Meestekliinik\" \/>\n<meta property=\"article:modified_time\" content=\"2024-05-28T14:34:00+00:00\" \/>\n<meta property=\"og:image\" content=\"https:\/\/www.kliinikum.ee\/meestekliinik\/wp-content\/uploads\/2023\/10\/IMG_3962-1-1024x662.jpg\" \/>\n<meta name=\"twitter:card\" content=\"summary_large_image\" \/>\n<meta name=\"twitter:label1\" content=\"Est. reading time\" \/>\n\t<meta name=\"twitter:data1\" content=\"1 minut\" \/>\n<script type=\"application\/ld+json\" class=\"yoast-schema-graph\">{\"@context\":\"https:\\\/\\\/schema.org\",\"@graph\":[{\"@type\":\"WebPage\",\"@id\":\"https:\\\/\\\/www.kliinikum.ee\\\/meestekliinik\\\/kliinikust\\\/meist\\\/\",\"url\":\"https:\\\/\\\/www.kliinikum.ee\\\/meestekliinik\\\/kliinikust\\\/meist\\\/\",\"name\":\"Meist - Meestekliinik\",\"isPartOf\":{\"@id\":\"https:\\\/\\\/www.kliinikum.ee\\\/meestekliinik\\\/#website\"},\"primaryImageOfPage\":{\"@id\":\"https:\\\/\\\/www.kliinikum.ee\\\/meestekliinik\\\/kliinikust\\\/meist\\\/#primaryimage\"},\"image\":{\"@id\":\"https:\\\/\\\/www.kliinikum.ee\\\/meestekliinik\\\/kliinikust\\\/meist\\\/#primaryimage\"},\"thumbnailUrl\":\"https:\\\/\\\/www.kliinikum.ee\\\/meestekliinik\\\/wp-content\\\/uploads\\\/2023\\\/10\\\/IMG_3962-1-1024x662.jpg\",\"datePublished\":\"2023-10-12T22:38:44+00:00\",\"dateModified\":\"2024-05-28T14:34:00+00:00\",\"breadcrumb\":{\"@id\":\"https:\\\/\\\/www.kliinikum.ee\\\/meestekliinik\\\/kliinikust\\\/meist\\\/#breadcrumb\"},\"inLanguage\":\"et\",\"potentialAction\":[{\"@type\":\"ReadAction\",\"target\":[\"https:\\\/\\\/www.kliinikum.ee\\\/meestekliinik\\\/kliinikust\\\/meist\\\/\"]}]},{\"@type\":\"ImageObject\",\"inLanguage\":\"et\",\"@id\":\"https:\\\/\\\/www.kliinikum.ee\\\/meestekliinik\\\/kliinikust\\\/meist\\\/#primaryimage\",\"url\":\"https:\\\/\\\/www.kliinikum.ee\\\/meestekliinik\\\/wp-content\\\/uploads\\\/2023\\\/10\\\/IMG_3962-1-scaled.jpg\",\"contentUrl\":\"https:\\\/\\\/www.kliinikum.ee\\\/meestekliinik\\\/wp-content\\\/uploads\\\/2023\\\/10\\\/IMG_3962-1-scaled.jpg\",\"width\":2560,\"height\":1655},{\"@type\":\"BreadcrumbList\",\"@id\":\"https:\\\/\\\/www.kliinikum.ee\\\/meestekliinik\\\/kliinikust\\\/meist\\\/#breadcrumb\",\"itemListElement\":[{\"@type\":\"ListItem\",\"position\":1,\"name\":\"Home\",\"item\":\"https:\\\/\\\/www.kliinikum.ee\\\/meestekliinik\\\/\"},{\"@type\":\"ListItem\",\"position\":2,\"name\":\"Kliinikust\",\"item\":\"https:\\\/\\\/www.kliinikum.ee\\\/meestekliinik\\\/kliinikust\\\/\"},{\"@type\":\"ListItem\",\"position\":3,\"name\":\"Meist\"}]},{\"@type\":\"WebSite\",\"@id\":\"https:\\\/\\\/www.kliinikum.ee\\\/meestekliinik\\\/#website\",\"url\":\"https:\\\/\\\/www.kliinikum.ee\\\/meestekliinik\\\/\",\"name\":\"Meestekliinik\",\"description\":\"Hoolivus, Uuendusmeelsus, P\u00e4devus ja Usaldusv\u00e4\u00e4rsus\",\"potentialAction\":[{\"@type\":\"SearchAction\",\"target\":{\"@type\":\"EntryPoint\",\"urlTemplate\":\"https:\\\/\\\/www.kliinikum.ee\\\/meestekliinik\\\/?s={search_term_string}\"},\"query-input\":{\"@type\":\"PropertyValueSpecification\",\"valueRequired\":true,\"valueName\":\"search_term_string\"}}],\"inLanguage\":\"et\"}]}<\/script>\n<!-- \/ Yoast SEO plugin. -->","yoast_head_json":{"title":"Meist - Meestekliinik","robots":{"index":"index","follow":"follow","max-snippet":"max-snippet:-1","max-image-preview":"max-image-preview:large","max-video-preview":"max-video-preview:-1"},"canonical":"https:\/\/www.kliinikum.ee\/meestekliinik\/kliinikust\/meist\/","og_locale":"et_EE","og_type":"article","og_title":"Meist - Meestekliinik","og_description":"Tartu \u00dclikooli Kliinikumi meestekliinik on suurim meestele suunatud spetsialiseeritud tervishoiuteenuse pakkuja Balti- ja P\u00f5hjamaades.Pakume k\u00f5rgeimal tasemel kompleksset abi k\u00f5igi meestehaiguste korral. Enamike meestehaiguste suunal toimub meie kliinikus j\u00e4rjepidev teadus ning arendustegevusMeestekliiniku moodustavad keskused Tartus, Tallinnas, P\u00e4rnus ja Narvas.Meestekliinik on alates 2007. aastast tunnustatud kui \u00fcks 30st Euroopa Androloogia Akadeemia tippkeskusest (http:\/\/www.andrologyacademy.net). Meestekliiniku juht on dr [&hellip;]","og_url":"https:\/\/www.kliinikum.ee\/meestekliinik\/kliinikust\/meist\/","og_site_name":"Meestekliinik","article_modified_time":"2024-05-28T14:34:00+00:00","og_image":[{"url":"https:\/\/www.kliinikum.ee\/meestekliinik\/wp-content\/uploads\/2023\/10\/IMG_3962-1-1024x662.jpg","type":"","width":"","height":""}],"twitter_card":"summary_large_image","twitter_misc":{"Est. reading time":"1 minut"},"schema":{"@context":"https:\/\/schema.org","@graph":[{"@type":"WebPage","@id":"https:\/\/www.kliinikum.ee\/meestekliinik\/kliinikust\/meist\/","url":"https:\/\/www.kliinikum.ee\/meestekliinik\/kliinikust\/meist\/","name":"Meist - Meestekliinik","isPartOf":{"@id":"https:\/\/www.kliinikum.ee\/meestekliinik\/#website"},"primaryImageOfPage":{"@id":"https:\/\/www.kliinikum.ee\/meestekliinik\/kliinikust\/meist\/#primaryimage"},"image":{"@id":"https:\/\/www.kliinikum.ee\/meestekliinik\/kliinikust\/meist\/#primaryimage"},"thumbnailUrl":"https:\/\/www.kliinikum.ee\/meestekliinik\/wp-content\/uploads\/2023\/10\/IMG_3962-1-1024x662.jpg","datePublished":"2023-10-12T22:38:44+00:00","dateModified":"2024-05-28T14:34:00+00:00","breadcrumb":{"@id":"https:\/\/www.kliinikum.ee\/meestekliinik\/kliinikust\/meist\/#breadcrumb"},"inLanguage":"et","potentialAction":[{"@type":"ReadAction","target":["https:\/\/www.kliinikum.ee\/meestekliinik\/kliinikust\/meist\/"]}]},{"@type":"ImageObject","inLanguage":"et","@id":"https:\/\/www.kliinikum.ee\/meestekliinik\/kliinikust\/meist\/#primaryimage","url":"https:\/\/www.kliinikum.ee\/meestekliinik\/wp-content\/uploads\/2023\/10\/IMG_3962-1-scaled.jpg","contentUrl":"https:\/\/www.kliinikum.ee\/meestekliinik\/wp-content\/uploads\/2023\/10\/IMG_3962-1-scaled.jpg","width":2560,"height":1655},{"@type":"BreadcrumbList","@id":"https:\/\/www.kliinikum.ee\/meestekliinik\/kliinikust\/meist\/#breadcrumb","itemListElement":[{"@type":"ListItem","position":1,"name":"Home","item":"https:\/\/www.kliinikum.ee\/meestekliinik\/"},{"@type":"ListItem","position":2,"name":"Kliinikust","item":"https:\/\/www.kliinikum.ee\/meestekliinik\/kliinikust\/"},{"@type":"ListItem","position":3,"name":"Meist"}]},{"@type":"WebSite","@id":"https:\/\/www.kliinikum.ee\/meestekliinik\/#website","url":"https:\/\/www.kliinikum.ee\/meestekliinik\/","name":"Meestekliinik","description":"Hoolivus, Uuendusmeelsus, P\u00e4devus ja Usaldusv\u00e4\u00e4rsus","potentialAction":[{"@type":"SearchAction","target":{"@type":"EntryPoint","urlTemplate":"https:\/\/www.kliinikum.ee\/meestekliinik\/?s={search_term_string}"},"query-input":{"@type":"PropertyValueSpecification","valueRequired":true,"valueName":"search_term_string"}}],"inLanguage":"et"}]}},"uagb_featured_image_src":{"full":false,"thumbnail":false,"medium":false,"medium_large":false,"large":false,"1536x1536":false,"2048x2048":false},"uagb_author_info":{"display_name":"Kristiina Noortoots","author_link":"https:\/\/www.kliinikum.ee\/meestekliinik\/author\/kristiinn\/"},"uagb_comment_info":0,"uagb_excerpt":"Tartu \u00dclikooli Kliinikumi meestekliinik on suurim meestele suunatud spetsialiseeritud tervishoiuteenuse pakkuja Balti- ja P\u00f5hjamaades.Pakume k\u00f5rgeimal tasemel kompleksset abi k\u00f5igi meestehaiguste korral. Enamike meestehaiguste suunal toimub meie kliinikus j\u00e4rjepidev teadus ning arendustegevusMeestekliiniku moodustavad keskused Tartus, Tallinnas, P\u00e4rnus ja Narvas.Meestekliinik on alates 2007. aastast tunnustatud kui \u00fcks 30st Euroopa Androloogia Akadeemia tippkeskusest (http:\/\/www.andrologyacademy.net). Meestekliiniku juht on dr&hellip;","_links":{"self":[{"href":"https:\/\/www.kliinikum.ee\/meestekliinik\/wp-json\/wp\/v2\/pages\/6898","targetHints":{"allow":["GET"]}}],"collection":[{"href":"https:\/\/www.kliinikum.ee\/meestekliinik\/wp-json\/wp\/v2\/pages"}],"about":[{"href":"https:\/\/www.kliinikum.ee\/meestekliinik\/wp-json\/wp\/v2\/types\/page"}],"author":[{"embeddable":true,"href":"https:\/\/www.kliinikum.ee\/meestekliinik\/wp-json\/wp\/v2\/users\/30"}],"replies":[{"embeddable":true,"href":"https:\/\/www.kliinikum.ee\/meestekliinik\/wp-json\/wp\/v2\/comments?post=6898"}],"version-history":[{"count":0,"href":"https:\/\/www.kliinikum.ee\/meestekliinik\/wp-json\/wp\/v2\/pages\/6898\/revisions"}],"up":[{"embeddable":true,"href":"https:\/\/www.kliinikum.ee\/meestekliinik\/wp-json\/wp\/v2\/pages\/17"}],"wp:attachment":[{"href":"https:\/\/www.kliinikum.ee\/meestekliinik\/wp-json\/wp\/v2\/media?parent=6898"}],"curies":[{"name":"wp","href":"https:\/\/api.w.org\/{rel}","templated":true}]}}