{"id":6909,"date":"2023-10-13T00:46:43","date_gmt":"2023-10-12T22:46:43","guid":{"rendered":"https:\/\/www.kliinikum.ee\/meestekliinik\/?page_id=6909"},"modified":"2023-11-08T16:21:38","modified_gmt":"2023-11-08T14:21:38","slug":"meestekliinikusse-poordumine","status":"publish","type":"page","link":"https:\/\/www.kliinikum.ee\/meestekliinik\/kliinikust\/meestekliinikusse-poordumine\/","title":{"rendered":"Meestekliinikusse p\u00f6\u00f6rdumine"},"content":{"rendered":"\n<p class=\"has-medium-font-size\">Meestekliinikusse p\u00f6\u00f6rdumiseks Tervisekassa alusel on vajalik <strong>saatekiri<\/strong>. Soovitame perearstilt k\u00fcsida e-konsultatsiooni Kliinikumi meestekliinikusse, mis tagab k\u00f5ige kiirema ja efektiivsema juurep\u00e4\u00e4su eriarstiabile.<\/p>\n\n\n\n<p class=\"has-medium-font-size\">Lisaks Tervisekassa poolt rahastatud konsultatsioonidele on v\u00f5imalik Meestekliinikusse p\u00f6\u00f6rduda ka tasulises korras. Tasuliste teenuste info ja hinnad on leitavad meie hinnakirjast.<\/p>\n\n\n\n<p class=\"has-medium-font-size\">Lisaks tavakonsultatsioonidele on v\u00f5imalus ka turvatud keskkonnas tasulisteks videokonsultatsioonideks, milleks kasutame Zoom keskkonda. <br>Videokonsultatsiooni tellimiseks saatke e-mail aadressile: <strong>meestekliinik@kliinikum.ee<\/strong><\/p>\n\n\n\n<p><\/p>\n","protected":false},"excerpt":{"rendered":"<p>Meestekliinikusse p\u00f6\u00f6rdumiseks Tervisekassa alusel on vajalik saatekiri. Soovitame perearstilt k\u00fcsida e-konsultatsiooni Kliinikumi meestekliinikusse, mis tagab k\u00f5ige kiirema ja efektiivsema juurep\u00e4\u00e4su eriarstiabile. Lisaks Tervisekassa poolt rahastatud konsultatsioonidele on v\u00f5imalik Meestekliinikusse p\u00f6\u00f6rduda ka tasulises korras. Tasuliste teenuste info ja hinnad on leitavad meie hinnakirjast. Lisaks tavakonsultatsioonidele on v\u00f5imalus ka turvatud keskkonnas tasulisteks videokonsultatsioonideks, milleks kasutame Zoom keskkonda. [&hellip;]<\/p>\n","protected":false},"author":30,"featured_media":0,"parent":17,"menu_order":6,"comment_status":"closed","ping_status":"closed","template":"","meta":{"_acf_changed":false,"_uag_custom_page_level_css":"","footnotes":""},"class_list":["post-6909","page","type-page","status-publish","hentry"],"acf":[],"yoast_head":"<!-- This site is optimized with the Yoast SEO plugin v27.5 - https:\/\/yoast.com\/product\/yoast-seo-wordpress\/ -->\n<title>Meestekliinikusse p\u00f6\u00f6rdumine - Meestekliinik<\/title>\n<meta name=\"robots\" content=\"index, follow, max-snippet:-1, max-image-preview:large, max-video-preview:-1\" \/>\n<link rel=\"canonical\" href=\"https:\/\/www.kliinikum.ee\/meestekliinik\/kliinikust\/meestekliinikusse-poordumine\/\" \/>\n<meta property=\"og:locale\" content=\"et_EE\" \/>\n<meta property=\"og:type\" content=\"article\" \/>\n<meta property=\"og:title\" content=\"Meestekliinikusse p\u00f6\u00f6rdumine - Meestekliinik\" \/>\n<meta property=\"og:description\" content=\"Meestekliinikusse p\u00f6\u00f6rdumiseks Tervisekassa alusel on vajalik saatekiri. Soovitame perearstilt k\u00fcsida e-konsultatsiooni Kliinikumi meestekliinikusse, mis tagab k\u00f5ige kiirema ja efektiivsema juurep\u00e4\u00e4su eriarstiabile. Lisaks Tervisekassa poolt rahastatud konsultatsioonidele on v\u00f5imalik Meestekliinikusse p\u00f6\u00f6rduda ka tasulises korras. Tasuliste teenuste info ja hinnad on leitavad meie hinnakirjast. Lisaks tavakonsultatsioonidele on v\u00f5imalus ka turvatud keskkonnas tasulisteks videokonsultatsioonideks, milleks kasutame Zoom keskkonda. [&hellip;]\" \/>\n<meta property=\"og:url\" content=\"https:\/\/www.kliinikum.ee\/meestekliinik\/kliinikust\/meestekliinikusse-poordumine\/\" \/>\n<meta property=\"og:site_name\" content=\"Meestekliinik\" \/>\n<meta property=\"article:modified_time\" content=\"2023-11-08T14:21:38+00:00\" \/>\n<meta name=\"twitter:card\" content=\"summary_large_image\" \/>\n<meta name=\"twitter:label1\" content=\"Est. reading time\" \/>\n\t<meta name=\"twitter:data1\" content=\"1 minut\" \/>\n<script type=\"application\/ld+json\" class=\"yoast-schema-graph\">{\"@context\":\"https:\\\/\\\/schema.org\",\"@graph\":[{\"@type\":\"WebPage\",\"@id\":\"https:\\\/\\\/www.kliinikum.ee\\\/meestekliinik\\\/kliinikust\\\/meestekliinikusse-poordumine\\\/\",\"url\":\"https:\\\/\\\/www.kliinikum.ee\\\/meestekliinik\\\/kliinikust\\\/meestekliinikusse-poordumine\\\/\",\"name\":\"Meestekliinikusse p\u00f6\u00f6rdumine - Meestekliinik\",\"isPartOf\":{\"@id\":\"https:\\\/\\\/www.kliinikum.ee\\\/meestekliinik\\\/#website\"},\"datePublished\":\"2023-10-12T22:46:43+00:00\",\"dateModified\":\"2023-11-08T14:21:38+00:00\",\"breadcrumb\":{\"@id\":\"https:\\\/\\\/www.kliinikum.ee\\\/meestekliinik\\\/kliinikust\\\/meestekliinikusse-poordumine\\\/#breadcrumb\"},\"inLanguage\":\"et\",\"potentialAction\":[{\"@type\":\"ReadAction\",\"target\":[\"https:\\\/\\\/www.kliinikum.ee\\\/meestekliinik\\\/kliinikust\\\/meestekliinikusse-poordumine\\\/\"]}]},{\"@type\":\"BreadcrumbList\",\"@id\":\"https:\\\/\\\/www.kliinikum.ee\\\/meestekliinik\\\/kliinikust\\\/meestekliinikusse-poordumine\\\/#breadcrumb\",\"itemListElement\":[{\"@type\":\"ListItem\",\"position\":1,\"name\":\"Home\",\"item\":\"https:\\\/\\\/www.kliinikum.ee\\\/meestekliinik\\\/\"},{\"@type\":\"ListItem\",\"position\":2,\"name\":\"Kliinikust\",\"item\":\"https:\\\/\\\/www.kliinikum.ee\\\/meestekliinik\\\/kliinikust\\\/\"},{\"@type\":\"ListItem\",\"position\":3,\"name\":\"Meestekliinikusse p\u00f6\u00f6rdumine\"}]},{\"@type\":\"WebSite\",\"@id\":\"https:\\\/\\\/www.kliinikum.ee\\\/meestekliinik\\\/#website\",\"url\":\"https:\\\/\\\/www.kliinikum.ee\\\/meestekliinik\\\/\",\"name\":\"Meestekliinik\",\"description\":\"Hoolivus, Uuendusmeelsus, P\u00e4devus ja Usaldusv\u00e4\u00e4rsus\",\"potentialAction\":[{\"@type\":\"SearchAction\",\"target\":{\"@type\":\"EntryPoint\",\"urlTemplate\":\"https:\\\/\\\/www.kliinikum.ee\\\/meestekliinik\\\/?s={search_term_string}\"},\"query-input\":{\"@type\":\"PropertyValueSpecification\",\"valueRequired\":true,\"valueName\":\"search_term_string\"}}],\"inLanguage\":\"et\"}]}<\/script>\n<!-- \/ Yoast SEO plugin. -->","yoast_head_json":{"title":"Meestekliinikusse p\u00f6\u00f6rdumine - Meestekliinik","robots":{"index":"index","follow":"follow","max-snippet":"max-snippet:-1","max-image-preview":"max-image-preview:large","max-video-preview":"max-video-preview:-1"},"canonical":"https:\/\/www.kliinikum.ee\/meestekliinik\/kliinikust\/meestekliinikusse-poordumine\/","og_locale":"et_EE","og_type":"article","og_title":"Meestekliinikusse p\u00f6\u00f6rdumine - Meestekliinik","og_description":"Meestekliinikusse p\u00f6\u00f6rdumiseks Tervisekassa alusel on vajalik saatekiri. Soovitame perearstilt k\u00fcsida e-konsultatsiooni Kliinikumi meestekliinikusse, mis tagab k\u00f5ige kiirema ja efektiivsema juurep\u00e4\u00e4su eriarstiabile. Lisaks Tervisekassa poolt rahastatud konsultatsioonidele on v\u00f5imalik Meestekliinikusse p\u00f6\u00f6rduda ka tasulises korras. Tasuliste teenuste info ja hinnad on leitavad meie hinnakirjast. Lisaks tavakonsultatsioonidele on v\u00f5imalus ka turvatud keskkonnas tasulisteks videokonsultatsioonideks, milleks kasutame Zoom keskkonda. [&hellip;]","og_url":"https:\/\/www.kliinikum.ee\/meestekliinik\/kliinikust\/meestekliinikusse-poordumine\/","og_site_name":"Meestekliinik","article_modified_time":"2023-11-08T14:21:38+00:00","twitter_card":"summary_large_image","twitter_misc":{"Est. reading time":"1 minut"},"schema":{"@context":"https:\/\/schema.org","@graph":[{"@type":"WebPage","@id":"https:\/\/www.kliinikum.ee\/meestekliinik\/kliinikust\/meestekliinikusse-poordumine\/","url":"https:\/\/www.kliinikum.ee\/meestekliinik\/kliinikust\/meestekliinikusse-poordumine\/","name":"Meestekliinikusse p\u00f6\u00f6rdumine - Meestekliinik","isPartOf":{"@id":"https:\/\/www.kliinikum.ee\/meestekliinik\/#website"},"datePublished":"2023-10-12T22:46:43+00:00","dateModified":"2023-11-08T14:21:38+00:00","breadcrumb":{"@id":"https:\/\/www.kliinikum.ee\/meestekliinik\/kliinikust\/meestekliinikusse-poordumine\/#breadcrumb"},"inLanguage":"et","potentialAction":[{"@type":"ReadAction","target":["https:\/\/www.kliinikum.ee\/meestekliinik\/kliinikust\/meestekliinikusse-poordumine\/"]}]},{"@type":"BreadcrumbList","@id":"https:\/\/www.kliinikum.ee\/meestekliinik\/kliinikust\/meestekliinikusse-poordumine\/#breadcrumb","itemListElement":[{"@type":"ListItem","position":1,"name":"Home","item":"https:\/\/www.kliinikum.ee\/meestekliinik\/"},{"@type":"ListItem","position":2,"name":"Kliinikust","item":"https:\/\/www.kliinikum.ee\/meestekliinik\/kliinikust\/"},{"@type":"ListItem","position":3,"name":"Meestekliinikusse p\u00f6\u00f6rdumine"}]},{"@type":"WebSite","@id":"https:\/\/www.kliinikum.ee\/meestekliinik\/#website","url":"https:\/\/www.kliinikum.ee\/meestekliinik\/","name":"Meestekliinik","description":"Hoolivus, Uuendusmeelsus, P\u00e4devus ja Usaldusv\u00e4\u00e4rsus","potentialAction":[{"@type":"SearchAction","target":{"@type":"EntryPoint","urlTemplate":"https:\/\/www.kliinikum.ee\/meestekliinik\/?s={search_term_string}"},"query-input":{"@type":"PropertyValueSpecification","valueRequired":true,"valueName":"search_term_string"}}],"inLanguage":"et"}]}},"uagb_featured_image_src":{"full":false,"thumbnail":false,"medium":false,"medium_large":false,"large":false,"1536x1536":false,"2048x2048":false},"uagb_author_info":{"display_name":"Kristiina Noortoots","author_link":"https:\/\/www.kliinikum.ee\/meestekliinik\/author\/kristiinn\/"},"uagb_comment_info":0,"uagb_excerpt":"Meestekliinikusse p\u00f6\u00f6rdumiseks Tervisekassa alusel on vajalik saatekiri. Soovitame perearstilt k\u00fcsida e-konsultatsiooni Kliinikumi meestekliinikusse, mis tagab k\u00f5ige kiirema ja efektiivsema juurep\u00e4\u00e4su eriarstiabile. Lisaks Tervisekassa poolt rahastatud konsultatsioonidele on v\u00f5imalik Meestekliinikusse p\u00f6\u00f6rduda ka tasulises korras. Tasuliste teenuste info ja hinnad on leitavad meie hinnakirjast. Lisaks tavakonsultatsioonidele on v\u00f5imalus ka turvatud keskkonnas tasulisteks videokonsultatsioonideks, milleks kasutame Zoom keskkonda.&hellip;","_links":{"self":[{"href":"https:\/\/www.kliinikum.ee\/meestekliinik\/wp-json\/wp\/v2\/pages\/6909","targetHints":{"allow":["GET"]}}],"collection":[{"href":"https:\/\/www.kliinikum.ee\/meestekliinik\/wp-json\/wp\/v2\/pages"}],"about":[{"href":"https:\/\/www.kliinikum.ee\/meestekliinik\/wp-json\/wp\/v2\/types\/page"}],"author":[{"embeddable":true,"href":"https:\/\/www.kliinikum.ee\/meestekliinik\/wp-json\/wp\/v2\/users\/30"}],"replies":[{"embeddable":true,"href":"https:\/\/www.kliinikum.ee\/meestekliinik\/wp-json\/wp\/v2\/comments?post=6909"}],"version-history":[{"count":0,"href":"https:\/\/www.kliinikum.ee\/meestekliinik\/wp-json\/wp\/v2\/pages\/6909\/revisions"}],"up":[{"embeddable":true,"href":"https:\/\/www.kliinikum.ee\/meestekliinik\/wp-json\/wp\/v2\/pages\/17"}],"wp:attachment":[{"href":"https:\/\/www.kliinikum.ee\/meestekliinik\/wp-json\/wp\/v2\/media?parent=6909"}],"curies":[{"name":"wp","href":"https:\/\/api.w.org\/{rel}","templated":true}]}}