{"id":6914,"date":"2023-10-13T00:51:00","date_gmt":"2023-10-12T22:51:00","guid":{"rendered":"https:\/\/www.kliinikum.ee\/meestekliinik\/?page_id=6914"},"modified":"2023-11-08T16:15:37","modified_gmt":"2023-11-08T14:15:37","slug":"noormeeste-noustamine","status":"publish","type":"page","link":"https:\/\/www.kliinikum.ee\/meestekliinik\/kliinikust\/noormeeste-noustamine\/","title":{"rendered":"Noormeeste n\u00f5ustamine"},"content":{"rendered":"\n<p class=\"has-medium-font-size\">Meestekliinik pakub noormeeste reproduktiivtervise alase n\u00f5ustamise teenust, mille sihtr\u00fchmaks on kuni <strong>26 aastased noormehed<\/strong> (k.a).<\/p>\n\n\n\n<p class=\"has-medium-font-size\">Osutatavad teenused:<br>- n\u00f5ustamine ja kontroll kehalise arengu osas<br>- n\u00f5ustamine seksuaalsusega seotud teemadel<br>- sugutrakti p\u00f5letike ja seksuaalsel teel levivate haiguste ennetamine ja varane avastamine<br>- teenust osutatakse kindlustust omavatele ja kindlustust mitte omavatele patsientidele ilma visiiditasuta<\/p>\n\n\n\n<p class=\"has-medium-font-size\">Noorte n\u00f5ustamiseks palume kasutada meestekliiniku kodulehe registreerimisvormi v\u00f5i v\u00f5tta \u00fchendust meie registratuuriga e-mailil: <a href=\"mailto:meestekliinik@kliinikum.ee\"><strong>meestekliinik@kliinikum.ee<\/strong><\/a><\/p>\n\n\n\n<p><\/p>\n","protected":false},"excerpt":{"rendered":"<p>Meestekliinik pakub noormeeste reproduktiivtervise alase n\u00f5ustamise teenust, mille sihtr\u00fchmaks on kuni 26 aastased noormehed (k.a). Osutatavad teenused:- n\u00f5ustamine ja kontroll kehalise arengu osas- n\u00f5ustamine seksuaalsusega seotud teemadel- sugutrakti p\u00f5letike ja seksuaalsel teel levivate haiguste ennetamine ja varane avastamine- teenust osutatakse kindlustust omavatele ja kindlustust mitte omavatele patsientidele ilma visiiditasuta Noorte n\u00f5ustamiseks palume kasutada meestekliiniku kodulehe [&hellip;]<\/p>\n","protected":false},"author":30,"featured_media":0,"parent":17,"menu_order":4,"comment_status":"closed","ping_status":"closed","template":"","meta":{"_acf_changed":false,"_uag_custom_page_level_css":"","footnotes":""},"class_list":["post-6914","page","type-page","status-publish","hentry"],"acf":[],"yoast_head":"<!-- This site is optimized with the Yoast SEO plugin v27.3 - https:\/\/yoast.com\/product\/yoast-seo-wordpress\/ -->\n<title>Noormeeste n\u00f5ustamine - Meestekliinik<\/title>\n<meta name=\"robots\" content=\"index, follow, max-snippet:-1, max-image-preview:large, max-video-preview:-1\" \/>\n<link rel=\"canonical\" href=\"https:\/\/www.kliinikum.ee\/meestekliinik\/kliinikust\/noormeeste-noustamine\/\" \/>\n<meta property=\"og:locale\" content=\"et_EE\" \/>\n<meta property=\"og:type\" content=\"article\" \/>\n<meta property=\"og:title\" content=\"Noormeeste n\u00f5ustamine - Meestekliinik\" \/>\n<meta property=\"og:description\" content=\"Meestekliinik pakub noormeeste reproduktiivtervise alase n\u00f5ustamise teenust, mille sihtr\u00fchmaks on kuni 26 aastased noormehed (k.a). Osutatavad teenused:- n\u00f5ustamine ja kontroll kehalise arengu osas- n\u00f5ustamine seksuaalsusega seotud teemadel- sugutrakti p\u00f5letike ja seksuaalsel teel levivate haiguste ennetamine ja varane avastamine- teenust osutatakse kindlustust omavatele ja kindlustust mitte omavatele patsientidele ilma visiiditasuta Noorte n\u00f5ustamiseks palume kasutada meestekliiniku kodulehe [&hellip;]\" \/>\n<meta property=\"og:url\" content=\"https:\/\/www.kliinikum.ee\/meestekliinik\/kliinikust\/noormeeste-noustamine\/\" \/>\n<meta property=\"og:site_name\" content=\"Meestekliinik\" \/>\n<meta property=\"article:modified_time\" content=\"2023-11-08T14:15:37+00:00\" \/>\n<meta name=\"twitter:card\" content=\"summary_large_image\" \/>\n<meta name=\"twitter:label1\" content=\"Est. reading time\" \/>\n\t<meta name=\"twitter:data1\" content=\"1 minut\" \/>\n<script type=\"application\/ld+json\" class=\"yoast-schema-graph\">{\"@context\":\"https:\\\/\\\/schema.org\",\"@graph\":[{\"@type\":\"WebPage\",\"@id\":\"https:\\\/\\\/www.kliinikum.ee\\\/meestekliinik\\\/kliinikust\\\/noormeeste-noustamine\\\/\",\"url\":\"https:\\\/\\\/www.kliinikum.ee\\\/meestekliinik\\\/kliinikust\\\/noormeeste-noustamine\\\/\",\"name\":\"Noormeeste n\u00f5ustamine - Meestekliinik\",\"isPartOf\":{\"@id\":\"https:\\\/\\\/www.kliinikum.ee\\\/meestekliinik\\\/#website\"},\"datePublished\":\"2023-10-12T22:51:00+00:00\",\"dateModified\":\"2023-11-08T14:15:37+00:00\",\"breadcrumb\":{\"@id\":\"https:\\\/\\\/www.kliinikum.ee\\\/meestekliinik\\\/kliinikust\\\/noormeeste-noustamine\\\/#breadcrumb\"},\"inLanguage\":\"et\",\"potentialAction\":[{\"@type\":\"ReadAction\",\"target\":[\"https:\\\/\\\/www.kliinikum.ee\\\/meestekliinik\\\/kliinikust\\\/noormeeste-noustamine\\\/\"]}]},{\"@type\":\"BreadcrumbList\",\"@id\":\"https:\\\/\\\/www.kliinikum.ee\\\/meestekliinik\\\/kliinikust\\\/noormeeste-noustamine\\\/#breadcrumb\",\"itemListElement\":[{\"@type\":\"ListItem\",\"position\":1,\"name\":\"Home\",\"item\":\"https:\\\/\\\/www.kliinikum.ee\\\/meestekliinik\\\/\"},{\"@type\":\"ListItem\",\"position\":2,\"name\":\"Kliinikust\",\"item\":\"https:\\\/\\\/www.kliinikum.ee\\\/meestekliinik\\\/kliinikust\\\/\"},{\"@type\":\"ListItem\",\"position\":3,\"name\":\"Noormeeste n\u00f5ustamine\"}]},{\"@type\":\"WebSite\",\"@id\":\"https:\\\/\\\/www.kliinikum.ee\\\/meestekliinik\\\/#website\",\"url\":\"https:\\\/\\\/www.kliinikum.ee\\\/meestekliinik\\\/\",\"name\":\"Meestekliinik\",\"description\":\"Hoolivus, Uuendusmeelsus, P\u00e4devus ja Usaldusv\u00e4\u00e4rsus\",\"potentialAction\":[{\"@type\":\"SearchAction\",\"target\":{\"@type\":\"EntryPoint\",\"urlTemplate\":\"https:\\\/\\\/www.kliinikum.ee\\\/meestekliinik\\\/?s={search_term_string}\"},\"query-input\":{\"@type\":\"PropertyValueSpecification\",\"valueRequired\":true,\"valueName\":\"search_term_string\"}}],\"inLanguage\":\"et\"}]}<\/script>\n<!-- \/ Yoast SEO plugin. -->","yoast_head_json":{"title":"Noormeeste n\u00f5ustamine - Meestekliinik","robots":{"index":"index","follow":"follow","max-snippet":"max-snippet:-1","max-image-preview":"max-image-preview:large","max-video-preview":"max-video-preview:-1"},"canonical":"https:\/\/www.kliinikum.ee\/meestekliinik\/kliinikust\/noormeeste-noustamine\/","og_locale":"et_EE","og_type":"article","og_title":"Noormeeste n\u00f5ustamine - Meestekliinik","og_description":"Meestekliinik pakub noormeeste reproduktiivtervise alase n\u00f5ustamise teenust, mille sihtr\u00fchmaks on kuni 26 aastased noormehed (k.a). Osutatavad teenused:- n\u00f5ustamine ja kontroll kehalise arengu osas- n\u00f5ustamine seksuaalsusega seotud teemadel- sugutrakti p\u00f5letike ja seksuaalsel teel levivate haiguste ennetamine ja varane avastamine- teenust osutatakse kindlustust omavatele ja kindlustust mitte omavatele patsientidele ilma visiiditasuta Noorte n\u00f5ustamiseks palume kasutada meestekliiniku kodulehe [&hellip;]","og_url":"https:\/\/www.kliinikum.ee\/meestekliinik\/kliinikust\/noormeeste-noustamine\/","og_site_name":"Meestekliinik","article_modified_time":"2023-11-08T14:15:37+00:00","twitter_card":"summary_large_image","twitter_misc":{"Est. reading time":"1 minut"},"schema":{"@context":"https:\/\/schema.org","@graph":[{"@type":"WebPage","@id":"https:\/\/www.kliinikum.ee\/meestekliinik\/kliinikust\/noormeeste-noustamine\/","url":"https:\/\/www.kliinikum.ee\/meestekliinik\/kliinikust\/noormeeste-noustamine\/","name":"Noormeeste n\u00f5ustamine - Meestekliinik","isPartOf":{"@id":"https:\/\/www.kliinikum.ee\/meestekliinik\/#website"},"datePublished":"2023-10-12T22:51:00+00:00","dateModified":"2023-11-08T14:15:37+00:00","breadcrumb":{"@id":"https:\/\/www.kliinikum.ee\/meestekliinik\/kliinikust\/noormeeste-noustamine\/#breadcrumb"},"inLanguage":"et","potentialAction":[{"@type":"ReadAction","target":["https:\/\/www.kliinikum.ee\/meestekliinik\/kliinikust\/noormeeste-noustamine\/"]}]},{"@type":"BreadcrumbList","@id":"https:\/\/www.kliinikum.ee\/meestekliinik\/kliinikust\/noormeeste-noustamine\/#breadcrumb","itemListElement":[{"@type":"ListItem","position":1,"name":"Home","item":"https:\/\/www.kliinikum.ee\/meestekliinik\/"},{"@type":"ListItem","position":2,"name":"Kliinikust","item":"https:\/\/www.kliinikum.ee\/meestekliinik\/kliinikust\/"},{"@type":"ListItem","position":3,"name":"Noormeeste n\u00f5ustamine"}]},{"@type":"WebSite","@id":"https:\/\/www.kliinikum.ee\/meestekliinik\/#website","url":"https:\/\/www.kliinikum.ee\/meestekliinik\/","name":"Meestekliinik","description":"Hoolivus, Uuendusmeelsus, P\u00e4devus ja Usaldusv\u00e4\u00e4rsus","potentialAction":[{"@type":"SearchAction","target":{"@type":"EntryPoint","urlTemplate":"https:\/\/www.kliinikum.ee\/meestekliinik\/?s={search_term_string}"},"query-input":{"@type":"PropertyValueSpecification","valueRequired":true,"valueName":"search_term_string"}}],"inLanguage":"et"}]}},"uagb_featured_image_src":{"full":false,"thumbnail":false,"medium":false,"medium_large":false,"large":false,"1536x1536":false,"2048x2048":false},"uagb_author_info":{"display_name":"Kristiina Noortoots","author_link":"https:\/\/www.kliinikum.ee\/meestekliinik\/author\/kristiinn\/"},"uagb_comment_info":0,"uagb_excerpt":"Meestekliinik pakub noormeeste reproduktiivtervise alase n\u00f5ustamise teenust, mille sihtr\u00fchmaks on kuni 26 aastased noormehed (k.a). Osutatavad teenused:- n\u00f5ustamine ja kontroll kehalise arengu osas- n\u00f5ustamine seksuaalsusega seotud teemadel- sugutrakti p\u00f5letike ja seksuaalsel teel levivate haiguste ennetamine ja varane avastamine- teenust osutatakse kindlustust omavatele ja kindlustust mitte omavatele patsientidele ilma visiiditasuta Noorte n\u00f5ustamiseks palume kasutada meestekliiniku kodulehe&hellip;","_links":{"self":[{"href":"https:\/\/www.kliinikum.ee\/meestekliinik\/wp-json\/wp\/v2\/pages\/6914","targetHints":{"allow":["GET"]}}],"collection":[{"href":"https:\/\/www.kliinikum.ee\/meestekliinik\/wp-json\/wp\/v2\/pages"}],"about":[{"href":"https:\/\/www.kliinikum.ee\/meestekliinik\/wp-json\/wp\/v2\/types\/page"}],"author":[{"embeddable":true,"href":"https:\/\/www.kliinikum.ee\/meestekliinik\/wp-json\/wp\/v2\/users\/30"}],"replies":[{"embeddable":true,"href":"https:\/\/www.kliinikum.ee\/meestekliinik\/wp-json\/wp\/v2\/comments?post=6914"}],"version-history":[{"count":0,"href":"https:\/\/www.kliinikum.ee\/meestekliinik\/wp-json\/wp\/v2\/pages\/6914\/revisions"}],"up":[{"embeddable":true,"href":"https:\/\/www.kliinikum.ee\/meestekliinik\/wp-json\/wp\/v2\/pages\/17"}],"wp:attachment":[{"href":"https:\/\/www.kliinikum.ee\/meestekliinik\/wp-json\/wp\/v2\/media?parent=6914"}],"curies":[{"name":"wp","href":"https:\/\/api.w.org\/{rel}","templated":true}]}}