{"id":6938,"date":"2023-10-13T01:08:30","date_gmt":"2023-10-12T23:08:30","guid":{"rendered":"https:\/\/www.kliinikum.ee\/meestekliinik\/?page_id=6938"},"modified":"2023-11-09T10:19:04","modified_gmt":"2023-11-09T08:19:04","slug":"suguhaiguste-uuringud-ja-ravi-uhe-paeva-jooksul","status":"publish","type":"page","link":"https:\/\/www.kliinikum.ee\/meestekliinik\/patsiendile\/kuidas-valmistuda-meestekliinikus-teostatavateks-analuusideks\/suguhaiguste-uuringud-ja-ravi-uhe-paeva-jooksul\/","title":{"rendered":"Suguhaiguste uuringud ja ravi \u00fche p\u00e4eva jooksul"},"content":{"rendered":"\n<p class=\"has-medium-font-size\">Meestekliiniku Tartu osakonnas on v\u00f5imalik teisip\u00e4evast kuni reedeni teha tasulises korras teostada kusiti p\u00f5letiku\/suguhaiguste uuringud ja ravi \u00fche p\u00e4eva jooksul. <\/p>\n\n\n\n<p class=\"has-medium-font-size\">Vajalik eelnev registreerimine telefoni (7 319 323) v\u00f5i e-maili (<a href=\"mailto:meestekliinik@kliinikum.ee\">meestekliinik@kliinikum.ee<\/a>) teel. \u00a0<br><br>\u00dchep\u00e4evane teenus eeldab uuritava materjali (hommikuse esmasuriini) j\u00f5udmist meestekliiniku Tartu keskusesse (L. Puusepa 1a, kab 2060) hommikul ajavahemikus 7:50 kuni 8:00. <br>Arsti vastuv\u00f5tt toimub samal p\u00e4eval alates 15:00. <br><br>Anal\u00fc\u00fcsi kogumiseks vajaliku uriinianal\u00fc\u00fcsi purgi v\u00f5ite osta apteegist v\u00f5i saate eelmise p\u00e4eva pealel\u00f5unal kell 13:00-16:00 meie kliiniku Tartu, Tallinna, Narva v\u00f5i P\u00e4rnu keskustest.\u00a0Vajalike uuringute maht otsustatakse suguhaiguste riski hindamise k\u00fcsimustiku tulemuse ja kuse p\u00f5letikurakkude sisalduse (p\u00f5letikureaktsiooni tugevuse) alusel. J\u00e4rgneb uuringumaterjali laboratoorne anal\u00fc\u00fcs. P\u00e4rastl\u00f5unal arsti visiit \u2013 l\u00e4bivaatus, tulemuste arutelu, vajadusel kohene ravi ja\/v\u00f5i t\u00e4iendavate uuringute vajaduse \u00fcle otsustamine.\u00a0<\/p>\n\n\n\n<div class=\"wp-block-cover aligncenter is-light\" style=\"min-height:352px;aspect-ratio:unset;\"><span aria-hidden=\"true\" class=\"wp-block-cover__background has-background-dim\"><\/span><img loading=\"lazy\" decoding=\"async\" width=\"1024\" height=\"683\" class=\"wp-block-cover__image-background wp-image-6941\" alt=\"\" src=\"https:\/\/www.kliinikum.ee\/meestekliinik\/wp-content\/uploads\/2023\/10\/IMG_3711-1024x683.jpg\" data-object-fit=\"cover\" srcset=\"https:\/\/www.kliinikum.ee\/meestekliinik\/wp-content\/uploads\/2023\/10\/IMG_3711-1024x683.jpg 1024w, https:\/\/www.kliinikum.ee\/meestekliinik\/wp-content\/uploads\/2023\/10\/IMG_3711-300x200.jpg 300w, https:\/\/www.kliinikum.ee\/meestekliinik\/wp-content\/uploads\/2023\/10\/IMG_3711-768x512.jpg 768w, https:\/\/www.kliinikum.ee\/meestekliinik\/wp-content\/uploads\/2023\/10\/IMG_3711-1536x1024.jpg 1536w, https:\/\/www.kliinikum.ee\/meestekliinik\/wp-content\/uploads\/2023\/10\/IMG_3711-2048x1365.jpg 2048w, https:\/\/www.kliinikum.ee\/meestekliinik\/wp-content\/uploads\/2023\/10\/IMG_3711-scaled.jpg 2560w\" sizes=\"auto, (max-width: 1024px) 100vw, 1024px\" \/><div class=\"wp-block-cover__inner-container is-layout-flow wp-block-cover-is-layout-flow\">\n<p class=\"has-text-align-center has-large-font-size\"><\/p>\n<\/div><\/div>\n","protected":false},"excerpt":{"rendered":"<p>Meestekliiniku Tartu osakonnas on v\u00f5imalik teisip\u00e4evast kuni reedeni teha tasulises korras teostada kusiti p\u00f5letiku\/suguhaiguste uuringud ja ravi \u00fche p\u00e4eva jooksul. Vajalik eelnev registreerimine telefoni (7 319 323) v\u00f5i e-maili (meestekliinik@kliinikum.ee) teel. \u00a0 \u00dchep\u00e4evane teenus eeldab uuritava materjali (hommikuse esmasuriini) j\u00f5udmist meestekliiniku Tartu keskusesse (L. Puusepa 1a, kab 2060) hommikul ajavahemikus 7:50 kuni 8:00. Arsti vastuv\u00f5tt [&hellip;]<\/p>\n","protected":false},"author":30,"featured_media":0,"parent":6866,"menu_order":1,"comment_status":"closed","ping_status":"closed","template":"","meta":{"_acf_changed":false,"_uag_custom_page_level_css":"","footnotes":""},"class_list":["post-6938","page","type-page","status-publish","hentry"],"acf":[],"yoast_head":"<!-- This site is optimized with the Yoast SEO plugin v27.3 - https:\/\/yoast.com\/product\/yoast-seo-wordpress\/ -->\n<title>Suguhaiguste uuringud ja ravi \u00fche p\u00e4eva jooksul - Meestekliinik<\/title>\n<meta name=\"robots\" content=\"index, follow, max-snippet:-1, max-image-preview:large, max-video-preview:-1\" \/>\n<link rel=\"canonical\" href=\"https:\/\/www.kliinikum.ee\/meestekliinik\/patsiendile\/kuidas-valmistuda-meestekliinikus-teostatavateks-analuusideks\/suguhaiguste-uuringud-ja-ravi-uhe-paeva-jooksul\/\" \/>\n<meta property=\"og:locale\" content=\"et_EE\" \/>\n<meta property=\"og:type\" content=\"article\" \/>\n<meta property=\"og:title\" content=\"Suguhaiguste uuringud ja ravi \u00fche p\u00e4eva jooksul - Meestekliinik\" \/>\n<meta property=\"og:description\" content=\"Meestekliiniku Tartu osakonnas on v\u00f5imalik teisip\u00e4evast kuni reedeni teha tasulises korras teostada kusiti p\u00f5letiku\/suguhaiguste uuringud ja ravi \u00fche p\u00e4eva jooksul. Vajalik eelnev registreerimine telefoni (7 319 323) v\u00f5i e-maili (meestekliinik@kliinikum.ee) teel. \u00a0 \u00dchep\u00e4evane teenus eeldab uuritava materjali (hommikuse esmasuriini) j\u00f5udmist meestekliiniku Tartu keskusesse (L. Puusepa 1a, kab 2060) hommikul ajavahemikus 7:50 kuni 8:00. Arsti vastuv\u00f5tt [&hellip;]\" \/>\n<meta property=\"og:url\" content=\"https:\/\/www.kliinikum.ee\/meestekliinik\/patsiendile\/kuidas-valmistuda-meestekliinikus-teostatavateks-analuusideks\/suguhaiguste-uuringud-ja-ravi-uhe-paeva-jooksul\/\" \/>\n<meta property=\"og:site_name\" content=\"Meestekliinik\" \/>\n<meta property=\"article:modified_time\" content=\"2023-11-09T08:19:04+00:00\" \/>\n<meta property=\"og:image\" content=\"https:\/\/www.kliinikum.ee\/meestekliinik\/wp-content\/uploads\/2023\/10\/IMG_3711-1024x683.jpg\" \/>\n<meta name=\"twitter:card\" content=\"summary_large_image\" \/>\n<meta name=\"twitter:label1\" content=\"Est. reading time\" \/>\n\t<meta name=\"twitter:data1\" content=\"1 minut\" \/>\n<script type=\"application\/ld+json\" class=\"yoast-schema-graph\">{\"@context\":\"https:\\\/\\\/schema.org\",\"@graph\":[{\"@type\":\"WebPage\",\"@id\":\"https:\\\/\\\/www.kliinikum.ee\\\/meestekliinik\\\/patsiendile\\\/kuidas-valmistuda-meestekliinikus-teostatavateks-analuusideks\\\/suguhaiguste-uuringud-ja-ravi-uhe-paeva-jooksul\\\/\",\"url\":\"https:\\\/\\\/www.kliinikum.ee\\\/meestekliinik\\\/patsiendile\\\/kuidas-valmistuda-meestekliinikus-teostatavateks-analuusideks\\\/suguhaiguste-uuringud-ja-ravi-uhe-paeva-jooksul\\\/\",\"name\":\"Suguhaiguste uuringud ja ravi \u00fche p\u00e4eva jooksul - Meestekliinik\",\"isPartOf\":{\"@id\":\"https:\\\/\\\/www.kliinikum.ee\\\/meestekliinik\\\/#website\"},\"primaryImageOfPage\":{\"@id\":\"https:\\\/\\\/www.kliinikum.ee\\\/meestekliinik\\\/patsiendile\\\/kuidas-valmistuda-meestekliinikus-teostatavateks-analuusideks\\\/suguhaiguste-uuringud-ja-ravi-uhe-paeva-jooksul\\\/#primaryimage\"},\"image\":{\"@id\":\"https:\\\/\\\/www.kliinikum.ee\\\/meestekliinik\\\/patsiendile\\\/kuidas-valmistuda-meestekliinikus-teostatavateks-analuusideks\\\/suguhaiguste-uuringud-ja-ravi-uhe-paeva-jooksul\\\/#primaryimage\"},\"thumbnailUrl\":\"https:\\\/\\\/www.kliinikum.ee\\\/meestekliinik\\\/wp-content\\\/uploads\\\/2023\\\/10\\\/IMG_3711-1024x683.jpg\",\"datePublished\":\"2023-10-12T23:08:30+00:00\",\"dateModified\":\"2023-11-09T08:19:04+00:00\",\"breadcrumb\":{\"@id\":\"https:\\\/\\\/www.kliinikum.ee\\\/meestekliinik\\\/patsiendile\\\/kuidas-valmistuda-meestekliinikus-teostatavateks-analuusideks\\\/suguhaiguste-uuringud-ja-ravi-uhe-paeva-jooksul\\\/#breadcrumb\"},\"inLanguage\":\"et\",\"potentialAction\":[{\"@type\":\"ReadAction\",\"target\":[\"https:\\\/\\\/www.kliinikum.ee\\\/meestekliinik\\\/patsiendile\\\/kuidas-valmistuda-meestekliinikus-teostatavateks-analuusideks\\\/suguhaiguste-uuringud-ja-ravi-uhe-paeva-jooksul\\\/\"]}]},{\"@type\":\"ImageObject\",\"inLanguage\":\"et\",\"@id\":\"https:\\\/\\\/www.kliinikum.ee\\\/meestekliinik\\\/patsiendile\\\/kuidas-valmistuda-meestekliinikus-teostatavateks-analuusideks\\\/suguhaiguste-uuringud-ja-ravi-uhe-paeva-jooksul\\\/#primaryimage\",\"url\":\"https:\\\/\\\/www.kliinikum.ee\\\/meestekliinik\\\/wp-content\\\/uploads\\\/2023\\\/10\\\/IMG_3711-scaled.jpg\",\"contentUrl\":\"https:\\\/\\\/www.kliinikum.ee\\\/meestekliinik\\\/wp-content\\\/uploads\\\/2023\\\/10\\\/IMG_3711-scaled.jpg\",\"width\":2560,\"height\":1706},{\"@type\":\"BreadcrumbList\",\"@id\":\"https:\\\/\\\/www.kliinikum.ee\\\/meestekliinik\\\/patsiendile\\\/kuidas-valmistuda-meestekliinikus-teostatavateks-analuusideks\\\/suguhaiguste-uuringud-ja-ravi-uhe-paeva-jooksul\\\/#breadcrumb\",\"itemListElement\":[{\"@type\":\"ListItem\",\"position\":1,\"name\":\"Home\",\"item\":\"https:\\\/\\\/www.kliinikum.ee\\\/meestekliinik\\\/\"},{\"@type\":\"ListItem\",\"position\":2,\"name\":\"Patsiendile\",\"item\":\"https:\\\/\\\/www.kliinikum.ee\\\/meestekliinik\\\/patsiendile\\\/\"},{\"@type\":\"ListItem\",\"position\":3,\"name\":\"Kuidas valmistuda Meestekliinikus teostatavateks anal\u00fc\u00fcsideks\",\"item\":\"https:\\\/\\\/www.kliinikum.ee\\\/meestekliinik\\\/patsiendile\\\/kuidas-valmistuda-meestekliinikus-teostatavateks-analuusideks\\\/\"},{\"@type\":\"ListItem\",\"position\":4,\"name\":\"Suguhaiguste uuringud ja ravi \u00fche p\u00e4eva jooksul\"}]},{\"@type\":\"WebSite\",\"@id\":\"https:\\\/\\\/www.kliinikum.ee\\\/meestekliinik\\\/#website\",\"url\":\"https:\\\/\\\/www.kliinikum.ee\\\/meestekliinik\\\/\",\"name\":\"Meestekliinik\",\"description\":\"Hoolivus, Uuendusmeelsus, P\u00e4devus ja Usaldusv\u00e4\u00e4rsus\",\"potentialAction\":[{\"@type\":\"SearchAction\",\"target\":{\"@type\":\"EntryPoint\",\"urlTemplate\":\"https:\\\/\\\/www.kliinikum.ee\\\/meestekliinik\\\/?s={search_term_string}\"},\"query-input\":{\"@type\":\"PropertyValueSpecification\",\"valueRequired\":true,\"valueName\":\"search_term_string\"}}],\"inLanguage\":\"et\"}]}<\/script>\n<!-- \/ Yoast SEO plugin. -->","yoast_head_json":{"title":"Suguhaiguste uuringud ja ravi \u00fche p\u00e4eva jooksul - Meestekliinik","robots":{"index":"index","follow":"follow","max-snippet":"max-snippet:-1","max-image-preview":"max-image-preview:large","max-video-preview":"max-video-preview:-1"},"canonical":"https:\/\/www.kliinikum.ee\/meestekliinik\/patsiendile\/kuidas-valmistuda-meestekliinikus-teostatavateks-analuusideks\/suguhaiguste-uuringud-ja-ravi-uhe-paeva-jooksul\/","og_locale":"et_EE","og_type":"article","og_title":"Suguhaiguste uuringud ja ravi \u00fche p\u00e4eva jooksul - Meestekliinik","og_description":"Meestekliiniku Tartu osakonnas on v\u00f5imalik teisip\u00e4evast kuni reedeni teha tasulises korras teostada kusiti p\u00f5letiku\/suguhaiguste uuringud ja ravi \u00fche p\u00e4eva jooksul. Vajalik eelnev registreerimine telefoni (7 319 323) v\u00f5i e-maili (meestekliinik@kliinikum.ee) teel. \u00a0 \u00dchep\u00e4evane teenus eeldab uuritava materjali (hommikuse esmasuriini) j\u00f5udmist meestekliiniku Tartu keskusesse (L. Puusepa 1a, kab 2060) hommikul ajavahemikus 7:50 kuni 8:00. Arsti vastuv\u00f5tt [&hellip;]","og_url":"https:\/\/www.kliinikum.ee\/meestekliinik\/patsiendile\/kuidas-valmistuda-meestekliinikus-teostatavateks-analuusideks\/suguhaiguste-uuringud-ja-ravi-uhe-paeva-jooksul\/","og_site_name":"Meestekliinik","article_modified_time":"2023-11-09T08:19:04+00:00","og_image":[{"url":"https:\/\/www.kliinikum.ee\/meestekliinik\/wp-content\/uploads\/2023\/10\/IMG_3711-1024x683.jpg","type":"","width":"","height":""}],"twitter_card":"summary_large_image","twitter_misc":{"Est. reading time":"1 minut"},"schema":{"@context":"https:\/\/schema.org","@graph":[{"@type":"WebPage","@id":"https:\/\/www.kliinikum.ee\/meestekliinik\/patsiendile\/kuidas-valmistuda-meestekliinikus-teostatavateks-analuusideks\/suguhaiguste-uuringud-ja-ravi-uhe-paeva-jooksul\/","url":"https:\/\/www.kliinikum.ee\/meestekliinik\/patsiendile\/kuidas-valmistuda-meestekliinikus-teostatavateks-analuusideks\/suguhaiguste-uuringud-ja-ravi-uhe-paeva-jooksul\/","name":"Suguhaiguste uuringud ja ravi \u00fche p\u00e4eva jooksul - Meestekliinik","isPartOf":{"@id":"https:\/\/www.kliinikum.ee\/meestekliinik\/#website"},"primaryImageOfPage":{"@id":"https:\/\/www.kliinikum.ee\/meestekliinik\/patsiendile\/kuidas-valmistuda-meestekliinikus-teostatavateks-analuusideks\/suguhaiguste-uuringud-ja-ravi-uhe-paeva-jooksul\/#primaryimage"},"image":{"@id":"https:\/\/www.kliinikum.ee\/meestekliinik\/patsiendile\/kuidas-valmistuda-meestekliinikus-teostatavateks-analuusideks\/suguhaiguste-uuringud-ja-ravi-uhe-paeva-jooksul\/#primaryimage"},"thumbnailUrl":"https:\/\/www.kliinikum.ee\/meestekliinik\/wp-content\/uploads\/2023\/10\/IMG_3711-1024x683.jpg","datePublished":"2023-10-12T23:08:30+00:00","dateModified":"2023-11-09T08:19:04+00:00","breadcrumb":{"@id":"https:\/\/www.kliinikum.ee\/meestekliinik\/patsiendile\/kuidas-valmistuda-meestekliinikus-teostatavateks-analuusideks\/suguhaiguste-uuringud-ja-ravi-uhe-paeva-jooksul\/#breadcrumb"},"inLanguage":"et","potentialAction":[{"@type":"ReadAction","target":["https:\/\/www.kliinikum.ee\/meestekliinik\/patsiendile\/kuidas-valmistuda-meestekliinikus-teostatavateks-analuusideks\/suguhaiguste-uuringud-ja-ravi-uhe-paeva-jooksul\/"]}]},{"@type":"ImageObject","inLanguage":"et","@id":"https:\/\/www.kliinikum.ee\/meestekliinik\/patsiendile\/kuidas-valmistuda-meestekliinikus-teostatavateks-analuusideks\/suguhaiguste-uuringud-ja-ravi-uhe-paeva-jooksul\/#primaryimage","url":"https:\/\/www.kliinikum.ee\/meestekliinik\/wp-content\/uploads\/2023\/10\/IMG_3711-scaled.jpg","contentUrl":"https:\/\/www.kliinikum.ee\/meestekliinik\/wp-content\/uploads\/2023\/10\/IMG_3711-scaled.jpg","width":2560,"height":1706},{"@type":"BreadcrumbList","@id":"https:\/\/www.kliinikum.ee\/meestekliinik\/patsiendile\/kuidas-valmistuda-meestekliinikus-teostatavateks-analuusideks\/suguhaiguste-uuringud-ja-ravi-uhe-paeva-jooksul\/#breadcrumb","itemListElement":[{"@type":"ListItem","position":1,"name":"Home","item":"https:\/\/www.kliinikum.ee\/meestekliinik\/"},{"@type":"ListItem","position":2,"name":"Patsiendile","item":"https:\/\/www.kliinikum.ee\/meestekliinik\/patsiendile\/"},{"@type":"ListItem","position":3,"name":"Kuidas valmistuda Meestekliinikus teostatavateks anal\u00fc\u00fcsideks","item":"https:\/\/www.kliinikum.ee\/meestekliinik\/patsiendile\/kuidas-valmistuda-meestekliinikus-teostatavateks-analuusideks\/"},{"@type":"ListItem","position":4,"name":"Suguhaiguste uuringud ja ravi \u00fche p\u00e4eva jooksul"}]},{"@type":"WebSite","@id":"https:\/\/www.kliinikum.ee\/meestekliinik\/#website","url":"https:\/\/www.kliinikum.ee\/meestekliinik\/","name":"Meestekliinik","description":"Hoolivus, Uuendusmeelsus, P\u00e4devus ja Usaldusv\u00e4\u00e4rsus","potentialAction":[{"@type":"SearchAction","target":{"@type":"EntryPoint","urlTemplate":"https:\/\/www.kliinikum.ee\/meestekliinik\/?s={search_term_string}"},"query-input":{"@type":"PropertyValueSpecification","valueRequired":true,"valueName":"search_term_string"}}],"inLanguage":"et"}]}},"uagb_featured_image_src":{"full":false,"thumbnail":false,"medium":false,"medium_large":false,"large":false,"1536x1536":false,"2048x2048":false},"uagb_author_info":{"display_name":"Kristiina Noortoots","author_link":"https:\/\/www.kliinikum.ee\/meestekliinik\/author\/kristiinn\/"},"uagb_comment_info":0,"uagb_excerpt":"Meestekliiniku Tartu osakonnas on v\u00f5imalik teisip\u00e4evast kuni reedeni teha tasulises korras teostada kusiti p\u00f5letiku\/suguhaiguste uuringud ja ravi \u00fche p\u00e4eva jooksul. Vajalik eelnev registreerimine telefoni (7 319 323) v\u00f5i e-maili (meestekliinik@kliinikum.ee) teel. \u00a0 \u00dchep\u00e4evane teenus eeldab uuritava materjali (hommikuse esmasuriini) j\u00f5udmist meestekliiniku Tartu keskusesse (L. Puusepa 1a, kab 2060) hommikul ajavahemikus 7:50 kuni 8:00. Arsti vastuv\u00f5tt&hellip;","_links":{"self":[{"href":"https:\/\/www.kliinikum.ee\/meestekliinik\/wp-json\/wp\/v2\/pages\/6938","targetHints":{"allow":["GET"]}}],"collection":[{"href":"https:\/\/www.kliinikum.ee\/meestekliinik\/wp-json\/wp\/v2\/pages"}],"about":[{"href":"https:\/\/www.kliinikum.ee\/meestekliinik\/wp-json\/wp\/v2\/types\/page"}],"author":[{"embeddable":true,"href":"https:\/\/www.kliinikum.ee\/meestekliinik\/wp-json\/wp\/v2\/users\/30"}],"replies":[{"embeddable":true,"href":"https:\/\/www.kliinikum.ee\/meestekliinik\/wp-json\/wp\/v2\/comments?post=6938"}],"version-history":[{"count":0,"href":"https:\/\/www.kliinikum.ee\/meestekliinik\/wp-json\/wp\/v2\/pages\/6938\/revisions"}],"up":[{"embeddable":true,"href":"https:\/\/www.kliinikum.ee\/meestekliinik\/wp-json\/wp\/v2\/pages\/6866"}],"wp:attachment":[{"href":"https:\/\/www.kliinikum.ee\/meestekliinik\/wp-json\/wp\/v2\/media?parent=6938"}],"curies":[{"name":"wp","href":"https:\/\/api.w.org\/{rel}","templated":true}]}}