{"id":6954,"date":"2023-10-16T09:37:54","date_gmt":"2023-10-16T07:37:54","guid":{"rendered":"https:\/\/www.kliinikum.ee\/meestekliinik\/?page_id=6954"},"modified":"2023-11-13T17:53:51","modified_gmt":"2023-11-13T15:53:51","slug":"teadus-ja-oppetoo","status":"publish","type":"page","link":"https:\/\/www.kliinikum.ee\/meestekliinik\/teadus-ja-oppetoo\/","title":{"rendered":"Teadus- ja \u00f5ppet\u00f6\u00f6"},"content":{"rendered":"\n<p class=\"has-medium-font-size\">Tartu \u00dclikooli arstiteaduskonnas pakume kahte valikainet:<\/p>\n\n\n\n<p class=\"has-medium-font-size\">Sissejuhatus androloogiasse \u2013 kokku 20 loengutundi<br>Androloogiline uroloogia \u2013 kokku 20 tundi seminare ja loenguid<\/p>\n\n\n\n<p class=\"has-medium-font-size\">K\u00e4igusolevad olulisemad teadusuuringud<\/p>\n\n\n\n<p class=\"has-medium-font-size\">Meeste viljatuse mono- ja digeensed p\u00f5hjused: uued leiud eksoomi sekveneerimise ajastul, nende pleiotroopsed m\u00f5jud ja kliiniline kasu<\/p>\n\n\n\n<div class=\"wp-block-uagb-image alignleft uagb-block-b52ed211 wp-block-uagb-image--layout-default wp-block-uagb-image--effect-static wp-block-uagb-image--align-left\"><figure class=\"wp-block-uagb-image__figure\"><img decoding=\"async\" srcset=\"https:\/\/www.kliinikum.ee\/meestekliinik\/wp-content\/uploads\/2023\/11\/IMG_3982-1024x683.jpg ,https:\/\/www.kliinikum.ee\/meestekliinik\/wp-content\/uploads\/2023\/11\/IMG_3982-scaled.jpg 780w, https:\/\/www.kliinikum.ee\/meestekliinik\/wp-content\/uploads\/2023\/11\/IMG_3982-scaled.jpg 360w\" sizes=\"auto, (max-width: 480px) 150px\" src=\"https:\/\/www.kliinikum.ee\/meestekliinik\/wp-content\/uploads\/2023\/11\/IMG_3982-1024x683.jpg\" alt=\"\" class=\"uag-image-10025\" width=\"1024\" height=\"683\" title=\"\" loading=\"lazy\"\/><\/figure><\/div>\n","protected":false},"excerpt":{"rendered":"<p>Tartu \u00dclikooli arstiteaduskonnas pakume kahte valikainet: Sissejuhatus androloogiasse \u2013 kokku 20 loengutundiAndroloogiline uroloogia \u2013 kokku 20 tundi seminare ja loenguid K\u00e4igusolevad olulisemad teadusuuringud Meeste viljatuse mono- ja digeensed p\u00f5hjused: uued leiud eksoomi sekveneerimise ajastul, nende pleiotroopsed m\u00f5jud ja kliiniline kasu<\/p>\n","protected":false},"author":33,"featured_media":0,"parent":0,"menu_order":4,"comment_status":"closed","ping_status":"closed","template":"","meta":{"_acf_changed":false,"_uag_custom_page_level_css":"","footnotes":""},"class_list":["post-6954","page","type-page","status-publish","hentry"],"acf":[],"yoast_head":"<!-- This site is optimized with the Yoast SEO plugin v27.3 - https:\/\/yoast.com\/product\/yoast-seo-wordpress\/ -->\n<title>Teadus- ja \u00f5ppet\u00f6\u00f6 - Meestekliinik<\/title>\n<meta name=\"robots\" content=\"index, follow, max-snippet:-1, max-image-preview:large, max-video-preview:-1\" \/>\n<link rel=\"canonical\" href=\"https:\/\/www.kliinikum.ee\/meestekliinik\/teadus-ja-oppetoo\/\" \/>\n<meta property=\"og:locale\" content=\"et_EE\" \/>\n<meta property=\"og:type\" content=\"article\" \/>\n<meta property=\"og:title\" content=\"Teadus- ja \u00f5ppet\u00f6\u00f6 - Meestekliinik\" \/>\n<meta property=\"og:description\" content=\"Tartu \u00dclikooli arstiteaduskonnas pakume kahte valikainet: Sissejuhatus androloogiasse \u2013 kokku 20 loengutundiAndroloogiline uroloogia \u2013 kokku 20 tundi seminare ja loenguid K\u00e4igusolevad olulisemad teadusuuringud Meeste viljatuse mono- ja digeensed p\u00f5hjused: uued leiud eksoomi sekveneerimise ajastul, nende pleiotroopsed m\u00f5jud ja kliiniline kasu\" \/>\n<meta property=\"og:url\" content=\"https:\/\/www.kliinikum.ee\/meestekliinik\/teadus-ja-oppetoo\/\" \/>\n<meta property=\"og:site_name\" content=\"Meestekliinik\" \/>\n<meta property=\"article:modified_time\" content=\"2023-11-13T15:53:51+00:00\" \/>\n<meta property=\"og:image\" content=\"https:\/\/www.kliinikum.ee\/meestekliinik\/wp-content\/uploads\/2023\/11\/IMG_3982-1024x683.jpg\" \/>\n<meta name=\"twitter:card\" content=\"summary_large_image\" \/>\n<meta name=\"twitter:label1\" content=\"Est. reading time\" \/>\n\t<meta name=\"twitter:data1\" content=\"1 minut\" \/>\n<script type=\"application\/ld+json\" class=\"yoast-schema-graph\">{\"@context\":\"https:\\\/\\\/schema.org\",\"@graph\":[{\"@type\":\"WebPage\",\"@id\":\"https:\\\/\\\/www.kliinikum.ee\\\/meestekliinik\\\/teadus-ja-oppetoo\\\/\",\"url\":\"https:\\\/\\\/www.kliinikum.ee\\\/meestekliinik\\\/teadus-ja-oppetoo\\\/\",\"name\":\"Teadus- ja \u00f5ppet\u00f6\u00f6 - Meestekliinik\",\"isPartOf\":{\"@id\":\"https:\\\/\\\/www.kliinikum.ee\\\/meestekliinik\\\/#website\"},\"primaryImageOfPage\":{\"@id\":\"https:\\\/\\\/www.kliinikum.ee\\\/meestekliinik\\\/teadus-ja-oppetoo\\\/#primaryimage\"},\"image\":{\"@id\":\"https:\\\/\\\/www.kliinikum.ee\\\/meestekliinik\\\/teadus-ja-oppetoo\\\/#primaryimage\"},\"thumbnailUrl\":\"https:\\\/\\\/www.kliinikum.ee\\\/meestekliinik\\\/wp-content\\\/uploads\\\/2023\\\/11\\\/IMG_3982-1024x683.jpg\",\"datePublished\":\"2023-10-16T07:37:54+00:00\",\"dateModified\":\"2023-11-13T15:53:51+00:00\",\"breadcrumb\":{\"@id\":\"https:\\\/\\\/www.kliinikum.ee\\\/meestekliinik\\\/teadus-ja-oppetoo\\\/#breadcrumb\"},\"inLanguage\":\"et\",\"potentialAction\":[{\"@type\":\"ReadAction\",\"target\":[\"https:\\\/\\\/www.kliinikum.ee\\\/meestekliinik\\\/teadus-ja-oppetoo\\\/\"]}]},{\"@type\":\"ImageObject\",\"inLanguage\":\"et\",\"@id\":\"https:\\\/\\\/www.kliinikum.ee\\\/meestekliinik\\\/teadus-ja-oppetoo\\\/#primaryimage\",\"url\":\"https:\\\/\\\/www.kliinikum.ee\\\/meestekliinik\\\/wp-content\\\/uploads\\\/2023\\\/11\\\/IMG_3982-scaled.jpg\",\"contentUrl\":\"https:\\\/\\\/www.kliinikum.ee\\\/meestekliinik\\\/wp-content\\\/uploads\\\/2023\\\/11\\\/IMG_3982-scaled.jpg\",\"width\":2560,\"height\":1706},{\"@type\":\"BreadcrumbList\",\"@id\":\"https:\\\/\\\/www.kliinikum.ee\\\/meestekliinik\\\/teadus-ja-oppetoo\\\/#breadcrumb\",\"itemListElement\":[{\"@type\":\"ListItem\",\"position\":1,\"name\":\"Home\",\"item\":\"https:\\\/\\\/www.kliinikum.ee\\\/meestekliinik\\\/\"},{\"@type\":\"ListItem\",\"position\":2,\"name\":\"Teadus- ja \u00f5ppet\u00f6\u00f6\"}]},{\"@type\":\"WebSite\",\"@id\":\"https:\\\/\\\/www.kliinikum.ee\\\/meestekliinik\\\/#website\",\"url\":\"https:\\\/\\\/www.kliinikum.ee\\\/meestekliinik\\\/\",\"name\":\"Meestekliinik\",\"description\":\"Hoolivus, Uuendusmeelsus, P\u00e4devus ja Usaldusv\u00e4\u00e4rsus\",\"potentialAction\":[{\"@type\":\"SearchAction\",\"target\":{\"@type\":\"EntryPoint\",\"urlTemplate\":\"https:\\\/\\\/www.kliinikum.ee\\\/meestekliinik\\\/?s={search_term_string}\"},\"query-input\":{\"@type\":\"PropertyValueSpecification\",\"valueRequired\":true,\"valueName\":\"search_term_string\"}}],\"inLanguage\":\"et\"}]}<\/script>\n<!-- \/ Yoast SEO plugin. -->","yoast_head_json":{"title":"Teadus- ja \u00f5ppet\u00f6\u00f6 - Meestekliinik","robots":{"index":"index","follow":"follow","max-snippet":"max-snippet:-1","max-image-preview":"max-image-preview:large","max-video-preview":"max-video-preview:-1"},"canonical":"https:\/\/www.kliinikum.ee\/meestekliinik\/teadus-ja-oppetoo\/","og_locale":"et_EE","og_type":"article","og_title":"Teadus- ja \u00f5ppet\u00f6\u00f6 - Meestekliinik","og_description":"Tartu \u00dclikooli arstiteaduskonnas pakume kahte valikainet: Sissejuhatus androloogiasse \u2013 kokku 20 loengutundiAndroloogiline uroloogia \u2013 kokku 20 tundi seminare ja loenguid K\u00e4igusolevad olulisemad teadusuuringud Meeste viljatuse mono- ja digeensed p\u00f5hjused: uued leiud eksoomi sekveneerimise ajastul, nende pleiotroopsed m\u00f5jud ja kliiniline kasu","og_url":"https:\/\/www.kliinikum.ee\/meestekliinik\/teadus-ja-oppetoo\/","og_site_name":"Meestekliinik","article_modified_time":"2023-11-13T15:53:51+00:00","og_image":[{"url":"https:\/\/www.kliinikum.ee\/meestekliinik\/wp-content\/uploads\/2023\/11\/IMG_3982-1024x683.jpg","type":"","width":"","height":""}],"twitter_card":"summary_large_image","twitter_misc":{"Est. reading time":"1 minut"},"schema":{"@context":"https:\/\/schema.org","@graph":[{"@type":"WebPage","@id":"https:\/\/www.kliinikum.ee\/meestekliinik\/teadus-ja-oppetoo\/","url":"https:\/\/www.kliinikum.ee\/meestekliinik\/teadus-ja-oppetoo\/","name":"Teadus- ja \u00f5ppet\u00f6\u00f6 - Meestekliinik","isPartOf":{"@id":"https:\/\/www.kliinikum.ee\/meestekliinik\/#website"},"primaryImageOfPage":{"@id":"https:\/\/www.kliinikum.ee\/meestekliinik\/teadus-ja-oppetoo\/#primaryimage"},"image":{"@id":"https:\/\/www.kliinikum.ee\/meestekliinik\/teadus-ja-oppetoo\/#primaryimage"},"thumbnailUrl":"https:\/\/www.kliinikum.ee\/meestekliinik\/wp-content\/uploads\/2023\/11\/IMG_3982-1024x683.jpg","datePublished":"2023-10-16T07:37:54+00:00","dateModified":"2023-11-13T15:53:51+00:00","breadcrumb":{"@id":"https:\/\/www.kliinikum.ee\/meestekliinik\/teadus-ja-oppetoo\/#breadcrumb"},"inLanguage":"et","potentialAction":[{"@type":"ReadAction","target":["https:\/\/www.kliinikum.ee\/meestekliinik\/teadus-ja-oppetoo\/"]}]},{"@type":"ImageObject","inLanguage":"et","@id":"https:\/\/www.kliinikum.ee\/meestekliinik\/teadus-ja-oppetoo\/#primaryimage","url":"https:\/\/www.kliinikum.ee\/meestekliinik\/wp-content\/uploads\/2023\/11\/IMG_3982-scaled.jpg","contentUrl":"https:\/\/www.kliinikum.ee\/meestekliinik\/wp-content\/uploads\/2023\/11\/IMG_3982-scaled.jpg","width":2560,"height":1706},{"@type":"BreadcrumbList","@id":"https:\/\/www.kliinikum.ee\/meestekliinik\/teadus-ja-oppetoo\/#breadcrumb","itemListElement":[{"@type":"ListItem","position":1,"name":"Home","item":"https:\/\/www.kliinikum.ee\/meestekliinik\/"},{"@type":"ListItem","position":2,"name":"Teadus- ja \u00f5ppet\u00f6\u00f6"}]},{"@type":"WebSite","@id":"https:\/\/www.kliinikum.ee\/meestekliinik\/#website","url":"https:\/\/www.kliinikum.ee\/meestekliinik\/","name":"Meestekliinik","description":"Hoolivus, Uuendusmeelsus, P\u00e4devus ja Usaldusv\u00e4\u00e4rsus","potentialAction":[{"@type":"SearchAction","target":{"@type":"EntryPoint","urlTemplate":"https:\/\/www.kliinikum.ee\/meestekliinik\/?s={search_term_string}"},"query-input":{"@type":"PropertyValueSpecification","valueRequired":true,"valueName":"search_term_string"}}],"inLanguage":"et"}]}},"uagb_featured_image_src":{"full":false,"thumbnail":false,"medium":false,"medium_large":false,"large":false,"1536x1536":false,"2048x2048":false},"uagb_author_info":{"display_name":"Jane Freimann","author_link":"https:\/\/www.kliinikum.ee\/meestekliinik\/author\/janef\/"},"uagb_comment_info":0,"uagb_excerpt":"Tartu \u00dclikooli arstiteaduskonnas pakume kahte valikainet: Sissejuhatus androloogiasse \u2013 kokku 20 loengutundiAndroloogiline uroloogia \u2013 kokku 20 tundi seminare ja loenguid K\u00e4igusolevad olulisemad teadusuuringud Meeste viljatuse mono- ja digeensed p\u00f5hjused: uued leiud eksoomi sekveneerimise ajastul, nende pleiotroopsed m\u00f5jud ja kliiniline kasu","_links":{"self":[{"href":"https:\/\/www.kliinikum.ee\/meestekliinik\/wp-json\/wp\/v2\/pages\/6954","targetHints":{"allow":["GET"]}}],"collection":[{"href":"https:\/\/www.kliinikum.ee\/meestekliinik\/wp-json\/wp\/v2\/pages"}],"about":[{"href":"https:\/\/www.kliinikum.ee\/meestekliinik\/wp-json\/wp\/v2\/types\/page"}],"author":[{"embeddable":true,"href":"https:\/\/www.kliinikum.ee\/meestekliinik\/wp-json\/wp\/v2\/users\/33"}],"replies":[{"embeddable":true,"href":"https:\/\/www.kliinikum.ee\/meestekliinik\/wp-json\/wp\/v2\/comments?post=6954"}],"version-history":[{"count":0,"href":"https:\/\/www.kliinikum.ee\/meestekliinik\/wp-json\/wp\/v2\/pages\/6954\/revisions"}],"wp:attachment":[{"href":"https:\/\/www.kliinikum.ee\/meestekliinik\/wp-json\/wp\/v2\/media?parent=6954"}],"curies":[{"name":"wp","href":"https:\/\/api.w.org\/{rel}","templated":true}]}}