{"id":6959,"date":"2023-10-16T10:44:53","date_gmt":"2023-10-16T08:44:53","guid":{"rendered":"https:\/\/www.kliinikum.ee\/meestekliinik\/?page_id=6959"},"modified":"2025-03-18T16:38:56","modified_gmt":"2025-03-18T14:38:56","slug":"filiaalid","status":"publish","type":"page","link":"https:\/\/www.kliinikum.ee\/meestekliinik\/patsiendile\/filiaalid\/","title":{"rendered":"Meestekliiniku keskused"},"content":{"rendered":"\n<p class=\"has-medium-font-size\"><strong>Ambulatoorsele vastuv\u00f5tule registreerimine telefonil&nbsp; 731 9100, &nbsp;e-postil&nbsp;<\/strong><a href=\"mailto:meestekliinik@kliinikum.ee\"><strong>meestekliinik@kliinikum.ee<\/strong><\/a><strong>, \u00fcleriigilises&nbsp;<\/strong><a href=\"https:\/\/www.digilugu.ee\/login?redirectTo=DR_PORTAL&amp;returnUrl=www.kliinikum.ee&amp;destPage=search_appointment&amp;providerCode=90001478&amp;providerCounty=Tartu%20maakond\"><strong>digiregistratuuris<\/strong><\/a><strong>,&nbsp;<\/strong><a href=\"https:\/\/epatsient.kliinikum.ee\/web\/pp\/avaleht\"><strong>portaali ePatsient kaudu<\/strong><\/a><strong>&nbsp;v\u00f5i&nbsp;<\/strong><a href=\"https:\/\/www.kliinikum.ee\/meestekliinik\/registreeri-end-vastuvotule#top\"><strong>kodulehe vormi<\/strong><\/a><strong>&nbsp;kaudu.<\/strong><\/p>\n\n\n\n<p class=\"has-medium-font-size\">Tartu \u00dclikooli Kliinikumi meestekliinik on suurim meestele suunatud spetsialiseeritud tervishoiuteenuse pakkuja Balti- ja P\u00f5hjamaades. Pakume k\u00f5rgeimal tasemel kompleksset abi k\u00f5igi meestehaiguste korral. Meestekliinikul on avatud keskused lisaks Tartule ka Tallinnas, P\u00e4rnus ja Narvas. <\/p>\n\n\n\n<p class=\"has-medium-font-size\"><strong>TARTU KESKUS<\/strong><br>L. Puusepa 1a, II korrus<br>tel. 731 9323<br><br>Oleme avatud:<br>E-R 08:00-17:00<\/p>\n\n\n\n<p class=\"has-medium-font-size\"><strong>TALLINNA KESKUS<\/strong><br>Sepapaja 12, 6 korrus<br>tel. 731 8004<\/p>\n\n\n\n<p class=\"has-medium-font-size\">Oleme avatud:<br>E-N 08:00-17:00, R 08:00-16:00<br>Kell 12:00-13:00 on keskus suletud, telefonile ei vastata. Palume m\u00f5istvat suhtumist.<\/p>\n\n\n\n<p class=\"has-medium-font-size\"><strong>NARVA KESKUS<\/strong><br>Linda 2, III korrus sissep\u00e4\u00e4suga Kerese t\u00e4navalt<br>tel. 731 7223<br><br>Oleme avatud:<br>Vastuv\u00f5tte viivad l\u00e4bi Tartu\/Tallinna keskuse arstid\/\u00f5ed, iga kuu erinevalt ja vastavalt graafikule. <\/p>\n\n\n\n<p class=\"has-medium-font-size\"><strong>P\u00c4RNU KESKUS<\/strong><br>Seedri 6, II korrus, kabinet 200 (tervisekeskus)<br>tel. 731 9441<br><br>Oleme avatud:<br>Vastuv\u00f5tte viivad l\u00e4bi Tartu\/Tallinna keskuse arstid\/\u00f5ed\/laborandid, iga kuu erinevalt ja vastavalt graafikule. <\/p>\n\n\n\n<p><\/p>\n\n\n\n<p><br><\/p>\n\n\n\n<p><\/p>\n","protected":false},"excerpt":{"rendered":"<p>Ambulatoorsele vastuv\u00f5tule registreerimine telefonil&nbsp; 731 9100, &nbsp;e-postil&nbsp;meestekliinik@kliinikum.ee, \u00fcleriigilises&nbsp;digiregistratuuris,&nbsp;portaali ePatsient kaudu&nbsp;v\u00f5i&nbsp;kodulehe vormi&nbsp;kaudu. Tartu \u00dclikooli Kliinikumi meestekliinik on suurim meestele suunatud spetsialiseeritud tervishoiuteenuse pakkuja Balti- ja P\u00f5hjamaades. Pakume k\u00f5rgeimal tasemel kompleksset abi k\u00f5igi meestehaiguste korral. Meestekliinikul on avatud keskused lisaks Tartule ka Tallinnas, P\u00e4rnus ja Narvas. TARTU KESKUSL. Puusepa 1a, II korrustel. 731 9323 Oleme avatud:E-R 08:00-17:00 [&hellip;]<\/p>\n","protected":false},"author":30,"featured_media":0,"parent":15,"menu_order":5,"comment_status":"closed","ping_status":"closed","template":"","meta":{"_acf_changed":false,"_uag_custom_page_level_css":"","footnotes":""},"class_list":["post-6959","page","type-page","status-publish","hentry"],"acf":[],"yoast_head":"<!-- This site is optimized with the Yoast SEO plugin v27.3 - https:\/\/yoast.com\/product\/yoast-seo-wordpress\/ -->\n<title>Meestekliiniku keskused - Meestekliinik<\/title>\n<meta name=\"robots\" content=\"index, follow, max-snippet:-1, max-image-preview:large, max-video-preview:-1\" \/>\n<link rel=\"canonical\" href=\"https:\/\/www.kliinikum.ee\/meestekliinik\/patsiendile\/filiaalid\/\" \/>\n<meta property=\"og:locale\" content=\"et_EE\" \/>\n<meta property=\"og:type\" content=\"article\" \/>\n<meta property=\"og:title\" content=\"Meestekliiniku keskused - Meestekliinik\" \/>\n<meta property=\"og:description\" content=\"Ambulatoorsele vastuv\u00f5tule registreerimine telefonil&nbsp; 731 9100, &nbsp;e-postil&nbsp;meestekliinik@kliinikum.ee, \u00fcleriigilises&nbsp;digiregistratuuris,&nbsp;portaali ePatsient kaudu&nbsp;v\u00f5i&nbsp;kodulehe vormi&nbsp;kaudu. Tartu \u00dclikooli Kliinikumi meestekliinik on suurim meestele suunatud spetsialiseeritud tervishoiuteenuse pakkuja Balti- ja P\u00f5hjamaades. Pakume k\u00f5rgeimal tasemel kompleksset abi k\u00f5igi meestehaiguste korral. Meestekliinikul on avatud keskused lisaks Tartule ka Tallinnas, P\u00e4rnus ja Narvas. TARTU KESKUSL. Puusepa 1a, II korrustel. 731 9323 Oleme avatud:E-R 08:00-17:00 [&hellip;]\" \/>\n<meta property=\"og:url\" content=\"https:\/\/www.kliinikum.ee\/meestekliinik\/patsiendile\/filiaalid\/\" \/>\n<meta property=\"og:site_name\" content=\"Meestekliinik\" \/>\n<meta property=\"article:modified_time\" content=\"2025-03-18T14:38:56+00:00\" \/>\n<meta name=\"twitter:card\" content=\"summary_large_image\" \/>\n<meta name=\"twitter:label1\" content=\"Est. reading time\" \/>\n\t<meta name=\"twitter:data1\" content=\"1 minut\" \/>\n<script type=\"application\/ld+json\" class=\"yoast-schema-graph\">{\"@context\":\"https:\\\/\\\/schema.org\",\"@graph\":[{\"@type\":\"WebPage\",\"@id\":\"https:\\\/\\\/www.kliinikum.ee\\\/meestekliinik\\\/patsiendile\\\/filiaalid\\\/\",\"url\":\"https:\\\/\\\/www.kliinikum.ee\\\/meestekliinik\\\/patsiendile\\\/filiaalid\\\/\",\"name\":\"Meestekliiniku keskused - Meestekliinik\",\"isPartOf\":{\"@id\":\"https:\\\/\\\/www.kliinikum.ee\\\/meestekliinik\\\/#website\"},\"datePublished\":\"2023-10-16T08:44:53+00:00\",\"dateModified\":\"2025-03-18T14:38:56+00:00\",\"breadcrumb\":{\"@id\":\"https:\\\/\\\/www.kliinikum.ee\\\/meestekliinik\\\/patsiendile\\\/filiaalid\\\/#breadcrumb\"},\"inLanguage\":\"et\",\"potentialAction\":[{\"@type\":\"ReadAction\",\"target\":[\"https:\\\/\\\/www.kliinikum.ee\\\/meestekliinik\\\/patsiendile\\\/filiaalid\\\/\"]}]},{\"@type\":\"BreadcrumbList\",\"@id\":\"https:\\\/\\\/www.kliinikum.ee\\\/meestekliinik\\\/patsiendile\\\/filiaalid\\\/#breadcrumb\",\"itemListElement\":[{\"@type\":\"ListItem\",\"position\":1,\"name\":\"Home\",\"item\":\"https:\\\/\\\/www.kliinikum.ee\\\/meestekliinik\\\/\"},{\"@type\":\"ListItem\",\"position\":2,\"name\":\"Patsiendile\",\"item\":\"https:\\\/\\\/www.kliinikum.ee\\\/meestekliinik\\\/patsiendile\\\/\"},{\"@type\":\"ListItem\",\"position\":3,\"name\":\"Meestekliiniku keskused\"}]},{\"@type\":\"WebSite\",\"@id\":\"https:\\\/\\\/www.kliinikum.ee\\\/meestekliinik\\\/#website\",\"url\":\"https:\\\/\\\/www.kliinikum.ee\\\/meestekliinik\\\/\",\"name\":\"Meestekliinik\",\"description\":\"Hoolivus, Uuendusmeelsus, P\u00e4devus ja Usaldusv\u00e4\u00e4rsus\",\"potentialAction\":[{\"@type\":\"SearchAction\",\"target\":{\"@type\":\"EntryPoint\",\"urlTemplate\":\"https:\\\/\\\/www.kliinikum.ee\\\/meestekliinik\\\/?s={search_term_string}\"},\"query-input\":{\"@type\":\"PropertyValueSpecification\",\"valueRequired\":true,\"valueName\":\"search_term_string\"}}],\"inLanguage\":\"et\"}]}<\/script>\n<!-- \/ Yoast SEO plugin. -->","yoast_head_json":{"title":"Meestekliiniku keskused - Meestekliinik","robots":{"index":"index","follow":"follow","max-snippet":"max-snippet:-1","max-image-preview":"max-image-preview:large","max-video-preview":"max-video-preview:-1"},"canonical":"https:\/\/www.kliinikum.ee\/meestekliinik\/patsiendile\/filiaalid\/","og_locale":"et_EE","og_type":"article","og_title":"Meestekliiniku keskused - Meestekliinik","og_description":"Ambulatoorsele vastuv\u00f5tule registreerimine telefonil&nbsp; 731 9100, &nbsp;e-postil&nbsp;meestekliinik@kliinikum.ee, \u00fcleriigilises&nbsp;digiregistratuuris,&nbsp;portaali ePatsient kaudu&nbsp;v\u00f5i&nbsp;kodulehe vormi&nbsp;kaudu. Tartu \u00dclikooli Kliinikumi meestekliinik on suurim meestele suunatud spetsialiseeritud tervishoiuteenuse pakkuja Balti- ja P\u00f5hjamaades. Pakume k\u00f5rgeimal tasemel kompleksset abi k\u00f5igi meestehaiguste korral. Meestekliinikul on avatud keskused lisaks Tartule ka Tallinnas, P\u00e4rnus ja Narvas. TARTU KESKUSL. Puusepa 1a, II korrustel. 731 9323 Oleme avatud:E-R 08:00-17:00 [&hellip;]","og_url":"https:\/\/www.kliinikum.ee\/meestekliinik\/patsiendile\/filiaalid\/","og_site_name":"Meestekliinik","article_modified_time":"2025-03-18T14:38:56+00:00","twitter_card":"summary_large_image","twitter_misc":{"Est. reading time":"1 minut"},"schema":{"@context":"https:\/\/schema.org","@graph":[{"@type":"WebPage","@id":"https:\/\/www.kliinikum.ee\/meestekliinik\/patsiendile\/filiaalid\/","url":"https:\/\/www.kliinikum.ee\/meestekliinik\/patsiendile\/filiaalid\/","name":"Meestekliiniku keskused - Meestekliinik","isPartOf":{"@id":"https:\/\/www.kliinikum.ee\/meestekliinik\/#website"},"datePublished":"2023-10-16T08:44:53+00:00","dateModified":"2025-03-18T14:38:56+00:00","breadcrumb":{"@id":"https:\/\/www.kliinikum.ee\/meestekliinik\/patsiendile\/filiaalid\/#breadcrumb"},"inLanguage":"et","potentialAction":[{"@type":"ReadAction","target":["https:\/\/www.kliinikum.ee\/meestekliinik\/patsiendile\/filiaalid\/"]}]},{"@type":"BreadcrumbList","@id":"https:\/\/www.kliinikum.ee\/meestekliinik\/patsiendile\/filiaalid\/#breadcrumb","itemListElement":[{"@type":"ListItem","position":1,"name":"Home","item":"https:\/\/www.kliinikum.ee\/meestekliinik\/"},{"@type":"ListItem","position":2,"name":"Patsiendile","item":"https:\/\/www.kliinikum.ee\/meestekliinik\/patsiendile\/"},{"@type":"ListItem","position":3,"name":"Meestekliiniku keskused"}]},{"@type":"WebSite","@id":"https:\/\/www.kliinikum.ee\/meestekliinik\/#website","url":"https:\/\/www.kliinikum.ee\/meestekliinik\/","name":"Meestekliinik","description":"Hoolivus, Uuendusmeelsus, P\u00e4devus ja Usaldusv\u00e4\u00e4rsus","potentialAction":[{"@type":"SearchAction","target":{"@type":"EntryPoint","urlTemplate":"https:\/\/www.kliinikum.ee\/meestekliinik\/?s={search_term_string}"},"query-input":{"@type":"PropertyValueSpecification","valueRequired":true,"valueName":"search_term_string"}}],"inLanguage":"et"}]}},"uagb_featured_image_src":{"full":false,"thumbnail":false,"medium":false,"medium_large":false,"large":false,"1536x1536":false,"2048x2048":false},"uagb_author_info":{"display_name":"Kristiina Noortoots","author_link":"https:\/\/www.kliinikum.ee\/meestekliinik\/author\/kristiinn\/"},"uagb_comment_info":0,"uagb_excerpt":"Ambulatoorsele vastuv\u00f5tule registreerimine telefonil&nbsp; 731 9100, &nbsp;e-postil&nbsp;meestekliinik@kliinikum.ee, \u00fcleriigilises&nbsp;digiregistratuuris,&nbsp;portaali ePatsient kaudu&nbsp;v\u00f5i&nbsp;kodulehe vormi&nbsp;kaudu. Tartu \u00dclikooli Kliinikumi meestekliinik on suurim meestele suunatud spetsialiseeritud tervishoiuteenuse pakkuja Balti- ja P\u00f5hjamaades. Pakume k\u00f5rgeimal tasemel kompleksset abi k\u00f5igi meestehaiguste korral. Meestekliinikul on avatud keskused lisaks Tartule ka Tallinnas, P\u00e4rnus ja Narvas. TARTU KESKUSL. Puusepa 1a, II korrustel. 731 9323 Oleme avatud:E-R 08:00-17:00&hellip;","_links":{"self":[{"href":"https:\/\/www.kliinikum.ee\/meestekliinik\/wp-json\/wp\/v2\/pages\/6959","targetHints":{"allow":["GET"]}}],"collection":[{"href":"https:\/\/www.kliinikum.ee\/meestekliinik\/wp-json\/wp\/v2\/pages"}],"about":[{"href":"https:\/\/www.kliinikum.ee\/meestekliinik\/wp-json\/wp\/v2\/types\/page"}],"author":[{"embeddable":true,"href":"https:\/\/www.kliinikum.ee\/meestekliinik\/wp-json\/wp\/v2\/users\/30"}],"replies":[{"embeddable":true,"href":"https:\/\/www.kliinikum.ee\/meestekliinik\/wp-json\/wp\/v2\/comments?post=6959"}],"version-history":[{"count":0,"href":"https:\/\/www.kliinikum.ee\/meestekliinik\/wp-json\/wp\/v2\/pages\/6959\/revisions"}],"up":[{"embeddable":true,"href":"https:\/\/www.kliinikum.ee\/meestekliinik\/wp-json\/wp\/v2\/pages\/15"}],"wp:attachment":[{"href":"https:\/\/www.kliinikum.ee\/meestekliinik\/wp-json\/wp\/v2\/media?parent=6959"}],"curies":[{"name":"wp","href":"https:\/\/api.w.org\/{rel}","templated":true}]}}