{"id":6985,"date":"2023-10-16T14:22:23","date_gmt":"2023-10-16T12:22:23","guid":{"rendered":"https:\/\/www.kliinikum.ee\/meestekliinik\/?page_id=6985"},"modified":"2023-11-08T16:11:48","modified_gmt":"2023-11-08T14:11:48","slug":"meestekliiniku-kinkekaart","status":"publish","type":"page","link":"https:\/\/www.kliinikum.ee\/meestekliinik\/hinnakirjad-no-menu\/meestekliiniku-kinkekaart\/","title":{"rendered":"Meestekliiniku kinkekaart"},"content":{"rendered":"\n<p class=\"has-medium-font-size\"><strong>T\u00dc Kliinikumi meestekliiniku TERVISHOIUTEENUSE OSUTAMISE KINKEKAART<\/strong><br>K\u00f5ige raskem on esimese sammu astumine.<br>Kogemus n\u00e4itab, et meestel on oma tervisega seotud esimeste sammude astumine eriti raske.<br>Meil k\u00f5igil on l\u00e4hikonnas inimesi, kellest me v\u00e4ga hoolime ja kelle tervise ja heaolu p\u00e4rast me muret tunneme. H\u00e4sti on teada, et eesti meeste tervis on kehvapoolne. Teame, et meeste tervisek\u00e4itumine on probleemsem kui naistel. Samuti puudub meestel harjumus oma tervist regulaarselt kontrollida.<br>Meestekliiniku kinkekaardiga anname teie k\u00e4sutusse delikaatse v\u00f5imaluse, kuidas viia oma l\u00e4hedase meesterahva teadvusesse m\u00f5te tervisekontrolli vajadusest.<br><strong>Kingi meelerahu oma l\u00e4hedasele ja iseendale!<\/strong><\/p>\n\n\n\n<p class=\"has-medium-font-size\"><strong>K\u00f5iki uuringuid saab teostada meestekliiniku Tartu, Tallinna, Narva ja P\u00e4rnu keskuses.<\/strong><\/p>\n\n\n\n<p class=\"has-medium-font-size\"><strong>Kinkekaarti saab osta T\u00dcK meestekliiniku elektroonilisest sekretariaadist. Kontakt&nbsp;<a href=\"mailto:meestekliinik@kliinikum.ee.\"><\/a><a href=\"mailto:meestekliinik@kliinikum.ee\">meestekliinik@kliinikum.ee<\/a>.&nbsp;Lisainfo telefonil 7319323.<\/strong><\/p>\n\n\n\n<p class=\"has-medium-font-size\"><strong>Kinkekaardi kasutamise tingimused<\/strong><\/p>\n\n\n\n<ul class=\"wp-block-list\">\n<li class=\"has-medium-font-size\">kinkekaart on personaalne ja teenus osutatakse ainult kinkekaardiga seotud isikukoodiga isikule.<\/li>\n\n\n\n<li class=\"has-medium-font-size\">kinkekaardi alusel osutatakse tervishoiuteenust kaardil m\u00e4rgitud koodi sisuks oleva teenusekompleksi ulatuses. Kui lisaks soovitakse vastavasse teenusekompleksi mittekuuluvaid uuringuid, tuleb nende eest tasuda t\u00e4iendavalt maksekaardi v\u00f5i \u00fclekandega, vastavalt teenuse osutamise hetkel kehtivale Kliinikumi tasuliste teenuste hinnakirjale (TKL-81).<\/li>\n\n\n\n<li class=\"has-medium-font-size\">kinkekaardil m\u00e4rgitud teenust v\u00f5ib enne teenuse osutamist \u00fcmber vahetada sama hinnaga teise kompleksteenuse vastu.<\/li>\n\n\n\n<li class=\"has-medium-font-size\">kinkekaart aktiveerub teenuse eest makse laekumise hetkel. Kinkekaart loetakse kasutatuks teenuse osutamise ja dokumenteerimise j\u00e4rgselt<\/li>\n\n\n\n<li class=\"has-medium-font-size\">kinkekaardi eest ei saa osta uut kinkekaarti.<\/li>\n\n\n\n<li class=\"has-medium-font-size\">kinkekaarti ei vahetata sularaha vastu.<\/li>\n\n\n\n<li class=\"has-medium-font-size\">kinkekaart kehtib ostup\u00e4evast alates 6 kuud. Kinkekaarte ei pikendata. Kehtivusaja \u00fcletamisel muutub kinkekaart kehtetuks.<\/li>\n\n\n\n<li class=\"has-medium-font-size\">lisainfo ning visiidi ja uuringuaegade broneerimine:\u00a0<a href=\"mailto:meestekliinik@kliinikum.ee\">meestekliinik@kliinikum.ee<\/a>\u00a0v\u00f5i tel. 7319323<\/li>\n<\/ul>\n","protected":false},"excerpt":{"rendered":"<p>T\u00dc Kliinikumi meestekliiniku TERVISHOIUTEENUSE OSUTAMISE KINKEKAARTK\u00f5ige raskem on esimese sammu astumine.Kogemus n\u00e4itab, et meestel on oma tervisega seotud esimeste sammude astumine eriti raske.Meil k\u00f5igil on l\u00e4hikonnas inimesi, kellest me v\u00e4ga hoolime ja kelle tervise ja heaolu p\u00e4rast me muret tunneme. H\u00e4sti on teada, et eesti meeste tervis on kehvapoolne. Teame, et meeste tervisek\u00e4itumine on probleemsem [&hellip;]<\/p>\n","protected":false},"author":30,"featured_media":0,"parent":5461,"menu_order":6,"comment_status":"closed","ping_status":"closed","template":"","meta":{"_acf_changed":false,"_uag_custom_page_level_css":"","footnotes":""},"class_list":["post-6985","page","type-page","status-publish","hentry"],"acf":[],"yoast_head":"<!-- This site is optimized with the Yoast SEO plugin v27.3 - https:\/\/yoast.com\/product\/yoast-seo-wordpress\/ -->\n<title>Meestekliiniku kinkekaart - Meestekliinik<\/title>\n<meta name=\"robots\" content=\"index, follow, max-snippet:-1, max-image-preview:large, max-video-preview:-1\" \/>\n<link rel=\"canonical\" href=\"https:\/\/www.kliinikum.ee\/meestekliinik\/hinnakirjad-no-menu\/meestekliiniku-kinkekaart\/\" \/>\n<meta property=\"og:locale\" content=\"et_EE\" \/>\n<meta property=\"og:type\" content=\"article\" \/>\n<meta property=\"og:title\" content=\"Meestekliiniku kinkekaart - Meestekliinik\" \/>\n<meta property=\"og:description\" content=\"T\u00dc Kliinikumi meestekliiniku TERVISHOIUTEENUSE OSUTAMISE KINKEKAARTK\u00f5ige raskem on esimese sammu astumine.Kogemus n\u00e4itab, et meestel on oma tervisega seotud esimeste sammude astumine eriti raske.Meil k\u00f5igil on l\u00e4hikonnas inimesi, kellest me v\u00e4ga hoolime ja kelle tervise ja heaolu p\u00e4rast me muret tunneme. H\u00e4sti on teada, et eesti meeste tervis on kehvapoolne. Teame, et meeste tervisek\u00e4itumine on probleemsem [&hellip;]\" \/>\n<meta property=\"og:url\" content=\"https:\/\/www.kliinikum.ee\/meestekliinik\/hinnakirjad-no-menu\/meestekliiniku-kinkekaart\/\" \/>\n<meta property=\"og:site_name\" content=\"Meestekliinik\" \/>\n<meta property=\"article:modified_time\" content=\"2023-11-08T14:11:48+00:00\" \/>\n<meta name=\"twitter:card\" content=\"summary_large_image\" \/>\n<meta name=\"twitter:label1\" content=\"Est. reading time\" \/>\n\t<meta name=\"twitter:data1\" content=\"2 minutit\" \/>\n<script type=\"application\/ld+json\" class=\"yoast-schema-graph\">{\"@context\":\"https:\\\/\\\/schema.org\",\"@graph\":[{\"@type\":\"WebPage\",\"@id\":\"https:\\\/\\\/www.kliinikum.ee\\\/meestekliinik\\\/hinnakirjad-no-menu\\\/meestekliiniku-kinkekaart\\\/\",\"url\":\"https:\\\/\\\/www.kliinikum.ee\\\/meestekliinik\\\/hinnakirjad-no-menu\\\/meestekliiniku-kinkekaart\\\/\",\"name\":\"Meestekliiniku kinkekaart - Meestekliinik\",\"isPartOf\":{\"@id\":\"https:\\\/\\\/www.kliinikum.ee\\\/meestekliinik\\\/#website\"},\"datePublished\":\"2023-10-16T12:22:23+00:00\",\"dateModified\":\"2023-11-08T14:11:48+00:00\",\"breadcrumb\":{\"@id\":\"https:\\\/\\\/www.kliinikum.ee\\\/meestekliinik\\\/hinnakirjad-no-menu\\\/meestekliiniku-kinkekaart\\\/#breadcrumb\"},\"inLanguage\":\"et\",\"potentialAction\":[{\"@type\":\"ReadAction\",\"target\":[\"https:\\\/\\\/www.kliinikum.ee\\\/meestekliinik\\\/hinnakirjad-no-menu\\\/meestekliiniku-kinkekaart\\\/\"]}]},{\"@type\":\"BreadcrumbList\",\"@id\":\"https:\\\/\\\/www.kliinikum.ee\\\/meestekliinik\\\/hinnakirjad-no-menu\\\/meestekliiniku-kinkekaart\\\/#breadcrumb\",\"itemListElement\":[{\"@type\":\"ListItem\",\"position\":1,\"name\":\"Home\",\"item\":\"https:\\\/\\\/www.kliinikum.ee\\\/meestekliinik\\\/\"},{\"@type\":\"ListItem\",\"position\":2,\"name\":\"Hinnakirjad - men\u00fc\u00fcga\",\"item\":\"https:\\\/\\\/www.kliinikum.ee\\\/meestekliinik\\\/hinnakirjad-no-menu\\\/\"},{\"@type\":\"ListItem\",\"position\":3,\"name\":\"Meestekliiniku kinkekaart\"}]},{\"@type\":\"WebSite\",\"@id\":\"https:\\\/\\\/www.kliinikum.ee\\\/meestekliinik\\\/#website\",\"url\":\"https:\\\/\\\/www.kliinikum.ee\\\/meestekliinik\\\/\",\"name\":\"Meestekliinik\",\"description\":\"Hoolivus, Uuendusmeelsus, P\u00e4devus ja Usaldusv\u00e4\u00e4rsus\",\"potentialAction\":[{\"@type\":\"SearchAction\",\"target\":{\"@type\":\"EntryPoint\",\"urlTemplate\":\"https:\\\/\\\/www.kliinikum.ee\\\/meestekliinik\\\/?s={search_term_string}\"},\"query-input\":{\"@type\":\"PropertyValueSpecification\",\"valueRequired\":true,\"valueName\":\"search_term_string\"}}],\"inLanguage\":\"et\"}]}<\/script>\n<!-- \/ Yoast SEO plugin. -->","yoast_head_json":{"title":"Meestekliiniku kinkekaart - Meestekliinik","robots":{"index":"index","follow":"follow","max-snippet":"max-snippet:-1","max-image-preview":"max-image-preview:large","max-video-preview":"max-video-preview:-1"},"canonical":"https:\/\/www.kliinikum.ee\/meestekliinik\/hinnakirjad-no-menu\/meestekliiniku-kinkekaart\/","og_locale":"et_EE","og_type":"article","og_title":"Meestekliiniku kinkekaart - Meestekliinik","og_description":"T\u00dc Kliinikumi meestekliiniku TERVISHOIUTEENUSE OSUTAMISE KINKEKAARTK\u00f5ige raskem on esimese sammu astumine.Kogemus n\u00e4itab, et meestel on oma tervisega seotud esimeste sammude astumine eriti raske.Meil k\u00f5igil on l\u00e4hikonnas inimesi, kellest me v\u00e4ga hoolime ja kelle tervise ja heaolu p\u00e4rast me muret tunneme. H\u00e4sti on teada, et eesti meeste tervis on kehvapoolne. Teame, et meeste tervisek\u00e4itumine on probleemsem [&hellip;]","og_url":"https:\/\/www.kliinikum.ee\/meestekliinik\/hinnakirjad-no-menu\/meestekliiniku-kinkekaart\/","og_site_name":"Meestekliinik","article_modified_time":"2023-11-08T14:11:48+00:00","twitter_card":"summary_large_image","twitter_misc":{"Est. reading time":"2 minutit"},"schema":{"@context":"https:\/\/schema.org","@graph":[{"@type":"WebPage","@id":"https:\/\/www.kliinikum.ee\/meestekliinik\/hinnakirjad-no-menu\/meestekliiniku-kinkekaart\/","url":"https:\/\/www.kliinikum.ee\/meestekliinik\/hinnakirjad-no-menu\/meestekliiniku-kinkekaart\/","name":"Meestekliiniku kinkekaart - Meestekliinik","isPartOf":{"@id":"https:\/\/www.kliinikum.ee\/meestekliinik\/#website"},"datePublished":"2023-10-16T12:22:23+00:00","dateModified":"2023-11-08T14:11:48+00:00","breadcrumb":{"@id":"https:\/\/www.kliinikum.ee\/meestekliinik\/hinnakirjad-no-menu\/meestekliiniku-kinkekaart\/#breadcrumb"},"inLanguage":"et","potentialAction":[{"@type":"ReadAction","target":["https:\/\/www.kliinikum.ee\/meestekliinik\/hinnakirjad-no-menu\/meestekliiniku-kinkekaart\/"]}]},{"@type":"BreadcrumbList","@id":"https:\/\/www.kliinikum.ee\/meestekliinik\/hinnakirjad-no-menu\/meestekliiniku-kinkekaart\/#breadcrumb","itemListElement":[{"@type":"ListItem","position":1,"name":"Home","item":"https:\/\/www.kliinikum.ee\/meestekliinik\/"},{"@type":"ListItem","position":2,"name":"Hinnakirjad - men\u00fc\u00fcga","item":"https:\/\/www.kliinikum.ee\/meestekliinik\/hinnakirjad-no-menu\/"},{"@type":"ListItem","position":3,"name":"Meestekliiniku kinkekaart"}]},{"@type":"WebSite","@id":"https:\/\/www.kliinikum.ee\/meestekliinik\/#website","url":"https:\/\/www.kliinikum.ee\/meestekliinik\/","name":"Meestekliinik","description":"Hoolivus, Uuendusmeelsus, P\u00e4devus ja Usaldusv\u00e4\u00e4rsus","potentialAction":[{"@type":"SearchAction","target":{"@type":"EntryPoint","urlTemplate":"https:\/\/www.kliinikum.ee\/meestekliinik\/?s={search_term_string}"},"query-input":{"@type":"PropertyValueSpecification","valueRequired":true,"valueName":"search_term_string"}}],"inLanguage":"et"}]}},"uagb_featured_image_src":{"full":false,"thumbnail":false,"medium":false,"medium_large":false,"large":false,"1536x1536":false,"2048x2048":false},"uagb_author_info":{"display_name":"Kristiina Noortoots","author_link":"https:\/\/www.kliinikum.ee\/meestekliinik\/author\/kristiinn\/"},"uagb_comment_info":0,"uagb_excerpt":"T\u00dc Kliinikumi meestekliiniku TERVISHOIUTEENUSE OSUTAMISE KINKEKAARTK\u00f5ige raskem on esimese sammu astumine.Kogemus n\u00e4itab, et meestel on oma tervisega seotud esimeste sammude astumine eriti raske.Meil k\u00f5igil on l\u00e4hikonnas inimesi, kellest me v\u00e4ga hoolime ja kelle tervise ja heaolu p\u00e4rast me muret tunneme. H\u00e4sti on teada, et eesti meeste tervis on kehvapoolne. Teame, et meeste tervisek\u00e4itumine on probleemsem&hellip;","_links":{"self":[{"href":"https:\/\/www.kliinikum.ee\/meestekliinik\/wp-json\/wp\/v2\/pages\/6985","targetHints":{"allow":["GET"]}}],"collection":[{"href":"https:\/\/www.kliinikum.ee\/meestekliinik\/wp-json\/wp\/v2\/pages"}],"about":[{"href":"https:\/\/www.kliinikum.ee\/meestekliinik\/wp-json\/wp\/v2\/types\/page"}],"author":[{"embeddable":true,"href":"https:\/\/www.kliinikum.ee\/meestekliinik\/wp-json\/wp\/v2\/users\/30"}],"replies":[{"embeddable":true,"href":"https:\/\/www.kliinikum.ee\/meestekliinik\/wp-json\/wp\/v2\/comments?post=6985"}],"version-history":[{"count":0,"href":"https:\/\/www.kliinikum.ee\/meestekliinik\/wp-json\/wp\/v2\/pages\/6985\/revisions"}],"up":[{"embeddable":true,"href":"https:\/\/www.kliinikum.ee\/meestekliinik\/wp-json\/wp\/v2\/pages\/5461"}],"wp:attachment":[{"href":"https:\/\/www.kliinikum.ee\/meestekliinik\/wp-json\/wp\/v2\/media?parent=6985"}],"curies":[{"name":"wp","href":"https:\/\/api.w.org\/{rel}","templated":true}]}}