{"id":7649,"date":"2023-10-31T14:29:16","date_gmt":"2023-10-31T12:29:16","guid":{"rendered":"https:\/\/www.kliinikum.ee\/meestekliinik\/?page_id=7649"},"modified":"2023-10-31T14:34:09","modified_gmt":"2023-10-31T12:34:09","slug":"teata-vastuvotule-mittetulemisest","status":"publish","type":"page","link":"https:\/\/www.kliinikum.ee\/meestekliinik\/patsiendile\/teata-vastuvotule-mittetulemisest\/","title":{"rendered":"Teata vastuv\u00f5tule mittetulemisest"},"content":{"rendered":"\n<div class=\"wp-block-contact-form-7-contact-form-selector\">\n<div class=\"wpcf7 no-js\" id=\"wpcf7-f2000-o1\" lang=\"et\" dir=\"ltr\" data-wpcf7-id=\"2000\">\n<div class=\"screen-reader-response\"><p role=\"status\" aria-live=\"polite\" aria-atomic=\"true\"><\/p> <ul><\/ul><\/div>\n<form action=\"\/meestekliinik\/wp-json\/wp\/v2\/pages\/7649#wpcf7-f2000-o1\" method=\"post\" class=\"wpcf7-form init\" aria-label=\"Contact form\" novalidate=\"novalidate\" data-status=\"init\">\n<fieldset class=\"hidden-fields-container\"><input type=\"hidden\" name=\"_wpcf7\" value=\"2000\" \/><input type=\"hidden\" name=\"_wpcf7_version\" value=\"6.1.5\" \/><input type=\"hidden\" name=\"_wpcf7_locale\" value=\"et\" \/><input type=\"hidden\" name=\"_wpcf7_unit_tag\" value=\"wpcf7-f2000-o1\" \/><input type=\"hidden\" name=\"_wpcf7_container_post\" value=\"0\" \/><input type=\"hidden\" name=\"_wpcf7_posted_data_hash\" value=\"\" \/><input type=\"hidden\" name=\"_wpcf7cf_hidden_group_fields\" value=\"[]\" \/><input type=\"hidden\" name=\"_wpcf7cf_hidden_groups\" value=\"[]\" \/><input type=\"hidden\" name=\"_wpcf7cf_visible_groups\" value=\"[]\" \/><input type=\"hidden\" name=\"_wpcf7cf_repeaters\" value=\"[]\" \/><input type=\"hidden\" name=\"_wpcf7cf_steps\" value=\"{}\" \/><input type=\"hidden\" name=\"_wpcf7cf_options\" value=\"{&quot;form_id&quot;:2000,&quot;conditions&quot;:[],&quot;settings&quot;:{&quot;animation&quot;:&quot;yes&quot;,&quot;animation_intime&quot;:200,&quot;animation_outtime&quot;:200,&quot;conditions_ui&quot;:&quot;normal&quot;,&quot;notice_dismissed&quot;:true,&quot;notice_dismissed_rollback-cf7-5.8.3&quot;:true,&quot;notice_dismissed_rollback-cf7-5.8.7&quot;:true,&quot;notice_dismissed_rollback-cf7-5.9.5&quot;:true}}\" \/>\n<\/fieldset>\n<input class=\"wpcf7-form-control wpcf7-hidden\" value=\"2000\" type=\"hidden\" name=\"id\" \/>\n<div class=\"cf7b-row\">\n\t<p><span>Teie nimi <span class=\"required\">(N\u00f5utud)<\/span><\/span>\n\t<\/p>\n\t<div>\n\t\t<p><span class=\"wpcf7-form-control-wrap\" data-name=\"nimi\"><input size=\"40\" maxlength=\"400\" class=\"wpcf7-form-control wpcf7-text wpcf7-validates-as-required required\" aria-required=\"true\" aria-invalid=\"false\" value=\"\" type=\"text\" name=\"nimi\" \/><\/span>\n\t\t<\/p>\n\t<\/div>\n<\/div>\n<div class=\"cf7b-row\">\n\t<p><span>Teie isikukood<span class=\"required\">(N\u00f5utud)<\/span><\/span>\n\t<\/p>\n\t<div>\n\t\t<p><span class=\"wpcf7-form-control-wrap\" data-name=\"isikukood\"><input size=\"40\" maxlength=\"400\" class=\"wpcf7-form-control wpcf7-text wpcf7-validates-as-required required\" aria-required=\"true\" aria-invalid=\"false\" value=\"\" type=\"text\" name=\"isikukood\" \/><\/span>\n\t\t<\/p>\n\t<\/div>\n<\/div>\n<div class=\"cf7b-row\">\n\t<p><span>Aeg, millest soovite loobuda<span class=\"required\">(N\u00f5utud)<\/span><\/span>\n\t<\/p>\n\t<div>\n\t\t<p><span class=\"wpcf7-form-control-wrap\" data-name=\"aeg\"><input size=\"40\" maxlength=\"400\" class=\"wpcf7-form-control wpcf7-text wpcf7-validates-as-required required\" aria-required=\"true\" aria-invalid=\"false\" value=\"\" type=\"text\" name=\"aeg\" \/><\/span>\n\t\t<\/p>\n\t<\/div>\n<\/div>\n<div class=\"cf7b-row\">\n\t<p><span class=\"cf7b-label-cf7b-random-name-1\"><\/span>\n\t<\/p>\n\t<div class=\"cf7b-group-cf7b-random-name-1\">\n\t\t<p><input class=\"wpcf7-form-control wpcf7-submit has-spinner\" type=\"submit\" value=\"Saada\" \/>\n\t\t<\/p>\n\t<\/div>\n<\/div><div class=\"wpcf7-response-output\" aria-hidden=\"true\"><\/div>\n<\/form>\n<\/div>\n<\/div>\n","protected":false},"excerpt":{"rendered":"","protected":false},"author":33,"featured_media":0,"parent":15,"menu_order":9,"comment_status":"closed","ping_status":"closed","template":"","meta":{"_acf_changed":false,"_uag_custom_page_level_css":"","footnotes":""},"class_list":["post-7649","page","type-page","status-publish","hentry"],"acf":[],"yoast_head":"<!-- This site is optimized with the Yoast SEO plugin v27.3 - https:\/\/yoast.com\/product\/yoast-seo-wordpress\/ -->\n<title>Teata vastuv\u00f5tule mittetulemisest - Meestekliinik<\/title>\n<meta name=\"robots\" content=\"index, follow, max-snippet:-1, max-image-preview:large, max-video-preview:-1\" \/>\n<link rel=\"canonical\" href=\"https:\/\/www.kliinikum.ee\/meestekliinik\/patsiendile\/teata-vastuvotule-mittetulemisest\/\" \/>\n<meta property=\"og:locale\" content=\"et_EE\" \/>\n<meta property=\"og:type\" content=\"article\" \/>\n<meta property=\"og:title\" content=\"Teata vastuv\u00f5tule mittetulemisest - Meestekliinik\" \/>\n<meta property=\"og:url\" content=\"https:\/\/www.kliinikum.ee\/meestekliinik\/patsiendile\/teata-vastuvotule-mittetulemisest\/\" \/>\n<meta property=\"og:site_name\" content=\"Meestekliinik\" \/>\n<meta property=\"article:modified_time\" content=\"2023-10-31T12:34:09+00:00\" \/>\n<meta name=\"twitter:card\" content=\"summary_large_image\" \/>\n<meta name=\"twitter:label1\" content=\"Est. reading time\" \/>\n\t<meta name=\"twitter:data1\" content=\"1 minut\" \/>\n<script type=\"application\/ld+json\" class=\"yoast-schema-graph\">{\"@context\":\"https:\\\/\\\/schema.org\",\"@graph\":[{\"@type\":\"WebPage\",\"@id\":\"https:\\\/\\\/www.kliinikum.ee\\\/meestekliinik\\\/patsiendile\\\/teata-vastuvotule-mittetulemisest\\\/\",\"url\":\"https:\\\/\\\/www.kliinikum.ee\\\/meestekliinik\\\/patsiendile\\\/teata-vastuvotule-mittetulemisest\\\/\",\"name\":\"Teata vastuv\u00f5tule mittetulemisest - Meestekliinik\",\"isPartOf\":{\"@id\":\"https:\\\/\\\/www.kliinikum.ee\\\/meestekliinik\\\/#website\"},\"datePublished\":\"2023-10-31T12:29:16+00:00\",\"dateModified\":\"2023-10-31T12:34:09+00:00\",\"breadcrumb\":{\"@id\":\"https:\\\/\\\/www.kliinikum.ee\\\/meestekliinik\\\/patsiendile\\\/teata-vastuvotule-mittetulemisest\\\/#breadcrumb\"},\"inLanguage\":\"et\",\"potentialAction\":[{\"@type\":\"ReadAction\",\"target\":[\"https:\\\/\\\/www.kliinikum.ee\\\/meestekliinik\\\/patsiendile\\\/teata-vastuvotule-mittetulemisest\\\/\"]}]},{\"@type\":\"BreadcrumbList\",\"@id\":\"https:\\\/\\\/www.kliinikum.ee\\\/meestekliinik\\\/patsiendile\\\/teata-vastuvotule-mittetulemisest\\\/#breadcrumb\",\"itemListElement\":[{\"@type\":\"ListItem\",\"position\":1,\"name\":\"Home\",\"item\":\"https:\\\/\\\/www.kliinikum.ee\\\/meestekliinik\\\/\"},{\"@type\":\"ListItem\",\"position\":2,\"name\":\"Patsiendile\",\"item\":\"https:\\\/\\\/www.kliinikum.ee\\\/meestekliinik\\\/patsiendile\\\/\"},{\"@type\":\"ListItem\",\"position\":3,\"name\":\"Teata vastuv\u00f5tule mittetulemisest\"}]},{\"@type\":\"WebSite\",\"@id\":\"https:\\\/\\\/www.kliinikum.ee\\\/meestekliinik\\\/#website\",\"url\":\"https:\\\/\\\/www.kliinikum.ee\\\/meestekliinik\\\/\",\"name\":\"Meestekliinik\",\"description\":\"Hoolivus, Uuendusmeelsus, P\u00e4devus ja Usaldusv\u00e4\u00e4rsus\",\"potentialAction\":[{\"@type\":\"SearchAction\",\"target\":{\"@type\":\"EntryPoint\",\"urlTemplate\":\"https:\\\/\\\/www.kliinikum.ee\\\/meestekliinik\\\/?s={search_term_string}\"},\"query-input\":{\"@type\":\"PropertyValueSpecification\",\"valueRequired\":true,\"valueName\":\"search_term_string\"}}],\"inLanguage\":\"et\"}]}<\/script>\n<!-- \/ Yoast SEO plugin. -->","yoast_head_json":{"title":"Teata vastuv\u00f5tule mittetulemisest - Meestekliinik","robots":{"index":"index","follow":"follow","max-snippet":"max-snippet:-1","max-image-preview":"max-image-preview:large","max-video-preview":"max-video-preview:-1"},"canonical":"https:\/\/www.kliinikum.ee\/meestekliinik\/patsiendile\/teata-vastuvotule-mittetulemisest\/","og_locale":"et_EE","og_type":"article","og_title":"Teata vastuv\u00f5tule mittetulemisest - Meestekliinik","og_url":"https:\/\/www.kliinikum.ee\/meestekliinik\/patsiendile\/teata-vastuvotule-mittetulemisest\/","og_site_name":"Meestekliinik","article_modified_time":"2023-10-31T12:34:09+00:00","twitter_card":"summary_large_image","twitter_misc":{"Est. reading time":"1 minut"},"schema":{"@context":"https:\/\/schema.org","@graph":[{"@type":"WebPage","@id":"https:\/\/www.kliinikum.ee\/meestekliinik\/patsiendile\/teata-vastuvotule-mittetulemisest\/","url":"https:\/\/www.kliinikum.ee\/meestekliinik\/patsiendile\/teata-vastuvotule-mittetulemisest\/","name":"Teata vastuv\u00f5tule mittetulemisest - Meestekliinik","isPartOf":{"@id":"https:\/\/www.kliinikum.ee\/meestekliinik\/#website"},"datePublished":"2023-10-31T12:29:16+00:00","dateModified":"2023-10-31T12:34:09+00:00","breadcrumb":{"@id":"https:\/\/www.kliinikum.ee\/meestekliinik\/patsiendile\/teata-vastuvotule-mittetulemisest\/#breadcrumb"},"inLanguage":"et","potentialAction":[{"@type":"ReadAction","target":["https:\/\/www.kliinikum.ee\/meestekliinik\/patsiendile\/teata-vastuvotule-mittetulemisest\/"]}]},{"@type":"BreadcrumbList","@id":"https:\/\/www.kliinikum.ee\/meestekliinik\/patsiendile\/teata-vastuvotule-mittetulemisest\/#breadcrumb","itemListElement":[{"@type":"ListItem","position":1,"name":"Home","item":"https:\/\/www.kliinikum.ee\/meestekliinik\/"},{"@type":"ListItem","position":2,"name":"Patsiendile","item":"https:\/\/www.kliinikum.ee\/meestekliinik\/patsiendile\/"},{"@type":"ListItem","position":3,"name":"Teata vastuv\u00f5tule mittetulemisest"}]},{"@type":"WebSite","@id":"https:\/\/www.kliinikum.ee\/meestekliinik\/#website","url":"https:\/\/www.kliinikum.ee\/meestekliinik\/","name":"Meestekliinik","description":"Hoolivus, Uuendusmeelsus, P\u00e4devus ja Usaldusv\u00e4\u00e4rsus","potentialAction":[{"@type":"SearchAction","target":{"@type":"EntryPoint","urlTemplate":"https:\/\/www.kliinikum.ee\/meestekliinik\/?s={search_term_string}"},"query-input":{"@type":"PropertyValueSpecification","valueRequired":true,"valueName":"search_term_string"}}],"inLanguage":"et"}]}},"uagb_featured_image_src":{"full":false,"thumbnail":false,"medium":false,"medium_large":false,"large":false,"1536x1536":false,"2048x2048":false},"uagb_author_info":{"display_name":"Jane Freimann","author_link":"https:\/\/www.kliinikum.ee\/meestekliinik\/author\/janef\/"},"uagb_comment_info":0,"uagb_excerpt":null,"_links":{"self":[{"href":"https:\/\/www.kliinikum.ee\/meestekliinik\/wp-json\/wp\/v2\/pages\/7649","targetHints":{"allow":["GET"]}}],"collection":[{"href":"https:\/\/www.kliinikum.ee\/meestekliinik\/wp-json\/wp\/v2\/pages"}],"about":[{"href":"https:\/\/www.kliinikum.ee\/meestekliinik\/wp-json\/wp\/v2\/types\/page"}],"author":[{"embeddable":true,"href":"https:\/\/www.kliinikum.ee\/meestekliinik\/wp-json\/wp\/v2\/users\/33"}],"replies":[{"embeddable":true,"href":"https:\/\/www.kliinikum.ee\/meestekliinik\/wp-json\/wp\/v2\/comments?post=7649"}],"version-history":[{"count":0,"href":"https:\/\/www.kliinikum.ee\/meestekliinik\/wp-json\/wp\/v2\/pages\/7649\/revisions"}],"up":[{"embeddable":true,"href":"https:\/\/www.kliinikum.ee\/meestekliinik\/wp-json\/wp\/v2\/pages\/15"}],"wp:attachment":[{"href":"https:\/\/www.kliinikum.ee\/meestekliinik\/wp-json\/wp\/v2\/media?parent=7649"}],"curies":[{"name":"wp","href":"https:\/\/api.w.org\/{rel}","templated":true}]}}