{"id":17,"date":"2022-11-14T10:00:52","date_gmt":"2022-11-14T10:00:52","guid":{"rendered":"http:\/\/localhost\/?page_id=17"},"modified":"2023-12-01T10:05:04","modified_gmt":"2023-12-01T08:05:04","slug":"kliinikust","status":"publish","type":"page","link":"https:\/\/www.kliinikum.ee\/nahakliinik\/kliinikust\/","title":{"rendered":"Kliinikust"},"content":{"rendered":"\n<p class=\"has-medium-font-size\">Nahahaiguste kliinik asub Tartu linnas aadressil Raja 31, hoone&nbsp;III korrusel.<\/p>\n\n\n\n<p class=\"has-medium-font-size\">Kliinikus on kaks osakonda: ambulatoorne (A-korpus)&nbsp;ja statsionaarne osakond (B-korpus).<\/p>\n\n\n\n<p class=\"has-medium-font-size\">Ambulatoorse osakonna teenused on kirjeldatud <a href=\"https:\/\/www.kliinikum.ee\/nahakliinik\/patsiendile\/teenused\/\">SIIN<\/a>. <\/p>\n\n\n\n<p class=\"has-medium-font-size\">Ambulatoorses osakonnas t\u00e4idab \u00f5endusjuhi \u00fclesandeid \u017danna Vilper.<\/p>\n\n\n\n<p class=\"has-medium-font-size\"><strong>Statsionaarne osakond<\/strong><\/p>\n\n\n\n<p class=\"has-medium-font-size\">Statsionaarne osakond asub hoone III korrusel B-korpuses. Osakonnas on avatud 24 voodikohta \u00e4geda kuluga nahahaigetele ja krooniliste haiguste \u00e4genemisega patsientidele. Haigete ravi on kompleksne, sisaldab paikset, s\u00fcsteemset, vanni- ja valgusravi. Ainsa kliinikuna Eestis rakendame statsionaaris paikset ditranoolravi psoriaasihaigetele.<\/p>\n\n\n\n<p class=\"has-medium-font-size\"><strong>Statsionaarsele ravile tulekuks saab broneerida aega kell 9-16-ni tel 5331 9711<\/strong>. <\/p>\n\n\n\n<p class=\"has-medium-font-size\">Statsionaarses osakonnas t\u00e4idab \u00f5endusjuhi \u00fclesandeid Karin Roggenbaum. <\/p>\n\n\n\n<figure class=\"wp-block-image size-large\"><img loading=\"lazy\" decoding=\"async\" width=\"1024\" height=\"683\" src=\"https:\/\/www.kliinikum.ee\/nahakliinik\/wp-content\/uploads\/2023\/11\/IMG_3584-1024x683.jpg\" alt=\"\" class=\"wp-image-6144\" srcset=\"https:\/\/www.kliinikum.ee\/nahakliinik\/wp-content\/uploads\/2023\/11\/IMG_3584-1024x683.jpg 1024w, https:\/\/www.kliinikum.ee\/nahakliinik\/wp-content\/uploads\/2023\/11\/IMG_3584-300x200.jpg 300w, https:\/\/www.kliinikum.ee\/nahakliinik\/wp-content\/uploads\/2023\/11\/IMG_3584-768x512.jpg 768w, https:\/\/www.kliinikum.ee\/nahakliinik\/wp-content\/uploads\/2023\/11\/IMG_3584-1536x1024.jpg 1536w, https:\/\/www.kliinikum.ee\/nahakliinik\/wp-content\/uploads\/2023\/11\/IMG_3584-2048x1365.jpg 2048w, https:\/\/www.kliinikum.ee\/nahakliinik\/wp-content\/uploads\/2023\/11\/IMG_3584-scaled.jpg 2560w\" sizes=\"auto, (max-width: 1024px) 100vw, 1024px\" \/><\/figure>\n","protected":false},"excerpt":{"rendered":"<p>Nahahaiguste kliinik asub Tartu linnas aadressil Raja 31, hoone&nbsp;III korrusel. Kliinikus on kaks osakonda: ambulatoorne (A-korpus)&nbsp;ja statsionaarne osakond (B-korpus). Ambulatoorse osakonna teenused on kirjeldatud SIIN. Ambulatoorses osakonnas t\u00e4idab \u00f5endusjuhi \u00fclesandeid \u017danna Vilper. Statsionaarne osakond Statsionaarne osakond asub hoone III korrusel B-korpuses. Osakonnas on avatud 24 voodikohta \u00e4geda kuluga nahahaigetele ja krooniliste haiguste \u00e4genemisega patsientidele. Haigete [&hellip;]<\/p>\n","protected":false},"author":32,"featured_media":0,"parent":0,"menu_order":0,"comment_status":"closed","ping_status":"closed","template":"","meta":{"_acf_changed":false,"_uag_custom_page_level_css":"","footnotes":""},"class_list":["post-17","page","type-page","status-publish","hentry"],"acf":[],"yoast_head":"<!-- This site is optimized with the Yoast SEO plugin v27.3 - https:\/\/yoast.com\/product\/yoast-seo-wordpress\/ -->\n<title>Kliinikust - Nahahaiguste kliinik<\/title>\n<meta name=\"robots\" content=\"index, follow, max-snippet:-1, max-image-preview:large, max-video-preview:-1\" \/>\n<link rel=\"canonical\" href=\"https:\/\/www.kliinikum.ee\/nahakliinik\/kliinikust\/\" \/>\n<meta property=\"og:locale\" content=\"et_EE\" \/>\n<meta property=\"og:type\" content=\"article\" \/>\n<meta property=\"og:title\" content=\"Kliinikust - Nahahaiguste kliinik\" \/>\n<meta property=\"og:description\" content=\"Nahahaiguste kliinik asub Tartu linnas aadressil Raja 31, hoone&nbsp;III korrusel. Kliinikus on kaks osakonda: ambulatoorne (A-korpus)&nbsp;ja statsionaarne osakond (B-korpus). Ambulatoorse osakonna teenused on kirjeldatud SIIN. Ambulatoorses osakonnas t\u00e4idab \u00f5endusjuhi \u00fclesandeid \u017danna Vilper. Statsionaarne osakond Statsionaarne osakond asub hoone III korrusel B-korpuses. Osakonnas on avatud 24 voodikohta \u00e4geda kuluga nahahaigetele ja krooniliste haiguste \u00e4genemisega patsientidele. Haigete [&hellip;]\" \/>\n<meta property=\"og:url\" content=\"https:\/\/www.kliinikum.ee\/nahakliinik\/kliinikust\/\" \/>\n<meta property=\"og:site_name\" content=\"Nahahaiguste kliinik\" \/>\n<meta property=\"article:modified_time\" content=\"2023-12-01T08:05:04+00:00\" \/>\n<meta property=\"og:image\" content=\"https:\/\/www.kliinikum.ee\/nahakliinik\/wp-content\/uploads\/2023\/11\/IMG_3584-1024x683.jpg\" \/>\n<meta name=\"twitter:card\" content=\"summary_large_image\" \/>\n<meta name=\"twitter:label1\" content=\"Est. reading time\" \/>\n\t<meta name=\"twitter:data1\" content=\"1 minut\" \/>\n<script type=\"application\/ld+json\" class=\"yoast-schema-graph\">{\"@context\":\"https:\\\/\\\/schema.org\",\"@graph\":[{\"@type\":\"WebPage\",\"@id\":\"https:\\\/\\\/www.kliinikum.ee\\\/nahakliinik\\\/kliinikust\\\/\",\"url\":\"https:\\\/\\\/www.kliinikum.ee\\\/nahakliinik\\\/kliinikust\\\/\",\"name\":\"Kliinikust - Nahahaiguste kliinik\",\"isPartOf\":{\"@id\":\"https:\\\/\\\/www.kliinikum.ee\\\/nahakliinik\\\/#website\"},\"primaryImageOfPage\":{\"@id\":\"https:\\\/\\\/www.kliinikum.ee\\\/nahakliinik\\\/kliinikust\\\/#primaryimage\"},\"image\":{\"@id\":\"https:\\\/\\\/www.kliinikum.ee\\\/nahakliinik\\\/kliinikust\\\/#primaryimage\"},\"thumbnailUrl\":\"https:\\\/\\\/www.kliinikum.ee\\\/nahakliinik\\\/wp-content\\\/uploads\\\/2023\\\/11\\\/IMG_3584-1024x683.jpg\",\"datePublished\":\"2022-11-14T10:00:52+00:00\",\"dateModified\":\"2023-12-01T08:05:04+00:00\",\"breadcrumb\":{\"@id\":\"https:\\\/\\\/www.kliinikum.ee\\\/nahakliinik\\\/kliinikust\\\/#breadcrumb\"},\"inLanguage\":\"et\",\"potentialAction\":[{\"@type\":\"ReadAction\",\"target\":[\"https:\\\/\\\/www.kliinikum.ee\\\/nahakliinik\\\/kliinikust\\\/\"]}]},{\"@type\":\"ImageObject\",\"inLanguage\":\"et\",\"@id\":\"https:\\\/\\\/www.kliinikum.ee\\\/nahakliinik\\\/kliinikust\\\/#primaryimage\",\"url\":\"https:\\\/\\\/www.kliinikum.ee\\\/nahakliinik\\\/wp-content\\\/uploads\\\/2023\\\/11\\\/IMG_3584-scaled.jpg\",\"contentUrl\":\"https:\\\/\\\/www.kliinikum.ee\\\/nahakliinik\\\/wp-content\\\/uploads\\\/2023\\\/11\\\/IMG_3584-scaled.jpg\",\"width\":2560,\"height\":1706},{\"@type\":\"BreadcrumbList\",\"@id\":\"https:\\\/\\\/www.kliinikum.ee\\\/nahakliinik\\\/kliinikust\\\/#breadcrumb\",\"itemListElement\":[{\"@type\":\"ListItem\",\"position\":1,\"name\":\"Home\",\"item\":\"https:\\\/\\\/www.kliinikum.ee\\\/nahakliinik\\\/\"},{\"@type\":\"ListItem\",\"position\":2,\"name\":\"Kliinikust\"}]},{\"@type\":\"WebSite\",\"@id\":\"https:\\\/\\\/www.kliinikum.ee\\\/nahakliinik\\\/#website\",\"url\":\"https:\\\/\\\/www.kliinikum.ee\\\/nahakliinik\\\/\",\"name\":\"Nahahaiguste kliinik\",\"description\":\"\",\"potentialAction\":[{\"@type\":\"SearchAction\",\"target\":{\"@type\":\"EntryPoint\",\"urlTemplate\":\"https:\\\/\\\/www.kliinikum.ee\\\/nahakliinik\\\/?s={search_term_string}\"},\"query-input\":{\"@type\":\"PropertyValueSpecification\",\"valueRequired\":true,\"valueName\":\"search_term_string\"}}],\"inLanguage\":\"et\"}]}<\/script>\n<!-- \/ Yoast SEO plugin. -->","yoast_head_json":{"title":"Kliinikust - Nahahaiguste kliinik","robots":{"index":"index","follow":"follow","max-snippet":"max-snippet:-1","max-image-preview":"max-image-preview:large","max-video-preview":"max-video-preview:-1"},"canonical":"https:\/\/www.kliinikum.ee\/nahakliinik\/kliinikust\/","og_locale":"et_EE","og_type":"article","og_title":"Kliinikust - Nahahaiguste kliinik","og_description":"Nahahaiguste kliinik asub Tartu linnas aadressil Raja 31, hoone&nbsp;III korrusel. Kliinikus on kaks osakonda: ambulatoorne (A-korpus)&nbsp;ja statsionaarne osakond (B-korpus). Ambulatoorse osakonna teenused on kirjeldatud SIIN. Ambulatoorses osakonnas t\u00e4idab \u00f5endusjuhi \u00fclesandeid \u017danna Vilper. Statsionaarne osakond Statsionaarne osakond asub hoone III korrusel B-korpuses. Osakonnas on avatud 24 voodikohta \u00e4geda kuluga nahahaigetele ja krooniliste haiguste \u00e4genemisega patsientidele. Haigete [&hellip;]","og_url":"https:\/\/www.kliinikum.ee\/nahakliinik\/kliinikust\/","og_site_name":"Nahahaiguste kliinik","article_modified_time":"2023-12-01T08:05:04+00:00","og_image":[{"url":"https:\/\/www.kliinikum.ee\/nahakliinik\/wp-content\/uploads\/2023\/11\/IMG_3584-1024x683.jpg","type":"","width":"","height":""}],"twitter_card":"summary_large_image","twitter_misc":{"Est. reading time":"1 minut"},"schema":{"@context":"https:\/\/schema.org","@graph":[{"@type":"WebPage","@id":"https:\/\/www.kliinikum.ee\/nahakliinik\/kliinikust\/","url":"https:\/\/www.kliinikum.ee\/nahakliinik\/kliinikust\/","name":"Kliinikust - Nahahaiguste kliinik","isPartOf":{"@id":"https:\/\/www.kliinikum.ee\/nahakliinik\/#website"},"primaryImageOfPage":{"@id":"https:\/\/www.kliinikum.ee\/nahakliinik\/kliinikust\/#primaryimage"},"image":{"@id":"https:\/\/www.kliinikum.ee\/nahakliinik\/kliinikust\/#primaryimage"},"thumbnailUrl":"https:\/\/www.kliinikum.ee\/nahakliinik\/wp-content\/uploads\/2023\/11\/IMG_3584-1024x683.jpg","datePublished":"2022-11-14T10:00:52+00:00","dateModified":"2023-12-01T08:05:04+00:00","breadcrumb":{"@id":"https:\/\/www.kliinikum.ee\/nahakliinik\/kliinikust\/#breadcrumb"},"inLanguage":"et","potentialAction":[{"@type":"ReadAction","target":["https:\/\/www.kliinikum.ee\/nahakliinik\/kliinikust\/"]}]},{"@type":"ImageObject","inLanguage":"et","@id":"https:\/\/www.kliinikum.ee\/nahakliinik\/kliinikust\/#primaryimage","url":"https:\/\/www.kliinikum.ee\/nahakliinik\/wp-content\/uploads\/2023\/11\/IMG_3584-scaled.jpg","contentUrl":"https:\/\/www.kliinikum.ee\/nahakliinik\/wp-content\/uploads\/2023\/11\/IMG_3584-scaled.jpg","width":2560,"height":1706},{"@type":"BreadcrumbList","@id":"https:\/\/www.kliinikum.ee\/nahakliinik\/kliinikust\/#breadcrumb","itemListElement":[{"@type":"ListItem","position":1,"name":"Home","item":"https:\/\/www.kliinikum.ee\/nahakliinik\/"},{"@type":"ListItem","position":2,"name":"Kliinikust"}]},{"@type":"WebSite","@id":"https:\/\/www.kliinikum.ee\/nahakliinik\/#website","url":"https:\/\/www.kliinikum.ee\/nahakliinik\/","name":"Nahahaiguste kliinik","description":"","potentialAction":[{"@type":"SearchAction","target":{"@type":"EntryPoint","urlTemplate":"https:\/\/www.kliinikum.ee\/nahakliinik\/?s={search_term_string}"},"query-input":{"@type":"PropertyValueSpecification","valueRequired":true,"valueName":"search_term_string"}}],"inLanguage":"et"}]}},"uagb_featured_image_src":{"full":false,"thumbnail":false,"medium":false,"medium_large":false,"large":false,"1536x1536":false,"2048x2048":false},"uagb_author_info":{"display_name":"erkky","author_link":"https:\/\/www.kliinikum.ee\/nahakliinik\/author\/erkky\/"},"uagb_comment_info":0,"uagb_excerpt":"Nahahaiguste kliinik asub Tartu linnas aadressil Raja 31, hoone&nbsp;III korrusel. Kliinikus on kaks osakonda: ambulatoorne (A-korpus)&nbsp;ja statsionaarne osakond (B-korpus). Ambulatoorse osakonna teenused on kirjeldatud SIIN. Ambulatoorses osakonnas t\u00e4idab \u00f5endusjuhi \u00fclesandeid \u017danna Vilper. Statsionaarne osakond Statsionaarne osakond asub hoone III korrusel B-korpuses. Osakonnas on avatud 24 voodikohta \u00e4geda kuluga nahahaigetele ja krooniliste haiguste \u00e4genemisega patsientidele. Haigete&hellip;","_links":{"self":[{"href":"https:\/\/www.kliinikum.ee\/nahakliinik\/wp-json\/wp\/v2\/pages\/17","targetHints":{"allow":["GET"]}}],"collection":[{"href":"https:\/\/www.kliinikum.ee\/nahakliinik\/wp-json\/wp\/v2\/pages"}],"about":[{"href":"https:\/\/www.kliinikum.ee\/nahakliinik\/wp-json\/wp\/v2\/types\/page"}],"author":[{"embeddable":true,"href":"https:\/\/www.kliinikum.ee\/nahakliinik\/wp-json\/wp\/v2\/users\/32"}],"replies":[{"embeddable":true,"href":"https:\/\/www.kliinikum.ee\/nahakliinik\/wp-json\/wp\/v2\/comments?post=17"}],"version-history":[{"count":0,"href":"https:\/\/www.kliinikum.ee\/nahakliinik\/wp-json\/wp\/v2\/pages\/17\/revisions"}],"wp:attachment":[{"href":"https:\/\/www.kliinikum.ee\/nahakliinik\/wp-json\/wp\/v2\/media?parent=17"}],"curies":[{"name":"wp","href":"https:\/\/api.w.org\/{rel}","templated":true}]}}