{"id":5893,"date":"2023-04-03T10:12:19","date_gmt":"2023-04-03T08:12:19","guid":{"rendered":"https:\/\/www.kliinikum.ee\/nahakliinik\/?page_id=5893"},"modified":"2023-10-20T14:46:01","modified_gmt":"2023-10-20T12:46:01","slug":"dermatoloogia-eestis","status":"publish","type":"page","link":"https:\/\/www.kliinikum.ee\/nahakliinik\/kliinikust\/dermatoloogia-eestis\/","title":{"rendered":"Dermatoloogia Eestis"},"content":{"rendered":"\n<p class=\"has-medium-font-size\"><strong>Tallinna Dermatoloogide ja Veneroloogide Selts.<\/strong><br>Asutatud 13. m\u00e4rtsil 1922.a<br>Asutajad: dr Oskar Pallop, dr Harry R\u00fctman, dr Robert Koch<\/p>\n\n\n\n<p class=\"has-medium-font-size\">P\u00f5hjuskiri<br>Seltsi siht ja otstarve on:<\/p>\n\n\n\n<ol class=\"wp-block-list\" type=\"1\" start=\"1\">\n<li class=\"has-medium-font-size\">Oma liikmeid teaduslikult edasit\u00f6\u00f6tama \u00f5hutada.<\/li>\n\n\n\n<li class=\"has-medium-font-size\">Seltsi liikmete keskel ametivennalist vahekorda edendada, arstide ja seltskonna vahelisi eksiarvamusi selgitada.<\/li>\n<\/ol>\n\n\n\n<p class=\"has-medium-font-size\">Seltsi otstarbe k\u00e4ttesaamise abin\u00f5ud on:<\/p>\n\n\n\n<ol class=\"wp-block-list\" type=\"1\" start=\"1\">\n<li class=\"has-medium-font-size\">Teaduslikud k\u00f5ned ja l\u00e4bir\u00e4\u00e4kimised.<\/li>\n\n\n\n<li class=\"has-medium-font-size\">Teaduslikude raamatute ja ajakirjade v\u00e4ljaandmine.<\/li>\n\n\n\n<li class=\"has-medium-font-size\">Raamatukogude asutamine.<\/li>\n\n\n\n<li class=\"has-medium-font-size\">Eriarstide p\u00e4evade kokkukutsumine.<\/li>\n\n\n\n<li class=\"has-medium-font-size\">Statistikaliste teadete korjamine eriteaduse alal.<\/li>\n<\/ol>\n\n\n\n<p class=\"has-medium-font-size\">Tegevliikmeteks v\u00f5isid olla ainult arstid. Auliikmeteks - arstid ja teadlased teistelt aladelt ise\u00e4ranis v\u00e4ljapaistva t\u00f6\u00f6 eest, mis teaduse p\u00f5llul ehk seltskonna kasuks teinud. Kirjavahetajad liikmed - arstid ja teadlased teistelt aladelt.<br>Tegevliikme maks oli 200.- aastas.<br>Kes aastakoosolekuks l\u00e4inud aasta liikmemaksu \u00e4ra pole tasunud, arvatakse nii kauaks seltsist v\u00e4ljaastunuks, kuni selle \u00e4ra maksab. V\u00e4ljaheidetakse liikmeid, kes end meelega seltsi p\u00f5hjuskirja ja m\u00e4\u00e4ruste alla ei heida, n\u00f5ndasamuti ka need, kes arstilise eetika vastu raskesti on eksinud.<\/p>\n\n\n\n<p class=\"has-medium-font-size\"><strong>Tartu Dermatoloogia Selts (T.D.S.)<\/strong><br>Asutatud 26. veebruaril 1935.a<br>Asutajad: dr. med. Aleksander Paldrock, dr. Johannes Imelik, dr. Aleksander Pooman<\/p>\n\n\n\n<p class=\"has-medium-font-size\">P\u00f5hikiri<br>T.D.S. sihid.<br>T.D.S. p\u00fc\u00fcab koondada k\u00f5iki naha- ja suguhaiguste arste, et \u00fchisel j\u00f5ul arendada oma eriala rahva kasuks ning teadusega ajakohaselt kaasa sammuda. Peasihiks v\u00f5tab T.D.S.v\u00f5itluse suguhaigustega, p\u00fc\u00fcdes selleks kasutada k\u00f5iki abin\u00f5usid, et s\u00e4\u00e4rane \u00fchiskondlik pahe v\u00f5imalikult v\u00e4heneks. Nagu tegelik elu on n\u00e4idanud, on see l\u00e4biviidav ainult \u00fchisel n\u00f5ul ja j\u00f5ul, vastavate juhiste ja teadmiste levitamisel laiemate rahvahulkade ja eriti noorsoo seas, mille saavutamiseks T.D.S. sammub j\u00e4rgmisi radasid:<\/p>\n\n\n\n<ul class=\"wp-block-list\">\n<li class=\"has-medium-font-size\">Koguda teaduslisi ja statistilisi materjale, mis valgustaks p\u00f5hjalikult naha- ja suguhaiguste k\u00e4iku Eestis ning v\u00f5imaldaks esineda ettepanekutega vastavate seaduste parandamiseks v\u00f5i uute v\u00e4ljat\u00f6\u00f6tamiseks.<\/li>\n\n\n\n<li class=\"has-medium-font-size\">Toetada ja kaasa aidata k\u00f5igi korralduste l\u00e4biviimisele, mis v\u00f5imaldaks \u00fchel ehk teisel viisil naha- ja suguhaiguste v\u00e4henemist Eestis.<\/li>\n\n\n\n<li class=\"has-medium-font-size\">Kontakti luua riigi tervishoiu juhtivate organitega kui ka teiste linnade naha- ja suguhaiguste arstide ja seltsidega.<\/li>\n\n\n\n<li class=\"has-medium-font-size\">Korraldada naha- ja suguhaiguste arstide kongresse v\u00f5i p\u00e4evi, \u00fchiselt v\u00e4ljat\u00f6\u00f6tatud kava j\u00e4rele tervishoidu juhtivate organitega.<\/li>\n<\/ul>\n\n\n\n<p class=\"has-medium-font-size\">Seltsi \u00f5iguste hulka kuulus ka vastava loa olemasolul asutada arstiabi ambulantsi, haiglat, varjupaika v\u00f5i prof\u00fclaktilist asutust. K.j. nimetatud asutuse juhatajaks v\u00f5is olla ainult peakoosoleku poolt valitud tegevliige.<br><br>Seltsil olid tegev-, toetajad ja auliikmed.<br>P\u00f5hikirjas on peetud vajalikuks m\u00e4rkida, et tegevliikmeteks v\u00f5etakse vastu m\u00f5lemast soost naha- ja suguhaiguste arste.<br><br><strong>\"Ustav vsesojuznava obshestva dermatologov\u00a0i venerologov\" alates 1941.a<\/strong><br>\u00dcleliiduline dermatoloogide ja veneroloogide selts on vabatahtlik meditsiinit\u00f6\u00f6tajate organisatsioon, mis tegeleb dermatoloogia ja veneroloogia alase teadusliku uurimist\u00f6\u00f6ga. Seltsi \u00fclesandeks on parandada oma liikmete teadmisi ja viia l\u00e4bi ideelist kasvatust\u00f6\u00f6d marksismi-leninismi vaimus. V\u00f5idelda ebameditsiiniliste teooriate vastu meditsiinis. Aidata kaasa meditsiinilise teaduse arengule, rakendada meditsiiniasutuste t\u00f6\u00f6praktikasse uusimaid meditsiinilise teaduse ja tehnika saavutusi, eesm\u00e4rgiga tugevdada NL kommunistlikku \u00fclesehitust\u00f6\u00f6d ja tema kaitsev\u00f5imet.<br><br>Seltsi \u00fcldjuhid on olnud dots. L. Nurmand ja tema j\u00e4rel prof. H. Vahter.<br>Praktilises elus tegutses kaks filiaali Tallinnas ja Tartus.<br>Tallinnas on olnud filiaali eesotsas dr. Rubinshtein, prof. N. Loogna ja viimased 10 aastat dr. M. Majas.<br>Tartus on esimeesteks olnud dots. L. Nurmand ja prof. H. Silm.<br>Tartu dermatoloogide Selts asutati ametlikult 1961.a.<br>Mitteametlikult oli selts t\u00f6\u00f6tanud 1947.-st a. alates.<br><br>1961. a. kinnitati seltsi p\u00f5him\u00e4\u00e4rus, milles seltsi p\u00f5hieesm\u00e4rk oli sama, mis vastavas \u00fcleliidulises dokumendis. Seltsi liikmed olid kohustatud:<\/p>\n\n\n\n<ul class=\"wp-block-list\">\n<li class=\"has-medium-font-size\">koguma, tundma \u00f5ppima, arutama ja l\u00e4bi t\u00f6\u00f6tama aktuaalseid teoreetilisi ja praktilisi dermatoloogiaalaseid materjale ja tegema tervishoiuorganitele ettepanekuid vastavate \u00fcrituste l\u00e4biviimiseks nendes k\u00fcsimustes,<\/li>\n\n\n\n<li class=\"has-medium-font-size\">populariseerima dermatoloogia alaseid saavutusi ja teadmisi laiades rahvahulkades,<\/li>\n\n\n\n<li class=\"has-medium-font-size\">valmistama ette seltsi teaduslikke t\u00f6id tr\u00fckis avaldamiseks ENSV Tervishoiu Ministeeriumi loal,<\/li>\n\n\n\n<li class=\"has-medium-font-size\">abistama tervishoiu organite t\u00f6\u00f6d noore kaadri ettevalmistamisel ja nende kvalifikatsiooni t\u00f5stmisel, prof\u00fclaktilise t\u00f6\u00f6 parandamisel kasutades oma praktilises t\u00f6\u00f6s uusimaid meditsiinilise teaduse saavutusi,<\/li>\n\n\n\n<li class=\"has-medium-font-size\">looma sidemeid teiste teaduslike asutuste ja seltsidega Tartus ja kogu vabariigi ulatuses.<\/li>\n<\/ul>\n\n\n\n<p class=\"has-medium-font-size\">Algselt oli liikmemaks 1 rubla aastas, hiljem 2 rubla ja 1991.a. 10 rubla ning peale kroonile \u00fcleminekut 10 krooni.<br>Kogutud maksudest saadud summast tuli 15% anda \u00dcleliidulisele Teaduslikule Dermatoloogia Seltsile.<br>Seltsi liige v\u00f5idi arvelt kustutada j\u00e4rgmistel juhtudel:<\/p>\n\n\n\n<ul class=\"wp-block-list\">\n<li class=\"has-medium-font-size\">kui seltsi liikmel oli kohtu poolt \u00e4ra v\u00f5etud valimis\u00f5igus,<\/li>\n\n\n\n<li class=\"has-medium-font-size\">kui seltsi liige on korda saatnud s\u00fc\u00fcteo, mis on vastuolus seltsi p\u00f5hi\u00fclesannetega ja mis riivab sotsialistliku \u00fclesehitust\u00f6\u00f6 huvisid v\u00f5i halvab riigi kaitsev\u00f5imet,<\/li>\n\n\n\n<li class=\"has-medium-font-size\">isikliku avalduse alusel,<\/li>\n\n\n\n<li class=\"has-medium-font-size\">liikmemaksu mittetasumisel 3 kuu v\u00e4ltel.<\/li>\n<\/ul>\n\n\n\n<p class=\"has-medium-font-size\">Seltsi liikmeid Tartus<br>1978-79 - 27<br>1979-80 - 28<br>1981-82 - 28<br>1983-84 - 26<br>1985-86 - 29<br>1988-90 - 28<br>1990-91 - 33<br>1991-92 - 34<br><br>1996. a. v\u00f5eti vastu Eesti Dermato-veneroloogide Seltsi p\u00f5hikiri, mille \u00fclds\u00e4tete esimeses punktis oli \u00f6eldud, et Eesti Dermato-Veneroloogide Selts on vabatahtlik ja s\u00f5ltumatu naha- ja suguhaiguste erialal t\u00f6\u00f6tavate arstide \u00fclemaaline mittetulunduslik \u00fchendus, mis on asutatud 1935. a. Tartus. Seltsi presidendiks valiti prof. Herman Vahter.<br>Seltsi eesm\u00e4rgid:<\/p>\n\n\n\n<ul class=\"wp-block-list\">\n<li class=\"has-medium-font-size\">dermato-veneroloogia kui eriala arendamine,<\/li>\n\n\n\n<li class=\"has-medium-font-size\">dermato-veneroloogide omavahelise suhtlemise arendamine,<\/li>\n\n\n\n<li class=\"has-medium-font-size\">kaasa aitamine dermato-veneroloogide kvalifikatsiooni t\u00f5stmisele ja teadust\u00f6\u00f6 stimuleerimine,<\/li>\n\n\n\n<li class=\"has-medium-font-size\">eriala informatsiooni levitamine seltsi liikmete seas,<\/li>\n\n\n\n<li class=\"has-medium-font-size\">koost\u00f6\u00f6 arendamine k\u00f5igi maade dermato-veneroloogide seltside vahel.<\/li>\n<\/ul>\n\n\n\n<p class=\"has-medium-font-size\">Eesm\u00e4rgi saavutamiseks selts:<\/p>\n\n\n\n<ul class=\"wp-block-list\">\n<li class=\"has-medium-font-size\">koordineerib ravit\u00f6\u00f6 metoodikat dermato-veneroloogide erialase t\u00f6\u00f6 t\u00f5hustamiseks,<\/li>\n\n\n\n<li class=\"has-medium-font-size\">organiseerib seminare ja konverentse dermato-veneroloogide kvalifikatsiooni t\u00f5stmiseks ja erialase informatsiooni levikuks,<\/li>\n\n\n\n<li class=\"has-medium-font-size\">korraldab noorte dermato-veneroloogide t\u00e4iendusi,<\/li>\n\n\n\n<li class=\"has-medium-font-size\">teeb koost\u00f6\u00f6d teiste maade vastavate seltsidega,<\/li>\n\n\n\n<li class=\"has-medium-font-size\">t\u00f6\u00f6tab v\u00e4lja dermato-veneroloogia arengu kontseptsiooni arvestades Eesti vajadusi,<\/li>\n\n\n\n<li class=\"has-medium-font-size\">j\u00e4lgib k\u00f5igi liikmete poolt eetikakoodeksi t\u00e4itmist,<\/li>\n\n\n\n<li class=\"has-medium-font-size\">erialase t\u00f6\u00f6 korraldamisel esindab dermato-venerolooge ja kaitseb nenede huve riigi- ja kohaliku omavalitsus\u00fcksustes.<\/li>\n<\/ul>\n\n\n\n<p class=\"has-medium-font-size\">15. juuni 1999.a. Riigiteataja Lisas nr. 97 avaldati seltsi nimi Tartu Linnakohtu otsusega sundl\u00f5petatud mittetulundus\u00fchingute nimekirjas.<br>11. oktoobril 1999. a. toimus Eesti Naha- ja Suguhaiguste Arstide Seltsi asutamiskoosolek.<br>Seltsi registreerimise kuup\u00e4ev on 28. Oktoober 1999. a.<br>Seltsi eesm\u00e4rk on sama, mis 1935. aastal dr. Aleksander Paldrocki poolt moodustatud Tartu Dermatoloogia Seltsil. Seltsi presidendiks valiti prof. Helgi Silm.<br><br>Seltsi eesm\u00e4rk on:<\/p>\n\n\n\n<ul class=\"wp-block-list\">\n<li class=\"has-medium-font-size\">Arendada dermatoveneroloogia eriala Eestis, tagades koost\u00f6\u00f6s Tartu \u00dclikooliga eriala spetsialistide j\u00e4rjepidevuse vastavalt Eesti Vabariigi vajadusele.<\/li>\n\n\n\n<li class=\"has-medium-font-size\">\u00dchtse diagnostika ja ravisuundade v\u00e4ljat\u00f6\u00f6tamine dermatolveneroloogia erialal Eestis ja nendes k\u00fcsimustes ettepanekute esitamine vastavatele riigiv\u00f5imu esindajatele.<\/li>\n\n\n\n<li class=\"has-medium-font-size\">Informatsiooni edastamine ja kogemuste vahetamine nii riiklikus kui erameditsiinis dermatoveneroloogidena t\u00f6\u00f6tavatele arstidele.<\/li>\n\n\n\n<li class=\"has-medium-font-size\">Korraldada erialaseid seminare ja konverentse, t\u00e4ienduskoolitusi, aidates sellega kaasa dermatoveneroloogide kvalifikatsiooni t\u00f5stmisele, v\u00f5imalusel toetada t\u00e4ienduskoolitust v\u00e4lismaal.<\/li>\n\n\n\n<li class=\"has-medium-font-size\">Prof\u00fclaktilise t\u00f6\u00f6 edendamine ja v\u00e4\u00e4rtustamine seksuaalsel teel levivate haiguste ja nakkavate nahahaigustega tegelevate arstide hulgas. Teabematerjalide v\u00e4ljaandmine.<\/li>\n\n\n\n<li class=\"has-medium-font-size\">Arendada koost\u00f6\u00f6d sarnaste tegevussuundade ja eesm\u00e4rkidega eriala \u00fchenduste v\u00f5i liitudega Eestis ja v\u00e4lismaal.<\/li>\n<\/ul>\n\n\n\n<p class=\"has-medium-font-size\">Seltsil on t\u00e4naseks 92 liiget.<\/p>\n\n\n\n<p class=\"has-medium-font-size\"><strong>T\u00dc Nahahaiguste kliinik<\/strong><\/p>\n\n\n\n<ol class=\"wp-block-list\" type=\"1\" start=\"1\">\n<li class=\"has-medium-font-size\">Aleksander Paldrok, professor - dermatoveneroloogia kateedri juhataja 7.sept. 1919 kuni 1.veebr. 1941.<\/li>\n\n\n\n<li class=\"has-medium-font-size\">Paul Parmakson, dotsent - dermatoveneroloogia kateedri juhataja 23.november 1944 kuni dets. 1946.<\/li>\n\n\n\n<li class=\"has-medium-font-size\">Ludmilla Nurmand, dotsent - dermatoveneroloogia kateedri juhataja veebr. 1947 kuni september 1966.<\/li>\n\n\n\n<li class=\"has-medium-font-size\">Herman Vahter, professor - dermatoveneroloogia kateedri juhataja sept. 1966 kuni 31.august 1992.<\/li>\n\n\n\n<li class=\"has-medium-font-size\">Helgi Silm, korraline professor - nahahaiguste kliiniku juhataja alates 1.sept. 1992<\/li>\n<\/ol>\n","protected":false},"excerpt":{"rendered":"<p>Tallinna Dermatoloogide ja Veneroloogide Selts.Asutatud 13. m\u00e4rtsil 1922.aAsutajad: dr Oskar Pallop, dr Harry R\u00fctman, dr Robert Koch P\u00f5hjuskiriSeltsi siht ja otstarve on: Seltsi otstarbe k\u00e4ttesaamise abin\u00f5ud on: Tegevliikmeteks v\u00f5isid olla ainult arstid. Auliikmeteks - arstid ja teadlased teistelt aladelt ise\u00e4ranis v\u00e4ljapaistva t\u00f6\u00f6 eest, mis teaduse p\u00f5llul ehk seltskonna kasuks teinud. Kirjavahetajad liikmed - arstid ja [&hellip;]<\/p>\n","protected":false},"author":33,"featured_media":0,"parent":17,"menu_order":1,"comment_status":"closed","ping_status":"closed","template":"","meta":{"_acf_changed":false,"_uag_custom_page_level_css":"","footnotes":""},"class_list":["post-5893","page","type-page","status-publish","hentry"],"acf":[],"yoast_head":"<!-- This site is optimized with the Yoast SEO plugin v27.5 - https:\/\/yoast.com\/product\/yoast-seo-wordpress\/ -->\n<title>Dermatoloogia Eestis - Nahahaiguste kliinik<\/title>\n<meta name=\"robots\" content=\"index, follow, max-snippet:-1, max-image-preview:large, max-video-preview:-1\" \/>\n<link rel=\"canonical\" href=\"https:\/\/www.kliinikum.ee\/nahakliinik\/kliinikust\/dermatoloogia-eestis\/\" \/>\n<meta property=\"og:locale\" content=\"et_EE\" \/>\n<meta property=\"og:type\" content=\"article\" \/>\n<meta property=\"og:title\" content=\"Dermatoloogia Eestis - Nahahaiguste kliinik\" \/>\n<meta property=\"og:description\" content=\"Tallinna Dermatoloogide ja Veneroloogide Selts.Asutatud 13. m\u00e4rtsil 1922.aAsutajad: dr Oskar Pallop, dr Harry R\u00fctman, dr Robert Koch P\u00f5hjuskiriSeltsi siht ja otstarve on: Seltsi otstarbe k\u00e4ttesaamise abin\u00f5ud on: Tegevliikmeteks v\u00f5isid olla ainult arstid. Auliikmeteks - arstid ja teadlased teistelt aladelt ise\u00e4ranis v\u00e4ljapaistva t\u00f6\u00f6 eest, mis teaduse p\u00f5llul ehk seltskonna kasuks teinud. Kirjavahetajad liikmed - arstid ja [&hellip;]\" \/>\n<meta property=\"og:url\" content=\"https:\/\/www.kliinikum.ee\/nahakliinik\/kliinikust\/dermatoloogia-eestis\/\" \/>\n<meta property=\"og:site_name\" content=\"Nahahaiguste kliinik\" \/>\n<meta property=\"article:modified_time\" content=\"2023-10-20T12:46:01+00:00\" \/>\n<meta name=\"twitter:card\" content=\"summary_large_image\" \/>\n<meta name=\"twitter:label1\" content=\"Est. reading time\" \/>\n\t<meta name=\"twitter:data1\" content=\"6 minutit\" \/>\n<script type=\"application\/ld+json\" class=\"yoast-schema-graph\">{\"@context\":\"https:\\\/\\\/schema.org\",\"@graph\":[{\"@type\":\"WebPage\",\"@id\":\"https:\\\/\\\/www.kliinikum.ee\\\/nahakliinik\\\/kliinikust\\\/dermatoloogia-eestis\\\/\",\"url\":\"https:\\\/\\\/www.kliinikum.ee\\\/nahakliinik\\\/kliinikust\\\/dermatoloogia-eestis\\\/\",\"name\":\"Dermatoloogia Eestis - Nahahaiguste kliinik\",\"isPartOf\":{\"@id\":\"https:\\\/\\\/www.kliinikum.ee\\\/nahakliinik\\\/#website\"},\"datePublished\":\"2023-04-03T08:12:19+00:00\",\"dateModified\":\"2023-10-20T12:46:01+00:00\",\"breadcrumb\":{\"@id\":\"https:\\\/\\\/www.kliinikum.ee\\\/nahakliinik\\\/kliinikust\\\/dermatoloogia-eestis\\\/#breadcrumb\"},\"inLanguage\":\"et\",\"potentialAction\":[{\"@type\":\"ReadAction\",\"target\":[\"https:\\\/\\\/www.kliinikum.ee\\\/nahakliinik\\\/kliinikust\\\/dermatoloogia-eestis\\\/\"]}]},{\"@type\":\"BreadcrumbList\",\"@id\":\"https:\\\/\\\/www.kliinikum.ee\\\/nahakliinik\\\/kliinikust\\\/dermatoloogia-eestis\\\/#breadcrumb\",\"itemListElement\":[{\"@type\":\"ListItem\",\"position\":1,\"name\":\"Home\",\"item\":\"https:\\\/\\\/www.kliinikum.ee\\\/nahakliinik\\\/\"},{\"@type\":\"ListItem\",\"position\":2,\"name\":\"Kliinikust\",\"item\":\"https:\\\/\\\/www.kliinikum.ee\\\/nahakliinik\\\/kliinikust\\\/\"},{\"@type\":\"ListItem\",\"position\":3,\"name\":\"Dermatoloogia Eestis\"}]},{\"@type\":\"WebSite\",\"@id\":\"https:\\\/\\\/www.kliinikum.ee\\\/nahakliinik\\\/#website\",\"url\":\"https:\\\/\\\/www.kliinikum.ee\\\/nahakliinik\\\/\",\"name\":\"Nahahaiguste kliinik\",\"description\":\"\",\"potentialAction\":[{\"@type\":\"SearchAction\",\"target\":{\"@type\":\"EntryPoint\",\"urlTemplate\":\"https:\\\/\\\/www.kliinikum.ee\\\/nahakliinik\\\/?s={search_term_string}\"},\"query-input\":{\"@type\":\"PropertyValueSpecification\",\"valueRequired\":true,\"valueName\":\"search_term_string\"}}],\"inLanguage\":\"et\"}]}<\/script>\n<!-- \/ Yoast SEO plugin. -->","yoast_head_json":{"title":"Dermatoloogia Eestis - Nahahaiguste kliinik","robots":{"index":"index","follow":"follow","max-snippet":"max-snippet:-1","max-image-preview":"max-image-preview:large","max-video-preview":"max-video-preview:-1"},"canonical":"https:\/\/www.kliinikum.ee\/nahakliinik\/kliinikust\/dermatoloogia-eestis\/","og_locale":"et_EE","og_type":"article","og_title":"Dermatoloogia Eestis - Nahahaiguste kliinik","og_description":"Tallinna Dermatoloogide ja Veneroloogide Selts.Asutatud 13. m\u00e4rtsil 1922.aAsutajad: dr Oskar Pallop, dr Harry R\u00fctman, dr Robert Koch P\u00f5hjuskiriSeltsi siht ja otstarve on: Seltsi otstarbe k\u00e4ttesaamise abin\u00f5ud on: Tegevliikmeteks v\u00f5isid olla ainult arstid. Auliikmeteks - arstid ja teadlased teistelt aladelt ise\u00e4ranis v\u00e4ljapaistva t\u00f6\u00f6 eest, mis teaduse p\u00f5llul ehk seltskonna kasuks teinud. Kirjavahetajad liikmed - arstid ja [&hellip;]","og_url":"https:\/\/www.kliinikum.ee\/nahakliinik\/kliinikust\/dermatoloogia-eestis\/","og_site_name":"Nahahaiguste kliinik","article_modified_time":"2023-10-20T12:46:01+00:00","twitter_card":"summary_large_image","twitter_misc":{"Est. reading time":"6 minutit"},"schema":{"@context":"https:\/\/schema.org","@graph":[{"@type":"WebPage","@id":"https:\/\/www.kliinikum.ee\/nahakliinik\/kliinikust\/dermatoloogia-eestis\/","url":"https:\/\/www.kliinikum.ee\/nahakliinik\/kliinikust\/dermatoloogia-eestis\/","name":"Dermatoloogia Eestis - Nahahaiguste kliinik","isPartOf":{"@id":"https:\/\/www.kliinikum.ee\/nahakliinik\/#website"},"datePublished":"2023-04-03T08:12:19+00:00","dateModified":"2023-10-20T12:46:01+00:00","breadcrumb":{"@id":"https:\/\/www.kliinikum.ee\/nahakliinik\/kliinikust\/dermatoloogia-eestis\/#breadcrumb"},"inLanguage":"et","potentialAction":[{"@type":"ReadAction","target":["https:\/\/www.kliinikum.ee\/nahakliinik\/kliinikust\/dermatoloogia-eestis\/"]}]},{"@type":"BreadcrumbList","@id":"https:\/\/www.kliinikum.ee\/nahakliinik\/kliinikust\/dermatoloogia-eestis\/#breadcrumb","itemListElement":[{"@type":"ListItem","position":1,"name":"Home","item":"https:\/\/www.kliinikum.ee\/nahakliinik\/"},{"@type":"ListItem","position":2,"name":"Kliinikust","item":"https:\/\/www.kliinikum.ee\/nahakliinik\/kliinikust\/"},{"@type":"ListItem","position":3,"name":"Dermatoloogia Eestis"}]},{"@type":"WebSite","@id":"https:\/\/www.kliinikum.ee\/nahakliinik\/#website","url":"https:\/\/www.kliinikum.ee\/nahakliinik\/","name":"Nahahaiguste kliinik","description":"","potentialAction":[{"@type":"SearchAction","target":{"@type":"EntryPoint","urlTemplate":"https:\/\/www.kliinikum.ee\/nahakliinik\/?s={search_term_string}"},"query-input":{"@type":"PropertyValueSpecification","valueRequired":true,"valueName":"search_term_string"}}],"inLanguage":"et"}]}},"uagb_featured_image_src":{"full":false,"thumbnail":false,"medium":false,"medium_large":false,"large":false,"1536x1536":false,"2048x2048":false},"uagb_author_info":{"display_name":"Jane Freimann","author_link":"https:\/\/www.kliinikum.ee\/nahakliinik\/author\/janef\/"},"uagb_comment_info":0,"uagb_excerpt":"Tallinna Dermatoloogide ja Veneroloogide Selts.Asutatud 13. m\u00e4rtsil 1922.aAsutajad: dr Oskar Pallop, dr Harry R\u00fctman, dr Robert Koch P\u00f5hjuskiriSeltsi siht ja otstarve on: Seltsi otstarbe k\u00e4ttesaamise abin\u00f5ud on: Tegevliikmeteks v\u00f5isid olla ainult arstid. Auliikmeteks - arstid ja teadlased teistelt aladelt ise\u00e4ranis v\u00e4ljapaistva t\u00f6\u00f6 eest, mis teaduse p\u00f5llul ehk seltskonna kasuks teinud. Kirjavahetajad liikmed - arstid ja&hellip;","_links":{"self":[{"href":"https:\/\/www.kliinikum.ee\/nahakliinik\/wp-json\/wp\/v2\/pages\/5893","targetHints":{"allow":["GET"]}}],"collection":[{"href":"https:\/\/www.kliinikum.ee\/nahakliinik\/wp-json\/wp\/v2\/pages"}],"about":[{"href":"https:\/\/www.kliinikum.ee\/nahakliinik\/wp-json\/wp\/v2\/types\/page"}],"author":[{"embeddable":true,"href":"https:\/\/www.kliinikum.ee\/nahakliinik\/wp-json\/wp\/v2\/users\/33"}],"replies":[{"embeddable":true,"href":"https:\/\/www.kliinikum.ee\/nahakliinik\/wp-json\/wp\/v2\/comments?post=5893"}],"version-history":[{"count":0,"href":"https:\/\/www.kliinikum.ee\/nahakliinik\/wp-json\/wp\/v2\/pages\/5893\/revisions"}],"up":[{"embeddable":true,"href":"https:\/\/www.kliinikum.ee\/nahakliinik\/wp-json\/wp\/v2\/pages\/17"}],"wp:attachment":[{"href":"https:\/\/www.kliinikum.ee\/nahakliinik\/wp-json\/wp\/v2\/media?parent=5893"}],"curies":[{"name":"wp","href":"https:\/\/api.w.org\/{rel}","templated":true}]}}