{"id":5997,"date":"2023-10-20T14:14:27","date_gmt":"2023-10-20T12:14:27","guid":{"rendered":"https:\/\/www.kliinikum.ee\/nahakliinik\/?page_id=5997"},"modified":"2023-12-01T12:54:48","modified_gmt":"2023-12-01T10:54:48","slug":"pisioperatsiooni-meelespea","status":"publish","type":"page","link":"https:\/\/www.kliinikum.ee\/nahakliinik\/patsiendile\/pisioperatsiooni-meelespea\/","title":{"rendered":"Pisioperatsiooni meelespea"},"content":{"rendered":"\n<ul class=\"wp-block-list\">\n<li class=\"has-medium-font-size\"><strong>Saatekiri kaasa!<\/strong><\/li>\n\n\n\n<li class=\"has-medium-font-size\">Tulge kohale 15 minutit varem. &nbsp;Operatsioon toimub Raja 31 (Tartu),&nbsp;III korrus statsionaarne osakond,&nbsp; kabinet&nbsp; <strong>B3009-1<\/strong><\/li>\n\n\n\n<li class=\"has-medium-font-size\">Kui v\u00f5tate verevedeldajaid, siis ei tohiks ravi katkestada. V\u00f5imalusel valuvaigistid (v.a paratsetamool) operatsiooni p\u00e4eval j\u00e4tta v\u00f5tmata.<\/li>\n\n\n\n<li class=\"has-medium-font-size\">Kui Teil esineb temperatuuri t\u00f5us, palume operatsioonile mitte tulla ning aeg t\u00fchistada (v\u00f5imalusel broneerida uus aeg)<\/li>\n\n\n\n<li class=\"has-medium-font-size\">\u00c4ra tule operatsioonile t\u00fchja k\u00f5huga, sest protseduurieelne \u00e4revus ja vere madal suhkrutase v\u00f5ib p\u00f5hjustada minestuse (esineb harva).<\/li>\n\n\n\n<li class=\"has-medium-font-size\">Vajadusel raseeri operatsiooni p\u00e4eva hommikul karvad, mis j\u00e4\u00e4vad eemaldatava moodustise \u00fcmber ~5cm ulatuses<\/li>\n\n\n\n<li class=\"has-medium-font-size\">Operatsiooni j\u00e4rgselt \u00e4ra planeeri rasket f\u00fc\u00fcsilist koormust n\u00f5udvaid tegevusi, sest haava paranemine kestab ~ 2 n\u00e4dalat.<\/li>\n\n\n\n<li class=\"has-medium-font-size\">Planeeri t\u00f6\u00f6- ja puhkusereisid v\u00e4lisriiki nii, et haav oleks eelnevalt paranenud.<\/li>\n\n\n\n<li class=\"has-medium-font-size\">Aja muutmine v\u00f5i t\u00fchistamine tel: <strong>731 9736 \/ 731 9723<\/strong><\/li>\n<\/ul>\n","protected":false},"excerpt":{"rendered":"","protected":false},"author":33,"featured_media":0,"parent":15,"menu_order":4,"comment_status":"closed","ping_status":"closed","template":"","meta":{"_acf_changed":false,"_uag_custom_page_level_css":"","footnotes":""},"class_list":["post-5997","page","type-page","status-publish","hentry"],"acf":[],"yoast_head":"<!-- This site is optimized with the Yoast SEO plugin v27.3 - https:\/\/yoast.com\/product\/yoast-seo-wordpress\/ -->\n<title>Pisioperatsiooni meelespea - Nahahaiguste kliinik<\/title>\n<meta name=\"robots\" content=\"index, follow, max-snippet:-1, max-image-preview:large, max-video-preview:-1\" \/>\n<link rel=\"canonical\" href=\"https:\/\/www.kliinikum.ee\/nahakliinik\/patsiendile\/pisioperatsiooni-meelespea\/\" \/>\n<meta property=\"og:locale\" content=\"et_EE\" \/>\n<meta property=\"og:type\" content=\"article\" \/>\n<meta property=\"og:title\" content=\"Pisioperatsiooni meelespea - Nahahaiguste kliinik\" \/>\n<meta property=\"og:url\" content=\"https:\/\/www.kliinikum.ee\/nahakliinik\/patsiendile\/pisioperatsiooni-meelespea\/\" \/>\n<meta property=\"og:site_name\" content=\"Nahahaiguste kliinik\" \/>\n<meta property=\"article:modified_time\" content=\"2023-12-01T10:54:48+00:00\" \/>\n<meta name=\"twitter:card\" content=\"summary_large_image\" \/>\n<meta name=\"twitter:label1\" content=\"Est. reading time\" \/>\n\t<meta name=\"twitter:data1\" content=\"1 minut\" \/>\n<script type=\"application\/ld+json\" class=\"yoast-schema-graph\">{\"@context\":\"https:\\\/\\\/schema.org\",\"@graph\":[{\"@type\":\"WebPage\",\"@id\":\"https:\\\/\\\/www.kliinikum.ee\\\/nahakliinik\\\/patsiendile\\\/pisioperatsiooni-meelespea\\\/\",\"url\":\"https:\\\/\\\/www.kliinikum.ee\\\/nahakliinik\\\/patsiendile\\\/pisioperatsiooni-meelespea\\\/\",\"name\":\"Pisioperatsiooni meelespea - Nahahaiguste kliinik\",\"isPartOf\":{\"@id\":\"https:\\\/\\\/www.kliinikum.ee\\\/nahakliinik\\\/#website\"},\"datePublished\":\"2023-10-20T12:14:27+00:00\",\"dateModified\":\"2023-12-01T10:54:48+00:00\",\"breadcrumb\":{\"@id\":\"https:\\\/\\\/www.kliinikum.ee\\\/nahakliinik\\\/patsiendile\\\/pisioperatsiooni-meelespea\\\/#breadcrumb\"},\"inLanguage\":\"et\",\"potentialAction\":[{\"@type\":\"ReadAction\",\"target\":[\"https:\\\/\\\/www.kliinikum.ee\\\/nahakliinik\\\/patsiendile\\\/pisioperatsiooni-meelespea\\\/\"]}]},{\"@type\":\"BreadcrumbList\",\"@id\":\"https:\\\/\\\/www.kliinikum.ee\\\/nahakliinik\\\/patsiendile\\\/pisioperatsiooni-meelespea\\\/#breadcrumb\",\"itemListElement\":[{\"@type\":\"ListItem\",\"position\":1,\"name\":\"Home\",\"item\":\"https:\\\/\\\/www.kliinikum.ee\\\/nahakliinik\\\/\"},{\"@type\":\"ListItem\",\"position\":2,\"name\":\"Patsiendile\",\"item\":\"https:\\\/\\\/www.kliinikum.ee\\\/nahakliinik\\\/patsiendile\\\/\"},{\"@type\":\"ListItem\",\"position\":3,\"name\":\"Pisioperatsiooni meelespea\"}]},{\"@type\":\"WebSite\",\"@id\":\"https:\\\/\\\/www.kliinikum.ee\\\/nahakliinik\\\/#website\",\"url\":\"https:\\\/\\\/www.kliinikum.ee\\\/nahakliinik\\\/\",\"name\":\"Nahahaiguste kliinik\",\"description\":\"\",\"potentialAction\":[{\"@type\":\"SearchAction\",\"target\":{\"@type\":\"EntryPoint\",\"urlTemplate\":\"https:\\\/\\\/www.kliinikum.ee\\\/nahakliinik\\\/?s={search_term_string}\"},\"query-input\":{\"@type\":\"PropertyValueSpecification\",\"valueRequired\":true,\"valueName\":\"search_term_string\"}}],\"inLanguage\":\"et\"}]}<\/script>\n<!-- \/ Yoast SEO plugin. -->","yoast_head_json":{"title":"Pisioperatsiooni meelespea - Nahahaiguste kliinik","robots":{"index":"index","follow":"follow","max-snippet":"max-snippet:-1","max-image-preview":"max-image-preview:large","max-video-preview":"max-video-preview:-1"},"canonical":"https:\/\/www.kliinikum.ee\/nahakliinik\/patsiendile\/pisioperatsiooni-meelespea\/","og_locale":"et_EE","og_type":"article","og_title":"Pisioperatsiooni meelespea - Nahahaiguste kliinik","og_url":"https:\/\/www.kliinikum.ee\/nahakliinik\/patsiendile\/pisioperatsiooni-meelespea\/","og_site_name":"Nahahaiguste kliinik","article_modified_time":"2023-12-01T10:54:48+00:00","twitter_card":"summary_large_image","twitter_misc":{"Est. reading time":"1 minut"},"schema":{"@context":"https:\/\/schema.org","@graph":[{"@type":"WebPage","@id":"https:\/\/www.kliinikum.ee\/nahakliinik\/patsiendile\/pisioperatsiooni-meelespea\/","url":"https:\/\/www.kliinikum.ee\/nahakliinik\/patsiendile\/pisioperatsiooni-meelespea\/","name":"Pisioperatsiooni meelespea - Nahahaiguste kliinik","isPartOf":{"@id":"https:\/\/www.kliinikum.ee\/nahakliinik\/#website"},"datePublished":"2023-10-20T12:14:27+00:00","dateModified":"2023-12-01T10:54:48+00:00","breadcrumb":{"@id":"https:\/\/www.kliinikum.ee\/nahakliinik\/patsiendile\/pisioperatsiooni-meelespea\/#breadcrumb"},"inLanguage":"et","potentialAction":[{"@type":"ReadAction","target":["https:\/\/www.kliinikum.ee\/nahakliinik\/patsiendile\/pisioperatsiooni-meelespea\/"]}]},{"@type":"BreadcrumbList","@id":"https:\/\/www.kliinikum.ee\/nahakliinik\/patsiendile\/pisioperatsiooni-meelespea\/#breadcrumb","itemListElement":[{"@type":"ListItem","position":1,"name":"Home","item":"https:\/\/www.kliinikum.ee\/nahakliinik\/"},{"@type":"ListItem","position":2,"name":"Patsiendile","item":"https:\/\/www.kliinikum.ee\/nahakliinik\/patsiendile\/"},{"@type":"ListItem","position":3,"name":"Pisioperatsiooni meelespea"}]},{"@type":"WebSite","@id":"https:\/\/www.kliinikum.ee\/nahakliinik\/#website","url":"https:\/\/www.kliinikum.ee\/nahakliinik\/","name":"Nahahaiguste kliinik","description":"","potentialAction":[{"@type":"SearchAction","target":{"@type":"EntryPoint","urlTemplate":"https:\/\/www.kliinikum.ee\/nahakliinik\/?s={search_term_string}"},"query-input":{"@type":"PropertyValueSpecification","valueRequired":true,"valueName":"search_term_string"}}],"inLanguage":"et"}]}},"uagb_featured_image_src":{"full":false,"thumbnail":false,"medium":false,"medium_large":false,"large":false,"1536x1536":false,"2048x2048":false},"uagb_author_info":{"display_name":"Jane Freimann","author_link":"https:\/\/www.kliinikum.ee\/nahakliinik\/author\/janef\/"},"uagb_comment_info":0,"uagb_excerpt":null,"_links":{"self":[{"href":"https:\/\/www.kliinikum.ee\/nahakliinik\/wp-json\/wp\/v2\/pages\/5997","targetHints":{"allow":["GET"]}}],"collection":[{"href":"https:\/\/www.kliinikum.ee\/nahakliinik\/wp-json\/wp\/v2\/pages"}],"about":[{"href":"https:\/\/www.kliinikum.ee\/nahakliinik\/wp-json\/wp\/v2\/types\/page"}],"author":[{"embeddable":true,"href":"https:\/\/www.kliinikum.ee\/nahakliinik\/wp-json\/wp\/v2\/users\/33"}],"replies":[{"embeddable":true,"href":"https:\/\/www.kliinikum.ee\/nahakliinik\/wp-json\/wp\/v2\/comments?post=5997"}],"version-history":[{"count":0,"href":"https:\/\/www.kliinikum.ee\/nahakliinik\/wp-json\/wp\/v2\/pages\/5997\/revisions"}],"up":[{"embeddable":true,"href":"https:\/\/www.kliinikum.ee\/nahakliinik\/wp-json\/wp\/v2\/pages\/15"}],"wp:attachment":[{"href":"https:\/\/www.kliinikum.ee\/nahakliinik\/wp-json\/wp\/v2\/media?parent=5997"}],"curies":[{"name":"wp","href":"https:\/\/api.w.org\/{rel}","templated":true}]}}