{"id":6118,"date":"2023-11-30T11:32:34","date_gmt":"2023-11-30T09:32:34","guid":{"rendered":"https:\/\/www.kliinikum.ee\/nahakliinik\/?page_id=6118"},"modified":"2025-10-30T12:33:09","modified_gmt":"2025-10-30T10:33:09","slug":"tootajad","status":"publish","type":"page","link":"https:\/\/www.kliinikum.ee\/nahakliinik\/kliinikust\/tootajad\/","title":{"rendered":"T\u00f6\u00f6tajad"},"content":{"rendered":"\n<p class=\"has-medium-font-size\">Siin lehek\u00fcljel on kuvatud nende t\u00f6\u00f6tajate nimed, kes v\u00f5tavad vastu patsiente.<\/p>\n\n\n\n<p class=\"has-medium-font-size\"><strong>Nahahaiguste kliinikus v\u00f5tavad vastu j\u00e4rgmised arstid:<\/strong><\/p>\n\n\n\n<ol class=\"wp-block-list\">\n<li>Abram, Kristi<\/li>\n\n\n\n<li>Jaks, Viljar&nbsp;&nbsp;&nbsp;&nbsp;&nbsp;&nbsp;&nbsp;&nbsp;&nbsp;&nbsp;&nbsp;&nbsp;&nbsp;&nbsp;&nbsp;&nbsp;&nbsp;&nbsp;&nbsp;&nbsp;&nbsp;&nbsp;&nbsp;&nbsp;&nbsp;&nbsp;&nbsp;&nbsp;&nbsp;&nbsp;&nbsp;&nbsp;&nbsp;&nbsp; &nbsp;<\/li>\n\n\n\n<li>Kalbus, Age&nbsp;&nbsp;&nbsp;&nbsp;&nbsp;&nbsp;&nbsp;&nbsp;&nbsp;&nbsp;&nbsp;&nbsp;&nbsp;&nbsp;&nbsp;&nbsp;&nbsp;&nbsp;&nbsp;&nbsp;&nbsp;&nbsp;&nbsp;&nbsp;&nbsp;&nbsp;&nbsp;&nbsp;&nbsp;&nbsp;&nbsp;&nbsp; &nbsp;<\/li>\n\n\n\n<li>Karelson, Maire&nbsp;&nbsp;&nbsp;&nbsp;&nbsp;&nbsp;&nbsp;&nbsp;&nbsp;&nbsp;&nbsp;&nbsp;&nbsp;&nbsp;&nbsp;&nbsp;&nbsp;&nbsp;&nbsp;&nbsp;&nbsp;&nbsp;&nbsp;&nbsp;&nbsp;&nbsp;&nbsp;&nbsp;&nbsp;&nbsp;&nbsp;&nbsp;&nbsp;&nbsp;&nbsp;&nbsp;&nbsp;&nbsp;&nbsp; &nbsp;<\/li>\n\n\n\n<li>Keermann, Maris&nbsp;&nbsp;&nbsp;&nbsp;&nbsp;&nbsp;&nbsp;&nbsp;&nbsp;&nbsp;&nbsp;&nbsp;&nbsp;&nbsp;&nbsp;&nbsp;&nbsp;&nbsp;&nbsp;&nbsp;&nbsp;&nbsp;&nbsp;&nbsp;&nbsp;&nbsp;&nbsp;&nbsp;&nbsp;&nbsp;&nbsp;&nbsp;&nbsp;&nbsp;&nbsp;&nbsp; &nbsp;<\/li>\n\n\n\n<li>Kingo, K\u00fclli&nbsp;&nbsp;&nbsp;&nbsp;&nbsp;&nbsp;&nbsp;&nbsp;&nbsp;&nbsp;&nbsp;&nbsp;&nbsp;&nbsp;&nbsp;&nbsp;&nbsp;&nbsp;&nbsp;&nbsp;&nbsp;&nbsp;&nbsp;&nbsp;&nbsp;&nbsp;&nbsp;&nbsp;&nbsp;&nbsp;&nbsp;&nbsp;&nbsp; &nbsp;<\/li>\n\n\n\n<li>Kukk, Terje<\/li>\n\n\n\n<li>Lehtmets, Ama<\/li>\n\n\n\n<li>P\u00e4rna, Ene&nbsp;&nbsp;&nbsp;&nbsp;&nbsp;&nbsp;&nbsp;&nbsp;&nbsp;&nbsp;&nbsp;&nbsp;&nbsp;&nbsp;&nbsp;&nbsp;&nbsp;&nbsp;&nbsp;&nbsp;&nbsp;&nbsp;&nbsp;&nbsp;&nbsp;&nbsp;&nbsp;&nbsp;&nbsp;&nbsp;&nbsp;&nbsp;&nbsp;&nbsp;&nbsp;&nbsp;&nbsp;&nbsp;&nbsp;&nbsp;&nbsp;&nbsp;&nbsp;&nbsp;&nbsp;&nbsp;&nbsp;&nbsp;&nbsp; &nbsp;<\/li>\n\n\n\n<li>Raam, Liisi&nbsp;&nbsp;&nbsp;&nbsp;&nbsp;&nbsp;&nbsp;&nbsp;&nbsp;&nbsp;&nbsp;&nbsp;&nbsp;&nbsp;&nbsp;&nbsp;&nbsp;&nbsp;&nbsp;&nbsp;&nbsp;&nbsp;&nbsp;&nbsp;&nbsp;&nbsp;&nbsp;&nbsp;&nbsp;&nbsp;&nbsp;&nbsp;&nbsp;&nbsp; &nbsp;<\/li>\n\n\n\n<li>Raudsepp, Heli&nbsp;&nbsp;&nbsp;&nbsp;&nbsp;&nbsp;&nbsp;&nbsp;&nbsp;&nbsp;&nbsp;&nbsp;&nbsp;&nbsp;&nbsp;&nbsp;&nbsp;&nbsp;&nbsp;&nbsp;&nbsp;&nbsp;&nbsp;&nbsp;&nbsp;&nbsp;&nbsp;&nbsp;&nbsp;&nbsp;&nbsp;&nbsp;&nbsp;&nbsp;&nbsp;&nbsp;&nbsp;&nbsp;&nbsp;&nbsp; &nbsp;<\/li>\n\n\n\n<li>Ristal, Kadi&nbsp;&nbsp;&nbsp;&nbsp;&nbsp;&nbsp;&nbsp;&nbsp;&nbsp;&nbsp;&nbsp;&nbsp;&nbsp;&nbsp;&nbsp;&nbsp;&nbsp;&nbsp;&nbsp;&nbsp;&nbsp;&nbsp;&nbsp;&nbsp;&nbsp;&nbsp;&nbsp;&nbsp;&nbsp;&nbsp;&nbsp;&nbsp;&nbsp; &nbsp;&nbsp;&nbsp;<\/li>\n\n\n\n<li>Sikk, Kadri&nbsp;&nbsp;&nbsp;&nbsp;&nbsp;&nbsp;&nbsp;&nbsp;&nbsp;&nbsp;&nbsp;&nbsp;&nbsp;&nbsp;&nbsp;&nbsp;&nbsp;&nbsp;&nbsp;&nbsp;&nbsp;&nbsp;&nbsp;&nbsp;&nbsp;&nbsp;&nbsp;&nbsp;&nbsp;&nbsp;&nbsp;&nbsp;&nbsp;&nbsp; &nbsp;&nbsp;&nbsp;<\/li>\n\n\n\n<li>Taul, Oliver&nbsp;&nbsp;&nbsp;&nbsp;&nbsp;&nbsp;&nbsp;&nbsp;&nbsp;&nbsp;&nbsp;&nbsp;&nbsp;&nbsp;&nbsp;&nbsp;&nbsp;&nbsp;&nbsp;&nbsp;&nbsp;&nbsp;&nbsp;&nbsp;&nbsp;&nbsp;&nbsp;&nbsp;&nbsp;&nbsp;&nbsp;&nbsp; &nbsp;<\/li>\n\n\n\n<li>Volke, Annika<\/li>\n<\/ol>\n\n\n\n<p class=\"has-medium-font-size\"><strong>Nahahaiguste kliinikus teevad \u00f5e vastuv\u00f5tte:<\/strong><\/p>\n\n\n\n<ol class=\"wp-block-list\">\n<li class=\"has-medium-font-size\">Arbeiter, Eva<\/li>\n\n\n\n<li>Koemets, Olga<\/li>\n\n\n\n<li>Kolk, Riina<\/li>\n\n\n\n<li>Kotkas, Kaie<\/li>\n\n\n\n<li>Kuldma V\u00e4hk, Liis<\/li>\n\n\n\n<li>Laas, Janne<\/li>\n\n\n\n<li>Luts, Ingrid<\/li>\n\n\n\n<li>Maalmann, Maili<\/li>\n\n\n\n<li>Roose, Margit<\/li>\n\n\n\n<li>Saage, Riti<\/li>\n\n\n\n<li>Sobolev, Ljubov<\/li>\n\n\n\n<li>\u0160aibel, Svetlana<\/li>\n\n\n\n<li>Tjapkina, Irina<\/li>\n\n\n\n<li>V\u00e4iso, Kaie<\/li>\n\n\n\n<li>Kurusk, Valeria<\/li>\n\n\n\n<li class=\"has-medium-font-size\">Valts, Heli<\/li>\n<\/ol>\n\n\n\n<p><\/p>\n","protected":false},"excerpt":{"rendered":"<p>Siin lehek\u00fcljel on kuvatud nende t\u00f6\u00f6tajate nimed, kes v\u00f5tavad vastu patsiente. Nahahaiguste kliinikus v\u00f5tavad vastu j\u00e4rgmised arstid: Nahahaiguste kliinikus teevad \u00f5e vastuv\u00f5tte:<\/p>\n","protected":false},"author":33,"featured_media":0,"parent":17,"menu_order":0,"comment_status":"closed","ping_status":"closed","template":"","meta":{"_acf_changed":false,"_uag_custom_page_level_css":"","footnotes":""},"class_list":["post-6118","page","type-page","status-publish","hentry"],"acf":[],"yoast_head":"<!-- This site is optimized with the Yoast SEO plugin v27.3 - https:\/\/yoast.com\/product\/yoast-seo-wordpress\/ -->\n<title>T\u00f6\u00f6tajad - Nahahaiguste kliinik<\/title>\n<meta name=\"robots\" content=\"index, follow, max-snippet:-1, max-image-preview:large, max-video-preview:-1\" \/>\n<link rel=\"canonical\" href=\"https:\/\/www.kliinikum.ee\/nahakliinik\/kliinikust\/tootajad\/\" \/>\n<meta property=\"og:locale\" content=\"et_EE\" \/>\n<meta property=\"og:type\" content=\"article\" \/>\n<meta property=\"og:title\" content=\"T\u00f6\u00f6tajad - Nahahaiguste kliinik\" \/>\n<meta property=\"og:description\" content=\"Siin lehek\u00fcljel on kuvatud nende t\u00f6\u00f6tajate nimed, kes v\u00f5tavad vastu patsiente. Nahahaiguste kliinikus v\u00f5tavad vastu j\u00e4rgmised arstid: Nahahaiguste kliinikus teevad \u00f5e vastuv\u00f5tte:\" \/>\n<meta property=\"og:url\" content=\"https:\/\/www.kliinikum.ee\/nahakliinik\/kliinikust\/tootajad\/\" \/>\n<meta property=\"og:site_name\" content=\"Nahahaiguste kliinik\" \/>\n<meta property=\"article:modified_time\" content=\"2025-10-30T10:33:09+00:00\" \/>\n<meta name=\"twitter:card\" content=\"summary_large_image\" \/>\n<meta name=\"twitter:label1\" content=\"Est. reading time\" \/>\n\t<meta name=\"twitter:data1\" content=\"1 minut\" \/>\n<script type=\"application\/ld+json\" class=\"yoast-schema-graph\">{\"@context\":\"https:\\\/\\\/schema.org\",\"@graph\":[{\"@type\":\"WebPage\",\"@id\":\"https:\\\/\\\/www.kliinikum.ee\\\/nahakliinik\\\/kliinikust\\\/tootajad\\\/\",\"url\":\"https:\\\/\\\/www.kliinikum.ee\\\/nahakliinik\\\/kliinikust\\\/tootajad\\\/\",\"name\":\"T\u00f6\u00f6tajad - Nahahaiguste kliinik\",\"isPartOf\":{\"@id\":\"https:\\\/\\\/www.kliinikum.ee\\\/nahakliinik\\\/#website\"},\"datePublished\":\"2023-11-30T09:32:34+00:00\",\"dateModified\":\"2025-10-30T10:33:09+00:00\",\"breadcrumb\":{\"@id\":\"https:\\\/\\\/www.kliinikum.ee\\\/nahakliinik\\\/kliinikust\\\/tootajad\\\/#breadcrumb\"},\"inLanguage\":\"et\",\"potentialAction\":[{\"@type\":\"ReadAction\",\"target\":[\"https:\\\/\\\/www.kliinikum.ee\\\/nahakliinik\\\/kliinikust\\\/tootajad\\\/\"]}]},{\"@type\":\"BreadcrumbList\",\"@id\":\"https:\\\/\\\/www.kliinikum.ee\\\/nahakliinik\\\/kliinikust\\\/tootajad\\\/#breadcrumb\",\"itemListElement\":[{\"@type\":\"ListItem\",\"position\":1,\"name\":\"Home\",\"item\":\"https:\\\/\\\/www.kliinikum.ee\\\/nahakliinik\\\/\"},{\"@type\":\"ListItem\",\"position\":2,\"name\":\"Kliinikust\",\"item\":\"https:\\\/\\\/www.kliinikum.ee\\\/nahakliinik\\\/kliinikust\\\/\"},{\"@type\":\"ListItem\",\"position\":3,\"name\":\"T\u00f6\u00f6tajad\"}]},{\"@type\":\"WebSite\",\"@id\":\"https:\\\/\\\/www.kliinikum.ee\\\/nahakliinik\\\/#website\",\"url\":\"https:\\\/\\\/www.kliinikum.ee\\\/nahakliinik\\\/\",\"name\":\"Nahahaiguste kliinik\",\"description\":\"\",\"potentialAction\":[{\"@type\":\"SearchAction\",\"target\":{\"@type\":\"EntryPoint\",\"urlTemplate\":\"https:\\\/\\\/www.kliinikum.ee\\\/nahakliinik\\\/?s={search_term_string}\"},\"query-input\":{\"@type\":\"PropertyValueSpecification\",\"valueRequired\":true,\"valueName\":\"search_term_string\"}}],\"inLanguage\":\"et\"}]}<\/script>\n<!-- \/ Yoast SEO plugin. -->","yoast_head_json":{"title":"T\u00f6\u00f6tajad - Nahahaiguste kliinik","robots":{"index":"index","follow":"follow","max-snippet":"max-snippet:-1","max-image-preview":"max-image-preview:large","max-video-preview":"max-video-preview:-1"},"canonical":"https:\/\/www.kliinikum.ee\/nahakliinik\/kliinikust\/tootajad\/","og_locale":"et_EE","og_type":"article","og_title":"T\u00f6\u00f6tajad - Nahahaiguste kliinik","og_description":"Siin lehek\u00fcljel on kuvatud nende t\u00f6\u00f6tajate nimed, kes v\u00f5tavad vastu patsiente. Nahahaiguste kliinikus v\u00f5tavad vastu j\u00e4rgmised arstid: Nahahaiguste kliinikus teevad \u00f5e vastuv\u00f5tte:","og_url":"https:\/\/www.kliinikum.ee\/nahakliinik\/kliinikust\/tootajad\/","og_site_name":"Nahahaiguste kliinik","article_modified_time":"2025-10-30T10:33:09+00:00","twitter_card":"summary_large_image","twitter_misc":{"Est. reading time":"1 minut"},"schema":{"@context":"https:\/\/schema.org","@graph":[{"@type":"WebPage","@id":"https:\/\/www.kliinikum.ee\/nahakliinik\/kliinikust\/tootajad\/","url":"https:\/\/www.kliinikum.ee\/nahakliinik\/kliinikust\/tootajad\/","name":"T\u00f6\u00f6tajad - Nahahaiguste kliinik","isPartOf":{"@id":"https:\/\/www.kliinikum.ee\/nahakliinik\/#website"},"datePublished":"2023-11-30T09:32:34+00:00","dateModified":"2025-10-30T10:33:09+00:00","breadcrumb":{"@id":"https:\/\/www.kliinikum.ee\/nahakliinik\/kliinikust\/tootajad\/#breadcrumb"},"inLanguage":"et","potentialAction":[{"@type":"ReadAction","target":["https:\/\/www.kliinikum.ee\/nahakliinik\/kliinikust\/tootajad\/"]}]},{"@type":"BreadcrumbList","@id":"https:\/\/www.kliinikum.ee\/nahakliinik\/kliinikust\/tootajad\/#breadcrumb","itemListElement":[{"@type":"ListItem","position":1,"name":"Home","item":"https:\/\/www.kliinikum.ee\/nahakliinik\/"},{"@type":"ListItem","position":2,"name":"Kliinikust","item":"https:\/\/www.kliinikum.ee\/nahakliinik\/kliinikust\/"},{"@type":"ListItem","position":3,"name":"T\u00f6\u00f6tajad"}]},{"@type":"WebSite","@id":"https:\/\/www.kliinikum.ee\/nahakliinik\/#website","url":"https:\/\/www.kliinikum.ee\/nahakliinik\/","name":"Nahahaiguste kliinik","description":"","potentialAction":[{"@type":"SearchAction","target":{"@type":"EntryPoint","urlTemplate":"https:\/\/www.kliinikum.ee\/nahakliinik\/?s={search_term_string}"},"query-input":{"@type":"PropertyValueSpecification","valueRequired":true,"valueName":"search_term_string"}}],"inLanguage":"et"}]}},"uagb_featured_image_src":{"full":false,"thumbnail":false,"medium":false,"medium_large":false,"large":false,"1536x1536":false,"2048x2048":false},"uagb_author_info":{"display_name":"Jane Freimann","author_link":"https:\/\/www.kliinikum.ee\/nahakliinik\/author\/janef\/"},"uagb_comment_info":0,"uagb_excerpt":"Siin lehek\u00fcljel on kuvatud nende t\u00f6\u00f6tajate nimed, kes v\u00f5tavad vastu patsiente. Nahahaiguste kliinikus v\u00f5tavad vastu j\u00e4rgmised arstid: Nahahaiguste kliinikus teevad \u00f5e vastuv\u00f5tte:","_links":{"self":[{"href":"https:\/\/www.kliinikum.ee\/nahakliinik\/wp-json\/wp\/v2\/pages\/6118","targetHints":{"allow":["GET"]}}],"collection":[{"href":"https:\/\/www.kliinikum.ee\/nahakliinik\/wp-json\/wp\/v2\/pages"}],"about":[{"href":"https:\/\/www.kliinikum.ee\/nahakliinik\/wp-json\/wp\/v2\/types\/page"}],"author":[{"embeddable":true,"href":"https:\/\/www.kliinikum.ee\/nahakliinik\/wp-json\/wp\/v2\/users\/33"}],"replies":[{"embeddable":true,"href":"https:\/\/www.kliinikum.ee\/nahakliinik\/wp-json\/wp\/v2\/comments?post=6118"}],"version-history":[{"count":0,"href":"https:\/\/www.kliinikum.ee\/nahakliinik\/wp-json\/wp\/v2\/pages\/6118\/revisions"}],"up":[{"embeddable":true,"href":"https:\/\/www.kliinikum.ee\/nahakliinik\/wp-json\/wp\/v2\/pages\/17"}],"wp:attachment":[{"href":"https:\/\/www.kliinikum.ee\/nahakliinik\/wp-json\/wp\/v2\/media?parent=6118"}],"curies":[{"name":"wp","href":"https:\/\/api.w.org\/{rel}","templated":true}]}}