{"id":6128,"date":"2023-11-30T11:46:04","date_gmt":"2023-11-30T09:46:04","guid":{"rendered":"https:\/\/www.kliinikum.ee\/nahakliinik\/?page_id=6128"},"modified":"2025-10-29T15:14:43","modified_gmt":"2025-10-29T13:14:43","slug":"ambulatoorsed-vastuvotud","status":"publish","type":"page","link":"https:\/\/www.kliinikum.ee\/nahakliinik\/patsiendile\/ambulatoorsed-vastuvotud\/","title":{"rendered":"Ambulatoorsed vastuv\u00f5tud"},"content":{"rendered":"\n<p class=\"has-medium-font-size\">Nahahaiguste kliiniku ambulatoorsed vastuv\u00f5tud toimuvad Raja 31, A-korpuse III korrusel. <\/p>\n\n\n\n<p class=\"has-medium-font-size\"><strong>Laste<\/strong> vastuv\u00f5tud toimuvad lisaks ka Tallinnas, aadressil Sepapaja 12, V korrus.<\/p>\n\n\n\n<p class=\"has-medium-font-size\">Eriarsti vastuv\u00f5tule saab registreerida <a href=\"https:\/\/www.terviseportaal.ee\/\">Terviseportaalis<\/a>, <a href=\"https:\/\/www.kliinikum.ee\/patsiendile\/eriarsti-vastuvott\/aja-broneerimine\/\">kodulehe vormi<\/a> kaudu, telefoni teel 731 9100 (E-R 07.30-18.00) v\u00f5i registraatori juures kohapeal nii Tartus kui Tallinnas.<\/p>\n\n\n\n<p class=\"has-medium-font-size\">Naha- ja suguhaiguste arsti vastuv\u00f5tule saab p\u00f6\u00f6rduda ilma saatekirjata.<\/p>\n\n\n\n<p class=\"has-medium-font-size\">Ambulatoorseid vastuv\u00f5tte tegevate arstide ja \u00f5dede nimekirja n\u00e4ete <a href=\"https:\/\/www.kliinikum.ee\/nahakliinik\/kliinikust\/tootajad\/\">SIIN<\/a>. <\/p>\n\n\n\n<p class=\"has-medium-font-size\">Nahahaiguste kliinikus osutatakse nii Tervisekassa rahastatavaid kui ka tasulisi teenuseid. Teenuste nimekirja leiate <a href=\"https:\/\/www.kliinikum.ee\/nahakliinik\/patsiendile\/teenused\/\">SIIT<\/a>. <\/p>\n\n\n\n<figure class=\"wp-block-image size-large\"><img loading=\"lazy\" decoding=\"async\" width=\"1024\" height=\"683\" src=\"https:\/\/www.kliinikum.ee\/nahakliinik\/wp-content\/uploads\/2023\/11\/IMG_3744-1024x683.jpg\" alt=\"\" class=\"wp-image-6131\" srcset=\"https:\/\/www.kliinikum.ee\/nahakliinik\/wp-content\/uploads\/2023\/11\/IMG_3744-1024x683.jpg 1024w, https:\/\/www.kliinikum.ee\/nahakliinik\/wp-content\/uploads\/2023\/11\/IMG_3744-300x200.jpg 300w, https:\/\/www.kliinikum.ee\/nahakliinik\/wp-content\/uploads\/2023\/11\/IMG_3744-768x512.jpg 768w, https:\/\/www.kliinikum.ee\/nahakliinik\/wp-content\/uploads\/2023\/11\/IMG_3744-1536x1024.jpg 1536w, https:\/\/www.kliinikum.ee\/nahakliinik\/wp-content\/uploads\/2023\/11\/IMG_3744-2048x1365.jpg 2048w, https:\/\/www.kliinikum.ee\/nahakliinik\/wp-content\/uploads\/2023\/11\/IMG_3744-scaled.jpg 2560w\" sizes=\"auto, (max-width: 1024px) 100vw, 1024px\" \/><\/figure>\n","protected":false},"excerpt":{"rendered":"<p>Nahahaiguste kliiniku ambulatoorsed vastuv\u00f5tud toimuvad Raja 31, A-korpuse III korrusel. Laste vastuv\u00f5tud toimuvad lisaks ka Tallinnas, aadressil Sepapaja 12, V korrus. Eriarsti vastuv\u00f5tule saab registreerida Terviseportaalis, kodulehe vormi kaudu, telefoni teel 731 9100 (E-R 07.30-18.00) v\u00f5i registraatori juures kohapeal nii Tartus kui Tallinnas. Naha- ja suguhaiguste arsti vastuv\u00f5tule saab p\u00f6\u00f6rduda ilma saatekirjata. Ambulatoorseid vastuv\u00f5tte tegevate [&hellip;]<\/p>\n","protected":false},"author":33,"featured_media":0,"parent":15,"menu_order":0,"comment_status":"closed","ping_status":"closed","template":"","meta":{"_acf_changed":false,"_uag_custom_page_level_css":"","footnotes":""},"class_list":["post-6128","page","type-page","status-publish","hentry"],"acf":[],"yoast_head":"<!-- This site is optimized with the Yoast SEO plugin v27.3 - https:\/\/yoast.com\/product\/yoast-seo-wordpress\/ -->\n<title>Ambulatoorsed vastuv\u00f5tud - Nahahaiguste kliinik<\/title>\n<meta name=\"robots\" content=\"index, follow, max-snippet:-1, max-image-preview:large, max-video-preview:-1\" \/>\n<link rel=\"canonical\" href=\"https:\/\/www.kliinikum.ee\/nahakliinik\/patsiendile\/ambulatoorsed-vastuvotud\/\" \/>\n<meta property=\"og:locale\" content=\"et_EE\" \/>\n<meta property=\"og:type\" content=\"article\" \/>\n<meta property=\"og:title\" content=\"Ambulatoorsed vastuv\u00f5tud - Nahahaiguste kliinik\" \/>\n<meta property=\"og:description\" content=\"Nahahaiguste kliiniku ambulatoorsed vastuv\u00f5tud toimuvad Raja 31, A-korpuse III korrusel. Laste vastuv\u00f5tud toimuvad lisaks ka Tallinnas, aadressil Sepapaja 12, V korrus. Eriarsti vastuv\u00f5tule saab registreerida Terviseportaalis, kodulehe vormi kaudu, telefoni teel 731 9100 (E-R 07.30-18.00) v\u00f5i registraatori juures kohapeal nii Tartus kui Tallinnas. Naha- ja suguhaiguste arsti vastuv\u00f5tule saab p\u00f6\u00f6rduda ilma saatekirjata. Ambulatoorseid vastuv\u00f5tte tegevate [&hellip;]\" \/>\n<meta property=\"og:url\" content=\"https:\/\/www.kliinikum.ee\/nahakliinik\/patsiendile\/ambulatoorsed-vastuvotud\/\" \/>\n<meta property=\"og:site_name\" content=\"Nahahaiguste kliinik\" \/>\n<meta property=\"article:modified_time\" content=\"2025-10-29T13:14:43+00:00\" \/>\n<meta property=\"og:image\" content=\"https:\/\/www.kliinikum.ee\/nahakliinik\/wp-content\/uploads\/2023\/11\/IMG_3744-scaled.jpg\" \/>\n\t<meta property=\"og:image:width\" content=\"2560\" \/>\n\t<meta property=\"og:image:height\" content=\"1706\" \/>\n\t<meta property=\"og:image:type\" content=\"image\/jpeg\" \/>\n<meta name=\"twitter:card\" content=\"summary_large_image\" \/>\n<meta name=\"twitter:label1\" content=\"Est. reading time\" \/>\n\t<meta name=\"twitter:data1\" content=\"1 minut\" \/>\n<script type=\"application\/ld+json\" class=\"yoast-schema-graph\">{\"@context\":\"https:\\\/\\\/schema.org\",\"@graph\":[{\"@type\":\"WebPage\",\"@id\":\"https:\\\/\\\/www.kliinikum.ee\\\/nahakliinik\\\/patsiendile\\\/ambulatoorsed-vastuvotud\\\/\",\"url\":\"https:\\\/\\\/www.kliinikum.ee\\\/nahakliinik\\\/patsiendile\\\/ambulatoorsed-vastuvotud\\\/\",\"name\":\"Ambulatoorsed vastuv\u00f5tud - Nahahaiguste kliinik\",\"isPartOf\":{\"@id\":\"https:\\\/\\\/www.kliinikum.ee\\\/nahakliinik\\\/#website\"},\"primaryImageOfPage\":{\"@id\":\"https:\\\/\\\/www.kliinikum.ee\\\/nahakliinik\\\/patsiendile\\\/ambulatoorsed-vastuvotud\\\/#primaryimage\"},\"image\":{\"@id\":\"https:\\\/\\\/www.kliinikum.ee\\\/nahakliinik\\\/patsiendile\\\/ambulatoorsed-vastuvotud\\\/#primaryimage\"},\"thumbnailUrl\":\"https:\\\/\\\/www.kliinikum.ee\\\/nahakliinik\\\/wp-content\\\/uploads\\\/2023\\\/11\\\/IMG_3744-1024x683.jpg\",\"datePublished\":\"2023-11-30T09:46:04+00:00\",\"dateModified\":\"2025-10-29T13:14:43+00:00\",\"breadcrumb\":{\"@id\":\"https:\\\/\\\/www.kliinikum.ee\\\/nahakliinik\\\/patsiendile\\\/ambulatoorsed-vastuvotud\\\/#breadcrumb\"},\"inLanguage\":\"et\",\"potentialAction\":[{\"@type\":\"ReadAction\",\"target\":[\"https:\\\/\\\/www.kliinikum.ee\\\/nahakliinik\\\/patsiendile\\\/ambulatoorsed-vastuvotud\\\/\"]}]},{\"@type\":\"ImageObject\",\"inLanguage\":\"et\",\"@id\":\"https:\\\/\\\/www.kliinikum.ee\\\/nahakliinik\\\/patsiendile\\\/ambulatoorsed-vastuvotud\\\/#primaryimage\",\"url\":\"https:\\\/\\\/www.kliinikum.ee\\\/nahakliinik\\\/wp-content\\\/uploads\\\/2023\\\/11\\\/IMG_3744-scaled.jpg\",\"contentUrl\":\"https:\\\/\\\/www.kliinikum.ee\\\/nahakliinik\\\/wp-content\\\/uploads\\\/2023\\\/11\\\/IMG_3744-scaled.jpg\",\"width\":2560,\"height\":1706},{\"@type\":\"BreadcrumbList\",\"@id\":\"https:\\\/\\\/www.kliinikum.ee\\\/nahakliinik\\\/patsiendile\\\/ambulatoorsed-vastuvotud\\\/#breadcrumb\",\"itemListElement\":[{\"@type\":\"ListItem\",\"position\":1,\"name\":\"Home\",\"item\":\"https:\\\/\\\/www.kliinikum.ee\\\/nahakliinik\\\/\"},{\"@type\":\"ListItem\",\"position\":2,\"name\":\"Patsiendile\",\"item\":\"https:\\\/\\\/www.kliinikum.ee\\\/nahakliinik\\\/patsiendile\\\/\"},{\"@type\":\"ListItem\",\"position\":3,\"name\":\"Ambulatoorsed vastuv\u00f5tud\"}]},{\"@type\":\"WebSite\",\"@id\":\"https:\\\/\\\/www.kliinikum.ee\\\/nahakliinik\\\/#website\",\"url\":\"https:\\\/\\\/www.kliinikum.ee\\\/nahakliinik\\\/\",\"name\":\"Nahahaiguste kliinik\",\"description\":\"\",\"potentialAction\":[{\"@type\":\"SearchAction\",\"target\":{\"@type\":\"EntryPoint\",\"urlTemplate\":\"https:\\\/\\\/www.kliinikum.ee\\\/nahakliinik\\\/?s={search_term_string}\"},\"query-input\":{\"@type\":\"PropertyValueSpecification\",\"valueRequired\":true,\"valueName\":\"search_term_string\"}}],\"inLanguage\":\"et\"}]}<\/script>\n<!-- \/ Yoast SEO plugin. -->","yoast_head_json":{"title":"Ambulatoorsed vastuv\u00f5tud - Nahahaiguste kliinik","robots":{"index":"index","follow":"follow","max-snippet":"max-snippet:-1","max-image-preview":"max-image-preview:large","max-video-preview":"max-video-preview:-1"},"canonical":"https:\/\/www.kliinikum.ee\/nahakliinik\/patsiendile\/ambulatoorsed-vastuvotud\/","og_locale":"et_EE","og_type":"article","og_title":"Ambulatoorsed vastuv\u00f5tud - Nahahaiguste kliinik","og_description":"Nahahaiguste kliiniku ambulatoorsed vastuv\u00f5tud toimuvad Raja 31, A-korpuse III korrusel. Laste vastuv\u00f5tud toimuvad lisaks ka Tallinnas, aadressil Sepapaja 12, V korrus. Eriarsti vastuv\u00f5tule saab registreerida Terviseportaalis, kodulehe vormi kaudu, telefoni teel 731 9100 (E-R 07.30-18.00) v\u00f5i registraatori juures kohapeal nii Tartus kui Tallinnas. Naha- ja suguhaiguste arsti vastuv\u00f5tule saab p\u00f6\u00f6rduda ilma saatekirjata. Ambulatoorseid vastuv\u00f5tte tegevate [&hellip;]","og_url":"https:\/\/www.kliinikum.ee\/nahakliinik\/patsiendile\/ambulatoorsed-vastuvotud\/","og_site_name":"Nahahaiguste kliinik","article_modified_time":"2025-10-29T13:14:43+00:00","og_image":[{"width":2560,"height":1706,"url":"https:\/\/www.kliinikum.ee\/nahakliinik\/wp-content\/uploads\/2023\/11\/IMG_3744-scaled.jpg","type":"image\/jpeg"}],"twitter_card":"summary_large_image","twitter_misc":{"Est. reading time":"1 minut"},"schema":{"@context":"https:\/\/schema.org","@graph":[{"@type":"WebPage","@id":"https:\/\/www.kliinikum.ee\/nahakliinik\/patsiendile\/ambulatoorsed-vastuvotud\/","url":"https:\/\/www.kliinikum.ee\/nahakliinik\/patsiendile\/ambulatoorsed-vastuvotud\/","name":"Ambulatoorsed vastuv\u00f5tud - Nahahaiguste kliinik","isPartOf":{"@id":"https:\/\/www.kliinikum.ee\/nahakliinik\/#website"},"primaryImageOfPage":{"@id":"https:\/\/www.kliinikum.ee\/nahakliinik\/patsiendile\/ambulatoorsed-vastuvotud\/#primaryimage"},"image":{"@id":"https:\/\/www.kliinikum.ee\/nahakliinik\/patsiendile\/ambulatoorsed-vastuvotud\/#primaryimage"},"thumbnailUrl":"https:\/\/www.kliinikum.ee\/nahakliinik\/wp-content\/uploads\/2023\/11\/IMG_3744-1024x683.jpg","datePublished":"2023-11-30T09:46:04+00:00","dateModified":"2025-10-29T13:14:43+00:00","breadcrumb":{"@id":"https:\/\/www.kliinikum.ee\/nahakliinik\/patsiendile\/ambulatoorsed-vastuvotud\/#breadcrumb"},"inLanguage":"et","potentialAction":[{"@type":"ReadAction","target":["https:\/\/www.kliinikum.ee\/nahakliinik\/patsiendile\/ambulatoorsed-vastuvotud\/"]}]},{"@type":"ImageObject","inLanguage":"et","@id":"https:\/\/www.kliinikum.ee\/nahakliinik\/patsiendile\/ambulatoorsed-vastuvotud\/#primaryimage","url":"https:\/\/www.kliinikum.ee\/nahakliinik\/wp-content\/uploads\/2023\/11\/IMG_3744-scaled.jpg","contentUrl":"https:\/\/www.kliinikum.ee\/nahakliinik\/wp-content\/uploads\/2023\/11\/IMG_3744-scaled.jpg","width":2560,"height":1706},{"@type":"BreadcrumbList","@id":"https:\/\/www.kliinikum.ee\/nahakliinik\/patsiendile\/ambulatoorsed-vastuvotud\/#breadcrumb","itemListElement":[{"@type":"ListItem","position":1,"name":"Home","item":"https:\/\/www.kliinikum.ee\/nahakliinik\/"},{"@type":"ListItem","position":2,"name":"Patsiendile","item":"https:\/\/www.kliinikum.ee\/nahakliinik\/patsiendile\/"},{"@type":"ListItem","position":3,"name":"Ambulatoorsed vastuv\u00f5tud"}]},{"@type":"WebSite","@id":"https:\/\/www.kliinikum.ee\/nahakliinik\/#website","url":"https:\/\/www.kliinikum.ee\/nahakliinik\/","name":"Nahahaiguste kliinik","description":"","potentialAction":[{"@type":"SearchAction","target":{"@type":"EntryPoint","urlTemplate":"https:\/\/www.kliinikum.ee\/nahakliinik\/?s={search_term_string}"},"query-input":{"@type":"PropertyValueSpecification","valueRequired":true,"valueName":"search_term_string"}}],"inLanguage":"et"}]}},"uagb_featured_image_src":{"full":false,"thumbnail":false,"medium":false,"medium_large":false,"large":false,"1536x1536":false,"2048x2048":false},"uagb_author_info":{"display_name":"Jane Freimann","author_link":"https:\/\/www.kliinikum.ee\/nahakliinik\/author\/janef\/"},"uagb_comment_info":0,"uagb_excerpt":"Nahahaiguste kliiniku ambulatoorsed vastuv\u00f5tud toimuvad Raja 31, A-korpuse III korrusel. Laste vastuv\u00f5tud toimuvad lisaks ka Tallinnas, aadressil Sepapaja 12, V korrus. Eriarsti vastuv\u00f5tule saab registreerida Terviseportaalis, kodulehe vormi kaudu, telefoni teel 731 9100 (E-R 07.30-18.00) v\u00f5i registraatori juures kohapeal nii Tartus kui Tallinnas. Naha- ja suguhaiguste arsti vastuv\u00f5tule saab p\u00f6\u00f6rduda ilma saatekirjata. Ambulatoorseid vastuv\u00f5tte tegevate&hellip;","_links":{"self":[{"href":"https:\/\/www.kliinikum.ee\/nahakliinik\/wp-json\/wp\/v2\/pages\/6128","targetHints":{"allow":["GET"]}}],"collection":[{"href":"https:\/\/www.kliinikum.ee\/nahakliinik\/wp-json\/wp\/v2\/pages"}],"about":[{"href":"https:\/\/www.kliinikum.ee\/nahakliinik\/wp-json\/wp\/v2\/types\/page"}],"author":[{"embeddable":true,"href":"https:\/\/www.kliinikum.ee\/nahakliinik\/wp-json\/wp\/v2\/users\/33"}],"replies":[{"embeddable":true,"href":"https:\/\/www.kliinikum.ee\/nahakliinik\/wp-json\/wp\/v2\/comments?post=6128"}],"version-history":[{"count":0,"href":"https:\/\/www.kliinikum.ee\/nahakliinik\/wp-json\/wp\/v2\/pages\/6128\/revisions"}],"up":[{"embeddable":true,"href":"https:\/\/www.kliinikum.ee\/nahakliinik\/wp-json\/wp\/v2\/pages\/15"}],"wp:attachment":[{"href":"https:\/\/www.kliinikum.ee\/nahakliinik\/wp-json\/wp\/v2\/media?parent=6128"}],"curies":[{"name":"wp","href":"https:\/\/api.w.org\/{rel}","templated":true}]}}