{"id":6198,"date":"2024-05-14T09:12:25","date_gmt":"2024-05-14T07:12:25","guid":{"rendered":"https:\/\/www.kliinikum.ee\/nahakliinik\/?page_id=6198"},"modified":"2024-05-14T09:12:29","modified_gmt":"2024-05-14T07:12:29","slug":"kruoteraapiale-diatermokoagulatsioonravile-suunamine","status":"publish","type":"page","link":"https:\/\/www.kliinikum.ee\/nahakliinik\/kruoteraapiale-diatermokoagulatsioonravile-suunamine\/","title":{"rendered":"Kr\u00fcoteraapiale\/diatermokoagulatsioonravile suunamine"},"content":{"rendered":"\n<p>Perearstil ja teistel erialaarstidel on v\u00f5imalik suunata patsiente nahahaiguste kliinikusse \u00f5e vastuv\u00f5tule kr\u00fcoteraapiale ja diatermokoagulatsioonravile. Tasulise protseduuri korral palume patsienti eelnevalt teavitada, et teenus on tasuline ning teha sellekohane m\u00e4rge saatekirjale. 19-aastastele ja noorematele patsientidele on k\u00f5ik protseduurid Tervisekassa poolt kompenseeritud.<\/p>\n\n\n\n<p>Oluline on, et suunaja oleks kindel moodustise healoomulisuses ning saatekirjal oleks m\u00e4rgitud korrektne diagnoos. Selle puudumisel v\u00f5ib tekkida olukord, kus patsient maksab tasulise vastuv\u00f5tu eest, kuid teenust ei saa. Vastuv\u00f5tule v\u00f5ib saata ainult allj\u00e4rgnevate diagnoosidega patsiente:<\/p>\n\n\n\n<p>Tervisekassa kompenseerib ravi j\u00e4rgmiste diagnooside korral:<\/p>\n\n\n\n<ul class=\"wp-block-list\">\n<li>viirust\u00fc\u00fckad\/soolat\u00fc\u00fckad (B07);<\/li>\n\n\n\n<li>nakatav mollusk (B08.1);<\/li>\n\n\n\n<li>konnasilmad ja kalloossused e naham\u00f5hnad (L84).<\/li>\n<\/ul>\n\n\n\n<p>Tasulisi protseduure\/ravi osutatakse j\u00e4rgmiste diagnooside korral:<\/p>\n\n\n\n<ul class=\"wp-block-list\">\n<li>seborr\u00f6akeratoosid (L82);<br><br>Akrohordonid ehk naharipatsid, mis on kodeeritud koodiga D23.X. Muudele sama koodiga kodeeritud healoomulistele nahamoodustistele (n\u00e4iteks dermatofibroomid) \u00f5e vastuv\u00f5tul kr\u00fco\/diatermoravi ei teostata. Need vajavad t\u00e4psemaks diagnostikaks kas dermatoveneroloogi kontaktvisiiti v\u00f5i e-konsultatsiooni.<\/li>\n<\/ul>\n\n\n\n<p>Kui n\u00e4iteks vastuv\u00f5tul selgub, et tegemist on pigmentneevusega (D22.X) siis ravi ei teostata. Kindlasti ei sobi diagnoosid D48.5, Z03.8.<\/p>\n\n\n\n<p>Teenusele saab patsient aega broneerida ainult digisaatekirja olemasolul Kliinikumi k\u00f5nekeskuse telefonil 731 9100.<\/p>\n","protected":false},"excerpt":{"rendered":"<p>Perearstil ja teistel erialaarstidel on v\u00f5imalik suunata patsiente nahahaiguste kliinikusse \u00f5e vastuv\u00f5tule kr\u00fcoteraapiale ja diatermokoagulatsioonravile. Tasulise protseduuri korral palume patsienti eelnevalt teavitada, et teenus on tasuline ning teha sellekohane m\u00e4rge saatekirjale. 19-aastastele ja noorematele patsientidele on k\u00f5ik protseduurid Tervisekassa poolt kompenseeritud. Oluline on, et suunaja oleks kindel moodustise healoomulisuses ning saatekirjal oleks m\u00e4rgitud korrektne diagnoos. [&hellip;]<\/p>\n","protected":false},"author":33,"featured_media":0,"parent":0,"menu_order":0,"comment_status":"closed","ping_status":"closed","template":"","meta":{"_acf_changed":false,"_uag_custom_page_level_css":"","footnotes":""},"class_list":["post-6198","page","type-page","status-publish","hentry"],"acf":[],"yoast_head":"<!-- This site is optimized with the Yoast SEO plugin v27.5 - https:\/\/yoast.com\/product\/yoast-seo-wordpress\/ -->\n<title>Kr\u00fcoteraapiale\/diatermokoagulatsioonravile suunamine - Nahahaiguste kliinik<\/title>\n<meta name=\"robots\" content=\"index, follow, max-snippet:-1, max-image-preview:large, max-video-preview:-1\" \/>\n<link rel=\"canonical\" href=\"https:\/\/www.kliinikum.ee\/nahakliinik\/kruoteraapiale-diatermokoagulatsioonravile-suunamine\/\" \/>\n<meta property=\"og:locale\" content=\"et_EE\" \/>\n<meta property=\"og:type\" content=\"article\" \/>\n<meta property=\"og:title\" content=\"Kr\u00fcoteraapiale\/diatermokoagulatsioonravile suunamine - Nahahaiguste kliinik\" \/>\n<meta property=\"og:description\" content=\"Perearstil ja teistel erialaarstidel on v\u00f5imalik suunata patsiente nahahaiguste kliinikusse \u00f5e vastuv\u00f5tule kr\u00fcoteraapiale ja diatermokoagulatsioonravile. Tasulise protseduuri korral palume patsienti eelnevalt teavitada, et teenus on tasuline ning teha sellekohane m\u00e4rge saatekirjale. 19-aastastele ja noorematele patsientidele on k\u00f5ik protseduurid Tervisekassa poolt kompenseeritud. Oluline on, et suunaja oleks kindel moodustise healoomulisuses ning saatekirjal oleks m\u00e4rgitud korrektne diagnoos. [&hellip;]\" \/>\n<meta property=\"og:url\" content=\"https:\/\/www.kliinikum.ee\/nahakliinik\/kruoteraapiale-diatermokoagulatsioonravile-suunamine\/\" \/>\n<meta property=\"og:site_name\" content=\"Nahahaiguste kliinik\" \/>\n<meta property=\"article:modified_time\" content=\"2024-05-14T07:12:29+00:00\" \/>\n<meta name=\"twitter:card\" content=\"summary_large_image\" \/>\n<meta name=\"twitter:label1\" content=\"Est. reading time\" \/>\n\t<meta name=\"twitter:data1\" content=\"1 minut\" \/>\n<script type=\"application\/ld+json\" class=\"yoast-schema-graph\">{\"@context\":\"https:\\\/\\\/schema.org\",\"@graph\":[{\"@type\":\"WebPage\",\"@id\":\"https:\\\/\\\/www.kliinikum.ee\\\/nahakliinik\\\/kruoteraapiale-diatermokoagulatsioonravile-suunamine\\\/\",\"url\":\"https:\\\/\\\/www.kliinikum.ee\\\/nahakliinik\\\/kruoteraapiale-diatermokoagulatsioonravile-suunamine\\\/\",\"name\":\"Kr\u00fcoteraapiale\\\/diatermokoagulatsioonravile suunamine - Nahahaiguste kliinik\",\"isPartOf\":{\"@id\":\"https:\\\/\\\/www.kliinikum.ee\\\/nahakliinik\\\/#website\"},\"datePublished\":\"2024-05-14T07:12:25+00:00\",\"dateModified\":\"2024-05-14T07:12:29+00:00\",\"breadcrumb\":{\"@id\":\"https:\\\/\\\/www.kliinikum.ee\\\/nahakliinik\\\/kruoteraapiale-diatermokoagulatsioonravile-suunamine\\\/#breadcrumb\"},\"inLanguage\":\"et\",\"potentialAction\":[{\"@type\":\"ReadAction\",\"target\":[\"https:\\\/\\\/www.kliinikum.ee\\\/nahakliinik\\\/kruoteraapiale-diatermokoagulatsioonravile-suunamine\\\/\"]}]},{\"@type\":\"BreadcrumbList\",\"@id\":\"https:\\\/\\\/www.kliinikum.ee\\\/nahakliinik\\\/kruoteraapiale-diatermokoagulatsioonravile-suunamine\\\/#breadcrumb\",\"itemListElement\":[{\"@type\":\"ListItem\",\"position\":1,\"name\":\"Home\",\"item\":\"https:\\\/\\\/www.kliinikum.ee\\\/nahakliinik\\\/\"},{\"@type\":\"ListItem\",\"position\":2,\"name\":\"Kr\u00fcoteraapiale\\\/diatermokoagulatsioonravile suunamine\"}]},{\"@type\":\"WebSite\",\"@id\":\"https:\\\/\\\/www.kliinikum.ee\\\/nahakliinik\\\/#website\",\"url\":\"https:\\\/\\\/www.kliinikum.ee\\\/nahakliinik\\\/\",\"name\":\"Nahahaiguste kliinik\",\"description\":\"\",\"potentialAction\":[{\"@type\":\"SearchAction\",\"target\":{\"@type\":\"EntryPoint\",\"urlTemplate\":\"https:\\\/\\\/www.kliinikum.ee\\\/nahakliinik\\\/?s={search_term_string}\"},\"query-input\":{\"@type\":\"PropertyValueSpecification\",\"valueRequired\":true,\"valueName\":\"search_term_string\"}}],\"inLanguage\":\"et\"}]}<\/script>\n<!-- \/ Yoast SEO plugin. -->","yoast_head_json":{"title":"Kr\u00fcoteraapiale\/diatermokoagulatsioonravile suunamine - Nahahaiguste kliinik","robots":{"index":"index","follow":"follow","max-snippet":"max-snippet:-1","max-image-preview":"max-image-preview:large","max-video-preview":"max-video-preview:-1"},"canonical":"https:\/\/www.kliinikum.ee\/nahakliinik\/kruoteraapiale-diatermokoagulatsioonravile-suunamine\/","og_locale":"et_EE","og_type":"article","og_title":"Kr\u00fcoteraapiale\/diatermokoagulatsioonravile suunamine - Nahahaiguste kliinik","og_description":"Perearstil ja teistel erialaarstidel on v\u00f5imalik suunata patsiente nahahaiguste kliinikusse \u00f5e vastuv\u00f5tule kr\u00fcoteraapiale ja diatermokoagulatsioonravile. Tasulise protseduuri korral palume patsienti eelnevalt teavitada, et teenus on tasuline ning teha sellekohane m\u00e4rge saatekirjale. 19-aastastele ja noorematele patsientidele on k\u00f5ik protseduurid Tervisekassa poolt kompenseeritud. Oluline on, et suunaja oleks kindel moodustise healoomulisuses ning saatekirjal oleks m\u00e4rgitud korrektne diagnoos. [&hellip;]","og_url":"https:\/\/www.kliinikum.ee\/nahakliinik\/kruoteraapiale-diatermokoagulatsioonravile-suunamine\/","og_site_name":"Nahahaiguste kliinik","article_modified_time":"2024-05-14T07:12:29+00:00","twitter_card":"summary_large_image","twitter_misc":{"Est. reading time":"1 minut"},"schema":{"@context":"https:\/\/schema.org","@graph":[{"@type":"WebPage","@id":"https:\/\/www.kliinikum.ee\/nahakliinik\/kruoteraapiale-diatermokoagulatsioonravile-suunamine\/","url":"https:\/\/www.kliinikum.ee\/nahakliinik\/kruoteraapiale-diatermokoagulatsioonravile-suunamine\/","name":"Kr\u00fcoteraapiale\/diatermokoagulatsioonravile suunamine - Nahahaiguste kliinik","isPartOf":{"@id":"https:\/\/www.kliinikum.ee\/nahakliinik\/#website"},"datePublished":"2024-05-14T07:12:25+00:00","dateModified":"2024-05-14T07:12:29+00:00","breadcrumb":{"@id":"https:\/\/www.kliinikum.ee\/nahakliinik\/kruoteraapiale-diatermokoagulatsioonravile-suunamine\/#breadcrumb"},"inLanguage":"et","potentialAction":[{"@type":"ReadAction","target":["https:\/\/www.kliinikum.ee\/nahakliinik\/kruoteraapiale-diatermokoagulatsioonravile-suunamine\/"]}]},{"@type":"BreadcrumbList","@id":"https:\/\/www.kliinikum.ee\/nahakliinik\/kruoteraapiale-diatermokoagulatsioonravile-suunamine\/#breadcrumb","itemListElement":[{"@type":"ListItem","position":1,"name":"Home","item":"https:\/\/www.kliinikum.ee\/nahakliinik\/"},{"@type":"ListItem","position":2,"name":"Kr\u00fcoteraapiale\/diatermokoagulatsioonravile suunamine"}]},{"@type":"WebSite","@id":"https:\/\/www.kliinikum.ee\/nahakliinik\/#website","url":"https:\/\/www.kliinikum.ee\/nahakliinik\/","name":"Nahahaiguste kliinik","description":"","potentialAction":[{"@type":"SearchAction","target":{"@type":"EntryPoint","urlTemplate":"https:\/\/www.kliinikum.ee\/nahakliinik\/?s={search_term_string}"},"query-input":{"@type":"PropertyValueSpecification","valueRequired":true,"valueName":"search_term_string"}}],"inLanguage":"et"}]}},"uagb_featured_image_src":{"full":false,"thumbnail":false,"medium":false,"medium_large":false,"large":false,"1536x1536":false,"2048x2048":false},"uagb_author_info":{"display_name":"Jane Freimann","author_link":"https:\/\/www.kliinikum.ee\/nahakliinik\/author\/janef\/"},"uagb_comment_info":0,"uagb_excerpt":"Perearstil ja teistel erialaarstidel on v\u00f5imalik suunata patsiente nahahaiguste kliinikusse \u00f5e vastuv\u00f5tule kr\u00fcoteraapiale ja diatermokoagulatsioonravile. Tasulise protseduuri korral palume patsienti eelnevalt teavitada, et teenus on tasuline ning teha sellekohane m\u00e4rge saatekirjale. 19-aastastele ja noorematele patsientidele on k\u00f5ik protseduurid Tervisekassa poolt kompenseeritud. Oluline on, et suunaja oleks kindel moodustise healoomulisuses ning saatekirjal oleks m\u00e4rgitud korrektne diagnoos.&hellip;","_links":{"self":[{"href":"https:\/\/www.kliinikum.ee\/nahakliinik\/wp-json\/wp\/v2\/pages\/6198","targetHints":{"allow":["GET"]}}],"collection":[{"href":"https:\/\/www.kliinikum.ee\/nahakliinik\/wp-json\/wp\/v2\/pages"}],"about":[{"href":"https:\/\/www.kliinikum.ee\/nahakliinik\/wp-json\/wp\/v2\/types\/page"}],"author":[{"embeddable":true,"href":"https:\/\/www.kliinikum.ee\/nahakliinik\/wp-json\/wp\/v2\/users\/33"}],"replies":[{"embeddable":true,"href":"https:\/\/www.kliinikum.ee\/nahakliinik\/wp-json\/wp\/v2\/comments?post=6198"}],"version-history":[{"count":0,"href":"https:\/\/www.kliinikum.ee\/nahakliinik\/wp-json\/wp\/v2\/pages\/6198\/revisions"}],"wp:attachment":[{"href":"https:\/\/www.kliinikum.ee\/nahakliinik\/wp-json\/wp\/v2\/media?parent=6198"}],"curies":[{"name":"wp","href":"https:\/\/api.w.org\/{rel}","templated":true}]}}