{"id":1086,"date":"2020-11-09T11:00:01","date_gmt":"2020-11-09T09:00:01","guid":{"rendered":"https:\/\/www.kliinikum.ee\/naistekliinik_uus\/?page_id=1086"},"modified":"2026-01-29T14:38:54","modified_gmt":"2026-01-29T12:38:54","slug":"parentcraft","status":"publish","type":"page","link":"https:\/\/www.kliinikum.ee\/naistekliinik\/en\/parentcraft\/","title":{"rendered":"Parentcraft"},"content":{"rendered":"\n<p class=\"wp-el\">Additional information about the lectures is available by e-mail: <a href=\"mailto:elery.teesalu@kliinikum.ee\" target=\"_blank\" rel=\"noreferrer noopener\">elery.teesalu@kliinikum.ee<\/a><\/p>\n\n\n\n<p class=\"wp-el\"><\/p>\n\n\n\n<h2 class=\"wp-block-heading wp-el\"><mark style=\"background-color:rgba(0, 0, 0, 0)\" class=\"has-inline-color has-vivid-green-cyan-color\">Preparation to Parenthood<\/mark><\/h2>\n\n\n\n<p class=\"wp-el\"><strong>Price: 51.00 EUR<\/strong><\/p>\n\n\n\n<p class=\"wp-el\">Remains open 12 weeks for the participants<\/p>\n\n\n\n<p class=\"wp-el\">An inspiring online course that will help you and your partner prepare for childbirth, help to adapt changes following childbirth and breastfeeding! You can do it all comfortably in your own time and place.<\/p>\n\n\n\n<p class=\"wp-el\">The whole course includes all subjects that support the postnatal recovery and your new role as a parent.<\/p>\n\n\n\n<p class=\"wp-el\">After taking this course you should have knowledge about the main routines and actions following childbirth, understand the postnatal recovery process and what the influencing issues can be. You will know the characteristics of a newborn, how to care for newborn and how to feed your newborn. You will have knowledge about the benefits for mother and baby and will be able to choose the right way of feeding for your baby. You will know the steps for successful breastfeeding and can find the solutions for minor breastfeeding problems that might occur.<\/p>\n\n\n\n<p class=\"wp-el\"><strong>The course will include following online lectures:<\/strong><\/p>\n\n\n\n<ol style=\"list-style-type:1\" class=\"wp-block-list wp-el\">\n<li>Childbirth<\/li>\n\n\n\n<li>Postpartum period&nbsp;<\/li>\n\n\n\n<li>Characteristics of&nbsp; newborn&nbsp;<\/li>\n\n\n\n<li>Characteristics of&nbsp; newborn<\/li>\n\n\n\n<li>Care of the newborn baby<\/li>\n\n\n\n<li>Breastfeeding<\/li>\n<\/ol>\n\n\n\n<p class=\"wp-el\"><\/p>\n\n\n\n<h2 class=\"wp-block-heading wp-el\"><mark style=\"background-color:rgba(0, 0, 0, 0)\" class=\"has-inline-color has-vivid-green-cyan-color\">Registration<\/mark><\/h2>\n\n\n\n<p class=\"wp-el\">Registration is available by clicking <strong><a href=\"https:\/\/app.hopitude.com\/et\/calendar?cl=2231\" target=\"_blank\" rel=\"noreferrer noopener nofollow\">here<\/a>. <\/strong><\/p>\n\n\n\n<p class=\"wp-el\">The lecture is paid for directly during the online registration. Payment is made upon registration via the Internet bank. <\/p>\n\n\n\n<p class=\"wp-el\"><strong>Registration for the course ends 2 days before the start of the course!<\/strong><\/p>\n\n\n\n<p class=\"wp-el\">The online course is located in the Moodle study environment, which you can find by clicking on <a href=\"https:\/\/moodle.kliinikum.ee\/\" target=\"_blank\" rel=\"noreferrer noopener\">address<\/a>. To participate in the selected course, an individual \u201cGuest Access\u201d and password will be created for each participant, which will be sent to the participant&#8217;s e-mail with a web address in <strong>2 days at the latest after the registration closes.<\/strong><\/p>\n\n\n\n<p class=\"wp-el\"><strong>Family school course schedule for 2026:<\/strong><\/p>\n\n\n\n<p class=\"wp-el\">4.02<\/p>\n\n\n\n<p class=\"wp-el\">18.02<\/p>\n\n\n\n<p class=\"wp-el\">4.03<\/p>\n\n\n\n<p class=\"wp-el\">18.03<\/p>\n\n\n\n<p class=\"wp-el\">1.04<\/p>\n\n\n\n<p class=\"wp-el\">15.04<\/p>\n\n\n\n<p class=\"wp-el\">29.04<\/p>\n\n\n\n<p class=\"wp-el\">13.05<\/p>\n\n\n\n<p class=\"wp-el\">27.05<\/p>\n\n\n\n<p class=\"wp-el\">10.06<\/p>\n","protected":false},"excerpt":{"rendered":"<p>Additional information about the lectures is available by e-mail: elery.teesalu@kliinikum.ee Preparation to Parenthood Price: 51.00 EUR Remains open 12 weeks&#8230;<\/p>\n","protected":false},"author":11,"featured_media":0,"parent":0,"menu_order":70,"comment_status":"closed","ping_status":"closed","template":"","meta":{"_acf_changed":false,"inline_featured_image":false,"advgb_blocks_editor_width":"","advgb_blocks_columns_visual_guide":"","footnotes":"","_links_to":"","_links_to_target":""},"class_list":["post-1086","page","type-page","status-publish","hentry"],"acf":[],"yoast_head":"<!-- This site is optimized with the Yoast SEO plugin v27.3 - https:\/\/yoast.com\/product\/yoast-seo-wordpress\/ -->\n<title>Parentcraft - Naistekliinik<\/title>\n<meta name=\"robots\" content=\"index, follow, max-snippet:-1, max-image-preview:large, max-video-preview:-1\" \/>\n<link rel=\"canonical\" href=\"https:\/\/www.kliinikum.ee\/naistekliinik\/en\/parentcraft\/\" \/>\n<meta property=\"og:locale\" content=\"en_US\" \/>\n<meta property=\"og:type\" content=\"article\" \/>\n<meta property=\"og:title\" content=\"Parentcraft - Naistekliinik\" \/>\n<meta property=\"og:description\" content=\"Additional information about the lectures is available by e-mail: elery.teesalu@kliinikum.ee Preparation to Parenthood Price: 51.00 EUR Remains open 12 weeks...\" \/>\n<meta property=\"og:url\" content=\"https:\/\/www.kliinikum.ee\/naistekliinik\/en\/parentcraft\/\" \/>\n<meta property=\"og:site_name\" content=\"Naistekliinik\" \/>\n<meta property=\"article:modified_time\" content=\"2026-01-29T12:38:54+00:00\" \/>\n<meta name=\"twitter:card\" content=\"summary_large_image\" \/>\n<meta name=\"twitter:label1\" content=\"Est. reading time\" \/>\n\t<meta name=\"twitter:data1\" content=\"2 minutes\" \/>\n<script type=\"application\/ld+json\" class=\"yoast-schema-graph\">{\"@context\":\"https:\\\/\\\/schema.org\",\"@graph\":[{\"@type\":\"WebPage\",\"@id\":\"https:\\\/\\\/www.kliinikum.ee\\\/naistekliinik\\\/en\\\/parentcraft\\\/\",\"url\":\"https:\\\/\\\/www.kliinikum.ee\\\/naistekliinik\\\/en\\\/parentcraft\\\/\",\"name\":\"Parentcraft - Naistekliinik\",\"isPartOf\":{\"@id\":\"https:\\\/\\\/www.kliinikum.ee\\\/naistekliinik\\\/#website\"},\"datePublished\":\"2020-11-09T09:00:01+00:00\",\"dateModified\":\"2026-01-29T12:38:54+00:00\",\"breadcrumb\":{\"@id\":\"https:\\\/\\\/www.kliinikum.ee\\\/naistekliinik\\\/en\\\/parentcraft\\\/#breadcrumb\"},\"inLanguage\":\"en-US\",\"potentialAction\":[{\"@type\":\"ReadAction\",\"target\":[\"https:\\\/\\\/www.kliinikum.ee\\\/naistekliinik\\\/en\\\/parentcraft\\\/\"]}]},{\"@type\":\"BreadcrumbList\",\"@id\":\"https:\\\/\\\/www.kliinikum.ee\\\/naistekliinik\\\/en\\\/parentcraft\\\/#breadcrumb\",\"itemListElement\":[{\"@type\":\"ListItem\",\"position\":1,\"name\":\"Home\",\"item\":\"https:\\\/\\\/www.kliinikum.ee\\\/naistekliinik\\\/en\\\/\"},{\"@type\":\"ListItem\",\"position\":2,\"name\":\"Parentcraft\"}]},{\"@type\":\"WebSite\",\"@id\":\"https:\\\/\\\/www.kliinikum.ee\\\/naistekliinik\\\/#website\",\"url\":\"https:\\\/\\\/www.kliinikum.ee\\\/naistekliinik\\\/\",\"name\":\"Naistekliinik\",\"description\":\"Hoolivus P\u00e4devus Usaldusv\u00e4\u00e4rsus\",\"potentialAction\":[{\"@type\":\"SearchAction\",\"target\":{\"@type\":\"EntryPoint\",\"urlTemplate\":\"https:\\\/\\\/www.kliinikum.ee\\\/naistekliinik\\\/?s={search_term_string}\"},\"query-input\":{\"@type\":\"PropertyValueSpecification\",\"valueRequired\":true,\"valueName\":\"search_term_string\"}}],\"inLanguage\":\"en-US\"}]}<\/script>\n<!-- \/ Yoast SEO plugin. -->","yoast_head_json":{"title":"Parentcraft - Naistekliinik","robots":{"index":"index","follow":"follow","max-snippet":"max-snippet:-1","max-image-preview":"max-image-preview:large","max-video-preview":"max-video-preview:-1"},"canonical":"https:\/\/www.kliinikum.ee\/naistekliinik\/en\/parentcraft\/","og_locale":"en_US","og_type":"article","og_title":"Parentcraft - Naistekliinik","og_description":"Additional information about the lectures is available by e-mail: elery.teesalu@kliinikum.ee Preparation to Parenthood Price: 51.00 EUR Remains open 12 weeks...","og_url":"https:\/\/www.kliinikum.ee\/naistekliinik\/en\/parentcraft\/","og_site_name":"Naistekliinik","article_modified_time":"2026-01-29T12:38:54+00:00","twitter_card":"summary_large_image","twitter_misc":{"Est. reading time":"2 minutes"},"schema":{"@context":"https:\/\/schema.org","@graph":[{"@type":"WebPage","@id":"https:\/\/www.kliinikum.ee\/naistekliinik\/en\/parentcraft\/","url":"https:\/\/www.kliinikum.ee\/naistekliinik\/en\/parentcraft\/","name":"Parentcraft - Naistekliinik","isPartOf":{"@id":"https:\/\/www.kliinikum.ee\/naistekliinik\/#website"},"datePublished":"2020-11-09T09:00:01+00:00","dateModified":"2026-01-29T12:38:54+00:00","breadcrumb":{"@id":"https:\/\/www.kliinikum.ee\/naistekliinik\/en\/parentcraft\/#breadcrumb"},"inLanguage":"en-US","potentialAction":[{"@type":"ReadAction","target":["https:\/\/www.kliinikum.ee\/naistekliinik\/en\/parentcraft\/"]}]},{"@type":"BreadcrumbList","@id":"https:\/\/www.kliinikum.ee\/naistekliinik\/en\/parentcraft\/#breadcrumb","itemListElement":[{"@type":"ListItem","position":1,"name":"Home","item":"https:\/\/www.kliinikum.ee\/naistekliinik\/en\/"},{"@type":"ListItem","position":2,"name":"Parentcraft"}]},{"@type":"WebSite","@id":"https:\/\/www.kliinikum.ee\/naistekliinik\/#website","url":"https:\/\/www.kliinikum.ee\/naistekliinik\/","name":"Naistekliinik","description":"Hoolivus P\u00e4devus Usaldusv\u00e4\u00e4rsus","potentialAction":[{"@type":"SearchAction","target":{"@type":"EntryPoint","urlTemplate":"https:\/\/www.kliinikum.ee\/naistekliinik\/?s={search_term_string}"},"query-input":{"@type":"PropertyValueSpecification","valueRequired":true,"valueName":"search_term_string"}}],"inLanguage":"en-US"}]}},"coauthors":[],"author_meta":{"author_link":"https:\/\/www.kliinikum.ee\/naistekliinik\/en\/author\/haldur\/","display_name":"Haldur"},"relative_dates":{"created":"Posted 5 years ago","modified":"Updated 3 months ago"},"absolute_dates":{"created":"Posted on 9. Nov 2020","modified":"Updated on 29. Jan 2026"},"absolute_dates_time":{"created":"Posted on 9. Nov 2020 11:00","modified":"Updated on 29. Jan 2026 02:38"},"featured_img_caption":"","featured_img":false,"series_order":"","_links":{"self":[{"href":"https:\/\/www.kliinikum.ee\/naistekliinik\/en\/wp-json\/wp\/v2\/pages\/1086","targetHints":{"allow":["GET"]}}],"collection":[{"href":"https:\/\/www.kliinikum.ee\/naistekliinik\/en\/wp-json\/wp\/v2\/pages"}],"about":[{"href":"https:\/\/www.kliinikum.ee\/naistekliinik\/en\/wp-json\/wp\/v2\/types\/page"}],"author":[{"embeddable":true,"href":"https:\/\/www.kliinikum.ee\/naistekliinik\/en\/wp-json\/wp\/v2\/users\/11"}],"replies":[{"embeddable":true,"href":"https:\/\/www.kliinikum.ee\/naistekliinik\/en\/wp-json\/wp\/v2\/comments?post=1086"}],"version-history":[{"count":0,"href":"https:\/\/www.kliinikum.ee\/naistekliinik\/en\/wp-json\/wp\/v2\/pages\/1086\/revisions"}],"wp:attachment":[{"href":"https:\/\/www.kliinikum.ee\/naistekliinik\/en\/wp-json\/wp\/v2\/media?parent=1086"}],"curies":[{"name":"wp","href":"https:\/\/api.w.org\/{rel}","templated":true}]}}