{"id":749,"date":"2020-10-21T15:04:51","date_gmt":"2020-10-21T12:04:51","guid":{"rendered":"https:\/\/www.kliinikum.ee\/naistekliinik_uus\/?page_id=749"},"modified":"2023-04-13T14:19:28","modified_gmt":"2023-04-13T11:19:28","slug":"antenatal-care","status":"publish","type":"page","link":"https:\/\/www.kliinikum.ee\/naistekliinik\/en\/antenatal-care-and-delivery\/antenatal-care\/","title":{"rendered":"Antenatal care"},"content":{"rendered":"\n<p class=\"wp-el\"><strong>Antenatal care&nbsp;&nbsp;&nbsp;<\/strong><\/p>\n\n\n\n<p class=\"wp-el\">The outpatient clinic reception at Tartu University Hospital Women\u2019s Clinic is located at 8 L. Puusepa Street, building G2 and is open from Monday to Friday, 7:30-19:00. Before the appointment  please take a queue number and stay in the waiting area until called by the administrator who will give you further information and instructions for the appointment. Please bring along a document to confirm your identity (passport or ID-card).<br>If you are scheduled for ultrasound screening only or you come for blood tests pre-ordered by your doctor\/midwife then you can proceed without visiting reception.<\/p>\n\n\n\n<p class=\"wp-el\"><strong>Blood tests<\/strong> are done in the procedure room, G2-159 (\u201eProtseduurid\u201c). opening hours from Monday to Friday at 8:00-13:00 and 14:00-18:00. Please have your personal barcode stickers for blood tests with you.<\/p>\n\n\n\n<p class=\"wp-el\">Urine tests should be labelled with your personal barcode sticker and you need to add date and time when the sample was taken by yourself. Please leave your sample in room G2-155 (\u201eInva-WC\/uriinianal\u00fc\u00fcside ruum\u201c) from Monday to Friday, 8:00-10:00 if not instructed otherwise.<\/p>\n\n\n\n<p class=\"wp-el\"><strong>Fetal cardiotocography<\/strong> or CTG is a procedure for recording the fetal heartbeat and the uterine contractions during pregnancy. Procedure lasts about 30 minutes and it is scheduled only if your doctor or midwife finds it necessary. You will be informed about the procedure at your appointment. For CTG please go to room G2-158 (\u201eKardiotokograafia\u201c), the midwife is available next door (room G2-159, blood tests). When the recording is completed please return to your doctor\/midwife.<\/p>\n\n\n\n<p class=\"wp-el\"><strong>Ultrasound screening<\/strong>. Tartu University Hospital Women\u2019s Clinic has three ultrasound rooms (G2-163, 165, 167). You will be scheduled for the screening by your doctor\/midwife according to the antenatal care guideline.&nbsp;<\/p>\n\n\n\n<p class=\"wp-el\">1. I trimester ultrasound screening (12-13 weeks of pregnancy; it is done to estimate fetal anatomy and the risk of a chromosome defect related diseases).<br>2. II trimester ultrasound screening (19-21 weeks of pregnancy; to estimate fetal anatomy and development).<br>3. III trimester ultrasound is done only when necessary (preganancy complications, need to monitore fetal growth, multiple pregnancy etc).<\/p>\n\n\n\n<p class=\"wp-el\"><strong>Further information<\/strong><\/p>\n\n\n\n<p class=\"wp-el\">You can schedule additional 2D or 3D ultrasound screening(s), but this is not covered by health insurance and you have to pay for it. If you want the pictures to be recorded on CD you will be charged extra. You should inform the doctor if so before the screening begins. Best time for the 3D ultrasound is between 24 and 28 weeks of pregnancy but even then it\u2019s not always possible to get good pictures (due to baby\u2019s position, for example). It is not allowed to take pictures or tape video during the ultrasound screening and it is not possible to get pictures printed on paper. You can schedule an extra appointment by calling the reception phone 731 9100.<\/p>\n\n\n\n<p class=\"wp-el\"><strong>Family education classes<\/strong> (mostly in Estonian, some in English and Russian) take place online. There are classes about delivery, breastfeeding, how to take care of the newborn etc. &nbsp;Information&nbsp;&nbsp;<a href=\"et\/perekool-info\">PEREKOOL<\/a>&nbsp;and registration&nbsp;<a href=\"https:\/\/kodu.kliinikum.ee\/perekool\/index.php?mod=list&amp;sort=1\">Perekooli loengute ajakava. Registreerimine.<\/a><\/p>\n\n\n\n<p class=\"wp-el\"><strong>Medical emergency.<\/strong> In case of pregnancy related medical emergency you have to come to the Women\u2019s Clinic reception from Monday to Friday 8:00-18:30. Please tell the administrator about your problem\/condition and she will schedule an emergency appointment for you the same day. If you happen to have an emergency situation during the evening hours after 18:30\/night time\/weekend you have to go to the Accident and Emergency Department (EMO). You find the entrance at Puusepa street, <strong>L. Puusepa 8, M-korpus<\/strong>, I floor. (\u201eErakorralise meditsiini osakond\u201c)<\/p>\n\n\n\n<figure class=\"wp-block-image size-full is-resized\"><img loading=\"lazy\" decoding=\"async\" src=\"https:\/\/www.kliinikum.ee\/naistekliinik\/wp-content\/uploads\/2023\/01\/image.jpg\" alt=\"\" class=\"wp-image-2508\" width=\"945\" height=\"496\" \/><\/figure>\n\n\n\n<p class=\"wp-el\"> <\/p>\n\n\n\n<p class=\"wp-el\">If your condition is extremely serious please call an ambulance &#8211; call 112.<\/p>\n\n\n\n<ul class=\"wp-el wp-block-list\">\n<li>Visiting hours at the women&#8217;s clinic are 17:00-19:00. Up to two visitors without any illness symptoms are allowed to visit. Please leave the outdoor clothing in the wardrobe when you come to visit. Children are not allowed to visit.<\/li>\n\n\n\n<li>Up to two birth partners are allowed to accompany women giving birth, and only one birthing partner can stay in the postnatal ward (family room).<\/li>\n\n\n\n<li>One birthing partner without any illness symptoms is allowed for planned caesarean section.<\/li>\n\n\n\n<li>One companion can attend the ultrasound scan with you.<\/li>\n<\/ul>\n\n\n\n<p class=\"wp-el\"><\/p>\n","protected":false},"excerpt":{"rendered":"<p>Antenatal care&nbsp;&nbsp;&nbsp; The outpatient clinic reception at Tartu University Hospital Women\u2019s Clinic is located at 8 L. Puusepa Street, building&#8230;<\/p>\n","protected":false},"author":11,"featured_media":0,"parent":747,"menu_order":10,"comment_status":"closed","ping_status":"closed","template":"","meta":{"_acf_changed":false,"inline_featured_image":false,"advgb_blocks_editor_width":"","advgb_blocks_columns_visual_guide":"","footnotes":"","_links_to":"","_links_to_target":""},"class_list":["post-749","page","type-page","status-publish","hentry"],"acf":[],"yoast_head":"<!-- This site is optimized with the Yoast SEO plugin v27.3 - https:\/\/yoast.com\/product\/yoast-seo-wordpress\/ -->\n<title>Antenatal care - Naistekliinik<\/title>\n<meta name=\"robots\" content=\"index, follow, max-snippet:-1, max-image-preview:large, max-video-preview:-1\" \/>\n<link rel=\"canonical\" href=\"https:\/\/www.kliinikum.ee\/naistekliinik\/en\/antenatal-care-and-delivery\/antenatal-care\/\" \/>\n<meta property=\"og:locale\" content=\"en_US\" \/>\n<meta property=\"og:type\" content=\"article\" \/>\n<meta property=\"og:title\" content=\"Antenatal care - Naistekliinik\" \/>\n<meta property=\"og:description\" content=\"Antenatal care&nbsp;&nbsp;&nbsp; The outpatient clinic reception at Tartu University Hospital Women\u2019s Clinic is located at 8 L. Puusepa Street, building...\" \/>\n<meta property=\"og:url\" content=\"https:\/\/www.kliinikum.ee\/naistekliinik\/en\/antenatal-care-and-delivery\/antenatal-care\/\" \/>\n<meta property=\"og:site_name\" content=\"Naistekliinik\" \/>\n<meta property=\"article:modified_time\" content=\"2023-04-13T11:19:28+00:00\" \/>\n<meta property=\"og:image\" content=\"https:\/\/www.kliinikum.ee\/naistekliinik\/wp-content\/uploads\/2023\/01\/image.jpg\" \/>\n<meta name=\"twitter:card\" content=\"summary_large_image\" \/>\n<meta name=\"twitter:label1\" content=\"Est. reading time\" \/>\n\t<meta name=\"twitter:data1\" content=\"4 minutes\" \/>\n<script type=\"application\/ld+json\" class=\"yoast-schema-graph\">{\"@context\":\"https:\\\/\\\/schema.org\",\"@graph\":[{\"@type\":\"WebPage\",\"@id\":\"https:\\\/\\\/www.kliinikum.ee\\\/naistekliinik\\\/en\\\/antenatal-care-and-delivery\\\/antenatal-care\\\/\",\"url\":\"https:\\\/\\\/www.kliinikum.ee\\\/naistekliinik\\\/en\\\/antenatal-care-and-delivery\\\/antenatal-care\\\/\",\"name\":\"Antenatal care - Naistekliinik\",\"isPartOf\":{\"@id\":\"https:\\\/\\\/www.kliinikum.ee\\\/naistekliinik\\\/#website\"},\"primaryImageOfPage\":{\"@id\":\"https:\\\/\\\/www.kliinikum.ee\\\/naistekliinik\\\/en\\\/antenatal-care-and-delivery\\\/antenatal-care\\\/#primaryimage\"},\"image\":{\"@id\":\"https:\\\/\\\/www.kliinikum.ee\\\/naistekliinik\\\/en\\\/antenatal-care-and-delivery\\\/antenatal-care\\\/#primaryimage\"},\"thumbnailUrl\":\"https:\\\/\\\/www.kliinikum.ee\\\/naistekliinik\\\/wp-content\\\/uploads\\\/2023\\\/01\\\/image.jpg\",\"datePublished\":\"2020-10-21T12:04:51+00:00\",\"dateModified\":\"2023-04-13T11:19:28+00:00\",\"breadcrumb\":{\"@id\":\"https:\\\/\\\/www.kliinikum.ee\\\/naistekliinik\\\/en\\\/antenatal-care-and-delivery\\\/antenatal-care\\\/#breadcrumb\"},\"inLanguage\":\"en-US\",\"potentialAction\":[{\"@type\":\"ReadAction\",\"target\":[\"https:\\\/\\\/www.kliinikum.ee\\\/naistekliinik\\\/en\\\/antenatal-care-and-delivery\\\/antenatal-care\\\/\"]}]},{\"@type\":\"ImageObject\",\"inLanguage\":\"en-US\",\"@id\":\"https:\\\/\\\/www.kliinikum.ee\\\/naistekliinik\\\/en\\\/antenatal-care-and-delivery\\\/antenatal-care\\\/#primaryimage\",\"url\":\"https:\\\/\\\/www.kliinikum.ee\\\/naistekliinik\\\/wp-content\\\/uploads\\\/2023\\\/01\\\/image.jpg\",\"contentUrl\":\"https:\\\/\\\/www.kliinikum.ee\\\/naistekliinik\\\/wp-content\\\/uploads\\\/2023\\\/01\\\/image.jpg\"},{\"@type\":\"BreadcrumbList\",\"@id\":\"https:\\\/\\\/www.kliinikum.ee\\\/naistekliinik\\\/en\\\/antenatal-care-and-delivery\\\/antenatal-care\\\/#breadcrumb\",\"itemListElement\":[{\"@type\":\"ListItem\",\"position\":1,\"name\":\"Home\",\"item\":\"https:\\\/\\\/www.kliinikum.ee\\\/naistekliinik\\\/en\\\/\"},{\"@type\":\"ListItem\",\"position\":2,\"name\":\"Antenatal care and delivery\",\"item\":\"https:\\\/\\\/www.kliinikum.ee\\\/naistekliinik\\\/en\\\/antenatal-care-and-delivery\\\/\"},{\"@type\":\"ListItem\",\"position\":3,\"name\":\"Antenatal care\"}]},{\"@type\":\"WebSite\",\"@id\":\"https:\\\/\\\/www.kliinikum.ee\\\/naistekliinik\\\/#website\",\"url\":\"https:\\\/\\\/www.kliinikum.ee\\\/naistekliinik\\\/\",\"name\":\"Naistekliinik\",\"description\":\"Hoolivus P\u00e4devus Usaldusv\u00e4\u00e4rsus\",\"potentialAction\":[{\"@type\":\"SearchAction\",\"target\":{\"@type\":\"EntryPoint\",\"urlTemplate\":\"https:\\\/\\\/www.kliinikum.ee\\\/naistekliinik\\\/?s={search_term_string}\"},\"query-input\":{\"@type\":\"PropertyValueSpecification\",\"valueRequired\":true,\"valueName\":\"search_term_string\"}}],\"inLanguage\":\"en-US\"}]}<\/script>\n<!-- \/ Yoast SEO plugin. -->","yoast_head_json":{"title":"Antenatal care - Naistekliinik","robots":{"index":"index","follow":"follow","max-snippet":"max-snippet:-1","max-image-preview":"max-image-preview:large","max-video-preview":"max-video-preview:-1"},"canonical":"https:\/\/www.kliinikum.ee\/naistekliinik\/en\/antenatal-care-and-delivery\/antenatal-care\/","og_locale":"en_US","og_type":"article","og_title":"Antenatal care - Naistekliinik","og_description":"Antenatal care&nbsp;&nbsp;&nbsp; The outpatient clinic reception at Tartu University Hospital Women\u2019s Clinic is located at 8 L. Puusepa Street, building...","og_url":"https:\/\/www.kliinikum.ee\/naistekliinik\/en\/antenatal-care-and-delivery\/antenatal-care\/","og_site_name":"Naistekliinik","article_modified_time":"2023-04-13T11:19:28+00:00","og_image":[{"url":"https:\/\/www.kliinikum.ee\/naistekliinik\/wp-content\/uploads\/2023\/01\/image.jpg","type":"","width":"","height":""}],"twitter_card":"summary_large_image","twitter_misc":{"Est. reading time":"4 minutes"},"schema":{"@context":"https:\/\/schema.org","@graph":[{"@type":"WebPage","@id":"https:\/\/www.kliinikum.ee\/naistekliinik\/en\/antenatal-care-and-delivery\/antenatal-care\/","url":"https:\/\/www.kliinikum.ee\/naistekliinik\/en\/antenatal-care-and-delivery\/antenatal-care\/","name":"Antenatal care - Naistekliinik","isPartOf":{"@id":"https:\/\/www.kliinikum.ee\/naistekliinik\/#website"},"primaryImageOfPage":{"@id":"https:\/\/www.kliinikum.ee\/naistekliinik\/en\/antenatal-care-and-delivery\/antenatal-care\/#primaryimage"},"image":{"@id":"https:\/\/www.kliinikum.ee\/naistekliinik\/en\/antenatal-care-and-delivery\/antenatal-care\/#primaryimage"},"thumbnailUrl":"https:\/\/www.kliinikum.ee\/naistekliinik\/wp-content\/uploads\/2023\/01\/image.jpg","datePublished":"2020-10-21T12:04:51+00:00","dateModified":"2023-04-13T11:19:28+00:00","breadcrumb":{"@id":"https:\/\/www.kliinikum.ee\/naistekliinik\/en\/antenatal-care-and-delivery\/antenatal-care\/#breadcrumb"},"inLanguage":"en-US","potentialAction":[{"@type":"ReadAction","target":["https:\/\/www.kliinikum.ee\/naistekliinik\/en\/antenatal-care-and-delivery\/antenatal-care\/"]}]},{"@type":"ImageObject","inLanguage":"en-US","@id":"https:\/\/www.kliinikum.ee\/naistekliinik\/en\/antenatal-care-and-delivery\/antenatal-care\/#primaryimage","url":"https:\/\/www.kliinikum.ee\/naistekliinik\/wp-content\/uploads\/2023\/01\/image.jpg","contentUrl":"https:\/\/www.kliinikum.ee\/naistekliinik\/wp-content\/uploads\/2023\/01\/image.jpg"},{"@type":"BreadcrumbList","@id":"https:\/\/www.kliinikum.ee\/naistekliinik\/en\/antenatal-care-and-delivery\/antenatal-care\/#breadcrumb","itemListElement":[{"@type":"ListItem","position":1,"name":"Home","item":"https:\/\/www.kliinikum.ee\/naistekliinik\/en\/"},{"@type":"ListItem","position":2,"name":"Antenatal care and delivery","item":"https:\/\/www.kliinikum.ee\/naistekliinik\/en\/antenatal-care-and-delivery\/"},{"@type":"ListItem","position":3,"name":"Antenatal care"}]},{"@type":"WebSite","@id":"https:\/\/www.kliinikum.ee\/naistekliinik\/#website","url":"https:\/\/www.kliinikum.ee\/naistekliinik\/","name":"Naistekliinik","description":"Hoolivus P\u00e4devus Usaldusv\u00e4\u00e4rsus","potentialAction":[{"@type":"SearchAction","target":{"@type":"EntryPoint","urlTemplate":"https:\/\/www.kliinikum.ee\/naistekliinik\/?s={search_term_string}"},"query-input":{"@type":"PropertyValueSpecification","valueRequired":true,"valueName":"search_term_string"}}],"inLanguage":"en-US"}]}},"coauthors":[],"author_meta":{"author_link":"https:\/\/www.kliinikum.ee\/naistekliinik\/en\/author\/haldur\/","display_name":"Haldur"},"relative_dates":{"created":"Posted 6 years ago","modified":"Updated 3 years ago"},"absolute_dates":{"created":"Posted on 21. Oct 2020","modified":"Updated on 13. Apr 2023"},"absolute_dates_time":{"created":"Posted on 21. Oct 2020 03:04","modified":"Updated on 13. Apr 2023 02:19"},"featured_img_caption":"","featured_img":false,"series_order":"","_links":{"self":[{"href":"https:\/\/www.kliinikum.ee\/naistekliinik\/en\/wp-json\/wp\/v2\/pages\/749","targetHints":{"allow":["GET"]}}],"collection":[{"href":"https:\/\/www.kliinikum.ee\/naistekliinik\/en\/wp-json\/wp\/v2\/pages"}],"about":[{"href":"https:\/\/www.kliinikum.ee\/naistekliinik\/en\/wp-json\/wp\/v2\/types\/page"}],"author":[{"embeddable":true,"href":"https:\/\/www.kliinikum.ee\/naistekliinik\/en\/wp-json\/wp\/v2\/users\/11"}],"replies":[{"embeddable":true,"href":"https:\/\/www.kliinikum.ee\/naistekliinik\/en\/wp-json\/wp\/v2\/comments?post=749"}],"version-history":[{"count":0,"href":"https:\/\/www.kliinikum.ee\/naistekliinik\/en\/wp-json\/wp\/v2\/pages\/749\/revisions"}],"up":[{"embeddable":true,"href":"https:\/\/www.kliinikum.ee\/naistekliinik\/en\/wp-json\/wp\/v2\/pages\/747"}],"wp:attachment":[{"href":"https:\/\/www.kliinikum.ee\/naistekliinik\/en\/wp-json\/wp\/v2\/media?parent=749"}],"curies":[{"name":"wp","href":"https:\/\/api.w.org\/{rel}","templated":true}]}}