{"id":759,"date":"2020-10-21T15:21:12","date_gmt":"2020-10-21T12:21:12","guid":{"rendered":"https:\/\/www.kliinikum.ee\/naistekliinik_uus\/?page_id=759"},"modified":"2023-01-20T09:55:41","modified_gmt":"2023-01-20T07:55:41","slug":"emergency-care","status":"publish","type":"page","link":"https:\/\/www.kliinikum.ee\/naistekliinik\/en\/emergency-care\/","title":{"rendered":"Emergency care"},"content":{"rendered":"\n<p class=\"wp-el\">In case of pregnancy related medical emergency you have to come to the Women\u2019s Clinic reception from Monday to Friday 8:00-18:30. Please tell the administrator about your problem\/condition and she will schedule an emergency appointment for you the same day. <\/p>\n\n\n\n<p class=\"wp-el\">If you happen to have an emergency situation during the evening hours after 18:30\/night time\/weekend you have to go to the Accident and Emergency Department (EMO). You find the entrance at Puusepa street,\u00a0<strong>L. Puusepa 8, M-korpus<\/strong>, I floor. (\u201eErakorralise meditsiini osakond\u201c)<\/p>\n\n\n\n<figure class=\"wp-block-image\"><img loading=\"lazy\" decoding=\"async\" width=\"945\" height=\"496\" src=\"https:\/\/www.kliinikum.ee\/naistekliinik\/wp-content\/uploads\/2023\/01\/image.jpg\" alt=\"\" class=\"wp-image-2508\" \/><\/figure>\n\n\n\n<p class=\"wp-el\">If your condition is extremely serious please call an ambulance \u2013 call 112.<\/p>\n\n\n\n<ul class=\"wp-el wp-block-list\">\n<li>When coming in labour, enter the hospital through the emergency department.<\/li>\n\n\n\n<li>Phone number of midwife on duty: 731 9923<\/li>\n<\/ul>\n\n\n\n<p class=\"wp-el\"><\/p>\n","protected":false},"excerpt":{"rendered":"<p>In case of pregnancy related medical emergency you have to come to the Women\u2019s Clinic reception from Monday to Friday&#8230;<\/p>\n","protected":false},"author":11,"featured_media":0,"parent":0,"menu_order":0,"comment_status":"closed","ping_status":"closed","template":"","meta":{"_acf_changed":false,"inline_featured_image":false,"advgb_blocks_editor_width":"","advgb_blocks_columns_visual_guide":"","footnotes":"","_links_to":"","_links_to_target":""},"class_list":["post-759","page","type-page","status-publish","hentry"],"acf":[],"yoast_head":"<!-- This site is optimized with the Yoast SEO plugin v27.5 - https:\/\/yoast.com\/product\/yoast-seo-wordpress\/ -->\n<title>Emergency care - Naistekliinik<\/title>\n<meta name=\"robots\" content=\"index, follow, max-snippet:-1, max-image-preview:large, max-video-preview:-1\" \/>\n<link rel=\"canonical\" href=\"https:\/\/www.kliinikum.ee\/naistekliinik\/en\/emergency-care\/\" \/>\n<meta property=\"og:locale\" content=\"en_US\" \/>\n<meta property=\"og:type\" content=\"article\" \/>\n<meta property=\"og:title\" content=\"Emergency care - Naistekliinik\" \/>\n<meta property=\"og:description\" content=\"In case of pregnancy related medical emergency you have to come to the Women\u2019s Clinic reception from Monday to Friday...\" \/>\n<meta property=\"og:url\" content=\"https:\/\/www.kliinikum.ee\/naistekliinik\/en\/emergency-care\/\" \/>\n<meta property=\"og:site_name\" content=\"Naistekliinik\" \/>\n<meta property=\"article:modified_time\" content=\"2023-01-20T07:55:41+00:00\" \/>\n<meta property=\"og:image\" content=\"https:\/\/www.kliinikum.ee\/naistekliinik\/wp-content\/uploads\/2023\/01\/image.jpg\" \/>\n<meta name=\"twitter:card\" content=\"summary_large_image\" \/>\n<meta name=\"twitter:label1\" content=\"Est. reading time\" \/>\n\t<meta name=\"twitter:data1\" content=\"1 minute\" \/>\n<script type=\"application\/ld+json\" class=\"yoast-schema-graph\">{\"@context\":\"https:\\\/\\\/schema.org\",\"@graph\":[{\"@type\":\"WebPage\",\"@id\":\"https:\\\/\\\/www.kliinikum.ee\\\/naistekliinik\\\/en\\\/emergency-care\\\/\",\"url\":\"https:\\\/\\\/www.kliinikum.ee\\\/naistekliinik\\\/en\\\/emergency-care\\\/\",\"name\":\"Emergency care - Naistekliinik\",\"isPartOf\":{\"@id\":\"https:\\\/\\\/www.kliinikum.ee\\\/naistekliinik\\\/#website\"},\"primaryImageOfPage\":{\"@id\":\"https:\\\/\\\/www.kliinikum.ee\\\/naistekliinik\\\/en\\\/emergency-care\\\/#primaryimage\"},\"image\":{\"@id\":\"https:\\\/\\\/www.kliinikum.ee\\\/naistekliinik\\\/en\\\/emergency-care\\\/#primaryimage\"},\"thumbnailUrl\":\"https:\\\/\\\/www.kliinikum.ee\\\/naistekliinik\\\/wp-content\\\/uploads\\\/2023\\\/01\\\/image.jpg\",\"datePublished\":\"2020-10-21T12:21:12+00:00\",\"dateModified\":\"2023-01-20T07:55:41+00:00\",\"breadcrumb\":{\"@id\":\"https:\\\/\\\/www.kliinikum.ee\\\/naistekliinik\\\/en\\\/emergency-care\\\/#breadcrumb\"},\"inLanguage\":\"en-US\",\"potentialAction\":[{\"@type\":\"ReadAction\",\"target\":[\"https:\\\/\\\/www.kliinikum.ee\\\/naistekliinik\\\/en\\\/emergency-care\\\/\"]}]},{\"@type\":\"ImageObject\",\"inLanguage\":\"en-US\",\"@id\":\"https:\\\/\\\/www.kliinikum.ee\\\/naistekliinik\\\/en\\\/emergency-care\\\/#primaryimage\",\"url\":\"https:\\\/\\\/www.kliinikum.ee\\\/naistekliinik\\\/wp-content\\\/uploads\\\/2023\\\/01\\\/image.jpg\",\"contentUrl\":\"https:\\\/\\\/www.kliinikum.ee\\\/naistekliinik\\\/wp-content\\\/uploads\\\/2023\\\/01\\\/image.jpg\"},{\"@type\":\"BreadcrumbList\",\"@id\":\"https:\\\/\\\/www.kliinikum.ee\\\/naistekliinik\\\/en\\\/emergency-care\\\/#breadcrumb\",\"itemListElement\":[{\"@type\":\"ListItem\",\"position\":1,\"name\":\"Home\",\"item\":\"https:\\\/\\\/www.kliinikum.ee\\\/naistekliinik\\\/en\\\/\"},{\"@type\":\"ListItem\",\"position\":2,\"name\":\"Emergency care\"}]},{\"@type\":\"WebSite\",\"@id\":\"https:\\\/\\\/www.kliinikum.ee\\\/naistekliinik\\\/#website\",\"url\":\"https:\\\/\\\/www.kliinikum.ee\\\/naistekliinik\\\/\",\"name\":\"Naistekliinik\",\"description\":\"Hoolivus P\u00e4devus Usaldusv\u00e4\u00e4rsus\",\"potentialAction\":[{\"@type\":\"SearchAction\",\"target\":{\"@type\":\"EntryPoint\",\"urlTemplate\":\"https:\\\/\\\/www.kliinikum.ee\\\/naistekliinik\\\/?s={search_term_string}\"},\"query-input\":{\"@type\":\"PropertyValueSpecification\",\"valueRequired\":true,\"valueName\":\"search_term_string\"}}],\"inLanguage\":\"en-US\"}]}<\/script>\n<!-- \/ Yoast SEO plugin. -->","yoast_head_json":{"title":"Emergency care - Naistekliinik","robots":{"index":"index","follow":"follow","max-snippet":"max-snippet:-1","max-image-preview":"max-image-preview:large","max-video-preview":"max-video-preview:-1"},"canonical":"https:\/\/www.kliinikum.ee\/naistekliinik\/en\/emergency-care\/","og_locale":"en_US","og_type":"article","og_title":"Emergency care - Naistekliinik","og_description":"In case of pregnancy related medical emergency you have to come to the Women\u2019s Clinic reception from Monday to Friday...","og_url":"https:\/\/www.kliinikum.ee\/naistekliinik\/en\/emergency-care\/","og_site_name":"Naistekliinik","article_modified_time":"2023-01-20T07:55:41+00:00","og_image":[{"url":"https:\/\/www.kliinikum.ee\/naistekliinik\/wp-content\/uploads\/2023\/01\/image.jpg","type":"","width":"","height":""}],"twitter_card":"summary_large_image","twitter_misc":{"Est. reading time":"1 minute"},"schema":{"@context":"https:\/\/schema.org","@graph":[{"@type":"WebPage","@id":"https:\/\/www.kliinikum.ee\/naistekliinik\/en\/emergency-care\/","url":"https:\/\/www.kliinikum.ee\/naistekliinik\/en\/emergency-care\/","name":"Emergency care - Naistekliinik","isPartOf":{"@id":"https:\/\/www.kliinikum.ee\/naistekliinik\/#website"},"primaryImageOfPage":{"@id":"https:\/\/www.kliinikum.ee\/naistekliinik\/en\/emergency-care\/#primaryimage"},"image":{"@id":"https:\/\/www.kliinikum.ee\/naistekliinik\/en\/emergency-care\/#primaryimage"},"thumbnailUrl":"https:\/\/www.kliinikum.ee\/naistekliinik\/wp-content\/uploads\/2023\/01\/image.jpg","datePublished":"2020-10-21T12:21:12+00:00","dateModified":"2023-01-20T07:55:41+00:00","breadcrumb":{"@id":"https:\/\/www.kliinikum.ee\/naistekliinik\/en\/emergency-care\/#breadcrumb"},"inLanguage":"en-US","potentialAction":[{"@type":"ReadAction","target":["https:\/\/www.kliinikum.ee\/naistekliinik\/en\/emergency-care\/"]}]},{"@type":"ImageObject","inLanguage":"en-US","@id":"https:\/\/www.kliinikum.ee\/naistekliinik\/en\/emergency-care\/#primaryimage","url":"https:\/\/www.kliinikum.ee\/naistekliinik\/wp-content\/uploads\/2023\/01\/image.jpg","contentUrl":"https:\/\/www.kliinikum.ee\/naistekliinik\/wp-content\/uploads\/2023\/01\/image.jpg"},{"@type":"BreadcrumbList","@id":"https:\/\/www.kliinikum.ee\/naistekliinik\/en\/emergency-care\/#breadcrumb","itemListElement":[{"@type":"ListItem","position":1,"name":"Home","item":"https:\/\/www.kliinikum.ee\/naistekliinik\/en\/"},{"@type":"ListItem","position":2,"name":"Emergency care"}]},{"@type":"WebSite","@id":"https:\/\/www.kliinikum.ee\/naistekliinik\/#website","url":"https:\/\/www.kliinikum.ee\/naistekliinik\/","name":"Naistekliinik","description":"Hoolivus P\u00e4devus Usaldusv\u00e4\u00e4rsus","potentialAction":[{"@type":"SearchAction","target":{"@type":"EntryPoint","urlTemplate":"https:\/\/www.kliinikum.ee\/naistekliinik\/?s={search_term_string}"},"query-input":{"@type":"PropertyValueSpecification","valueRequired":true,"valueName":"search_term_string"}}],"inLanguage":"en-US"}]}},"coauthors":[],"author_meta":{"author_link":"https:\/\/www.kliinikum.ee\/naistekliinik\/en\/author\/haldur\/","display_name":"Haldur"},"relative_dates":{"created":"Posted 6 years ago","modified":"Updated 3 years ago"},"absolute_dates":{"created":"Posted on 21. Oct 2020","modified":"Updated on 20. Jan 2023"},"absolute_dates_time":{"created":"Posted on 21. Oct 2020 03:21","modified":"Updated on 20. Jan 2023 09:55"},"featured_img_caption":"","featured_img":false,"series_order":"","_links":{"self":[{"href":"https:\/\/www.kliinikum.ee\/naistekliinik\/en\/wp-json\/wp\/v2\/pages\/759","targetHints":{"allow":["GET"]}}],"collection":[{"href":"https:\/\/www.kliinikum.ee\/naistekliinik\/en\/wp-json\/wp\/v2\/pages"}],"about":[{"href":"https:\/\/www.kliinikum.ee\/naistekliinik\/en\/wp-json\/wp\/v2\/types\/page"}],"author":[{"embeddable":true,"href":"https:\/\/www.kliinikum.ee\/naistekliinik\/en\/wp-json\/wp\/v2\/users\/11"}],"replies":[{"embeddable":true,"href":"https:\/\/www.kliinikum.ee\/naistekliinik\/en\/wp-json\/wp\/v2\/comments?post=759"}],"version-history":[{"count":0,"href":"https:\/\/www.kliinikum.ee\/naistekliinik\/en\/wp-json\/wp\/v2\/pages\/759\/revisions"}],"wp:attachment":[{"href":"https:\/\/www.kliinikum.ee\/naistekliinik\/en\/wp-json\/wp\/v2\/media?parent=759"}],"curies":[{"name":"wp","href":"https:\/\/api.w.org\/{rel}","templated":true}]}}