{"id":849,"date":"2020-10-22T15:37:50","date_gmt":"2020-10-22T12:37:50","guid":{"rendered":"https:\/\/www.kliinikum.ee\/naistekliinik_uus\/?page_id=849"},"modified":"2020-10-22T15:37:50","modified_gmt":"2020-10-22T12:37:50","slug":"czena-rodov","status":"publish","type":"page","link":"https:\/\/www.kliinikum.ee\/naistekliinik\/ru\/rody-v-nashej-klinike\/czena-rodov\/","title":{"rendered":"\u0426\u0435\u043d\u0430 \u0440\u043e\u0434\u043e\u0432"},"content":{"rendered":"\n<p class=\"wp-el\">\u041f\u0440\u0438 \u043e\u0442\u0441\u0443\u0442\u0441\u0442\u0432\u0438\u0438 \u0441\u0442\u0440\u0430\u0445\u043e\u0432\u043e\u0433\u043e \u043f\u043e\u043a\u0440\u044b\u0442\u0438\u044f \u042d\u0441\u0442\u043e\u043d\u0441\u043a\u043e\u0433\u043e \u0444\u043e\u043d\u0434\u0430 \u043c\u0435\u0434\u0438\u0446\u0438\u043d\u0441\u043a\u043e\u0433\u043e \u0441\u0442\u0440\u0430\u0445\u043e\u0432\u0430\u043d\u0438\u044f (Eesti Haigekassa) \u0432\u0441\u0435 \u0443\u0441\u043b\u0443\u0433\u0438, \u043f\u0440\u0435\u0434\u043e\u0441\u0442\u0430\u0432\u043b\u044f\u0435\u043c\u044b\u0435 \u0434\u043e \u0440\u043e\u0434\u043e\u0432, \u0432\u043e \u0432\u0440\u0435\u043c\u044f \u0440\u043e\u0434\u043e\u0432 \u0438 \u043f\u043e\u0441\u043b\u0435 \u0440\u043e\u0434\u043e\u0432, \u043e\u0441\u0443\u0449\u0435\u0441\u0442\u0432\u043b\u044f\u044e\u0442\u0441\u044f \u043d\u0430 \u043e\u0441\u043d\u043e\u0432\u0430\u043d\u0438\u0438 \u043f\u0440\u0435\u0439\u0441\u043a\u0443\u0440\u0430\u043d\u0442\u0430 \u042d\u0441\u0442\u043e\u043d\u0441\u043a\u043e\u0433\u043e \u0444\u043e\u043d\u0434\u0430 \u043c\u0435\u0434\u0438\u0446\u0438\u043d\u0441\u043a\u043e\u0433\u043e \u0441\u0442\u0440\u0430\u0445\u043e\u0432\u0430\u043d\u0438\u044f.&nbsp;<a href=\"http:\/\/www.haigekassa.ee\/\">www.haigekassa.ee\/ru<\/a><\/p>\n\n\n\n<p class=\"wp-el\">\u041f\u0440\u0438\u043c\u0435\u0440\u043d\u0430\u044f \u0446\u0435\u043d\u0430 \u0443\u0441\u043b\u0443\u0433\u0438 \u0441\u043e\u0441\u0442\u0430\u0432\u043b\u044f\u0435\u0442 (\u0434\u043e 3 \u0434\u043d\u0435\u0439 \u0432 \u0431\u043e\u043b\u044c\u043d\u0438\u0446\u0435):<\/p>\n\n\n\n<ul class=\"wp-el wp-block-list\"><li>\u0421\u0442\u043e\u0438\u043c\u043e\u0441\u0442\u044c \u043d\u043e\u0440\u043c\u0430\u043b\u044c\u043d\u044b\u0445 \u0440\u043e\u0434\u043e\u0432&nbsp; \u0441\u043e\u0441\u0442\u0430\u0432\u043b\u044f\u0435\u0442 \u043e\u043a\u043e\u043b\u043e 1100\u20ac<\/li><li>\u0426\u0435\u043d\u0430 \u0437\u0430\u043f\u043b\u0430\u043d\u0438\u0440\u043e\u0432\u0430\u043d\u043d\u043e\u0433\u043e \u043a\u0435\u0441\u0430\u0440\u0435\u0432\u0430 \u0441\u0435\u0447\u0435\u043d\u0438\u044f \u0441\u043e\u0441\u0442\u0430\u0432\u043b\u044f\u0435\u0442 \u043e\u043a\u043e\u043b\u043e 1800\u20ac<\/li><li>\u0426\u0435\u043d\u0430 \u044d\u043a\u0441\u0442\u0440\u0435\u043d\u043d\u043e\u0433\u043e \u043a\u0435\u0441\u0430\u0440\u0435\u0432\u0430 \u0441\u0435\u0447\u0435\u043d\u0438\u044f \u0441\u043e\u0441\u0442\u0430\u0432\u043b\u044f\u0435\u0442 \u043e\u043a\u043e\u043b\u043e 2000\u20ac<\/li><\/ul>\n\n\n\n<p class=\"wp-el\">\u0414\u043b\u044f \u0438\u043d\u043e\u0441\u0442\u0440\u0430\u043d\u043d\u044b\u0445 \u0433\u0440\u0430\u0436\u0434\u0430\u043d \u043a \u0441\u0442\u043e\u0438\u043c\u043e\u0441\u0442\u0438 \u0443\u0441\u043b\u0443\u0433\u0438 \u043f\u0440\u0438\u0431\u0430\u0432\u043b\u044f\u0435\u0442\u0441\u044f \u043f\u043b\u0430\u0442\u0430 \u0437\u0430 \u043f\u0440\u043e\u0438\u0437\u0432\u043e\u0434\u0441\u0442\u0432\u043e \u0434\u043e\u043a\u0443\u043c\u0435\u043d\u0442\u043e\u0432&nbsp;<strong>200\u20ac<\/strong>.<br>\u0422\u0430\u043a\u0436\u0435 \u043f\u0440\u0438\u0431\u0430\u0432\u043b\u044f\u0435\u0442\u0441\u044f \u043f\u043b\u0430\u0442\u0430 \u0437\u0430 \u0432\u0437\u044f\u0442\u0438\u0435 \u0434\u043e\u043f\u043e\u043b\u043d\u0438\u0442\u0435\u043b\u044c\u043d\u044b\u0445 \u043e\u0431\u0441\u043b\u0435\u0434\u043e\u0432\u0430\u043d\u0438\u0439 \u0443 \u043c\u0430\u0442\u0435\u0440\u0438 \u0438 \u0440\u0435\u0431\u0451\u043d\u043a\u0430 \u0438 \u043f\u043b\u0430\u0442\u0430 \u0437\u0430 \u043a\u043e\u0439\u043ao-\u0434\u0435\u043d\u044c. \u0426\u0435\u043d\u0430 \u043e\u0434\u043do\u0433\u043e \u0434\u043d\u044f&nbsp;<strong>137.52 \u20ac<\/strong><\/p>\n\n\n\n<p class=\"wp-el\"><strong>\u0414\u043e\u043f\u043e\u043b\u043d\u0438\u0442\u0435\u043b\u044c\u043d\u044b\u0435 \u0430\u043d\u0430\u043b\u0438\u0437\u044b, \u043f\u0440\u043e\u0432\u043e\u0434\u0438\u043c\u044b\u0435 \u043d\u043e\u0432\u043e\u0440\u043e\u0436\u0434\u0435\u043d\u043d\u043e\u043c\u0443<\/strong><br>\u0421\u043a\u0440\u0438\u043d\u0438\u043d\u0433 \u0432\u044b\u044f\u0432\u043b\u0435\u043d\u0438\u044f \u043d\u0430\u0440\u0443\u0448\u0435\u043d\u0438\u044f \u0441\u043b\u0443\u0445\u0430 \u2013\u00a0<strong>21.65<\/strong>\u00a0<strong>\u20ac<\/strong><br>\u0412\u0440\u043e\u0436\u0434\u0451\u043d\u043d\u044b\u0439 \u0433\u0438\u043f\u043e\u0442\u0438\u0440\u0435\u043e\u0437\u00a0\u0438\u00a0\u0424\u0435\u043d\u0438\u043b\u043a\u0435\u0442\u043e\u043d\u0443\u0440\u0438\u044f \u2013\u00a0<strong>20.20<\/strong>\u00a0<strong>\u20ac<\/strong><\/p>\n","protected":false},"excerpt":{"rendered":"<p>\u041f\u0440\u0438 \u043e\u0442\u0441\u0443\u0442\u0441\u0442\u0432\u0438\u0438 \u0441\u0442\u0440\u0430\u0445\u043e\u0432\u043e\u0433\u043e \u043f\u043e\u043a\u0440\u044b\u0442\u0438\u044f \u042d\u0441\u0442\u043e\u043d\u0441\u043a\u043e\u0433\u043e \u0444\u043e\u043d\u0434\u0430 \u043c\u0435\u0434\u0438\u0446\u0438\u043d\u0441\u043a\u043e\u0433\u043e \u0441\u0442\u0440\u0430\u0445\u043e\u0432\u0430\u043d\u0438\u044f (Eesti Haigekassa) \u0432\u0441\u0435 \u0443\u0441\u043b\u0443\u0433\u0438, \u043f\u0440\u0435\u0434\u043e\u0441\u0442\u0430\u0432\u043b\u044f\u0435\u043c\u044b\u0435 \u0434\u043e \u0440\u043e\u0434\u043e\u0432, \u0432\u043e \u0432\u0440\u0435\u043c\u044f \u0440\u043e\u0434\u043e\u0432 \u0438 \u043f\u043e\u0441\u043b\u0435&#8230;<\/p>\n","protected":false},"author":11,"featured_media":0,"parent":841,"menu_order":20,"comment_status":"closed","ping_status":"closed","template":"","meta":{"_acf_changed":false,"inline_featured_image":false,"advgb_blocks_editor_width":"","advgb_blocks_columns_visual_guide":"","footnotes":"","_links_to":"","_links_to_target":""},"class_list":["post-849","page","type-page","status-publish","hentry"],"acf":[],"yoast_head":"<!-- This site is optimized with the Yoast SEO plugin v27.3 - https:\/\/yoast.com\/product\/yoast-seo-wordpress\/ -->\n<title>\u0426\u0435\u043d\u0430 \u0440\u043e\u0434\u043e\u0432 - Naistekliinik<\/title>\n<meta name=\"robots\" content=\"index, follow, max-snippet:-1, max-image-preview:large, max-video-preview:-1\" \/>\n<link rel=\"canonical\" href=\"https:\/\/www.kliinikum.ee\/naistekliinik\/ru\/rody-v-nashej-klinike\/czena-rodov\/\" \/>\n<meta property=\"og:locale\" content=\"ru_RU\" \/>\n<meta property=\"og:type\" content=\"article\" \/>\n<meta property=\"og:title\" content=\"\u0426\u0435\u043d\u0430 \u0440\u043e\u0434\u043e\u0432 - Naistekliinik\" \/>\n<meta property=\"og:description\" content=\"\u041f\u0440\u0438 \u043e\u0442\u0441\u0443\u0442\u0441\u0442\u0432\u0438\u0438 \u0441\u0442\u0440\u0430\u0445\u043e\u0432\u043e\u0433\u043e \u043f\u043e\u043a\u0440\u044b\u0442\u0438\u044f \u042d\u0441\u0442\u043e\u043d\u0441\u043a\u043e\u0433\u043e \u0444\u043e\u043d\u0434\u0430 \u043c\u0435\u0434\u0438\u0446\u0438\u043d\u0441\u043a\u043e\u0433\u043e \u0441\u0442\u0440\u0430\u0445\u043e\u0432\u0430\u043d\u0438\u044f (Eesti Haigekassa) \u0432\u0441\u0435 \u0443\u0441\u043b\u0443\u0433\u0438, \u043f\u0440\u0435\u0434\u043e\u0441\u0442\u0430\u0432\u043b\u044f\u0435\u043c\u044b\u0435 \u0434\u043e \u0440\u043e\u0434\u043e\u0432, \u0432\u043e \u0432\u0440\u0435\u043c\u044f \u0440\u043e\u0434\u043e\u0432 \u0438 \u043f\u043e\u0441\u043b\u0435...\" \/>\n<meta property=\"og:url\" content=\"https:\/\/www.kliinikum.ee\/naistekliinik\/ru\/rody-v-nashej-klinike\/czena-rodov\/\" \/>\n<meta property=\"og:site_name\" content=\"Naistekliinik\" \/>\n<meta name=\"twitter:card\" content=\"summary_large_image\" \/>\n<script type=\"application\/ld+json\" class=\"yoast-schema-graph\">{\"@context\":\"https:\\\/\\\/schema.org\",\"@graph\":[{\"@type\":\"WebPage\",\"@id\":\"https:\\\/\\\/www.kliinikum.ee\\\/naistekliinik\\\/ru\\\/rody-v-nashej-klinike\\\/czena-rodov\\\/\",\"url\":\"https:\\\/\\\/www.kliinikum.ee\\\/naistekliinik\\\/ru\\\/rody-v-nashej-klinike\\\/czena-rodov\\\/\",\"name\":\"\u0426\u0435\u043d\u0430 \u0440\u043e\u0434\u043e\u0432 - Naistekliinik\",\"isPartOf\":{\"@id\":\"https:\\\/\\\/www.kliinikum.ee\\\/naistekliinik\\\/#website\"},\"datePublished\":\"2020-10-22T12:37:50+00:00\",\"breadcrumb\":{\"@id\":\"https:\\\/\\\/www.kliinikum.ee\\\/naistekliinik\\\/ru\\\/rody-v-nashej-klinike\\\/czena-rodov\\\/#breadcrumb\"},\"inLanguage\":\"ru-RU\",\"potentialAction\":[{\"@type\":\"ReadAction\",\"target\":[\"https:\\\/\\\/www.kliinikum.ee\\\/naistekliinik\\\/ru\\\/rody-v-nashej-klinike\\\/czena-rodov\\\/\"]}]},{\"@type\":\"BreadcrumbList\",\"@id\":\"https:\\\/\\\/www.kliinikum.ee\\\/naistekliinik\\\/ru\\\/rody-v-nashej-klinike\\\/czena-rodov\\\/#breadcrumb\",\"itemListElement\":[{\"@type\":\"ListItem\",\"position\":1,\"name\":\"Home\",\"item\":\"https:\\\/\\\/www.kliinikum.ee\\\/naistekliinik\\\/ru\\\/\"},{\"@type\":\"ListItem\",\"position\":2,\"name\":\"\u0420\u043e\u0434\u044b \u0432 \u043d\u0430\u0448\u0435\u0439 \u043a\u043b\u0438\u043d\u0438\u043a\u0435\",\"item\":\"https:\\\/\\\/www.kliinikum.ee\\\/naistekliinik\\\/ru\\\/rody-v-nashej-klinike\\\/\"},{\"@type\":\"ListItem\",\"position\":3,\"name\":\"\u0426\u0435\u043d\u0430 \u0440\u043e\u0434\u043e\u0432\"}]},{\"@type\":\"WebSite\",\"@id\":\"https:\\\/\\\/www.kliinikum.ee\\\/naistekliinik\\\/#website\",\"url\":\"https:\\\/\\\/www.kliinikum.ee\\\/naistekliinik\\\/\",\"name\":\"Naistekliinik\",\"description\":\"Hoolivus P\u00e4devus Usaldusv\u00e4\u00e4rsus\",\"potentialAction\":[{\"@type\":\"SearchAction\",\"target\":{\"@type\":\"EntryPoint\",\"urlTemplate\":\"https:\\\/\\\/www.kliinikum.ee\\\/naistekliinik\\\/?s={search_term_string}\"},\"query-input\":{\"@type\":\"PropertyValueSpecification\",\"valueRequired\":true,\"valueName\":\"search_term_string\"}}],\"inLanguage\":\"ru-RU\"}]}<\/script>\n<!-- \/ Yoast SEO plugin. -->","yoast_head_json":{"title":"\u0426\u0435\u043d\u0430 \u0440\u043e\u0434\u043e\u0432 - Naistekliinik","robots":{"index":"index","follow":"follow","max-snippet":"max-snippet:-1","max-image-preview":"max-image-preview:large","max-video-preview":"max-video-preview:-1"},"canonical":"https:\/\/www.kliinikum.ee\/naistekliinik\/ru\/rody-v-nashej-klinike\/czena-rodov\/","og_locale":"ru_RU","og_type":"article","og_title":"\u0426\u0435\u043d\u0430 \u0440\u043e\u0434\u043e\u0432 - Naistekliinik","og_description":"\u041f\u0440\u0438 \u043e\u0442\u0441\u0443\u0442\u0441\u0442\u0432\u0438\u0438 \u0441\u0442\u0440\u0430\u0445\u043e\u0432\u043e\u0433\u043e \u043f\u043e\u043a\u0440\u044b\u0442\u0438\u044f \u042d\u0441\u0442\u043e\u043d\u0441\u043a\u043e\u0433\u043e \u0444\u043e\u043d\u0434\u0430 \u043c\u0435\u0434\u0438\u0446\u0438\u043d\u0441\u043a\u043e\u0433\u043e \u0441\u0442\u0440\u0430\u0445\u043e\u0432\u0430\u043d\u0438\u044f (Eesti Haigekassa) \u0432\u0441\u0435 \u0443\u0441\u043b\u0443\u0433\u0438, \u043f\u0440\u0435\u0434\u043e\u0441\u0442\u0430\u0432\u043b\u044f\u0435\u043c\u044b\u0435 \u0434\u043e \u0440\u043e\u0434\u043e\u0432, \u0432\u043e \u0432\u0440\u0435\u043c\u044f \u0440\u043e\u0434\u043e\u0432 \u0438 \u043f\u043e\u0441\u043b\u0435...","og_url":"https:\/\/www.kliinikum.ee\/naistekliinik\/ru\/rody-v-nashej-klinike\/czena-rodov\/","og_site_name":"Naistekliinik","twitter_card":"summary_large_image","schema":{"@context":"https:\/\/schema.org","@graph":[{"@type":"WebPage","@id":"https:\/\/www.kliinikum.ee\/naistekliinik\/ru\/rody-v-nashej-klinike\/czena-rodov\/","url":"https:\/\/www.kliinikum.ee\/naistekliinik\/ru\/rody-v-nashej-klinike\/czena-rodov\/","name":"\u0426\u0435\u043d\u0430 \u0440\u043e\u0434\u043e\u0432 - Naistekliinik","isPartOf":{"@id":"https:\/\/www.kliinikum.ee\/naistekliinik\/#website"},"datePublished":"2020-10-22T12:37:50+00:00","breadcrumb":{"@id":"https:\/\/www.kliinikum.ee\/naistekliinik\/ru\/rody-v-nashej-klinike\/czena-rodov\/#breadcrumb"},"inLanguage":"ru-RU","potentialAction":[{"@type":"ReadAction","target":["https:\/\/www.kliinikum.ee\/naistekliinik\/ru\/rody-v-nashej-klinike\/czena-rodov\/"]}]},{"@type":"BreadcrumbList","@id":"https:\/\/www.kliinikum.ee\/naistekliinik\/ru\/rody-v-nashej-klinike\/czena-rodov\/#breadcrumb","itemListElement":[{"@type":"ListItem","position":1,"name":"Home","item":"https:\/\/www.kliinikum.ee\/naistekliinik\/ru\/"},{"@type":"ListItem","position":2,"name":"\u0420\u043e\u0434\u044b \u0432 \u043d\u0430\u0448\u0435\u0439 \u043a\u043b\u0438\u043d\u0438\u043a\u0435","item":"https:\/\/www.kliinikum.ee\/naistekliinik\/ru\/rody-v-nashej-klinike\/"},{"@type":"ListItem","position":3,"name":"\u0426\u0435\u043d\u0430 \u0440\u043e\u0434\u043e\u0432"}]},{"@type":"WebSite","@id":"https:\/\/www.kliinikum.ee\/naistekliinik\/#website","url":"https:\/\/www.kliinikum.ee\/naistekliinik\/","name":"Naistekliinik","description":"Hoolivus P\u00e4devus Usaldusv\u00e4\u00e4rsus","potentialAction":[{"@type":"SearchAction","target":{"@type":"EntryPoint","urlTemplate":"https:\/\/www.kliinikum.ee\/naistekliinik\/?s={search_term_string}"},"query-input":{"@type":"PropertyValueSpecification","valueRequired":true,"valueName":"search_term_string"}}],"inLanguage":"ru-RU"}]}},"coauthors":[],"author_meta":{"author_link":"https:\/\/www.kliinikum.ee\/naistekliinik\/ru\/author\/haldur\/","display_name":"Haldur"},"relative_dates":{"created":"\u041e\u043f\u0443\u0431\u043b\u0438\u043a\u043e\u0432\u0430\u043d\u043e 6 \u043b\u0435\u0442 \u043d\u0430\u0437\u0430\u0434","modified":"\u041e\u0431\u043d\u043e\u0432\u043b\u0435\u043d\u043e 6 \u043b\u0435\u0442 \u043d\u0430\u0437\u0430\u0434"},"absolute_dates":{"created":"\u041e\u043f\u0443\u0431\u043b\u0438\u043a\u043e\u0432\u0430\u043d\u043e 22.10.2020","modified":"\u041e\u0431\u043d\u043e\u0432\u043b\u0435\u043d\u043e 22.10.2020"},"absolute_dates_time":{"created":"\u041e\u043f\u0443\u0431\u043b\u0438\u043a\u043e\u0432\u0430\u043d\u043e 22.10.2020 15:37","modified":"\u041e\u0431\u043d\u043e\u0432\u043b\u0435\u043d\u043e 22.10.2020 15:37"},"featured_img_caption":"","featured_img":false,"series_order":"","_links":{"self":[{"href":"https:\/\/www.kliinikum.ee\/naistekliinik\/ru\/wp-json\/wp\/v2\/pages\/849","targetHints":{"allow":["GET"]}}],"collection":[{"href":"https:\/\/www.kliinikum.ee\/naistekliinik\/ru\/wp-json\/wp\/v2\/pages"}],"about":[{"href":"https:\/\/www.kliinikum.ee\/naistekliinik\/ru\/wp-json\/wp\/v2\/types\/page"}],"author":[{"embeddable":true,"href":"https:\/\/www.kliinikum.ee\/naistekliinik\/ru\/wp-json\/wp\/v2\/users\/11"}],"replies":[{"embeddable":true,"href":"https:\/\/www.kliinikum.ee\/naistekliinik\/ru\/wp-json\/wp\/v2\/comments?post=849"}],"version-history":[{"count":0,"href":"https:\/\/www.kliinikum.ee\/naistekliinik\/ru\/wp-json\/wp\/v2\/pages\/849\/revisions"}],"up":[{"embeddable":true,"href":"https:\/\/www.kliinikum.ee\/naistekliinik\/ru\/wp-json\/wp\/v2\/pages\/841"}],"wp:attachment":[{"href":"https:\/\/www.kliinikum.ee\/naistekliinik\/ru\/wp-json\/wp\/v2\/media?parent=849"}],"curies":[{"name":"wp","href":"https:\/\/api.w.org\/{rel}","templated":true}]}}