{"id":885,"date":"2020-10-23T13:54:30","date_gmt":"2020-10-23T10:54:30","guid":{"rendered":"https:\/\/www.kliinikum.ee\/naistekliinik_uus\/?page_id=885"},"modified":"2020-10-23T14:04:22","modified_gmt":"2020-10-23T11:04:22","slug":"priem-ginekologa","status":"publish","type":"page","link":"https:\/\/www.kliinikum.ee\/naistekliinik\/ru\/semejnyj-czentp\/priem-ginekologa\/","title":{"rendered":"\u041f\u0440\u0438\u0435\u043c \u0433\u0438\u043d\u0435\u043a\u043e\u043b\u043e\u0433\u0430"},"content":{"rendered":"\n<p class=\"wp-el\"><strong>\u0420\u0435\u0433\u0438\u0441\u0442\u0440\u0430\u0446\u0438\u044f&nbsp;\u043d\u0430 \u043a\u043e\u043d\u0441\u0443\u043b\u044c\u0442\u0430\u0446\u0438\u044e \u043a \u0436\u0435\u043d\u0441\u043a\u043e\u043c\u0443 \u0432\u0440\u0430\u0447\u0443 \u043f\u0440\u043e\u0438\u0437\u0432\u043e\u0434\u0438\u0442\u0441\u044f \u0432 \u0440\u0430\u0431\u043e\u0447\u0438\u0435 \u0434\u043d\u0438 \u0441 9.00-18.00 \u043f\u043e \u0442\u0435\u043b\u0435\u0444\u043e\u043dy&nbsp;+3727319100<\/strong><\/p>\n\n\n\n<p class=\"wp-el\"><strong>\u0416\u0435\u043d\u0441\u043a\u0430\u044f \u043a\u043e\u043d\u0441\u0443\u043b\u044c\u0442\u0430\u0446\u0438\u044f<\/strong><br>\u043a\u043e\u0440\u043f\u0443\u0441 G2, I \u044d\u0442\u0430\u0436<br>L. Puusepa 8<\/p>\n\n\n\n<p class=\"wp-el\">&nbsp; &nbsp;<strong> &nbsp; &nbsp;\u0412\u0440\u0435\u043c\u044f \u043f\u0440\u0438\u0451\u043c\u0430 \u0436\u0435\u043d\u0441\u043a\u0438\u0445 \u0432\u0440\u0430\u0447\u0435\u0439 \u0412\u044b \u043d\u0430\u0439\u0434\u0451\u0442\u0435 \u043d\u0430 \u0441\u0442\u0440\u0430\u043d\u0438\u0447\u043a\u0435 \u0436\u0435\u043d\u0441\u043a\u043e\u0439 \u043a\u043b\u0438\u043d\u0438\u043a\u0438:<\/strong><\/p>\n\n\n\n<figure class=\"wp-block-embed is-type-wp-embed is-provider-naistekliinik\"><div class=\"wp-block-embed__wrapper\">\n<blockquote class=\"wp-embedded-content\" data-secret=\"TjTnm5Iq90\"><a href=\"https:\/\/www.kliinikum.ee\/naistekliinik\/vastuvotuajad\/\">Vastuv\u00f5tuajad<\/a><\/blockquote><iframe loading=\"lazy\" class=\"wp-embedded-content\" sandbox=\"allow-scripts\" security=\"restricted\" style=\"position: absolute; visibility: hidden;\" title=\"\u00abVastuv\u00f5tuajad\u00bb &#8212; Naistekliinik\" src=\"https:\/\/www.kliinikum.ee\/naistekliinik\/vastuvotuajad\/embed\/#?secret=a4X2fofhvT#?secret=TjTnm5Iq90\" data-secret=\"TjTnm5Iq90\" width=\"600\" height=\"338\" frameborder=\"0\" marginwidth=\"0\" marginheight=\"0\" scrolling=\"no\"><\/iframe>\n<\/div><\/figure>\n\n\n\n<p class=\"wp-el\"><strong>\u0414\u043b\u044f \u043f\u043e\u043b\u0443\u0447\u0435\u043d\u0438\u044f \u044d\u043a\u0441\u0442\u0440\u0435\u043d\u043d\u043e\u0439 \u043f\u043e\u043c\u043e\u0449\u0438<\/strong><\/p>\n\n\n\n<p class=\"wp-el\">\u043d\u0435\u043e\u0431\u0445\u043e\u0434\u0438\u043c\u043e \u043e\u0431\u0440\u0430\u0442\u0438\u0442\u044c\u0441\u044f \u0432 <strong>\u0440\u0435\u0433\u0438\u0441\u0442\u0440\u0430\u0442\u0443\u0440\u0443 \u0416\u0435\u043d\u0441\u043a\u043e\u0439 \u043a\u043b\u0438\u043d\u0438\u043a\u0438&nbsp;\u041f\u043d-\u041f\u0442 8:00-18.30<\/strong>. \u0412 \u0440\u0435\u0433\u0438\u0441\u0442\u0440\u0430\u0442\u0443\u0440\u0435 \u043d\u0435\u043e\u0431\u0445\u043e\u0434\u0438\u043c\u043e \u0443\u043a\u0430\u0437\u0430\u0442\u044c \u043f\u0440\u0438\u0447\u0438\u043d\u0443 \u0412\u0430\u0448\u0435\u0433\u043e \u044d\u043a\u0441\u0442\u0440\u0435\u043d\u043d\u043e\u0433\u043e \u043e\u0431\u0440\u0430\u0449\u0435\u043d\u0438\u044f \u0438 \u0412\u0430\u043c \u043d\u0430\u0437\u043d\u0430\u0447\u0430\u0442 \u043f\u0440\u0438\u0435\u043c \u0432 \u0442\u043e\u0442 \u0436\u0435 \u0434\u0435\u043d\u044c \u0432 \u043f\u043e\u0440\u044f\u0434\u043a\u0435 \u0436\u0438\u0432\u043e\u0439 \u043e\u0447\u0435\u0440\u0435\u0434\u0438.<\/p>\n\n\n\n<p class=\"wp-el\">\u0415\u0441\u043b\u0438 \u0412\u0430\u043c \u043d\u0435\u043e\u0431\u0445\u043e\u0434\u0438\u043c\u0430 \u044d\u043a\u0441\u0442\u0440\u0435\u043d\u043d\u0430\u044f \u043f\u043e\u043c\u043e\u0449\u044c <strong>\u0432\u0435\u0447\u0435\u0440\u043e\u043c \u043f\u043e\u0441\u043b\u0435 18:30, \u043d\u043e\u0447\u044c\u044e \u0438\u043b\u0438 \u043d\u0430 \u0432\u044b\u0445\u043e\u0434\u043d\u044b\u0445<\/strong>, \u043f\u043e\u0436\u0430\u043b\u0443\u0439\u0441\u0442\u0430, \u043e\u0431\u0440\u0430\u0442\u0438\u0442\u0435\u0441\u044c \u043d\u0435\u043f\u043e\u0441\u0440\u0435\u0434\u0441\u0442\u0432\u0435\u043d\u043d\u043e \u0432 \u043e\u0442\u0434\u0435\u043b\u0435\u043d\u0438\u0435 <strong>\u044d\u043a\u0441\u0442\u0440\u0435\u043d\u043d\u043e\u0439 \u043c\u0435\u0434\u0438\u0446\u0438\u043d\u044b, \u0438\u043b\u0438 \u0415\u041c\u041e<\/strong> (\u0432\u0445\u043e\u0434 \u0432 \u0442\u043e\u0442 \u0436\u0435 \u043a\u043e\u0440\u043f\u0443\u0441 \u043d\u0430 \u0443\u0433\u043b\u0443 \u0441\u043e \u0441\u0442\u043e\u0440\u043e\u043d\u044b \u0443\u043b\u0438\u0446\u044b \u0420\u0438\u0439\u0430).<\/p>\n\n\n\n<p class=\"wp-el\"><strong>\u0421\u0442\u043e\u0438\u043c\u043e\u0441\u0442\u044c \u0443\u0441\u043b\u0443\u0433 \u0434\u043b\u044f \u0438\u043d\u043e\u0441\u0442\u0440\u0430\u043d\u043d\u044b\u0445 \u0433\u0440\u0430\u0436\u0434\u0430\u043d \u0438 \u043b\u0438\u0446, \u043d\u0435 \u0438\u043c\u0435\u044e\u0449\u0438\u0445 \u0441\u0442\u0440\u0430\u0445\u043e\u0432\u043a\u0438 \u0431\u043e\u043b\u044c\u043d\u0438\u0447\u043d\u043e\u0439 \u043a\u0430\u0441\u0441\u044b.<\/strong><br>\u041f\u0435\u0440\u0432\u044b\u0439 \u0432\u0438\u0437\u0438\u0442 \u043a \u0433\u0438\u043d\u0435\u043a\u043e\u043b\u043e\u0433\u0443 \u0438 \u0442\u0435\u0440\u0430\u043f\u0435\u0432\u0442\u0443 \u2013 35\u20ac, \u043f\u043e\u0432\u0442\u043e\u0440\u043d\u044b\u0439 \u0432\u0438\u0437\u0438\u0442 \u2013 25\u20ac<br>\u041f\u0440\u0438 \u0430\u043c\u0431\u0443\u043b\u0430\u0442\u043e\u0440\u043d\u043e\u043c \u0432\u0438\u0437\u0438\u0442\u0435 \u043a \u0430\u043a\u0443\u0448\u0435\u0440\u043ae \u2013 25\u20ac<br>\u0423\u043b\u044c\u0442\u0440\u0430\u0437\u0432\u0443\u043a\u043e\u0432\u043e\u0435 \u0438\u0441\u0441\u043b\u0435\u0434\u043e\u0432\u0430\u043d\u0438\u0435 (\u0423\u0417\u0418) \u2013 22\u20ac<br>\u0423\u043b\u044c\u0442\u0440\u0430\u0437\u0432\u0443\u043a\u043e\u0432\u043e\u0435 \u0438\u0441\u0441\u043b\u0435\u0434\u043e\u0432\u0430\u043d\u0438\u0435 (\u0423\u0417\u0418) \u043da CD \u0434\u0438\u0441\u043a \u2013 25.50\u20ac<br>\u0423\u043b\u044c\u0442\u0440\u0430\u0437\u0432\u0443\u043a\u043e\u0432\u043e\u0435 \u0438\u0441\u0441\u043b\u0435\u0434\u043e\u0432\u0430\u043d\u0438\u0435 (\u0423\u0417\u0418) \u043da 3D\/4D &#8212; 34.50\u20ac<br>\u0423\u043b\u044c\u0442\u0440\u0430\u0437\u0432\u0443\u043a\u043e\u0432\u043e\u0435 \u0438\u0441\u0441\u043b\u0435\u0434\u043e\u0432\u0430\u043d\u0438\u0435 (\u0423\u0417\u0418) 3D\/4D \u043da CD \u0434\u0438\u0441\u043a &#8212; 60\u20ac<br>\u041a\u043e\u043d\u0441\u0443\u043b\u044c\u0442\u0430\u0446\u0438\u044f \u043f\u0440\u0438 \u043f\u0440\u043e\u0431\u043b\u0435\u043c\u0430x, \u0441\u0432\u044f\u0437\u0430\u043d\u043d\u044b\u0445 \u0441 \u0433\u0440\u0443\u0434\u043d\u044b\u043c \u0432\u0441\u043a\u0430\u0440\u043c\u043b\u0438\u0432\u0430\u043d\u0438e\u043c \u2013 25\u20ac<\/p>\n","protected":false},"excerpt":{"rendered":"<p>\u0420\u0435\u0433\u0438\u0441\u0442\u0440\u0430\u0446\u0438\u044f&nbsp;\u043d\u0430 \u043a\u043e\u043d\u0441\u0443\u043b\u044c\u0442\u0430\u0446\u0438\u044e \u043a \u0436\u0435\u043d\u0441\u043a\u043e\u043c\u0443 \u0432\u0440\u0430\u0447\u0443 \u043f\u0440\u043e\u0438\u0437\u0432\u043e\u0434\u0438\u0442\u0441\u044f \u0432 \u0440\u0430\u0431\u043e\u0447\u0438\u0435 \u0434\u043d\u0438 \u0441 9.00-18.00 \u043f\u043e \u0442\u0435\u043b\u0435\u0444\u043e\u043dy&nbsp;+3727319100 \u0416\u0435\u043d\u0441\u043a\u0430\u044f \u043a\u043e\u043d\u0441\u0443\u043b\u044c\u0442\u0430\u0446\u0438\u044f\u043a\u043e\u0440\u043f\u0443\u0441 G2, I \u044d\u0442\u0430\u0436L. Puusepa 8&#8230;<\/p>\n","protected":false},"author":11,"featured_media":0,"parent":876,"menu_order":20,"comment_status":"closed","ping_status":"closed","template":"","meta":{"_acf_changed":false,"inline_featured_image":false,"advgb_blocks_editor_width":"","advgb_blocks_columns_visual_guide":"","footnotes":"","_links_to":"","_links_to_target":""},"class_list":["post-885","page","type-page","status-publish","hentry"],"acf":[],"yoast_head":"<!-- This site is optimized with the Yoast SEO plugin v27.3 - https:\/\/yoast.com\/product\/yoast-seo-wordpress\/ -->\n<title>\u041f\u0440\u0438\u0435\u043c \u0433\u0438\u043d\u0435\u043a\u043e\u043b\u043e\u0433\u0430 - Naistekliinik<\/title>\n<meta name=\"robots\" content=\"index, follow, max-snippet:-1, max-image-preview:large, max-video-preview:-1\" \/>\n<link rel=\"canonical\" href=\"https:\/\/www.kliinikum.ee\/naistekliinik\/ru\/semejnyj-czentp\/priem-ginekologa\/\" \/>\n<meta property=\"og:locale\" content=\"ru_RU\" \/>\n<meta property=\"og:type\" content=\"article\" \/>\n<meta property=\"og:title\" content=\"\u041f\u0440\u0438\u0435\u043c \u0433\u0438\u043d\u0435\u043a\u043e\u043b\u043e\u0433\u0430 - Naistekliinik\" \/>\n<meta property=\"og:description\" content=\"\u0420\u0435\u0433\u0438\u0441\u0442\u0440\u0430\u0446\u0438\u044f&nbsp;\u043d\u0430 \u043a\u043e\u043d\u0441\u0443\u043b\u044c\u0442\u0430\u0446\u0438\u044e \u043a \u0436\u0435\u043d\u0441\u043a\u043e\u043c\u0443 \u0432\u0440\u0430\u0447\u0443 \u043f\u0440\u043e\u0438\u0437\u0432\u043e\u0434\u0438\u0442\u0441\u044f \u0432 \u0440\u0430\u0431\u043e\u0447\u0438\u0435 \u0434\u043d\u0438 \u0441 9.00-18.00 \u043f\u043e \u0442\u0435\u043b\u0435\u0444\u043e\u043dy&nbsp;+3727319100 \u0416\u0435\u043d\u0441\u043a\u0430\u044f \u043a\u043e\u043d\u0441\u0443\u043b\u044c\u0442\u0430\u0446\u0438\u044f\u043a\u043e\u0440\u043f\u0443\u0441 G2, I \u044d\u0442\u0430\u0436L. Puusepa 8...\" \/>\n<meta property=\"og:url\" content=\"https:\/\/www.kliinikum.ee\/naistekliinik\/ru\/semejnyj-czentp\/priem-ginekologa\/\" \/>\n<meta property=\"og:site_name\" content=\"Naistekliinik\" \/>\n<meta property=\"article:modified_time\" content=\"2020-10-23T11:04:22+00:00\" \/>\n<meta name=\"twitter:card\" content=\"summary_large_image\" \/>\n<script type=\"application\/ld+json\" class=\"yoast-schema-graph\">{\"@context\":\"https:\\\/\\\/schema.org\",\"@graph\":[{\"@type\":\"WebPage\",\"@id\":\"https:\\\/\\\/www.kliinikum.ee\\\/naistekliinik\\\/ru\\\/semejnyj-czentp\\\/priem-ginekologa\\\/\",\"url\":\"https:\\\/\\\/www.kliinikum.ee\\\/naistekliinik\\\/ru\\\/semejnyj-czentp\\\/priem-ginekologa\\\/\",\"name\":\"\u041f\u0440\u0438\u0435\u043c \u0433\u0438\u043d\u0435\u043a\u043e\u043b\u043e\u0433\u0430 - Naistekliinik\",\"isPartOf\":{\"@id\":\"https:\\\/\\\/www.kliinikum.ee\\\/naistekliinik\\\/#website\"},\"datePublished\":\"2020-10-23T10:54:30+00:00\",\"dateModified\":\"2020-10-23T11:04:22+00:00\",\"breadcrumb\":{\"@id\":\"https:\\\/\\\/www.kliinikum.ee\\\/naistekliinik\\\/ru\\\/semejnyj-czentp\\\/priem-ginekologa\\\/#breadcrumb\"},\"inLanguage\":\"ru-RU\",\"potentialAction\":[{\"@type\":\"ReadAction\",\"target\":[\"https:\\\/\\\/www.kliinikum.ee\\\/naistekliinik\\\/ru\\\/semejnyj-czentp\\\/priem-ginekologa\\\/\"]}]},{\"@type\":\"BreadcrumbList\",\"@id\":\"https:\\\/\\\/www.kliinikum.ee\\\/naistekliinik\\\/ru\\\/semejnyj-czentp\\\/priem-ginekologa\\\/#breadcrumb\",\"itemListElement\":[{\"@type\":\"ListItem\",\"position\":1,\"name\":\"Home\",\"item\":\"https:\\\/\\\/www.kliinikum.ee\\\/naistekliinik\\\/ru\\\/\"},{\"@type\":\"ListItem\",\"position\":2,\"name\":\"\u0421\u0435\u043c\u0435\u0439\u043d\u044b\u0439 \u0446\u0435\u043d\u0442p\",\"item\":\"https:\\\/\\\/www.kliinikum.ee\\\/naistekliinik\\\/ru\\\/semejnyj-czentp\\\/\"},{\"@type\":\"ListItem\",\"position\":3,\"name\":\"\u041f\u0440\u0438\u0435\u043c \u0433\u0438\u043d\u0435\u043a\u043e\u043b\u043e\u0433\u0430\"}]},{\"@type\":\"WebSite\",\"@id\":\"https:\\\/\\\/www.kliinikum.ee\\\/naistekliinik\\\/#website\",\"url\":\"https:\\\/\\\/www.kliinikum.ee\\\/naistekliinik\\\/\",\"name\":\"Naistekliinik\",\"description\":\"Hoolivus P\u00e4devus Usaldusv\u00e4\u00e4rsus\",\"potentialAction\":[{\"@type\":\"SearchAction\",\"target\":{\"@type\":\"EntryPoint\",\"urlTemplate\":\"https:\\\/\\\/www.kliinikum.ee\\\/naistekliinik\\\/?s={search_term_string}\"},\"query-input\":{\"@type\":\"PropertyValueSpecification\",\"valueRequired\":true,\"valueName\":\"search_term_string\"}}],\"inLanguage\":\"ru-RU\"}]}<\/script>\n<!-- \/ Yoast SEO plugin. -->","yoast_head_json":{"title":"\u041f\u0440\u0438\u0435\u043c \u0433\u0438\u043d\u0435\u043a\u043e\u043b\u043e\u0433\u0430 - Naistekliinik","robots":{"index":"index","follow":"follow","max-snippet":"max-snippet:-1","max-image-preview":"max-image-preview:large","max-video-preview":"max-video-preview:-1"},"canonical":"https:\/\/www.kliinikum.ee\/naistekliinik\/ru\/semejnyj-czentp\/priem-ginekologa\/","og_locale":"ru_RU","og_type":"article","og_title":"\u041f\u0440\u0438\u0435\u043c \u0433\u0438\u043d\u0435\u043a\u043e\u043b\u043e\u0433\u0430 - Naistekliinik","og_description":"\u0420\u0435\u0433\u0438\u0441\u0442\u0440\u0430\u0446\u0438\u044f&nbsp;\u043d\u0430 \u043a\u043e\u043d\u0441\u0443\u043b\u044c\u0442\u0430\u0446\u0438\u044e \u043a \u0436\u0435\u043d\u0441\u043a\u043e\u043c\u0443 \u0432\u0440\u0430\u0447\u0443 \u043f\u0440\u043e\u0438\u0437\u0432\u043e\u0434\u0438\u0442\u0441\u044f \u0432 \u0440\u0430\u0431\u043e\u0447\u0438\u0435 \u0434\u043d\u0438 \u0441 9.00-18.00 \u043f\u043e \u0442\u0435\u043b\u0435\u0444\u043e\u043dy&nbsp;+3727319100 \u0416\u0435\u043d\u0441\u043a\u0430\u044f \u043a\u043e\u043d\u0441\u0443\u043b\u044c\u0442\u0430\u0446\u0438\u044f\u043a\u043e\u0440\u043f\u0443\u0441 G2, I \u044d\u0442\u0430\u0436L. Puusepa 8...","og_url":"https:\/\/www.kliinikum.ee\/naistekliinik\/ru\/semejnyj-czentp\/priem-ginekologa\/","og_site_name":"Naistekliinik","article_modified_time":"2020-10-23T11:04:22+00:00","twitter_card":"summary_large_image","schema":{"@context":"https:\/\/schema.org","@graph":[{"@type":"WebPage","@id":"https:\/\/www.kliinikum.ee\/naistekliinik\/ru\/semejnyj-czentp\/priem-ginekologa\/","url":"https:\/\/www.kliinikum.ee\/naistekliinik\/ru\/semejnyj-czentp\/priem-ginekologa\/","name":"\u041f\u0440\u0438\u0435\u043c \u0433\u0438\u043d\u0435\u043a\u043e\u043b\u043e\u0433\u0430 - Naistekliinik","isPartOf":{"@id":"https:\/\/www.kliinikum.ee\/naistekliinik\/#website"},"datePublished":"2020-10-23T10:54:30+00:00","dateModified":"2020-10-23T11:04:22+00:00","breadcrumb":{"@id":"https:\/\/www.kliinikum.ee\/naistekliinik\/ru\/semejnyj-czentp\/priem-ginekologa\/#breadcrumb"},"inLanguage":"ru-RU","potentialAction":[{"@type":"ReadAction","target":["https:\/\/www.kliinikum.ee\/naistekliinik\/ru\/semejnyj-czentp\/priem-ginekologa\/"]}]},{"@type":"BreadcrumbList","@id":"https:\/\/www.kliinikum.ee\/naistekliinik\/ru\/semejnyj-czentp\/priem-ginekologa\/#breadcrumb","itemListElement":[{"@type":"ListItem","position":1,"name":"Home","item":"https:\/\/www.kliinikum.ee\/naistekliinik\/ru\/"},{"@type":"ListItem","position":2,"name":"\u0421\u0435\u043c\u0435\u0439\u043d\u044b\u0439 \u0446\u0435\u043d\u0442p","item":"https:\/\/www.kliinikum.ee\/naistekliinik\/ru\/semejnyj-czentp\/"},{"@type":"ListItem","position":3,"name":"\u041f\u0440\u0438\u0435\u043c \u0433\u0438\u043d\u0435\u043a\u043e\u043b\u043e\u0433\u0430"}]},{"@type":"WebSite","@id":"https:\/\/www.kliinikum.ee\/naistekliinik\/#website","url":"https:\/\/www.kliinikum.ee\/naistekliinik\/","name":"Naistekliinik","description":"Hoolivus P\u00e4devus Usaldusv\u00e4\u00e4rsus","potentialAction":[{"@type":"SearchAction","target":{"@type":"EntryPoint","urlTemplate":"https:\/\/www.kliinikum.ee\/naistekliinik\/?s={search_term_string}"},"query-input":{"@type":"PropertyValueSpecification","valueRequired":true,"valueName":"search_term_string"}}],"inLanguage":"ru-RU"}]}},"coauthors":[],"author_meta":{"author_link":"https:\/\/www.kliinikum.ee\/naistekliinik\/ru\/author\/haldur\/","display_name":"Haldur"},"relative_dates":{"created":"\u041e\u043f\u0443\u0431\u043b\u0438\u043a\u043e\u0432\u0430\u043d\u043e 6 \u043b\u0435\u0442 \u043d\u0430\u0437\u0430\u0434","modified":"\u041e\u0431\u043d\u043e\u0432\u043b\u0435\u043d\u043e 6 \u043b\u0435\u0442 \u043d\u0430\u0437\u0430\u0434"},"absolute_dates":{"created":"\u041e\u043f\u0443\u0431\u043b\u0438\u043a\u043e\u0432\u0430\u043d\u043e 23.10.2020","modified":"\u041e\u0431\u043d\u043e\u0432\u043b\u0435\u043d\u043e 23.10.2020"},"absolute_dates_time":{"created":"\u041e\u043f\u0443\u0431\u043b\u0438\u043a\u043e\u0432\u0430\u043d\u043e 23.10.2020 13:54","modified":"\u041e\u0431\u043d\u043e\u0432\u043b\u0435\u043d\u043e 23.10.2020 14:04"},"featured_img_caption":"","featured_img":false,"series_order":"","_links":{"self":[{"href":"https:\/\/www.kliinikum.ee\/naistekliinik\/ru\/wp-json\/wp\/v2\/pages\/885","targetHints":{"allow":["GET"]}}],"collection":[{"href":"https:\/\/www.kliinikum.ee\/naistekliinik\/ru\/wp-json\/wp\/v2\/pages"}],"about":[{"href":"https:\/\/www.kliinikum.ee\/naistekliinik\/ru\/wp-json\/wp\/v2\/types\/page"}],"author":[{"embeddable":true,"href":"https:\/\/www.kliinikum.ee\/naistekliinik\/ru\/wp-json\/wp\/v2\/users\/11"}],"replies":[{"embeddable":true,"href":"https:\/\/www.kliinikum.ee\/naistekliinik\/ru\/wp-json\/wp\/v2\/comments?post=885"}],"version-history":[{"count":0,"href":"https:\/\/www.kliinikum.ee\/naistekliinik\/ru\/wp-json\/wp\/v2\/pages\/885\/revisions"}],"up":[{"embeddable":true,"href":"https:\/\/www.kliinikum.ee\/naistekliinik\/ru\/wp-json\/wp\/v2\/pages\/876"}],"wp:attachment":[{"href":"https:\/\/www.kliinikum.ee\/naistekliinik\/ru\/wp-json\/wp\/v2\/media?parent=885"}],"curies":[{"name":"wp","href":"https:\/\/api.w.org\/{rel}","templated":true}]}}