{"id":1053,"date":"2020-11-06T14:58:06","date_gmt":"2020-11-06T12:58:06","guid":{"rendered":"https:\/\/www.kliinikum.ee\/naistekliinik_uus\/?page_id=1053"},"modified":"2024-02-28T10:18:36","modified_gmt":"2024-02-28T08:18:36","slug":"spetsialist-kes-kohtus-seksuaalvagivalda-kogenuga","status":"publish","type":"page","link":"https:\/\/www.kliinikum.ee\/naistekliinik\/seksuaalvagivald\/spetsialist-kes-kohtus-seksuaalvagivalda-kogenuga\/","title":{"rendered":"Spetsialist, kes kohtus seksuaalv\u00e4givalda kogenuga"},"content":{"rendered":"\n<p class=\"wp-el\">Kui oled asjatundja (meedik, \u00f5petaja, sotsiaalt\u00f6\u00f6taja vms), kelle poole seksuaalv\u00e4givalla \u00fcleelanu p\u00f6\u00f6rdub v\u00f5i kui kahtlustad seksuaalv\u00e4givalda, siis tuleb Sul seista oma hoolealuse parimate huvide eest.<br>Juhenda, kuidas p\u00f6\u00f6rduda esmase abi j\u00e4rele\u00a0<a href=\"https:\/\/www.kliinikum.ee\/patsiendile\/erakorraline-vastuvott\/erakorralise-meditsiini-osakond-emo\/\" target=\"_blank\" rel=\"noreferrer noopener\">Tartu \u00dclikooli Kliinikumi erakorralise meditsiini osakonda<\/a><br>Lastevastase seksuaalv\u00e4givalla v\u00f5i selle kahtluse korral tuleb alati teavitada politseid v\u00f5i kohaliku omavalitsuse lastekaitset\u00f6\u00f6tajat. Politseis on spetsiaalsed \u00fcksused, kes seksuaalkuritegude menetlemisega tegelevad.<\/p>\n","protected":false},"excerpt":{"rendered":"<p>Kui oled asjatundja (meedik, \u00f5petaja, sotsiaalt\u00f6\u00f6taja vms), kelle poole seksuaalv\u00e4givalla \u00fcleelanu p\u00f6\u00f6rdub v\u00f5i kui kahtlustad seksuaalv\u00e4givalda, siis tuleb Sul seista&#8230;<\/p>\n","protected":false},"author":11,"featured_media":0,"parent":679,"menu_order":30,"comment_status":"closed","ping_status":"closed","template":"","meta":{"_acf_changed":false,"inline_featured_image":false,"advgb_blocks_editor_width":"","advgb_blocks_columns_visual_guide":"","footnotes":"","_links_to":"","_links_to_target":""},"class_list":["post-1053","page","type-page","status-publish","hentry"],"acf":[],"yoast_head":"<!-- This site is optimized with the Yoast SEO plugin v27.3 - https:\/\/yoast.com\/product\/yoast-seo-wordpress\/ -->\n<title>Spetsialist, kes kohtus seksuaalv\u00e4givalda kogenuga - Naistekliinik<\/title>\n<meta name=\"robots\" content=\"index, follow, max-snippet:-1, max-image-preview:large, max-video-preview:-1\" \/>\n<link rel=\"canonical\" href=\"https:\/\/www.kliinikum.ee\/naistekliinik\/seksuaalvagivald\/spetsialist-kes-kohtus-seksuaalvagivalda-kogenuga\/\" \/>\n<meta property=\"og:locale\" content=\"et_EE\" \/>\n<meta property=\"og:type\" content=\"article\" \/>\n<meta property=\"og:title\" content=\"Spetsialist, kes kohtus seksuaalv\u00e4givalda kogenuga - Naistekliinik\" \/>\n<meta property=\"og:description\" content=\"Kui oled asjatundja (meedik, \u00f5petaja, sotsiaalt\u00f6\u00f6taja vms), kelle poole seksuaalv\u00e4givalla \u00fcleelanu p\u00f6\u00f6rdub v\u00f5i kui kahtlustad seksuaalv\u00e4givalda, siis tuleb Sul seista...\" \/>\n<meta property=\"og:url\" content=\"https:\/\/www.kliinikum.ee\/naistekliinik\/seksuaalvagivald\/spetsialist-kes-kohtus-seksuaalvagivalda-kogenuga\/\" \/>\n<meta property=\"og:site_name\" content=\"Naistekliinik\" \/>\n<meta property=\"article:modified_time\" content=\"2024-02-28T08:18:36+00:00\" \/>\n<meta name=\"twitter:card\" content=\"summary_large_image\" \/>\n<meta name=\"twitter:label1\" content=\"Est. reading time\" \/>\n\t<meta name=\"twitter:data1\" content=\"1 minut\" \/>\n<script type=\"application\/ld+json\" class=\"yoast-schema-graph\">{\"@context\":\"https:\\\/\\\/schema.org\",\"@graph\":[{\"@type\":\"WebPage\",\"@id\":\"https:\\\/\\\/www.kliinikum.ee\\\/naistekliinik\\\/seksuaalvagivald\\\/spetsialist-kes-kohtus-seksuaalvagivalda-kogenuga\\\/\",\"url\":\"https:\\\/\\\/www.kliinikum.ee\\\/naistekliinik\\\/seksuaalvagivald\\\/spetsialist-kes-kohtus-seksuaalvagivalda-kogenuga\\\/\",\"name\":\"Spetsialist, kes kohtus seksuaalv\u00e4givalda kogenuga - Naistekliinik\",\"isPartOf\":{\"@id\":\"https:\\\/\\\/www.kliinikum.ee\\\/naistekliinik\\\/#website\"},\"datePublished\":\"2020-11-06T12:58:06+00:00\",\"dateModified\":\"2024-02-28T08:18:36+00:00\",\"breadcrumb\":{\"@id\":\"https:\\\/\\\/www.kliinikum.ee\\\/naistekliinik\\\/seksuaalvagivald\\\/spetsialist-kes-kohtus-seksuaalvagivalda-kogenuga\\\/#breadcrumb\"},\"inLanguage\":\"et\",\"potentialAction\":[{\"@type\":\"ReadAction\",\"target\":[\"https:\\\/\\\/www.kliinikum.ee\\\/naistekliinik\\\/seksuaalvagivald\\\/spetsialist-kes-kohtus-seksuaalvagivalda-kogenuga\\\/\"]}]},{\"@type\":\"BreadcrumbList\",\"@id\":\"https:\\\/\\\/www.kliinikum.ee\\\/naistekliinik\\\/seksuaalvagivald\\\/spetsialist-kes-kohtus-seksuaalvagivalda-kogenuga\\\/#breadcrumb\",\"itemListElement\":[{\"@type\":\"ListItem\",\"position\":1,\"name\":\"Home\",\"item\":\"https:\\\/\\\/www.kliinikum.ee\\\/naistekliinik\\\/\"},{\"@type\":\"ListItem\",\"position\":2,\"name\":\"Seksuaalv\u00e4givald\",\"item\":\"https:\\\/\\\/www.kliinikum.ee\\\/naistekliinik\\\/seksuaalvagivald\\\/\"},{\"@type\":\"ListItem\",\"position\":3,\"name\":\"Spetsialist, kes kohtus seksuaalv\u00e4givalda kogenuga\"}]},{\"@type\":\"WebSite\",\"@id\":\"https:\\\/\\\/www.kliinikum.ee\\\/naistekliinik\\\/#website\",\"url\":\"https:\\\/\\\/www.kliinikum.ee\\\/naistekliinik\\\/\",\"name\":\"Naistekliinik\",\"description\":\"Hoolivus P\u00e4devus Usaldusv\u00e4\u00e4rsus\",\"potentialAction\":[{\"@type\":\"SearchAction\",\"target\":{\"@type\":\"EntryPoint\",\"urlTemplate\":\"https:\\\/\\\/www.kliinikum.ee\\\/naistekliinik\\\/?s={search_term_string}\"},\"query-input\":{\"@type\":\"PropertyValueSpecification\",\"valueRequired\":true,\"valueName\":\"search_term_string\"}}],\"inLanguage\":\"et\"}]}<\/script>\n<!-- \/ Yoast SEO plugin. -->","yoast_head_json":{"title":"Spetsialist, kes kohtus seksuaalv\u00e4givalda kogenuga - Naistekliinik","robots":{"index":"index","follow":"follow","max-snippet":"max-snippet:-1","max-image-preview":"max-image-preview:large","max-video-preview":"max-video-preview:-1"},"canonical":"https:\/\/www.kliinikum.ee\/naistekliinik\/seksuaalvagivald\/spetsialist-kes-kohtus-seksuaalvagivalda-kogenuga\/","og_locale":"et_EE","og_type":"article","og_title":"Spetsialist, kes kohtus seksuaalv\u00e4givalda kogenuga - Naistekliinik","og_description":"Kui oled asjatundja (meedik, \u00f5petaja, sotsiaalt\u00f6\u00f6taja vms), kelle poole seksuaalv\u00e4givalla \u00fcleelanu p\u00f6\u00f6rdub v\u00f5i kui kahtlustad seksuaalv\u00e4givalda, siis tuleb Sul seista...","og_url":"https:\/\/www.kliinikum.ee\/naistekliinik\/seksuaalvagivald\/spetsialist-kes-kohtus-seksuaalvagivalda-kogenuga\/","og_site_name":"Naistekliinik","article_modified_time":"2024-02-28T08:18:36+00:00","twitter_card":"summary_large_image","twitter_misc":{"Est. reading time":"1 minut"},"schema":{"@context":"https:\/\/schema.org","@graph":[{"@type":"WebPage","@id":"https:\/\/www.kliinikum.ee\/naistekliinik\/seksuaalvagivald\/spetsialist-kes-kohtus-seksuaalvagivalda-kogenuga\/","url":"https:\/\/www.kliinikum.ee\/naistekliinik\/seksuaalvagivald\/spetsialist-kes-kohtus-seksuaalvagivalda-kogenuga\/","name":"Spetsialist, kes kohtus seksuaalv\u00e4givalda kogenuga - Naistekliinik","isPartOf":{"@id":"https:\/\/www.kliinikum.ee\/naistekliinik\/#website"},"datePublished":"2020-11-06T12:58:06+00:00","dateModified":"2024-02-28T08:18:36+00:00","breadcrumb":{"@id":"https:\/\/www.kliinikum.ee\/naistekliinik\/seksuaalvagivald\/spetsialist-kes-kohtus-seksuaalvagivalda-kogenuga\/#breadcrumb"},"inLanguage":"et","potentialAction":[{"@type":"ReadAction","target":["https:\/\/www.kliinikum.ee\/naistekliinik\/seksuaalvagivald\/spetsialist-kes-kohtus-seksuaalvagivalda-kogenuga\/"]}]},{"@type":"BreadcrumbList","@id":"https:\/\/www.kliinikum.ee\/naistekliinik\/seksuaalvagivald\/spetsialist-kes-kohtus-seksuaalvagivalda-kogenuga\/#breadcrumb","itemListElement":[{"@type":"ListItem","position":1,"name":"Home","item":"https:\/\/www.kliinikum.ee\/naistekliinik\/"},{"@type":"ListItem","position":2,"name":"Seksuaalv\u00e4givald","item":"https:\/\/www.kliinikum.ee\/naistekliinik\/seksuaalvagivald\/"},{"@type":"ListItem","position":3,"name":"Spetsialist, kes kohtus seksuaalv\u00e4givalda kogenuga"}]},{"@type":"WebSite","@id":"https:\/\/www.kliinikum.ee\/naistekliinik\/#website","url":"https:\/\/www.kliinikum.ee\/naistekliinik\/","name":"Naistekliinik","description":"Hoolivus P\u00e4devus Usaldusv\u00e4\u00e4rsus","potentialAction":[{"@type":"SearchAction","target":{"@type":"EntryPoint","urlTemplate":"https:\/\/www.kliinikum.ee\/naistekliinik\/?s={search_term_string}"},"query-input":{"@type":"PropertyValueSpecification","valueRequired":true,"valueName":"search_term_string"}}],"inLanguage":"et"}]}},"coauthors":[],"author_meta":{"author_link":"https:\/\/www.kliinikum.ee\/naistekliinik\/author\/haldur\/","display_name":"Haldur"},"relative_dates":{"created":"Posted 5 aastat ago","modified":"Updated 2 aastat ago"},"absolute_dates":{"created":"Posted on 6. nov. 2020","modified":"Updated on 28. veebr. 2024"},"absolute_dates_time":{"created":"Posted on 6. nov. 2020 02:58","modified":"Updated on 28. veebr. 2024 10:18"},"featured_img_caption":"","featured_img":false,"series_order":"","_links":{"self":[{"href":"https:\/\/www.kliinikum.ee\/naistekliinik\/wp-json\/wp\/v2\/pages\/1053","targetHints":{"allow":["GET"]}}],"collection":[{"href":"https:\/\/www.kliinikum.ee\/naistekliinik\/wp-json\/wp\/v2\/pages"}],"about":[{"href":"https:\/\/www.kliinikum.ee\/naistekliinik\/wp-json\/wp\/v2\/types\/page"}],"author":[{"embeddable":true,"href":"https:\/\/www.kliinikum.ee\/naistekliinik\/wp-json\/wp\/v2\/users\/11"}],"replies":[{"embeddable":true,"href":"https:\/\/www.kliinikum.ee\/naistekliinik\/wp-json\/wp\/v2\/comments?post=1053"}],"version-history":[{"count":2,"href":"https:\/\/www.kliinikum.ee\/naistekliinik\/wp-json\/wp\/v2\/pages\/1053\/revisions"}],"predecessor-version":[{"id":3257,"href":"https:\/\/www.kliinikum.ee\/naistekliinik\/wp-json\/wp\/v2\/pages\/1053\/revisions\/3257"}],"up":[{"embeddable":true,"href":"https:\/\/www.kliinikum.ee\/naistekliinik\/wp-json\/wp\/v2\/pages\/679"}],"wp:attachment":[{"href":"https:\/\/www.kliinikum.ee\/naistekliinik\/wp-json\/wp\/v2\/media?parent=1053"}],"curies":[{"name":"wp","href":"https:\/\/api.w.org\/{rel}","templated":true}]}}