{"id":1056,"date":"2020-11-06T15:02:55","date_gmt":"2020-11-06T13:02:55","guid":{"rendered":"https:\/\/www.kliinikum.ee\/naistekliinik_uus\/?page_id=1056"},"modified":"2024-02-28T10:38:34","modified_gmt":"2024-02-28T08:38:34","slug":"kui-oled-viimase-7-paeva-jooksul-kogenud-seksuaalvagivalda","status":"publish","type":"page","link":"https:\/\/www.kliinikum.ee\/naistekliinik\/seksuaalvagivald\/kui-oled-viimase-7-paeva-jooksul-kogenud-seksuaalvagivalda\/","title":{"rendered":"Kui oled viimase 7 p\u00e4eva jooksul kogenud seksuaalv\u00e4givalda"},"content":{"rendered":"\n<p class=\"wp-el\">V\u00f5id olla hirmul, segaduses ja tunda enda abituna. V\u00f5id tunda, et ei suuda kedagi usaldada ja kardad abi j\u00e4rele p\u00f6\u00f6rduda. Meie eriettevalmistusega meeskond, kes m\u00f5istab ja tunneb seksuaalv\u00e4givalla m\u00f5ju, saab Sind aidata.<\/p>\n\n\n\n<p class=\"wp-el\">Palun toimi j\u00e4rgmiselt:<\/p>\n\n\n\n<ul class=\"wp-el wp-block-list\">\n<li>Mine kohta, kus sul on ohutu ja turvaline. H\u00e4daolukorras v\u00f5id helistada numbrile 112<\/li>\n\n\n\n<li>Kui Sul on t\u00f5sised vigastused ja vajad kiiret meditsiiniabi, siis helista (112)<\/li>\n\n\n\n<li>\u00c4ra pese, \u00e4ra vaheta riideid<br>T\u00f5endite kogumise huvides on h\u00e4davajalik ennast mitte pesta ega riideid vahetada, kuigi selline seesmine vajadus v\u00f5ib tekkida. Abi j\u00e4rele p\u00f6\u00f6rdudes v\u00f5ta vahetusriided kaasa. Juhul, kui oled siiski riideid vahetanud, s\u00e4ilita seljas olnud riideid (sh aluspesu), pesemata, soovitavalt paberkotis.<\/li>\n\n\n\n<li>P\u00f6\u00f6rdu v\u00f5imalikult kiiresti&nbsp;<a href=\"https:\/\/www.kliinikum.ee\/patsiendile\/erakorraline-vastuvott\/erakorralise-meditsiini-osakond-emo\/\" target=\"_blank\" rel=\"noreferrer noopener\">Tartu \u00dclikooli Kliinikumi erakorralise meditsiini osakonda<\/a><\/li>\n<\/ul>\n\n\n\n<p class=\"wp-el\"><strong>Sinu soovil ja n\u00f5usolekul pakume:<\/strong><\/p>\n\n\n\n<p class=\"wp-el\">Esmast n\u00f5ustamist<br>L\u00e4bivaatust ja t\u00f5endite kogumist<br>Abi raseduse \u00e4rahoidmisel<br>Suguhaiguste testimist ja HIV kontaktij\u00e4rgset ravi<br>J\u00e4reln\u00f5ustamist<br>Toetust politseisse p\u00f6\u00f6rdumiseks<\/p>\n\n\n\n<h3 class=\"wp-block-heading wp-el\">Esmast n\u00f5ustamist<\/h3>\n\n\n\n<p class=\"wp-el\">Sinuga kohtub esmalt vastuv\u00f5tuosakonna \u00f5de, kes tunneb seksuaalv\u00e4givalla m\u00f5ju ja m\u00f5istab, et oled l\u00e4bi teinud raske trauma. Ta saadab Sind edasi naistekliinikusse. Seal kohtud spetsiaalse ettevalmistusega \u00f5ega. Sulle antakse teavet ja selgitatakse, missugused abiv\u00f5imalused on Sinu jaoks olemas ja saad rahulikult otsustada, mida edasi teha. Ta kuulab \u00e4ra k\u00f5ik Sinu mured ja aitab nendele lahendust leida. Ta n\u00f5ustab Sind edasise abi v\u00f5imaluste osas.<\/p>\n\n\n\n<h3 class=\"wp-block-heading wp-el\">L\u00e4bivaatust ja t\u00f5endite kogumist<\/h3>\n\n\n\n<p class=\"wp-el\">\u00dche abiv\u00f5imalusena pakume l\u00e4bivaatust ja t\u00f5endite kogumist, sest on t\u00e4htis saada \u00fclevaade Sinu terviseseisundist, kirjeldada ja ravida vigastusi ning koguda t\u00f5endmaterjal, mida hiljem saab kasutada uurimisel. M\u00f5nikord tuntakse l\u00e4bivaatuse ees \u00e4revust ja ebamugavust. Sinu arst ja \u00f5de on saanud eriettevalmistuse, kuidas seda Sulle v\u00f5imalikult mugavalt l\u00e4bi viia, nii et tunneksid ennast v\u00e4\u00e4rikalt ja austusega kohelduna. Sulle selgitatakse, mis l\u00e4bivaatuse ajal toimub. Sul on \u00f5igus ja v\u00f5imalus otsustada igal hetkel l\u00e4bivaatus l\u00f5petada. V\u00f5id paluda, et Su s\u00f5ber v\u00f5i pereliige viibiks l\u00e4bivaatuse juures.<br>Sinu n\u00f5usolekul:<br>&#8211; k\u00fcsib arst Sinu eelneva terviseseisundi kohta<br>&#8211; vaatab \u00fcle v\u00f5imalikud vigastused<br>&#8211; aitab otsustada, kas on vaja abi raseduse \u00e4rahoidmisel (nt v\u00f5tta SOS-pille)<br>&#8211; otsustab koos Sinuga, kas vajad ravi, et v\u00e4hendada HIV v\u00f5i m\u00f5ne suguhaigusega nakatumise v\u00f5imalust<br>&#8211; otsustab, milline t\u00f5endmaterjal koguda (nt sperma tupes, alusp\u00fcksid vms)<br>&#8211; pakub sulle uriini ja veenivere kogumist, et tulevikus sealt vajadusel m\u00e4\u00e4rata uimastite j\u00e4lgi<\/p>\n\n\n\n<h3 class=\"wp-block-heading wp-el\">Abi raseduse \u00e4rahoidmisel<\/h3>\n\n\n\n<p class=\"wp-el\">Kui seksuaalv\u00e4givalla tagaj\u00e4rjel on oht rasestumiseks, siis pakume abi raseduse \u00e4rahoidmisel. Selleks on kasutusel kaks v\u00f5imalust: SOS-pillid ja kohene emakasisese vahendi paigaldamine. SOS-pillid v\u00e4hendavad rasestumise riski, kui neid v\u00f5tta 3-5 p\u00e4eva jooksul p\u00e4rast juhtunut. Mida varem SOS-pille v\u00f5tta, seda t\u00f5husamad need on. Saame anda Sulle tasuta SOS-pillid. Vasega emakasisendi vahendi (samuti tasuta) paigaldamine viie \u00f6\u00f6p\u00e4eva jooksul p\u00e4rast juhtunut hoiab rasestumise t\u00f5husalt \u00e4ra. Arst pakub v\u00e4lja parima v\u00f5imaluse.<\/p>\n\n\n\n<h3 class=\"wp-block-heading wp-el\">Suguhaiguste testimist<\/h3>\n\n\n\n<p class=\"wp-el\">Seksuaalv\u00e4givalla k\u00e4igus on oht nakatuda seksuaalsel teel levivate haigustega. Anname n\u00f5u, kuidas ja millal on otstarbekas suguhaiguste suhtes testida ja kas v\u00f5iksid vajada ennetavalt ravi. Testida saab klam\u00fcdioosi, gonorr\u00f6a, trihhomonoosi suhtes: selleks kogutakse l\u00e4bivaatuse k\u00e4igus vastavalt vajadusele vatipulgaga eritist neelust, tupest v\u00f5i p\u00e4rakust ning samu anal\u00fc\u00fcse on v\u00f5imalik m\u00e4\u00e4rata ka uriinist. HIV, s\u00fc\u00fcfilise ja B-hepatiidi testimiseks v\u00f5etakse Sinu n\u00f5usolekul vereproov. Testida on vaja korduvalt ja selles osas n\u00f5ustab Sind arst.<\/p>\n\n\n\n<p class=\"wp-el\">M\u00f5nel juhul on vajalik HIV kontaktij\u00e4rgne ravi, mis v\u00e4hendab t\u00f5en\u00e4osust haigestuda HIVsse. Arst aitab Sul otsustada, kas vajad seda. Ravi tuleb alustada esimese kolme \u00f6\u00f6p\u00e4eva jooksul ja arst suunab Sind nakkushaiguste arsti vastuv\u00f5tule ravi j\u00e4tkamiseks ja j\u00e4lgimiseks. Ravi kestab 28 p\u00e4eva.<br>Kui oled B-hepatiidi suhtes vaktsineerimata ja arsti hinnangul vajad seda, siis tuleb esimesel v\u00f5imalusel vaktsineerimisega alustada (hiljemalt 6 n\u00e4dala jooksul) \u2013 selleks suunatakse Sind nakkushaiguste arsti vastuv\u00f5tule.<br>Uuringud ja ravi on Sulle tasuta.<\/p>\n\n\n\n<h3 class=\"wp-block-heading wp-el\">J\u00e4tkutugi<\/h3>\n\n\n\n<p class=\"wp-el\">Meie n\u00f5ustajad on saanud eriettevalmistuse seksuaalv\u00e4givalla \u00fcleelanu aitamiseks. V\u00f5id tunda tundeid, mida pole eales varem kogenud, haavatavust, hirmu ja \u00fcksildust. Sellised reaktsioonid on t\u00e4iesti loomulikud. V\u00f5id soovida oma tundeid jagada kellegagi, kes sind m\u00f5istab.<\/p>\n\n\n\n<p class=\"wp-el\">P\u00e4rast esmase abi j\u00e4rele p\u00f6\u00f6rdumist kutsume visiitidele naistearsti juurde, et saaksid jagada oma tundeid, saada abi igap\u00e4evar\u00fctmi taastamiseks ja m\u00f5ista, mis juhtus. Vajadusel saame suunata ps\u00fchholoogi v\u00f5i m\u00f5ne teise eriala spetsialisti vastuv\u00f5tule\u00a0Tartu Seksuaaltervise Kliinikusse. Tihti vajavad n\u00f5ustamist ka Sinu l\u00e4hedased, et m\u00f5ista, kuidas paremini Sulle toeks olla. Sulle pakutakse, et k\u00e4iksid j\u00e4reln\u00f5ustamisel sulle sobival ajal regulaarselt mingi aja jooksul. Isegi kui alguses tundub n\u00f5ustamisvisiitidel k\u00e4imine sulle vastumeelne, v\u00f5id aja jooksul avastada, et n\u00f5ustamisest on \u00fcha enam abi ning see toetab sinu paranemist.<br><\/p>\n\n\n\n<h3 class=\"wp-block-heading wp-el\">Toetus politseisse p\u00f6\u00f6rdumiseks<\/h3>\n\n\n\n<p class=\"wp-el\">See on Sinu otsustada, kas Sa soovid juhtunu kohta ametliku menetluse algatada v\u00f5i ei, kas Sa teed seda n\u00fc\u00fcd v\u00f5i \u2013 isegi aastaid \u2013 hiljem. Politsei abil asjadele ametliku k\u00e4igu andes aitad kaasa sellele, et sama toimepanija ohvriks ei langeks veel keegi. Kindlasti p\u00f6\u00f6rdu koheselt politseisse, kui Sinu v\u00f5i kellegi elu ja tervis on ohus.<br>Esmase abi j\u00e4rele p\u00f6\u00f6rdudes n\u00f5ustab arst, kuidas politseisse p\u00f6\u00f6rduda. V\u00f5ta politseisse minnes kaasa l\u00e4hedane inimene, keda usaldad. K\u00fcsi n\u00f5u, kust saada juriidilist n\u00f5ustamist ja abi. Ametliku menetluse algatamisel ja juriidilise abi saamisel saavad sind aidata ka\u00a0ohvriabit\u00f6\u00f6tajad.<\/p>\n","protected":false},"excerpt":{"rendered":"<p>V\u00f5id olla hirmul, segaduses ja tunda enda abituna. V\u00f5id tunda, et ei suuda kedagi usaldada ja kardad abi j\u00e4rele p\u00f6\u00f6rduda&#8230;.<\/p>\n","protected":false},"author":11,"featured_media":0,"parent":679,"menu_order":40,"comment_status":"closed","ping_status":"closed","template":"","meta":{"_acf_changed":false,"inline_featured_image":false,"advgb_blocks_editor_width":"","advgb_blocks_columns_visual_guide":"","footnotes":"","_links_to":"","_links_to_target":""},"class_list":["post-1056","page","type-page","status-publish","hentry"],"acf":[],"yoast_head":"<!-- This site is optimized with the Yoast SEO plugin v27.5 - https:\/\/yoast.com\/product\/yoast-seo-wordpress\/ -->\n<title>Kui oled viimase 7 p\u00e4eva jooksul kogenud seksuaalv\u00e4givalda - Naistekliinik<\/title>\n<meta name=\"robots\" content=\"index, follow, max-snippet:-1, max-image-preview:large, max-video-preview:-1\" \/>\n<link rel=\"canonical\" href=\"https:\/\/www.kliinikum.ee\/naistekliinik\/seksuaalvagivald\/kui-oled-viimase-7-paeva-jooksul-kogenud-seksuaalvagivalda\/\" \/>\n<meta property=\"og:locale\" content=\"et_EE\" \/>\n<meta property=\"og:type\" content=\"article\" \/>\n<meta property=\"og:title\" content=\"Kui oled viimase 7 p\u00e4eva jooksul kogenud seksuaalv\u00e4givalda - Naistekliinik\" \/>\n<meta property=\"og:description\" content=\"V\u00f5id olla hirmul, segaduses ja tunda enda abituna. V\u00f5id tunda, et ei suuda kedagi usaldada ja kardad abi j\u00e4rele p\u00f6\u00f6rduda....\" \/>\n<meta property=\"og:url\" content=\"https:\/\/www.kliinikum.ee\/naistekliinik\/seksuaalvagivald\/kui-oled-viimase-7-paeva-jooksul-kogenud-seksuaalvagivalda\/\" \/>\n<meta property=\"og:site_name\" content=\"Naistekliinik\" \/>\n<meta property=\"article:modified_time\" content=\"2024-02-28T08:38:34+00:00\" \/>\n<meta name=\"twitter:card\" content=\"summary_large_image\" \/>\n<meta name=\"twitter:label1\" content=\"Est. reading time\" \/>\n\t<meta name=\"twitter:data1\" content=\"5 minutit\" \/>\n<script type=\"application\/ld+json\" class=\"yoast-schema-graph\">{\"@context\":\"https:\\\/\\\/schema.org\",\"@graph\":[{\"@type\":\"WebPage\",\"@id\":\"https:\\\/\\\/www.kliinikum.ee\\\/naistekliinik\\\/seksuaalvagivald\\\/kui-oled-viimase-7-paeva-jooksul-kogenud-seksuaalvagivalda\\\/\",\"url\":\"https:\\\/\\\/www.kliinikum.ee\\\/naistekliinik\\\/seksuaalvagivald\\\/kui-oled-viimase-7-paeva-jooksul-kogenud-seksuaalvagivalda\\\/\",\"name\":\"Kui oled viimase 7 p\u00e4eva jooksul kogenud seksuaalv\u00e4givalda - Naistekliinik\",\"isPartOf\":{\"@id\":\"https:\\\/\\\/www.kliinikum.ee\\\/naistekliinik\\\/#website\"},\"datePublished\":\"2020-11-06T13:02:55+00:00\",\"dateModified\":\"2024-02-28T08:38:34+00:00\",\"breadcrumb\":{\"@id\":\"https:\\\/\\\/www.kliinikum.ee\\\/naistekliinik\\\/seksuaalvagivald\\\/kui-oled-viimase-7-paeva-jooksul-kogenud-seksuaalvagivalda\\\/#breadcrumb\"},\"inLanguage\":\"et\",\"potentialAction\":[{\"@type\":\"ReadAction\",\"target\":[\"https:\\\/\\\/www.kliinikum.ee\\\/naistekliinik\\\/seksuaalvagivald\\\/kui-oled-viimase-7-paeva-jooksul-kogenud-seksuaalvagivalda\\\/\"]}]},{\"@type\":\"BreadcrumbList\",\"@id\":\"https:\\\/\\\/www.kliinikum.ee\\\/naistekliinik\\\/seksuaalvagivald\\\/kui-oled-viimase-7-paeva-jooksul-kogenud-seksuaalvagivalda\\\/#breadcrumb\",\"itemListElement\":[{\"@type\":\"ListItem\",\"position\":1,\"name\":\"Home\",\"item\":\"https:\\\/\\\/www.kliinikum.ee\\\/naistekliinik\\\/\"},{\"@type\":\"ListItem\",\"position\":2,\"name\":\"Seksuaalv\u00e4givald\",\"item\":\"https:\\\/\\\/www.kliinikum.ee\\\/naistekliinik\\\/seksuaalvagivald\\\/\"},{\"@type\":\"ListItem\",\"position\":3,\"name\":\"Kui oled viimase 7 p\u00e4eva jooksul kogenud seksuaalv\u00e4givalda\"}]},{\"@type\":\"WebSite\",\"@id\":\"https:\\\/\\\/www.kliinikum.ee\\\/naistekliinik\\\/#website\",\"url\":\"https:\\\/\\\/www.kliinikum.ee\\\/naistekliinik\\\/\",\"name\":\"Naistekliinik\",\"description\":\"Hoolivus P\u00e4devus Usaldusv\u00e4\u00e4rsus\",\"potentialAction\":[{\"@type\":\"SearchAction\",\"target\":{\"@type\":\"EntryPoint\",\"urlTemplate\":\"https:\\\/\\\/www.kliinikum.ee\\\/naistekliinik\\\/?s={search_term_string}\"},\"query-input\":{\"@type\":\"PropertyValueSpecification\",\"valueRequired\":true,\"valueName\":\"search_term_string\"}}],\"inLanguage\":\"et\"}]}<\/script>\n<!-- \/ Yoast SEO plugin. -->","yoast_head_json":{"title":"Kui oled viimase 7 p\u00e4eva jooksul kogenud seksuaalv\u00e4givalda - Naistekliinik","robots":{"index":"index","follow":"follow","max-snippet":"max-snippet:-1","max-image-preview":"max-image-preview:large","max-video-preview":"max-video-preview:-1"},"canonical":"https:\/\/www.kliinikum.ee\/naistekliinik\/seksuaalvagivald\/kui-oled-viimase-7-paeva-jooksul-kogenud-seksuaalvagivalda\/","og_locale":"et_EE","og_type":"article","og_title":"Kui oled viimase 7 p\u00e4eva jooksul kogenud seksuaalv\u00e4givalda - Naistekliinik","og_description":"V\u00f5id olla hirmul, segaduses ja tunda enda abituna. V\u00f5id tunda, et ei suuda kedagi usaldada ja kardad abi j\u00e4rele p\u00f6\u00f6rduda....","og_url":"https:\/\/www.kliinikum.ee\/naistekliinik\/seksuaalvagivald\/kui-oled-viimase-7-paeva-jooksul-kogenud-seksuaalvagivalda\/","og_site_name":"Naistekliinik","article_modified_time":"2024-02-28T08:38:34+00:00","twitter_card":"summary_large_image","twitter_misc":{"Est. reading time":"5 minutit"},"schema":{"@context":"https:\/\/schema.org","@graph":[{"@type":"WebPage","@id":"https:\/\/www.kliinikum.ee\/naistekliinik\/seksuaalvagivald\/kui-oled-viimase-7-paeva-jooksul-kogenud-seksuaalvagivalda\/","url":"https:\/\/www.kliinikum.ee\/naistekliinik\/seksuaalvagivald\/kui-oled-viimase-7-paeva-jooksul-kogenud-seksuaalvagivalda\/","name":"Kui oled viimase 7 p\u00e4eva jooksul kogenud seksuaalv\u00e4givalda - Naistekliinik","isPartOf":{"@id":"https:\/\/www.kliinikum.ee\/naistekliinik\/#website"},"datePublished":"2020-11-06T13:02:55+00:00","dateModified":"2024-02-28T08:38:34+00:00","breadcrumb":{"@id":"https:\/\/www.kliinikum.ee\/naistekliinik\/seksuaalvagivald\/kui-oled-viimase-7-paeva-jooksul-kogenud-seksuaalvagivalda\/#breadcrumb"},"inLanguage":"et","potentialAction":[{"@type":"ReadAction","target":["https:\/\/www.kliinikum.ee\/naistekliinik\/seksuaalvagivald\/kui-oled-viimase-7-paeva-jooksul-kogenud-seksuaalvagivalda\/"]}]},{"@type":"BreadcrumbList","@id":"https:\/\/www.kliinikum.ee\/naistekliinik\/seksuaalvagivald\/kui-oled-viimase-7-paeva-jooksul-kogenud-seksuaalvagivalda\/#breadcrumb","itemListElement":[{"@type":"ListItem","position":1,"name":"Home","item":"https:\/\/www.kliinikum.ee\/naistekliinik\/"},{"@type":"ListItem","position":2,"name":"Seksuaalv\u00e4givald","item":"https:\/\/www.kliinikum.ee\/naistekliinik\/seksuaalvagivald\/"},{"@type":"ListItem","position":3,"name":"Kui oled viimase 7 p\u00e4eva jooksul kogenud seksuaalv\u00e4givalda"}]},{"@type":"WebSite","@id":"https:\/\/www.kliinikum.ee\/naistekliinik\/#website","url":"https:\/\/www.kliinikum.ee\/naistekliinik\/","name":"Naistekliinik","description":"Hoolivus P\u00e4devus Usaldusv\u00e4\u00e4rsus","potentialAction":[{"@type":"SearchAction","target":{"@type":"EntryPoint","urlTemplate":"https:\/\/www.kliinikum.ee\/naistekliinik\/?s={search_term_string}"},"query-input":{"@type":"PropertyValueSpecification","valueRequired":true,"valueName":"search_term_string"}}],"inLanguage":"et"}]}},"coauthors":[],"author_meta":{"author_link":"https:\/\/www.kliinikum.ee\/naistekliinik\/author\/haldur\/","display_name":"Haldur"},"relative_dates":{"created":"Posted 5 aastat ago","modified":"Updated 2 aastat ago"},"absolute_dates":{"created":"Posted on 6. nov. 2020","modified":"Updated on 28. veebr. 2024"},"absolute_dates_time":{"created":"Posted on 6. nov. 2020 03:02","modified":"Updated on 28. veebr. 2024 10:38"},"featured_img_caption":"","featured_img":false,"series_order":"","_links":{"self":[{"href":"https:\/\/www.kliinikum.ee\/naistekliinik\/wp-json\/wp\/v2\/pages\/1056","targetHints":{"allow":["GET"]}}],"collection":[{"href":"https:\/\/www.kliinikum.ee\/naistekliinik\/wp-json\/wp\/v2\/pages"}],"about":[{"href":"https:\/\/www.kliinikum.ee\/naistekliinik\/wp-json\/wp\/v2\/types\/page"}],"author":[{"embeddable":true,"href":"https:\/\/www.kliinikum.ee\/naistekliinik\/wp-json\/wp\/v2\/users\/11"}],"replies":[{"embeddable":true,"href":"https:\/\/www.kliinikum.ee\/naistekliinik\/wp-json\/wp\/v2\/comments?post=1056"}],"version-history":[{"count":0,"href":"https:\/\/www.kliinikum.ee\/naistekliinik\/wp-json\/wp\/v2\/pages\/1056\/revisions"}],"up":[{"embeddable":true,"href":"https:\/\/www.kliinikum.ee\/naistekliinik\/wp-json\/wp\/v2\/pages\/679"}],"wp:attachment":[{"href":"https:\/\/www.kliinikum.ee\/naistekliinik\/wp-json\/wp\/v2\/media?parent=1056"}],"curies":[{"name":"wp","href":"https:\/\/api.w.org\/{rel}","templated":true}]}}