{"id":1122,"date":"2020-11-09T13:57:00","date_gmt":"2020-11-09T11:57:00","guid":{"rendered":"https:\/\/www.kliinikum.ee\/naistekliinik_uus\/?page_id=1122"},"modified":"2026-03-17T12:13:47","modified_gmt":"2026-03-17T10:13:47","slug":"haiglaravi-sunnieelses-osakonnas","status":"publish","type":"page","link":"https:\/\/www.kliinikum.ee\/naistekliinik\/haiglaravi-sunnieelses-osakonnas\/","title":{"rendered":"Haiglaravi s\u00fcnnieelses osakonnas"},"content":{"rendered":"\n<table class=\"wp-block-advgb-table advgb-table-frontend\"><tbody><tr><td><strong>Kontakt:<\/strong><br><strong><em>731 9940<\/em><\/strong> Haiglaravi valve\u00e4mmaemand<\/td><\/tr><\/tbody><\/table>\n\n\n\n<table class=\"wp-block-advgb-table advgb-table-frontend\"><tbody><tr><td>S\u00fcnnituseelse osakonna arstid ja \u00e4mmaemandad n\u00f5ustavad, ravivad ja j\u00e4lgivad rasedaid erinevate terviseprobleemide korral. <br>Plaaniliste patsientide vastuv\u00f5tt toimub 08:30-12:00-ni. <\/td><\/tr><tr><td>Osakonna valve\u00e4mmaemand vormistab Teie saabumise ning p\u00e4rast esmaseid toiminguid suunatakse Teid palatisse.<\/td><\/tr><tr><td>S\u00fcnnituseelsed palatid on 2 kohalised. <br>K\u00f5ikides palatites on personaalsed kapid, kuhu saate j\u00e4tta oma \u00fcleriided ja muud isiklikud asjad. <br>Igas palatis on WC ja du\u0161\u0161. <\/td><\/tr><tr><td>Patsientidel on v\u00f5imalus privaatsuse tagamiseks kasutada voodite vahel olevaid vahekardinaid.<\/td><\/tr><\/tbody><\/table>\n\n\n\n<table class=\"wp-block-advgb-table advgb-table-frontend\"><tbody><tr><td><strong>Mida kaasa v\u00f5tta?<\/strong><\/td><\/tr><tr><td>&#8211; pass v\u00f5i ID kaart;<br>&#8211; raseda individuaalkaart;<br>&#8211; naistearsti v\u00f5i perearsti saatekiri;<br>&#8211; isiklikud h\u00fcgieenitarbed;<br>&#8211; vahetusjalatsid: sussid;<br>&#8211; soovi korral isiklikud riided.<\/td><\/tr><\/tbody><\/table>\n\n\n\n<hr class=\"wp-block-separator has-alpha-channel-opacity\"\/>\n\n\n\n<p class=\"wp-el\"><a href=\"https:\/\/www.kliinikum.ee\/patsiendiinfo-kategooria\/rasedus-ja-sunnitus\/\" type=\"link\" id=\"https:\/\/www.kliinikum.ee\/patsiendiinfo-kategooria\/rasedus-ja-sunnitus\/\">Siit<\/a> leiate infot peamiste raseduse ja s\u00fcnnitusega seotud protseduuride kohta.<\/p>\n\n\n\n<hr class=\"wp-block-separator has-alpha-channel-opacity\"\/>\n\n\n\n<figure class=\"wp-block-image size-large\"><img loading=\"lazy\" decoding=\"async\" width=\"1400\" height=\"933\" src=\"https:\/\/www.kliinikum.ee\/naistekliinik\/wp-content\/uploads\/2026\/03\/img_4894-1400x933.jpg\" alt=\"\" class=\"wp-image-5092\" \/><\/figure>\n","protected":false},"excerpt":{"rendered":"<p>Siit leiate infot peamiste raseduse ja s\u00fcnnitusega seotud protseduuride kohta.<\/p>\n","protected":false},"author":11,"featured_media":0,"parent":0,"menu_order":0,"comment_status":"closed","ping_status":"closed","template":"","meta":{"_acf_changed":false,"inline_featured_image":false,"advgb_blocks_editor_width":"","advgb_blocks_columns_visual_guide":"","footnotes":"","_links_to":"","_links_to_target":""},"class_list":["post-1122","page","type-page","status-publish","hentry"],"acf":[],"yoast_head":"<!-- This site is optimized with the Yoast SEO plugin v27.3 - https:\/\/yoast.com\/product\/yoast-seo-wordpress\/ -->\n<title>Haiglaravi s\u00fcnnieelses osakonnas - Naistekliinik<\/title>\n<meta name=\"robots\" content=\"index, follow, max-snippet:-1, max-image-preview:large, max-video-preview:-1\" \/>\n<link rel=\"canonical\" href=\"https:\/\/www.kliinikum.ee\/naistekliinik\/haiglaravi-sunnieelses-osakonnas\/\" \/>\n<meta property=\"og:locale\" content=\"et_EE\" \/>\n<meta property=\"og:type\" content=\"article\" \/>\n<meta property=\"og:title\" content=\"Haiglaravi s\u00fcnnieelses osakonnas - Naistekliinik\" \/>\n<meta property=\"og:description\" content=\"Siit leiate infot peamiste raseduse ja s\u00fcnnitusega seotud protseduuride kohta.\" \/>\n<meta property=\"og:url\" content=\"https:\/\/www.kliinikum.ee\/naistekliinik\/haiglaravi-sunnieelses-osakonnas\/\" \/>\n<meta property=\"og:site_name\" content=\"Naistekliinik\" \/>\n<meta property=\"article:modified_time\" content=\"2026-03-17T10:13:47+00:00\" \/>\n<meta property=\"og:image\" content=\"https:\/\/www.kliinikum.ee\/naistekliinik\/wp-content\/uploads\/2026\/03\/img_4894-1400x933.jpg\" \/>\n\t<meta property=\"og:image:width\" content=\"1400\" \/>\n\t<meta property=\"og:image:height\" content=\"933\" \/>\n\t<meta property=\"og:image:type\" content=\"image\/jpeg\" \/>\n<meta name=\"twitter:card\" content=\"summary_large_image\" \/>\n<meta name=\"twitter:label1\" content=\"Est. reading time\" \/>\n\t<meta name=\"twitter:data1\" content=\"1 minut\" \/>\n<script type=\"application\/ld+json\" class=\"yoast-schema-graph\">{\"@context\":\"https:\\\/\\\/schema.org\",\"@graph\":[{\"@type\":\"WebPage\",\"@id\":\"https:\\\/\\\/www.kliinikum.ee\\\/naistekliinik\\\/haiglaravi-sunnieelses-osakonnas\\\/\",\"url\":\"https:\\\/\\\/www.kliinikum.ee\\\/naistekliinik\\\/haiglaravi-sunnieelses-osakonnas\\\/\",\"name\":\"Haiglaravi s\u00fcnnieelses osakonnas - Naistekliinik\",\"isPartOf\":{\"@id\":\"https:\\\/\\\/www.kliinikum.ee\\\/naistekliinik\\\/#website\"},\"primaryImageOfPage\":{\"@id\":\"https:\\\/\\\/www.kliinikum.ee\\\/naistekliinik\\\/haiglaravi-sunnieelses-osakonnas\\\/#primaryimage\"},\"image\":{\"@id\":\"https:\\\/\\\/www.kliinikum.ee\\\/naistekliinik\\\/haiglaravi-sunnieelses-osakonnas\\\/#primaryimage\"},\"thumbnailUrl\":\"https:\\\/\\\/www.kliinikum.ee\\\/naistekliinik\\\/wp-content\\\/uploads\\\/2026\\\/03\\\/img_4894-1400x933.jpg\",\"datePublished\":\"2020-11-09T11:57:00+00:00\",\"dateModified\":\"2026-03-17T10:13:47+00:00\",\"breadcrumb\":{\"@id\":\"https:\\\/\\\/www.kliinikum.ee\\\/naistekliinik\\\/haiglaravi-sunnieelses-osakonnas\\\/#breadcrumb\"},\"inLanguage\":\"et\",\"potentialAction\":[{\"@type\":\"ReadAction\",\"target\":[\"https:\\\/\\\/www.kliinikum.ee\\\/naistekliinik\\\/haiglaravi-sunnieelses-osakonnas\\\/\"]}]},{\"@type\":\"ImageObject\",\"inLanguage\":\"et\",\"@id\":\"https:\\\/\\\/www.kliinikum.ee\\\/naistekliinik\\\/haiglaravi-sunnieelses-osakonnas\\\/#primaryimage\",\"url\":\"https:\\\/\\\/www.kliinikum.ee\\\/naistekliinik\\\/wp-content\\\/uploads\\\/2026\\\/03\\\/img_4894.jpg\",\"contentUrl\":\"https:\\\/\\\/www.kliinikum.ee\\\/naistekliinik\\\/wp-content\\\/uploads\\\/2026\\\/03\\\/img_4894.jpg\",\"width\":4724,\"height\":3149},{\"@type\":\"BreadcrumbList\",\"@id\":\"https:\\\/\\\/www.kliinikum.ee\\\/naistekliinik\\\/haiglaravi-sunnieelses-osakonnas\\\/#breadcrumb\",\"itemListElement\":[{\"@type\":\"ListItem\",\"position\":1,\"name\":\"Home\",\"item\":\"https:\\\/\\\/www.kliinikum.ee\\\/naistekliinik\\\/\"},{\"@type\":\"ListItem\",\"position\":2,\"name\":\"Haiglaravi s\u00fcnnieelses osakonnas\"}]},{\"@type\":\"WebSite\",\"@id\":\"https:\\\/\\\/www.kliinikum.ee\\\/naistekliinik\\\/#website\",\"url\":\"https:\\\/\\\/www.kliinikum.ee\\\/naistekliinik\\\/\",\"name\":\"Naistekliinik\",\"description\":\"Hoolivus P\u00e4devus Usaldusv\u00e4\u00e4rsus\",\"potentialAction\":[{\"@type\":\"SearchAction\",\"target\":{\"@type\":\"EntryPoint\",\"urlTemplate\":\"https:\\\/\\\/www.kliinikum.ee\\\/naistekliinik\\\/?s={search_term_string}\"},\"query-input\":{\"@type\":\"PropertyValueSpecification\",\"valueRequired\":true,\"valueName\":\"search_term_string\"}}],\"inLanguage\":\"et\"}]}<\/script>\n<!-- \/ Yoast SEO plugin. -->","yoast_head_json":{"title":"Haiglaravi s\u00fcnnieelses osakonnas - Naistekliinik","robots":{"index":"index","follow":"follow","max-snippet":"max-snippet:-1","max-image-preview":"max-image-preview:large","max-video-preview":"max-video-preview:-1"},"canonical":"https:\/\/www.kliinikum.ee\/naistekliinik\/haiglaravi-sunnieelses-osakonnas\/","og_locale":"et_EE","og_type":"article","og_title":"Haiglaravi s\u00fcnnieelses osakonnas - Naistekliinik","og_description":"Siit leiate infot peamiste raseduse ja s\u00fcnnitusega seotud protseduuride kohta.","og_url":"https:\/\/www.kliinikum.ee\/naistekliinik\/haiglaravi-sunnieelses-osakonnas\/","og_site_name":"Naistekliinik","article_modified_time":"2026-03-17T10:13:47+00:00","og_image":[{"width":1400,"height":933,"url":"https:\/\/www.kliinikum.ee\/naistekliinik\/wp-content\/uploads\/2026\/03\/img_4894-1400x933.jpg","type":"image\/jpeg"}],"twitter_card":"summary_large_image","twitter_misc":{"Est. reading time":"1 minut"},"schema":{"@context":"https:\/\/schema.org","@graph":[{"@type":"WebPage","@id":"https:\/\/www.kliinikum.ee\/naistekliinik\/haiglaravi-sunnieelses-osakonnas\/","url":"https:\/\/www.kliinikum.ee\/naistekliinik\/haiglaravi-sunnieelses-osakonnas\/","name":"Haiglaravi s\u00fcnnieelses osakonnas - Naistekliinik","isPartOf":{"@id":"https:\/\/www.kliinikum.ee\/naistekliinik\/#website"},"primaryImageOfPage":{"@id":"https:\/\/www.kliinikum.ee\/naistekliinik\/haiglaravi-sunnieelses-osakonnas\/#primaryimage"},"image":{"@id":"https:\/\/www.kliinikum.ee\/naistekliinik\/haiglaravi-sunnieelses-osakonnas\/#primaryimage"},"thumbnailUrl":"https:\/\/www.kliinikum.ee\/naistekliinik\/wp-content\/uploads\/2026\/03\/img_4894-1400x933.jpg","datePublished":"2020-11-09T11:57:00+00:00","dateModified":"2026-03-17T10:13:47+00:00","breadcrumb":{"@id":"https:\/\/www.kliinikum.ee\/naistekliinik\/haiglaravi-sunnieelses-osakonnas\/#breadcrumb"},"inLanguage":"et","potentialAction":[{"@type":"ReadAction","target":["https:\/\/www.kliinikum.ee\/naistekliinik\/haiglaravi-sunnieelses-osakonnas\/"]}]},{"@type":"ImageObject","inLanguage":"et","@id":"https:\/\/www.kliinikum.ee\/naistekliinik\/haiglaravi-sunnieelses-osakonnas\/#primaryimage","url":"https:\/\/www.kliinikum.ee\/naistekliinik\/wp-content\/uploads\/2026\/03\/img_4894.jpg","contentUrl":"https:\/\/www.kliinikum.ee\/naistekliinik\/wp-content\/uploads\/2026\/03\/img_4894.jpg","width":4724,"height":3149},{"@type":"BreadcrumbList","@id":"https:\/\/www.kliinikum.ee\/naistekliinik\/haiglaravi-sunnieelses-osakonnas\/#breadcrumb","itemListElement":[{"@type":"ListItem","position":1,"name":"Home","item":"https:\/\/www.kliinikum.ee\/naistekliinik\/"},{"@type":"ListItem","position":2,"name":"Haiglaravi s\u00fcnnieelses osakonnas"}]},{"@type":"WebSite","@id":"https:\/\/www.kliinikum.ee\/naistekliinik\/#website","url":"https:\/\/www.kliinikum.ee\/naistekliinik\/","name":"Naistekliinik","description":"Hoolivus P\u00e4devus Usaldusv\u00e4\u00e4rsus","potentialAction":[{"@type":"SearchAction","target":{"@type":"EntryPoint","urlTemplate":"https:\/\/www.kliinikum.ee\/naistekliinik\/?s={search_term_string}"},"query-input":{"@type":"PropertyValueSpecification","valueRequired":true,"valueName":"search_term_string"}}],"inLanguage":"et"}]}},"coauthors":[],"author_meta":{"author_link":"https:\/\/www.kliinikum.ee\/naistekliinik\/author\/haldur\/","display_name":"Haldur"},"relative_dates":{"created":"Posted 5 aastat ago","modified":"Updated 2 kuud ago"},"absolute_dates":{"created":"Posted on 9. nov. 2020","modified":"Updated on 17. m\u00e4rts 2026"},"absolute_dates_time":{"created":"Posted on 9. nov. 2020 01:57","modified":"Updated on 17. m\u00e4rts 2026 12:13"},"featured_img_caption":"","featured_img":false,"series_order":"","_links":{"self":[{"href":"https:\/\/www.kliinikum.ee\/naistekliinik\/wp-json\/wp\/v2\/pages\/1122","targetHints":{"allow":["GET"]}}],"collection":[{"href":"https:\/\/www.kliinikum.ee\/naistekliinik\/wp-json\/wp\/v2\/pages"}],"about":[{"href":"https:\/\/www.kliinikum.ee\/naistekliinik\/wp-json\/wp\/v2\/types\/page"}],"author":[{"embeddable":true,"href":"https:\/\/www.kliinikum.ee\/naistekliinik\/wp-json\/wp\/v2\/users\/11"}],"replies":[{"embeddable":true,"href":"https:\/\/www.kliinikum.ee\/naistekliinik\/wp-json\/wp\/v2\/comments?post=1122"}],"version-history":[{"count":1,"href":"https:\/\/www.kliinikum.ee\/naistekliinik\/wp-json\/wp\/v2\/pages\/1122\/revisions"}],"predecessor-version":[{"id":5213,"href":"https:\/\/www.kliinikum.ee\/naistekliinik\/wp-json\/wp\/v2\/pages\/1122\/revisions\/5213"}],"wp:attachment":[{"href":"https:\/\/www.kliinikum.ee\/naistekliinik\/wp-json\/wp\/v2\/media?parent=1122"}],"curies":[{"name":"wp","href":"https:\/\/api.w.org\/{rel}","templated":true}]}}