{"id":1223,"date":"2020-12-08T12:30:59","date_gmt":"2020-12-08T10:30:59","guid":{"rendered":"https:\/\/www.kliinikum.ee\/naistekliinik\/?page_id=1223"},"modified":"2026-01-26T12:35:03","modified_gmt":"2026-01-26T10:35:03","slug":"ammaemanda-vastuvott","status":"publish","type":"page","link":"https:\/\/www.kliinikum.ee\/naistekliinik\/vastuvotuajad\/ammaemanda-vastuvott\/","title":{"rendered":"\u00c4mmaemanda vastuv\u00f5tt"},"content":{"rendered":"\n<p class=\"wp-el\"><strong>\u00c4MMAEMANDA VASTUV\u00d5TT<\/strong><\/p>\n\n\n<div id=\"acf-block-block_f97743bfb0d0e18413f0330cc3d4e5f5\" class=\"acf-block-element  block-accordion\">\r\n<div class=\"accordion\" id=\"accordion-block_f97743bfb0d0e18413f0330cc3d4e5f5\"><div class=\"card\"><div class=\"card-header\" id=\"heading1-block_f97743bfb0d0e18413f0330cc3d4e5f5\"><button type=\"button\" class=\"collapsed\" data-toggle=\"collapse\" data-target=\"#collapse1-block_f97743bfb0d0e18413f0330cc3d4e5f5\" aria-controls=\"collapse1-block_f97743bfb0d0e18413f0330cc3d4e5f5\">\u00c4mmaemandate vastuv\u00f5ttude ajad alates 01.01.2026<\/button><\/div><div id=\"collapse1-block_f97743bfb0d0e18413f0330cc3d4e5f5\" class=\"collapse\" aria-labelledby=\"heading1-block_f97743bfb0d0e18413f0330cc3d4e5f5\" data-parent=\"#accordion-block_f97743bfb0d0e18413f0330cc3d4e5f5\"><div class=\"card-body\"><div class=\"gutenberg-content\"><table>\n<tbody>\n<tr>\n<td width=\"160\"><strong><em>\u00c4mmaemanda nimi<\/em><\/strong><\/td>\n<td width=\"142\"><strong><em>Kabinet, telefon<\/em><\/strong><\/td>\n<td width=\"123\"><strong><em>Vastuv\u00f5tu ajad<\/em><\/strong><\/td>\n<td width=\"179\"><strong><em>T\u00e4psustused<\/em><\/strong><\/td>\n<\/tr>\n<tr>\n<td rowspan=\"2\" width=\"160\">&nbsp;<\/p>\n<p><strong>\u00a0<\/strong><\/p>\n<p><strong>\u00a0<\/strong><\/p>\n<p><strong>Triinu Adlas<\/strong><\/p>\n<p>\u00e4mmaemand<\/td>\n<td width=\"142\">L. Puusepa 8, C- korpus, kab. 41<\/p>\n<p>Tel. 731 9946<\/p>\n<p><strong><em>\u00a0<\/em><\/strong><\/td>\n<td width=\"123\">E 14.00 &#8211; 19.00<\/p>\n<p>T 8.00 &#8211; \u00a016.00<\/p>\n<p>K 8.00 &#8211; 14.00<\/td>\n<td width=\"179\">Raseduse j\u00e4lgimine<\/td>\n<\/tr>\n<tr>\n<td width=\"142\">Riia 2, Kvartali kaubanduskeskus, kab 11<\/p>\n<p>Tel. 731 7444<\/p>\n<p>&nbsp;<\/td>\n<td width=\"123\">N 9.00 &#8211; 17.00<\/p>\n<p>R 9.00 &#8211; 17.00<\/td>\n<td width=\"179\">Rinnakabinet, rindade kontroll<\/td>\n<\/tr>\n<tr>\n<td width=\"160\"><strong>\u00a0<\/strong><\/p>\n<p><strong>Arum\u00e4gi Mariette<\/strong><\/p>\n<p>\u00e4mmaemand<\/p>\n<p>&nbsp;<\/td>\n<td width=\"142\">M\u00f5isavahe 34b, kab. 126<\/p>\n<p>Tel. 53319976<\/p>\n<p>&nbsp;<\/td>\n<td width=\"123\">K 8.00-18.00<\/p>\n<p>N 8.00-18.00<\/td>\n<td width=\"179\">Imetamisn\u00f5ustamine<\/td>\n<\/tr>\n<tr>\n<td rowspan=\"3\" width=\"160\">&nbsp;<\/p>\n<p><strong>\u00a0<\/strong><\/p>\n<p><strong>\u00a0<\/strong><\/p>\n<p><strong>\u00a0<\/strong><\/p>\n<p><strong>Krista Green<\/strong><\/p>\n<p>\u00e4mmaemand<\/td>\n<td width=\"142\">L. Puusepa 8, C-korpus, kab. 41<\/p>\n<p>Tel. 731 9946<\/p>\n<p>&nbsp;<\/td>\n<td width=\"123\">K 14.00 &#8211; 18.00<\/p>\n<p>N 8.00 &#8211; 18.00<\/p>\n<p>R 8.00 &#8211; 16.00<\/td>\n<td width=\"179\">Raseduse j\u00e4lgimine<\/td>\n<\/tr>\n<tr>\n<td width=\"142\">L. Puusepa 8, G2-korpus, kab. 160<\/p>\n<p>Tel. 731 9988<\/p>\n<p>&nbsp;<\/td>\n<td width=\"123\">T 8.00 &#8211; 11.00<\/p>\n<p>T 14.00 &#8211; 18.00<\/td>\n<td width=\"179\">Emakakaelav\u00e4hi s\u00f5eluuring<\/td>\n<\/tr>\n<tr>\n<td width=\"142\">L. Puusepa 8, G2-korpus, kab. 160<\/p>\n<p>Tel. 7 31 9988<\/p>\n<p>&nbsp;<\/td>\n<td width=\"123\">T 11.00 &#8211; 13.00<\/td>\n<td width=\"179\">Seksuaaltervis<\/td>\n<\/tr>\n<tr>\n<td rowspan=\"3\" width=\"160\">&nbsp;<\/p>\n<p><strong>\u00a0<\/strong><\/p>\n<p><strong>\u00a0<\/strong><\/p>\n<p><strong>\u00a0<\/strong><\/p>\n<p><strong>\u00a0<\/strong><\/p>\n<p><strong>Anne Ilves<\/strong><\/p>\n<p>\u00e4mmaemand<\/td>\n<td width=\"142\">Riia 2, Kvartali kaubanduskeskus, kab 11<\/p>\n<p>Tel. 7\u00a031 7444<\/p>\n<p>&nbsp;<\/td>\n<td width=\"123\">E 10.00 &#8211; 16.00<\/p>\n<p>T 10.00 &#8211; 16.00<\/td>\n<td width=\"179\">Rinnakabinet, rindade kontroll<\/td>\n<\/tr>\n<tr>\n<td width=\"142\">L. Puusepa 8, C-korpus, kab. 44<\/p>\n<p>Tel. 731 9949<\/p>\n<p>&nbsp;<\/td>\n<td width=\"123\">N 8.00 &#8211; 16.00<\/p>\n<p>&nbsp;<\/td>\n<td width=\"179\">Imetamisn\u00f5ustamine<\/td>\n<\/tr>\n<tr>\n<td width=\"142\">L. Puusepa 8, C-korpus, kab 46<\/p>\n<p>Tel. 731 9977<\/p>\n<p>&nbsp;<\/td>\n<td width=\"123\">K 9.00 &#8211;\u00a016.00<\/p>\n<p>R 9.00- 11.00<\/td>\n<td width=\"179\">Vasts\u00fcndinud<\/td>\n<\/tr>\n<tr>\n<td width=\"160\">&nbsp;<\/p>\n<p><strong>Jekaterina Kalamees<\/strong><\/p>\n<p>\u00e4mmaemand<\/td>\n<td width=\"142\">L. Puusepa 8, C-korpus, kab 44<\/p>\n<p>Tel. 731 9949<\/p>\n<p>&nbsp;<\/td>\n<td width=\"123\">E 8.00 &#8211;\u00a016.00<\/p>\n<p>K 8.00 &#8211; 16.00<\/td>\n<td width=\"179\">Imetamisn\u00f5ustamine<\/td>\n<\/tr>\n<tr>\n<td width=\"160\"><strong>\u00a0<\/strong><\/p>\n<p><strong>Ellen Klaser<\/strong><\/p>\n<p>\u00e4mmaemand<\/p>\n<p>&nbsp;<\/td>\n<td width=\"142\">L. Puusepa 8, G2-korpus, kab. 160<\/p>\n<p>Tel. 731 9988<\/td>\n<td width=\"123\">K 8.00 \u2013 13.00<\/td>\n<td width=\"179\">Emakakaelav\u00e4hi s\u00f5eluuring<\/td>\n<\/tr>\n<tr>\n<td rowspan=\"3\" width=\"160\"><strong>Kersti Kurg<\/strong><\/p>\n<p>\u00e4mmaemand<\/p>\n<p>&nbsp;<\/p>\n<p>&nbsp;<\/td>\n<td width=\"142\">L. Puusepa 8, C-korpus, kab 39<\/p>\n<p>Tel. 731 7506<\/td>\n<td width=\"123\">T 14.00 \u201319.00<\/td>\n<td width=\"179\">Rasedusdiabeet<\/td>\n<\/tr>\n<tr>\n<td width=\"142\">L. Puusepa 8, C-korpus, kab 43<\/p>\n<p>Tel. 731 7508<\/p>\n<p>&nbsp;<\/td>\n<td width=\"123\">R 08.00 &#8211; 13.00<\/td>\n<td width=\"179\">Rasedusdiabeet<\/td>\n<\/tr>\n<tr>\n<td width=\"142\">L. Puusepa 8, G2-korpus, kab. 160<\/p>\n<p>Tel. 731 9988<\/p>\n<p>&nbsp;<\/td>\n<td width=\"123\">N 14.00 \u2013 19.00<\/td>\n<td width=\"179\">Emakakaelav\u00e4hi s\u00f5eluuring<\/td>\n<\/tr>\n<tr>\n<td width=\"160\">&nbsp;<\/p>\n<p><strong>Aivi Kull<\/strong><\/p>\n<p>\u00e4mmaemand<\/p>\n<p>&nbsp;<\/p>\n<p>&nbsp;<\/td>\n<td width=\"142\">L. Puusepa 8, C-korpus, kab 43<\/p>\n<p>Tel. 731 7508<\/p>\n<p>&nbsp;<\/td>\n<td width=\"123\">E 8.00 &#8211;\u00a016.00<\/p>\n<p>T 8.00 &#8211; 16.00<\/td>\n<td width=\"179\">Raseduse j\u00e4lgimine<\/td>\n<\/tr>\n<tr>\n<td width=\"160\">&nbsp;<\/p>\n<p><strong>Karolin K\u00f6\u00f6rna<\/strong><\/p>\n<p>\u00e4mmaemand<\/p>\n<p>&nbsp;<\/td>\n<td width=\"142\">M\u00f5isavahe 34b, kab. 125<\/p>\n<p>Tel. 53319927<\/p>\n<p>&nbsp;<\/td>\n<td width=\"123\">E 08.00 \u2013 16.00<\/p>\n<p>&nbsp;<\/td>\n<td width=\"179\">Imetamisn\u00f5ustamine<\/td>\n<\/tr>\n<tr>\n<td width=\"160\">&nbsp;<\/p>\n<p><strong>Marge Mahla<\/strong><\/p>\n<p>\u00e4mmaemand<\/p>\n<p>&nbsp;<\/td>\n<td width=\"142\">L. Puusepa 8, C-korpus, kab 40<\/p>\n<p>Tel. 731 7503<\/p>\n<p>&nbsp;<\/td>\n<td width=\"123\">E 08.00 \u2013 13.00<\/td>\n<td width=\"179\">Raseduse j\u00e4lgimine<\/td>\n<\/tr>\n<tr>\n<td width=\"160\">&nbsp;<\/p>\n<p><strong>K\u00e4tlin Mannas<\/strong><\/p>\n<p>\u00e4mmaemand<\/p>\n<p>&nbsp;<\/td>\n<td width=\"142\">L. Puusepa 8, C-korpus, kab 42<\/p>\n<p>Tel. 731 7501<\/td>\n<td width=\"123\">T 8.00 &#8211; 13.00<\/td>\n<td width=\"179\">Raseduse j\u00e4lgimine<\/p>\n<p>&nbsp;<\/td>\n<\/tr>\n<tr>\n<td width=\"160\">&nbsp;<\/p>\n<p><strong>Kadi Markus<\/strong><\/p>\n<p>\u00e4mmaemand<\/p>\n<p>&nbsp;<\/td>\n<td width=\"142\">L. Puusepa 8, C- korpus, kab 40<\/p>\n<p>Tel. 731 7503<\/td>\n<td width=\"123\">E 8.00 \u2013 16.00<\/p>\n<p>T 8.00 \u2013 16.00<\/p>\n<p>K 8.00 \u2013 15.00<\/p>\n<p>N 8.00 \u2013 15.00<\/p>\n<p>&nbsp;<\/td>\n<td width=\"179\">Raseduse j\u00e4lgimine<\/td>\n<\/tr>\n<tr>\n<td width=\"160\">&nbsp;<\/p>\n<p><strong>Inna Niukkanen<\/strong><\/p>\n<p>\u00e4mmaemand<\/p>\n<p>&nbsp;<\/td>\n<td width=\"142\">L. Puusepa 8, C- korpus, kab 43<\/p>\n<p>Tel. 731 7508<\/td>\n<td width=\"123\">K 8.00 &#8211; 13.00<\/p>\n<p>R 8.00 &#8211; 13.00<\/p>\n<p>&nbsp;<\/td>\n<td width=\"179\">Raseduse j\u00e4lgimine<\/td>\n<\/tr>\n<tr>\n<td width=\"160\">&nbsp;<\/p>\n<p><strong>Svetlana Noga<\/strong><\/p>\n<p>\u00e4mmaemand<\/td>\n<td width=\"142\">M\u00f5isavahe 34b, kab. 125<\/p>\n<p>Tel. 53319927<\/p>\n<p>&nbsp;<\/td>\n<td width=\"123\">N 8.00 &#8211; 18.00<\/p>\n<p>R 8.00 &#8211; 18.00<\/td>\n<td width=\"179\">Raseduse j\u00e4lgimine<\/p>\n<p>Rasedusdiabeet<\/p>\n<p>Emakakaelav\u00e4hi s\u00f5eluuring<\/td>\n<\/tr>\n<tr>\n<td width=\"160\">&nbsp;<\/p>\n<p><strong>Bianka Peetson<\/strong><\/p>\n<p>\u00e4mmaemand<\/td>\n<td width=\"142\">L. Puusepa 8, C- korpus, kab 46<\/p>\n<p>Tel. 731 9977<\/p>\n<p>&nbsp;<\/td>\n<td width=\"123\">T 8.00 &#8211; 13.00<\/p>\n<p>&nbsp;<\/td>\n<td width=\"179\">Rasedusdiabeet<\/td>\n<\/tr>\n<tr>\n<td width=\"160\">&nbsp;<\/p>\n<p><strong>Siiri P\u00f5llumaa<\/strong><\/p>\n<p>\u00e4mmaemand<\/p>\n<p>&nbsp;<\/td>\n<td width=\"142\">L. Puusepa 8, C- korpus, kab 42<\/p>\n<p>Tel. 731 7501<\/td>\n<td width=\"123\">E 14.00 \u2013 18.00<\/p>\n<p>K 8.00 \u2013 16.00<\/td>\n<td width=\"179\">Raseduse j\u00e4lgimine<\/td>\n<\/tr>\n<tr>\n<td width=\"160\">&nbsp;<\/p>\n<p><strong>Ilme P\u00e4rn<\/strong><\/p>\n<p>\u00e4mmaemand<\/p>\n<p>&nbsp;<\/td>\n<td width=\"142\">L. Puusepa 8, C-korpus, kab 39<\/p>\n<p>Tel. 731 7506<\/td>\n<td width=\"123\">E 08.00 \u2013 13.00<\/p>\n<p>K 08.00 \u2013 13.00<\/p>\n<p>N 14.00 \u2013 19.00<\/td>\n<td width=\"179\">Raseduse j\u00e4lgimine<\/td>\n<\/tr>\n<tr>\n<td rowspan=\"2\" width=\"160\">&nbsp;<\/p>\n<p><strong>\u00a0<\/strong><\/p>\n<p><strong>\u00c4lis Riga<\/strong><\/p>\n<p>\u00e4mmaemand<\/td>\n<td width=\"142\">L. Puusepa 8, C- korpus, kab 44<\/p>\n<p>Tel. 731 9949<\/td>\n<td width=\"123\">T 8.00 \u2013 16.00<\/td>\n<td width=\"179\">Imetamisn\u00f5ustamine<\/td>\n<\/tr>\n<tr>\n<td width=\"142\">L. Puusepa 8, C- korpus, kab 46<\/p>\n<p>Tel. 731 9977<\/p>\n<p>&nbsp;<\/td>\n<td width=\"123\">N 8.00 \u2013 16.00<\/td>\n<td width=\"179\">Imetamisn\u00f5ustamine<\/td>\n<\/tr>\n<tr>\n<td rowspan=\"2\" width=\"160\">&nbsp;<\/p>\n<p><strong>\u00a0<\/strong><\/p>\n<p><strong>Elin Rozental<\/strong><\/p>\n<p>\u00e4mmaemand<\/p>\n<p>&nbsp;<\/td>\n<td width=\"142\">L. Puusepa 8, C- korpus, kab 46<\/p>\n<p>Tel. 731 9977<\/td>\n<td width=\"123\">E 08.00 \u2013 11.00<\/td>\n<td width=\"179\">Vasts\u00fcndinud<\/td>\n<\/tr>\n<tr>\n<td width=\"142\">L. Puusepa 8, C- korpus, kab 46<\/p>\n<p>Tel. 731 9977<\/p>\n<p>&nbsp;<\/td>\n<td width=\"123\">E 11.00 \u2013 16.00<\/td>\n<td width=\"179\">Rinnakabinet, rindade kontroll<\/td>\n<\/tr>\n<tr>\n<td width=\"160\">&nbsp;<\/p>\n<p><strong>Lee Zettur<\/strong><\/p>\n<p>\u00e4mmaemand<\/p>\n<p>&nbsp;<\/td>\n<td width=\"142\">L. Puusepa 1a, kab 2062<\/p>\n<p>Tel. 731 9977<\/td>\n<td width=\"123\">N 8.00 &#8211; 18.00<\/p>\n<p>R 8.00 \u2013 18.00<\/td>\n<td width=\"179\">Raseduse j\u00e4lgimine<\/td>\n<\/tr>\n<tr>\n<td width=\"160\">&nbsp;<\/p>\n<p><strong>Ljudmilla Tuum<\/strong><\/p>\n<p>\u00e4mmaemand<\/p>\n<p>&nbsp;<\/td>\n<td width=\"142\">L. Puusepa 8, C-korpus, kab 39<\/p>\n<p>Tel. 731 7506<\/td>\n<td width=\"123\">T 8.00 \u2013 13.00<\/p>\n<p>N 8.00 \u2013 13.00<\/td>\n<td width=\"179\">Raseduse j\u00e4lgimine<\/td>\n<\/tr>\n<tr>\n<td rowspan=\"2\" width=\"160\">&nbsp;<\/p>\n<p><strong>\u00a0<\/strong><\/p>\n<p><strong>Anne Vassiljeva<\/strong><\/p>\n<p>\u00e4mmaemand<\/p>\n<p>&nbsp;<\/td>\n<td width=\"142\">M\u00f5isavahe 34b, kab. 125<\/p>\n<p>Tel. 53319927<\/td>\n<td width=\"123\">E 8.00 \u2013 13.00<\/td>\n<td width=\"179\">Raseduse j\u00e4lgimine<\/td>\n<\/tr>\n<tr>\n<td width=\"142\">L. Puusepa 8, C- korpus, kab 42<\/p>\n<p>Tel. 731 7501<\/p>\n<p>&nbsp;<\/td>\n<td width=\"123\">N 8.00 \u2013 13.00<\/p>\n<p>R 8.00 \u2013 13.00<\/td>\n<td width=\"179\">Raseduse j\u00e4lgimine<\/td>\n<\/tr>\n<\/tbody>\n<\/table>\n<\/div><\/div><\/div><\/div><\/div><\/div>\n\n\n<p class=\"wp-el\">Naisten\u00f5uandla perekeskuses toimuvale&nbsp;<strong>\u00e4mmaemanda vastuv\u00f5tule<\/strong>&nbsp;v\u00f5ite p\u00f6\u00f6rduda, kui:<\/p>\n\n\n\n<ul class=\"wp-block-list wp-el\">\n<li>planeerite rasedust ja soovite eelnevat n\u00f5ustamist,<\/li>\n\n\n\n<li>olete rase ja soovite raseduse j\u00e4lgimiseks arvele tulla,<\/li>\n\n\n\n<li>olete s\u00fcnnitanud ja soovite s\u00fcnnitusj\u00e4rgset n\u00f5ustamist ja l\u00e4bivaatust,<\/li>\n\n\n\n<li>soovite n\u00f5ustamist ja\/v\u00f5i korduvretsepti rasestumisvastaste vahendite osas,<\/li>\n\n\n\n<li>soovite teha emakakaela v\u00e4hi s\u00f5eluuringut,<\/li>\n\n\n\n<li>soovite rindade kontrolli.<\/li>\n<\/ul>\n\n\n\n<p class=\"wp-el\"><strong>\u00c4mmaemanda vastuv\u00f5tule v\u00f5ib registreeruda klienditeeninduse<strong>&nbsp;telefonil 731 9100 (7:30-18:00) ilma saatekirjata ja elukohast s\u00f5ltumata<\/strong>.<\/strong><\/p>\n\n\n\n<p class=\"wp-el\">Raseduse normaalse kulu korral on raseduse j\u00e4lgimine ja n\u00f5ustamine \u00e4mmaemanda p\u00e4devuses, soovituslikult toimub sel puhul naistearsti&nbsp;konsultatsioon kaks korda raseduse jooksul. Raseduse kulus probleemide v\u00f5i k\u00f5rvalekallete tekkimisel suunab \u00e4mmaemand raseda arsti konsultatsioonile, uuringutele v\u00f5i haiglasse. \u00c4mmaemanda esmane vastuv\u00f5tt kestab 1 tund, korduvvisiit 30 minutit.<\/p>\n\n\n\n<p class=\"wp-el\"><strong>\u00c4mmaemanda vastuv\u00f5tt<\/strong>&nbsp;toimub kell 08.00 &#8211; 18.00&nbsp;<strong>naistekliinikus<\/strong>&nbsp;<strong>Puusepa 8 C-korpuses, Maarjam\u00f5isa tervisekeskuses Puusepa 1a v\u00f5i Tartu tervisekeskuses M\u00f5isavahe 34b<\/strong>. Rinnakabinet asub <strong>Kvartali kaubanduskeskuses, Riia 2, I korrusel.<\/strong><\/p>\n\n\n\n<p class=\"wp-el\">Enne vastuv\u00f5ttu p\u00f6\u00f6rduge&nbsp;<strong>registratuuri.<\/strong><\/p>\n\n\n\n<p class=\"wp-el\"><strong>\u00c4mmaemanda vastuv\u00f5tt<\/strong>&nbsp;toimub Teile etteantud aegadel&nbsp;<strong>naistekliiniku<\/strong>&nbsp;<strong>perekeskuses<\/strong>&nbsp;<strong>Puusepa 8 C-korpuses, Maarjam\u00f5isa tervisekeskuses Puusepa 1a v\u00f5i Tartu tervisekeskuses M\u00f5isavahe 34b<\/strong>. Rinnakabinet asub&nbsp;<strong>Kvartali kaubanduskeskuses, Riia 2, I korrusel.<\/strong>&nbsp;Enne vastuv\u00f5ttu p\u00f6\u00f6rduge&nbsp;<strong>registratuuri.<\/strong><\/p>\n\n\n\n<p class=\"wp-el\"><strong>\u00c4mmaemanda vastuv\u00f5tt<\/strong>&nbsp;<strong>naistekliiniku<\/strong>&nbsp;<strong>perekeskuses<\/strong>&nbsp;<strong>Puusepa 8 C-korpuses, Maarjam\u00f5isa tervisekeskuses, Puusepa 1a v\u00f5i Tartu tervisekeskuses M\u00f5isavahe 34b<\/strong><\/p>\n\n\n\n<p class=\"wp-el\"><strong>Naisten\u00f5uandla perekeskus<\/strong><\/p>\n\n\n\n<ul class=\"wp-block-list wp-el\">\n<li>ruum 40, tel. 7317503<\/li>\n\n\n\n<li>ruum 41, tel. 7317502<\/li>\n\n\n\n<li>ruum 42, tel. 7317501<\/li>\n\n\n\n<li>ruum 43, tel. 7317508<\/li>\n<\/ul>\n\n\n\n<p class=\"wp-el\"><strong>Maarjam\u00f5isa tervisekeskuses<\/strong>&nbsp;(Puusepa 1a, II korrus) ruum 2062 (tel. 7319267)<\/p>\n\n\n\n<p class=\"wp-el\"><strong>Tartu Tervisekeskuses<\/strong>&nbsp;(M\u00f5isavahe 34b, I korrus), ruum 125 (tel. 53319927)<\/p>\n\n\n\n<p class=\"wp-el\"><strong>Kvartali kaubanduskeskuses&nbsp;<\/strong>Tartu \u00dclikooli Kliinikumi&nbsp;<strong>rinnakabinetis<\/strong>, Riia 2, I korrusel.<\/p>\n","protected":false},"excerpt":{"rendered":"<p>\u00c4MMAEMANDA VASTUV\u00d5TT Naisten\u00f5uandla perekeskuses toimuvale&nbsp;\u00e4mmaemanda vastuv\u00f5tule&nbsp;v\u00f5ite p\u00f6\u00f6rduda, kui: \u00c4mmaemanda vastuv\u00f5tule v\u00f5ib registreeruda klienditeeninduse&nbsp;telefonil 731 9100 (7:30-18:00) ilma saatekirjata ja elukohast&#8230;<\/p>\n","protected":false},"author":11,"featured_media":0,"parent":63,"menu_order":50,"comment_status":"closed","ping_status":"closed","template":"","meta":{"_acf_changed":false,"inline_featured_image":false,"advgb_blocks_editor_width":"","advgb_blocks_columns_visual_guide":"","footnotes":"","_links_to":"","_links_to_target":""},"class_list":["post-1223","page","type-page","status-publish","hentry"],"acf":[],"yoast_head":"<!-- This site is optimized with the Yoast SEO plugin v27.5 - https:\/\/yoast.com\/product\/yoast-seo-wordpress\/ -->\n<title>\u00c4mmaemanda vastuv\u00f5tt - Naistekliinik<\/title>\n<meta name=\"robots\" content=\"index, follow, max-snippet:-1, max-image-preview:large, max-video-preview:-1\" \/>\n<link rel=\"canonical\" href=\"https:\/\/www.kliinikum.ee\/naistekliinik\/vastuvotuajad\/ammaemanda-vastuvott\/\" \/>\n<meta property=\"og:locale\" content=\"et_EE\" \/>\n<meta property=\"og:type\" content=\"article\" \/>\n<meta property=\"og:title\" content=\"\u00c4mmaemanda vastuv\u00f5tt - Naistekliinik\" \/>\n<meta property=\"og:description\" content=\"\u00c4MMAEMANDA VASTUV\u00d5TT Naisten\u00f5uandla perekeskuses toimuvale&nbsp;\u00e4mmaemanda vastuv\u00f5tule&nbsp;v\u00f5ite p\u00f6\u00f6rduda, kui: \u00c4mmaemanda vastuv\u00f5tule v\u00f5ib registreeruda klienditeeninduse&nbsp;telefonil 731 9100 (7:30-18:00) ilma saatekirjata ja elukohast...\" \/>\n<meta property=\"og:url\" content=\"https:\/\/www.kliinikum.ee\/naistekliinik\/vastuvotuajad\/ammaemanda-vastuvott\/\" \/>\n<meta property=\"og:site_name\" content=\"Naistekliinik\" \/>\n<meta property=\"article:modified_time\" content=\"2026-01-26T10:35:03+00:00\" \/>\n<meta name=\"twitter:card\" content=\"summary_large_image\" \/>\n<meta name=\"twitter:label1\" content=\"Est. reading time\" \/>\n\t<meta name=\"twitter:data1\" content=\"2 minutit\" \/>\n<script type=\"application\/ld+json\" class=\"yoast-schema-graph\">{\"@context\":\"https:\\\/\\\/schema.org\",\"@graph\":[{\"@type\":\"WebPage\",\"@id\":\"https:\\\/\\\/www.kliinikum.ee\\\/naistekliinik\\\/vastuvotuajad\\\/ammaemanda-vastuvott\\\/\",\"url\":\"https:\\\/\\\/www.kliinikum.ee\\\/naistekliinik\\\/vastuvotuajad\\\/ammaemanda-vastuvott\\\/\",\"name\":\"\u00c4mmaemanda vastuv\u00f5tt - Naistekliinik\",\"isPartOf\":{\"@id\":\"https:\\\/\\\/www.kliinikum.ee\\\/naistekliinik\\\/#website\"},\"datePublished\":\"2020-12-08T10:30:59+00:00\",\"dateModified\":\"2026-01-26T10:35:03+00:00\",\"breadcrumb\":{\"@id\":\"https:\\\/\\\/www.kliinikum.ee\\\/naistekliinik\\\/vastuvotuajad\\\/ammaemanda-vastuvott\\\/#breadcrumb\"},\"inLanguage\":\"et\",\"potentialAction\":[{\"@type\":\"ReadAction\",\"target\":[\"https:\\\/\\\/www.kliinikum.ee\\\/naistekliinik\\\/vastuvotuajad\\\/ammaemanda-vastuvott\\\/\"]}]},{\"@type\":\"BreadcrumbList\",\"@id\":\"https:\\\/\\\/www.kliinikum.ee\\\/naistekliinik\\\/vastuvotuajad\\\/ammaemanda-vastuvott\\\/#breadcrumb\",\"itemListElement\":[{\"@type\":\"ListItem\",\"position\":1,\"name\":\"Home\",\"item\":\"https:\\\/\\\/www.kliinikum.ee\\\/naistekliinik\\\/\"},{\"@type\":\"ListItem\",\"position\":2,\"name\":\"Erakorraline abi\",\"item\":\"https:\\\/\\\/www.kliinikum.ee\\\/naistekliinik\\\/vastuvotuajad\\\/\"},{\"@type\":\"ListItem\",\"position\":3,\"name\":\"\u00c4mmaemanda vastuv\u00f5tt\"}]},{\"@type\":\"WebSite\",\"@id\":\"https:\\\/\\\/www.kliinikum.ee\\\/naistekliinik\\\/#website\",\"url\":\"https:\\\/\\\/www.kliinikum.ee\\\/naistekliinik\\\/\",\"name\":\"Naistekliinik\",\"description\":\"Hoolivus P\u00e4devus Usaldusv\u00e4\u00e4rsus\",\"potentialAction\":[{\"@type\":\"SearchAction\",\"target\":{\"@type\":\"EntryPoint\",\"urlTemplate\":\"https:\\\/\\\/www.kliinikum.ee\\\/naistekliinik\\\/?s={search_term_string}\"},\"query-input\":{\"@type\":\"PropertyValueSpecification\",\"valueRequired\":true,\"valueName\":\"search_term_string\"}}],\"inLanguage\":\"et\"}]}<\/script>\n<!-- \/ Yoast SEO plugin. -->","yoast_head_json":{"title":"\u00c4mmaemanda vastuv\u00f5tt - Naistekliinik","robots":{"index":"index","follow":"follow","max-snippet":"max-snippet:-1","max-image-preview":"max-image-preview:large","max-video-preview":"max-video-preview:-1"},"canonical":"https:\/\/www.kliinikum.ee\/naistekliinik\/vastuvotuajad\/ammaemanda-vastuvott\/","og_locale":"et_EE","og_type":"article","og_title":"\u00c4mmaemanda vastuv\u00f5tt - Naistekliinik","og_description":"\u00c4MMAEMANDA VASTUV\u00d5TT Naisten\u00f5uandla perekeskuses toimuvale&nbsp;\u00e4mmaemanda vastuv\u00f5tule&nbsp;v\u00f5ite p\u00f6\u00f6rduda, kui: \u00c4mmaemanda vastuv\u00f5tule v\u00f5ib registreeruda klienditeeninduse&nbsp;telefonil 731 9100 (7:30-18:00) ilma saatekirjata ja elukohast...","og_url":"https:\/\/www.kliinikum.ee\/naistekliinik\/vastuvotuajad\/ammaemanda-vastuvott\/","og_site_name":"Naistekliinik","article_modified_time":"2026-01-26T10:35:03+00:00","twitter_card":"summary_large_image","twitter_misc":{"Est. reading time":"2 minutit"},"schema":{"@context":"https:\/\/schema.org","@graph":[{"@type":"WebPage","@id":"https:\/\/www.kliinikum.ee\/naistekliinik\/vastuvotuajad\/ammaemanda-vastuvott\/","url":"https:\/\/www.kliinikum.ee\/naistekliinik\/vastuvotuajad\/ammaemanda-vastuvott\/","name":"\u00c4mmaemanda vastuv\u00f5tt - Naistekliinik","isPartOf":{"@id":"https:\/\/www.kliinikum.ee\/naistekliinik\/#website"},"datePublished":"2020-12-08T10:30:59+00:00","dateModified":"2026-01-26T10:35:03+00:00","breadcrumb":{"@id":"https:\/\/www.kliinikum.ee\/naistekliinik\/vastuvotuajad\/ammaemanda-vastuvott\/#breadcrumb"},"inLanguage":"et","potentialAction":[{"@type":"ReadAction","target":["https:\/\/www.kliinikum.ee\/naistekliinik\/vastuvotuajad\/ammaemanda-vastuvott\/"]}]},{"@type":"BreadcrumbList","@id":"https:\/\/www.kliinikum.ee\/naistekliinik\/vastuvotuajad\/ammaemanda-vastuvott\/#breadcrumb","itemListElement":[{"@type":"ListItem","position":1,"name":"Home","item":"https:\/\/www.kliinikum.ee\/naistekliinik\/"},{"@type":"ListItem","position":2,"name":"Erakorraline abi","item":"https:\/\/www.kliinikum.ee\/naistekliinik\/vastuvotuajad\/"},{"@type":"ListItem","position":3,"name":"\u00c4mmaemanda vastuv\u00f5tt"}]},{"@type":"WebSite","@id":"https:\/\/www.kliinikum.ee\/naistekliinik\/#website","url":"https:\/\/www.kliinikum.ee\/naistekliinik\/","name":"Naistekliinik","description":"Hoolivus P\u00e4devus Usaldusv\u00e4\u00e4rsus","potentialAction":[{"@type":"SearchAction","target":{"@type":"EntryPoint","urlTemplate":"https:\/\/www.kliinikum.ee\/naistekliinik\/?s={search_term_string}"},"query-input":{"@type":"PropertyValueSpecification","valueRequired":true,"valueName":"search_term_string"}}],"inLanguage":"et"}]}},"coauthors":[],"author_meta":{"author_link":"https:\/\/www.kliinikum.ee\/naistekliinik\/author\/haldur\/","display_name":"Haldur"},"relative_dates":{"created":"Posted 5 aastat ago","modified":"Updated 3 kuud ago"},"absolute_dates":{"created":"Posted on 8. dets. 2020","modified":"Updated on 26. jaan. 2026"},"absolute_dates_time":{"created":"Posted on 8. dets. 2020 12:30","modified":"Updated on 26. jaan. 2026 12:35"},"featured_img_caption":"","featured_img":false,"series_order":"","_links":{"self":[{"href":"https:\/\/www.kliinikum.ee\/naistekliinik\/wp-json\/wp\/v2\/pages\/1223","targetHints":{"allow":["GET"]}}],"collection":[{"href":"https:\/\/www.kliinikum.ee\/naistekliinik\/wp-json\/wp\/v2\/pages"}],"about":[{"href":"https:\/\/www.kliinikum.ee\/naistekliinik\/wp-json\/wp\/v2\/types\/page"}],"author":[{"embeddable":true,"href":"https:\/\/www.kliinikum.ee\/naistekliinik\/wp-json\/wp\/v2\/users\/11"}],"replies":[{"embeddable":true,"href":"https:\/\/www.kliinikum.ee\/naistekliinik\/wp-json\/wp\/v2\/comments?post=1223"}],"version-history":[{"count":0,"href":"https:\/\/www.kliinikum.ee\/naistekliinik\/wp-json\/wp\/v2\/pages\/1223\/revisions"}],"up":[{"embeddable":true,"href":"https:\/\/www.kliinikum.ee\/naistekliinik\/wp-json\/wp\/v2\/pages\/63"}],"wp:attachment":[{"href":"https:\/\/www.kliinikum.ee\/naistekliinik\/wp-json\/wp\/v2\/media?parent=1223"}],"curies":[{"name":"wp","href":"https:\/\/api.w.org\/{rel}","templated":true}]}}