{"id":1231,"date":"2020-12-08T12:33:43","date_gmt":"2020-12-08T10:33:43","guid":{"rendered":"https:\/\/www.kliinikum.ee\/naistekliinik\/?page_id=1231"},"modified":"2025-01-06T15:01:31","modified_gmt":"2025-01-06T13:01:31","slug":"sisehaiguste-arsti-vastuvott-rasedatele","status":"publish","type":"page","link":"https:\/\/www.kliinikum.ee\/naistekliinik\/vastuvotuajad\/sisehaiguste-arsti-vastuvott-rasedatele\/","title":{"rendered":"Sisehaiguste arsti vastuv\u00f5tt rasedatele"},"content":{"rendered":"<div id=\"acf-block-block_309df3cb43be973ae39e47f864e857c9\" class=\"acf-block-element  block-accordion\">\r\n<div class=\"accordion\" id=\"accordion-block_309df3cb43be973ae39e47f864e857c9\"><div class=\"card\"><div class=\"card-header\" id=\"heading1-block_309df3cb43be973ae39e47f864e857c9\"><button type=\"button\" class=\"collapsed\" data-toggle=\"collapse\" data-target=\"#collapse1-block_309df3cb43be973ae39e47f864e857c9\" aria-controls=\"collapse1-block_309df3cb43be973ae39e47f864e857c9\">Sisehaiguste arsti vastuv\u00f5tt<\/button><\/div><div id=\"collapse1-block_309df3cb43be973ae39e47f864e857c9\" class=\"collapse\" aria-labelledby=\"heading1-block_309df3cb43be973ae39e47f864e857c9\" data-parent=\"#accordion-block_309df3cb43be973ae39e47f864e857c9\"><div class=\"card-body\"><div class=\"gutenberg-content\"><table>\n<tbody>\n<tr>\n<td width=\"131\">Dr. Anne Kirss, sisearst<\/td>\n<td width=\"101\">Esmasp\u00e4ev<\/td>\n<td width=\"119\">148<\/p>\n<p>Tel. 7\u00a0319 944<\/td>\n<td width=\"123\">14.00-18.00<\/td>\n<td width=\"128\">Sisearsti vastuv\u00f5tt naistekliiniku patsientidele<\/td>\n<\/tr>\n<tr>\n<td width=\"131\">&nbsp;<\/td>\n<td width=\"101\">Teisip\u00e4ev<\/td>\n<td width=\"119\">148<\/p>\n<p>Tel. 7\u00a0319 944<\/td>\n<td width=\"123\">8.30-12.30<\/td>\n<td width=\"128\">Sisearsti vastuv\u00f5tt naistekliiniku patsientidele<\/td>\n<\/tr>\n<tr>\n<td width=\"131\">&nbsp;<\/td>\n<td width=\"101\">Neljap\u00e4ev<\/td>\n<td width=\"119\">148<\/p>\n<p>Tel. 7\u00a0319 944<\/td>\n<td width=\"123\">8.30-12.30<\/td>\n<td width=\"128\">Sisearsti vastuv\u00f5tt naistekliiniku patsientidele<\/td>\n<\/tr>\n<\/tbody>\n<\/table>\n<\/div><\/div><\/div><\/div><\/div><\/div>","protected":false},"excerpt":{"rendered":"","protected":false},"author":11,"featured_media":0,"parent":63,"menu_order":20,"comment_status":"closed","ping_status":"closed","template":"","meta":{"_acf_changed":false,"inline_featured_image":false,"advgb_blocks_editor_width":"","advgb_blocks_columns_visual_guide":"","footnotes":"","_links_to":"","_links_to_target":""},"class_list":["post-1231","page","type-page","status-publish","hentry"],"acf":[],"yoast_head":"<!-- This site is optimized with the Yoast SEO plugin v27.5 - https:\/\/yoast.com\/product\/yoast-seo-wordpress\/ -->\n<title>Sisehaiguste arsti vastuv\u00f5tt rasedatele - Naistekliinik<\/title>\n<meta name=\"robots\" content=\"index, follow, max-snippet:-1, max-image-preview:large, max-video-preview:-1\" \/>\n<link rel=\"canonical\" href=\"https:\/\/www.kliinikum.ee\/naistekliinik\/vastuvotuajad\/sisehaiguste-arsti-vastuvott-rasedatele\/\" \/>\n<meta property=\"og:locale\" content=\"et_EE\" \/>\n<meta property=\"og:type\" content=\"article\" \/>\n<meta property=\"og:title\" content=\"Sisehaiguste arsti vastuv\u00f5tt rasedatele - Naistekliinik\" \/>\n<meta property=\"og:url\" content=\"https:\/\/www.kliinikum.ee\/naistekliinik\/vastuvotuajad\/sisehaiguste-arsti-vastuvott-rasedatele\/\" \/>\n<meta property=\"og:site_name\" content=\"Naistekliinik\" \/>\n<meta property=\"article:modified_time\" content=\"2025-01-06T13:01:31+00:00\" \/>\n<meta name=\"twitter:card\" content=\"summary_large_image\" \/>\n<script type=\"application\/ld+json\" class=\"yoast-schema-graph\">{\"@context\":\"https:\\\/\\\/schema.org\",\"@graph\":[{\"@type\":\"WebPage\",\"@id\":\"https:\\\/\\\/www.kliinikum.ee\\\/naistekliinik\\\/vastuvotuajad\\\/sisehaiguste-arsti-vastuvott-rasedatele\\\/\",\"url\":\"https:\\\/\\\/www.kliinikum.ee\\\/naistekliinik\\\/vastuvotuajad\\\/sisehaiguste-arsti-vastuvott-rasedatele\\\/\",\"name\":\"Sisehaiguste arsti vastuv\u00f5tt rasedatele - Naistekliinik\",\"isPartOf\":{\"@id\":\"https:\\\/\\\/www.kliinikum.ee\\\/naistekliinik\\\/#website\"},\"datePublished\":\"2020-12-08T10:33:43+00:00\",\"dateModified\":\"2025-01-06T13:01:31+00:00\",\"breadcrumb\":{\"@id\":\"https:\\\/\\\/www.kliinikum.ee\\\/naistekliinik\\\/vastuvotuajad\\\/sisehaiguste-arsti-vastuvott-rasedatele\\\/#breadcrumb\"},\"inLanguage\":\"et\",\"potentialAction\":[{\"@type\":\"ReadAction\",\"target\":[\"https:\\\/\\\/www.kliinikum.ee\\\/naistekliinik\\\/vastuvotuajad\\\/sisehaiguste-arsti-vastuvott-rasedatele\\\/\"]}]},{\"@type\":\"BreadcrumbList\",\"@id\":\"https:\\\/\\\/www.kliinikum.ee\\\/naistekliinik\\\/vastuvotuajad\\\/sisehaiguste-arsti-vastuvott-rasedatele\\\/#breadcrumb\",\"itemListElement\":[{\"@type\":\"ListItem\",\"position\":1,\"name\":\"Home\",\"item\":\"https:\\\/\\\/www.kliinikum.ee\\\/naistekliinik\\\/\"},{\"@type\":\"ListItem\",\"position\":2,\"name\":\"Erakorraline abi\",\"item\":\"https:\\\/\\\/www.kliinikum.ee\\\/naistekliinik\\\/vastuvotuajad\\\/\"},{\"@type\":\"ListItem\",\"position\":3,\"name\":\"Sisehaiguste arsti vastuv\u00f5tt rasedatele\"}]},{\"@type\":\"WebSite\",\"@id\":\"https:\\\/\\\/www.kliinikum.ee\\\/naistekliinik\\\/#website\",\"url\":\"https:\\\/\\\/www.kliinikum.ee\\\/naistekliinik\\\/\",\"name\":\"Naistekliinik\",\"description\":\"Hoolivus P\u00e4devus Usaldusv\u00e4\u00e4rsus\",\"potentialAction\":[{\"@type\":\"SearchAction\",\"target\":{\"@type\":\"EntryPoint\",\"urlTemplate\":\"https:\\\/\\\/www.kliinikum.ee\\\/naistekliinik\\\/?s={search_term_string}\"},\"query-input\":{\"@type\":\"PropertyValueSpecification\",\"valueRequired\":true,\"valueName\":\"search_term_string\"}}],\"inLanguage\":\"et\"}]}<\/script>\n<!-- \/ Yoast SEO plugin. -->","yoast_head_json":{"title":"Sisehaiguste arsti vastuv\u00f5tt rasedatele - Naistekliinik","robots":{"index":"index","follow":"follow","max-snippet":"max-snippet:-1","max-image-preview":"max-image-preview:large","max-video-preview":"max-video-preview:-1"},"canonical":"https:\/\/www.kliinikum.ee\/naistekliinik\/vastuvotuajad\/sisehaiguste-arsti-vastuvott-rasedatele\/","og_locale":"et_EE","og_type":"article","og_title":"Sisehaiguste arsti vastuv\u00f5tt rasedatele - Naistekliinik","og_url":"https:\/\/www.kliinikum.ee\/naistekliinik\/vastuvotuajad\/sisehaiguste-arsti-vastuvott-rasedatele\/","og_site_name":"Naistekliinik","article_modified_time":"2025-01-06T13:01:31+00:00","twitter_card":"summary_large_image","schema":{"@context":"https:\/\/schema.org","@graph":[{"@type":"WebPage","@id":"https:\/\/www.kliinikum.ee\/naistekliinik\/vastuvotuajad\/sisehaiguste-arsti-vastuvott-rasedatele\/","url":"https:\/\/www.kliinikum.ee\/naistekliinik\/vastuvotuajad\/sisehaiguste-arsti-vastuvott-rasedatele\/","name":"Sisehaiguste arsti vastuv\u00f5tt rasedatele - Naistekliinik","isPartOf":{"@id":"https:\/\/www.kliinikum.ee\/naistekliinik\/#website"},"datePublished":"2020-12-08T10:33:43+00:00","dateModified":"2025-01-06T13:01:31+00:00","breadcrumb":{"@id":"https:\/\/www.kliinikum.ee\/naistekliinik\/vastuvotuajad\/sisehaiguste-arsti-vastuvott-rasedatele\/#breadcrumb"},"inLanguage":"et","potentialAction":[{"@type":"ReadAction","target":["https:\/\/www.kliinikum.ee\/naistekliinik\/vastuvotuajad\/sisehaiguste-arsti-vastuvott-rasedatele\/"]}]},{"@type":"BreadcrumbList","@id":"https:\/\/www.kliinikum.ee\/naistekliinik\/vastuvotuajad\/sisehaiguste-arsti-vastuvott-rasedatele\/#breadcrumb","itemListElement":[{"@type":"ListItem","position":1,"name":"Home","item":"https:\/\/www.kliinikum.ee\/naistekliinik\/"},{"@type":"ListItem","position":2,"name":"Erakorraline abi","item":"https:\/\/www.kliinikum.ee\/naistekliinik\/vastuvotuajad\/"},{"@type":"ListItem","position":3,"name":"Sisehaiguste arsti vastuv\u00f5tt rasedatele"}]},{"@type":"WebSite","@id":"https:\/\/www.kliinikum.ee\/naistekliinik\/#website","url":"https:\/\/www.kliinikum.ee\/naistekliinik\/","name":"Naistekliinik","description":"Hoolivus P\u00e4devus Usaldusv\u00e4\u00e4rsus","potentialAction":[{"@type":"SearchAction","target":{"@type":"EntryPoint","urlTemplate":"https:\/\/www.kliinikum.ee\/naistekliinik\/?s={search_term_string}"},"query-input":{"@type":"PropertyValueSpecification","valueRequired":true,"valueName":"search_term_string"}}],"inLanguage":"et"}]}},"coauthors":[],"author_meta":{"author_link":"https:\/\/www.kliinikum.ee\/naistekliinik\/author\/haldur\/","display_name":"Haldur"},"relative_dates":{"created":"Posted 5 aastat ago","modified":"Updated 1 aasta ago"},"absolute_dates":{"created":"Posted on 8. dets. 2020","modified":"Updated on 6. jaan. 2025"},"absolute_dates_time":{"created":"Posted on 8. dets. 2020 12:33","modified":"Updated on 6. jaan. 2025 03:01"},"featured_img_caption":"","featured_img":false,"series_order":"","_links":{"self":[{"href":"https:\/\/www.kliinikum.ee\/naistekliinik\/wp-json\/wp\/v2\/pages\/1231","targetHints":{"allow":["GET"]}}],"collection":[{"href":"https:\/\/www.kliinikum.ee\/naistekliinik\/wp-json\/wp\/v2\/pages"}],"about":[{"href":"https:\/\/www.kliinikum.ee\/naistekliinik\/wp-json\/wp\/v2\/types\/page"}],"author":[{"embeddable":true,"href":"https:\/\/www.kliinikum.ee\/naistekliinik\/wp-json\/wp\/v2\/users\/11"}],"replies":[{"embeddable":true,"href":"https:\/\/www.kliinikum.ee\/naistekliinik\/wp-json\/wp\/v2\/comments?post=1231"}],"version-history":[{"count":0,"href":"https:\/\/www.kliinikum.ee\/naistekliinik\/wp-json\/wp\/v2\/pages\/1231\/revisions"}],"up":[{"embeddable":true,"href":"https:\/\/www.kliinikum.ee\/naistekliinik\/wp-json\/wp\/v2\/pages\/63"}],"wp:attachment":[{"href":"https:\/\/www.kliinikum.ee\/naistekliinik\/wp-json\/wp\/v2\/media?parent=1231"}],"curies":[{"name":"wp","href":"https:\/\/api.w.org\/{rel}","templated":true}]}}