{"id":1266,"date":"2020-12-16T14:37:51","date_gmt":"2020-12-16T12:37:51","guid":{"rendered":"https:\/\/www.kliinikum.ee\/naistekliinik\/?page_id=1266"},"modified":"2026-03-17T09:05:43","modified_gmt":"2026-03-17T07:05:43","slug":"soeluuringud-naistele","status":"publish","type":"page","link":"https:\/\/www.kliinikum.ee\/naistekliinik\/patsiendile\/soeluuringud-naistele\/","title":{"rendered":"S\u00f5eluuringud"},"content":{"rendered":"\n<div class=\"wp-block-columns is-layout-flex wp-container-core-columns-is-layout-9d6595d7 wp-block-columns-is-layout-flex\">\n<div class=\"wp-block-column is-layout-flow wp-block-column-is-layout-flow\">\n<h3 class=\"wp-block-heading wp-el\"><strong>Emakakaelav\u00e4hi s\u00f5eluuring<\/strong><\/h3>\n\n\n\n<p class=\"wp-el\"><strong>M\u00f5eldud 30-65 aastastele ravikindlustatud ja ravikindlustamata naistele emakakaela v\u00e4hi varajaseks avastamiseks ja ennetamiseks.<\/strong><\/p>\n\n\n\n<p class=\"wp-el\">2026. aastal on kutsutud emakakaelav\u00e4hi s\u00f5eluuringule ravikindlustatud ja ravikindlustamata naised s\u00fcnniaastaga <strong>1961, 1966, 1971, 1976, 1981, 1986, 1991, 1996.<\/strong><\/p>\n\n\n\n<p class=\"wp-el\">Uuringut teostatakse nii naistekliiniku n\u00f5uandlas ja perekeskuses (L. Puusepa 8), Maarjam\u00f5isa tervisekeskuses (L. Puusepa 1a) kui ka Tartu Tervisekeskuses (M\u00f5isavahe 34b).<\/p>\n\n\n\n<p class=\"wp-el\">Kodutesti on v\u00f5imalik tellida <a href=\"https:\/\/patsient.kliinikum.ee\/hpv\/\">siit<\/a><\/p>\n\n\n\n<p class=\"wp-el\">S\u00f5eluuringul osalemiseks ei ole vaja j\u00e4\u00e4da kutset ootama. Sihtr\u00fchma kuuluvad isikud leiavad kutse&nbsp;<a href=\"https:\/\/www.terviseportaal.ee\/\">Terviseportaalist<\/a>. S\u00f5eluuringute kutsed saadetakse ka elektrooniliselt eesti.ee portaalis m\u00e4rgitud meiliaadressile.<\/p>\n\n\n\n<p class=\"wp-el\">Vastuv\u00f5tule registreerumiseks helistage <strong>etteregistreerumiskeskuse telefonil 731 9100<\/strong> v\u00f5i broneerige aeg <a href=\"https:\/\/www.terviseportaal.ee\/\">Terviseportaalis<\/a><\/p>\n\n\n\n<p class=\"wp-el\"><strong>Saatekirja ei ole vaja<\/strong><\/p>\n\n\n\n<p class=\"wp-el\">Emakakaelav\u00e4hi s\u00f5eluuringule registreerimine telefonil <strong>7319100 <\/strong>                                                            <\/p>\n\n\n\n<p class=\"wp-el\">Rohkem infot:<a href=\"https:\/\/soeluuring.ee\/emakakaelavahk\/\" target=\"_blank\" rel=\"noreferrer noopener\"> www.soeluuring.ee<\/a><\/p>\n<\/div>\n\n\n\n<div class=\"wp-block-column is-layout-flow wp-block-column-is-layout-flow\">\n<h3 class=\"wp-block-heading wp-el\"><strong>Rinnav\u00e4hi s\u00f5eluuring<\/strong><\/h3>\n\n\n\n<p class=\"wp-el\"><strong>Eestis kutsutakse rinnav\u00e4hi s\u00f5eluuringule 50\u201374-aastaseid&nbsp;ravikindlustatud ja ravikindlustamata<\/strong> <strong>naisi iga kahe aasta j\u00e4rel.<\/strong><\/p>\n\n\n\n<p class=\"wp-el\">Rinnav\u00e4hki on v\u00f5imalik avastada enne, kui kasvaja on tekitanud kaebusi ja organismis levima hakanud. Rinnav\u00e4hi varajane avastamine on \u00fclioluline, kuna v\u00f5imaldab alustada ravi \u00f5igeaegselt.<\/p>\n\n\n\n<p class=\"wp-el\">S\u00f5eluuringu k\u00e4igus kasutatakse&nbsp;<strong>rinnan\u00e4\u00e4rme radioloogiline uuring ehk mammograafia.<\/strong>&nbsp;Mammograafia on v\u00e4ikese kiirgusdoosiga, mis on tervisele ohutu.<\/p>\n\n\n\n<p class=\"wp-el\">2026. aastal kutsutakse rinnav\u00e4hi s\u00f5eluuringule k\u00f5iki naisi s\u00fcnniaastatega <strong>1952, 1954, 1956, 1958, 1960, 1962, 1964, 1966, 1968, 1970, 1972, 1974, 1976<\/strong><\/p>\n\n\n\n<p class=\"wp-el\">Uuringut saab teha SA Tartu \u00dclikooli Kliinikumis aadressil L. Puusepa 8, Riia 2 (Kvartali kaubanduskeskuse 1 korrusel) ja <a href=\"https:\/\/www.kliinikum.ee\/patsiendile\/ennetus\/rinnavahi-soeluuring\/\">Mammobussis<\/a>.<\/p>\n\n\n\n<p class=\"wp-el\">Rinnav\u00e4hi s\u00f5eluuringule registreerimine telefonil <strong>7319411 <\/strong> v\u00f5i broneerige aeg <a href=\"https:\/\/www.terviseportaal.ee\/\">Terviseportaalis<\/a><\/p>\n\n\n\n<p class=\"wp-el\">Rohkem infot: <a href=\"https:\/\/soeluuring.ee\/rinnavahk\/\">www.soeluuring.e<\/a><a href=\"https:\/\/soeluuring.ee\/rinnavahk\/\" target=\"_blank\" rel=\"noreferrer noopener\">e<\/a><\/p>\n<\/div>\n<\/div>\n","protected":false},"excerpt":{"rendered":"<p>Emakakaelav\u00e4hi s\u00f5eluuring M\u00f5eldud 30-65 aastastele ravikindlustatud ja ravikindlustamata naistele emakakaela v\u00e4hi varajaseks avastamiseks ja ennetamiseks. 2026. aastal on kutsutud emakakaelav\u00e4hi&#8230;<\/p>\n","protected":false},"author":11,"featured_media":0,"parent":418,"menu_order":55,"comment_status":"closed","ping_status":"closed","template":"","meta":{"_acf_changed":false,"inline_featured_image":false,"advgb_blocks_editor_width":"","advgb_blocks_columns_visual_guide":"","footnotes":"","_links_to":"","_links_to_target":""},"class_list":["post-1266","page","type-page","status-publish","hentry"],"acf":[],"yoast_head":"<!-- This site is optimized with the Yoast SEO plugin v27.3 - https:\/\/yoast.com\/product\/yoast-seo-wordpress\/ -->\n<title>S\u00f5eluuringud - Naistekliinik<\/title>\n<meta name=\"robots\" content=\"index, follow, max-snippet:-1, max-image-preview:large, max-video-preview:-1\" \/>\n<link rel=\"canonical\" href=\"https:\/\/www.kliinikum.ee\/naistekliinik\/patsiendile\/soeluuringud-naistele\/\" \/>\n<meta property=\"og:locale\" content=\"et_EE\" \/>\n<meta property=\"og:type\" content=\"article\" \/>\n<meta property=\"og:title\" content=\"S\u00f5eluuringud - Naistekliinik\" \/>\n<meta property=\"og:description\" content=\"Emakakaelav\u00e4hi s\u00f5eluuring M\u00f5eldud 30-65 aastastele ravikindlustatud ja ravikindlustamata naistele emakakaela v\u00e4hi varajaseks avastamiseks ja ennetamiseks. 2026. aastal on kutsutud emakakaelav\u00e4hi...\" \/>\n<meta property=\"og:url\" content=\"https:\/\/www.kliinikum.ee\/naistekliinik\/patsiendile\/soeluuringud-naistele\/\" \/>\n<meta property=\"og:site_name\" content=\"Naistekliinik\" \/>\n<meta property=\"article:modified_time\" content=\"2026-03-17T07:05:43+00:00\" \/>\n<meta name=\"twitter:card\" content=\"summary_large_image\" \/>\n<meta name=\"twitter:label1\" content=\"Est. reading time\" \/>\n\t<meta name=\"twitter:data1\" content=\"2 minutit\" \/>\n<script type=\"application\/ld+json\" class=\"yoast-schema-graph\">{\"@context\":\"https:\\\/\\\/schema.org\",\"@graph\":[{\"@type\":\"WebPage\",\"@id\":\"https:\\\/\\\/www.kliinikum.ee\\\/naistekliinik\\\/patsiendile\\\/soeluuringud-naistele\\\/\",\"url\":\"https:\\\/\\\/www.kliinikum.ee\\\/naistekliinik\\\/patsiendile\\\/soeluuringud-naistele\\\/\",\"name\":\"S\u00f5eluuringud - Naistekliinik\",\"isPartOf\":{\"@id\":\"https:\\\/\\\/www.kliinikum.ee\\\/naistekliinik\\\/#website\"},\"datePublished\":\"2020-12-16T12:37:51+00:00\",\"dateModified\":\"2026-03-17T07:05:43+00:00\",\"breadcrumb\":{\"@id\":\"https:\\\/\\\/www.kliinikum.ee\\\/naistekliinik\\\/patsiendile\\\/soeluuringud-naistele\\\/#breadcrumb\"},\"inLanguage\":\"et\",\"potentialAction\":[{\"@type\":\"ReadAction\",\"target\":[\"https:\\\/\\\/www.kliinikum.ee\\\/naistekliinik\\\/patsiendile\\\/soeluuringud-naistele\\\/\"]}]},{\"@type\":\"BreadcrumbList\",\"@id\":\"https:\\\/\\\/www.kliinikum.ee\\\/naistekliinik\\\/patsiendile\\\/soeluuringud-naistele\\\/#breadcrumb\",\"itemListElement\":[{\"@type\":\"ListItem\",\"position\":1,\"name\":\"Home\",\"item\":\"https:\\\/\\\/www.kliinikum.ee\\\/naistekliinik\\\/\"},{\"@type\":\"ListItem\",\"position\":2,\"name\":\"Patsiendile\",\"item\":\"https:\\\/\\\/www.kliinikum.ee\\\/naistekliinik\\\/patsiendile\\\/\"},{\"@type\":\"ListItem\",\"position\":3,\"name\":\"S\u00f5eluuringud\"}]},{\"@type\":\"WebSite\",\"@id\":\"https:\\\/\\\/www.kliinikum.ee\\\/naistekliinik\\\/#website\",\"url\":\"https:\\\/\\\/www.kliinikum.ee\\\/naistekliinik\\\/\",\"name\":\"Naistekliinik\",\"description\":\"Hoolivus P\u00e4devus Usaldusv\u00e4\u00e4rsus\",\"potentialAction\":[{\"@type\":\"SearchAction\",\"target\":{\"@type\":\"EntryPoint\",\"urlTemplate\":\"https:\\\/\\\/www.kliinikum.ee\\\/naistekliinik\\\/?s={search_term_string}\"},\"query-input\":{\"@type\":\"PropertyValueSpecification\",\"valueRequired\":true,\"valueName\":\"search_term_string\"}}],\"inLanguage\":\"et\"}]}<\/script>\n<!-- \/ Yoast SEO plugin. -->","yoast_head_json":{"title":"S\u00f5eluuringud - Naistekliinik","robots":{"index":"index","follow":"follow","max-snippet":"max-snippet:-1","max-image-preview":"max-image-preview:large","max-video-preview":"max-video-preview:-1"},"canonical":"https:\/\/www.kliinikum.ee\/naistekliinik\/patsiendile\/soeluuringud-naistele\/","og_locale":"et_EE","og_type":"article","og_title":"S\u00f5eluuringud - Naistekliinik","og_description":"Emakakaelav\u00e4hi s\u00f5eluuring M\u00f5eldud 30-65 aastastele ravikindlustatud ja ravikindlustamata naistele emakakaela v\u00e4hi varajaseks avastamiseks ja ennetamiseks. 2026. aastal on kutsutud emakakaelav\u00e4hi...","og_url":"https:\/\/www.kliinikum.ee\/naistekliinik\/patsiendile\/soeluuringud-naistele\/","og_site_name":"Naistekliinik","article_modified_time":"2026-03-17T07:05:43+00:00","twitter_card":"summary_large_image","twitter_misc":{"Est. reading time":"2 minutit"},"schema":{"@context":"https:\/\/schema.org","@graph":[{"@type":"WebPage","@id":"https:\/\/www.kliinikum.ee\/naistekliinik\/patsiendile\/soeluuringud-naistele\/","url":"https:\/\/www.kliinikum.ee\/naistekliinik\/patsiendile\/soeluuringud-naistele\/","name":"S\u00f5eluuringud - Naistekliinik","isPartOf":{"@id":"https:\/\/www.kliinikum.ee\/naistekliinik\/#website"},"datePublished":"2020-12-16T12:37:51+00:00","dateModified":"2026-03-17T07:05:43+00:00","breadcrumb":{"@id":"https:\/\/www.kliinikum.ee\/naistekliinik\/patsiendile\/soeluuringud-naistele\/#breadcrumb"},"inLanguage":"et","potentialAction":[{"@type":"ReadAction","target":["https:\/\/www.kliinikum.ee\/naistekliinik\/patsiendile\/soeluuringud-naistele\/"]}]},{"@type":"BreadcrumbList","@id":"https:\/\/www.kliinikum.ee\/naistekliinik\/patsiendile\/soeluuringud-naistele\/#breadcrumb","itemListElement":[{"@type":"ListItem","position":1,"name":"Home","item":"https:\/\/www.kliinikum.ee\/naistekliinik\/"},{"@type":"ListItem","position":2,"name":"Patsiendile","item":"https:\/\/www.kliinikum.ee\/naistekliinik\/patsiendile\/"},{"@type":"ListItem","position":3,"name":"S\u00f5eluuringud"}]},{"@type":"WebSite","@id":"https:\/\/www.kliinikum.ee\/naistekliinik\/#website","url":"https:\/\/www.kliinikum.ee\/naistekliinik\/","name":"Naistekliinik","description":"Hoolivus P\u00e4devus Usaldusv\u00e4\u00e4rsus","potentialAction":[{"@type":"SearchAction","target":{"@type":"EntryPoint","urlTemplate":"https:\/\/www.kliinikum.ee\/naistekliinik\/?s={search_term_string}"},"query-input":{"@type":"PropertyValueSpecification","valueRequired":true,"valueName":"search_term_string"}}],"inLanguage":"et"}]}},"coauthors":[],"author_meta":{"author_link":"https:\/\/www.kliinikum.ee\/naistekliinik\/author\/haldur\/","display_name":"Haldur"},"relative_dates":{"created":"Posted 5 aastat ago","modified":"Updated 1 kuu ago"},"absolute_dates":{"created":"Posted on 16. dets. 2020","modified":"Updated on 17. m\u00e4rts 2026"},"absolute_dates_time":{"created":"Posted on 16. dets. 2020 02:37","modified":"Updated on 17. m\u00e4rts 2026 09:05"},"featured_img_caption":"","featured_img":false,"series_order":"","_links":{"self":[{"href":"https:\/\/www.kliinikum.ee\/naistekliinik\/wp-json\/wp\/v2\/pages\/1266","targetHints":{"allow":["GET"]}}],"collection":[{"href":"https:\/\/www.kliinikum.ee\/naistekliinik\/wp-json\/wp\/v2\/pages"}],"about":[{"href":"https:\/\/www.kliinikum.ee\/naistekliinik\/wp-json\/wp\/v2\/types\/page"}],"author":[{"embeddable":true,"href":"https:\/\/www.kliinikum.ee\/naistekliinik\/wp-json\/wp\/v2\/users\/11"}],"replies":[{"embeddable":true,"href":"https:\/\/www.kliinikum.ee\/naistekliinik\/wp-json\/wp\/v2\/comments?post=1266"}],"version-history":[{"count":0,"href":"https:\/\/www.kliinikum.ee\/naistekliinik\/wp-json\/wp\/v2\/pages\/1266\/revisions"}],"up":[{"embeddable":true,"href":"https:\/\/www.kliinikum.ee\/naistekliinik\/wp-json\/wp\/v2\/pages\/418"}],"wp:attachment":[{"href":"https:\/\/www.kliinikum.ee\/naistekliinik\/wp-json\/wp\/v2\/media?parent=1266"}],"curies":[{"name":"wp","href":"https:\/\/api.w.org\/{rel}","templated":true}]}}