{"id":1355,"date":"2020-12-30T11:18:12","date_gmt":"2020-12-30T09:18:12","guid":{"rendered":"https:\/\/www.kliinikum.ee\/naistekliinik\/?page_id=1355"},"modified":"2026-04-28T19:22:08","modified_gmt":"2026-04-28T16:22:08","slug":"loengute-ajakava","status":"publish","type":"page","link":"https:\/\/www.kliinikum.ee\/naistekliinik\/perekool\/loengute-ajakava\/","title":{"rendered":"Perekooli loengute ajakava"},"content":{"rendered":"\n<h3 class=\"wp-block-heading wp-el\">Veebiloengud ja veebikursuste paketid<\/h3>\n\n\n\n<p class=\"wp-el\">Perekooli loengud on saadaval <strong>veebiloengute ja veebikursuste pakettidena<\/strong>.<\/p>\n\n\n\n<p class=\"wp-el\">Pakume<strong> eesti, vene ja inglise keelseid<\/strong> loenguid, millega tutvuda on v\u00f5imalik <strong><a href=\"https:\/\/www.kliinikum.ee\/naistekliinik\/perekool\/paketid\/\">siin<\/a><\/strong>.<\/p>\n\n\n\n<p class=\"wp-el\"><\/p>\n\n\n\n<p class=\"wp-el\"><strong>Perekooli 2026.a.  I poolaasta veebiloengute ajakava:<\/strong><\/p>\n\n\n\n<p class=\"wp-el\">13.mai<\/p>\n\n\n\n<p class=\"wp-el\">27.mai<\/p>\n\n\n\n<p class=\"wp-el\">10.juuni<\/p>\n\n\n\n<p class=\"wp-el\"><\/p>\n\n\n\n<h3 class=\"wp-block-heading wp-el\">Perekooli kontakt\u00f5pe<\/h3>\n\n\n\n<p class=\"wp-el\">Perekooli kontakt\u00f5pe Tartu \u00dclikooli Kliinikumi Naistekliinikus toimub viiel j\u00e4rjestikusel kolmap\u00e4eval moodul\u00f5ppena kell 17.30 \u2013 19.00. Kursusel osalejate arv on piiratud, osaleda soovitame v\u00e4hemalt peale 20 rasedusn\u00e4dala m\u00f6\u00f6dumisel.<\/p>\n\n\n\n<p class=\"wp-el\"><strong>Kontakt\u00f5ppe 2026.a kevad algusajad:<\/strong><\/p>\n\n\n\n<p class=\"wp-el\">6.mai (GRUPP ON T\u00c4ITUNUD!)<\/p>\n\n\n\n<p class=\"wp-el\">18.mai &#8211; \u00d5pe toimub <strong>esmasp\u00e4eviti <\/strong>kl 17.30-19.00. <a href=\"https:\/\/app.hopitude.com\/et\/workouts\/standalone\/410559\/1779125400000\">(REGISTREERIMINE AVATUD!)<\/a><\/p>\n\n\n\n<h3 class=\"wp-block-heading wp-el\"><strong>Perekooli t\u00f6\u00f6tuba<\/strong><\/h3>\n\n\n\n<p class=\"wp-el\">Perekooli raames <strong>tasuta t\u00f6\u00f6tuba<\/strong> lapseootel peredele. T\u00f6\u00f6tuba viib l\u00e4bi lastearst Dr Eda Tamm.<\/p>\n\n\n\n<p class=\"wp-el\"><strong>T\u00f6\u00f6toa teema: &#8220;Vaktsineerimine raseduse ajal ning imiku vaktsineerimine<\/strong>&#8220;<\/p>\n\n\n\n<p class=\"wp-el\">T\u00f6\u00f6tuba toimub perekeskuse saalis C1035<\/p>\n\n\n\n<p class=\"wp-el\">14.05.2026 kell 16.30 \u2013 17 Dr Eda Tamm<\/p>\n\n\n\n<p class=\"wp-el\"><a href=\"https:\/\/app.hopitude.com\/et\/calendar?cl=2231\">Vajalik etteregistreerimine!<\/a><\/p>\n","protected":false},"excerpt":{"rendered":"<p>Veebiloengud ja veebikursuste paketid Perekooli loengud on saadaval veebiloengute ja veebikursuste pakettidena. Pakume eesti, vene ja inglise keelseid loenguid, millega&#8230;<\/p>\n","protected":false},"author":11,"featured_media":0,"parent":421,"menu_order":0,"comment_status":"closed","ping_status":"closed","template":"","meta":{"_acf_changed":false,"inline_featured_image":false,"advgb_blocks_editor_width":"","advgb_blocks_columns_visual_guide":"","footnotes":"","_links_to":"","_links_to_target":""},"class_list":["post-1355","page","type-page","status-publish","hentry"],"acf":[],"yoast_head":"<!-- This site is optimized with the Yoast SEO plugin v27.3 - https:\/\/yoast.com\/product\/yoast-seo-wordpress\/ -->\n<title>Perekooli loengute ajakava - Naistekliinik<\/title>\n<meta name=\"robots\" content=\"index, follow, max-snippet:-1, max-image-preview:large, max-video-preview:-1\" \/>\n<link rel=\"canonical\" href=\"https:\/\/www.kliinikum.ee\/naistekliinik\/perekool\/loengute-ajakava\/\" \/>\n<meta property=\"og:locale\" content=\"et_EE\" \/>\n<meta property=\"og:type\" content=\"article\" \/>\n<meta property=\"og:title\" content=\"Perekooli loengute ajakava - Naistekliinik\" \/>\n<meta property=\"og:description\" content=\"Veebiloengud ja veebikursuste paketid Perekooli loengud on saadaval veebiloengute ja veebikursuste pakettidena. Pakume eesti, vene ja inglise keelseid loenguid, millega...\" \/>\n<meta property=\"og:url\" content=\"https:\/\/www.kliinikum.ee\/naistekliinik\/perekool\/loengute-ajakava\/\" \/>\n<meta property=\"og:site_name\" content=\"Naistekliinik\" \/>\n<meta property=\"article:modified_time\" content=\"2026-04-28T16:22:08+00:00\" \/>\n<meta name=\"twitter:card\" content=\"summary_large_image\" \/>\n<meta name=\"twitter:label1\" content=\"Est. reading time\" \/>\n\t<meta name=\"twitter:data1\" content=\"1 minut\" \/>\n<script type=\"application\/ld+json\" class=\"yoast-schema-graph\">{\"@context\":\"https:\\\/\\\/schema.org\",\"@graph\":[{\"@type\":\"WebPage\",\"@id\":\"https:\\\/\\\/www.kliinikum.ee\\\/naistekliinik\\\/perekool\\\/loengute-ajakava\\\/\",\"url\":\"https:\\\/\\\/www.kliinikum.ee\\\/naistekliinik\\\/perekool\\\/loengute-ajakava\\\/\",\"name\":\"Perekooli loengute ajakava - Naistekliinik\",\"isPartOf\":{\"@id\":\"https:\\\/\\\/www.kliinikum.ee\\\/naistekliinik\\\/#website\"},\"datePublished\":\"2020-12-30T09:18:12+00:00\",\"dateModified\":\"2026-04-28T16:22:08+00:00\",\"breadcrumb\":{\"@id\":\"https:\\\/\\\/www.kliinikum.ee\\\/naistekliinik\\\/perekool\\\/loengute-ajakava\\\/#breadcrumb\"},\"inLanguage\":\"et\",\"potentialAction\":[{\"@type\":\"ReadAction\",\"target\":[\"https:\\\/\\\/www.kliinikum.ee\\\/naistekliinik\\\/perekool\\\/loengute-ajakava\\\/\"]}]},{\"@type\":\"BreadcrumbList\",\"@id\":\"https:\\\/\\\/www.kliinikum.ee\\\/naistekliinik\\\/perekool\\\/loengute-ajakava\\\/#breadcrumb\",\"itemListElement\":[{\"@type\":\"ListItem\",\"position\":1,\"name\":\"Home\",\"item\":\"https:\\\/\\\/www.kliinikum.ee\\\/naistekliinik\\\/\"},{\"@type\":\"ListItem\",\"position\":2,\"name\":\"Perekool\",\"item\":\"https:\\\/\\\/www.kliinikum.ee\\\/naistekliinik\\\/perekool\\\/\"},{\"@type\":\"ListItem\",\"position\":3,\"name\":\"Perekooli loengute ajakava\"}]},{\"@type\":\"WebSite\",\"@id\":\"https:\\\/\\\/www.kliinikum.ee\\\/naistekliinik\\\/#website\",\"url\":\"https:\\\/\\\/www.kliinikum.ee\\\/naistekliinik\\\/\",\"name\":\"Naistekliinik\",\"description\":\"Hoolivus P\u00e4devus Usaldusv\u00e4\u00e4rsus\",\"potentialAction\":[{\"@type\":\"SearchAction\",\"target\":{\"@type\":\"EntryPoint\",\"urlTemplate\":\"https:\\\/\\\/www.kliinikum.ee\\\/naistekliinik\\\/?s={search_term_string}\"},\"query-input\":{\"@type\":\"PropertyValueSpecification\",\"valueRequired\":true,\"valueName\":\"search_term_string\"}}],\"inLanguage\":\"et\"}]}<\/script>\n<!-- \/ Yoast SEO plugin. -->","yoast_head_json":{"title":"Perekooli loengute ajakava - Naistekliinik","robots":{"index":"index","follow":"follow","max-snippet":"max-snippet:-1","max-image-preview":"max-image-preview:large","max-video-preview":"max-video-preview:-1"},"canonical":"https:\/\/www.kliinikum.ee\/naistekliinik\/perekool\/loengute-ajakava\/","og_locale":"et_EE","og_type":"article","og_title":"Perekooli loengute ajakava - Naistekliinik","og_description":"Veebiloengud ja veebikursuste paketid Perekooli loengud on saadaval veebiloengute ja veebikursuste pakettidena. Pakume eesti, vene ja inglise keelseid loenguid, millega...","og_url":"https:\/\/www.kliinikum.ee\/naistekliinik\/perekool\/loengute-ajakava\/","og_site_name":"Naistekliinik","article_modified_time":"2026-04-28T16:22:08+00:00","twitter_card":"summary_large_image","twitter_misc":{"Est. reading time":"1 minut"},"schema":{"@context":"https:\/\/schema.org","@graph":[{"@type":"WebPage","@id":"https:\/\/www.kliinikum.ee\/naistekliinik\/perekool\/loengute-ajakava\/","url":"https:\/\/www.kliinikum.ee\/naistekliinik\/perekool\/loengute-ajakava\/","name":"Perekooli loengute ajakava - Naistekliinik","isPartOf":{"@id":"https:\/\/www.kliinikum.ee\/naistekliinik\/#website"},"datePublished":"2020-12-30T09:18:12+00:00","dateModified":"2026-04-28T16:22:08+00:00","breadcrumb":{"@id":"https:\/\/www.kliinikum.ee\/naistekliinik\/perekool\/loengute-ajakava\/#breadcrumb"},"inLanguage":"et","potentialAction":[{"@type":"ReadAction","target":["https:\/\/www.kliinikum.ee\/naistekliinik\/perekool\/loengute-ajakava\/"]}]},{"@type":"BreadcrumbList","@id":"https:\/\/www.kliinikum.ee\/naistekliinik\/perekool\/loengute-ajakava\/#breadcrumb","itemListElement":[{"@type":"ListItem","position":1,"name":"Home","item":"https:\/\/www.kliinikum.ee\/naistekliinik\/"},{"@type":"ListItem","position":2,"name":"Perekool","item":"https:\/\/www.kliinikum.ee\/naistekliinik\/perekool\/"},{"@type":"ListItem","position":3,"name":"Perekooli loengute ajakava"}]},{"@type":"WebSite","@id":"https:\/\/www.kliinikum.ee\/naistekliinik\/#website","url":"https:\/\/www.kliinikum.ee\/naistekliinik\/","name":"Naistekliinik","description":"Hoolivus P\u00e4devus Usaldusv\u00e4\u00e4rsus","potentialAction":[{"@type":"SearchAction","target":{"@type":"EntryPoint","urlTemplate":"https:\/\/www.kliinikum.ee\/naistekliinik\/?s={search_term_string}"},"query-input":{"@type":"PropertyValueSpecification","valueRequired":true,"valueName":"search_term_string"}}],"inLanguage":"et"}]}},"coauthors":[],"author_meta":{"author_link":"https:\/\/www.kliinikum.ee\/naistekliinik\/author\/haldur\/","display_name":"Haldur"},"relative_dates":{"created":"Posted 5 aastat ago","modified":"Updated 12 tundi ago"},"absolute_dates":{"created":"Posted on 30. dets. 2020","modified":"Updated on 28. apr. 2026"},"absolute_dates_time":{"created":"Posted on 30. dets. 2020 11:18","modified":"Updated on 28. apr. 2026 07:22"},"featured_img_caption":"","featured_img":false,"series_order":"","_links":{"self":[{"href":"https:\/\/www.kliinikum.ee\/naistekliinik\/wp-json\/wp\/v2\/pages\/1355","targetHints":{"allow":["GET"]}}],"collection":[{"href":"https:\/\/www.kliinikum.ee\/naistekliinik\/wp-json\/wp\/v2\/pages"}],"about":[{"href":"https:\/\/www.kliinikum.ee\/naistekliinik\/wp-json\/wp\/v2\/types\/page"}],"author":[{"embeddable":true,"href":"https:\/\/www.kliinikum.ee\/naistekliinik\/wp-json\/wp\/v2\/users\/11"}],"replies":[{"embeddable":true,"href":"https:\/\/www.kliinikum.ee\/naistekliinik\/wp-json\/wp\/v2\/comments?post=1355"}],"version-history":[{"count":1,"href":"https:\/\/www.kliinikum.ee\/naistekliinik\/wp-json\/wp\/v2\/pages\/1355\/revisions"}],"predecessor-version":[{"id":5302,"href":"https:\/\/www.kliinikum.ee\/naistekliinik\/wp-json\/wp\/v2\/pages\/1355\/revisions\/5302"}],"up":[{"embeddable":true,"href":"https:\/\/www.kliinikum.ee\/naistekliinik\/wp-json\/wp\/v2\/pages\/421"}],"wp:attachment":[{"href":"https:\/\/www.kliinikum.ee\/naistekliinik\/wp-json\/wp\/v2\/media?parent=1355"}],"curies":[{"name":"wp","href":"https:\/\/api.w.org\/{rel}","templated":true}]}}